{"id":819,"date":"2022-02-12T19:58:56","date_gmt":"2022-02-12T19:58:56","guid":{"rendered":"https:\/\/www.safinel.fr\/?page_id=819"},"modified":"2022-02-12T19:58:57","modified_gmt":"2022-02-12T19:58:57","slug":"foglie-di-lippia","status":"publish","type":"page","link":"https:\/\/www.safinel.fr\/it\/foglie-di-lippia\/","title":{"rendered":"I 5 benefici delle foglie di lippia"},"content":{"rendered":"<h1 class=\"wp-block-heading\" id=\"les-5-bienfaits-des-feuilles-de-lippia\">I 5 benefici delle foglie di lippia<\/h1>\n\n\n\n<p>Le foglie di Lippia, note anche come buluktu in Africa, si trovano principalmente nella savana africana allo stato naturale. In Occidente sono ancora poco conosciute. Eppure il t\u00e8 della savana ha molte virt\u00f9: fa bene al sistema nervoso e digestivo, disintossica e d\u00e0 energia, \u00e8 ottimo per il digiuno, ecc.&nbsp;<strong>Le foglie di lippia hanno pi\u00f9 di un asso nella manica.<\/strong><\/p>\n\n\n\n<p>Per saperne di pi\u00f9&nbsp;<strong>I benefici delle foglie di lippia<\/strong>&nbsp;Il 4 potrebbe sorprendervi!<\/p>\n\n\n\n<h2 class=\"wp-block-heading\" id=\"h-les-feuilles-de-lippia-riches-en-min-raux\">Foglie di Lippia: ricche di minerali<\/h2>\n\n\n\n<p>I benefici delle foglie africane non sono trascurabili. Sono incredibilmente ricche di minerali: potassio, calcio, fosforo, magnesio, ferro, ecc.<\/p>\n\n\n\n<p>Un t\u00e8 di bulukutu vi fornir\u00e0 quotidianamente un apporto imbattibile di minerali. La carenza di ferro \u00e8 sempre pi\u00f9 diffusa nella nostra societ\u00e0: le foglie di lippia sono un'alternativa interessante per combattere l'anemia.<\/p>\n\n\n\n<h2 class=\"wp-block-heading\" id=\"h-les-5-plus-grands-bienfaits-des-feuilles-de-lippia\">I 5 maggiori benefici delle foglie di lippia<\/h2>\n\n\n\n<h3 class=\"wp-block-heading\" id=\"h-bienfait-sur-le-syst-me-nerveux\">Benefico per il sistema nervoso<\/h3>\n\n\n\n<p>Il sistema nervoso svolge un ruolo fondamentale nella vita umana. Questo termine si riferisce a tutti i tessuti che controllano le funzioni vitali. Gestisce le informazioni sensoriali, coordina i muscoli e regola la funzione degli organi. Nell'uomo \u00e8 anche il ricettacolo delle emozioni e dell'intelletto.<\/p>\n\n\n\n<p>Potete quindi immaginare quanto il sistema nervoso sia chiamato in causa ogni giorno! I farmaci aiutano il sistema nervoso a funzionare correttamente. Quindi non privatene!<\/p>\n\n\n\n<h3 class=\"wp-block-heading\" id=\"h-vertu-des-feuilles-de-lippia-sur-le-syst-me-digestif\">Le virt\u00f9 delle foglie di lippia sull'apparato digerente<\/h3>\n\n\n\n<p>I benefici per l'apparato digerente sono molteplici:<\/p>\n\n\n\n<p>aiutano la digestione<br>Protezione e riequilibrio della flora intestinale<br>Aiuta a prevenire le ulcere<br>Antigonfiore e blandi lassativi<\/p>\n\n\n\n<p>Se soffrite di problemi digestivi, il t\u00e8 della savana fa per voi!<\/p>\n\n\n\n<h3 class=\"wp-block-heading\" id=\"h-ses-vertus-d-toxifiantes\">Le sue propriet\u00e0 disintossicanti<\/h3>\n\n\n\n<p>Il t\u00e8 Savannah \u00e8 noto per le sue propriet\u00e0 disintossicanti. Ci\u00f2 \u00e8 probabilmente dovuto al suo elevato contenuto di minerali. Libera l'organismo dalle tossine che si accumulano nel tempo e possono causare congestione. Aiuta a bruciare ed eliminare i grassi.<\/p>\n\n\n\n<p>Ecco perch\u00e9 il bulukutu \u00e8 ideale quando si cerca di riequilibrare la propria dieta.<\/p>\n\n\n\n<h3 class=\"wp-block-heading\" id=\"h-bienfaits-pendant-le-je-ne\">Benefici durante il digiuno<\/h3>\n\n\n\n<p>Il t\u00e8 di Savannah ha propriet\u00e0 di soppressione dell'appetito. Aiuta le persone a digiuno a sopportare il digiuno durante il giorno, frenando la fame. Combatte anche la sete!<\/p>\n\n\n\n<p>Il suo ricco contenuto di minerali aiuta a regolare l'appetito nel corso della giornata e garantisce un'idratazione uniforme durante il digiuno. Conoscete un'altra pianta che pu\u00f2 aiutarvi a digiunare? Il bulukutu \u00e8 unico!<\/p>\n\n\n\n<h3 class=\"wp-block-heading\" id=\"h-effet-nergisant-du-bulukutu\">L'effetto energizzante del bulukutu<\/h3>\n\n\n\n<p>Vi capita mai di soffrire di un attacco di pigrizia? E se le foglie di lippia diventassero il vostro alleato quotidiano?<\/p>\n\n\n\n<p>Il loro elevato contenuto di minerali - potassio, magnesio e ferro - \u00e8 un vero toccasana per l'organismo. Se soffrite di stanchezza cronica, mangiate regolarmente bulukutu per combattere la stanchezza.<\/p>\n\n\n\n<p><strong>Perch\u00e9 non approfittare subito dei benefici delle foglie di lippia? Non aspettate oltre!<\/strong><\/p>","protected":false},"excerpt":{"rendered":"<p>I 5 benefici delle foglie di lippia Le foglie di lippia, chiamate anche buluktu in Africa, si trovano principalmente nella savana africana allo stato naturale. Sono ancora poco conosciute in Occidente. Eppure, le virt\u00f9 del t\u00e8 della savana sono numerose: sistema nervoso, digestivo, disintossicante, energizzante, virt\u00f9 durante il digiuno... le foglie di lippia hanno pi\u00f9 di un [...]","protected":false},"author":1,"featured_media":0,"parent":0,"menu_order":0,"comment_status":"closed","ping_status":"closed","template":"","meta":{"footnotes":""},"class_list":["post-819","page","type-page","status-publish","hentry"],"yoast_head":"<!-- This site is optimized with the Yoast SEO plugin v26.6 - https:\/\/yoast.com\/wordpress\/plugins\/seo\/ -->\n<title>Feuilles de lippia | Appel\u00e9e buluktu en Afrique | Ses bienfaits<\/title>\n<meta name=\"description\" content=\"Les feuilles de lippia, aussi appel\u00e9e buluktu en Afrique, se trouve principalement dans la savane africaine \u00e0 l\u2019\u00e9tat naturel.\" \/>\n<meta name=\"robots\" content=\"index, follow, max-snippet:-1, max-image-preview:large, max-video-preview:-1\" \/>\n<link rel=\"canonical\" href=\"https:\/\/www.safinel.fr\/it\/foglie-di-lippia\/\" \/>\n<meta property=\"og:locale\" content=\"it_IT\" \/>\n<meta property=\"og:type\" content=\"article\" \/>\n<meta property=\"og:title\" content=\"Feuilles de lippia | Appel\u00e9e buluktu en Afrique | Ses bienfaits\" \/>\n<meta property=\"og:description\" content=\"Les feuilles de lippia, aussi appel\u00e9e buluktu en Afrique, se trouve principalement dans la savane africaine \u00e0 l\u2019\u00e9tat naturel.\" \/>\n<meta property=\"og:url\" content=\"https:\/\/www.safinel.fr\/it\/foglie-di-lippia\/\" \/>\n<meta property=\"og:site_name\" content=\"Safinel\" \/>\n<meta property=\"article:modified_time\" content=\"2022-02-12T19:58:57+00:00\" \/>\n<meta name=\"twitter:card\" content=\"summary_large_image\" \/>\n<meta name=\"twitter:label1\" content=\"Tempo di lettura stimato\" \/>\n\t<meta name=\"twitter:data1\" content=\"3 minuti\" \/>\n<script type=\"application\/ld+json\" class=\"yoast-schema-graph\">{\"@context\":\"https:\/\/schema.org\",\"@graph\":[{\"@type\":\"WebPage\",\"@id\":\"https:\/\/www.safinel.fr\/feuilles-de-lippia\/\",\"url\":\"https:\/\/www.safinel.fr\/feuilles-de-lippia\/\",\"name\":\"Feuilles de lippia | Appel\u00e9e buluktu en Afrique | Ses bienfaits\",\"isPartOf\":{\"@id\":\"https:\/\/www.safinel.fr\/#website\"},\"datePublished\":\"2022-02-12T19:58:56+00:00\",\"dateModified\":\"2022-02-12T19:58:57+00:00\",\"description\":\"Les feuilles de lippia, aussi appel\u00e9e buluktu en Afrique, se trouve principalement dans la savane africaine \u00e0 l\u2019\u00e9tat naturel.\",\"breadcrumb\":{\"@id\":\"https:\/\/www.safinel.fr\/feuilles-de-lippia\/#breadcrumb\"},\"inLanguage\":\"it-IT\",\"potentialAction\":[{\"@type\":\"ReadAction\",\"target\":[\"https:\/\/www.safinel.fr\/feuilles-de-lippia\/\"]}]},{\"@type\":\"BreadcrumbList\",\"@id\":\"https:\/\/www.safinel.fr\/feuilles-de-lippia\/#breadcrumb\",\"itemListElement\":[{\"@type\":\"ListItem\",\"position\":1,\"name\":\"Accueil\",\"item\":\"https:\/\/www.safinel.fr\/\"},{\"@type\":\"ListItem\",\"position\":2,\"name\":\"Les 5 bienfaits des feuilles de lippia\"}]},{\"@type\":\"WebSite\",\"@id\":\"https:\/\/www.safinel.fr\/#website\",\"url\":\"https:\/\/www.safinel.fr\/\",\"name\":\"Safinel\",\"description\":\"\",\"publisher\":{\"@id\":\"https:\/\/www.safinel.fr\/#organization\"},\"potentialAction\":[{\"@type\":\"SearchAction\",\"target\":{\"@type\":\"EntryPoint\",\"urlTemplate\":\"https:\/\/www.safinel.fr\/?s={search_term_string}\"},\"query-input\":{\"@type\":\"PropertyValueSpecification\",\"valueRequired\":true,\"valueName\":\"search_term_string\"}}],\"inLanguage\":\"it-IT\"},{\"@type\":\"Organization\",\"@id\":\"https:\/\/www.safinel.fr\/#organization\",\"name\":\"Safinel\",\"url\":\"https:\/\/www.safinel.fr\/\",\"logo\":{\"@type\":\"ImageObject\",\"inLanguage\":\"it-IT\",\"@id\":\"https:\/\/www.safinel.fr\/#\/schema\/logo\/image\/\",\"url\":\"https:\/\/www.safinel.fr\/wp-content\/uploads\/2021\/05\/boutique-cosmetique.png\",\"contentUrl\":\"https:\/\/www.safinel.fr\/wp-content\/uploads\/2021\/05\/boutique-cosmetique.png\",\"width\":800,\"height\":200,\"caption\":\"Safinel\"},\"image\":{\"@id\":\"https:\/\/www.safinel.fr\/#\/schema\/logo\/image\/\"}}]}<\/script>\n<!-- \/ Yoast SEO plugin. -->","yoast_head_json":{"title":"Foglie di Lippia | Chiamato buluktu in Africa | Benefici","description":"Le foglie di lippia, note anche come buluktu in Africa, si trovano principalmente nella savana africana allo stato naturale.","robots":{"index":"index","follow":"follow","max-snippet":"max-snippet:-1","max-image-preview":"max-image-preview:large","max-video-preview":"max-video-preview:-1"},"canonical":"https:\/\/www.safinel.fr\/it\/foglie-di-lippia\/","og_locale":"it_IT","og_type":"article","og_title":"Feuilles de lippia | Appel\u00e9e buluktu en Afrique | Ses bienfaits","og_description":"Les feuilles de lippia, aussi appel\u00e9e buluktu en Afrique, se trouve principalement dans la savane africaine \u00e0 l\u2019\u00e9tat naturel.","og_url":"https:\/\/www.safinel.fr\/it\/foglie-di-lippia\/","og_site_name":"Safinel","article_modified_time":"2022-02-12T19:58:57+00:00","twitter_card":"summary_large_image","twitter_misc":{"Tempo di lettura stimato":"3 minuti"},"schema":{"@context":"https:\/\/schema.org","@graph":[{"@type":"WebPage","@id":"https:\/\/www.safinel.fr\/feuilles-de-lippia\/","url":"https:\/\/www.safinel.fr\/feuilles-de-lippia\/","name":"Foglie di Lippia | Chiamato buluktu in Africa | Benefici","isPartOf":{"@id":"https:\/\/www.safinel.fr\/#website"},"datePublished":"2022-02-12T19:58:56+00:00","dateModified":"2022-02-12T19:58:57+00:00","description":"Le foglie di lippia, note anche come buluktu in Africa, si trovano principalmente nella savana africana allo stato naturale.","breadcrumb":{"@id":"https:\/\/www.safinel.fr\/feuilles-de-lippia\/#breadcrumb"},"inLanguage":"it-IT","potentialAction":[{"@type":"ReadAction","target":["https:\/\/www.safinel.fr\/feuilles-de-lippia\/"]}]},{"@type":"BreadcrumbList","@id":"https:\/\/www.safinel.fr\/feuilles-de-lippia\/#breadcrumb","itemListElement":[{"@type":"ListItem","position":1,"name":"Accueil","item":"https:\/\/www.safinel.fr\/"},{"@type":"ListItem","position":2,"name":"Les 5 bienfaits des feuilles de lippia"}]},{"@type":"WebSite","@id":"https:\/\/www.safinel.fr\/#website","url":"https:\/\/www.safinel.fr\/","name":"Safinel","description":"","publisher":{"@id":"https:\/\/www.safinel.fr\/#organization"},"potentialAction":[{"@type":"SearchAction","target":{"@type":"EntryPoint","urlTemplate":"https:\/\/www.safinel.fr\/?s={search_term_string}"},"query-input":{"@type":"PropertyValueSpecification","valueRequired":true,"valueName":"search_term_string"}}],"inLanguage":"it-IT"},{"@type":"Organization","@id":"https:\/\/www.safinel.fr\/#organization","name":"Safinel","url":"https:\/\/www.safinel.fr\/","logo":{"@type":"ImageObject","inLanguage":"it-IT","@id":"https:\/\/www.safinel.fr\/#\/schema\/logo\/image\/","url":"https:\/\/www.safinel.fr\/wp-content\/uploads\/2021\/05\/boutique-cosmetique.png","contentUrl":"https:\/\/www.safinel.fr\/wp-content\/uploads\/2021\/05\/boutique-cosmetique.png","width":800,"height":200,"caption":"Safinel"},"image":{"@id":"https:\/\/www.safinel.fr\/#\/schema\/logo\/image\/"}}]}},"_links":{"self":[{"href":"https:\/\/www.safinel.fr\/it\/wp-json\/wp\/v2\/pages\/819","targetHints":{"allow":["GET"]}}],"collection":[{"href":"https:\/\/www.safinel.fr\/it\/wp-json\/wp\/v2\/pages"}],"about":[{"href":"https:\/\/www.safinel.fr\/it\/wp-json\/wp\/v2\/types\/page"}],"author":[{"embeddable":true,"href":"https:\/\/www.safinel.fr\/it\/wp-json\/wp\/v2\/users\/1"}],"replies":[{"embeddable":true,"href":"https:\/\/www.safinel.fr\/it\/wp-json\/wp\/v2\/comments?post=819"}],"version-history":[{"count":1,"href":"https:\/\/www.safinel.fr\/it\/wp-json\/wp\/v2\/pages\/819\/revisions"}],"predecessor-version":[{"id":820,"href":"https:\/\/www.safinel.fr\/it\/wp-json\/wp\/v2\/pages\/819\/revisions\/820"}],"wp:attachment":[{"href":"https:\/\/www.safinel.fr\/it\/wp-json\/wp\/v2\/media?parent=819"}],"curies":[{"name":"wp","href":"https:\/\/api.w.org\/{rel}","templated":true}]}}