{"id":815,"date":"2022-02-12T19:50:13","date_gmt":"2022-02-12T19:50:13","guid":{"rendered":"https:\/\/www.safinel.fr\/?page_id=815"},"modified":"2023-01-31T17:37:43","modified_gmt":"2023-01-31T17:37:43","slug":"bissap","status":"publish","type":"page","link":"https:\/\/www.safinel.fr\/it\/bissap\/","title":{"rendered":"6 benefici del bissap per la salute"},"content":{"rendered":"<h1>6 benefici del bissap per la salute<\/h1>\n<p>Il bissap, noto anche come ibisco, \u00e8 molto popolare nell'Africa subsahariana. E per una buona ragione! <strong>L'ibisco \u00e8 una pianta dalle molteplici virt\u00f9<\/strong>\u00a0I benefici sono molteplici: rafforzamento del sistema immunitario, ipertensione, benefici per il sistema urinario, obesit\u00e0, effetti analgesici, antiossidanti e antidepressivi. <strong>Bissap non ha detto l'ultima parola<\/strong>\u00a0!<\/p>\n<p>Scoprite con noi i 6 benefici del bissap per la salute. Se siete donne, il sesto vi piacer\u00e0!<\/p>\n<h2>I benefici del bissap per il sistema immunitario<\/h2>\n<p><strong>Bissap \u00e8 un concentrato di vitamine<\/strong>. Composto da vitamine B2, B3, C e ferro, il bissap combatte l'invecchiamento della pelle e lo stress ossidativo: \u00e8 stato infatti dimostrato che \u00e8 uno dei migliori antiossidanti naturali! Ha anche un effetto tonificante e propriet\u00e0 antisettiche.<\/p>\n<p>Il consumo regolare di bissap (senza zucchero!) rafforza il sistema immunitario nel suo complesso. Bevetelo senza moderazione!<\/p>\n<h2>I benefici dell'ibisco sulla pressione sanguigna<\/h2>\n<p>Alcuni studi hanno dimostrato che l'ibisco ha <strong>propriet\u00e0 ipotensive<\/strong> non insignificante!<\/p>\n<p>L'ipertensione arteriosa pu\u00f2 essere pericolosa: se prolungata e grave, pu\u00f2 portare a problemi cardiaci o a un ictus.<\/p>\n<p>Bere 3 infusi di bissap al giorno riduce significativamente la pressione sanguigna. Prima di ricorrere ai farmaci, o peggio, pensate al bissap! Se l'ipertensione \u00e8 reale e gi\u00e0 consolidata, vi consigliamo di consultare un medico il prima possibile.<\/p>\n<h2>Bissap e il sistema urinario<\/h2>\n<p>L'impianto ha anche <strong>effetti diuretici<\/strong>. I naturopati lo raccomandano per il trattamento delle infezioni del tratto urinario e dei calcoli renali. Le sue propriet\u00e0 sono state riconosciute dall'Autorit\u00e0 europea per la sicurezza alimentare.<\/p>\n<p>L'azione disintossicante del bissap vi aiuter\u00e0 a evitare complicazioni al sistema urinario. Non privatevene!<\/p>\n<h2>L'ibisco: una pianta dalle propriet\u00e0 antiossidanti e antidepressive<\/h2>\n<p>Il Bissap \u00e8 un tesoro. Analgesico, antiossidante e persino antidepressivo!<\/p>\n<p>L'ibisco ha battuto il t\u00e8 verde in uno studio sulle piante con propriet\u00e0 antiossidanti. Stress, inquinamento, malnutrizione e invecchiamento sono tutti fattori che innescano la produzione di radicali liberi. Questi radicali liberi sono la causa di molte malattie, tra cui alcuni tipi di cancro.<\/p>\n<p>Gli antiossidanti combattono attivamente contro di loro e i loro effetti nocivi. Mangiando bissap, aiutate il vostro corpo a reagire!<\/p>\n<h2>I benefici del bissap sull'obesit\u00e0<\/h2>\n<p>Bissap aumenta il tasso metabolico basale: in sintesi, aiuta a <a href=\"https:\/\/www.safinel.fr\/it\/kinkeliba\/\"><strong>bruciare calorie<\/strong><\/a>, senza fare altro. Inoltre, gli studi tendono a dimostrare che impedisce l'assimilazione di amidi e saccarosio e quindi l'accumulo di grassi!<\/p>\n<p>In breve, l'ibisco \u00e8 il vostro alleato per il dimagrimento.<\/p>\n<h2>Ibisco: niente pi\u00f9 mestruazioni dolorose!<\/h2>\n<p>Questo \u00e8 quello che non vi aspettavate! Il Bissap ha effetti analgesici (antidolorifici) e rilassanti sulla muscolatura uterina.<\/p>\n<p>Se assunto regolarmente, riduce profondamente il dolore del ciclo mestruale e contribuisce a rendere le mestruazioni meno dolorose a lungo termine. Quando siete in agonia, l'ibisco vi aiuter\u00e0 ad alleviare i sintomi.<\/p>\n<p><strong>Perch\u00e9 non iniziare subito a usare bissap?<\/strong><\/p>","protected":false},"excerpt":{"rendered":"<p>6 bienfaits du bissap sur la sant\u00e9 Le bissap, aussi appel\u00e9 hibiscus, est tr\u00e8s populaire en Afrique subsaharienne. Et pour cause\u00a0! L\u2019hibiscus est une plante aux multiples vertus\u00a0: renforcement du syst\u00e8me immunitaire, l\u2019hypertension, bienfaits sur le syst\u00e8me urinaire, l\u2019ob\u00e9sit\u00e9, des effets antalgiques, antioxydants et antid\u00e9presseurs. Le bissap n\u2019a pas dit son dernier mot\u00a0! D\u00e9couvrez avec [&#8230;]","protected":false},"author":1,"featured_media":0,"parent":0,"menu_order":0,"comment_status":"closed","ping_status":"closed","template":"","meta":{"footnotes":""},"class_list":["post-815","page","type-page","status-publish","hentry"],"yoast_head":"<!-- This site is optimized with the Yoast SEO plugin v26.6 - https:\/\/yoast.com\/wordpress\/plugins\/seo\/ -->\n<title>Bissap | D\u00e9couvrez 6 bienfaits pour la sant\u00e9<\/title>\n<meta name=\"description\" content=\"Le bissap, aussi appel\u00e9 hibiscus, est tr\u00e8s populaire en Afrique subsaharienne. Et pour cause\u00a0! L\u2019hibiscus est une plante aux multiples vertus\" \/>\n<meta name=\"robots\" content=\"index, follow, max-snippet:-1, max-image-preview:large, max-video-preview:-1\" \/>\n<link rel=\"canonical\" href=\"https:\/\/www.safinel.fr\/it\/bissap\/\" \/>\n<meta property=\"og:locale\" content=\"it_IT\" \/>\n<meta property=\"og:type\" content=\"article\" \/>\n<meta property=\"og:title\" content=\"Bissap | D\u00e9couvrez 6 bienfaits pour la sant\u00e9\" \/>\n<meta property=\"og:description\" content=\"Le bissap, aussi appel\u00e9 hibiscus, est tr\u00e8s populaire en Afrique subsaharienne. Et pour cause\u00a0! L\u2019hibiscus est une plante aux multiples vertus\" \/>\n<meta property=\"og:url\" content=\"https:\/\/www.safinel.fr\/it\/bissap\/\" \/>\n<meta property=\"og:site_name\" content=\"Safinel\" \/>\n<meta property=\"article:modified_time\" content=\"2023-01-31T17:37:43+00:00\" \/>\n<meta name=\"twitter:card\" content=\"summary_large_image\" \/>\n<meta name=\"twitter:label1\" content=\"Tempo di lettura stimato\" \/>\n\t<meta name=\"twitter:data1\" content=\"3 minuti\" \/>\n<script type=\"application\/ld+json\" class=\"yoast-schema-graph\">{\"@context\":\"https:\/\/schema.org\",\"@graph\":[{\"@type\":\"WebPage\",\"@id\":\"https:\/\/www.safinel.fr\/bissap\/\",\"url\":\"https:\/\/www.safinel.fr\/bissap\/\",\"name\":\"Bissap | D\u00e9couvrez 6 bienfaits pour la sant\u00e9\",\"isPartOf\":{\"@id\":\"https:\/\/www.safinel.fr\/#website\"},\"datePublished\":\"2022-02-12T19:50:13+00:00\",\"dateModified\":\"2023-01-31T17:37:43+00:00\",\"description\":\"Le bissap, aussi appel\u00e9 hibiscus, est tr\u00e8s populaire en Afrique subsaharienne. Et pour cause\u00a0! L\u2019hibiscus est une plante aux multiples vertus\",\"breadcrumb\":{\"@id\":\"https:\/\/www.safinel.fr\/bissap\/#breadcrumb\"},\"inLanguage\":\"it-IT\",\"potentialAction\":[{\"@type\":\"ReadAction\",\"target\":[\"https:\/\/www.safinel.fr\/bissap\/\"]}]},{\"@type\":\"BreadcrumbList\",\"@id\":\"https:\/\/www.safinel.fr\/bissap\/#breadcrumb\",\"itemListElement\":[{\"@type\":\"ListItem\",\"position\":1,\"name\":\"Accueil\",\"item\":\"https:\/\/www.safinel.fr\/\"},{\"@type\":\"ListItem\",\"position\":2,\"name\":\"6 bienfaits du bissap sur la sant\u00e9\"}]},{\"@type\":\"WebSite\",\"@id\":\"https:\/\/www.safinel.fr\/#website\",\"url\":\"https:\/\/www.safinel.fr\/\",\"name\":\"Safinel\",\"description\":\"\",\"publisher\":{\"@id\":\"https:\/\/www.safinel.fr\/#organization\"},\"potentialAction\":[{\"@type\":\"SearchAction\",\"target\":{\"@type\":\"EntryPoint\",\"urlTemplate\":\"https:\/\/www.safinel.fr\/?s={search_term_string}\"},\"query-input\":{\"@type\":\"PropertyValueSpecification\",\"valueRequired\":true,\"valueName\":\"search_term_string\"}}],\"inLanguage\":\"it-IT\"},{\"@type\":\"Organization\",\"@id\":\"https:\/\/www.safinel.fr\/#organization\",\"name\":\"Safinel\",\"url\":\"https:\/\/www.safinel.fr\/\",\"logo\":{\"@type\":\"ImageObject\",\"inLanguage\":\"it-IT\",\"@id\":\"https:\/\/www.safinel.fr\/#\/schema\/logo\/image\/\",\"url\":\"https:\/\/www.safinel.fr\/wp-content\/uploads\/2021\/05\/boutique-cosmetique.png\",\"contentUrl\":\"https:\/\/www.safinel.fr\/wp-content\/uploads\/2021\/05\/boutique-cosmetique.png\",\"width\":800,\"height\":200,\"caption\":\"Safinel\"},\"image\":{\"@id\":\"https:\/\/www.safinel.fr\/#\/schema\/logo\/image\/\"}}]}<\/script>\n<!-- \/ Yoast SEO plugin. -->","yoast_head_json":{"title":"Bissap | Scopri 6 benefici per la salute","description":"Il bissap, noto anche come ibisco, \u00e8 molto popolare nell'Africa subsahariana. E per una buona ragione! L'ibisco \u00e8 una pianta dalle numerose virt\u00f9","robots":{"index":"index","follow":"follow","max-snippet":"max-snippet:-1","max-image-preview":"max-image-preview:large","max-video-preview":"max-video-preview:-1"},"canonical":"https:\/\/www.safinel.fr\/it\/bissap\/","og_locale":"it_IT","og_type":"article","og_title":"Bissap | D\u00e9couvrez 6 bienfaits pour la sant\u00e9","og_description":"Le bissap, aussi appel\u00e9 hibiscus, est tr\u00e8s populaire en Afrique subsaharienne. Et pour cause\u00a0! L\u2019hibiscus est une plante aux multiples vertus","og_url":"https:\/\/www.safinel.fr\/it\/bissap\/","og_site_name":"Safinel","article_modified_time":"2023-01-31T17:37:43+00:00","twitter_card":"summary_large_image","twitter_misc":{"Tempo di lettura stimato":"3 minuti"},"schema":{"@context":"https:\/\/schema.org","@graph":[{"@type":"WebPage","@id":"https:\/\/www.safinel.fr\/bissap\/","url":"https:\/\/www.safinel.fr\/bissap\/","name":"Bissap | Scopri 6 benefici per la salute","isPartOf":{"@id":"https:\/\/www.safinel.fr\/#website"},"datePublished":"2022-02-12T19:50:13+00:00","dateModified":"2023-01-31T17:37:43+00:00","description":"Il bissap, noto anche come ibisco, \u00e8 molto popolare nell'Africa subsahariana. E per una buona ragione! L'ibisco \u00e8 una pianta dalle numerose virt\u00f9","breadcrumb":{"@id":"https:\/\/www.safinel.fr\/bissap\/#breadcrumb"},"inLanguage":"it-IT","potentialAction":[{"@type":"ReadAction","target":["https:\/\/www.safinel.fr\/bissap\/"]}]},{"@type":"BreadcrumbList","@id":"https:\/\/www.safinel.fr\/bissap\/#breadcrumb","itemListElement":[{"@type":"ListItem","position":1,"name":"Accueil","item":"https:\/\/www.safinel.fr\/"},{"@type":"ListItem","position":2,"name":"6 bienfaits du bissap sur la sant\u00e9"}]},{"@type":"WebSite","@id":"https:\/\/www.safinel.fr\/#website","url":"https:\/\/www.safinel.fr\/","name":"Safinel","description":"","publisher":{"@id":"https:\/\/www.safinel.fr\/#organization"},"potentialAction":[{"@type":"SearchAction","target":{"@type":"EntryPoint","urlTemplate":"https:\/\/www.safinel.fr\/?s={search_term_string}"},"query-input":{"@type":"PropertyValueSpecification","valueRequired":true,"valueName":"search_term_string"}}],"inLanguage":"it-IT"},{"@type":"Organization","@id":"https:\/\/www.safinel.fr\/#organization","name":"Safinel","url":"https:\/\/www.safinel.fr\/","logo":{"@type":"ImageObject","inLanguage":"it-IT","@id":"https:\/\/www.safinel.fr\/#\/schema\/logo\/image\/","url":"https:\/\/www.safinel.fr\/wp-content\/uploads\/2021\/05\/boutique-cosmetique.png","contentUrl":"https:\/\/www.safinel.fr\/wp-content\/uploads\/2021\/05\/boutique-cosmetique.png","width":800,"height":200,"caption":"Safinel"},"image":{"@id":"https:\/\/www.safinel.fr\/#\/schema\/logo\/image\/"}}]}},"_links":{"self":[{"href":"https:\/\/www.safinel.fr\/it\/wp-json\/wp\/v2\/pages\/815","targetHints":{"allow":["GET"]}}],"collection":[{"href":"https:\/\/www.safinel.fr\/it\/wp-json\/wp\/v2\/pages"}],"about":[{"href":"https:\/\/www.safinel.fr\/it\/wp-json\/wp\/v2\/types\/page"}],"author":[{"embeddable":true,"href":"https:\/\/www.safinel.fr\/it\/wp-json\/wp\/v2\/users\/1"}],"replies":[{"embeddable":true,"href":"https:\/\/www.safinel.fr\/it\/wp-json\/wp\/v2\/comments?post=815"}],"version-history":[{"count":3,"href":"https:\/\/www.safinel.fr\/it\/wp-json\/wp\/v2\/pages\/815\/revisions"}],"predecessor-version":[{"id":4415,"href":"https:\/\/www.safinel.fr\/it\/wp-json\/wp\/v2\/pages\/815\/revisions\/4415"}],"wp:attachment":[{"href":"https:\/\/www.safinel.fr\/it\/wp-json\/wp\/v2\/media?parent=815"}],"curies":[{"name":"wp","href":"https:\/\/api.w.org\/{rel}","templated":true}]}}