{"id":813,"date":"2022-02-12T19:44:43","date_gmt":"2022-02-12T19:44:43","guid":{"rendered":"https:\/\/www.safinel.fr\/?page_id=813"},"modified":"2023-03-08T15:22:00","modified_gmt":"2023-03-08T15:22:00","slug":"kinkeliba","status":"publish","type":"page","link":"https:\/\/www.safinel.fr\/it\/kinkeliba\/","title":{"rendered":"I benefici del Kinkeliba: la tisana africana di lunga vita"},"content":{"rendered":"<h1>I benefici del Kinkeliba: la tisana africana di lunga vita<\/h1>\nPoco conosciuta in Occidente, la kinkeliba \u00e8 una pianta originaria dell'Africa occidentale. Utilizzata da secoli nella medicina africana, possiede virt\u00f9 sorprendenti, che le hanno fatto guadagnare il soprannome di <strong>tisana a lunga conservazione<\/strong>.\n\nRiduzione della pressione sanguigna, diuretico, antidiabetico, antiossidante, dimagrante... la kinkeliba ha qualcosa da sorprendere. <strong>Venite a scoprire questa pianta dalle virt\u00f9 inestimabili!<\/strong>\n<h2>Kinkeliba: benefici per la pressione sanguigna<\/h2>\nL'ipertensione \u00e8 un fenomeno comune in Europa. Lo stress, la dieta e l'ereditariet\u00e0 sono tutti fattori che ne favoriscono lo sviluppo. La quinqu\u00e9liba ha propriet\u00e0 ipertensive.\n\nSono stati condotti studi su pazienti affetti da ipertensione. Dopo 4 settimane di trattamento con una capsula di polvere di pianta di kinkeliba, la loro pressione sanguigna normale \u00e8 stata ripristinata.\n<h2>Tisana di lunga vita: propriet\u00e0 diuretiche<\/h2>\nQuesta \u00e8 certamente la sua virt\u00f9 pi\u00f9 nota. Si pensa che la sua concentrazione di nitrato di potassio e di flavonoidi sia all'origine della sua <strong>propriet\u00e0 diuretiche.<\/strong>\n\nFavorendo la produzione e l'eliminazione dell'urina, tende a favorire l'eliminazione del sodio dall'organismo. L'eccesso di sodio \u00e8 considerato particolarmente dannoso per l'organismo.\n\nI diuretici hanno un impatto su condizioni quali <strong>insufficienza renale e insufficienza cardiaca.<\/strong> Quindi kinkeliba pu\u00f2 aiutarvi a combatterlo.\n\nMa attenzione: <strong>l'assunzione di quinqu\u00e9liba non esime dal consiglio medico e da un trattamento adeguato.<\/strong>\n<h2>I benefici della kinkeliba per il diabete<\/h2>\nIl diabete \u00e8 caratterizzato da un eccesso di zuccheri nel sangue e da un'intolleranza al glucosio. Per questo motivo, i diabetici devono monitorare costantemente i loro livelli di glucosio. Le persone affette da questa patologia vi diranno: il diabete \u00e8 pi\u00f9 di un handicap nella vita quotidiana.\n\n<strong>Kinkeliba riduce i livelli di glucosio nel sangue e pu\u00f2 persino aumentare la tolleranza al glucosio.<\/strong>. Ci\u00f2 la rende un importante alleato nella lotta contro il diabete. Gli studi tendono a dimostrare che 7 settimane di assunzione di quinqu\u00e9liba aumentano la tolleranza al glucosio.\n<h2>Le virt\u00f9 antiossidanti delle tisane a lunga conservazione<\/h2>\nI radicali liberi causano l'invecchiamento delle cellule e hanno effetti dannosi sull'organismo. Sono causati da stress, invecchiamento, inquinamento e altri fattori esterni. <strong>Gli antiossidanti combattono gli effetti nocivi dei radicali liberi<\/strong>. Agiscono come una barriera antiproiettile per l'organismo, aiutando a evitare gravi problemi di salute.\n\nLa kinkeliba contiene composti attivi, in particolare flavonoidi. Questi agiscono come antiossidanti per l'organismo. La pianta pu\u00f2 quindi essere utilizzata nel trattamento di varie patologie legate ai radicali liberi.\n<h3>La kinkeliba \u00e8 una pianta dimagrante?<\/h3>\nTradizionalmente, la tisana a lunga conservazione \u00e8 considerata un ottimo <a href=\"https:\/\/www.safinel.fr\/it\/prodotto\/gambi-di-ciliegio\/\"><strong>alleato del dimagrimento<\/strong><\/a>.\n\nStudi contrari. Uno studio sugli effetti della kinkeliba sul grasso corporeo non ha mostrato alcun effetto significativo.\n\nTuttavia, le sue propriet\u00e0 diuretiche facilitano la decongestione dell'organismo e riducono il rischio di diarrea. <strong>combatte la ritenzione idrica.<\/strong> Con il corpo depurato e alleggerito dall'acqua, \u00e8 pi\u00f9 facile eliminare i chili di troppo!\n\n<strong>Adottare la kinkeliba quotidianamente significa trarre vantaggio da una pianta dalle molte virt\u00f9 ancestrali! Chi \u00e8 il prossimo?<\/strong>","protected":false},"excerpt":{"rendered":"<p>Les bienfaits du Kinkeliba&nbsp;: la tisane de longue vie africaine M\u00e9connu en occident, le kinkeliba est une plante originaire d\u2019Afrique de l\u2019Ouest. Utilis\u00e9e depuis des si\u00e8cles dans la m\u00e9decine africaine, elle poss\u00e8de des vertus \u00e9tonnantes, ce qui lui a conf\u00e9r\u00e9 ce surnom de tisane de longue vie. R\u00e9duction de la pression art\u00e9rielle, diur\u00e9tique, vertus sur [&#8230;]","protected":false},"author":1,"featured_media":0,"parent":0,"menu_order":0,"comment_status":"closed","ping_status":"closed","template":"","meta":{"footnotes":""},"class_list":["post-813","page","type-page","status-publish","hentry"],"yoast_head":"<!-- This site is optimized with the Yoast SEO plugin v26.6 - https:\/\/yoast.com\/wordpress\/plugins\/seo\/ -->\n<title>Kinkeliba | Bienfaits nombreux | Id\u00e9al pour la perte de poids<\/title>\n<meta name=\"description\" content=\"M\u00e9connu en occident, le kinkeliba est une plante originaire d\u2019Afrique de l\u2019Ouest. Utilis\u00e9e depuis des si\u00e8cles dans la m\u00e9decine africaine.\" \/>\n<meta name=\"robots\" content=\"index, follow, max-snippet:-1, max-image-preview:large, max-video-preview:-1\" \/>\n<link rel=\"canonical\" href=\"https:\/\/www.safinel.fr\/it\/prodotto\/foglie-di-kinkeliba\/\" \/>\n<meta property=\"og:locale\" content=\"it_IT\" \/>\n<meta property=\"og:type\" content=\"article\" \/>\n<meta property=\"og:title\" content=\"Kinkeliba | Bienfaits nombreux | Id\u00e9al pour la perte de poids\" \/>\n<meta property=\"og:description\" content=\"M\u00e9connu en occident, le kinkeliba est une plante originaire d\u2019Afrique de l\u2019Ouest. Utilis\u00e9e depuis des si\u00e8cles dans la m\u00e9decine africaine.\" \/>\n<meta property=\"og:url\" content=\"https:\/\/www.safinel.fr\/it\/prodotto\/foglie-di-kinkeliba\/\" \/>\n<meta property=\"og:site_name\" content=\"Safinel\" \/>\n<meta property=\"article:modified_time\" content=\"2023-03-08T15:22:00+00:00\" \/>\n<meta name=\"twitter:card\" content=\"summary_large_image\" \/>\n<meta name=\"twitter:label1\" content=\"Tempo di lettura stimato\" \/>\n\t<meta name=\"twitter:data1\" content=\"3 minuti\" \/>\n<script type=\"application\/ld+json\" class=\"yoast-schema-graph\">{\"@context\":\"https:\/\/schema.org\",\"@graph\":[{\"@type\":\"WebPage\",\"@id\":\"https:\/\/www.safinel.fr\/kinkeliba\/\",\"url\":\"https:\/\/www.safinel.fr\/produit\/feuilles-de-kinkeliba\/\",\"name\":\"Kinkeliba | Bienfaits nombreux | Id\u00e9al pour la perte de poids\",\"isPartOf\":{\"@id\":\"https:\/\/www.safinel.fr\/#website\"},\"datePublished\":\"2022-02-12T19:44:43+00:00\",\"dateModified\":\"2023-03-08T15:22:00+00:00\",\"description\":\"M\u00e9connu en occident, le kinkeliba est une plante originaire d\u2019Afrique de l\u2019Ouest. Utilis\u00e9e depuis des si\u00e8cles dans la m\u00e9decine africaine.\",\"breadcrumb\":{\"@id\":\"https:\/\/www.safinel.fr\/produit\/feuilles-de-kinkeliba\/#breadcrumb\"},\"inLanguage\":\"it-IT\",\"potentialAction\":[{\"@type\":\"ReadAction\",\"target\":[\"https:\/\/www.safinel.fr\/produit\/feuilles-de-kinkeliba\/\"]}]},{\"@type\":\"BreadcrumbList\",\"@id\":\"https:\/\/www.safinel.fr\/produit\/feuilles-de-kinkeliba\/#breadcrumb\",\"itemListElement\":[{\"@type\":\"ListItem\",\"position\":1,\"name\":\"Accueil\",\"item\":\"https:\/\/www.safinel.fr\/\"},{\"@type\":\"ListItem\",\"position\":2,\"name\":\"Les bienfaits du Kinkeliba\u00a0: la tisane de longue vie africaine\"}]},{\"@type\":\"WebSite\",\"@id\":\"https:\/\/www.safinel.fr\/#website\",\"url\":\"https:\/\/www.safinel.fr\/\",\"name\":\"Safinel\",\"description\":\"\",\"publisher\":{\"@id\":\"https:\/\/www.safinel.fr\/#organization\"},\"potentialAction\":[{\"@type\":\"SearchAction\",\"target\":{\"@type\":\"EntryPoint\",\"urlTemplate\":\"https:\/\/www.safinel.fr\/?s={search_term_string}\"},\"query-input\":{\"@type\":\"PropertyValueSpecification\",\"valueRequired\":true,\"valueName\":\"search_term_string\"}}],\"inLanguage\":\"it-IT\"},{\"@type\":\"Organization\",\"@id\":\"https:\/\/www.safinel.fr\/#organization\",\"name\":\"Safinel\",\"url\":\"https:\/\/www.safinel.fr\/\",\"logo\":{\"@type\":\"ImageObject\",\"inLanguage\":\"it-IT\",\"@id\":\"https:\/\/www.safinel.fr\/#\/schema\/logo\/image\/\",\"url\":\"https:\/\/www.safinel.fr\/wp-content\/uploads\/2021\/05\/boutique-cosmetique.png\",\"contentUrl\":\"https:\/\/www.safinel.fr\/wp-content\/uploads\/2021\/05\/boutique-cosmetique.png\",\"width\":800,\"height\":200,\"caption\":\"Safinel\"},\"image\":{\"@id\":\"https:\/\/www.safinel.fr\/#\/schema\/logo\/image\/\"}}]}<\/script>\n<!-- \/ Yoast SEO plugin. -->","yoast_head_json":{"title":"Kinkeliba | Numerosi benefici | Ideale per la perdita di peso","description":"Poco conosciuta in Occidente, la kinkeliba \u00e8 una pianta originaria dell'Africa occidentale. \u00c8 stata utilizzata per secoli nella medicina africana.","robots":{"index":"index","follow":"follow","max-snippet":"max-snippet:-1","max-image-preview":"max-image-preview:large","max-video-preview":"max-video-preview:-1"},"canonical":"https:\/\/www.safinel.fr\/it\/prodotto\/foglie-di-kinkeliba\/","og_locale":"it_IT","og_type":"article","og_title":"Kinkeliba | Bienfaits nombreux | Id\u00e9al pour la perte de poids","og_description":"M\u00e9connu en occident, le kinkeliba est une plante originaire d\u2019Afrique de l\u2019Ouest. Utilis\u00e9e depuis des si\u00e8cles dans la m\u00e9decine africaine.","og_url":"https:\/\/www.safinel.fr\/it\/prodotto\/foglie-di-kinkeliba\/","og_site_name":"Safinel","article_modified_time":"2023-03-08T15:22:00+00:00","twitter_card":"summary_large_image","twitter_misc":{"Tempo di lettura stimato":"3 minuti"},"schema":{"@context":"https:\/\/schema.org","@graph":[{"@type":"WebPage","@id":"https:\/\/www.safinel.fr\/kinkeliba\/","url":"https:\/\/www.safinel.fr\/produit\/feuilles-de-kinkeliba\/","name":"Kinkeliba | Numerosi benefici | Ideale per la perdita di peso","isPartOf":{"@id":"https:\/\/www.safinel.fr\/#website"},"datePublished":"2022-02-12T19:44:43+00:00","dateModified":"2023-03-08T15:22:00+00:00","description":"Poco conosciuta in Occidente, la kinkeliba \u00e8 una pianta originaria dell'Africa occidentale. \u00c8 stata utilizzata per secoli nella medicina africana.","breadcrumb":{"@id":"https:\/\/www.safinel.fr\/produit\/feuilles-de-kinkeliba\/#breadcrumb"},"inLanguage":"it-IT","potentialAction":[{"@type":"ReadAction","target":["https:\/\/www.safinel.fr\/produit\/feuilles-de-kinkeliba\/"]}]},{"@type":"BreadcrumbList","@id":"https:\/\/www.safinel.fr\/produit\/feuilles-de-kinkeliba\/#breadcrumb","itemListElement":[{"@type":"ListItem","position":1,"name":"Accueil","item":"https:\/\/www.safinel.fr\/"},{"@type":"ListItem","position":2,"name":"Les bienfaits du Kinkeliba\u00a0: la tisane de longue vie africaine"}]},{"@type":"WebSite","@id":"https:\/\/www.safinel.fr\/#website","url":"https:\/\/www.safinel.fr\/","name":"Safinel","description":"","publisher":{"@id":"https:\/\/www.safinel.fr\/#organization"},"potentialAction":[{"@type":"SearchAction","target":{"@type":"EntryPoint","urlTemplate":"https:\/\/www.safinel.fr\/?s={search_term_string}"},"query-input":{"@type":"PropertyValueSpecification","valueRequired":true,"valueName":"search_term_string"}}],"inLanguage":"it-IT"},{"@type":"Organization","@id":"https:\/\/www.safinel.fr\/#organization","name":"Safinel","url":"https:\/\/www.safinel.fr\/","logo":{"@type":"ImageObject","inLanguage":"it-IT","@id":"https:\/\/www.safinel.fr\/#\/schema\/logo\/image\/","url":"https:\/\/www.safinel.fr\/wp-content\/uploads\/2021\/05\/boutique-cosmetique.png","contentUrl":"https:\/\/www.safinel.fr\/wp-content\/uploads\/2021\/05\/boutique-cosmetique.png","width":800,"height":200,"caption":"Safinel"},"image":{"@id":"https:\/\/www.safinel.fr\/#\/schema\/logo\/image\/"}}]}},"_links":{"self":[{"href":"https:\/\/www.safinel.fr\/it\/wp-json\/wp\/v2\/pages\/813","targetHints":{"allow":["GET"]}}],"collection":[{"href":"https:\/\/www.safinel.fr\/it\/wp-json\/wp\/v2\/pages"}],"about":[{"href":"https:\/\/www.safinel.fr\/it\/wp-json\/wp\/v2\/types\/page"}],"author":[{"embeddable":true,"href":"https:\/\/www.safinel.fr\/it\/wp-json\/wp\/v2\/users\/1"}],"replies":[{"embeddable":true,"href":"https:\/\/www.safinel.fr\/it\/wp-json\/wp\/v2\/comments?post=813"}],"version-history":[{"count":2,"href":"https:\/\/www.safinel.fr\/it\/wp-json\/wp\/v2\/pages\/813\/revisions"}],"predecessor-version":[{"id":4959,"href":"https:\/\/www.safinel.fr\/it\/wp-json\/wp\/v2\/pages\/813\/revisions\/4959"}],"wp:attachment":[{"href":"https:\/\/www.safinel.fr\/it\/wp-json\/wp\/v2\/media?parent=813"}],"curies":[{"name":"wp","href":"https:\/\/api.w.org\/{rel}","templated":true}]}}