{"id":808,"date":"2022-02-11T12:48:16","date_gmt":"2022-02-11T12:48:16","guid":{"rendered":"https:\/\/www.safinel.fr\/?page_id=808"},"modified":"2022-02-11T12:49:04","modified_gmt":"2022-02-11T12:49:04","slug":"stelo-di-citronella","status":"publish","type":"page","link":"https:\/\/www.safinel.fr\/it\/stelo-di-citronella\/","title":{"rendered":"I 4 benefici per la salute del gambo di citronella"},"content":{"rendered":"<h1>I 4 benefici per la salute del gambo di citronella<\/h1>\nLa citronella, nota anche come verbena indiana, \u00e8 una pianta originaria del continente asiatico. Ma attenzione! La citronella e i limoni non hanno nulla in comune. \u00c8 conosciuta anche come java, Ceylon o citronella indiana. Utilizzata nella medicina naturale da migliaia di anni, la citronella non ha un solo asso nella manica. Soprattutto i suoi steli! Scoprite con noi 4 <strong>benefici del gambo di citronella<\/strong> sulla salute?\n<h2>La sorprendente composizione della citronella<\/h2>\nPrima di tutto, la composizione della citronella! \u00c8 questa ricchezza che la rende una <strong><a href=\"https:\/\/www.safinel.fr\/it\/categoria-prodotto\/piante-medicinali\/\">una pianta dalle molte virt\u00f9<\/a>.<\/strong>\n\n\u00c8 composto da :\n<ul>\n \t<li>Citrali (da 65 a 86 %)<\/li>\n \t<li>Mircene<\/li>\n \t<li>Geraniolo<\/li>\n \t<li>Acido folico<\/li>\n \t<li>Vitamine B1, B5 e B6<\/li>\n \t<li>Vari minerali<\/li>\n<\/ul>\nLa sua composizione \u00e8 alla base dei suoi numerosi benefici. Restate con noi: l'ultimo potrebbe sorprendervi!\n<h2>I benefici digestivi dei gambi di citronella<\/h2>\nLa citronella \u00e8 nota per le sue propriet\u00e0 digestive. Il suo contenuto di minerali e vitamine ha un notevole effetto sulla digestione, accelerando in modo significativo uno stomaco e un intestino un po' pigri.\n\nNell'Asia meridionale e orientale, i gambi di citronella vengono utilizzati nella dieta quotidiana per favorire una sana digestione.\n\nSe il vostro sistema digestivo \u00e8 un po' pigro, utilizzate ogni giorno pi\u00f9 gambi di citronella. Noterete presto la differenza!\n<h2>Le propriet\u00e0 diuretiche del gambo di citronella<\/h2>\nUno dei benefici pi\u00f9 apprezzati della verbena indiana \u00e8 il suo <strong>effetto diuretico<\/strong>.\n\nLe piante con effetto diuretico aumentano il volume dell'urina e depurano il sistema urinario, facilitando l'eliminazione del sodio. Calcoli renali, infezioni del tratto urinario e altri problemi legati al sistema urinario possono essere trattati, parzialmente o totalmente, grazie agli steli di citronella.\n<h2>Gli effetti antinfiammatori e analgesici della verbena indiana<\/h2>\nLa verbena indiana non ha ancora detto la sua ultima parola! Sapevate che i suoi effetti antinfiammatori e analgesici sono riconosciuti in tutto il mondo?\n\nSe soffrite di artrite, reumatismi o tendinite, i gambi di citronella fanno al caso vostro. Usati quotidianamente, ridurranno notevolmente il dolore.\n<h2>L'azione deodorante e regolatrice della citronella<\/h2>\nQuesta virt\u00f9 degli steli di citronella \u00e8 ancora poco conosciuta, eppure! Potrebbe risparmiarci molti problemi.\n\nIn sostanza, la citronella ha propriet\u00e0 depurative. Il suo consumo aiuta quindi a regolare la sudorazione e gli odori e agisce come antisettico. <a href=\"https:\/\/www.deodorant-naturel.com\/\" target=\"_blank\" rel=\"noopener\"><strong>deodorante naturale<\/strong><\/a>. Niente pi\u00f9 odori sgradevoli!\n<h3>Come si usa il gambo della citronella?<\/h3>\nIn Europa, l'olio essenziale di citronella viene utilizzato pi\u00f9 degli steli. Tuttavia, il loro uso \u00e8 meno pericoloso, poich\u00e9 le propriet\u00e0 sono meno concentrate rispetto all'olio essenziale.\n\nPotete utilizzare i gambi di citronella in cucina. Oltre a regalare nuovi sapori alle vostre papille gustative, potrete beneficiare di tutti i loro vantaggi.\n\nI gambi di citronella possono anche essere trasformati in tisane. \u00c8 quello che vi consigliamo, per non perdere nessuno dei suoi benefici!\n\nBasta mettere in infusione i gambi e bere un infuso di verbena indiana!\n\n<strong>Siete pronti a prendervi cura di voi stessi con gli steli di citronella?<\/strong>\n<!-- \/wp:post-content -->","protected":false},"excerpt":{"rendered":"<p>Les 4 bienfaits de la tige de citronnelle&nbsp;sur la sant\u00e9 La citronnelle, aussi appel\u00e9e verveines des indes, est une plante originaire du continent asiatique. Faites attention ! La citronnelle et le citron n\u2019ont aucun point commun. Elle est aussi nomm\u00e9e citronnelle de java, de ceylan, ou des indes. Utilis\u00e9e en m\u00e9decine naturelle depuis des mill\u00e9naires, [&#8230;]","protected":false},"author":1,"featured_media":0,"parent":0,"menu_order":0,"comment_status":"closed","ping_status":"closed","template":"","meta":{"footnotes":""},"class_list":["post-808","page","type-page","status-publish","hentry"],"yoast_head":"<!-- This site is optimized with the Yoast SEO plugin v26.6 - https:\/\/yoast.com\/wordpress\/plugins\/seo\/ -->\n<title>Tige de citronnelle | D\u00e9couvrez 4 bienfaits pour la sant\u00e9<\/title>\n<meta name=\"description\" content=\"Utilis\u00e9e en m\u00e9decine naturelle depuis des mill\u00e9naires. D\u00e9couvriez avec nous 4 bienfaits de la tige de citronnelle.\" \/>\n<meta name=\"robots\" content=\"index, follow, max-snippet:-1, max-image-preview:large, max-video-preview:-1\" \/>\n<link rel=\"canonical\" href=\"https:\/\/www.safinel.fr\/it\/stelo-di-citronella\/\" \/>\n<meta property=\"og:locale\" content=\"it_IT\" \/>\n<meta property=\"og:type\" content=\"article\" \/>\n<meta property=\"og:title\" content=\"Tige de citronnelle | D\u00e9couvrez 4 bienfaits pour la sant\u00e9\" \/>\n<meta property=\"og:description\" content=\"Utilis\u00e9e en m\u00e9decine naturelle depuis des mill\u00e9naires. D\u00e9couvriez avec nous 4 bienfaits de la tige de citronnelle.\" \/>\n<meta property=\"og:url\" content=\"https:\/\/www.safinel.fr\/it\/stelo-di-citronella\/\" \/>\n<meta property=\"og:site_name\" content=\"Safinel\" \/>\n<meta property=\"article:modified_time\" content=\"2022-02-11T12:49:04+00:00\" \/>\n<meta name=\"twitter:card\" content=\"summary_large_image\" \/>\n<meta name=\"twitter:label1\" content=\"Tempo di lettura stimato\" \/>\n\t<meta name=\"twitter:data1\" content=\"3 minuti\" \/>\n<script type=\"application\/ld+json\" class=\"yoast-schema-graph\">{\"@context\":\"https:\/\/schema.org\",\"@graph\":[{\"@type\":\"WebPage\",\"@id\":\"https:\/\/www.safinel.fr\/tige-de-citronnelle\/\",\"url\":\"https:\/\/www.safinel.fr\/tige-de-citronnelle\/\",\"name\":\"Tige de citronnelle | D\u00e9couvrez 4 bienfaits pour la sant\u00e9\",\"isPartOf\":{\"@id\":\"https:\/\/www.safinel.fr\/#website\"},\"datePublished\":\"2022-02-11T12:48:16+00:00\",\"dateModified\":\"2022-02-11T12:49:04+00:00\",\"description\":\"Utilis\u00e9e en m\u00e9decine naturelle depuis des mill\u00e9naires. D\u00e9couvriez avec nous 4 bienfaits de la tige de citronnelle.\",\"breadcrumb\":{\"@id\":\"https:\/\/www.safinel.fr\/tige-de-citronnelle\/#breadcrumb\"},\"inLanguage\":\"it-IT\",\"potentialAction\":[{\"@type\":\"ReadAction\",\"target\":[\"https:\/\/www.safinel.fr\/tige-de-citronnelle\/\"]}]},{\"@type\":\"BreadcrumbList\",\"@id\":\"https:\/\/www.safinel.fr\/tige-de-citronnelle\/#breadcrumb\",\"itemListElement\":[{\"@type\":\"ListItem\",\"position\":1,\"name\":\"Accueil\",\"item\":\"https:\/\/www.safinel.fr\/\"},{\"@type\":\"ListItem\",\"position\":2,\"name\":\"Les 4 bienfaits de la tige de citronnelle\u00a0sur la sant\u00e9\"}]},{\"@type\":\"WebSite\",\"@id\":\"https:\/\/www.safinel.fr\/#website\",\"url\":\"https:\/\/www.safinel.fr\/\",\"name\":\"Safinel\",\"description\":\"\",\"publisher\":{\"@id\":\"https:\/\/www.safinel.fr\/#organization\"},\"potentialAction\":[{\"@type\":\"SearchAction\",\"target\":{\"@type\":\"EntryPoint\",\"urlTemplate\":\"https:\/\/www.safinel.fr\/?s={search_term_string}\"},\"query-input\":{\"@type\":\"PropertyValueSpecification\",\"valueRequired\":true,\"valueName\":\"search_term_string\"}}],\"inLanguage\":\"it-IT\"},{\"@type\":\"Organization\",\"@id\":\"https:\/\/www.safinel.fr\/#organization\",\"name\":\"Safinel\",\"url\":\"https:\/\/www.safinel.fr\/\",\"logo\":{\"@type\":\"ImageObject\",\"inLanguage\":\"it-IT\",\"@id\":\"https:\/\/www.safinel.fr\/#\/schema\/logo\/image\/\",\"url\":\"https:\/\/www.safinel.fr\/wp-content\/uploads\/2021\/05\/boutique-cosmetique.png\",\"contentUrl\":\"https:\/\/www.safinel.fr\/wp-content\/uploads\/2021\/05\/boutique-cosmetique.png\",\"width\":800,\"height\":200,\"caption\":\"Safinel\"},\"image\":{\"@id\":\"https:\/\/www.safinel.fr\/#\/schema\/logo\/image\/\"}}]}<\/script>\n<!-- \/ Yoast SEO plugin. -->","yoast_head_json":{"title":"Gambo di lemongrass | Scoprite 4 benefici per la salute","description":"Utilizzato nella medicina naturale da migliaia di anni. Scoprite con noi 4 benefici del gambo di citronella.","robots":{"index":"index","follow":"follow","max-snippet":"max-snippet:-1","max-image-preview":"max-image-preview:large","max-video-preview":"max-video-preview:-1"},"canonical":"https:\/\/www.safinel.fr\/it\/stelo-di-citronella\/","og_locale":"it_IT","og_type":"article","og_title":"Tige de citronnelle | D\u00e9couvrez 4 bienfaits pour la sant\u00e9","og_description":"Utilis\u00e9e en m\u00e9decine naturelle depuis des mill\u00e9naires. D\u00e9couvriez avec nous 4 bienfaits de la tige de citronnelle.","og_url":"https:\/\/www.safinel.fr\/it\/stelo-di-citronella\/","og_site_name":"Safinel","article_modified_time":"2022-02-11T12:49:04+00:00","twitter_card":"summary_large_image","twitter_misc":{"Tempo di lettura stimato":"3 minuti"},"schema":{"@context":"https:\/\/schema.org","@graph":[{"@type":"WebPage","@id":"https:\/\/www.safinel.fr\/tige-de-citronnelle\/","url":"https:\/\/www.safinel.fr\/tige-de-citronnelle\/","name":"Gambo di lemongrass | Scoprite 4 benefici per la salute","isPartOf":{"@id":"https:\/\/www.safinel.fr\/#website"},"datePublished":"2022-02-11T12:48:16+00:00","dateModified":"2022-02-11T12:49:04+00:00","description":"Utilizzato nella medicina naturale da migliaia di anni. Scoprite con noi 4 benefici del gambo di citronella.","breadcrumb":{"@id":"https:\/\/www.safinel.fr\/tige-de-citronnelle\/#breadcrumb"},"inLanguage":"it-IT","potentialAction":[{"@type":"ReadAction","target":["https:\/\/www.safinel.fr\/tige-de-citronnelle\/"]}]},{"@type":"BreadcrumbList","@id":"https:\/\/www.safinel.fr\/tige-de-citronnelle\/#breadcrumb","itemListElement":[{"@type":"ListItem","position":1,"name":"Accueil","item":"https:\/\/www.safinel.fr\/"},{"@type":"ListItem","position":2,"name":"Les 4 bienfaits de la tige de citronnelle\u00a0sur la sant\u00e9"}]},{"@type":"WebSite","@id":"https:\/\/www.safinel.fr\/#website","url":"https:\/\/www.safinel.fr\/","name":"Safinel","description":"","publisher":{"@id":"https:\/\/www.safinel.fr\/#organization"},"potentialAction":[{"@type":"SearchAction","target":{"@type":"EntryPoint","urlTemplate":"https:\/\/www.safinel.fr\/?s={search_term_string}"},"query-input":{"@type":"PropertyValueSpecification","valueRequired":true,"valueName":"search_term_string"}}],"inLanguage":"it-IT"},{"@type":"Organization","@id":"https:\/\/www.safinel.fr\/#organization","name":"Safinel","url":"https:\/\/www.safinel.fr\/","logo":{"@type":"ImageObject","inLanguage":"it-IT","@id":"https:\/\/www.safinel.fr\/#\/schema\/logo\/image\/","url":"https:\/\/www.safinel.fr\/wp-content\/uploads\/2021\/05\/boutique-cosmetique.png","contentUrl":"https:\/\/www.safinel.fr\/wp-content\/uploads\/2021\/05\/boutique-cosmetique.png","width":800,"height":200,"caption":"Safinel"},"image":{"@id":"https:\/\/www.safinel.fr\/#\/schema\/logo\/image\/"}}]}},"_links":{"self":[{"href":"https:\/\/www.safinel.fr\/it\/wp-json\/wp\/v2\/pages\/808","targetHints":{"allow":["GET"]}}],"collection":[{"href":"https:\/\/www.safinel.fr\/it\/wp-json\/wp\/v2\/pages"}],"about":[{"href":"https:\/\/www.safinel.fr\/it\/wp-json\/wp\/v2\/types\/page"}],"author":[{"embeddable":true,"href":"https:\/\/www.safinel.fr\/it\/wp-json\/wp\/v2\/users\/1"}],"replies":[{"embeddable":true,"href":"https:\/\/www.safinel.fr\/it\/wp-json\/wp\/v2\/comments?post=808"}],"version-history":[{"count":2,"href":"https:\/\/www.safinel.fr\/it\/wp-json\/wp\/v2\/pages\/808\/revisions"}],"predecessor-version":[{"id":810,"href":"https:\/\/www.safinel.fr\/it\/wp-json\/wp\/v2\/pages\/808\/revisions\/810"}],"wp:attachment":[{"href":"https:\/\/www.safinel.fr\/it\/wp-json\/wp\/v2\/media?parent=808"}],"curies":[{"name":"wp","href":"https:\/\/api.w.org\/{rel}","templated":true}]}}