{"id":781,"date":"2022-02-05T17:18:18","date_gmt":"2022-02-05T17:18:18","guid":{"rendered":"https:\/\/www.safinel.fr\/?page_id=781"},"modified":"2022-02-05T17:19:58","modified_gmt":"2022-02-05T17:19:58","slug":"i-benefici-dei-datteri","status":"publish","type":"page","link":"https:\/\/www.safinel.fr\/it\/i-benefici-dei-datteri\/","title":{"rendered":"5 benefici dei datteri per la salute"},"content":{"rendered":"<h1 class=\"wp-block-heading\" id=\"5-bienfaits-des-dattes-sur-votre-sante\">5 benefici dei datteri per la salute<\/h1>\n\n\n\n<p>I datteri vengono consumati da migliaia di anni in molte parti del mondo e sono uno degli alimenti pi\u00f9 popolari al mondo.&nbsp;<strong>un tesoro inestimabile per la salute.<\/strong> Negli ultimi decenni hanno fatto il loro ingresso sul territorio francese e tendono a diventare un alimento di punta. Perch\u00e9 non scoprire di pi\u00f9 su&nbsp;<strong>benefici delle date<\/strong>&nbsp;? Restate con noi: il 5\u00b0 beneficio stupir\u00e0 molti!<\/p>\n\n\n\n<h2 class=\"wp-block-heading\" id=\"h-les-bienfaits-des-dattes-sur-votre-sant-gastro-intestinale\">I benefici dei datteri per la salute gastrointestinale<\/h2>\n\n\n\n<p><strong>I datteri hanno un effetto pi\u00f9 che positivo sulla salute gastrointestinale.<\/strong><\/p>\n\n\n\n<p>Non \u00e8 un segreto che le fibre siano essenziali per il corretto funzionamento del nostro organismo, in particolare per il transito.<\/p>\n\n\n\n<p>Buone notizie! I datteri contengono sia fibre solubili che insolubili, che li rendono pi\u00f9 facili da digerire!<\/p>\n\n\n\n<p>Un elevato apporto di fibre aiuta anche a sentirsi sazi pi\u00f9 rapidamente. Quando ci sentiamo sazi, tendiamo a mangiare meno,&nbsp;<strong>che \u00e8 un'ottima abitudine per il sistema intestinale.<\/strong><\/p>\n\n\n\n<p>Mangiare meno, mangiare meglio!<\/p>\n\n\n\n<h2 class=\"wp-block-heading\" id=\"h-la-datte-riche-en-vitamines-et-min-raux\">Datteri: ricchi di vitamine e minerali<\/h2>\n\n\n\n<p>Il contenuto di vitamine e minerali dei datteri \u00e8 a dir poco miracoloso.<\/p>\n\n\n\n<p>Un dattero da solo contiene potassio, calcio, fosforo, magnesio, vitamine C, E, B2, B3, A1, B1, B6, B5 e vitamina K.<\/p>\n\n\n\n<p>Avete perso la strada? Non c'\u00e8 bisogno di farsi prendere dal panico:&nbsp;<strong>La cosa pi\u00f9 importante da ricordare \u00e8 che le date sono un concentrato di cose buone.<\/strong><\/p>\n\n\n\n<p>Un consumo regolare contribuisce quindi alla salute generale dell'organismo. Tuttavia, bisogna fare attenzione, soprattutto se si soffre di diabete: il troppo stroppia!<\/p>\n\n\n\n<h2 class=\"wp-block-heading\" id=\"h-les-vertus-des-dattes-sur-la-fatigue\">I benefici dei datteri per la stanchezza<\/h2>\n\n\n\n<p>Ora lo sapete: i datteri sono ricchi di&nbsp;<strong>vitamine, minerali, fibre e carboidrati.<\/strong><\/p>\n\n\n\n<p>Per il suo contenuto di vitamine e minerali,&nbsp;<strong>il loro consumo regolare ha un effetto quotidiano e duraturo sulla fatica<\/strong>. Ma non \u00e8 tutto!&nbsp;<strong>I carboidrati contenuti nei datteri agiscono come zuccheri veloci.<\/strong>&nbsp;In altre parole, \u00e8 una carica di energia istantanea! Pensateci quando vi sentite fiacchi durante la giornata.<\/p>\n\n\n\n<h2 class=\"wp-block-heading\" id=\"h-les-bienfaits-des-dattes-r-guler-son-app-tit-naturellement\">I benefici dei datteri: regolare l'appetito in modo naturale<\/h2>\n\n\n\n<p>Grazie al loro contenuto di fibre, i datteri tendono a regolare l'appetito. Poich\u00e9 il senso di saziet\u00e0 arriva pi\u00f9 rapidamente, possono diventare una fonte ideale di energia.&nbsp;<strong><a href=\"https:\/\/www.safinel.fr\/it\/prodotto\/gambi-di-ciliegio\/\">alimenti dimagranti<\/a><\/strong>&nbsp;interessante. Vale anche la pena di notare che il loro gusto dolce limita la disastrosa voglia di zucchero bianco.<\/p>\n\n\n\n<p>Al di l\u00e0 dell'aspetto dimagrante,&nbsp;<strong>La regolazione dell'appetito fa parte di uno stile di vita sano.<\/strong><\/p>\n\n\n\n<p>Mangiare di meno mette a dura prova l'intestino, riduce la stanchezza, rende pi\u00f9 forti e vigili e aiuta a prevenire la sonnolenza.<\/p>\n\n\n\n<p><strong>Regolare l'appetito con i datteri: una buona idea, non credete?<\/strong><\/p>\n\n\n\n<h2 class=\"wp-block-heading\" id=\"h-l-ultime-bienfait-insoup-onn-des-dattes-un-rem-de-lors-de-l-accouchement\">L'ultimo insospettabile beneficio dei datteri: un rimedio durante il parto<\/h2>\n\n\n\n<p>Questo \u00e8 uno di quelli che sicuramente non vi aspettavate. Eppure lo \u00e8! Un recente studio condotto in Giordania dimostra che&nbsp;<strong>consumo regolare di datteri in gravidanza<\/strong>, In questo modo \u00e8 molto pi\u00f9 facile da sopportare, soprattutto nelle settimane che precedono il parto.<\/p>\n\n\n\n<p>Meno dolore, travaglio pi\u00f9 facile o pi\u00f9 rapido. Si dice anche che i disagi post-parto siano meglio gestiti dal corpo della donna.<\/p>\n\n\n\n<p>La causa esatta di questo vantaggio (non trascurabile) non \u00e8 ancora stata determinata. Sono necessari ulteriori studi per completare queste osservazioni iniziali.<\/p>\n\n\n\n<p>Quindi non privatevi di voi stessi!&nbsp;<strong><a href=\"https:\/\/www.dattes-ajwa.com\/dattes-accouchement\/\" target=\"_blank\" rel=\"noreferrer noopener\">Facilitare il parto naturale<\/a>, Non succede tutti i giorni!<\/strong><\/p>\n\n\n\n<p><strong>Perch\u00e9 non fare degli appuntamenti il vostro tesoro quotidiano?<\/strong><\/p>","protected":false},"excerpt":{"rendered":"<p>5 bienfaits des dattes sur votre sant\u00e9 Les dattes sont consomm\u00e9es depuis des mill\u00e9naires dans de nombreuses contr\u00e9es du monde, et sont&nbsp;un tr\u00e9sor sant\u00e9 inestimable. Depuis quelques d\u00e9cennies, elles ont fait leur entr\u00e9e sur le territoire fran\u00e7ais, et tendent \u00e0 devenir un aliment phare. Et si vous en d\u00e9couvriez plus sur les&nbsp;bienfaits des dattes&nbsp;? Restez [&#8230;]","protected":false},"author":1,"featured_media":0,"parent":0,"menu_order":0,"comment_status":"closed","ping_status":"closed","template":"","meta":{"footnotes":""},"class_list":["post-781","page","type-page","status-publish","hentry"],"yoast_head":"<!-- This site is optimized with the Yoast SEO plugin v26.6 - https:\/\/yoast.com\/wordpress\/plugins\/seo\/ -->\n<title>5 bienfaits des dattes sur votre sant\u00e9 - Safinel<\/title>\n<meta name=\"robots\" content=\"index, follow, max-snippet:-1, max-image-preview:large, max-video-preview:-1\" \/>\n<link rel=\"canonical\" href=\"https:\/\/www.safinel.fr\/it\/i-benefici-dei-datteri\/\" \/>\n<meta property=\"og:locale\" content=\"it_IT\" \/>\n<meta property=\"og:type\" content=\"article\" \/>\n<meta property=\"og:title\" content=\"5 bienfaits des dattes sur votre sant\u00e9 - Safinel\" \/>\n<meta property=\"og:description\" content=\"5 bienfaits des dattes sur votre sant\u00e9 Les dattes sont consomm\u00e9es depuis des mill\u00e9naires dans de nombreuses contr\u00e9es du monde, et sont&nbsp;un tr\u00e9sor sant\u00e9 inestimable. Depuis quelques d\u00e9cennies, elles ont fait leur entr\u00e9e sur le territoire fran\u00e7ais, et tendent \u00e0 devenir un aliment phare. Et si vous en d\u00e9couvriez plus sur les&nbsp;bienfaits des dattes&nbsp;? Restez [...]\" \/>\n<meta property=\"og:url\" content=\"https:\/\/www.safinel.fr\/it\/i-benefici-dei-datteri\/\" \/>\n<meta property=\"og:site_name\" content=\"Safinel\" \/>\n<meta property=\"article:modified_time\" content=\"2022-02-05T17:19:58+00:00\" \/>\n<meta name=\"twitter:card\" content=\"summary_large_image\" \/>\n<meta name=\"twitter:label1\" content=\"Tempo di lettura stimato\" \/>\n\t<meta name=\"twitter:data1\" content=\"3 minuti\" \/>\n<script type=\"application\/ld+json\" class=\"yoast-schema-graph\">{\"@context\":\"https:\/\/schema.org\",\"@graph\":[{\"@type\":\"WebPage\",\"@id\":\"https:\/\/www.safinel.fr\/les-bienfaits-des-dattes\/\",\"url\":\"https:\/\/www.safinel.fr\/les-bienfaits-des-dattes\/\",\"name\":\"5 bienfaits des dattes sur votre sant\u00e9 - Safinel\",\"isPartOf\":{\"@id\":\"https:\/\/www.safinel.fr\/#website\"},\"datePublished\":\"2022-02-05T17:18:18+00:00\",\"dateModified\":\"2022-02-05T17:19:58+00:00\",\"breadcrumb\":{\"@id\":\"https:\/\/www.safinel.fr\/les-bienfaits-des-dattes\/#breadcrumb\"},\"inLanguage\":\"it-IT\",\"potentialAction\":[{\"@type\":\"ReadAction\",\"target\":[\"https:\/\/www.safinel.fr\/les-bienfaits-des-dattes\/\"]}]},{\"@type\":\"BreadcrumbList\",\"@id\":\"https:\/\/www.safinel.fr\/les-bienfaits-des-dattes\/#breadcrumb\",\"itemListElement\":[{\"@type\":\"ListItem\",\"position\":1,\"name\":\"Accueil\",\"item\":\"https:\/\/www.safinel.fr\/\"},{\"@type\":\"ListItem\",\"position\":2,\"name\":\"5 bienfaits des dattes sur votre sant\u00e9\"}]},{\"@type\":\"WebSite\",\"@id\":\"https:\/\/www.safinel.fr\/#website\",\"url\":\"https:\/\/www.safinel.fr\/\",\"name\":\"Safinel\",\"description\":\"\",\"publisher\":{\"@id\":\"https:\/\/www.safinel.fr\/#organization\"},\"potentialAction\":[{\"@type\":\"SearchAction\",\"target\":{\"@type\":\"EntryPoint\",\"urlTemplate\":\"https:\/\/www.safinel.fr\/?s={search_term_string}\"},\"query-input\":{\"@type\":\"PropertyValueSpecification\",\"valueRequired\":true,\"valueName\":\"search_term_string\"}}],\"inLanguage\":\"it-IT\"},{\"@type\":\"Organization\",\"@id\":\"https:\/\/www.safinel.fr\/#organization\",\"name\":\"Safinel\",\"url\":\"https:\/\/www.safinel.fr\/\",\"logo\":{\"@type\":\"ImageObject\",\"inLanguage\":\"it-IT\",\"@id\":\"https:\/\/www.safinel.fr\/#\/schema\/logo\/image\/\",\"url\":\"https:\/\/www.safinel.fr\/wp-content\/uploads\/2021\/05\/boutique-cosmetique.png\",\"contentUrl\":\"https:\/\/www.safinel.fr\/wp-content\/uploads\/2021\/05\/boutique-cosmetique.png\",\"width\":800,\"height\":200,\"caption\":\"Safinel\"},\"image\":{\"@id\":\"https:\/\/www.safinel.fr\/#\/schema\/logo\/image\/\"}}]}<\/script>\n<!-- \/ Yoast SEO plugin. -->","yoast_head_json":{"title":"5 benefici dei datteri per la salute - Safinel","robots":{"index":"index","follow":"follow","max-snippet":"max-snippet:-1","max-image-preview":"max-image-preview:large","max-video-preview":"max-video-preview:-1"},"canonical":"https:\/\/www.safinel.fr\/it\/i-benefici-dei-datteri\/","og_locale":"it_IT","og_type":"article","og_title":"5 bienfaits des dattes sur votre sant\u00e9 - Safinel","og_description":"5 bienfaits des dattes sur votre sant\u00e9 Les dattes sont consomm\u00e9es depuis des mill\u00e9naires dans de nombreuses contr\u00e9es du monde, et sont&nbsp;un tr\u00e9sor sant\u00e9 inestimable. Depuis quelques d\u00e9cennies, elles ont fait leur entr\u00e9e sur le territoire fran\u00e7ais, et tendent \u00e0 devenir un aliment phare. Et si vous en d\u00e9couvriez plus sur les&nbsp;bienfaits des dattes&nbsp;? Restez [...]","og_url":"https:\/\/www.safinel.fr\/it\/i-benefici-dei-datteri\/","og_site_name":"Safinel","article_modified_time":"2022-02-05T17:19:58+00:00","twitter_card":"summary_large_image","twitter_misc":{"Tempo di lettura stimato":"3 minuti"},"schema":{"@context":"https:\/\/schema.org","@graph":[{"@type":"WebPage","@id":"https:\/\/www.safinel.fr\/les-bienfaits-des-dattes\/","url":"https:\/\/www.safinel.fr\/les-bienfaits-des-dattes\/","name":"5 benefici dei datteri per la salute - Safinel","isPartOf":{"@id":"https:\/\/www.safinel.fr\/#website"},"datePublished":"2022-02-05T17:18:18+00:00","dateModified":"2022-02-05T17:19:58+00:00","breadcrumb":{"@id":"https:\/\/www.safinel.fr\/les-bienfaits-des-dattes\/#breadcrumb"},"inLanguage":"it-IT","potentialAction":[{"@type":"ReadAction","target":["https:\/\/www.safinel.fr\/les-bienfaits-des-dattes\/"]}]},{"@type":"BreadcrumbList","@id":"https:\/\/www.safinel.fr\/les-bienfaits-des-dattes\/#breadcrumb","itemListElement":[{"@type":"ListItem","position":1,"name":"Accueil","item":"https:\/\/www.safinel.fr\/"},{"@type":"ListItem","position":2,"name":"5 bienfaits des dattes sur votre sant\u00e9"}]},{"@type":"WebSite","@id":"https:\/\/www.safinel.fr\/#website","url":"https:\/\/www.safinel.fr\/","name":"Safinel","description":"","publisher":{"@id":"https:\/\/www.safinel.fr\/#organization"},"potentialAction":[{"@type":"SearchAction","target":{"@type":"EntryPoint","urlTemplate":"https:\/\/www.safinel.fr\/?s={search_term_string}"},"query-input":{"@type":"PropertyValueSpecification","valueRequired":true,"valueName":"search_term_string"}}],"inLanguage":"it-IT"},{"@type":"Organization","@id":"https:\/\/www.safinel.fr\/#organization","name":"Safinel","url":"https:\/\/www.safinel.fr\/","logo":{"@type":"ImageObject","inLanguage":"it-IT","@id":"https:\/\/www.safinel.fr\/#\/schema\/logo\/image\/","url":"https:\/\/www.safinel.fr\/wp-content\/uploads\/2021\/05\/boutique-cosmetique.png","contentUrl":"https:\/\/www.safinel.fr\/wp-content\/uploads\/2021\/05\/boutique-cosmetique.png","width":800,"height":200,"caption":"Safinel"},"image":{"@id":"https:\/\/www.safinel.fr\/#\/schema\/logo\/image\/"}}]}},"_links":{"self":[{"href":"https:\/\/www.safinel.fr\/it\/wp-json\/wp\/v2\/pages\/781","targetHints":{"allow":["GET"]}}],"collection":[{"href":"https:\/\/www.safinel.fr\/it\/wp-json\/wp\/v2\/pages"}],"about":[{"href":"https:\/\/www.safinel.fr\/it\/wp-json\/wp\/v2\/types\/page"}],"author":[{"embeddable":true,"href":"https:\/\/www.safinel.fr\/it\/wp-json\/wp\/v2\/users\/1"}],"replies":[{"embeddable":true,"href":"https:\/\/www.safinel.fr\/it\/wp-json\/wp\/v2\/comments?post=781"}],"version-history":[{"count":2,"href":"https:\/\/www.safinel.fr\/it\/wp-json\/wp\/v2\/pages\/781\/revisions"}],"predecessor-version":[{"id":784,"href":"https:\/\/www.safinel.fr\/it\/wp-json\/wp\/v2\/pages\/781\/revisions\/784"}],"wp:attachment":[{"href":"https:\/\/www.safinel.fr\/it\/wp-json\/wp\/v2\/media?parent=781"}],"curies":[{"name":"wp","href":"https:\/\/api.w.org\/{rel}","templated":true}]}}