{"id":99,"date":"2021-06-01T15:19:52","date_gmt":"2021-06-01T15:19:52","guid":{"rendered":"https:\/\/www.safinel.fr\/?post_type=product&#038;p=99"},"modified":"2026-03-13T05:08:50","modified_gmt":"2026-03-13T05:08:50","slug":"gelulas-falsas-de-unicornio","status":"publish","type":"product","link":"https:\/\/www.safinel.fr\/es\/product-2\/gelulas-falsas-de-unicornio\/","title":{"rendered":"C\u00e1psulas de unicornio falsas"},"content":{"rendered":"<p>En <b>c\u00e1psulas falsas de unicornio<\/b> de nuestra marca <i>Safinel<\/i> son <strong>complementos<\/strong><b> alimentos<\/b> \u00a1de elecci\u00f3n cuando se trata de curas naturales!<\/p>\n<p>El falso unicornio, tambi\u00e9n conocido como el <b>d'h\u00e9lonias<\/b>, es una planta perenne de la familia de las lili\u00e1ceas.\u201c<b>planta estrella<\/b>\u201do\u201c<b>alterado<\/b>\u201d. Derivado de la farmacopea amerindia, se utiliza por su <b>poder afrodis\u00edaco.<span class=\"Apple-converted-space\">\u00a0<\/span><\/b><\/p>\n<p>Por ello, le ofrecemos en nuestro sitio web <b>c\u00e1psulas falsas de unicornio <\/b>Disponible en 60 o 120 c\u00e1psulas. T\u00fa decides... Estos complementos alimenticios est\u00e1n elaborados con polvo de falso unicornio de alta calidad, \u00a1para una cura a tu medida!<span class=\"Apple-converted-space\">\u00a0<\/span><\/p>\n<h2><b>C\u00e1psulas falsas de unicornio: \u00bfqu\u00e9 son?<span class=\"Apple-converted-space\">\u00a0<\/span><\/b><\/h2>\n<p>Seguro que la primera pregunta que le viene a la cabeza al o\u00edr este nombre es: \u00bfqu\u00e9 es? Que no cunda el p\u00e1nico, \u00a1se lo contamos todo!<span class=\"Apple-converted-space\">\u00a0<\/span><\/p>\n<p>El falso unicornio es una especie de planta que suele encontrarse en Norteam\u00e9rica o Canad\u00e1. Esta planta tiene un tallo con 6 hojas de 15 cm de largo y flores blancas. De ah\u00ed su nombre de \u201cfalso unicornio\u201d. De hecho, sus flores blancas le dan el aspecto de un cono parecido al cuerno de un unicornio.<\/p>\n<p>Esta planta es utilizada por los especialistas en homeopat\u00eda para <b>tratamiento de problemas de fertilidad en hombres y mujeres<\/b>. As\u00ed como para <b>ayudar a tratar ciertas dolencias menstruales.<\/b><\/p>\n<h2><b>Falsas c\u00e1psulas de unicornio: pastillas que te hacen bien<span class=\"Apple-converted-space\">\u00a0<\/span><\/b><\/h2>\n<p>Ahora que sabe un poco m\u00e1s sobre <b>c\u00e1psulas falsas de unicornio<\/b>, Es hora de conocer sus m\u00faltiples ventajas. Desc\u00fabralos ahora:<span class=\"Apple-converted-space\">\u00a0<\/span><\/p>\n<ul>\n<li>Se sabe que favorecen la ovulaci\u00f3n, desempe\u00f1ando un papel esencial en la reproducci\u00f3n. Son un gran aliado para ayudar a las parejas a tener un hijo; ;<span class=\"Apple-converted-space\">\u00a0<\/span><\/li>\n<\/ul>\n<ul>\n<li>Tienen fama de ser t\u00f3nicos ideales para los \u00f3rganos reproductores. Entre otras cosas, este remedio puede facilitar el embarazo en las mujeres. Tambi\u00e9n ayuda a prevenir abortos espont\u00e1neos; ;<\/li>\n<\/ul>\n<ul>\n<li>Tambi\u00e9n alivia el dolor ov\u00e1rico y combate la sequedad vaginal; ;<\/li>\n<\/ul>\n<ul>\n<li>Estos complementos alimenticios son capaces de restablecer el equilibrio hormonal. En otras palabras, ayudan a aumentar el n\u00famero de espermatozoides en los hombres, facilitando la fertilidad; ;<\/li>\n<\/ul>\n<ul>\n<li>Esta notable planta tonifica el \u00fatero, alivia los trastornos menstruales y los s\u00edndromes menop\u00e1usicos; ;<\/li>\n<\/ul>\n<ul>\n<li>Por \u00faltimo, las c\u00e1psulas ayudan a combatir la impotencia en los hombres.<\/li>\n<\/ul>\n<h2><b>Por cierto, \u00bfc\u00f3mo se comen las c\u00e1psulas falsas de unicornio?<span class=\"Apple-converted-space\">\u00a0<\/span><\/b><\/h2>\n<p>El falso unicornio se ha envasado en c\u00e1psulas para que te resulte m\u00e1s f\u00e1cil comerlo. \u00bfQu\u00e9 podr\u00eda ser mejor?<span class=\"Apple-converted-space\">\u00a0<\/span><\/p>\n<p>Por eso, aqu\u00ed tienes algunos consejos sobre c\u00f3mo comerlos:<\/p>\n<p>En primer lugar, debes seguir al pie de la letra las instrucciones del prospecto del producto. De ese modo, podr\u00e1s aprovechar al m\u00e1ximo los sorprendentes efectos de esta planta medicinal.<span class=\"Apple-converted-space\">\u00a0<\/span><\/p>\n<p>Adem\u00e1s, para ver los efectos de <b>c\u00e1psulas falsas de unicornio<\/b>,<b> <\/b>se recomienda seguir un tratamiento de un mes... O tres meses. Los herbolarios y natur\u00f3patas recomiendan tomar de 1 g a 2 g, 3 veces al d\u00eda.<span class=\"Apple-converted-space\">\u00a0<\/span><\/p>\n<h3><b>Para saber m\u00e1s sobre las c\u00e1psulas falsas de unicornio<span class=\"Apple-converted-space\">\u00a0<\/span><\/b><\/h3>\n<p>En <b>c\u00e1psulas falsas de unicornio<\/b> seguir\u00e1 sorprendi\u00e9ndole. D\u00e9jenos contarle m\u00e1s...<span class=\"Apple-converted-space\">\u00a0<\/span><\/p>\n<p>Incluso entonces, los indios americanos ya estaban aplastando <b>la ra\u00edz de las helonias<\/b> para aumentar la fertilidad, tonificar el \u00fatero, prevenir abortos...<span class=\"Apple-converted-space\">\u00a0<\/span><\/p>\n<p>A finales del siglo XIX, el falso unicornio pas\u00f3 a formar parte de la farmacopea estadounidense y la medicina ecl\u00e9ctica lo aprob\u00f3 como remedio natural certificado.<span class=\"Apple-converted-space\">\u00a0<\/span><\/p>\n<p>Hoy en d\u00eda, home\u00f3patas, natur\u00f3patas y herbolarios son un\u00e1nimes sobre los beneficios de las Helonias.<span class=\"Apple-converted-space\">\u00a0<\/span><\/p>\n<p>En principio <b>c\u00e1psulas falsas de unicornio <\/b>se componen de saponinas esteroideas. Este componente desempe\u00f1a un papel importante en la regulaci\u00f3n hormonal y en la regulaci\u00f3n del ciclo menstrual. Esta planta contiene sapon\u00f3sidos y gluc\u00f3sidos.<span class=\"Apple-converted-space\">\u00a0<\/span><\/p>\n<h3><b>C\u00f3mo guardar las c\u00e1psulas falsas de unicornio<span class=\"Apple-converted-space\">\u00a0<\/span><\/b><\/h3>\n<p>Al igual que nosotros, los complementos alimenticios necesitan las condiciones adecuadas para prosperar y sobrevivir. Al fin y al cabo, caducan inevitablemente al cabo de cierto tiempo.<\/p>\n<p>En consecuencia <b>c\u00e1psulas falsas de unicornio <\/b>necesitan condiciones especiales. Aqu\u00ed tienes algunos consejos para que duren en el tiempo:<span class=\"Apple-converted-space\">\u00a0<\/span><\/p>\n<p>Para empezar, gu\u00e1rdelas en un lugar fresco y seco: la humedad tiene un efecto negativo sobre las c\u00e1psulas, haci\u00e9ndolas quebradizas e inutilizables y reduciendo su calidad.<\/p>\n<p>A continuaci\u00f3n, col\u00f3calos en un lugar alejado del calor y la luz, ya que podr\u00edan estropearse.<\/p>\n<p>Por \u00faltimo, utilice una lata herm\u00e9ticamente cerrada. Es mejor guardarlos en un recipiente opaco.<\/p>\n<h3><b>Precauciones<span class=\"Apple-converted-space\">\u00a0<\/span><\/b><\/h3>\n<p>El uso de complementos alimenticios no debe tomarse a la ligera... Aunque la <b>c\u00e1psulas falsas de unicornio <\/b>Si quieres aprovechar al m\u00e1ximo sus beneficios para la salud, debes tomar algunas precauciones. He aqu\u00ed por qu\u00e9:<span class=\"Apple-converted-space\">\u00a0<\/span><\/p>\n<ul>\n<li>En primer lugar, tenga cuidado de seguir cuidadosamente las instrucciones de dosificaci\u00f3n y aplicar las instrucciones de uso. Si no sigues las instrucciones de dosificaci\u00f3n, estas c\u00e1psulas pueden provocar v\u00f3mitos y n\u00e1useas. Adem\u00e1s, es esencial que pidas consejo a tu m\u00e9dico de cabecera antes de tomar cualquier tratamiento.<\/li>\n<\/ul>\n<ul>\n<li>En segundo lugar, si est\u00e1 embarazada o en per\u00edodo de lactancia, se aconseja no consumirlos.<span class=\"Apple-converted-space\">\u00a0<\/span><\/li>\n<\/ul>\n<ul>\n<li>Por \u00faltimo, mantenga este producto fuera del alcance de los ni\u00f1os.<\/li>\n<\/ul>\n<p><b>Atenci\u00f3n: esta no es una web m\u00e9dica. Como tal, la informaci\u00f3n proporcionada no constituye una prescripci\u00f3n bajo ninguna circunstancia.<\/b><\/p>\n<h3><b>M\u00e1s informaci\u00f3n...<span class=\"Apple-converted-space\">\u00a0<\/span><\/b><\/h3>\n<p>Adem\u00e1s de <b>c\u00e1psulas falsas de unicornio, <\/b>que son altamente beneficiosos para la salud, especialmente para la fertilidad... \u00a1Nuestro sitio est\u00e1 lleno de otros 100 remedios naturales % que tambi\u00e9n cumplir\u00e1n sus expectativas!<span class=\"Apple-converted-space\">\u00a0<\/span><\/p>\n<p>Aqu\u00ed tienes otros productos que tambi\u00e9n te gustar\u00e1n:<span class=\"Apple-converted-space\">\u00a0<\/span><\/p>\n<ul>\n<li><b>En <a href=\"https:\/\/www.safinel.fr\/es\/product-2\/azufaifas-secas-100-g\/\">azufaifas secas<\/a> :<\/b> reconocida desde hace miles de a\u00f1os como buena para la fertilidad.<\/li>\n<li><b><a href=\"https:\/\/www.safinel.fr\/es\/product-2\/nep-polvo-nep\/\">Nep nep en polvo<\/a> :<\/b> un excelente aliado para la intimidad de la mujer.<span class=\"Apple-converted-space\">\u00a0<\/span><\/li>\n<li>O si no, <b><a href=\"https:\/\/www.safinel.fr\/es\/product-2\/kacip-fatimah\/\">le kacip fatimah<\/a> :<\/b> una planta natural beneficiosa para la mujer.<\/li>\n<\/ul>\n<p>Nuestros productos son puros y naturales, y se centran en la calidad y la excelencia para garantizarle lo mejor. Su bienestar es nuestra satisfacci\u00f3n.<\/p>","protected":false},"excerpt":{"rendered":"<p>Las c\u00e1psulas de falso unicornio de nuestra marca Safinel son los complementos alimenticios preferidos cuando se trata de curas naturales. El falso unicornio, tambi\u00e9n conocido como helonias, es una planta perenne de la familia de las Lili\u00e1ceas conocida como \u201cplanta estrella\u201d o \u201calteris\u201d. Originaria de la farmacopea de los nativos americanos, se utiliza por sus propiedades afrodis\u00edacas.  [...]","protected":false},"featured_media":65,"template":"","meta":[],"product_brand":[],"product_cat":[15,20],"product_tag":[],"class_list":{"0":"post-99","1":"product","2":"type-product","3":"status-publish","4":"has-post-thumbnail","6":"product_cat-fertilite","7":"product_cat-gelules","9":"first","10":"instock","11":"shipping-taxable","12":"purchasable","13":"product-type-variable"},"yoast_head":"<!-- This site is optimized with the Yoast SEO plugin v26.6 - https:\/\/yoast.com\/wordpress\/plugins\/seo\/ -->\n<title>G\u00e9lules de fausse licorne | Compl\u00e9ment alimentaire naturelle<\/title>\n<meta name=\"description\" content=\"Les g\u00e9lules de fausse licorne de notre marque Safinel sont des compl\u00e9ments alimentaires de choix en mati\u00e8re de cure naturelle !\" \/>\n<meta name=\"robots\" content=\"index, follow, max-snippet:-1, max-image-preview:large, max-video-preview:-1\" \/>\n<link rel=\"canonical\" href=\"https:\/\/www.safinel.fr\/es\/product-2\/gelulas-falsas-de-unicornio\/\" \/>\n<meta property=\"og:locale\" content=\"es_ES\" \/>\n<meta property=\"og:type\" content=\"article\" \/>\n<meta property=\"og:title\" content=\"G\u00e9lules de fausse licorne | Compl\u00e9ment alimentaire naturelle\" \/>\n<meta property=\"og:description\" content=\"Les g\u00e9lules de fausse licorne de notre marque Safinel sont des compl\u00e9ments alimentaires de choix en mati\u00e8re de cure naturelle !\" \/>\n<meta property=\"og:url\" content=\"https:\/\/www.safinel.fr\/es\/product-2\/gelulas-falsas-de-unicornio\/\" \/>\n<meta property=\"og:site_name\" content=\"Safinel\" \/>\n<meta property=\"article:modified_time\" content=\"2026-03-13T05:08:50+00:00\" \/>\n<meta property=\"og:image\" content=\"https:\/\/www.safinel.fr\/wp-content\/uploads\/2021\/05\/fausse-60-site.jpg\" \/>\n\t<meta property=\"og:image:width\" content=\"325\" \/>\n\t<meta property=\"og:image:height\" content=\"400\" \/>\n\t<meta property=\"og:image:type\" content=\"image\/jpeg\" \/>\n<meta name=\"twitter:card\" content=\"summary_large_image\" \/>\n<meta name=\"twitter:label1\" content=\"Tiempo de lectura\" \/>\n\t<meta name=\"twitter:data1\" content=\"5 minutos\" \/>\n<script type=\"application\/ld+json\" class=\"yoast-schema-graph\">{\"@context\":\"https:\/\/schema.org\",\"@graph\":[{\"@type\":\"WebPage\",\"@id\":\"https:\/\/www.safinel.fr\/produit\/gelules-de-fausse-licorne\/\",\"url\":\"https:\/\/www.safinel.fr\/produit\/gelules-de-fausse-licorne\/\",\"name\":\"G\u00e9lules de fausse licorne | Compl\u00e9ment alimentaire naturelle\",\"isPartOf\":{\"@id\":\"https:\/\/www.safinel.fr\/#website\"},\"primaryImageOfPage\":{\"@id\":\"https:\/\/www.safinel.fr\/produit\/gelules-de-fausse-licorne\/#primaryimage\"},\"image\":{\"@id\":\"https:\/\/www.safinel.fr\/produit\/gelules-de-fausse-licorne\/#primaryimage\"},\"thumbnailUrl\":\"https:\/\/www.safinel.fr\/wp-content\/uploads\/2021\/05\/fausse-60-site.jpg\",\"datePublished\":\"2021-06-01T15:19:52+00:00\",\"dateModified\":\"2026-03-13T05:08:50+00:00\",\"description\":\"Les g\u00e9lules de fausse licorne de notre marque Safinel sont des compl\u00e9ments alimentaires de choix en mati\u00e8re de cure naturelle !\",\"breadcrumb\":{\"@id\":\"https:\/\/www.safinel.fr\/produit\/gelules-de-fausse-licorne\/#breadcrumb\"},\"inLanguage\":\"es\",\"potentialAction\":[{\"@type\":\"ReadAction\",\"target\":[\"https:\/\/www.safinel.fr\/produit\/gelules-de-fausse-licorne\/\"]}]},{\"@type\":\"ImageObject\",\"inLanguage\":\"es\",\"@id\":\"https:\/\/www.safinel.fr\/produit\/gelules-de-fausse-licorne\/#primaryimage\",\"url\":\"https:\/\/www.safinel.fr\/wp-content\/uploads\/2021\/05\/fausse-60-site.jpg\",\"contentUrl\":\"https:\/\/www.safinel.fr\/wp-content\/uploads\/2021\/05\/fausse-60-site.jpg\",\"width\":325,\"height\":400,\"caption\":\"g\u00e9lules de fausse licorne\"},{\"@type\":\"BreadcrumbList\",\"@id\":\"https:\/\/www.safinel.fr\/produit\/gelules-de-fausse-licorne\/#breadcrumb\",\"itemListElement\":[{\"@type\":\"ListItem\",\"position\":1,\"name\":\"Accueil\",\"item\":\"https:\/\/www.safinel.fr\/\"},{\"@type\":\"ListItem\",\"position\":2,\"name\":\"Boutique\",\"item\":\"https:\/\/www.safinel.fr\/boutique\/\"},{\"@type\":\"ListItem\",\"position\":3,\"name\":\"G\u00e9lules de fausse licorne\"}]},{\"@type\":\"WebSite\",\"@id\":\"https:\/\/www.safinel.fr\/#website\",\"url\":\"https:\/\/www.safinel.fr\/\",\"name\":\"Safinel\",\"description\":\"\",\"publisher\":{\"@id\":\"https:\/\/www.safinel.fr\/#organization\"},\"potentialAction\":[{\"@type\":\"SearchAction\",\"target\":{\"@type\":\"EntryPoint\",\"urlTemplate\":\"https:\/\/www.safinel.fr\/?s={search_term_string}\"},\"query-input\":{\"@type\":\"PropertyValueSpecification\",\"valueRequired\":true,\"valueName\":\"search_term_string\"}}],\"inLanguage\":\"es\"},{\"@type\":\"Organization\",\"@id\":\"https:\/\/www.safinel.fr\/#organization\",\"name\":\"Safinel\",\"url\":\"https:\/\/www.safinel.fr\/\",\"logo\":{\"@type\":\"ImageObject\",\"inLanguage\":\"es\",\"@id\":\"https:\/\/www.safinel.fr\/#\/schema\/logo\/image\/\",\"url\":\"https:\/\/www.safinel.fr\/wp-content\/uploads\/2021\/05\/boutique-cosmetique.png\",\"contentUrl\":\"https:\/\/www.safinel.fr\/wp-content\/uploads\/2021\/05\/boutique-cosmetique.png\",\"width\":800,\"height\":200,\"caption\":\"Safinel\"},\"image\":{\"@id\":\"https:\/\/www.safinel.fr\/#\/schema\/logo\/image\/\"}}]}<\/script>\n<!-- \/ Yoast SEO plugin. -->","yoast_head_json":{"title":"C\u00e1psulas de falso unicornio | Complemento alimenticio natural","description":"Las c\u00e1psulas de unicornio falso de nuestra marca Safinel son los complementos alimenticios preferidos cuando se trata de curas naturales.","robots":{"index":"index","follow":"follow","max-snippet":"max-snippet:-1","max-image-preview":"max-image-preview:large","max-video-preview":"max-video-preview:-1"},"canonical":"https:\/\/www.safinel.fr\/es\/product-2\/gelulas-falsas-de-unicornio\/","og_locale":"es_ES","og_type":"article","og_title":"G\u00e9lules de fausse licorne | Compl\u00e9ment alimentaire naturelle","og_description":"Les g\u00e9lules de fausse licorne de notre marque Safinel sont des compl\u00e9ments alimentaires de choix en mati\u00e8re de cure naturelle !","og_url":"https:\/\/www.safinel.fr\/es\/product-2\/gelulas-falsas-de-unicornio\/","og_site_name":"Safinel","article_modified_time":"2026-03-13T05:08:50+00:00","og_image":[{"width":325,"height":400,"url":"https:\/\/www.safinel.fr\/wp-content\/uploads\/2021\/05\/fausse-60-site.jpg","type":"image\/jpeg"}],"twitter_card":"summary_large_image","twitter_misc":{"Tiempo de lectura":"5 minutos"},"schema":{"@context":"https:\/\/schema.org","@graph":[{"@type":"WebPage","@id":"https:\/\/www.safinel.fr\/produit\/gelules-de-fausse-licorne\/","url":"https:\/\/www.safinel.fr\/produit\/gelules-de-fausse-licorne\/","name":"C\u00e1psulas de falso unicornio | Complemento alimenticio natural","isPartOf":{"@id":"https:\/\/www.safinel.fr\/#website"},"primaryImageOfPage":{"@id":"https:\/\/www.safinel.fr\/produit\/gelules-de-fausse-licorne\/#primaryimage"},"image":{"@id":"https:\/\/www.safinel.fr\/produit\/gelules-de-fausse-licorne\/#primaryimage"},"thumbnailUrl":"https:\/\/www.safinel.fr\/wp-content\/uploads\/2021\/05\/fausse-60-site.jpg","datePublished":"2021-06-01T15:19:52+00:00","dateModified":"2026-03-13T05:08:50+00:00","description":"Las c\u00e1psulas de unicornio falso de nuestra marca Safinel son los complementos alimenticios preferidos cuando se trata de curas naturales.","breadcrumb":{"@id":"https:\/\/www.safinel.fr\/produit\/gelules-de-fausse-licorne\/#breadcrumb"},"inLanguage":"es","potentialAction":[{"@type":"ReadAction","target":["https:\/\/www.safinel.fr\/produit\/gelules-de-fausse-licorne\/"]}]},{"@type":"ImageObject","inLanguage":"es","@id":"https:\/\/www.safinel.fr\/produit\/gelules-de-fausse-licorne\/#primaryimage","url":"https:\/\/www.safinel.fr\/wp-content\/uploads\/2021\/05\/fausse-60-site.jpg","contentUrl":"https:\/\/www.safinel.fr\/wp-content\/uploads\/2021\/05\/fausse-60-site.jpg","width":325,"height":400,"caption":"g\u00e9lules de fausse licorne"},{"@type":"BreadcrumbList","@id":"https:\/\/www.safinel.fr\/produit\/gelules-de-fausse-licorne\/#breadcrumb","itemListElement":[{"@type":"ListItem","position":1,"name":"Accueil","item":"https:\/\/www.safinel.fr\/"},{"@type":"ListItem","position":2,"name":"Boutique","item":"https:\/\/www.safinel.fr\/boutique\/"},{"@type":"ListItem","position":3,"name":"G\u00e9lules de fausse licorne"}]},{"@type":"WebSite","@id":"https:\/\/www.safinel.fr\/#website","url":"https:\/\/www.safinel.fr\/","name":"Safinel","description":"","publisher":{"@id":"https:\/\/www.safinel.fr\/#organization"},"potentialAction":[{"@type":"SearchAction","target":{"@type":"EntryPoint","urlTemplate":"https:\/\/www.safinel.fr\/?s={search_term_string}"},"query-input":{"@type":"PropertyValueSpecification","valueRequired":true,"valueName":"search_term_string"}}],"inLanguage":"es"},{"@type":"Organization","@id":"https:\/\/www.safinel.fr\/#organization","name":"Safinel","url":"https:\/\/www.safinel.fr\/","logo":{"@type":"ImageObject","inLanguage":"es","@id":"https:\/\/www.safinel.fr\/#\/schema\/logo\/image\/","url":"https:\/\/www.safinel.fr\/wp-content\/uploads\/2021\/05\/boutique-cosmetique.png","contentUrl":"https:\/\/www.safinel.fr\/wp-content\/uploads\/2021\/05\/boutique-cosmetique.png","width":800,"height":200,"caption":"Safinel"},"image":{"@id":"https:\/\/www.safinel.fr\/#\/schema\/logo\/image\/"}}]}},"_links":{"self":[{"href":"https:\/\/www.safinel.fr\/es\/wp-json\/wp\/v2\/product\/99","targetHints":{"allow":["GET"]}}],"collection":[{"href":"https:\/\/www.safinel.fr\/es\/wp-json\/wp\/v2\/product"}],"about":[{"href":"https:\/\/www.safinel.fr\/es\/wp-json\/wp\/v2\/types\/product"}],"wp:featuredmedia":[{"embeddable":true,"href":"https:\/\/www.safinel.fr\/es\/wp-json\/wp\/v2\/media\/65"}],"wp:attachment":[{"href":"https:\/\/www.safinel.fr\/es\/wp-json\/wp\/v2\/media?parent=99"}],"wp:term":[{"taxonomy":"product_brand","embeddable":true,"href":"https:\/\/www.safinel.fr\/es\/wp-json\/wp\/v2\/product_brand?post=99"},{"taxonomy":"product_cat","embeddable":true,"href":"https:\/\/www.safinel.fr\/es\/wp-json\/wp\/v2\/product_cat?post=99"},{"taxonomy":"product_tag","embeddable":true,"href":"https:\/\/www.safinel.fr\/es\/wp-json\/wp\/v2\/product_tag?post=99"}],"curies":[{"name":"wp","href":"https:\/\/api.w.org\/{rel}","templated":true}]}}