{"id":95,"date":"2021-06-01T15:16:55","date_gmt":"2021-06-01T15:16:55","guid":{"rendered":"https:\/\/www.safinel.fr\/?post_type=product&#038;p=95"},"modified":"2023-12-28T17:15:10","modified_gmt":"2023-12-28T17:15:10","slug":"tallos-de-cerezo","status":"publish","type":"product","link":"https:\/\/www.safinel.fr\/es\/product-2\/tallos-de-cerezo\/","title":{"rendered":"Colas de cereza"},"content":{"rendered":"<p>Bolsa de 50 gramos de tallos de cereza, cantidad suficiente para preparar varias infusiones.<\/p>\n<p>En <b>tallos de cerezo <\/b>utilizadas en fitoterapia proceden del guindo, un \u00e1rbol frutal originario de Europa y del suroeste de Asia. M\u00e1s conocido como cerezo, este arbusto es famoso por sus jugosos frutos de caracter\u00edstico sabor dulce.<\/p>\n<p>Las cerezas, que se comen sobre todo cocidas, tienen un sabor \u00e1cido muy apreciado en clafoutis, pasteles e incluso mermeladas.<\/p>\n<p>En <b>tallos de cerezo<\/b> se utilizan desde hace siglos en la preparaci\u00f3n de remedios naturales. Pero, \u00bfconoces sus propiedades medicinales?<\/p>\n<p>Veamos qu\u00e9 pueden hacer por nosotros y c\u00f3mo podemos sacarles el m\u00e1ximo partido.<\/p>\n<h2><b>Los rabitos de las cerezas: el punto de informaci\u00f3n<\/b><\/h2>\n<p>Se denominan com\u00fanmente <b>tallos de cerezo<\/b> : <b>tallos de cereza<\/b>. Se utilizan desde hace mucho tiempo para estimular la eliminaci\u00f3n renal. Es un remedio natural que, a primera vista, resulta bastante f\u00e1cil de encontrar. Basta con recoger cerezas, conservar los rabitos, secarlos y utilizarlos con fines terap\u00e9uticos.<span class=\"Apple-converted-space\">\u00a0<\/span><\/p>\n<p>Pero no es tan sencillo. Es un trabajo meticuloso y sustancial, que requiere largas horas de trabajo. Pero cuando nos lo sirven todo en bandeja de plata... o m\u00e1s bien en una bolsa de papel kraft. \u00bfPor qu\u00e9 privarse?<\/p>\n<p>Las guindas se cultivan principalmente en zonas soleadas del hemisferio norte. El cerezo crece en las lindes de los bosques, en terrenos incultos. No obstante, es capaz de adaptarse a distintas condiciones de cultivo.<\/p>\n<p>Al crecer, el cerezo forma un arbusto que puede medir hasta 5 metros de altura. Tiene muchas ramas en las que aparecen flores blancas o rosas en primavera. \u00c9stas son sustituidas por los frutos, las cerezas, que maduran durante la estaci\u00f3n estival. Es entonces cuando se recolectan las guindas y los rabos.<\/p>\n<p>El tallo de la cereza tiene un sabor amargo y astringente. No se consume tal cual, sino que se utiliza para <b>preparar infusiones y otras tisanas.<span class=\"Apple-converted-space\">\u00a0<\/span><\/b><\/p>\n<p>Cuando las guindas est\u00e1n maduras y son de color rojo vivo, el <b>tallos de cerezo<\/b> son de color entre verde y marr\u00f3n. Forman un filamento de peque\u00f1o di\u00e1metro y una longitud de unos 4 cent\u00edmetros.<span class=\"Apple-converted-space\">\u00a0<\/span><\/p>\n<p>En nuestro sitio web encontrar\u00e1 <b>tallos de cerezo<\/b> en bolsitas de 100 g o 200 g a elegir. Y todo ello con una relaci\u00f3n calidad-precio inmejorable.<span class=\"Apple-converted-space\">\u00a0<\/span><\/p>\n<h2><b>Pero, \u00bfde qu\u00e9 est\u00e1n hechos los tallos de las cerezas?<\/b><\/h2>\n<p>Los rabitos de las cerezas parecen tan simples y b\u00e1sicos... Y sin embargo, en realidad est\u00e1n compuestos por una multitud de nutrientes beneficiosos para el cuerpo y el organismo. Los componentes m\u00e1s caracter\u00edsticos son :<span class=\"Apple-converted-space\">\u00a0<\/span><\/p>\n<ul>\n<li>Inicialmente, el <b>flavonoides<\/b> tambi\u00e9n conocida como vitamina P, est\u00e1n presentes en muchas frutas y alimentos. Se conocen sobre todo por sus propiedades antioxidantes.<span class=\"Apple-converted-space\">\u00a0<\/span><\/li>\n<\/ul>\n<ul>\n<li><b>Vitamina C :<\/b> un nutriente esencial que interviene en cientos de procesos del organismo.<span class=\"Apple-converted-space\">\u00a0<\/span><\/li>\n<\/ul>\n<ul>\n<li><b>Melatonina :<\/b> la hormona central que regula los ritmos cronobiol\u00f3gicos.<span class=\"Apple-converted-space\">\u00a0<\/span><\/li>\n<\/ul>\n<ul>\n<li><b>Muc\u00edlago : <\/b>una sustancia que permite a la planta retener agua en sus tejidos.<span class=\"Apple-converted-space\">\u00a0<\/span><\/li>\n<\/ul>\n<ul>\n<li>Por \u00faltimo, el <b>taninos,<\/b> que tienen principalmente propiedades astringentes.<\/li>\n<\/ul>\n<p>Sin embargo, hay varias razones para ello, <b>la composici\u00f3n de los tallos de las cerezas<\/b> var\u00eda seg\u00fan la especie de cereza. En fitoterapia, las m\u00e1s utilizadas son <b>Tallos de guinda.<\/b><\/p>\n<h2><b>Las poderosas virtudes de los tallos de cereza<span class=\"Apple-converted-space\">\u00a0<\/span><\/b><\/h2>\n<p>Numerosos estudios han puesto de relieve la <b>Propiedades desintoxicantes, drenantes y antioxidantes de los tallos de guinda.<\/b> Seg\u00fan los investigadores, \u00e9stos act\u00faan como <b>drenantes naturales<\/b>, a trav\u00e9s de una serie de actividades complementarias:<span class=\"Apple-converted-space\">\u00a0<\/span><\/p>\n<ul>\n<li>En primer lugar, su<b> acci\u00f3n diur\u00e9tica<\/b> Tambi\u00e9n es conocido por su capacidad para aumentar la secreci\u00f3n urinaria: en otras palabras, el tallo de cereza favorece y aumenta la secreci\u00f3n urinaria. Esto ayuda a combatir la retenci\u00f3n de agua en el organismo. Esta actividad diur\u00e9tica se debe esencialmente a las sales de potasio presentes en el tallo. <span class=\"Apple-converted-space\">\u00a0<\/span><\/li>\n<\/ul>\n<ul>\n<li>En segundo lugar, su <b>actividad depurativa<\/b> Adem\u00e1s de su acci\u00f3n diur\u00e9tica, tambi\u00e9n puede favorecer la eliminaci\u00f3n de toxinas y productos de desecho del organismo. Esta acci\u00f3n es muy \u00fatil durante las dietas de adelgazamiento.<span class=\"Apple-converted-space\">\u00a0<\/span><\/li>\n<\/ul>\n<ul>\n<li>Entonces, su <b>actividad antioxidante y antiinflamatoria<\/b>, que ayuda a combatir los da\u00f1os causados por los radicales libres.<\/li>\n<\/ul>\n<ul>\n<li>Adem\u00e1s, su <b>virtudes adelgazantes<\/b> Los flavonoides contribuyen a reducir el sobrepeso.<\/li>\n<\/ul>\n<ul>\n<li>Y por \u00faltimo, su valor terap\u00e9utico <b>contra los problemas urinarios<\/b> Los rabitos de cereza: los rabitos de cereza tienen un valor terap\u00e9utico en la lucha contra ciertas infecciones. Pueden combatir las infecciones urinarias. Adem\u00e1s de ayudar a eliminar los agentes pat\u00f3genos, parecen aliviar la inflamaci\u00f3n de las v\u00edas urinarias.<\/li>\n<\/ul>\n<h2><b>\u00bfDiferentes formas de comer rabitos de cereza?<span class=\"Apple-converted-space\">\u00a0<\/span><\/b><\/h2>\n<p>En la medicina tradicional, este <b>complemento alimenticio <\/b>pueden prepararse y comerse de diversas maneras. Por ejemplo <i>en decocci\u00f3n, maceraci\u00f3n o infusi\u00f3n.<span class=\"Apple-converted-space\">\u00a0<\/span><\/i><\/p>\n<p><b>Para la infusi\u00f3n : <\/b>Basta con tomar 2 cucharadas generosas por litro de agua y dejar hervir durante unos diez minutos. Una vez filtrada, puede beber la mezcla a lo largo del d\u00eda.<\/p>\n<p><b>Como decocci\u00f3n :<\/b> Remojar 3 o 4 cucharadas en un litro de agua fr\u00eda durante 10-12 horas. Despu\u00e9s se hierve durante 20 minutos y se cuela. La ventaja de la decocci\u00f3n es que conserva un m\u00e1ximo de elementos y nutrientes.<\/p>\n<p><b>Para la maceraci\u00f3n :<\/b> que se obtiene remojando el <b>tallos de cerezo<\/b> en agua fr\u00eda.<\/p>\n<h2><b>Conservar los tallos de las cerezas<span class=\"Apple-converted-space\">\u00a0<\/span><\/b><\/h2>\n<p>En<b> tallos de cerezo <\/b>pueden conservarse durante mucho tiempo. De hecho, basta con seguir estos pocos consejos para que duren:<span class=\"Apple-converted-space\">\u00a0<\/span><\/p>\n<ul>\n<li>En primer lugar, gu\u00e1rdelos en un lugar oscuro y fresco.<\/li>\n<li>Y mant\u00e9ngalos alejados de la humedad.<span class=\"Apple-converted-space\">\u00a0<\/span><\/li>\n<li>Y por \u00faltimo, pero no por ello menos importante, gu\u00e1rdalos en su bolsa original, asegur\u00e1ndote de cerrarla herm\u00e9ticamente. O en una lata herm\u00e9ticamente cerrada.<\/li>\n<\/ul>\n<h3><b>Precauciones<\/b><\/h3>\n<p>Hasta la fecha, no se conocen contraindicaciones para el uso medicinal de los tallos de cereza.<span class=\"Apple-converted-space\">\u00a0<\/span><\/p>\n<p>Sin embargo, el uso de plantas para tratar enfermedades s\u00f3lo debe realizarse bajo consejo de un m\u00e9dico, farmac\u00e9utico o herborista.<\/p>\n<p>Las mujeres embarazadas o en periodo de lactancia deben consultar a su m\u00e9dico antes de automedicarse, ya que esto puede tener efectos adversos.<span class=\"Apple-converted-space\">\u00a0<\/span><\/p>\n<p>Lo mismo se aplica a las personas que padecen enfermedades cr\u00f3nicas graves o siguen un tratamiento paralelo. <b><a href=\"https:\/\/www.alptis.org\/lexique-assurance\/professionnel-de-sante\/\">Es esencial consultar a un profesional sanitario antes de iniciar este tipo de tratamiento.<\/a>.<\/b><\/p>\n<p>Sin embargo, los tallos de cereza no tienen efectos indeseables, siempre que se respeten las dosis y los tiempos de medicaci\u00f3n indicados.<\/p>\n<h3><b>Descubra nuestros t\u00e9s e infusiones<span class=\"Apple-converted-space\">\u00a0<\/span><\/b><\/h3>\n<p>Nuestro sitio web ofrece una gama de t\u00e9s e infusiones con multitud de beneficios. En particular, encontrar\u00e1 :<span class=\"Apple-converted-space\">\u00a0<\/span><\/p>\n<ul>\n<li>En <a href=\"https:\/\/www.safinel.fr\/es\/product-2\/djeka-se-va\/\"><b>djeka se va<\/b><\/a><\/li>\n<li>O el <a href=\"https:\/\/www.safinel.fr\/es\/product-2\/salvia-sclarea\/\"><strong>t\u00e9 de salvia sclarea<\/strong><\/a><\/li>\n<\/ul>","protected":false},"excerpt":{"rendered":"<p>Bolsa de 50 gramos de rabos de cereza, bastante voluminosa, permite preparar numerosas infusiones. Los rabos de cereza utilizados en fitoterapia proceden del cerezo silvestre, un \u00e1rbol frutal originario de Europa y el suroeste de Asia. M\u00e1s conocido como cerezo, este arbusto es famoso por su jugoso fruto y su sabor dulce tan caracter\u00edstico. [\u2026]","protected":false},"featured_media":38,"template":"","meta":[],"product_brand":[],"product_cat":[19],"product_tag":[],"class_list":{"0":"post-95","1":"product","2":"type-product","3":"status-publish","4":"has-post-thumbnail","6":"product_cat-thes-tisanes","8":"first","9":"instock","10":"shipping-taxable","11":"purchasable","12":"product-type-variable"},"yoast_head":"<!-- This site is optimized with the Yoast SEO plugin v26.6 - https:\/\/yoast.com\/wordpress\/plugins\/seo\/ -->\n<title>Queues de cerises | Infusion et tisane aux bienfaits multiples<\/title>\n<meta name=\"description\" content=\"Les queues de cerises utilis\u00e9es en phytoth\u00e9rapie viennent du griottier, un arbre fruitier originaire d\u2019Europe et d\u2019Asie du Sud-Ouest.\" \/>\n<meta name=\"robots\" content=\"index, follow, max-snippet:-1, max-image-preview:large, max-video-preview:-1\" \/>\n<link rel=\"canonical\" href=\"https:\/\/www.safinel.fr\/es\/product-2\/tallos-de-cerezo\/\" \/>\n<meta property=\"og:locale\" content=\"es_ES\" \/>\n<meta property=\"og:type\" content=\"article\" \/>\n<meta property=\"og:title\" content=\"Queues de cerises | Infusion et tisane aux bienfaits multiples\" \/>\n<meta property=\"og:description\" content=\"Les queues de cerises utilis\u00e9es en phytoth\u00e9rapie viennent du griottier, un arbre fruitier originaire d\u2019Europe et d\u2019Asie du Sud-Ouest.\" \/>\n<meta property=\"og:url\" content=\"https:\/\/www.safinel.fr\/es\/product-2\/tallos-de-cerezo\/\" \/>\n<meta property=\"og:site_name\" content=\"Safinel\" \/>\n<meta property=\"article:modified_time\" content=\"2023-12-28T17:15:10+00:00\" \/>\n<meta property=\"og:image\" content=\"https:\/\/www.safinel.fr\/wp-content\/uploads\/2021\/05\/q-cerise-site.jpg\" \/>\n\t<meta property=\"og:image:width\" content=\"861\" \/>\n\t<meta property=\"og:image:height\" content=\"1049\" \/>\n\t<meta property=\"og:image:type\" content=\"image\/jpeg\" \/>\n<meta name=\"twitter:card\" content=\"summary_large_image\" \/>\n<meta name=\"twitter:label1\" content=\"Tiempo de lectura\" \/>\n\t<meta name=\"twitter:data1\" content=\"5 minutos\" \/>\n<script type=\"application\/ld+json\" class=\"yoast-schema-graph\">{\"@context\":\"https:\/\/schema.org\",\"@graph\":[{\"@type\":\"WebPage\",\"@id\":\"https:\/\/www.safinel.fr\/produit\/queues-de-cerises\/\",\"url\":\"https:\/\/www.safinel.fr\/produit\/queues-de-cerises\/\",\"name\":\"Queues de cerises | Infusion et tisane aux bienfaits multiples\",\"isPartOf\":{\"@id\":\"https:\/\/www.safinel.fr\/#website\"},\"primaryImageOfPage\":{\"@id\":\"https:\/\/www.safinel.fr\/produit\/queues-de-cerises\/#primaryimage\"},\"image\":{\"@id\":\"https:\/\/www.safinel.fr\/produit\/queues-de-cerises\/#primaryimage\"},\"thumbnailUrl\":\"https:\/\/www.safinel.fr\/wp-content\/uploads\/2021\/05\/q-cerise-site.jpg\",\"datePublished\":\"2021-06-01T15:16:55+00:00\",\"dateModified\":\"2023-12-28T17:15:10+00:00\",\"description\":\"Les queues de cerises utilis\u00e9es en phytoth\u00e9rapie viennent du griottier, un arbre fruitier originaire d\u2019Europe et d\u2019Asie du Sud-Ouest.\",\"breadcrumb\":{\"@id\":\"https:\/\/www.safinel.fr\/produit\/queues-de-cerises\/#breadcrumb\"},\"inLanguage\":\"es\",\"potentialAction\":[{\"@type\":\"ReadAction\",\"target\":[\"https:\/\/www.safinel.fr\/produit\/queues-de-cerises\/\"]}]},{\"@type\":\"ImageObject\",\"inLanguage\":\"es\",\"@id\":\"https:\/\/www.safinel.fr\/produit\/queues-de-cerises\/#primaryimage\",\"url\":\"https:\/\/www.safinel.fr\/wp-content\/uploads\/2021\/05\/q-cerise-site.jpg\",\"contentUrl\":\"https:\/\/www.safinel.fr\/wp-content\/uploads\/2021\/05\/q-cerise-site.jpg\",\"width\":861,\"height\":1049,\"caption\":\"Queues de cerises\"},{\"@type\":\"BreadcrumbList\",\"@id\":\"https:\/\/www.safinel.fr\/produit\/queues-de-cerises\/#breadcrumb\",\"itemListElement\":[{\"@type\":\"ListItem\",\"position\":1,\"name\":\"Accueil\",\"item\":\"https:\/\/www.safinel.fr\/\"},{\"@type\":\"ListItem\",\"position\":2,\"name\":\"Boutique\",\"item\":\"https:\/\/www.safinel.fr\/boutique\/\"},{\"@type\":\"ListItem\",\"position\":3,\"name\":\"Queues de cerises\"}]},{\"@type\":\"WebSite\",\"@id\":\"https:\/\/www.safinel.fr\/#website\",\"url\":\"https:\/\/www.safinel.fr\/\",\"name\":\"Safinel\",\"description\":\"\",\"publisher\":{\"@id\":\"https:\/\/www.safinel.fr\/#organization\"},\"potentialAction\":[{\"@type\":\"SearchAction\",\"target\":{\"@type\":\"EntryPoint\",\"urlTemplate\":\"https:\/\/www.safinel.fr\/?s={search_term_string}\"},\"query-input\":{\"@type\":\"PropertyValueSpecification\",\"valueRequired\":true,\"valueName\":\"search_term_string\"}}],\"inLanguage\":\"es\"},{\"@type\":\"Organization\",\"@id\":\"https:\/\/www.safinel.fr\/#organization\",\"name\":\"Safinel\",\"url\":\"https:\/\/www.safinel.fr\/\",\"logo\":{\"@type\":\"ImageObject\",\"inLanguage\":\"es\",\"@id\":\"https:\/\/www.safinel.fr\/#\/schema\/logo\/image\/\",\"url\":\"https:\/\/www.safinel.fr\/wp-content\/uploads\/2021\/05\/boutique-cosmetique.png\",\"contentUrl\":\"https:\/\/www.safinel.fr\/wp-content\/uploads\/2021\/05\/boutique-cosmetique.png\",\"width\":800,\"height\":200,\"caption\":\"Safinel\"},\"image\":{\"@id\":\"https:\/\/www.safinel.fr\/#\/schema\/logo\/image\/\"}}]}<\/script>\n<!-- \/ Yoast SEO plugin. -->","yoast_head_json":{"title":"Colas de cereza | Infusi\u00f3n y tisana con m\u00faltiples beneficios","description":"Los tallos de cereza utilizados en fitoterapia proceden del guindo, un \u00e1rbol frutal originario de Europa y el suroeste de Asia.","robots":{"index":"index","follow":"follow","max-snippet":"max-snippet:-1","max-image-preview":"max-image-preview:large","max-video-preview":"max-video-preview:-1"},"canonical":"https:\/\/www.safinel.fr\/es\/product-2\/tallos-de-cerezo\/","og_locale":"es_ES","og_type":"article","og_title":"Queues de cerises | Infusion et tisane aux bienfaits multiples","og_description":"Les queues de cerises utilis\u00e9es en phytoth\u00e9rapie viennent du griottier, un arbre fruitier originaire d\u2019Europe et d\u2019Asie du Sud-Ouest.","og_url":"https:\/\/www.safinel.fr\/es\/product-2\/tallos-de-cerezo\/","og_site_name":"Safinel","article_modified_time":"2023-12-28T17:15:10+00:00","og_image":[{"width":861,"height":1049,"url":"https:\/\/www.safinel.fr\/wp-content\/uploads\/2021\/05\/q-cerise-site.jpg","type":"image\/jpeg"}],"twitter_card":"summary_large_image","twitter_misc":{"Tiempo de lectura":"5 minutos"},"schema":{"@context":"https:\/\/schema.org","@graph":[{"@type":"WebPage","@id":"https:\/\/www.safinel.fr\/produit\/queues-de-cerises\/","url":"https:\/\/www.safinel.fr\/produit\/queues-de-cerises\/","name":"Colas de cereza | Infusi\u00f3n y tisana con m\u00faltiples beneficios","isPartOf":{"@id":"https:\/\/www.safinel.fr\/#website"},"primaryImageOfPage":{"@id":"https:\/\/www.safinel.fr\/produit\/queues-de-cerises\/#primaryimage"},"image":{"@id":"https:\/\/www.safinel.fr\/produit\/queues-de-cerises\/#primaryimage"},"thumbnailUrl":"https:\/\/www.safinel.fr\/wp-content\/uploads\/2021\/05\/q-cerise-site.jpg","datePublished":"2021-06-01T15:16:55+00:00","dateModified":"2023-12-28T17:15:10+00:00","description":"Los tallos de cereza utilizados en fitoterapia proceden del guindo, un \u00e1rbol frutal originario de Europa y el suroeste de Asia.","breadcrumb":{"@id":"https:\/\/www.safinel.fr\/produit\/queues-de-cerises\/#breadcrumb"},"inLanguage":"es","potentialAction":[{"@type":"ReadAction","target":["https:\/\/www.safinel.fr\/produit\/queues-de-cerises\/"]}]},{"@type":"ImageObject","inLanguage":"es","@id":"https:\/\/www.safinel.fr\/produit\/queues-de-cerises\/#primaryimage","url":"https:\/\/www.safinel.fr\/wp-content\/uploads\/2021\/05\/q-cerise-site.jpg","contentUrl":"https:\/\/www.safinel.fr\/wp-content\/uploads\/2021\/05\/q-cerise-site.jpg","width":861,"height":1049,"caption":"Queues de cerises"},{"@type":"BreadcrumbList","@id":"https:\/\/www.safinel.fr\/produit\/queues-de-cerises\/#breadcrumb","itemListElement":[{"@type":"ListItem","position":1,"name":"Accueil","item":"https:\/\/www.safinel.fr\/"},{"@type":"ListItem","position":2,"name":"Boutique","item":"https:\/\/www.safinel.fr\/boutique\/"},{"@type":"ListItem","position":3,"name":"Queues de cerises"}]},{"@type":"WebSite","@id":"https:\/\/www.safinel.fr\/#website","url":"https:\/\/www.safinel.fr\/","name":"Safinel","description":"","publisher":{"@id":"https:\/\/www.safinel.fr\/#organization"},"potentialAction":[{"@type":"SearchAction","target":{"@type":"EntryPoint","urlTemplate":"https:\/\/www.safinel.fr\/?s={search_term_string}"},"query-input":{"@type":"PropertyValueSpecification","valueRequired":true,"valueName":"search_term_string"}}],"inLanguage":"es"},{"@type":"Organization","@id":"https:\/\/www.safinel.fr\/#organization","name":"Safinel","url":"https:\/\/www.safinel.fr\/","logo":{"@type":"ImageObject","inLanguage":"es","@id":"https:\/\/www.safinel.fr\/#\/schema\/logo\/image\/","url":"https:\/\/www.safinel.fr\/wp-content\/uploads\/2021\/05\/boutique-cosmetique.png","contentUrl":"https:\/\/www.safinel.fr\/wp-content\/uploads\/2021\/05\/boutique-cosmetique.png","width":800,"height":200,"caption":"Safinel"},"image":{"@id":"https:\/\/www.safinel.fr\/#\/schema\/logo\/image\/"}}]}},"_links":{"self":[{"href":"https:\/\/www.safinel.fr\/es\/wp-json\/wp\/v2\/product\/95","targetHints":{"allow":["GET"]}}],"collection":[{"href":"https:\/\/www.safinel.fr\/es\/wp-json\/wp\/v2\/product"}],"about":[{"href":"https:\/\/www.safinel.fr\/es\/wp-json\/wp\/v2\/types\/product"}],"wp:featuredmedia":[{"embeddable":true,"href":"https:\/\/www.safinel.fr\/es\/wp-json\/wp\/v2\/media\/38"}],"wp:attachment":[{"href":"https:\/\/www.safinel.fr\/es\/wp-json\/wp\/v2\/media?parent=95"}],"wp:term":[{"taxonomy":"product_brand","embeddable":true,"href":"https:\/\/www.safinel.fr\/es\/wp-json\/wp\/v2\/product_brand?post=95"},{"taxonomy":"product_cat","embeddable":true,"href":"https:\/\/www.safinel.fr\/es\/wp-json\/wp\/v2\/product_cat?post=95"},{"taxonomy":"product_tag","embeddable":true,"href":"https:\/\/www.safinel.fr\/es\/wp-json\/wp\/v2\/product_tag?post=95"}],"curies":[{"name":"wp","href":"https:\/\/api.w.org\/{rel}","templated":true}]}}