{"id":9443,"date":"2023-11-07T17:33:46","date_gmt":"2023-11-07T17:33:46","guid":{"rendered":"https:\/\/www.safinel.fr\/?post_type=product&#038;p=9443"},"modified":"2023-12-28T17:16:13","modified_gmt":"2023-12-28T17:16:13","slug":"almizcle-tahara-pina","status":"publish","type":"product","link":"https:\/\/www.safinel.fr\/es\/product-2\/almizcle-tahara-pina\/","title":{"rendered":"Almizcle Tahara pi\u00f1a 3ml"},"content":{"rendered":"<p class=\"p2\">Descubre la<b> Almizcle de pi\u00f1a de Tahara.<\/b>\u00a0Una fragancia ex\u00f3tica que evoca la calidez de los tr\u00f3picos y deleita los sentidos. Si desea darse un capricho o agasajar a otra persona, esta fragancia de pi\u00f1a es la elecci\u00f3n perfecta.<span class=\"Apple-converted-space\">\u00a0<\/span><\/p>\n<p class=\"p2\">Descubra c\u00f3mo esta fragancia \u00fanica puede ayudarle a redescubrir su intimidad y sentirse radiante.<\/p>\n<h2 class=\"p3\"><b>Musk Tahara pi\u00f1a, para una intimidad reci\u00e9n descubierta<\/b><\/h2>\n<p class=\"p2\">El almizcle de pi\u00f1a Tahara es m\u00e1s que una fragancia. Es un s\u00edmbolo de autoconfianza y bienestar. Al aplicarlo, te regalas un momento de relajaci\u00f3n y conexi\u00f3n contigo mismo.<span class=\"Apple-converted-space\">\u00a0<\/span><\/p>\n<p class=\"p2\">Adem\u00e1s, su <b>aroma atractivo<\/b> te transporta a tierras lejanas, dej\u00e1ndote escapar por un momento.<span class=\"Apple-converted-space\">\u00a0<\/span><\/p>\n<p class=\"p2\">D\u00e9jese llevar por sus notas dulces y refrescantes, y redescubra su intimidad de una forma nueva y excitante.<\/p>\n<h2 class=\"p3\"><b>La fragancia tropical del almizcle de pi\u00f1a Tahara.<\/b><\/h2>\n<p class=\"p2\">Con el almizcle de pi\u00f1a de Tahara, sum\u00e9rjase en un <b>universo olfativo tropical <\/b>\u00fanico. Sus acordes de jugosa pi\u00f1a y almizcle crean una sinfon\u00eda arom\u00e1tica que captura la esencia misma del exotismo.<\/p>\n<p class=\"p2\">D\u00e9jate transportar por fin a playas de arena fina y puestas de sol abrasadoras, y empapa tu piel con este<b> fragancia sensual<\/b>. Cada aplicaci\u00f3n se convierte en un viaje sensorial, que le permite evadirse y sentir el calor del tr\u00f3pico, est\u00e9 donde est\u00e9.<\/p>\n<h3 class=\"p3\"><b>La importancia de encontrar el almizcle adecuado para usted<\/b><\/h3>\n<p class=\"p2\">Encontrar el almizcle perfecto es esencial para expresar plenamente tu personalidad y sensualidad. El almizcle aqu\u00ed presente, al igual que el <a href=\"https:\/\/www.safinel.fr\/es\/product-2\/almizcle-tahara-platano\/\"><b>Pl\u00e1tano de Tahara<\/b><\/a> ofrece una experiencia sensorial \u00fanica adaptada a cada persona.<span class=\"Apple-converted-space\">\u00a0<\/span><\/p>\n<p class=\"p2\">Tanto si busca una fragancia refrescante para el d\u00eda a d\u00eda como un aroma goloso para ocasiones especiales, este vers\u00e1til almizcle se adaptar\u00e1 a todos sus estados de \u00e1nimo.<span class=\"Apple-converted-space\">\u00a0<\/span><\/p>\n<p class=\"p2\">D\u00e9jese seducir por sus notas ex\u00f3ticas y descubra lo importante que es encontrar el producto adecuado para usted. <b>fragancia \u00edntima<\/b> que realmente te convenga.<\/p>","protected":false},"excerpt":{"rendered":"<p><img decoding=\"async\" class=\"size-full wp-image-5091 aligncenter\" src=\"https:\/\/www.safinel.fr\/wp-content\/uploads\/2021\/06\/BANNIERE-ICONE-SAFINEL.webp\" alt=\"reaseguro de sat\u00e9n\" width=\"800\" height=\"200\" srcset=\"https:\/\/www.safinel.fr\/wp-content\/uploads\/2021\/06\/BANNIERE-ICONE-SAFINEL.webp 800w, https:\/\/www.safinel.fr\/wp-content\/uploads\/2021\/06\/BANNIERE-ICONE-SAFINEL-600x150.webp 600w, https:\/\/www.safinel.fr\/wp-content\/uploads\/2021\/06\/BANNIERE-ICONE-SAFINEL-768x192.webp 768w\" sizes=\"(max-width: 800px) 100vw, 800px\" \/><\/p>","protected":false},"featured_media":9585,"template":"","meta":[],"product_brand":[],"product_cat":[127],"product_tag":[],"class_list":{"0":"post-9443","1":"product","2":"type-product","3":"status-publish","4":"has-post-thumbnail","6":"product_cat-musc-tahara-intime","8":"first","9":"instock","10":"shipping-taxable","11":"purchasable","12":"product-type-simple"},"yoast_head":"<!-- This site is optimized with the Yoast SEO plugin v26.6 - https:\/\/yoast.com\/wordpress\/plugins\/seo\/ -->\n<title>Musc Tahara ananas I Odeur exotique I Contenance 3ml<\/title>\n<meta name=\"description\" content=\"D\u00e9couvrez enfin le musc Tahara ananas 3ml.\u00a0Une fragrance exotique qui \u00e9voque la chaleur des tropiques et ravive les sens.\" \/>\n<meta name=\"robots\" content=\"index, follow, max-snippet:-1, max-image-preview:large, max-video-preview:-1\" \/>\n<link rel=\"canonical\" href=\"https:\/\/www.safinel.fr\/es\/product-2\/almizcle-tahara-pina\/\" \/>\n<meta property=\"og:locale\" content=\"es_ES\" \/>\n<meta property=\"og:type\" content=\"article\" \/>\n<meta property=\"og:title\" content=\"Musc Tahara ananas I Odeur exotique I Contenance 3ml\" \/>\n<meta property=\"og:description\" content=\"D\u00e9couvrez enfin le musc Tahara ananas 3ml.\u00a0Une fragrance exotique qui \u00e9voque la chaleur des tropiques et ravive les sens.\" \/>\n<meta property=\"og:url\" content=\"https:\/\/www.safinel.fr\/es\/product-2\/almizcle-tahara-pina\/\" \/>\n<meta property=\"og:site_name\" content=\"Safinel\" \/>\n<meta property=\"article:modified_time\" content=\"2023-12-28T17:16:13+00:00\" \/>\n<meta property=\"og:image\" content=\"https:\/\/www.safinel.fr\/wp-content\/uploads\/2023\/11\/musc-tahara-ananas.jpg\" \/>\n\t<meta property=\"og:image:width\" content=\"600\" \/>\n\t<meta property=\"og:image:height\" content=\"726\" \/>\n\t<meta property=\"og:image:type\" content=\"image\/jpeg\" \/>\n<meta name=\"twitter:card\" content=\"summary_large_image\" \/>\n<meta name=\"twitter:label1\" content=\"Tiempo de lectura\" \/>\n\t<meta name=\"twitter:data1\" content=\"2 minutos\" \/>\n<script type=\"application\/ld+json\" class=\"yoast-schema-graph\">{\"@context\":\"https:\/\/schema.org\",\"@graph\":[{\"@type\":\"WebPage\",\"@id\":\"https:\/\/www.safinel.fr\/produit\/musc-tahara-ananas\/\",\"url\":\"https:\/\/www.safinel.fr\/produit\/musc-tahara-ananas\/\",\"name\":\"Musc Tahara ananas I Odeur exotique I Contenance 3ml\",\"isPartOf\":{\"@id\":\"https:\/\/www.safinel.fr\/#website\"},\"primaryImageOfPage\":{\"@id\":\"https:\/\/www.safinel.fr\/produit\/musc-tahara-ananas\/#primaryimage\"},\"image\":{\"@id\":\"https:\/\/www.safinel.fr\/produit\/musc-tahara-ananas\/#primaryimage\"},\"thumbnailUrl\":\"https:\/\/www.safinel.fr\/wp-content\/uploads\/2023\/11\/musc-tahara-ananas.jpg\",\"datePublished\":\"2023-11-07T17:33:46+00:00\",\"dateModified\":\"2023-12-28T17:16:13+00:00\",\"description\":\"D\u00e9couvrez enfin le musc Tahara ananas 3ml.\u00a0Une fragrance exotique qui \u00e9voque la chaleur des tropiques et ravive les sens.\",\"breadcrumb\":{\"@id\":\"https:\/\/www.safinel.fr\/produit\/musc-tahara-ananas\/#breadcrumb\"},\"inLanguage\":\"es\",\"potentialAction\":[{\"@type\":\"ReadAction\",\"target\":[\"https:\/\/www.safinel.fr\/produit\/musc-tahara-ananas\/\"]}]},{\"@type\":\"ImageObject\",\"inLanguage\":\"es\",\"@id\":\"https:\/\/www.safinel.fr\/produit\/musc-tahara-ananas\/#primaryimage\",\"url\":\"https:\/\/www.safinel.fr\/wp-content\/uploads\/2023\/11\/musc-tahara-ananas.jpg\",\"contentUrl\":\"https:\/\/www.safinel.fr\/wp-content\/uploads\/2023\/11\/musc-tahara-ananas.jpg\",\"width\":600,\"height\":726,\"caption\":\"Musc Tahara ananas 3ml\"},{\"@type\":\"BreadcrumbList\",\"@id\":\"https:\/\/www.safinel.fr\/produit\/musc-tahara-ananas\/#breadcrumb\",\"itemListElement\":[{\"@type\":\"ListItem\",\"position\":1,\"name\":\"Accueil\",\"item\":\"https:\/\/www.safinel.fr\/\"},{\"@type\":\"ListItem\",\"position\":2,\"name\":\"Boutique\",\"item\":\"https:\/\/www.safinel.fr\/boutique\/\"},{\"@type\":\"ListItem\",\"position\":3,\"name\":\"Musc Tahara ananas 3ml\"}]},{\"@type\":\"WebSite\",\"@id\":\"https:\/\/www.safinel.fr\/#website\",\"url\":\"https:\/\/www.safinel.fr\/\",\"name\":\"Safinel\",\"description\":\"\",\"publisher\":{\"@id\":\"https:\/\/www.safinel.fr\/#organization\"},\"potentialAction\":[{\"@type\":\"SearchAction\",\"target\":{\"@type\":\"EntryPoint\",\"urlTemplate\":\"https:\/\/www.safinel.fr\/?s={search_term_string}\"},\"query-input\":{\"@type\":\"PropertyValueSpecification\",\"valueRequired\":true,\"valueName\":\"search_term_string\"}}],\"inLanguage\":\"es\"},{\"@type\":\"Organization\",\"@id\":\"https:\/\/www.safinel.fr\/#organization\",\"name\":\"Safinel\",\"url\":\"https:\/\/www.safinel.fr\/\",\"logo\":{\"@type\":\"ImageObject\",\"inLanguage\":\"es\",\"@id\":\"https:\/\/www.safinel.fr\/#\/schema\/logo\/image\/\",\"url\":\"https:\/\/www.safinel.fr\/wp-content\/uploads\/2021\/05\/boutique-cosmetique.png\",\"contentUrl\":\"https:\/\/www.safinel.fr\/wp-content\/uploads\/2021\/05\/boutique-cosmetique.png\",\"width\":800,\"height\":200,\"caption\":\"Safinel\"},\"image\":{\"@id\":\"https:\/\/www.safinel.fr\/#\/schema\/logo\/image\/\"}}]}<\/script>\n<!-- \/ Yoast SEO plugin. -->","yoast_head_json":{"title":"Almizcle Tahara pi\u00f1a I Fragancia ex\u00f3tica I Capacidad 3ml","description":"Descubra el almizcle de pi\u00f1a Tahara 3ml. Una fragancia ex\u00f3tica que evoca la calidez de los tr\u00f3picos y reaviva los sentidos.","robots":{"index":"index","follow":"follow","max-snippet":"max-snippet:-1","max-image-preview":"max-image-preview:large","max-video-preview":"max-video-preview:-1"},"canonical":"https:\/\/www.safinel.fr\/es\/product-2\/almizcle-tahara-pina\/","og_locale":"es_ES","og_type":"article","og_title":"Musc Tahara ananas I Odeur exotique I Contenance 3ml","og_description":"D\u00e9couvrez enfin le musc Tahara ananas 3ml.\u00a0Une fragrance exotique qui \u00e9voque la chaleur des tropiques et ravive les sens.","og_url":"https:\/\/www.safinel.fr\/es\/product-2\/almizcle-tahara-pina\/","og_site_name":"Safinel","article_modified_time":"2023-12-28T17:16:13+00:00","og_image":[{"width":600,"height":726,"url":"https:\/\/www.safinel.fr\/wp-content\/uploads\/2023\/11\/musc-tahara-ananas.jpg","type":"image\/jpeg"}],"twitter_card":"summary_large_image","twitter_misc":{"Tiempo de lectura":"2 minutos"},"schema":{"@context":"https:\/\/schema.org","@graph":[{"@type":"WebPage","@id":"https:\/\/www.safinel.fr\/produit\/musc-tahara-ananas\/","url":"https:\/\/www.safinel.fr\/produit\/musc-tahara-ananas\/","name":"Almizcle Tahara pi\u00f1a I Fragancia ex\u00f3tica I Capacidad 3ml","isPartOf":{"@id":"https:\/\/www.safinel.fr\/#website"},"primaryImageOfPage":{"@id":"https:\/\/www.safinel.fr\/produit\/musc-tahara-ananas\/#primaryimage"},"image":{"@id":"https:\/\/www.safinel.fr\/produit\/musc-tahara-ananas\/#primaryimage"},"thumbnailUrl":"https:\/\/www.safinel.fr\/wp-content\/uploads\/2023\/11\/musc-tahara-ananas.jpg","datePublished":"2023-11-07T17:33:46+00:00","dateModified":"2023-12-28T17:16:13+00:00","description":"Descubra el almizcle de pi\u00f1a Tahara 3ml. Una fragancia ex\u00f3tica que evoca la calidez de los tr\u00f3picos y reaviva los sentidos.","breadcrumb":{"@id":"https:\/\/www.safinel.fr\/produit\/musc-tahara-ananas\/#breadcrumb"},"inLanguage":"es","potentialAction":[{"@type":"ReadAction","target":["https:\/\/www.safinel.fr\/produit\/musc-tahara-ananas\/"]}]},{"@type":"ImageObject","inLanguage":"es","@id":"https:\/\/www.safinel.fr\/produit\/musc-tahara-ananas\/#primaryimage","url":"https:\/\/www.safinel.fr\/wp-content\/uploads\/2023\/11\/musc-tahara-ananas.jpg","contentUrl":"https:\/\/www.safinel.fr\/wp-content\/uploads\/2023\/11\/musc-tahara-ananas.jpg","width":600,"height":726,"caption":"Musc Tahara ananas 3ml"},{"@type":"BreadcrumbList","@id":"https:\/\/www.safinel.fr\/produit\/musc-tahara-ananas\/#breadcrumb","itemListElement":[{"@type":"ListItem","position":1,"name":"Accueil","item":"https:\/\/www.safinel.fr\/"},{"@type":"ListItem","position":2,"name":"Boutique","item":"https:\/\/www.safinel.fr\/boutique\/"},{"@type":"ListItem","position":3,"name":"Musc Tahara ananas 3ml"}]},{"@type":"WebSite","@id":"https:\/\/www.safinel.fr\/#website","url":"https:\/\/www.safinel.fr\/","name":"Safinel","description":"","publisher":{"@id":"https:\/\/www.safinel.fr\/#organization"},"potentialAction":[{"@type":"SearchAction","target":{"@type":"EntryPoint","urlTemplate":"https:\/\/www.safinel.fr\/?s={search_term_string}"},"query-input":{"@type":"PropertyValueSpecification","valueRequired":true,"valueName":"search_term_string"}}],"inLanguage":"es"},{"@type":"Organization","@id":"https:\/\/www.safinel.fr\/#organization","name":"Safinel","url":"https:\/\/www.safinel.fr\/","logo":{"@type":"ImageObject","inLanguage":"es","@id":"https:\/\/www.safinel.fr\/#\/schema\/logo\/image\/","url":"https:\/\/www.safinel.fr\/wp-content\/uploads\/2021\/05\/boutique-cosmetique.png","contentUrl":"https:\/\/www.safinel.fr\/wp-content\/uploads\/2021\/05\/boutique-cosmetique.png","width":800,"height":200,"caption":"Safinel"},"image":{"@id":"https:\/\/www.safinel.fr\/#\/schema\/logo\/image\/"}}]}},"_links":{"self":[{"href":"https:\/\/www.safinel.fr\/es\/wp-json\/wp\/v2\/product\/9443","targetHints":{"allow":["GET"]}}],"collection":[{"href":"https:\/\/www.safinel.fr\/es\/wp-json\/wp\/v2\/product"}],"about":[{"href":"https:\/\/www.safinel.fr\/es\/wp-json\/wp\/v2\/types\/product"}],"wp:featuredmedia":[{"embeddable":true,"href":"https:\/\/www.safinel.fr\/es\/wp-json\/wp\/v2\/media\/9585"}],"wp:attachment":[{"href":"https:\/\/www.safinel.fr\/es\/wp-json\/wp\/v2\/media?parent=9443"}],"wp:term":[{"taxonomy":"product_brand","embeddable":true,"href":"https:\/\/www.safinel.fr\/es\/wp-json\/wp\/v2\/product_brand?post=9443"},{"taxonomy":"product_cat","embeddable":true,"href":"https:\/\/www.safinel.fr\/es\/wp-json\/wp\/v2\/product_cat?post=9443"},{"taxonomy":"product_tag","embeddable":true,"href":"https:\/\/www.safinel.fr\/es\/wp-json\/wp\/v2\/product_tag?post=9443"}],"curies":[{"name":"wp","href":"https:\/\/api.w.org\/{rel}","templated":true}]}}