{"id":9441,"date":"2023-11-07T17:23:55","date_gmt":"2023-11-07T17:23:55","guid":{"rendered":"https:\/\/www.safinel.fr\/?post_type=product&#038;p=9441"},"modified":"2023-12-28T17:16:13","modified_gmt":"2023-12-28T17:16:13","slug":"almizcle-tahara-platano","status":"publish","type":"product","link":"https:\/\/www.safinel.fr\/es\/product-2\/almizcle-tahara-platano\/","title":{"rendered":"Almizcle Tahara pl\u00e1tano 3ml"},"content":{"rendered":"<p>Descubre por fin la fragancia \u00edntima\u00a0<strong>Pl\u00e1tano tahara almizclado<\/strong>, Una fragancia \u00fanica que le transporta a un mundo de suavidad y confianza. Este exquisito almizcle est\u00e1 ciertamente dise\u00f1ado para ofrecerle una experiencia olfativa inolvidable, al tiempo que le proporciona una sensaci\u00f3n de frescor y bienestar. Con sus notas afrutadas, es la elecci\u00f3n perfecta para quienes buscan una fragancia \u00edntima y delicada.<\/p>\n<h2><strong>Una fragancia \u00edntima<\/strong><\/h2>\n<p>Le\u00a0<strong>almizcle tahara pl\u00e1tano<\/strong>\u00a0es mucho m\u00e1s que un perfume. Est\u00e1 especialmente dise\u00f1ado para ser utilizado como un almizcle \u00edntimo. Aporta un toque de sensualidad a su rutina diaria. Las notas dulces del pl\u00e1tano se mezclan armoniosamente con los acordes almizclados, creando una fragancia \u00fanica.<\/p>\n<h2><strong>Banana tahara musk para una confianza renovada<\/strong><\/h2>\n<p>La fragancia que lleva puede tener un impacto significativo en su autoestima. Sin embargo, con la<strong>\u00a0almizcle \u00edntimo<\/strong>\u00a0con pl\u00e1tanos, puedes recuperar la confianza en ti mismo.<\/p>\n<p>Las notas afrutadas y dulces del pl\u00e1tano te envuelven en un aura de positividad y alegr\u00eda, d\u00e1ndote la confianza necesaria para afrontar tu d\u00eda con serenidad.<\/p>\n<h3><strong>Despu\u00e9s de almizcle tahara pl\u00e1tano, descubre almizcle tahara pi\u00f1a<\/strong><\/h3>\n<p>Si te gust\u00f3 la experiencia de Musc Tahara Banane, te encantar\u00e1 descubrir Musc Tahara Banane. <a href=\"https:\/\/www.safinel.fr\/es\/product-2\/almizcle-tahara-pina\/\"><strong>almizcle tahara pi\u00f1a<\/strong><\/a>. Este\u00a0<strong>fragancia ex\u00f3tica<\/strong>\u00a0Al igual que su predecesor, Musc Tahara Ananas est\u00e1 dise\u00f1ado para ser utilizado como un almizcle \u00edntimo. Le ofrece una experiencia olfativa \u00fanica y sensual. D\u00e9jese llevar por esta nueva aventura olfativa y descubra Musc Tahara Ananas.<\/p>\n<p>Es una experiencia olfativa \u00fanica que te transporta a un mundo de suavidad y confianza. Y si est\u00e1s listo para explorar nuevas sensaciones, hay un mont\u00f3n de almizcles esperando para llevarte a una aventura arom\u00e1tica.<\/p>\n<p>D\u00e9jese seducir por nuestro<strong>\u00a0fragancias \u00edntimas<\/strong>\u00a0y descubra el poder de las fragancias afrutadas y sensuales.<\/p>","protected":false},"excerpt":{"rendered":"<p><img decoding=\"async\" class=\"size-full wp-image-5091 aligncenter\" src=\"https:\/\/www.safinel.fr\/wp-content\/uploads\/2021\/06\/BANNIERE-ICONE-SAFINEL.webp\" alt=\"reaseguro de sat\u00e9n\" width=\"800\" height=\"200\" srcset=\"https:\/\/www.safinel.fr\/wp-content\/uploads\/2021\/06\/BANNIERE-ICONE-SAFINEL.webp 800w, https:\/\/www.safinel.fr\/wp-content\/uploads\/2021\/06\/BANNIERE-ICONE-SAFINEL-600x150.webp 600w, https:\/\/www.safinel.fr\/wp-content\/uploads\/2021\/06\/BANNIERE-ICONE-SAFINEL-768x192.webp 768w\" sizes=\"(max-width: 800px) 100vw, 800px\" \/><\/p>","protected":false},"featured_media":9442,"template":"","meta":[],"product_brand":[],"product_cat":[127],"product_tag":[],"class_list":{"0":"post-9441","1":"product","2":"type-product","3":"status-publish","4":"has-post-thumbnail","6":"product_cat-musc-tahara-intime","8":"first","9":"instock","10":"shipping-taxable","11":"purchasable","12":"product-type-simple"},"yoast_head":"<!-- This site is optimized with the Yoast SEO plugin v26.6 - https:\/\/yoast.com\/wordpress\/plugins\/seo\/ -->\n<title>Musc Tahara banane I Odeur exquise I Contenance 3ml<\/title>\n<meta name=\"description\" content=\"D\u00e9couvrez enfin le parfum intime aromatis\u00e9\u00a0Musc tahara banane, une fragrance unique qui vous transporte dans un monde de douceur et de confiance.\" \/>\n<meta name=\"robots\" content=\"index, follow, max-snippet:-1, max-image-preview:large, max-video-preview:-1\" \/>\n<link rel=\"canonical\" href=\"https:\/\/www.safinel.fr\/es\/product-2\/almizcle-tahara-platano\/\" \/>\n<meta property=\"og:locale\" content=\"es_ES\" \/>\n<meta property=\"og:type\" content=\"article\" \/>\n<meta property=\"og:title\" content=\"Musc Tahara banane I Odeur exquise I Contenance 3ml\" \/>\n<meta property=\"og:description\" content=\"D\u00e9couvrez enfin le parfum intime aromatis\u00e9\u00a0Musc tahara banane, une fragrance unique qui vous transporte dans un monde de douceur et de confiance.\" \/>\n<meta property=\"og:url\" content=\"https:\/\/www.safinel.fr\/es\/product-2\/almizcle-tahara-platano\/\" \/>\n<meta property=\"og:site_name\" content=\"Safinel\" \/>\n<meta property=\"article:modified_time\" content=\"2023-12-28T17:16:13+00:00\" \/>\n<meta property=\"og:image\" content=\"https:\/\/www.safinel.fr\/wp-content\/uploads\/2023\/11\/Musc-Tahara-banane-3ml.jpg\" \/>\n\t<meta property=\"og:image:width\" content=\"600\" \/>\n\t<meta property=\"og:image:height\" content=\"600\" \/>\n\t<meta property=\"og:image:type\" content=\"image\/jpeg\" \/>\n<meta name=\"twitter:card\" content=\"summary_large_image\" \/>\n<meta name=\"twitter:label1\" content=\"Tiempo de lectura\" \/>\n\t<meta name=\"twitter:data1\" content=\"2 minutos\" \/>\n<script type=\"application\/ld+json\" class=\"yoast-schema-graph\">{\"@context\":\"https:\/\/schema.org\",\"@graph\":[{\"@type\":\"WebPage\",\"@id\":\"https:\/\/www.safinel.fr\/produit\/musc-tahara-banane\/\",\"url\":\"https:\/\/www.safinel.fr\/produit\/musc-tahara-banane\/\",\"name\":\"Musc Tahara banane I Odeur exquise I Contenance 3ml\",\"isPartOf\":{\"@id\":\"https:\/\/www.safinel.fr\/#website\"},\"primaryImageOfPage\":{\"@id\":\"https:\/\/www.safinel.fr\/produit\/musc-tahara-banane\/#primaryimage\"},\"image\":{\"@id\":\"https:\/\/www.safinel.fr\/produit\/musc-tahara-banane\/#primaryimage\"},\"thumbnailUrl\":\"https:\/\/www.safinel.fr\/wp-content\/uploads\/2023\/11\/Musc-Tahara-banane-3ml.jpg\",\"datePublished\":\"2023-11-07T17:23:55+00:00\",\"dateModified\":\"2023-12-28T17:16:13+00:00\",\"description\":\"D\u00e9couvrez enfin le parfum intime aromatis\u00e9\u00a0Musc tahara banane, une fragrance unique qui vous transporte dans un monde de douceur et de confiance.\",\"breadcrumb\":{\"@id\":\"https:\/\/www.safinel.fr\/produit\/musc-tahara-banane\/#breadcrumb\"},\"inLanguage\":\"es\",\"potentialAction\":[{\"@type\":\"ReadAction\",\"target\":[\"https:\/\/www.safinel.fr\/produit\/musc-tahara-banane\/\"]}]},{\"@type\":\"ImageObject\",\"inLanguage\":\"es\",\"@id\":\"https:\/\/www.safinel.fr\/produit\/musc-tahara-banane\/#primaryimage\",\"url\":\"https:\/\/www.safinel.fr\/wp-content\/uploads\/2023\/11\/Musc-Tahara-banane-3ml.jpg\",\"contentUrl\":\"https:\/\/www.safinel.fr\/wp-content\/uploads\/2023\/11\/Musc-Tahara-banane-3ml.jpg\",\"width\":600,\"height\":600,\"caption\":\"Musc Tahara banane 3ml\"},{\"@type\":\"BreadcrumbList\",\"@id\":\"https:\/\/www.safinel.fr\/produit\/musc-tahara-banane\/#breadcrumb\",\"itemListElement\":[{\"@type\":\"ListItem\",\"position\":1,\"name\":\"Accueil\",\"item\":\"https:\/\/www.safinel.fr\/\"},{\"@type\":\"ListItem\",\"position\":2,\"name\":\"Boutique\",\"item\":\"https:\/\/www.safinel.fr\/boutique\/\"},{\"@type\":\"ListItem\",\"position\":3,\"name\":\"Musc Tahara banane 3ml\"}]},{\"@type\":\"WebSite\",\"@id\":\"https:\/\/www.safinel.fr\/#website\",\"url\":\"https:\/\/www.safinel.fr\/\",\"name\":\"Safinel\",\"description\":\"\",\"publisher\":{\"@id\":\"https:\/\/www.safinel.fr\/#organization\"},\"potentialAction\":[{\"@type\":\"SearchAction\",\"target\":{\"@type\":\"EntryPoint\",\"urlTemplate\":\"https:\/\/www.safinel.fr\/?s={search_term_string}\"},\"query-input\":{\"@type\":\"PropertyValueSpecification\",\"valueRequired\":true,\"valueName\":\"search_term_string\"}}],\"inLanguage\":\"es\"},{\"@type\":\"Organization\",\"@id\":\"https:\/\/www.safinel.fr\/#organization\",\"name\":\"Safinel\",\"url\":\"https:\/\/www.safinel.fr\/\",\"logo\":{\"@type\":\"ImageObject\",\"inLanguage\":\"es\",\"@id\":\"https:\/\/www.safinel.fr\/#\/schema\/logo\/image\/\",\"url\":\"https:\/\/www.safinel.fr\/wp-content\/uploads\/2021\/05\/boutique-cosmetique.png\",\"contentUrl\":\"https:\/\/www.safinel.fr\/wp-content\/uploads\/2021\/05\/boutique-cosmetique.png\",\"width\":800,\"height\":200,\"caption\":\"Safinel\"},\"image\":{\"@id\":\"https:\/\/www.safinel.fr\/#\/schema\/logo\/image\/\"}}]}<\/script>\n<!-- \/ Yoast SEO plugin. -->","yoast_head_json":{"title":"Almizcle Tahara pl\u00e1tano I Exquisita fragancia I Capacidad 3ml","description":"Descubre la fragancia \u00edntima Musc tahara banane, un aroma \u00fanico que te transporta a un mundo de suavidad y confianza.","robots":{"index":"index","follow":"follow","max-snippet":"max-snippet:-1","max-image-preview":"max-image-preview:large","max-video-preview":"max-video-preview:-1"},"canonical":"https:\/\/www.safinel.fr\/es\/product-2\/almizcle-tahara-platano\/","og_locale":"es_ES","og_type":"article","og_title":"Musc Tahara banane I Odeur exquise I Contenance 3ml","og_description":"D\u00e9couvrez enfin le parfum intime aromatis\u00e9\u00a0Musc tahara banane, une fragrance unique qui vous transporte dans un monde de douceur et de confiance.","og_url":"https:\/\/www.safinel.fr\/es\/product-2\/almizcle-tahara-platano\/","og_site_name":"Safinel","article_modified_time":"2023-12-28T17:16:13+00:00","og_image":[{"width":600,"height":600,"url":"https:\/\/www.safinel.fr\/wp-content\/uploads\/2023\/11\/Musc-Tahara-banane-3ml.jpg","type":"image\/jpeg"}],"twitter_card":"summary_large_image","twitter_misc":{"Tiempo de lectura":"2 minutos"},"schema":{"@context":"https:\/\/schema.org","@graph":[{"@type":"WebPage","@id":"https:\/\/www.safinel.fr\/produit\/musc-tahara-banane\/","url":"https:\/\/www.safinel.fr\/produit\/musc-tahara-banane\/","name":"Almizcle Tahara pl\u00e1tano I Exquisita fragancia I Capacidad 3ml","isPartOf":{"@id":"https:\/\/www.safinel.fr\/#website"},"primaryImageOfPage":{"@id":"https:\/\/www.safinel.fr\/produit\/musc-tahara-banane\/#primaryimage"},"image":{"@id":"https:\/\/www.safinel.fr\/produit\/musc-tahara-banane\/#primaryimage"},"thumbnailUrl":"https:\/\/www.safinel.fr\/wp-content\/uploads\/2023\/11\/Musc-Tahara-banane-3ml.jpg","datePublished":"2023-11-07T17:23:55+00:00","dateModified":"2023-12-28T17:16:13+00:00","description":"Descubre la fragancia \u00edntima Musc tahara banane, un aroma \u00fanico que te transporta a un mundo de suavidad y confianza.","breadcrumb":{"@id":"https:\/\/www.safinel.fr\/produit\/musc-tahara-banane\/#breadcrumb"},"inLanguage":"es","potentialAction":[{"@type":"ReadAction","target":["https:\/\/www.safinel.fr\/produit\/musc-tahara-banane\/"]}]},{"@type":"ImageObject","inLanguage":"es","@id":"https:\/\/www.safinel.fr\/produit\/musc-tahara-banane\/#primaryimage","url":"https:\/\/www.safinel.fr\/wp-content\/uploads\/2023\/11\/Musc-Tahara-banane-3ml.jpg","contentUrl":"https:\/\/www.safinel.fr\/wp-content\/uploads\/2023\/11\/Musc-Tahara-banane-3ml.jpg","width":600,"height":600,"caption":"Musc Tahara banane 3ml"},{"@type":"BreadcrumbList","@id":"https:\/\/www.safinel.fr\/produit\/musc-tahara-banane\/#breadcrumb","itemListElement":[{"@type":"ListItem","position":1,"name":"Accueil","item":"https:\/\/www.safinel.fr\/"},{"@type":"ListItem","position":2,"name":"Boutique","item":"https:\/\/www.safinel.fr\/boutique\/"},{"@type":"ListItem","position":3,"name":"Musc Tahara banane 3ml"}]},{"@type":"WebSite","@id":"https:\/\/www.safinel.fr\/#website","url":"https:\/\/www.safinel.fr\/","name":"Safinel","description":"","publisher":{"@id":"https:\/\/www.safinel.fr\/#organization"},"potentialAction":[{"@type":"SearchAction","target":{"@type":"EntryPoint","urlTemplate":"https:\/\/www.safinel.fr\/?s={search_term_string}"},"query-input":{"@type":"PropertyValueSpecification","valueRequired":true,"valueName":"search_term_string"}}],"inLanguage":"es"},{"@type":"Organization","@id":"https:\/\/www.safinel.fr\/#organization","name":"Safinel","url":"https:\/\/www.safinel.fr\/","logo":{"@type":"ImageObject","inLanguage":"es","@id":"https:\/\/www.safinel.fr\/#\/schema\/logo\/image\/","url":"https:\/\/www.safinel.fr\/wp-content\/uploads\/2021\/05\/boutique-cosmetique.png","contentUrl":"https:\/\/www.safinel.fr\/wp-content\/uploads\/2021\/05\/boutique-cosmetique.png","width":800,"height":200,"caption":"Safinel"},"image":{"@id":"https:\/\/www.safinel.fr\/#\/schema\/logo\/image\/"}}]}},"_links":{"self":[{"href":"https:\/\/www.safinel.fr\/es\/wp-json\/wp\/v2\/product\/9441","targetHints":{"allow":["GET"]}}],"collection":[{"href":"https:\/\/www.safinel.fr\/es\/wp-json\/wp\/v2\/product"}],"about":[{"href":"https:\/\/www.safinel.fr\/es\/wp-json\/wp\/v2\/types\/product"}],"wp:featuredmedia":[{"embeddable":true,"href":"https:\/\/www.safinel.fr\/es\/wp-json\/wp\/v2\/media\/9442"}],"wp:attachment":[{"href":"https:\/\/www.safinel.fr\/es\/wp-json\/wp\/v2\/media?parent=9441"}],"wp:term":[{"taxonomy":"product_brand","embeddable":true,"href":"https:\/\/www.safinel.fr\/es\/wp-json\/wp\/v2\/product_brand?post=9441"},{"taxonomy":"product_cat","embeddable":true,"href":"https:\/\/www.safinel.fr\/es\/wp-json\/wp\/v2\/product_cat?post=9441"},{"taxonomy":"product_tag","embeddable":true,"href":"https:\/\/www.safinel.fr\/es\/wp-json\/wp\/v2\/product_tag?post=9441"}],"curies":[{"name":"wp","href":"https:\/\/api.w.org\/{rel}","templated":true}]}}