{"id":9259,"date":"2023-10-29T18:45:56","date_gmt":"2023-10-29T18:45:56","guid":{"rendered":"https:\/\/www.safinel.fr\/?post_type=product&#038;p=9259"},"modified":"2025-10-14T13:09:42","modified_gmt":"2025-10-14T13:09:42","slug":"jabon-negro-solido-africano","status":"publish","type":"product","link":"https:\/\/www.safinel.fr\/es\/product-2\/jabon-negro-solido-africano\/","title":{"rendered":"Jab\u00f3n negro s\u00f3lido artesanal africano - 100g"},"content":{"rendered":"<p>Le\u00a0<strong>Jab\u00f3n negro de Ghana<\/strong>\u00a0es un producto natural con m\u00faltiples beneficios para la piel y el cabello. Utilizado desde hace siglos por las mujeres ghanesas, este jab\u00f3n se ha convertido poco a poco en parte esencial de las rutinas de belleza en todo el mundo. En este art\u00edculo, descubre m\u00e1s sobre el origen, las propiedades y los usos del jab\u00f3n negro de Ghana para el cuidado completo del cuerpo y el rostro.<\/p>\n<h2><strong>Historia y origen del jab\u00f3n negro de Ghana<\/strong><\/h2>\n<p>El jab\u00f3n negro de Ghana, tambi\u00e9n conocido como\u2019<em>Alata Samina<\/em>, Procede de \u00c1frica Occidental y se elabora artesanalmente con productos locales. Debe su nombre al color oscuro de su pasta. Esto se debe a la presencia de cenizas vegetales y c\u00e1scaras de coco en su composici\u00f3n.<\/p>\n<h3><strong>Los ingredientes tradicionales del jab\u00f3n negro de Ghana<\/strong><\/h3>\n<p>La receta original del Jab\u00f3n Negro de Ghana se basa en ingredientes sencillos y naturales:<\/p>\n<ul>\n<li><strong>Cenizas vegetales :\u00a0<\/strong>de la quema de hojas y tallos de plantas locales. La ceniza se utiliza como base alcalina para neutralizar los \u00e1cidos grasos presentes en los dem\u00e1s ingredientes.<\/li>\n<li><strong><a href=\"https:\/\/www.safinel.fr\/es\/product-category-2\/aceite-vegetal\/\">Aceites vegetales<\/a> :\u00a0<\/strong>La manteca de karit\u00e9, el aceite de coco y el aceite de palma suelen incorporarse al preparado por sus propiedades nutritivas e hidratantes.<\/li>\n<li><strong>Agua :\u00a0<\/strong>A\u00f1adido en peque\u00f1as cantidades, da al jab\u00f3n la consistencia deseada.<\/li>\n<\/ul>\n<p>Con el tiempo, se han a\u00f1adido a la receta otros ingredientes, como aceites esenciales o extractos de plantas, para a\u00f1adir efectos espec\u00edficos seg\u00fan las necesidades individuales.<\/p>\n<h2><strong>Los beneficios del jab\u00f3n negro de Ghana para la piel y el cabello<\/strong><\/h2>\n<p>Rica en vitaminas y \u00e1cidos grasos, tiene numerosos beneficios para la belleza y la salud de la piel y el cabello:<\/p>\n<ul>\n<li><strong>Exfoliaci\u00f3n suave<\/strong><\/li>\n<\/ul>\n<p>Gracias a su textura y a la presencia de ceniza. El jab\u00f3n negro de Ghana es un <strong>exfoliante natural<\/strong>\u00a0que elimina las c\u00e9lulas muertas y las impurezas sin da\u00f1ar la piel. Su uso regular favorece un cutis fresco y radiante.<\/p>\n<ul>\n<li><strong>Hidrataci\u00f3n intensa<\/strong><\/li>\n<\/ul>\n<p>Los aceites vegetales que contiene el Jab\u00f3n Negro de Ghana son ricos en vitaminas y \u00e1cidos grasos esenciales para nutrir la piel en profundidad. La hidrataci\u00f3n aportada ayuda a mantener la elasticidad y flexibilidad de la piel, al tiempo que reduce los signos de sequedad y envejecimiento prematuro.<\/p>\n<ul>\n<li><strong>Limpieza profunda<\/strong><\/li>\n<\/ul>\n<p>Este pan negro s\u00f3lido es <strong>especialmente eficaz para eliminar las impurezas y el exceso de sebo de la piel<\/strong>. Es ideal para pieles grasas, mixtas y con acn\u00e9, ya que ayuda a regular la producci\u00f3n de sebo sin resecar la piel. Tambi\u00e9n puede utilizarse en el cuero cabelludo para tratar la caspa y el picor.<\/p>\n<ul>\n<li><strong>Calma las irritaciones cut\u00e1neas<\/strong><\/li>\n<\/ul>\n<p>Las propiedades antiinflamatorias y calmantes del Jab\u00f3n Negro de Ghana ayudan a aliviar la irritaci\u00f3n e inflamaci\u00f3n de la piel. Especialmente las relacionadas con eczemas, psoriasis o picaduras de insectos.<\/p>\n<h2><strong>\u00bfC\u00f3mo utilizar este pan s\u00f3lido de Ghana para una rutina completa de cuidado de la piel?<\/strong><\/h2>\n<p>Para aprovechar al m\u00e1ximo los beneficios del Jab\u00f3n Negro de Ghana.<\/p>\n<p><strong>Le recomendamos que siga unos sencillos pasos al utilizarlo:<\/strong><\/p>\n<ul>\n<li><strong>Preparaci\u00f3n de la masa<\/strong><\/li>\n<\/ul>\n<p>Es mejor humedecer ligeramente el jab\u00f3n antes de usarlo para que forme una espuma cremosa. Para ello, frota una peque\u00f1a cantidad de jab\u00f3n entre las manos h\u00famedas hasta obtener una pasta homog\u00e9nea.<\/p>\n<ul>\n<li><strong>Aplicaci\u00f3n cut\u00e1nea<\/strong><\/li>\n<\/ul>\n<p>Aplique la pasta sobre el rostro y\/o el cuerpo con movimientos circulares para exfoliar y masajear suavemente la piel. Tambi\u00e9n puede utilizar una esponja vegetal o un guante de crin para conseguir un efecto exfoliante m\u00e1s intenso.<\/p>\n<ul>\n<li><strong>Aclarar con agua tibia<\/strong><\/li>\n<\/ul>\n<p>Aclarar abundantemente con agua tibia para eliminar todos los restos de jab\u00f3n e impurezas. Seque suavemente la piel con una toalla limpia y suave.<\/p>\n<ul>\n<li><strong>Uso en el cabello<\/strong><\/li>\n<\/ul>\n<p>Esta pasta s\u00f3lida tambi\u00e9n puede utilizarse como champ\u00fa natural. Aplique una peque\u00f1a cantidad de pasta sobre el cabello h\u00famedo. Masajear suavemente el cuero cabelludo y aclarar con abundante agua tibia.<\/p>\n<h3><strong>Consejos y precauciones de uso<\/strong><\/h3>\n<p>Para aprovechar al m\u00e1ximo los beneficios del Jab\u00f3n Negro de Ghana para la piel y el cabello, sigue estos sencillos consejos:<\/p>\n<ul>\n<li><strong>Sin uso diario:\u00a0<\/strong>Utilizar jab\u00f3n negro de Ghana dos o tres veces por semana. Para no da\u00f1ar la piel ni privarla de sus aceites naturales.<\/li>\n<li><strong>Conservaci\u00f3n :\u00a0<\/strong>Para prolongar la vida de su jab\u00f3n, gu\u00e1rdelo en un lugar fresco y seco. Lejos de la luz solar directa y de la humedad.<\/li>\n<li><strong>Precauci\u00f3n en caso de alergias:\u00a0<\/strong>aunque se trata de un producto natural. Algunas personas pueden ser al\u00e9rgicas a algunos de sus ingredientes. En caso de enrojecimiento, irritaci\u00f3n o reacci\u00f3n adversa, interrumpa inmediatamente su uso y consulte a un dermat\u00f3logo.<\/li>\n<\/ul>\n<p>Le\u00a0<strong>Jab\u00f3n negro de Ghana<\/strong> es un precioso aliado para el cuidado natural de la piel y el cabello. Todo ello respetando las tradiciones ancestrales de Ghana. Apto para todo tipo de pieles. Realzar\u00e1 su belleza a diario respetando el equilibrio de su piel.<\/p>","protected":false},"excerpt":{"rendered":"<p>El jab\u00f3n negro de Ghana es un producto natural con m\u00faltiples beneficios para la piel y el cabello. Utilizado desde hace siglos por las mujeres ghanesas, este jab\u00f3n se ha convertido poco a poco en parte esencial de las rutinas de belleza en todo el mundo. Descubra en este art\u00edculo el origen, las propiedades y los usos del jab\u00f3n negro de Ghana.","protected":false},"featured_media":9257,"template":"","meta":[],"product_brand":[],"product_cat":[123,189],"product_tag":[],"class_list":{"0":"post-9259","1":"product","2":"type-product","3":"status-publish","4":"has-post-thumbnail","6":"product_cat-savon","7":"product_cat-savoir-noir-africain","9":"first","10":"instock","11":"shipping-taxable","12":"purchasable","13":"product-type-simple"},"yoast_head":"<!-- This site is optimized with the Yoast SEO plugin v26.6 - https:\/\/yoast.com\/wordpress\/plugins\/seo\/ -->\n<title>Savon noir du Ghana | Bienfaits nombreux | Contenance 100g<\/title>\n<meta name=\"description\" content=\"Le\u00a0savon noir du Ghana\u00a0est un produit naturel aux multiples bienfaits pour la peau et les cheveux. Adoptez-le sans plus attendre !\" \/>\n<meta name=\"robots\" content=\"index, follow, max-snippet:-1, max-image-preview:large, max-video-preview:-1\" \/>\n<link rel=\"canonical\" href=\"https:\/\/www.safinel.fr\/es\/product-2\/jabon-negro-solido-africano\/\" \/>\n<meta property=\"og:locale\" content=\"es_ES\" \/>\n<meta property=\"og:type\" content=\"article\" \/>\n<meta property=\"og:title\" content=\"Savon noir du Ghana | Bienfaits nombreux | Contenance 100g\" \/>\n<meta property=\"og:description\" content=\"Le\u00a0savon noir du Ghana\u00a0est un produit naturel aux multiples bienfaits pour la peau et les cheveux. Adoptez-le sans plus attendre !\" \/>\n<meta property=\"og:url\" content=\"https:\/\/www.safinel.fr\/es\/product-2\/jabon-negro-solido-africano\/\" \/>\n<meta property=\"og:site_name\" content=\"Safinel\" \/>\n<meta property=\"article:modified_time\" content=\"2025-10-14T13:09:42+00:00\" \/>\n<meta property=\"og:image\" content=\"https:\/\/www.safinel.fr\/wp-content\/uploads\/2023\/10\/savon-africain-solide.jpeg\" \/>\n\t<meta property=\"og:image:width\" content=\"600\" \/>\n\t<meta property=\"og:image:height\" content=\"600\" \/>\n\t<meta property=\"og:image:type\" content=\"image\/jpeg\" \/>\n<meta name=\"twitter:card\" content=\"summary_large_image\" \/>\n<meta name=\"twitter:label1\" content=\"Tiempo de lectura\" \/>\n\t<meta name=\"twitter:data1\" content=\"5 minutos\" \/>\n<script type=\"application\/ld+json\" class=\"yoast-schema-graph\">{\"@context\":\"https:\/\/schema.org\",\"@graph\":[{\"@type\":\"WebPage\",\"@id\":\"https:\/\/www.safinel.fr\/produit\/savon-noir-solide-africain-artisanal\/\",\"url\":\"https:\/\/www.safinel.fr\/produit\/savon-noir-solide-africain-artisanal\/\",\"name\":\"Savon noir du Ghana | Bienfaits nombreux | Contenance 100g\",\"isPartOf\":{\"@id\":\"https:\/\/www.safinel.fr\/#website\"},\"primaryImageOfPage\":{\"@id\":\"https:\/\/www.safinel.fr\/produit\/savon-noir-solide-africain-artisanal\/#primaryimage\"},\"image\":{\"@id\":\"https:\/\/www.safinel.fr\/produit\/savon-noir-solide-africain-artisanal\/#primaryimage\"},\"thumbnailUrl\":\"https:\/\/www.safinel.fr\/wp-content\/uploads\/2023\/10\/savon-africain-solide.jpeg\",\"datePublished\":\"2023-10-29T18:45:56+00:00\",\"dateModified\":\"2025-10-14T13:09:42+00:00\",\"description\":\"Le\u00a0savon noir du Ghana\u00a0est un produit naturel aux multiples bienfaits pour la peau et les cheveux. Adoptez-le sans plus attendre !\",\"breadcrumb\":{\"@id\":\"https:\/\/www.safinel.fr\/produit\/savon-noir-solide-africain-artisanal\/#breadcrumb\"},\"inLanguage\":\"es\",\"potentialAction\":[{\"@type\":\"ReadAction\",\"target\":[\"https:\/\/www.safinel.fr\/produit\/savon-noir-solide-africain-artisanal\/\"]}]},{\"@type\":\"ImageObject\",\"inLanguage\":\"es\",\"@id\":\"https:\/\/www.safinel.fr\/produit\/savon-noir-solide-africain-artisanal\/#primaryimage\",\"url\":\"https:\/\/www.safinel.fr\/wp-content\/uploads\/2023\/10\/savon-africain-solide.jpeg\",\"contentUrl\":\"https:\/\/www.safinel.fr\/wp-content\/uploads\/2023\/10\/savon-africain-solide.jpeg\",\"width\":600,\"height\":600,\"caption\":\"Savon noir solide africain artisanal - 100g\"},{\"@type\":\"BreadcrumbList\",\"@id\":\"https:\/\/www.safinel.fr\/produit\/savon-noir-solide-africain-artisanal\/#breadcrumb\",\"itemListElement\":[{\"@type\":\"ListItem\",\"position\":1,\"name\":\"Accueil\",\"item\":\"https:\/\/www.safinel.fr\/\"},{\"@type\":\"ListItem\",\"position\":2,\"name\":\"Boutique\",\"item\":\"https:\/\/www.safinel.fr\/boutique\/\"},{\"@type\":\"ListItem\",\"position\":3,\"name\":\"Savon noir solide africain artisanal &#8211; 100g\"}]},{\"@type\":\"WebSite\",\"@id\":\"https:\/\/www.safinel.fr\/#website\",\"url\":\"https:\/\/www.safinel.fr\/\",\"name\":\"Safinel\",\"description\":\"\",\"publisher\":{\"@id\":\"https:\/\/www.safinel.fr\/#organization\"},\"potentialAction\":[{\"@type\":\"SearchAction\",\"target\":{\"@type\":\"EntryPoint\",\"urlTemplate\":\"https:\/\/www.safinel.fr\/?s={search_term_string}\"},\"query-input\":{\"@type\":\"PropertyValueSpecification\",\"valueRequired\":true,\"valueName\":\"search_term_string\"}}],\"inLanguage\":\"es\"},{\"@type\":\"Organization\",\"@id\":\"https:\/\/www.safinel.fr\/#organization\",\"name\":\"Safinel\",\"url\":\"https:\/\/www.safinel.fr\/\",\"logo\":{\"@type\":\"ImageObject\",\"inLanguage\":\"es\",\"@id\":\"https:\/\/www.safinel.fr\/#\/schema\/logo\/image\/\",\"url\":\"https:\/\/www.safinel.fr\/wp-content\/uploads\/2021\/05\/boutique-cosmetique.png\",\"contentUrl\":\"https:\/\/www.safinel.fr\/wp-content\/uploads\/2021\/05\/boutique-cosmetique.png\",\"width\":800,\"height\":200,\"caption\":\"Safinel\"},\"image\":{\"@id\":\"https:\/\/www.safinel.fr\/#\/schema\/logo\/image\/\"}}]}<\/script>\n<!-- \/ Yoast SEO plugin. -->","yoast_head_json":{"title":"Jab\u00f3n negro de Ghana | Beneficios en abundancia | Capacidad 100g","description":"El Jab\u00f3n Negro de Ghana es un producto natural con m\u00faltiples beneficios para la piel y el cabello. \u00a1Ad\u00f3ptelo ya!","robots":{"index":"index","follow":"follow","max-snippet":"max-snippet:-1","max-image-preview":"max-image-preview:large","max-video-preview":"max-video-preview:-1"},"canonical":"https:\/\/www.safinel.fr\/es\/product-2\/jabon-negro-solido-africano\/","og_locale":"es_ES","og_type":"article","og_title":"Savon noir du Ghana | Bienfaits nombreux | Contenance 100g","og_description":"Le\u00a0savon noir du Ghana\u00a0est un produit naturel aux multiples bienfaits pour la peau et les cheveux. Adoptez-le sans plus attendre !","og_url":"https:\/\/www.safinel.fr\/es\/product-2\/jabon-negro-solido-africano\/","og_site_name":"Safinel","article_modified_time":"2025-10-14T13:09:42+00:00","og_image":[{"width":600,"height":600,"url":"https:\/\/www.safinel.fr\/wp-content\/uploads\/2023\/10\/savon-africain-solide.jpeg","type":"image\/jpeg"}],"twitter_card":"summary_large_image","twitter_misc":{"Tiempo de lectura":"5 minutos"},"schema":{"@context":"https:\/\/schema.org","@graph":[{"@type":"WebPage","@id":"https:\/\/www.safinel.fr\/produit\/savon-noir-solide-africain-artisanal\/","url":"https:\/\/www.safinel.fr\/produit\/savon-noir-solide-africain-artisanal\/","name":"Jab\u00f3n negro de Ghana | Beneficios en abundancia | Capacidad 100g","isPartOf":{"@id":"https:\/\/www.safinel.fr\/#website"},"primaryImageOfPage":{"@id":"https:\/\/www.safinel.fr\/produit\/savon-noir-solide-africain-artisanal\/#primaryimage"},"image":{"@id":"https:\/\/www.safinel.fr\/produit\/savon-noir-solide-africain-artisanal\/#primaryimage"},"thumbnailUrl":"https:\/\/www.safinel.fr\/wp-content\/uploads\/2023\/10\/savon-africain-solide.jpeg","datePublished":"2023-10-29T18:45:56+00:00","dateModified":"2025-10-14T13:09:42+00:00","description":"El Jab\u00f3n Negro de Ghana es un producto natural con m\u00faltiples beneficios para la piel y el cabello. \u00a1Ad\u00f3ptelo ya!","breadcrumb":{"@id":"https:\/\/www.safinel.fr\/produit\/savon-noir-solide-africain-artisanal\/#breadcrumb"},"inLanguage":"es","potentialAction":[{"@type":"ReadAction","target":["https:\/\/www.safinel.fr\/produit\/savon-noir-solide-africain-artisanal\/"]}]},{"@type":"ImageObject","inLanguage":"es","@id":"https:\/\/www.safinel.fr\/produit\/savon-noir-solide-africain-artisanal\/#primaryimage","url":"https:\/\/www.safinel.fr\/wp-content\/uploads\/2023\/10\/savon-africain-solide.jpeg","contentUrl":"https:\/\/www.safinel.fr\/wp-content\/uploads\/2023\/10\/savon-africain-solide.jpeg","width":600,"height":600,"caption":"Savon noir solide africain artisanal - 100g"},{"@type":"BreadcrumbList","@id":"https:\/\/www.safinel.fr\/produit\/savon-noir-solide-africain-artisanal\/#breadcrumb","itemListElement":[{"@type":"ListItem","position":1,"name":"Accueil","item":"https:\/\/www.safinel.fr\/"},{"@type":"ListItem","position":2,"name":"Boutique","item":"https:\/\/www.safinel.fr\/boutique\/"},{"@type":"ListItem","position":3,"name":"Savon noir solide africain artisanal &#8211; 100g"}]},{"@type":"WebSite","@id":"https:\/\/www.safinel.fr\/#website","url":"https:\/\/www.safinel.fr\/","name":"Safinel","description":"","publisher":{"@id":"https:\/\/www.safinel.fr\/#organization"},"potentialAction":[{"@type":"SearchAction","target":{"@type":"EntryPoint","urlTemplate":"https:\/\/www.safinel.fr\/?s={search_term_string}"},"query-input":{"@type":"PropertyValueSpecification","valueRequired":true,"valueName":"search_term_string"}}],"inLanguage":"es"},{"@type":"Organization","@id":"https:\/\/www.safinel.fr\/#organization","name":"Safinel","url":"https:\/\/www.safinel.fr\/","logo":{"@type":"ImageObject","inLanguage":"es","@id":"https:\/\/www.safinel.fr\/#\/schema\/logo\/image\/","url":"https:\/\/www.safinel.fr\/wp-content\/uploads\/2021\/05\/boutique-cosmetique.png","contentUrl":"https:\/\/www.safinel.fr\/wp-content\/uploads\/2021\/05\/boutique-cosmetique.png","width":800,"height":200,"caption":"Safinel"},"image":{"@id":"https:\/\/www.safinel.fr\/#\/schema\/logo\/image\/"}}]}},"_links":{"self":[{"href":"https:\/\/www.safinel.fr\/es\/wp-json\/wp\/v2\/product\/9259","targetHints":{"allow":["GET"]}}],"collection":[{"href":"https:\/\/www.safinel.fr\/es\/wp-json\/wp\/v2\/product"}],"about":[{"href":"https:\/\/www.safinel.fr\/es\/wp-json\/wp\/v2\/types\/product"}],"wp:featuredmedia":[{"embeddable":true,"href":"https:\/\/www.safinel.fr\/es\/wp-json\/wp\/v2\/media\/9257"}],"wp:attachment":[{"href":"https:\/\/www.safinel.fr\/es\/wp-json\/wp\/v2\/media?parent=9259"}],"wp:term":[{"taxonomy":"product_brand","embeddable":true,"href":"https:\/\/www.safinel.fr\/es\/wp-json\/wp\/v2\/product_brand?post=9259"},{"taxonomy":"product_cat","embeddable":true,"href":"https:\/\/www.safinel.fr\/es\/wp-json\/wp\/v2\/product_cat?post=9259"},{"taxonomy":"product_tag","embeddable":true,"href":"https:\/\/www.safinel.fr\/es\/wp-json\/wp\/v2\/product_tag?post=9259"}],"curies":[{"name":"wp","href":"https:\/\/api.w.org\/{rel}","templated":true}]}}