{"id":869,"date":"2022-02-24T09:12:33","date_gmt":"2022-02-24T09:12:33","guid":{"rendered":"https:\/\/www.safinel.fr\/?post_type=product&#038;p=869"},"modified":"2023-12-28T17:15:13","modified_gmt":"2023-12-28T17:15:13","slug":"hojas-de-tulsi","status":"publish","type":"product","link":"https:\/\/www.safinel.fr\/es\/product-2\/hojas-de-tulsi\/","title":{"rendered":"Hojas de tulsi 100 g"},"content":{"rendered":"<p>Cansancio psicol\u00f3gico, estr\u00e9s cotidiano... son muchos los factores ligados a un posible malestar. Sentirse bien en la cabeza y en las zapatillas a veces puede ser dif\u00edcil. El trabajo, la vida familiar y los peque\u00f1os extras pueden ser complicados de gestionar... \u00a1Liberar tu mente y tu ansiedad es esencial! Para ello, descubra los<strong>\u00a0Hojas de tulsi\u00a0<\/strong>!<\/p>\n<h2><strong>Breve historia de las hojas de tulsi<\/strong><\/h2>\n<p>Originaria de la India, esta planta tambi\u00e9n se conoce con el nombre de\u00a0<strong>hierba real\u00a0<\/strong>o \u201c<strong>elixir de vida<\/strong>\u00a0\u201d. Un pa\u00eds donde\u00a0<strong>medicina<\/strong>\u00a0<strong>ayurv\u00e9dico<\/strong>\u00a0tiene muchas plantas con beneficios desconocidos.<\/p>\n<p>Sin embargo, esta planta est\u00e1 estrechamente emparentada con la albahaca y se utiliza en la India por sus propiedades purificadoras. Con una altura que oscila entre los 30 y los 100 cm, sus hojas p\u00farpuras y sus flores malvas hacen las delicias de todos. Lamiaceae, cuyo nombre bot\u00e1nico es\u00a0<strong>Ocimum tenuiflorum<\/strong>\u00a0!<\/p>\n<p>Utilizada a menudo con fines espirituales, tambi\u00e9n es fuente de bienestar.<\/p>\n<p>Tu tienda especializada en productos naturales siempre est\u00e1 dispuesta a ofrecerte los productos m\u00e1s adecuados para ti. Si siente curiosidad por\u00a0<strong>productos naturales\u00a0<\/strong>Est\u00e1s en el sitio adecuado.<\/p>\n<h2><strong>Hojas de tulsi: equilibrio para la mente\u00a0<\/strong><\/h2>\n<p>Puede ser dif\u00edcil hacer frente a todas las tensiones y presiones de la vida, y la fatiga f\u00edsica y psicol\u00f3gica puede aparecer r\u00e1pidamente. Por eso es tan importante contar con el apoyo adecuado. Una mente sana puede ayudar a organizar y superar las pocas preocupaciones de la vida.<\/p>\n<p>Si est\u00e1 ansioso o a veces estresado por los problemas cotidianos, el\u00a0<strong>hojas de tulsi<\/strong>\u00a0puede serle de gran utilidad. En forma de<strong>\u00a0t\u00e9 de hierbas<\/strong>\u00a0o en\u00a0<strong>infusi\u00f3n<\/strong>, este\u00a0<strong>planta natural\u00a0<\/strong>ser\u00e1 el compa\u00f1ero perfecto para usted.<\/p>\n<p>Tanto para hombres como para mujeres, el<strong>\u2019elixir de vida<\/strong>\u00a0es conocida en otras comunidades por su activa\u00a0<strong>antiestr\u00e9s<\/strong>. D\u00e9jese seducir por estas hojas arom\u00e1ticas llenas de virtudes.<\/p>\n<h2><strong>\u00bfConoces los beneficios de las hojas de tulsi?<\/strong><\/h2>\n<p>Esta planta<strong>\u00a0hierba real<\/strong>\u00a0es utilizado por nuestros vecinos de Asia y \u00c1frica para enriquecer tanto el cuerpo humano como la mente. Es hora de que descubras lo que esconde esta maravilla natural:<\/p>\n<ul>\n<li>Puede ayudar a reforzar el sistema inmunitario<\/li>\n<li>Se sabe que act\u00faa sobre el envejecimiento<\/li>\n<li>Contiene principios activos antiinflamatorios<\/li>\n<li>Puede ser eficaz contra ciertas enfermedades (resfriados, tos...)<\/li>\n<li>Tambi\u00e9n ayuda a mejorar la digesti\u00f3n<\/li>\n<\/ul>\n<p>Son muchos los beneficios para su bienestar que podr\u00eda apreciar. Por eso su tienda Safinel le ofrece productos naturales para satisfacer sus necesidades.<\/p>\n<h3><strong>Plantas ayurv\u00e9dicas que gustan<\/strong><\/h3>\n<p>De hecho, hay plantas para todos los gustos.\u00a0<a href=\"https:\/\/www.safinel.fr\/es\/product-2\/bhringaraj-polvo-100g\/\"><strong>Polvo Bhringaraj<\/strong><\/a>\u00a0o incluso\u00a0<a href=\"https:\/\/www.safinel.fr\/es\/product-2\/polvo-de-reetha\/\"><strong>polvo de reetha<\/strong><\/a>, l<strong>\u2018Ayurveda<\/strong>\u00a0\u00a1est\u00e1 en el punto de mira! Como puede ver, su especialista en l\u00ednea siempre quiere satisfacer sus necesidades, \u00a1gracias a productos naturales llenos de virtudes!<\/p>\n<p>Su bienestar es una de nuestras principales motivaciones, por eso nos esforzamos en ofrecerle productos de calidad.<\/p>","protected":false},"excerpt":{"rendered":"<p>Fatiga psicol\u00f3gica, estr\u00e9s diario... hay muchos factores relacionados con un posible malestar. Sentirse bien mental y f\u00edsicamente puede resultar dif\u00edcil a veces. \u00bfEl trabajo, la vida familiar y los peque\u00f1os detalles pueden ser complicados de gestionar? \u00a1Liberar la mente y la ansiedad es entonces fundamental! Para ello, descubra [\u2026]","protected":false},"featured_media":870,"template":"","meta":[],"product_brand":[],"product_cat":[27],"product_tag":[],"class_list":{"0":"post-869","1":"product","2":"type-product","3":"status-publish","4":"has-post-thumbnail","6":"product_cat-plantes-medicinales","8":"first","9":"instock","10":"shipping-taxable","11":"purchasable","12":"product-type-simple"},"yoast_head":"<!-- This site is optimized with the Yoast SEO plugin v26.6 - https:\/\/yoast.com\/wordpress\/plugins\/seo\/ -->\n<title>Feuilles de Tulsi 100g I Prenez soin de vous en quelques clics<\/title>\n<meta name=\"description\" content=\"Lib\u00e9rer son esprit et son anxi\u00e9t\u00e9 est alors primordial ! Pour cela, d\u00e9couvrez les\u00a0Feuilles de Tulsi\u00a0en contenance 100g !\" \/>\n<meta name=\"robots\" content=\"index, follow, max-snippet:-1, max-image-preview:large, max-video-preview:-1\" \/>\n<link rel=\"canonical\" href=\"https:\/\/www.safinel.fr\/es\/product-2\/hojas-de-tulsi\/\" \/>\n<meta property=\"og:locale\" content=\"es_ES\" \/>\n<meta property=\"og:type\" content=\"article\" \/>\n<meta property=\"og:title\" content=\"Feuilles de Tulsi 100g I Prenez soin de vous en quelques clics\" \/>\n<meta property=\"og:description\" content=\"Lib\u00e9rer son esprit et son anxi\u00e9t\u00e9 est alors primordial ! Pour cela, d\u00e9couvrez les\u00a0Feuilles de Tulsi\u00a0en contenance 100g !\" \/>\n<meta property=\"og:url\" content=\"https:\/\/www.safinel.fr\/es\/product-2\/hojas-de-tulsi\/\" \/>\n<meta property=\"og:site_name\" content=\"Safinel\" \/>\n<meta property=\"article:modified_time\" content=\"2023-12-28T17:15:13+00:00\" \/>\n<meta property=\"og:image\" content=\"https:\/\/www.safinel.fr\/wp-content\/uploads\/2022\/02\/feuilles-de-tulsi.jpg\" \/>\n\t<meta property=\"og:image:width\" content=\"600\" \/>\n\t<meta property=\"og:image:height\" content=\"600\" \/>\n\t<meta property=\"og:image:type\" content=\"image\/jpeg\" \/>\n<meta name=\"twitter:card\" content=\"summary_large_image\" \/>\n<meta name=\"twitter:label1\" content=\"Tiempo de lectura\" \/>\n\t<meta name=\"twitter:data1\" content=\"3 minutos\" \/>\n<script type=\"application\/ld+json\" class=\"yoast-schema-graph\">{\"@context\":\"https:\/\/schema.org\",\"@graph\":[{\"@type\":\"WebPage\",\"@id\":\"https:\/\/www.safinel.fr\/produit\/feuilles-de-tulsi\/\",\"url\":\"https:\/\/www.safinel.fr\/produit\/feuilles-de-tulsi\/\",\"name\":\"Feuilles de Tulsi 100g I Prenez soin de vous en quelques clics\",\"isPartOf\":{\"@id\":\"https:\/\/www.safinel.fr\/#website\"},\"primaryImageOfPage\":{\"@id\":\"https:\/\/www.safinel.fr\/produit\/feuilles-de-tulsi\/#primaryimage\"},\"image\":{\"@id\":\"https:\/\/www.safinel.fr\/produit\/feuilles-de-tulsi\/#primaryimage\"},\"thumbnailUrl\":\"https:\/\/www.safinel.fr\/wp-content\/uploads\/2022\/02\/feuilles-de-tulsi.jpg\",\"datePublished\":\"2022-02-24T09:12:33+00:00\",\"dateModified\":\"2023-12-28T17:15:13+00:00\",\"description\":\"Lib\u00e9rer son esprit et son anxi\u00e9t\u00e9 est alors primordial ! Pour cela, d\u00e9couvrez les\u00a0Feuilles de Tulsi\u00a0en contenance 100g !\",\"breadcrumb\":{\"@id\":\"https:\/\/www.safinel.fr\/produit\/feuilles-de-tulsi\/#breadcrumb\"},\"inLanguage\":\"es\",\"potentialAction\":[{\"@type\":\"ReadAction\",\"target\":[\"https:\/\/www.safinel.fr\/produit\/feuilles-de-tulsi\/\"]}]},{\"@type\":\"ImageObject\",\"inLanguage\":\"es\",\"@id\":\"https:\/\/www.safinel.fr\/produit\/feuilles-de-tulsi\/#primaryimage\",\"url\":\"https:\/\/www.safinel.fr\/wp-content\/uploads\/2022\/02\/feuilles-de-tulsi.jpg\",\"contentUrl\":\"https:\/\/www.safinel.fr\/wp-content\/uploads\/2022\/02\/feuilles-de-tulsi.jpg\",\"width\":600,\"height\":600,\"caption\":\"Feuilles de Tulsi 100g\"},{\"@type\":\"BreadcrumbList\",\"@id\":\"https:\/\/www.safinel.fr\/produit\/feuilles-de-tulsi\/#breadcrumb\",\"itemListElement\":[{\"@type\":\"ListItem\",\"position\":1,\"name\":\"Accueil\",\"item\":\"https:\/\/www.safinel.fr\/\"},{\"@type\":\"ListItem\",\"position\":2,\"name\":\"Boutique\",\"item\":\"https:\/\/www.safinel.fr\/boutique\/\"},{\"@type\":\"ListItem\",\"position\":3,\"name\":\"Feuilles de Tulsi 100g\"}]},{\"@type\":\"WebSite\",\"@id\":\"https:\/\/www.safinel.fr\/#website\",\"url\":\"https:\/\/www.safinel.fr\/\",\"name\":\"Safinel\",\"description\":\"\",\"publisher\":{\"@id\":\"https:\/\/www.safinel.fr\/#organization\"},\"potentialAction\":[{\"@type\":\"SearchAction\",\"target\":{\"@type\":\"EntryPoint\",\"urlTemplate\":\"https:\/\/www.safinel.fr\/?s={search_term_string}\"},\"query-input\":{\"@type\":\"PropertyValueSpecification\",\"valueRequired\":true,\"valueName\":\"search_term_string\"}}],\"inLanguage\":\"es\"},{\"@type\":\"Organization\",\"@id\":\"https:\/\/www.safinel.fr\/#organization\",\"name\":\"Safinel\",\"url\":\"https:\/\/www.safinel.fr\/\",\"logo\":{\"@type\":\"ImageObject\",\"inLanguage\":\"es\",\"@id\":\"https:\/\/www.safinel.fr\/#\/schema\/logo\/image\/\",\"url\":\"https:\/\/www.safinel.fr\/wp-content\/uploads\/2021\/05\/boutique-cosmetique.png\",\"contentUrl\":\"https:\/\/www.safinel.fr\/wp-content\/uploads\/2021\/05\/boutique-cosmetique.png\",\"width\":800,\"height\":200,\"caption\":\"Safinel\"},\"image\":{\"@id\":\"https:\/\/www.safinel.fr\/#\/schema\/logo\/image\/\"}}]}<\/script>\n<!-- \/ Yoast SEO plugin. -->","yoast_head_json":{"title":"Hojas de Tulsi 100g I M\u00edmese en unos pocos clics","description":"\u00a1Es esencial para liberar tu mente y aliviar tu ansiedad! \u00a1Descubra 100 g de hojas de Tulsi!","robots":{"index":"index","follow":"follow","max-snippet":"max-snippet:-1","max-image-preview":"max-image-preview:large","max-video-preview":"max-video-preview:-1"},"canonical":"https:\/\/www.safinel.fr\/es\/product-2\/hojas-de-tulsi\/","og_locale":"es_ES","og_type":"article","og_title":"Feuilles de Tulsi 100g I Prenez soin de vous en quelques clics","og_description":"Lib\u00e9rer son esprit et son anxi\u00e9t\u00e9 est alors primordial ! Pour cela, d\u00e9couvrez les\u00a0Feuilles de Tulsi\u00a0en contenance 100g !","og_url":"https:\/\/www.safinel.fr\/es\/product-2\/hojas-de-tulsi\/","og_site_name":"Safinel","article_modified_time":"2023-12-28T17:15:13+00:00","og_image":[{"width":600,"height":600,"url":"https:\/\/www.safinel.fr\/wp-content\/uploads\/2022\/02\/feuilles-de-tulsi.jpg","type":"image\/jpeg"}],"twitter_card":"summary_large_image","twitter_misc":{"Tiempo de lectura":"3 minutos"},"schema":{"@context":"https:\/\/schema.org","@graph":[{"@type":"WebPage","@id":"https:\/\/www.safinel.fr\/produit\/feuilles-de-tulsi\/","url":"https:\/\/www.safinel.fr\/produit\/feuilles-de-tulsi\/","name":"Hojas de Tulsi 100g I M\u00edmese en unos pocos clics","isPartOf":{"@id":"https:\/\/www.safinel.fr\/#website"},"primaryImageOfPage":{"@id":"https:\/\/www.safinel.fr\/produit\/feuilles-de-tulsi\/#primaryimage"},"image":{"@id":"https:\/\/www.safinel.fr\/produit\/feuilles-de-tulsi\/#primaryimage"},"thumbnailUrl":"https:\/\/www.safinel.fr\/wp-content\/uploads\/2022\/02\/feuilles-de-tulsi.jpg","datePublished":"2022-02-24T09:12:33+00:00","dateModified":"2023-12-28T17:15:13+00:00","description":"\u00a1Es esencial para liberar tu mente y aliviar tu ansiedad! \u00a1Descubra 100 g de hojas de Tulsi!","breadcrumb":{"@id":"https:\/\/www.safinel.fr\/produit\/feuilles-de-tulsi\/#breadcrumb"},"inLanguage":"es","potentialAction":[{"@type":"ReadAction","target":["https:\/\/www.safinel.fr\/produit\/feuilles-de-tulsi\/"]}]},{"@type":"ImageObject","inLanguage":"es","@id":"https:\/\/www.safinel.fr\/produit\/feuilles-de-tulsi\/#primaryimage","url":"https:\/\/www.safinel.fr\/wp-content\/uploads\/2022\/02\/feuilles-de-tulsi.jpg","contentUrl":"https:\/\/www.safinel.fr\/wp-content\/uploads\/2022\/02\/feuilles-de-tulsi.jpg","width":600,"height":600,"caption":"Feuilles de Tulsi 100g"},{"@type":"BreadcrumbList","@id":"https:\/\/www.safinel.fr\/produit\/feuilles-de-tulsi\/#breadcrumb","itemListElement":[{"@type":"ListItem","position":1,"name":"Accueil","item":"https:\/\/www.safinel.fr\/"},{"@type":"ListItem","position":2,"name":"Boutique","item":"https:\/\/www.safinel.fr\/boutique\/"},{"@type":"ListItem","position":3,"name":"Feuilles de Tulsi 100g"}]},{"@type":"WebSite","@id":"https:\/\/www.safinel.fr\/#website","url":"https:\/\/www.safinel.fr\/","name":"Safinel","description":"","publisher":{"@id":"https:\/\/www.safinel.fr\/#organization"},"potentialAction":[{"@type":"SearchAction","target":{"@type":"EntryPoint","urlTemplate":"https:\/\/www.safinel.fr\/?s={search_term_string}"},"query-input":{"@type":"PropertyValueSpecification","valueRequired":true,"valueName":"search_term_string"}}],"inLanguage":"es"},{"@type":"Organization","@id":"https:\/\/www.safinel.fr\/#organization","name":"Safinel","url":"https:\/\/www.safinel.fr\/","logo":{"@type":"ImageObject","inLanguage":"es","@id":"https:\/\/www.safinel.fr\/#\/schema\/logo\/image\/","url":"https:\/\/www.safinel.fr\/wp-content\/uploads\/2021\/05\/boutique-cosmetique.png","contentUrl":"https:\/\/www.safinel.fr\/wp-content\/uploads\/2021\/05\/boutique-cosmetique.png","width":800,"height":200,"caption":"Safinel"},"image":{"@id":"https:\/\/www.safinel.fr\/#\/schema\/logo\/image\/"}}]}},"_links":{"self":[{"href":"https:\/\/www.safinel.fr\/es\/wp-json\/wp\/v2\/product\/869","targetHints":{"allow":["GET"]}}],"collection":[{"href":"https:\/\/www.safinel.fr\/es\/wp-json\/wp\/v2\/product"}],"about":[{"href":"https:\/\/www.safinel.fr\/es\/wp-json\/wp\/v2\/types\/product"}],"wp:featuredmedia":[{"embeddable":true,"href":"https:\/\/www.safinel.fr\/es\/wp-json\/wp\/v2\/media\/870"}],"wp:attachment":[{"href":"https:\/\/www.safinel.fr\/es\/wp-json\/wp\/v2\/media?parent=869"}],"wp:term":[{"taxonomy":"product_brand","embeddable":true,"href":"https:\/\/www.safinel.fr\/es\/wp-json\/wp\/v2\/product_brand?post=869"},{"taxonomy":"product_cat","embeddable":true,"href":"https:\/\/www.safinel.fr\/es\/wp-json\/wp\/v2\/product_cat?post=869"},{"taxonomy":"product_tag","embeddable":true,"href":"https:\/\/www.safinel.fr\/es\/wp-json\/wp\/v2\/product_tag?post=869"}],"curies":[{"name":"wp","href":"https:\/\/api.w.org\/{rel}","templated":true}]}}