{"id":867,"date":"2022-02-24T09:04:59","date_gmt":"2022-02-24T09:04:59","guid":{"rendered":"https:\/\/www.safinel.fr\/?post_type=product&#038;p=867"},"modified":"2024-05-02T14:11:40","modified_gmt":"2024-05-02T14:11:40","slug":"raiz-entera-de-ashwagandha","status":"publish","type":"product","link":"https:\/\/www.safinel.fr\/es\/product-2\/raiz-entera-de-ashwagandha\/","title":{"rendered":"Ashwagandha en polvo 100g"},"content":{"rendered":"<p class=\"p1\">\u00bfEs usted ansioso por naturaleza u ocasionalmente? La agitaci\u00f3n de la vida a veces no le hace ning\u00fan favor. El estr\u00e9s en el trabajo, combinado con las obligaciones dom\u00e9sticas, puede parecer insuperable, \u00a1y eso puede afectar a la libido! Para poner remedio a esta situaci\u00f3n, tu tienda especializada en productos naturales quiere compartir contigo las \u00faltimas novedades del mundo de la naturaleza.<b>\u2018Ra\u00edz entera de Ashwagandha<\/b><\/p>\n<h2 class=\"p3\"><b>Ra\u00edz entera de Ashwagandha: \u00bfqu\u00e9 es?<\/b><\/h2>\n<p class=\"p1\">\u00bfHas o\u00eddo hablar de esta planta llamada <b>Ashwagandha<\/b> ? Qu\u00e9date quieto, \u00a1vamos a intentar resolverlo todo!<span class=\"Apple-converted-space\">\u00a0<\/span><\/p>\n<p class=\"p1\">En primer lugar, es originaria de la India, un pa\u00eds de paisajes agradables y atractivos, \u00a1donde se esconde una planta con muchas virtudes! Desde el <b>Familia de las solan\u00e1ceas<\/b>, Esta planta herb\u00e1cea es conocida por sus propiedades altamente beneficiosas.<span class=\"Apple-converted-space\">\u00a0<\/span><\/p>\n<p class=\"p1\">Esta planta, reconocible por su aspecto y sus bayas de color rojo o anaranjado, tiene multitud de beneficios. \u00a1Y no menos en sus ra\u00edces!<span class=\"Apple-converted-space\">\u00a0<\/span><\/p>\n<p class=\"p1\">Tambi\u00e9n conocido como <b><i>Withania somn\u00edfera<\/i><\/b>, <b>Ginseng indio<\/b>, o <b>Cucaracha somnolienta<\/b>, Algunos lo ven como una verdadera ventaja.<span class=\"Apple-converted-space\">\u00a0<\/span><\/p>\n<h2 class=\"p3\"><b>\u00a1Los beneficios de la ra\u00edz entera de la planta Ashwagandha!<\/b><\/h2>\n<p class=\"p1\">De hecho, es \u00fatil para quienes <b>problemas de ansiedad<\/b> y el estr\u00e9s. \u00a1Esta planta puede ser una verdadera ayuda para relajarte!<span class=\"Apple-converted-space\">\u00a0<\/span><\/p>\n<p class=\"p1\">Para los deportistas avezados o los que simplemente disfrutan de un d\u00eda al aire libre, es bueno saber que tambi\u00e9n es conocida por sus propiedades energizantes. Es especialmente \u00fatil para <b>ayudar a los m\u00fasculos<\/b> para recuperarse. Al igual que el <a href=\"https:\/\/www.safinel.fr\/es\/product-2\/tribulus\/\"><b>Tribule<\/b><\/a>, \u00a1por cierto!<span class=\"Apple-converted-space\">\u00a0<\/span><\/p>\n<p class=\"p1\">En Asia, esta planta tambi\u00e9n se utiliza para <b>ayuda a la fertilidad<\/b>. Algunos lo consideran un <b>afrodis\u00edaco natural<\/b>, y puede ser una verdadera ventaja para su vida \u00edntima.<\/p>\n<h3 class=\"p3\"><b>Ayurveda, \u00a1una ciencia olvidada!<span class=\"Apple-converted-space\">\u00a0<\/span><\/b><\/h3>\n<p class=\"p1\">\u00bfConoces el <b>medicina ayurv\u00e9dica <\/b>? La medicina ayurv\u00e9dica es una medicina denominada tradicional, cuyo objetivo es tratar al paciente y no la enfermedad. Ampliamente conocida en el continente asi\u00e1tico, \u00a1tambi\u00e9n se practica en otras comunidades! <a href=\"https:\/\/www.safinel.fr\/es\/product-2\/kapoor-kachli\/\"><b>Kapoor kachli<\/b><\/a>, <a href=\"https:\/\/www.safinel.fr\/es\/product-2\/polvo-de-reetha\/\"><b>polvo de reetha<\/b><\/a> o incluso <b>sidr ayurv\u00e9dico en polvo<\/b>, descubra una amplia gama de productos naturales de la mano de su especialista <i>Safinel<\/i> !<\/p>","protected":false},"excerpt":{"rendered":"<p>Vous \u00eates anxieux de nature ou plus ponctuellement ? Les turpitudes de la vie ne font parfois pas de cadeaux ! Stress au boulot combin\u00e9 avec un foyer \u00e0 faire tourner, cela peut parfois para\u00eetre insurmontable et peut ainsi jouer sur la libido ! C\u2019est pour pallier \u00e0 cela que votre boutique sp\u00e9cialis\u00e9e en produits [&#8230;]","protected":false},"featured_media":868,"template":"","meta":[],"product_brand":[],"product_cat":[27],"product_tag":[],"class_list":{"0":"post-867","1":"product","2":"type-product","3":"status-publish","4":"has-post-thumbnail","6":"product_cat-plantes-medicinales","8":"first","9":"outofstock","10":"shipping-taxable","11":"purchasable","12":"product-type-simple"},"yoast_head":"<!-- This site is optimized with the Yoast SEO plugin v26.6 - https:\/\/yoast.com\/wordpress\/plugins\/seo\/ -->\n<title>Ashwagandha racine enti\u00e8re I Bienfaits nombreux I Achat s\u00e9curis\u00e9<\/title>\n<meta name=\"description\" content=\"Avez-vous d\u00e9j\u00e0 entendu parler de cette plante nomm\u00e9e Ashwagandha ? Ne bougez plus, nous allons essayer d\u2019\u00e9claircir tout cela !\" \/>\n<meta name=\"robots\" content=\"index, follow, max-snippet:-1, max-image-preview:large, max-video-preview:-1\" \/>\n<link rel=\"canonical\" href=\"https:\/\/www.safinel.fr\/es\/product-2\/raiz-entera-de-ashwagandha\/\" \/>\n<meta property=\"og:locale\" content=\"es_ES\" \/>\n<meta property=\"og:type\" content=\"article\" \/>\n<meta property=\"og:title\" content=\"Ashwagandha racine enti\u00e8re I Bienfaits nombreux I Achat s\u00e9curis\u00e9\" \/>\n<meta property=\"og:description\" content=\"Avez-vous d\u00e9j\u00e0 entendu parler de cette plante nomm\u00e9e Ashwagandha ? Ne bougez plus, nous allons essayer d\u2019\u00e9claircir tout cela !\" \/>\n<meta property=\"og:url\" content=\"https:\/\/www.safinel.fr\/es\/product-2\/raiz-entera-de-ashwagandha\/\" \/>\n<meta property=\"og:site_name\" content=\"Safinel\" \/>\n<meta property=\"article:modified_time\" content=\"2024-05-02T14:11:40+00:00\" \/>\n<meta property=\"og:image\" content=\"https:\/\/www.safinel.fr\/wp-content\/uploads\/2022\/02\/aswaganda-racine-entire.jpg\" \/>\n\t<meta property=\"og:image:width\" content=\"600\" \/>\n\t<meta property=\"og:image:height\" content=\"600\" \/>\n\t<meta property=\"og:image:type\" content=\"image\/jpeg\" \/>\n<meta name=\"twitter:card\" content=\"summary_large_image\" \/>\n<meta name=\"twitter:label1\" content=\"Tiempo de lectura\" \/>\n\t<meta name=\"twitter:data1\" content=\"2 minutos\" \/>\n<script type=\"application\/ld+json\" class=\"yoast-schema-graph\">{\"@context\":\"https:\/\/schema.org\",\"@graph\":[{\"@type\":\"WebPage\",\"@id\":\"https:\/\/www.safinel.fr\/produit\/ashwagandha-racine-entiere\/\",\"url\":\"https:\/\/www.safinel.fr\/produit\/ashwagandha-racine-entiere\/\",\"name\":\"Ashwagandha racine enti\u00e8re I Bienfaits nombreux I Achat s\u00e9curis\u00e9\",\"isPartOf\":{\"@id\":\"https:\/\/www.safinel.fr\/#website\"},\"primaryImageOfPage\":{\"@id\":\"https:\/\/www.safinel.fr\/produit\/ashwagandha-racine-entiere\/#primaryimage\"},\"image\":{\"@id\":\"https:\/\/www.safinel.fr\/produit\/ashwagandha-racine-entiere\/#primaryimage\"},\"thumbnailUrl\":\"https:\/\/www.safinel.fr\/wp-content\/uploads\/2022\/02\/aswaganda-racine-entire.jpg\",\"datePublished\":\"2022-02-24T09:04:59+00:00\",\"dateModified\":\"2024-05-02T14:11:40+00:00\",\"description\":\"Avez-vous d\u00e9j\u00e0 entendu parler de cette plante nomm\u00e9e Ashwagandha ? Ne bougez plus, nous allons essayer d\u2019\u00e9claircir tout cela !\",\"breadcrumb\":{\"@id\":\"https:\/\/www.safinel.fr\/produit\/ashwagandha-racine-entiere\/#breadcrumb\"},\"inLanguage\":\"es\",\"potentialAction\":[{\"@type\":\"ReadAction\",\"target\":[\"https:\/\/www.safinel.fr\/produit\/ashwagandha-racine-entiere\/\"]}]},{\"@type\":\"ImageObject\",\"inLanguage\":\"es\",\"@id\":\"https:\/\/www.safinel.fr\/produit\/ashwagandha-racine-entiere\/#primaryimage\",\"url\":\"https:\/\/www.safinel.fr\/wp-content\/uploads\/2022\/02\/aswaganda-racine-entire.jpg\",\"contentUrl\":\"https:\/\/www.safinel.fr\/wp-content\/uploads\/2022\/02\/aswaganda-racine-entire.jpg\",\"width\":600,\"height\":600,\"caption\":\"Ashwagandha racine enti\u00e8re\"},{\"@type\":\"BreadcrumbList\",\"@id\":\"https:\/\/www.safinel.fr\/produit\/ashwagandha-racine-entiere\/#breadcrumb\",\"itemListElement\":[{\"@type\":\"ListItem\",\"position\":1,\"name\":\"Accueil\",\"item\":\"https:\/\/www.safinel.fr\/\"},{\"@type\":\"ListItem\",\"position\":2,\"name\":\"Boutique\",\"item\":\"https:\/\/www.safinel.fr\/boutique\/\"},{\"@type\":\"ListItem\",\"position\":3,\"name\":\"Ashwagandha en poudre 100g\"}]},{\"@type\":\"WebSite\",\"@id\":\"https:\/\/www.safinel.fr\/#website\",\"url\":\"https:\/\/www.safinel.fr\/\",\"name\":\"Safinel\",\"description\":\"\",\"publisher\":{\"@id\":\"https:\/\/www.safinel.fr\/#organization\"},\"potentialAction\":[{\"@type\":\"SearchAction\",\"target\":{\"@type\":\"EntryPoint\",\"urlTemplate\":\"https:\/\/www.safinel.fr\/?s={search_term_string}\"},\"query-input\":{\"@type\":\"PropertyValueSpecification\",\"valueRequired\":true,\"valueName\":\"search_term_string\"}}],\"inLanguage\":\"es\"},{\"@type\":\"Organization\",\"@id\":\"https:\/\/www.safinel.fr\/#organization\",\"name\":\"Safinel\",\"url\":\"https:\/\/www.safinel.fr\/\",\"logo\":{\"@type\":\"ImageObject\",\"inLanguage\":\"es\",\"@id\":\"https:\/\/www.safinel.fr\/#\/schema\/logo\/image\/\",\"url\":\"https:\/\/www.safinel.fr\/wp-content\/uploads\/2021\/05\/boutique-cosmetique.png\",\"contentUrl\":\"https:\/\/www.safinel.fr\/wp-content\/uploads\/2021\/05\/boutique-cosmetique.png\",\"width\":800,\"height\":200,\"caption\":\"Safinel\"},\"image\":{\"@id\":\"https:\/\/www.safinel.fr\/#\/schema\/logo\/image\/\"}}]}<\/script>\n<!-- \/ Yoast SEO plugin. -->","yoast_head_json":{"title":"Ra\u00edz entera de Ashwagandha I Numerosos beneficios I Compra segura","description":"\u00bfHas o\u00eddo hablar alguna vez de esta planta llamada Ashwagandha? No te muevas, \u00a1vamos a intentar aclararlo todo!","robots":{"index":"index","follow":"follow","max-snippet":"max-snippet:-1","max-image-preview":"max-image-preview:large","max-video-preview":"max-video-preview:-1"},"canonical":"https:\/\/www.safinel.fr\/es\/product-2\/raiz-entera-de-ashwagandha\/","og_locale":"es_ES","og_type":"article","og_title":"Ashwagandha racine enti\u00e8re I Bienfaits nombreux I Achat s\u00e9curis\u00e9","og_description":"Avez-vous d\u00e9j\u00e0 entendu parler de cette plante nomm\u00e9e Ashwagandha ? Ne bougez plus, nous allons essayer d\u2019\u00e9claircir tout cela !","og_url":"https:\/\/www.safinel.fr\/es\/product-2\/raiz-entera-de-ashwagandha\/","og_site_name":"Safinel","article_modified_time":"2024-05-02T14:11:40+00:00","og_image":[{"width":600,"height":600,"url":"https:\/\/www.safinel.fr\/wp-content\/uploads\/2022\/02\/aswaganda-racine-entire.jpg","type":"image\/jpeg"}],"twitter_card":"summary_large_image","twitter_misc":{"Tiempo de lectura":"2 minutos"},"schema":{"@context":"https:\/\/schema.org","@graph":[{"@type":"WebPage","@id":"https:\/\/www.safinel.fr\/produit\/ashwagandha-racine-entiere\/","url":"https:\/\/www.safinel.fr\/produit\/ashwagandha-racine-entiere\/","name":"Ra\u00edz entera de Ashwagandha I Numerosos beneficios I Compra segura","isPartOf":{"@id":"https:\/\/www.safinel.fr\/#website"},"primaryImageOfPage":{"@id":"https:\/\/www.safinel.fr\/produit\/ashwagandha-racine-entiere\/#primaryimage"},"image":{"@id":"https:\/\/www.safinel.fr\/produit\/ashwagandha-racine-entiere\/#primaryimage"},"thumbnailUrl":"https:\/\/www.safinel.fr\/wp-content\/uploads\/2022\/02\/aswaganda-racine-entire.jpg","datePublished":"2022-02-24T09:04:59+00:00","dateModified":"2024-05-02T14:11:40+00:00","description":"\u00bfHas o\u00eddo hablar alguna vez de esta planta llamada Ashwagandha? No te muevas, \u00a1vamos a intentar aclararlo todo!","breadcrumb":{"@id":"https:\/\/www.safinel.fr\/produit\/ashwagandha-racine-entiere\/#breadcrumb"},"inLanguage":"es","potentialAction":[{"@type":"ReadAction","target":["https:\/\/www.safinel.fr\/produit\/ashwagandha-racine-entiere\/"]}]},{"@type":"ImageObject","inLanguage":"es","@id":"https:\/\/www.safinel.fr\/produit\/ashwagandha-racine-entiere\/#primaryimage","url":"https:\/\/www.safinel.fr\/wp-content\/uploads\/2022\/02\/aswaganda-racine-entire.jpg","contentUrl":"https:\/\/www.safinel.fr\/wp-content\/uploads\/2022\/02\/aswaganda-racine-entire.jpg","width":600,"height":600,"caption":"Ashwagandha racine enti\u00e8re"},{"@type":"BreadcrumbList","@id":"https:\/\/www.safinel.fr\/produit\/ashwagandha-racine-entiere\/#breadcrumb","itemListElement":[{"@type":"ListItem","position":1,"name":"Accueil","item":"https:\/\/www.safinel.fr\/"},{"@type":"ListItem","position":2,"name":"Boutique","item":"https:\/\/www.safinel.fr\/boutique\/"},{"@type":"ListItem","position":3,"name":"Ashwagandha en poudre 100g"}]},{"@type":"WebSite","@id":"https:\/\/www.safinel.fr\/#website","url":"https:\/\/www.safinel.fr\/","name":"Safinel","description":"","publisher":{"@id":"https:\/\/www.safinel.fr\/#organization"},"potentialAction":[{"@type":"SearchAction","target":{"@type":"EntryPoint","urlTemplate":"https:\/\/www.safinel.fr\/?s={search_term_string}"},"query-input":{"@type":"PropertyValueSpecification","valueRequired":true,"valueName":"search_term_string"}}],"inLanguage":"es"},{"@type":"Organization","@id":"https:\/\/www.safinel.fr\/#organization","name":"Safinel","url":"https:\/\/www.safinel.fr\/","logo":{"@type":"ImageObject","inLanguage":"es","@id":"https:\/\/www.safinel.fr\/#\/schema\/logo\/image\/","url":"https:\/\/www.safinel.fr\/wp-content\/uploads\/2021\/05\/boutique-cosmetique.png","contentUrl":"https:\/\/www.safinel.fr\/wp-content\/uploads\/2021\/05\/boutique-cosmetique.png","width":800,"height":200,"caption":"Safinel"},"image":{"@id":"https:\/\/www.safinel.fr\/#\/schema\/logo\/image\/"}}]}},"_links":{"self":[{"href":"https:\/\/www.safinel.fr\/es\/wp-json\/wp\/v2\/product\/867","targetHints":{"allow":["GET"]}}],"collection":[{"href":"https:\/\/www.safinel.fr\/es\/wp-json\/wp\/v2\/product"}],"about":[{"href":"https:\/\/www.safinel.fr\/es\/wp-json\/wp\/v2\/types\/product"}],"wp:featuredmedia":[{"embeddable":true,"href":"https:\/\/www.safinel.fr\/es\/wp-json\/wp\/v2\/media\/868"}],"wp:attachment":[{"href":"https:\/\/www.safinel.fr\/es\/wp-json\/wp\/v2\/media?parent=867"}],"wp:term":[{"taxonomy":"product_brand","embeddable":true,"href":"https:\/\/www.safinel.fr\/es\/wp-json\/wp\/v2\/product_brand?post=867"},{"taxonomy":"product_cat","embeddable":true,"href":"https:\/\/www.safinel.fr\/es\/wp-json\/wp\/v2\/product_cat?post=867"},{"taxonomy":"product_tag","embeddable":true,"href":"https:\/\/www.safinel.fr\/es\/wp-json\/wp\/v2\/product_tag?post=867"}],"curies":[{"name":"wp","href":"https:\/\/api.w.org\/{rel}","templated":true}]}}