{"id":860,"date":"2022-02-23T19:43:21","date_gmt":"2022-02-23T19:43:21","guid":{"rendered":"https:\/\/www.safinel.fr\/?post_type=product&#038;p=860"},"modified":"2024-12-31T02:17:41","modified_gmt":"2024-12-31T02:17:41","slug":"tribulus","status":"publish","type":"product","link":"https:\/\/www.safinel.fr\/es\/product-2\/tribulus\/","title":{"rendered":"Tribule (Tribulus) 100g"},"content":{"rendered":"<p><strong>Tribulus<\/strong>, tambi\u00e9n conocido como\u00a0<strong>\u201ctribu terrestre\u201d,<\/strong>\u00a0o incluso\u00a0<strong>\u201cCruz de Malta\u201d,<\/strong>\u00a0es un remedio antiguo. De hecho, se ha utilizado en ciertas regiones del mundo (India, China, etc.) durante siglos por su\u00a0<strong>propiedades terap\u00e9uticas<\/strong>. Y m\u00e1s concretamente por sus propiedades\u00a0<strong>fortificante, afrodis\u00edaco<\/strong>\u00a0(para hombres y mujeres) y\u00a0<strong>proteger el sistema cardiovascular<\/strong>.<\/p>\n<p>Estamos impacientes por cont\u00e1rselo.<\/p>\n<h2><strong>Tribulus: \u00a1una planta asombrosa!\u00a0<\/strong><\/h2>\n<p>Su nombre, cruz de Malta, procede de la forma de estrella de su fruto, formado por cinco s\u00e9palos. Se utilizan todas las partes de la planta, incluidos el fruto, las hojas, las ra\u00edces y las semillas.<\/p>\n<p>Este\u00a0<strong>alicamento<\/strong>\u00a0tambi\u00e9n es rico en principios activos que act\u00faan sobre las hormonas y el flujo sangu\u00edneo.<\/p>\n<p>En fitoterapia se utilizan principalmente extractos de las ra\u00edces y semillas de la planta.<\/p>\n<h3><strong>Los principios activos de este superalimento le confieren propiedades incre\u00edbles:<\/strong><\/h3>\n<ul>\n<li>anab\u00f3lico natural<\/li>\n<li>eficaz contra los problemas cardiovasculares<\/li>\n<li>revitalizante y energizante<\/li>\n<li>aumenta la energ\u00eda sexual<\/li>\n<li>multiplica por diez la energ\u00eda f\u00edsica<\/li>\n<li>calma el estr\u00e9s<\/li>\n<li>disipa el insomnio<\/li>\n<li>ayuda a concentrarse<\/li>\n<li>calma los s\u00edntomas de la menopausia<\/li>\n<li>soluciona los problemas menstruales<\/li>\n<\/ul>\n<p>(Lista no exhaustiva)<\/p>\n<h2><strong>Propiedades terap\u00e9uticas del tribulus<\/strong><\/h2>\n<p>Sus beneficios para la salud son a\u00fan mayores. Es m\u00e1s, varios cient\u00edficos han destacado otros beneficios medicinales hasta ahora desconocidos...<\/p>\n<h3><strong>Estimulante y anab\u00f3lico<\/strong><\/h3>\n<p><strong>Anabolizantes naturales<\/strong>, esta planta ayuda a\u2019<strong>aumento de la masa muscular<\/strong>\u00a0sino tambi\u00e9n para la recuperaci\u00f3n despu\u00e9s del ejercicio. En consecuencia\u00a0<strong>aumenta el rendimiento deportivo<\/strong>\u00a0gracias a su efecto sobre la producci\u00f3n de testosterona.<\/p>\n<p>Tiene el poder de estimular la producci\u00f3n de testosterona. Por eso lo encontramos en diversos complementos alimenticios y otros tratamientos de salud espec\u00edficos para hombres.<\/p>\n<h3><strong>Tribulus: T\u00f3nico y afrodis\u00edaco <\/strong><\/h3>\n<p>Al estimular hormonas como la testosterona y la progesterona, la<strong>el tribulus ayuda a combatir la impotencia y la frigidez<\/strong>.<\/p>\n<p>Es muy recomendable como afrodis\u00edaco para potenciar la energ\u00eda sexual y aumentar el deseo tanto en hombres como en mujeres.<\/p>\n<p>Tambi\u00e9n es un excelente\u00a0<strong>medicina natural\u00a0<\/strong>para quienes sufren una disminuci\u00f3n de la libido debida a la fatiga o a la impotencia.<\/p>\n<p>Safinel tambi\u00e9n ofrece otras plantas afrodis\u00edacas, entre ellas\u00a0<a href=\"https:\/\/www.safinel.fr\/es\/product-2\/kigelia-africana\/\"><strong>Kigelia africana<\/strong><\/a>.<\/p>\n<h3><strong>Trastornos espec\u00edficos de la mujer<\/strong><\/h3>\n<p>Esta planta tambi\u00e9n regula las hormonas en las mujeres favoreciendo su producci\u00f3n, en particular de estr\u00f3genos. De hecho, puede\u00a0<strong>eficaz para regular los ciclos menstruales<\/strong>\u00a0o incluso\u00a0<strong>aliviar el periodo de la menopausia<\/strong>.<\/p>\n<p>Tambi\u00e9n reduce el flujo y el dolor asociados a la menstruaci\u00f3n, as\u00ed como las molestias causadas por la menopausia.<\/p>\n<p>Descubre la\u00a0<a href=\"https:\/\/www.safinel.fr\/es\/product-2\/djeka-se-va\/\"><strong>Djeka se va<\/strong><\/a>. Adem\u00e1s de aliviar los dolores menstruales, esta planta se recomienda para limpiar el \u00fatero despu\u00e9s del parto.<\/p>\n<h3><strong>Tribulus y aumento de la fertilidad<\/strong><\/h3>\n<p>Se han realizado investigaciones sobre\u00a0<strong>tribulaci\u00f3n terrestre<\/strong>\u00a0y han demostrado que puede\u00a0<strong>ayudan a mejorar la fertilidad<\/strong>.<\/p>\n<p>Sin embargo, la mayor\u00eda de ellos se llevaron a cabo en animales. Pudieron observar un\u00a0<strong>aumento del n\u00famero de espermatozoides<\/strong>\u00a0en los machos. Pero tambi\u00e9n, un fortalecimiento de los ovarios en las hembras.<\/p>\n<h3><strong>Facilita la p\u00e9rdida de peso<\/strong><\/h3>\n<p>Se realiz\u00f3 un estudio de 12 semanas en hombres de entre 45 y 60 a\u00f1os. En \u00e9l se administraron c\u00e1psulas para estudiar el efecto del tribulus en la p\u00e9rdida de peso.<\/p>\n<p>Este remedio natural ayud\u00f3 a mejorar la producci\u00f3n hormonal en los sujetos.<\/p>\n<p>De hecho, un\u00a0<strong>reducci\u00f3n de la grasa corporal y aumento de la masa muscular<\/strong>.<\/p>\n<p>Cabe se\u00f1alar que la pr\u00e1ctica de deporte adem\u00e1s de este tratamiento s\u00f3lo mejor\u00f3 los resultados.<\/p>\n<p>Tambi\u00e9n puede encontrar los siguientes productos en nuestra tienda en l\u00ednea\u00a0<strong>Triphala org\u00e1nico.\u00a0<\/strong>Favorece la p\u00e9rdida de peso y la digesti\u00f3n.<\/p>\n<h3><strong>Tribulus b<\/strong><strong>reforzar el sistema inmunitario<\/strong><\/h3>\n<p>El tribulus molido tambi\u00e9n se recomienda para\u00a0<strong>revitaliza el organismo y refuerza el sistema inmunitario<\/strong>. Pero tambi\u00e9n se recomienda en casos de fatiga cr\u00f3nica, ya que fortalece las gl\u00e1ndulas suprarrenales.<\/p>\n<p>Estas gl\u00e1ndulas producen hormonas esteroideas como el cortisol (tambi\u00e9n conocidas como corticosteroides).<\/p>\n<p>El estr\u00e9s intenso, ya sea f\u00edsico, emocional, psicol\u00f3gico o ambiental, puede agotar las gl\u00e1ndulas suprarrenales. Estas reducen entonces la producci\u00f3n de hormonas como el cortisol.<\/p>\n<h3><strong>Enfermedades cardiovasculares y otras acciones<\/strong><\/h3>\n<p><strong>Anticoagulante<\/strong>, El tribulus protege contra las enfermedades cardiovasculares y los problemas de coraz\u00f3n y previene los co\u00e1gulos sangu\u00edneos.<\/p>\n<p>Tambi\u00e9n es un\u00a0<strong>un aliado para los enfermos de anemia\u00a0<\/strong>porque ayuda a multiplicar los gl\u00f3bulos rojos.<\/p>\n<p>Tambi\u00e9n act\u00faa en el\u00a0<strong>protecci\u00f3n del h\u00edgado y la ves\u00edcula biliar<\/strong>\u00a0estimul\u00e1ndolas y ayud\u00e1ndolas en su funci\u00f3n desintoxicante.<\/p>\n<p><strong>Combate el estr\u00e9s, el nerviosismo y el insomnio<\/strong><\/p>\n<p>Los estudios no s\u00f3lo han demostrado que\u00a0<strong>sus extractos ayudan a equilibrar el sistema nervioso<\/strong>. Pero tambi\u00e9n calma la carga mental y el estr\u00e9s gracias a sus propiedades adapt\u00f3genas.<\/p>\n<p>Adem\u00e1s\u00a0<strong>combate el insomnio<\/strong>\u00a0favoreciendo un sue\u00f1o reparador y la recuperaci\u00f3n durante el sue\u00f1o.<\/p>\n<p><strong>Tribulus: una planta adapt\u00f3gena<\/strong><\/p>\n<p>Estas plantas son\u00a0<strong>reguladores metab\u00f3licos<\/strong>\u00a0el cuerpo humano. Su acci\u00f3n aumenta la capacidad del organismo para adaptarse a determinados factores ambientales como la fatiga o el estr\u00e9s.<\/p>\n<p>De hecho, estos adapt\u00f3genos pueden ser especialmente eficaces para combatir el estr\u00e9s en general y, en consecuencia, reequilibrar el organismo.<\/p>\n<p>Adem\u00e1s de las propiedades enumeradas, estas plantas pueden ser t\u00f3nicas y energizantes. En particular, tienen propiedades tonificantes para el organismo, aumentando la energ\u00eda cuando se est\u00e1 cansado.<\/p>\n<p>As\u00ed pues, los adapt\u00f3genos contribuyen a mejorar la salud general del organismo. Dicho esto, cada uno es \u00fanico y tiene sus propiedades espec\u00edficas.<\/p>\n<p>Por ejemplo, algunos se consideran estimulantes, otros calmantes y otros antioxidantes.<\/p>\n<h2><strong>Tribulus terrestris: Dosis y recomendaciones<\/strong><\/h2>\n<h3><strong>Dosificaci\u00f3n\u00a0<\/strong><\/h3>\n<p>Esta planta no tiene efectos secundarios conocidos si se respeta la dosis. Dicho esto, la dosis diaria no debe superar los 1200 mg, con descansos de una semana cada quince d\u00edas.<\/p>\n<p>Obviamente, la dosis depender\u00e1 del problema de salud que se est\u00e9 tratando.<\/p>\n<p>Tambi\u00e9n se recomienda que se tome preferentemente dos veces al d\u00eda.<\/p>\n<h3><strong>Otras indicaciones<\/strong><\/h3>\n<p>Este remedio natural est\u00e1 contraindicado para las mujeres embarazadas, <a href=\"https:\/\/mamanetbebenature.fr\/406-tisane-d-allaitement\" target=\"_blank\" rel=\"noopener\"><strong>lactancia materna<\/strong><\/a> y ni\u00f1os.<\/p>\n<p>Tampoco se recomienda a las personas con problemas renales, ya que puede estimularlos.<\/p>\n<p>No supere la dosis diaria recomendada y evite tomarlo con estimulantes como el caf\u00e9 o el guaran\u00e1.<\/p>\n<p>Estas recomendaciones son meramente informativas y no sustituyen al tratamiento m\u00e9dico. Consulte siempre a un profesional de la salud.<\/p>","protected":false},"excerpt":{"rendered":"<p>El tribulus, tambi\u00e9n conocido como \u201ctribulus terrestris\u201d o \u201ccruz de Malta\u201d, es un remedio ancestral. De hecho, se utiliza en algunas regiones del mundo (India, China...) desde hace siglos por sus virtudes terap\u00e9uticas. Y m\u00e1s concretamente por sus propiedades fortificantes, afrodis\u00edacas (para hombres y mujeres) y protectoras del sistema cardiovascular. \u00a1Estamos impacientes por hablaros de \u00e9l! El tribulus [\u2026]","protected":false},"featured_media":862,"template":"","meta":[],"product_brand":[],"product_cat":[27],"product_tag":[],"class_list":{"0":"post-860","1":"product","2":"type-product","3":"status-publish","4":"has-post-thumbnail","6":"product_cat-plantes-medicinales","8":"first","9":"outofstock","10":"shipping-taxable","11":"purchasable","12":"product-type-variable"},"yoast_head":"<!-- This site is optimized with the Yoast SEO plugin v26.6 - https:\/\/yoast.com\/wordpress\/plugins\/seo\/ -->\n<title>Tribulus I Tribule terrestre I Rem\u00e8de naturel \u00e0 d\u00e9couvrir<\/title>\n<meta name=\"description\" content=\"Le tribulus, \u00e9galement appel\u00e9\u00a0\u201ctribule terrestre\u201d,\u00a0ou encore\u00a0\u201ccroix de Malte\u201d,\u00a0est un rem\u00e8de ancestral. D\u00e9couvrez-le sans plus attendre !\" \/>\n<meta name=\"robots\" content=\"index, follow, max-snippet:-1, max-image-preview:large, max-video-preview:-1\" \/>\n<link rel=\"canonical\" href=\"https:\/\/www.safinel.fr\/es\/product-2\/tribulus\/\" \/>\n<meta property=\"og:locale\" content=\"es_ES\" \/>\n<meta property=\"og:type\" content=\"article\" \/>\n<meta property=\"og:title\" content=\"Tribulus I Tribule terrestre I Rem\u00e8de naturel \u00e0 d\u00e9couvrir\" \/>\n<meta property=\"og:description\" content=\"Le tribulus, \u00e9galement appel\u00e9\u00a0\u201ctribule terrestre\u201d,\u00a0ou encore\u00a0\u201ccroix de Malte\u201d,\u00a0est un rem\u00e8de ancestral. D\u00e9couvrez-le sans plus attendre !\" \/>\n<meta property=\"og:url\" content=\"https:\/\/www.safinel.fr\/es\/product-2\/tribulus\/\" \/>\n<meta property=\"og:site_name\" content=\"Safinel\" \/>\n<meta property=\"article:modified_time\" content=\"2024-12-31T02:17:41+00:00\" \/>\n<meta property=\"og:image\" content=\"https:\/\/www.safinel.fr\/wp-content\/uploads\/2022\/02\/tribule-fruit-entier.jpg\" \/>\n\t<meta property=\"og:image:width\" content=\"600\" \/>\n\t<meta property=\"og:image:height\" content=\"600\" \/>\n\t<meta property=\"og:image:type\" content=\"image\/jpeg\" \/>\n<meta name=\"twitter:card\" content=\"summary_large_image\" \/>\n<meta name=\"twitter:label1\" content=\"Tiempo de lectura\" \/>\n\t<meta name=\"twitter:data1\" content=\"6 minutos\" \/>\n<script type=\"application\/ld+json\" class=\"yoast-schema-graph\">{\"@context\":\"https:\/\/schema.org\",\"@graph\":[{\"@type\":\"WebPage\",\"@id\":\"https:\/\/www.safinel.fr\/produit\/tribulus\/\",\"url\":\"https:\/\/www.safinel.fr\/produit\/tribulus\/\",\"name\":\"Tribulus I Tribule terrestre I Rem\u00e8de naturel \u00e0 d\u00e9couvrir\",\"isPartOf\":{\"@id\":\"https:\/\/www.safinel.fr\/#website\"},\"primaryImageOfPage\":{\"@id\":\"https:\/\/www.safinel.fr\/produit\/tribulus\/#primaryimage\"},\"image\":{\"@id\":\"https:\/\/www.safinel.fr\/produit\/tribulus\/#primaryimage\"},\"thumbnailUrl\":\"https:\/\/www.safinel.fr\/wp-content\/uploads\/2022\/02\/tribule-fruit-entier.jpg\",\"datePublished\":\"2022-02-23T19:43:21+00:00\",\"dateModified\":\"2024-12-31T02:17:41+00:00\",\"description\":\"Le tribulus, \u00e9galement appel\u00e9\u00a0\u201ctribule terrestre\u201d,\u00a0ou encore\u00a0\u201ccroix de Malte\u201d,\u00a0est un rem\u00e8de ancestral. D\u00e9couvrez-le sans plus attendre !\",\"breadcrumb\":{\"@id\":\"https:\/\/www.safinel.fr\/produit\/tribulus\/#breadcrumb\"},\"inLanguage\":\"es\",\"potentialAction\":[{\"@type\":\"ReadAction\",\"target\":[\"https:\/\/www.safinel.fr\/produit\/tribulus\/\"]}]},{\"@type\":\"ImageObject\",\"inLanguage\":\"es\",\"@id\":\"https:\/\/www.safinel.fr\/produit\/tribulus\/#primaryimage\",\"url\":\"https:\/\/www.safinel.fr\/wp-content\/uploads\/2022\/02\/tribule-fruit-entier.jpg\",\"contentUrl\":\"https:\/\/www.safinel.fr\/wp-content\/uploads\/2022\/02\/tribule-fruit-entier.jpg\",\"width\":600,\"height\":600,\"caption\":\"Tribulus I Tribule terrestre\"},{\"@type\":\"BreadcrumbList\",\"@id\":\"https:\/\/www.safinel.fr\/produit\/tribulus\/#breadcrumb\",\"itemListElement\":[{\"@type\":\"ListItem\",\"position\":1,\"name\":\"Accueil\",\"item\":\"https:\/\/www.safinel.fr\/\"},{\"@type\":\"ListItem\",\"position\":2,\"name\":\"Boutique\",\"item\":\"https:\/\/www.safinel.fr\/boutique\/\"},{\"@type\":\"ListItem\",\"position\":3,\"name\":\"Tribule (Tribulus) 100g\"}]},{\"@type\":\"WebSite\",\"@id\":\"https:\/\/www.safinel.fr\/#website\",\"url\":\"https:\/\/www.safinel.fr\/\",\"name\":\"Safinel\",\"description\":\"\",\"publisher\":{\"@id\":\"https:\/\/www.safinel.fr\/#organization\"},\"potentialAction\":[{\"@type\":\"SearchAction\",\"target\":{\"@type\":\"EntryPoint\",\"urlTemplate\":\"https:\/\/www.safinel.fr\/?s={search_term_string}\"},\"query-input\":{\"@type\":\"PropertyValueSpecification\",\"valueRequired\":true,\"valueName\":\"search_term_string\"}}],\"inLanguage\":\"es\"},{\"@type\":\"Organization\",\"@id\":\"https:\/\/www.safinel.fr\/#organization\",\"name\":\"Safinel\",\"url\":\"https:\/\/www.safinel.fr\/\",\"logo\":{\"@type\":\"ImageObject\",\"inLanguage\":\"es\",\"@id\":\"https:\/\/www.safinel.fr\/#\/schema\/logo\/image\/\",\"url\":\"https:\/\/www.safinel.fr\/wp-content\/uploads\/2021\/05\/boutique-cosmetique.png\",\"contentUrl\":\"https:\/\/www.safinel.fr\/wp-content\/uploads\/2021\/05\/boutique-cosmetique.png\",\"width\":800,\"height\":200,\"caption\":\"Safinel\"},\"image\":{\"@id\":\"https:\/\/www.safinel.fr\/#\/schema\/logo\/image\/\"}}]}<\/script>\n<!-- \/ Yoast SEO plugin. -->","yoast_head_json":{"title":"Tribulus I Tribu de la Tierra I Remedio natural para descubrir","description":"El tribulus, tambi\u00e9n conocido como \u201ctribule terrestre\u201d o \u201ccruz de Malta\u201d, es un remedio ancestral. \u00a1Desc\u00fabralo ahora!","robots":{"index":"index","follow":"follow","max-snippet":"max-snippet:-1","max-image-preview":"max-image-preview:large","max-video-preview":"max-video-preview:-1"},"canonical":"https:\/\/www.safinel.fr\/es\/product-2\/tribulus\/","og_locale":"es_ES","og_type":"article","og_title":"Tribulus I Tribule terrestre I Rem\u00e8de naturel \u00e0 d\u00e9couvrir","og_description":"Le tribulus, \u00e9galement appel\u00e9\u00a0\u201ctribule terrestre\u201d,\u00a0ou encore\u00a0\u201ccroix de Malte\u201d,\u00a0est un rem\u00e8de ancestral. D\u00e9couvrez-le sans plus attendre !","og_url":"https:\/\/www.safinel.fr\/es\/product-2\/tribulus\/","og_site_name":"Safinel","article_modified_time":"2024-12-31T02:17:41+00:00","og_image":[{"width":600,"height":600,"url":"https:\/\/www.safinel.fr\/wp-content\/uploads\/2022\/02\/tribule-fruit-entier.jpg","type":"image\/jpeg"}],"twitter_card":"summary_large_image","twitter_misc":{"Tiempo de lectura":"6 minutos"},"schema":{"@context":"https:\/\/schema.org","@graph":[{"@type":"WebPage","@id":"https:\/\/www.safinel.fr\/produit\/tribulus\/","url":"https:\/\/www.safinel.fr\/produit\/tribulus\/","name":"Tribulus I Tribu de la Tierra I Remedio natural para descubrir","isPartOf":{"@id":"https:\/\/www.safinel.fr\/#website"},"primaryImageOfPage":{"@id":"https:\/\/www.safinel.fr\/produit\/tribulus\/#primaryimage"},"image":{"@id":"https:\/\/www.safinel.fr\/produit\/tribulus\/#primaryimage"},"thumbnailUrl":"https:\/\/www.safinel.fr\/wp-content\/uploads\/2022\/02\/tribule-fruit-entier.jpg","datePublished":"2022-02-23T19:43:21+00:00","dateModified":"2024-12-31T02:17:41+00:00","description":"El tribulus, tambi\u00e9n conocido como \u201ctribule terrestre\u201d o \u201ccruz de Malta\u201d, es un remedio ancestral. \u00a1Desc\u00fabralo ahora!","breadcrumb":{"@id":"https:\/\/www.safinel.fr\/produit\/tribulus\/#breadcrumb"},"inLanguage":"es","potentialAction":[{"@type":"ReadAction","target":["https:\/\/www.safinel.fr\/produit\/tribulus\/"]}]},{"@type":"ImageObject","inLanguage":"es","@id":"https:\/\/www.safinel.fr\/produit\/tribulus\/#primaryimage","url":"https:\/\/www.safinel.fr\/wp-content\/uploads\/2022\/02\/tribule-fruit-entier.jpg","contentUrl":"https:\/\/www.safinel.fr\/wp-content\/uploads\/2022\/02\/tribule-fruit-entier.jpg","width":600,"height":600,"caption":"Tribulus I Tribule terrestre"},{"@type":"BreadcrumbList","@id":"https:\/\/www.safinel.fr\/produit\/tribulus\/#breadcrumb","itemListElement":[{"@type":"ListItem","position":1,"name":"Accueil","item":"https:\/\/www.safinel.fr\/"},{"@type":"ListItem","position":2,"name":"Boutique","item":"https:\/\/www.safinel.fr\/boutique\/"},{"@type":"ListItem","position":3,"name":"Tribule (Tribulus) 100g"}]},{"@type":"WebSite","@id":"https:\/\/www.safinel.fr\/#website","url":"https:\/\/www.safinel.fr\/","name":"Safinel","description":"","publisher":{"@id":"https:\/\/www.safinel.fr\/#organization"},"potentialAction":[{"@type":"SearchAction","target":{"@type":"EntryPoint","urlTemplate":"https:\/\/www.safinel.fr\/?s={search_term_string}"},"query-input":{"@type":"PropertyValueSpecification","valueRequired":true,"valueName":"search_term_string"}}],"inLanguage":"es"},{"@type":"Organization","@id":"https:\/\/www.safinel.fr\/#organization","name":"Safinel","url":"https:\/\/www.safinel.fr\/","logo":{"@type":"ImageObject","inLanguage":"es","@id":"https:\/\/www.safinel.fr\/#\/schema\/logo\/image\/","url":"https:\/\/www.safinel.fr\/wp-content\/uploads\/2021\/05\/boutique-cosmetique.png","contentUrl":"https:\/\/www.safinel.fr\/wp-content\/uploads\/2021\/05\/boutique-cosmetique.png","width":800,"height":200,"caption":"Safinel"},"image":{"@id":"https:\/\/www.safinel.fr\/#\/schema\/logo\/image\/"}}]}},"_links":{"self":[{"href":"https:\/\/www.safinel.fr\/es\/wp-json\/wp\/v2\/product\/860","targetHints":{"allow":["GET"]}}],"collection":[{"href":"https:\/\/www.safinel.fr\/es\/wp-json\/wp\/v2\/product"}],"about":[{"href":"https:\/\/www.safinel.fr\/es\/wp-json\/wp\/v2\/types\/product"}],"wp:featuredmedia":[{"embeddable":true,"href":"https:\/\/www.safinel.fr\/es\/wp-json\/wp\/v2\/media\/862"}],"wp:attachment":[{"href":"https:\/\/www.safinel.fr\/es\/wp-json\/wp\/v2\/media?parent=860"}],"wp:term":[{"taxonomy":"product_brand","embeddable":true,"href":"https:\/\/www.safinel.fr\/es\/wp-json\/wp\/v2\/product_brand?post=860"},{"taxonomy":"product_cat","embeddable":true,"href":"https:\/\/www.safinel.fr\/es\/wp-json\/wp\/v2\/product_cat?post=860"},{"taxonomy":"product_tag","embeddable":true,"href":"https:\/\/www.safinel.fr\/es\/wp-json\/wp\/v2\/product_tag?post=860"}],"curies":[{"name":"wp","href":"https:\/\/api.w.org\/{rel}","templated":true}]}}