{"id":858,"date":"2022-02-23T19:33:53","date_gmt":"2022-02-23T19:33:53","guid":{"rendered":"https:\/\/www.safinel.fr\/?post_type=product&#038;p=858"},"modified":"2023-12-30T13:29:27","modified_gmt":"2023-12-30T13:29:27","slug":"te-de-hierbas-con-leche","status":"publish","type":"product","link":"https:\/\/www.safinel.fr\/es\/product-2\/te-de-hierbas-con-leche\/","title":{"rendered":"Tisana especial lactancia 100g"},"content":{"rendered":"<p><strong>Amamantar a su hijo\u00a0<\/strong>es sin duda una de las cosas m\u00e1s bonitas que puedes darle a tu beb\u00e9 desde que nace. Sin embargo, aunque este comportamiento es completamente natural, no todo es coser y cantar para las mam\u00e1s.\u00a0<strong>T\u00e9 de lactancia<\/strong>\u00a0facilita\u00a0<strong>sube la leche<\/strong>, Esto permite a la madre hidratarse regularmente a lo largo del d\u00eda.<\/p>\n<p>Descubra una<strong>\u00a0soluci\u00f3n natural\u00a0<\/strong>para amamantar a su reci\u00e9n nacido con tranquilidad y de forma saludable...<\/p>\n<h2><strong>T\u00e9 de lactancia: \u00a1tan bueno para la madre como para el beb\u00e9!\u00a0<\/strong><\/h2>\n<p>Este\u00a0<strong>infusi\u00f3n de hierbas\u00a0<\/strong>es una inteligente mezcla de\u00a0<strong>flujo de leche especial<\/strong>. No es raro que las madres tengan dificultades para dar el pecho. Cansancio, estr\u00e9s, confusi\u00f3n en el pez\u00f3n o falta de hidrataci\u00f3n... son muchos los factores que pueden afectar a la capacidad de una madre para dar el pecho.<strong>\u00a0lactancia reducida<\/strong>.<\/p>\n<p>De este modo, nuestro\u00a0<strong>bebida natural<\/strong>\u00a0se compone de varios<strong>\u00a0plantas galact\u00f3genas<\/strong>. Reconocidos por su\u00a0<strong>estimula la producci\u00f3n de leche<\/strong>.<\/p>\n<ul>\n<li><strong>Hinojo dulce :\u00a0<\/strong>Adem\u00e1s de a\u00f1adir un sabor suave a su bebida, el hinojo es rico en calcio, vitamina C y antioxidantes.<\/li>\n<\/ul>\n<ul>\n<li><strong>Alcaravea negra :\u00a0<\/strong>Tambi\u00e9n conocido como comino de frutas, se parece al hinojo pero tiene un aroma menos pronunciado. Es beneficioso en casos de espasmos y c\u00f3licos.<\/li>\n<\/ul>\n<ul>\n<li><strong>An\u00eds verde :<\/strong>\u00a0Esta planta carminativa est\u00e1 llena de beneficios. Tambi\u00e9n da un sabor agradable a\u00a0<strong>leche materna\u00a0<\/strong>!<\/li>\n<\/ul>\n<h2><strong>Los beneficios del t\u00e9 de lactancia\u00a0<\/strong><\/h2>\n<p>Descubre los numerosos beneficios de tomar esta infusi\u00f3n para la lactancia todos los d\u00edas. Para ti y para tu beb\u00e9 :<\/p>\n<ul>\n<li>Las plantas conocidas como galact\u00f3genos facilitan la producci\u00f3n y subida de la leche; ;<\/li>\n<li>Permite a la madre hidratarse regularmente; ;<\/li>\n<li>Favorece la digesti\u00f3n; ;<\/li>\n<li>Alivia los c\u00f3licos del lactante; ;<\/li>\n<li>Confiere un sabor suave y agradable a la leche materna; ;<\/li>\n<li>Ayuda a tratar la hinchaz\u00f3n y las digestiones dif\u00edciles; ;<\/li>\n<li>Alivia el reflujo en los beb\u00e9s.<\/li>\n<\/ul>\n<h2><strong>Nuestros consejos de uso\u00a0<\/strong><\/h2>\n<p>Utilizar esta infusi\u00f3n para la lactancia todos los d\u00edas es un juego de ni\u00f1os. S\u00f3lo necesitas un poco de agua, una taza y algo para calentarlo. Veamos c\u00f3mo hacerlo:<\/p>\n<p><strong>Infusi\u00f3n\u00a0<\/strong><\/p>\n<ol>\n<li>Para empezar, pon el agua a hervir; ;<\/li>\n<li>Utilice una cucharadita para tomar una dosis de tisana de lactancia; ;<\/li>\n<li>A continuaci\u00f3n, verter el agua hirviendo y dejar en infusi\u00f3n durante unos diez minutos; ;<\/li>\n<li>Beber la bebida sola o con una cucharada de\u00a0<strong><a href=\"https:\/\/www.miel-store.com\/\" target=\"_blank\" rel=\"noopener\">miel<\/a>.<\/strong><\/li>\n<\/ol>\n<p>Es aconsejable beber varias tazas al d\u00eda.<\/p>\n<p><strong>Decocci\u00f3n\u00a0<\/strong><\/p>\n<ol>\n<li>A\u00f1adir al agua la cantidad de hierbas necesaria para el n\u00famero de tazas que se beber\u00e1n durante el d\u00eda; ;<\/li>\n<li>Llevar el agua a ebullici\u00f3n; ;<\/li>\n<li>Cuela la mezcla y b\u00e9betela.<\/li>\n<\/ol>\n<h2><strong>Plantas post-parto en Safinel\u00a0<\/strong><\/h2>\n<p>Por fin el beb\u00e9 est\u00e1 contigo. \u00a1Ahora puedes cuidar de ti misma y de tu cuerpo! En Safinel tenemos una amplia gama de plantas para las mujeres.<\/p>\n<p>Puede descubrir, o redescubrir, por ejemplo,\u00a0<strong>ra\u00edces de vetiver<\/strong>. Tambi\u00e9n conocido como\u00a0<a href=\"https:\/\/www.safinel.fr\/es\/product-2\/raices-de-vetiver\/\"><strong>khamar\u00e9<\/strong><\/a>. Se recomiendan especialmente despu\u00e9s del parto para ayudar a limpiar el \u00fatero. Sin olvidar sus numerosas propiedades para la higiene \u00edntima.<\/p>\n<p>Por otro lado,\u00a0<strong><a href=\"https:\/\/www.safinel.fr\/es\/product-2\/djeka-se-va\/\">Djeka se va<\/a>\u00a0<\/strong>son muy populares despu\u00e9s del parto para ayudar a reeducar el perineo.<\/p>\n<h3><strong>Precauciones e informaci\u00f3n sobre la conservaci\u00f3n del t\u00e9 para lactantes\u00a0<\/strong><\/h3>\n<p>Siga siempre la posolog\u00eda prescrita.<\/p>\n<p>Cierra bien la bolsita despu\u00e9s de cada uso. Tambi\u00e9n puedes transferir tu mezcla de hierbas a un recipiente herm\u00e9tico para conservar los aromas.<\/p>","protected":false},"excerpt":{"rendered":"<p>Amamantar a tu hijo es sin duda una de las cosas m\u00e1s bonitas que puedes hacer por \u00e9l desde que nace. Sin embargo, aunque se trata de un comportamiento totalmente natural, no es nada f\u00e1cil para la madre. La infusi\u00f3n para la lactancia facilita la subida de la leche y permite a la madre hidratarse regularmente a lo largo del d\u00eda. [\u2026]","protected":false},"featured_media":859,"template":"","meta":[],"product_brand":[],"product_cat":[19],"product_tag":[],"class_list":{"0":"post-858","1":"product","2":"type-product","3":"status-publish","4":"has-post-thumbnail","6":"product_cat-thes-tisanes","8":"first","9":"instock","10":"shipping-taxable","11":"purchasable","12":"product-type-simple"},"yoast_head":"<!-- This site is optimized with the Yoast SEO plugin v26.6 - https:\/\/yoast.com\/wordpress\/plugins\/seo\/ -->\n<title>Tisane allaitement I La tisane sp\u00e9ciale mont\u00e9e de lait I 100g<\/title>\n<meta name=\"description\" content=\"La tisane allaitement\u00a0facilite ainsi les\u00a0mont\u00e9es de lait, et permet \u00e0 la m\u00e8re de s\u2019hydrater r\u00e9guli\u00e8rement au cours de la journ\u00e9e.\u00a0\" \/>\n<meta name=\"robots\" content=\"index, follow, max-snippet:-1, max-image-preview:large, max-video-preview:-1\" \/>\n<link rel=\"canonical\" href=\"https:\/\/www.safinel.fr\/es\/product-2\/te-de-hierbas-con-leche\/\" \/>\n<meta property=\"og:locale\" content=\"es_ES\" \/>\n<meta property=\"og:type\" content=\"article\" \/>\n<meta property=\"og:title\" content=\"Tisane allaitement I La tisane sp\u00e9ciale mont\u00e9e de lait I 100g\" \/>\n<meta property=\"og:description\" content=\"La tisane allaitement\u00a0facilite ainsi les\u00a0mont\u00e9es de lait, et permet \u00e0 la m\u00e8re de s\u2019hydrater r\u00e9guli\u00e8rement au cours de la journ\u00e9e.\u00a0\" \/>\n<meta property=\"og:url\" content=\"https:\/\/www.safinel.fr\/es\/product-2\/te-de-hierbas-con-leche\/\" \/>\n<meta property=\"og:site_name\" content=\"Safinel\" \/>\n<meta property=\"article:modified_time\" content=\"2023-12-30T13:29:27+00:00\" \/>\n<meta property=\"og:image\" content=\"https:\/\/www.safinel.fr\/wp-content\/uploads\/2022\/02\/tisane-montee-de-lait.jpg\" \/>\n\t<meta property=\"og:image:width\" content=\"600\" \/>\n\t<meta property=\"og:image:height\" content=\"600\" \/>\n\t<meta property=\"og:image:type\" content=\"image\/jpeg\" \/>\n<meta name=\"twitter:card\" content=\"summary_large_image\" \/>\n<meta name=\"twitter:label1\" content=\"Tiempo de lectura\" \/>\n\t<meta name=\"twitter:data1\" content=\"3 minutos\" \/>\n<script type=\"application\/ld+json\" class=\"yoast-schema-graph\">{\"@context\":\"https:\/\/schema.org\",\"@graph\":[{\"@type\":\"WebPage\",\"@id\":\"https:\/\/www.safinel.fr\/produit\/tisane-montee-de-lait\/\",\"url\":\"https:\/\/www.safinel.fr\/produit\/tisane-montee-de-lait\/\",\"name\":\"Tisane allaitement I La tisane sp\u00e9ciale mont\u00e9e de lait I 100g\",\"isPartOf\":{\"@id\":\"https:\/\/www.safinel.fr\/#website\"},\"primaryImageOfPage\":{\"@id\":\"https:\/\/www.safinel.fr\/produit\/tisane-montee-de-lait\/#primaryimage\"},\"image\":{\"@id\":\"https:\/\/www.safinel.fr\/produit\/tisane-montee-de-lait\/#primaryimage\"},\"thumbnailUrl\":\"https:\/\/www.safinel.fr\/wp-content\/uploads\/2022\/02\/tisane-montee-de-lait.jpg\",\"datePublished\":\"2022-02-23T19:33:53+00:00\",\"dateModified\":\"2023-12-30T13:29:27+00:00\",\"description\":\"La tisane allaitement\u00a0facilite ainsi les\u00a0mont\u00e9es de lait, et permet \u00e0 la m\u00e8re de s\u2019hydrater r\u00e9guli\u00e8rement au cours de la journ\u00e9e.\u00a0\",\"breadcrumb\":{\"@id\":\"https:\/\/www.safinel.fr\/produit\/tisane-montee-de-lait\/#breadcrumb\"},\"inLanguage\":\"es\",\"potentialAction\":[{\"@type\":\"ReadAction\",\"target\":[\"https:\/\/www.safinel.fr\/produit\/tisane-montee-de-lait\/\"]}]},{\"@type\":\"ImageObject\",\"inLanguage\":\"es\",\"@id\":\"https:\/\/www.safinel.fr\/produit\/tisane-montee-de-lait\/#primaryimage\",\"url\":\"https:\/\/www.safinel.fr\/wp-content\/uploads\/2022\/02\/tisane-montee-de-lait.jpg\",\"contentUrl\":\"https:\/\/www.safinel.fr\/wp-content\/uploads\/2022\/02\/tisane-montee-de-lait.jpg\",\"width\":600,\"height\":600,\"caption\":\"Tisane sp\u00e9ciale mont\u00e9e de lait 100g\"},{\"@type\":\"BreadcrumbList\",\"@id\":\"https:\/\/www.safinel.fr\/produit\/tisane-montee-de-lait\/#breadcrumb\",\"itemListElement\":[{\"@type\":\"ListItem\",\"position\":1,\"name\":\"Accueil\",\"item\":\"https:\/\/www.safinel.fr\/\"},{\"@type\":\"ListItem\",\"position\":2,\"name\":\"Boutique\",\"item\":\"https:\/\/www.safinel.fr\/boutique\/\"},{\"@type\":\"ListItem\",\"position\":3,\"name\":\"Tisane sp\u00e9ciale mont\u00e9e de lait 100g\"}]},{\"@type\":\"WebSite\",\"@id\":\"https:\/\/www.safinel.fr\/#website\",\"url\":\"https:\/\/www.safinel.fr\/\",\"name\":\"Safinel\",\"description\":\"\",\"publisher\":{\"@id\":\"https:\/\/www.safinel.fr\/#organization\"},\"potentialAction\":[{\"@type\":\"SearchAction\",\"target\":{\"@type\":\"EntryPoint\",\"urlTemplate\":\"https:\/\/www.safinel.fr\/?s={search_term_string}\"},\"query-input\":{\"@type\":\"PropertyValueSpecification\",\"valueRequired\":true,\"valueName\":\"search_term_string\"}}],\"inLanguage\":\"es\"},{\"@type\":\"Organization\",\"@id\":\"https:\/\/www.safinel.fr\/#organization\",\"name\":\"Safinel\",\"url\":\"https:\/\/www.safinel.fr\/\",\"logo\":{\"@type\":\"ImageObject\",\"inLanguage\":\"es\",\"@id\":\"https:\/\/www.safinel.fr\/#\/schema\/logo\/image\/\",\"url\":\"https:\/\/www.safinel.fr\/wp-content\/uploads\/2021\/05\/boutique-cosmetique.png\",\"contentUrl\":\"https:\/\/www.safinel.fr\/wp-content\/uploads\/2021\/05\/boutique-cosmetique.png\",\"width\":800,\"height\":200,\"caption\":\"Safinel\"},\"image\":{\"@id\":\"https:\/\/www.safinel.fr\/#\/schema\/logo\/image\/\"}}]}<\/script>\n<!-- \/ Yoast SEO plugin. -->","yoast_head_json":{"title":"Tisana lactancia I Tisana especial lactancia I 100g","description":"La tisana de lactancia ayuda a que la leche fluya con m\u00e1s facilidad y permite a las madres hidratarse regularmente a lo largo del d\u00eda.\u00a0","robots":{"index":"index","follow":"follow","max-snippet":"max-snippet:-1","max-image-preview":"max-image-preview:large","max-video-preview":"max-video-preview:-1"},"canonical":"https:\/\/www.safinel.fr\/es\/product-2\/te-de-hierbas-con-leche\/","og_locale":"es_ES","og_type":"article","og_title":"Tisane allaitement I La tisane sp\u00e9ciale mont\u00e9e de lait I 100g","og_description":"La tisane allaitement\u00a0facilite ainsi les\u00a0mont\u00e9es de lait, et permet \u00e0 la m\u00e8re de s\u2019hydrater r\u00e9guli\u00e8rement au cours de la journ\u00e9e.\u00a0","og_url":"https:\/\/www.safinel.fr\/es\/product-2\/te-de-hierbas-con-leche\/","og_site_name":"Safinel","article_modified_time":"2023-12-30T13:29:27+00:00","og_image":[{"width":600,"height":600,"url":"https:\/\/www.safinel.fr\/wp-content\/uploads\/2022\/02\/tisane-montee-de-lait.jpg","type":"image\/jpeg"}],"twitter_card":"summary_large_image","twitter_misc":{"Tiempo de lectura":"3 minutos"},"schema":{"@context":"https:\/\/schema.org","@graph":[{"@type":"WebPage","@id":"https:\/\/www.safinel.fr\/produit\/tisane-montee-de-lait\/","url":"https:\/\/www.safinel.fr\/produit\/tisane-montee-de-lait\/","name":"Tisana lactancia I Tisana especial lactancia I 100g","isPartOf":{"@id":"https:\/\/www.safinel.fr\/#website"},"primaryImageOfPage":{"@id":"https:\/\/www.safinel.fr\/produit\/tisane-montee-de-lait\/#primaryimage"},"image":{"@id":"https:\/\/www.safinel.fr\/produit\/tisane-montee-de-lait\/#primaryimage"},"thumbnailUrl":"https:\/\/www.safinel.fr\/wp-content\/uploads\/2022\/02\/tisane-montee-de-lait.jpg","datePublished":"2022-02-23T19:33:53+00:00","dateModified":"2023-12-30T13:29:27+00:00","description":"La tisana de lactancia ayuda a que la leche fluya con m\u00e1s facilidad y permite a las madres hidratarse regularmente a lo largo del d\u00eda.\u00a0","breadcrumb":{"@id":"https:\/\/www.safinel.fr\/produit\/tisane-montee-de-lait\/#breadcrumb"},"inLanguage":"es","potentialAction":[{"@type":"ReadAction","target":["https:\/\/www.safinel.fr\/produit\/tisane-montee-de-lait\/"]}]},{"@type":"ImageObject","inLanguage":"es","@id":"https:\/\/www.safinel.fr\/produit\/tisane-montee-de-lait\/#primaryimage","url":"https:\/\/www.safinel.fr\/wp-content\/uploads\/2022\/02\/tisane-montee-de-lait.jpg","contentUrl":"https:\/\/www.safinel.fr\/wp-content\/uploads\/2022\/02\/tisane-montee-de-lait.jpg","width":600,"height":600,"caption":"Tisane sp\u00e9ciale mont\u00e9e de lait 100g"},{"@type":"BreadcrumbList","@id":"https:\/\/www.safinel.fr\/produit\/tisane-montee-de-lait\/#breadcrumb","itemListElement":[{"@type":"ListItem","position":1,"name":"Accueil","item":"https:\/\/www.safinel.fr\/"},{"@type":"ListItem","position":2,"name":"Boutique","item":"https:\/\/www.safinel.fr\/boutique\/"},{"@type":"ListItem","position":3,"name":"Tisane sp\u00e9ciale mont\u00e9e de lait 100g"}]},{"@type":"WebSite","@id":"https:\/\/www.safinel.fr\/#website","url":"https:\/\/www.safinel.fr\/","name":"Safinel","description":"","publisher":{"@id":"https:\/\/www.safinel.fr\/#organization"},"potentialAction":[{"@type":"SearchAction","target":{"@type":"EntryPoint","urlTemplate":"https:\/\/www.safinel.fr\/?s={search_term_string}"},"query-input":{"@type":"PropertyValueSpecification","valueRequired":true,"valueName":"search_term_string"}}],"inLanguage":"es"},{"@type":"Organization","@id":"https:\/\/www.safinel.fr\/#organization","name":"Safinel","url":"https:\/\/www.safinel.fr\/","logo":{"@type":"ImageObject","inLanguage":"es","@id":"https:\/\/www.safinel.fr\/#\/schema\/logo\/image\/","url":"https:\/\/www.safinel.fr\/wp-content\/uploads\/2021\/05\/boutique-cosmetique.png","contentUrl":"https:\/\/www.safinel.fr\/wp-content\/uploads\/2021\/05\/boutique-cosmetique.png","width":800,"height":200,"caption":"Safinel"},"image":{"@id":"https:\/\/www.safinel.fr\/#\/schema\/logo\/image\/"}}]}},"_links":{"self":[{"href":"https:\/\/www.safinel.fr\/es\/wp-json\/wp\/v2\/product\/858","targetHints":{"allow":["GET"]}}],"collection":[{"href":"https:\/\/www.safinel.fr\/es\/wp-json\/wp\/v2\/product"}],"about":[{"href":"https:\/\/www.safinel.fr\/es\/wp-json\/wp\/v2\/types\/product"}],"wp:featuredmedia":[{"embeddable":true,"href":"https:\/\/www.safinel.fr\/es\/wp-json\/wp\/v2\/media\/859"}],"wp:attachment":[{"href":"https:\/\/www.safinel.fr\/es\/wp-json\/wp\/v2\/media?parent=858"}],"wp:term":[{"taxonomy":"product_brand","embeddable":true,"href":"https:\/\/www.safinel.fr\/es\/wp-json\/wp\/v2\/product_brand?post=858"},{"taxonomy":"product_cat","embeddable":true,"href":"https:\/\/www.safinel.fr\/es\/wp-json\/wp\/v2\/product_cat?post=858"},{"taxonomy":"product_tag","embeddable":true,"href":"https:\/\/www.safinel.fr\/es\/wp-json\/wp\/v2\/product_tag?post=858"}],"curies":[{"name":"wp","href":"https:\/\/api.w.org\/{rel}","templated":true}]}}