{"id":8243,"date":"2023-09-02T18:28:11","date_gmt":"2023-09-02T18:28:11","guid":{"rendered":"https:\/\/www.safinel.fr\/?post_type=product&#038;p=8243"},"modified":"2024-02-07T12:45:16","modified_gmt":"2024-02-07T12:45:16","slug":"polen-de-palma","status":"publish","type":"product","link":"https:\/\/www.safinel.fr\/es\/product-2\/polen-de-palma\/","title":{"rendered":"Polen de Palma 25g"},"content":{"rendered":"<p>\u00bfConoces el\u00a0<strong>polen de palma<\/strong>\u00a0? Este producto natural, poco conocido durante mucho tiempo, posee sin embargo numerosas virtudes. Directamente procedente de las regiones tropicales y subtropicales donde crecen las palmeras, este preciado polen est\u00e1 ganando terreno entre los aficionados a los productos naturales gracias a sus efectos positivos para la salud.<\/p>\n<h2><strong>Origen y recolecci\u00f3n del polen de palma<\/strong><\/h2>\n<p>Como su nombre indica, el polen de palma procede de la palmera. Una familia de plantas conocida como Arecaceae, que comprende m\u00e1s de 200 especies en distintas partes del mundo. Para recoger este preciado polen, hay que esperar a que las flores masculinas -tambi\u00e9n conocidas como inflorescencias- de la palmera estallen, liberando enormes cantidades de granos de polen de color amarillo pajizo.<\/p>\n<p>Estos peque\u00f1os granos, muy nutritivos, se recolectan a mano o con herramientas especiales, se secan al sol y se almacenan. Una vez preparado cuidadosamente, este polvo potenciador de la fertilidad puede ofrecerse en diversas formas (c\u00e1psulas, polvo, etc.) para responder mejor a las necesidades y expectativas individuales.<\/p>\n<h2><strong>Los beneficios del polen de palma para la fertilidad masculina<\/strong><\/h2>\n<p>En los \u00faltimos a\u00f1os, los investigadores han mostrado un inter\u00e9s creciente por este polvo natural y sus propiedades medicinales. En particular, en lo que respecta a\u00a0<a href=\"https:\/\/www.safinel.fr\/es\/product-category-2\/intimidad-masculina\/\"><strong>fertilidad masculina<\/strong><\/a>. Numerosos estudios han demostrado que el polen de palma podr\u00eda tener un efecto positivo en el recuento de espermatozoides, la movilidad y la vitalidad.<\/p>\n<ul>\n<li><strong>Mejor calidad del esperma<\/strong><\/li>\n<\/ul>\n<p>El polen de palma es rico en prote\u00ednas, vitaminas y minerales esenciales para el buen funcionamiento del organismo. Entre ellos se encuentran el calcio, el hierro, el cobre, el zinc, el magnesio, la <a href=\"https:\/\/www.safinel.fr\/es\/product-2\/bisglicinato-de-zinc\/\"><strong>zinc<\/strong><\/a> y selenio. Elementos esenciales para una buena producci\u00f3n de esperma. Adem\u00e1s de una dieta equilibrada. Por tanto, el consumo regular de polen de palma podr\u00eda ayudar a mejorar la calidad del esperma en los hombres que sufren infertilidad.<\/p>\n<ul>\n<li><strong>Un impacto en la libido<\/strong><\/li>\n<\/ul>\n<p>Los efectos beneficiosos del polen de palma no se limitan a la fertilidad masculina. Tambi\u00e9n parece desempe\u00f1ar un papel en la estimulaci\u00f3n de la libido masculina. Ayudando, por ejemplo, a combatir la fatiga o favoreciendo la relajaci\u00f3n. Como suplemento natural con propiedades afrodis\u00edacas, es una alternativa interesante para las personas que buscan potenciar su deseo sexual.<\/p>\n<h2><strong>Otros beneficios para la salud<\/strong><\/h2>\n<p>Aunque el polen de palma es m\u00e1s conocido por su efecto sobre la fertilidad masculina, tambi\u00e9n tiene muchos otros beneficios:<\/p>\n<ul>\n<li><strong>Papel en la regulaci\u00f3n del sistema hormonal<\/strong>\u00a0Gracias a su alto contenido en vitaminas y minerales. Se cree que ayuda a equilibrar los niveles hormonales tanto en hombres como en mujeres. Esto ayuda a combatir ciertos problemas relacionados con el desequilibrio hormonal (s\u00edndrome premenstrual, problemas de la menopausia, etc.).<\/li>\n<li><strong>Acci\u00f3n sobre el sistema inmunitario<\/strong>\u00a0El polen de palma tambi\u00e9n es conocido por sus efectos positivos sobre el sistema inmunitario. En particular, ayuda a reforzar las defensas naturales del organismo.<\/li>\n<li><strong>Propiedades antioxidantes<\/strong>\u00a0Polen: igual que el polen \u00abcl\u00e1sico\u00bb recolectado por las abejas. Este polvo potenciador de la fertilidad contiene antioxidantes que ayudan a combatir los radicales libres responsables del envejecimiento prematuro de las c\u00e9lulas.<\/li>\n<\/ul>\n<h2><strong>\u00bfD\u00f3nde puedo encontrar polen de palmera?<\/strong><\/h2>\n<p>La demanda de este producto no deja de crecer, y ahora es m\u00e1s f\u00e1cil de encontrar que nunca. En concreto, puede comprar este producto en\u00a0<strong>tiendas especializadas<\/strong>, Se trata tanto de tiendas f\u00edsicas como de tiendas en l\u00ednea dedicadas a productos naturales y de origen vegetal.<\/p>\n<p>Siempre con vistas a satisfacer a los consumidores. El polen de palma est\u00e1 disponible en muchas formas: <a href=\"https:\/\/www.safinel.fr\/es\/product-2\/capsulas-de-polen-de-palma\/\"><strong>c\u00e1psulas<\/strong><\/a>, El polen de palma est\u00e1 disponible en una gran variedad de sabores, en polvo o en mezcla. Incluso existen recetas a base de polen de palma para los gourmets que quieran descubrirlo de una forma diferente y aprovechar sus beneficios.<\/p>\n<h3><strong>Un aliado natural de la salud<\/strong><\/h3>\n<p>En resumen, el polen de palma es una aut\u00e9ntica mina de oro para todos aquellos que buscan soluciones naturales para mejorar su salud y su bienestar. Gracias a los descubrimientos cient\u00edficos y a los numerosos testimonios de consumidores conquistados por sus efectos positivos sobre la fertilidad masculina. El sistema hormonal y el sistema inmunitario. Poco a poco va ganando popularidad y se est\u00e1 convirtiendo en un producto imprescindible para los aficionados a los productos naturales.<\/p>","protected":false},"excerpt":{"rendered":"<p><strong>NB<\/strong> El polen de palmera no es adecuado para las mujeres que padecen el s\u00edndrome de ovario poliqu\u00edstico, fibromas, miomas, p\u00f3lipos, endometriosis, quistes o para las que toman medicamentos con receta. <a href=\"https:\/\/www.safinel.fr\/es\/product-2\/arbol-casto\/\"><strong>t\u00e9 de gatillier<\/strong><\/a>.<\/p>\n<p>Sobre de 25 g<\/p>\n<p><img decoding=\"async\" class=\"size-full wp-image-5091 aligncenter\" src=\"https:\/\/www.safinel.fr\/wp-content\/uploads\/2021\/06\/BANNIERE-ICONE-SAFINEL.webp\" alt=\"reaseguro de sat\u00e9n\" width=\"800\" height=\"200\" srcset=\"https:\/\/www.safinel.fr\/wp-content\/uploads\/2021\/06\/BANNIERE-ICONE-SAFINEL.webp 800w, https:\/\/www.safinel.fr\/wp-content\/uploads\/2021\/06\/BANNIERE-ICONE-SAFINEL-600x150.webp 600w, https:\/\/www.safinel.fr\/wp-content\/uploads\/2021\/06\/BANNIERE-ICONE-SAFINEL-768x192.webp 768w\" sizes=\"(max-width: 800px) 100vw, 800px\" \/><\/p>","protected":false},"featured_media":8244,"template":"","meta":[],"product_brand":[],"product_cat":[15],"product_tag":[],"class_list":{"0":"post-8243","1":"product","2":"type-product","3":"status-publish","4":"has-post-thumbnail","6":"product_cat-fertilite","8":"first","9":"instock","10":"shipping-taxable","11":"purchasable","12":"product-type-simple"},"yoast_head":"<!-- This site is optimized with the Yoast SEO plugin v26.6 - https:\/\/yoast.com\/wordpress\/plugins\/seo\/ -->\n<title>Pollen de palmier | Poudre naturelle qui favorise la fertilit\u00e9<\/title>\n<meta name=\"description\" content=\"Connaissez-vous le\u00a0pollen de palmier\u00a0? Ce produit naturel, longtemps m\u00e9connu, a pourtant de nombreuses vertus. Adoptez-le sans plus attendre !\" \/>\n<meta name=\"robots\" content=\"index, follow, max-snippet:-1, max-image-preview:large, max-video-preview:-1\" \/>\n<link rel=\"canonical\" href=\"https:\/\/www.safinel.fr\/es\/product-2\/polen-de-palma\/\" \/>\n<meta property=\"og:locale\" content=\"es_ES\" \/>\n<meta property=\"og:type\" content=\"article\" \/>\n<meta property=\"og:title\" content=\"Pollen de palmier | Poudre naturelle qui favorise la fertilit\u00e9\" \/>\n<meta property=\"og:description\" content=\"Connaissez-vous le\u00a0pollen de palmier\u00a0? Ce produit naturel, longtemps m\u00e9connu, a pourtant de nombreuses vertus. Adoptez-le sans plus attendre !\" \/>\n<meta property=\"og:url\" content=\"https:\/\/www.safinel.fr\/es\/product-2\/polen-de-palma\/\" \/>\n<meta property=\"og:site_name\" content=\"Safinel\" \/>\n<meta property=\"article:modified_time\" content=\"2024-02-07T12:45:16+00:00\" \/>\n<meta property=\"og:image\" content=\"https:\/\/www.safinel.fr\/wp-content\/uploads\/2023\/09\/pollen-de-palmier.jpg\" \/>\n\t<meta property=\"og:image:width\" content=\"600\" \/>\n\t<meta property=\"og:image:height\" content=\"600\" \/>\n\t<meta property=\"og:image:type\" content=\"image\/jpeg\" \/>\n<meta name=\"twitter:card\" content=\"summary_large_image\" \/>\n<meta name=\"twitter:label1\" content=\"Tiempo de lectura\" \/>\n\t<meta name=\"twitter:data1\" content=\"4 minutos\" \/>\n<script type=\"application\/ld+json\" class=\"yoast-schema-graph\">{\"@context\":\"https:\/\/schema.org\",\"@graph\":[{\"@type\":\"WebPage\",\"@id\":\"https:\/\/www.safinel.fr\/produit\/pollen-de-palmier\/\",\"url\":\"https:\/\/www.safinel.fr\/produit\/pollen-de-palmier\/\",\"name\":\"Pollen de palmier | Poudre naturelle qui favorise la fertilit\u00e9\",\"isPartOf\":{\"@id\":\"https:\/\/www.safinel.fr\/#website\"},\"primaryImageOfPage\":{\"@id\":\"https:\/\/www.safinel.fr\/produit\/pollen-de-palmier\/#primaryimage\"},\"image\":{\"@id\":\"https:\/\/www.safinel.fr\/produit\/pollen-de-palmier\/#primaryimage\"},\"thumbnailUrl\":\"https:\/\/www.safinel.fr\/wp-content\/uploads\/2023\/09\/pollen-de-palmier.jpg\",\"datePublished\":\"2023-09-02T18:28:11+00:00\",\"dateModified\":\"2024-02-07T12:45:16+00:00\",\"description\":\"Connaissez-vous le\u00a0pollen de palmier\u00a0? Ce produit naturel, longtemps m\u00e9connu, a pourtant de nombreuses vertus. Adoptez-le sans plus attendre !\",\"breadcrumb\":{\"@id\":\"https:\/\/www.safinel.fr\/produit\/pollen-de-palmier\/#breadcrumb\"},\"inLanguage\":\"es\",\"potentialAction\":[{\"@type\":\"ReadAction\",\"target\":[\"https:\/\/www.safinel.fr\/produit\/pollen-de-palmier\/\"]}]},{\"@type\":\"ImageObject\",\"inLanguage\":\"es\",\"@id\":\"https:\/\/www.safinel.fr\/produit\/pollen-de-palmier\/#primaryimage\",\"url\":\"https:\/\/www.safinel.fr\/wp-content\/uploads\/2023\/09\/pollen-de-palmier.jpg\",\"contentUrl\":\"https:\/\/www.safinel.fr\/wp-content\/uploads\/2023\/09\/pollen-de-palmier.jpg\",\"width\":600,\"height\":600,\"caption\":\"Pollen de palmier\"},{\"@type\":\"BreadcrumbList\",\"@id\":\"https:\/\/www.safinel.fr\/produit\/pollen-de-palmier\/#breadcrumb\",\"itemListElement\":[{\"@type\":\"ListItem\",\"position\":1,\"name\":\"Accueil\",\"item\":\"https:\/\/www.safinel.fr\/\"},{\"@type\":\"ListItem\",\"position\":2,\"name\":\"Boutique\",\"item\":\"https:\/\/www.safinel.fr\/boutique\/\"},{\"@type\":\"ListItem\",\"position\":3,\"name\":\"Pollen de palmier 25g\"}]},{\"@type\":\"WebSite\",\"@id\":\"https:\/\/www.safinel.fr\/#website\",\"url\":\"https:\/\/www.safinel.fr\/\",\"name\":\"Safinel\",\"description\":\"\",\"publisher\":{\"@id\":\"https:\/\/www.safinel.fr\/#organization\"},\"potentialAction\":[{\"@type\":\"SearchAction\",\"target\":{\"@type\":\"EntryPoint\",\"urlTemplate\":\"https:\/\/www.safinel.fr\/?s={search_term_string}\"},\"query-input\":{\"@type\":\"PropertyValueSpecification\",\"valueRequired\":true,\"valueName\":\"search_term_string\"}}],\"inLanguage\":\"es\"},{\"@type\":\"Organization\",\"@id\":\"https:\/\/www.safinel.fr\/#organization\",\"name\":\"Safinel\",\"url\":\"https:\/\/www.safinel.fr\/\",\"logo\":{\"@type\":\"ImageObject\",\"inLanguage\":\"es\",\"@id\":\"https:\/\/www.safinel.fr\/#\/schema\/logo\/image\/\",\"url\":\"https:\/\/www.safinel.fr\/wp-content\/uploads\/2021\/05\/boutique-cosmetique.png\",\"contentUrl\":\"https:\/\/www.safinel.fr\/wp-content\/uploads\/2021\/05\/boutique-cosmetique.png\",\"width\":800,\"height\":200,\"caption\":\"Safinel\"},\"image\":{\"@id\":\"https:\/\/www.safinel.fr\/#\/schema\/logo\/image\/\"}}]}<\/script>\n<!-- \/ Yoast SEO plugin. -->","yoast_head_json":{"title":"Polen de palma | Polvo natural que favorece la fertilidad","description":"\u00bfHa o\u00eddo hablar del polen de palma? Es un producto natural poco conocido desde hace mucho tiempo, pero tiene un sinf\u00edn de beneficios. \u00a1Adqui\u00e9ralo ya!","robots":{"index":"index","follow":"follow","max-snippet":"max-snippet:-1","max-image-preview":"max-image-preview:large","max-video-preview":"max-video-preview:-1"},"canonical":"https:\/\/www.safinel.fr\/es\/product-2\/polen-de-palma\/","og_locale":"es_ES","og_type":"article","og_title":"Pollen de palmier | Poudre naturelle qui favorise la fertilit\u00e9","og_description":"Connaissez-vous le\u00a0pollen de palmier\u00a0? Ce produit naturel, longtemps m\u00e9connu, a pourtant de nombreuses vertus. Adoptez-le sans plus attendre !","og_url":"https:\/\/www.safinel.fr\/es\/product-2\/polen-de-palma\/","og_site_name":"Safinel","article_modified_time":"2024-02-07T12:45:16+00:00","og_image":[{"width":600,"height":600,"url":"https:\/\/www.safinel.fr\/wp-content\/uploads\/2023\/09\/pollen-de-palmier.jpg","type":"image\/jpeg"}],"twitter_card":"summary_large_image","twitter_misc":{"Tiempo de lectura":"4 minutos"},"schema":{"@context":"https:\/\/schema.org","@graph":[{"@type":"WebPage","@id":"https:\/\/www.safinel.fr\/produit\/pollen-de-palmier\/","url":"https:\/\/www.safinel.fr\/produit\/pollen-de-palmier\/","name":"Polen de palma | Polvo natural que favorece la fertilidad","isPartOf":{"@id":"https:\/\/www.safinel.fr\/#website"},"primaryImageOfPage":{"@id":"https:\/\/www.safinel.fr\/produit\/pollen-de-palmier\/#primaryimage"},"image":{"@id":"https:\/\/www.safinel.fr\/produit\/pollen-de-palmier\/#primaryimage"},"thumbnailUrl":"https:\/\/www.safinel.fr\/wp-content\/uploads\/2023\/09\/pollen-de-palmier.jpg","datePublished":"2023-09-02T18:28:11+00:00","dateModified":"2024-02-07T12:45:16+00:00","description":"\u00bfHa o\u00eddo hablar del polen de palma? Es un producto natural poco conocido desde hace mucho tiempo, pero tiene un sinf\u00edn de beneficios. \u00a1Adqui\u00e9ralo ya!","breadcrumb":{"@id":"https:\/\/www.safinel.fr\/produit\/pollen-de-palmier\/#breadcrumb"},"inLanguage":"es","potentialAction":[{"@type":"ReadAction","target":["https:\/\/www.safinel.fr\/produit\/pollen-de-palmier\/"]}]},{"@type":"ImageObject","inLanguage":"es","@id":"https:\/\/www.safinel.fr\/produit\/pollen-de-palmier\/#primaryimage","url":"https:\/\/www.safinel.fr\/wp-content\/uploads\/2023\/09\/pollen-de-palmier.jpg","contentUrl":"https:\/\/www.safinel.fr\/wp-content\/uploads\/2023\/09\/pollen-de-palmier.jpg","width":600,"height":600,"caption":"Pollen de palmier"},{"@type":"BreadcrumbList","@id":"https:\/\/www.safinel.fr\/produit\/pollen-de-palmier\/#breadcrumb","itemListElement":[{"@type":"ListItem","position":1,"name":"Accueil","item":"https:\/\/www.safinel.fr\/"},{"@type":"ListItem","position":2,"name":"Boutique","item":"https:\/\/www.safinel.fr\/boutique\/"},{"@type":"ListItem","position":3,"name":"Pollen de palmier 25g"}]},{"@type":"WebSite","@id":"https:\/\/www.safinel.fr\/#website","url":"https:\/\/www.safinel.fr\/","name":"Safinel","description":"","publisher":{"@id":"https:\/\/www.safinel.fr\/#organization"},"potentialAction":[{"@type":"SearchAction","target":{"@type":"EntryPoint","urlTemplate":"https:\/\/www.safinel.fr\/?s={search_term_string}"},"query-input":{"@type":"PropertyValueSpecification","valueRequired":true,"valueName":"search_term_string"}}],"inLanguage":"es"},{"@type":"Organization","@id":"https:\/\/www.safinel.fr\/#organization","name":"Safinel","url":"https:\/\/www.safinel.fr\/","logo":{"@type":"ImageObject","inLanguage":"es","@id":"https:\/\/www.safinel.fr\/#\/schema\/logo\/image\/","url":"https:\/\/www.safinel.fr\/wp-content\/uploads\/2021\/05\/boutique-cosmetique.png","contentUrl":"https:\/\/www.safinel.fr\/wp-content\/uploads\/2021\/05\/boutique-cosmetique.png","width":800,"height":200,"caption":"Safinel"},"image":{"@id":"https:\/\/www.safinel.fr\/#\/schema\/logo\/image\/"}}]}},"_links":{"self":[{"href":"https:\/\/www.safinel.fr\/es\/wp-json\/wp\/v2\/product\/8243","targetHints":{"allow":["GET"]}}],"collection":[{"href":"https:\/\/www.safinel.fr\/es\/wp-json\/wp\/v2\/product"}],"about":[{"href":"https:\/\/www.safinel.fr\/es\/wp-json\/wp\/v2\/types\/product"}],"wp:featuredmedia":[{"embeddable":true,"href":"https:\/\/www.safinel.fr\/es\/wp-json\/wp\/v2\/media\/8244"}],"wp:attachment":[{"href":"https:\/\/www.safinel.fr\/es\/wp-json\/wp\/v2\/media?parent=8243"}],"wp:term":[{"taxonomy":"product_brand","embeddable":true,"href":"https:\/\/www.safinel.fr\/es\/wp-json\/wp\/v2\/product_brand?post=8243"},{"taxonomy":"product_cat","embeddable":true,"href":"https:\/\/www.safinel.fr\/es\/wp-json\/wp\/v2\/product_cat?post=8243"},{"taxonomy":"product_tag","embeddable":true,"href":"https:\/\/www.safinel.fr\/es\/wp-json\/wp\/v2\/product_tag?post=8243"}],"curies":[{"name":"wp","href":"https:\/\/api.w.org\/{rel}","templated":true}]}}