{"id":82,"date":"2021-06-01T14:59:06","date_gmt":"2021-06-01T14:59:06","guid":{"rendered":"https:\/\/www.safinel.fr\/?post_type=product&#038;p=82"},"modified":"2026-01-21T01:57:14","modified_gmt":"2026-01-21T01:57:14","slug":"hojas-de-frambuesa","status":"publish","type":"product","link":"https:\/\/www.safinel.fr\/es\/product-2\/hojas-de-frambuesa\/","title":{"rendered":"Hojas de frambuesa secas"},"content":{"rendered":"<p>En <b>hojas de frambuesa<\/b> se consideran los \u201cmejores aliados\u201d de una mujer.<span class=\"Apple-converted-space\">\u00a0<\/span><\/p>\n<p>\u00bfQui\u00e9n no ha o\u00eddo hablar del frambueso? Esta planta, conocida por sus frutos de delicado sabor, es universalmente apreciada... Muy popular desde hace siglos, el fruto de la frambuesa nos ayuda a mantener una buena salud.<span class=\"Apple-converted-space\">\u00a0<\/span><\/p>\n<p>Sin embargo, estas deliciosas frutas no son las partes que nos interesan hoy. De hecho, las <b>hojas de frambuesa <\/b>tambi\u00e9n son muy utilizados y recomendados por sus m\u00faltiples beneficios para el organismo.<span class=\"Apple-converted-space\">\u00a0<\/span><\/p>\n<p>Por eso en <i>Safinel<\/i>, y <b>hojas de frambuesa<\/b> secas en bolsas de 100 g o 200 g a elegir. Qu\u00e9date con nosotros y echa un vistazo a sus caracter\u00edsticas especiales.<\/p>\n<h2><b>Hojas de frambuesa: una maravilla medicinal<span class=\"Apple-converted-space\">\u00a0<\/span><\/b><\/h2>\n<p>Todo el mundo conoce la frambuesa, pero poca gente sabe que la planta del frambueso es una de las principales plantas medicinales del mundo.<span class=\"Apple-converted-space\">\u00a0<\/span><\/p>\n<p>Tambi\u00e9n conocido como <b>l<\/b><b>a zarza del Monte Ida<\/b>, La frambuesa pertenece a la familia de las ros\u00e1ceas. Originario de Europa occidental, este arbusto perenne puede alcanzar los dos metros de altura. Cultivado o silvestre, prefiere los suelos ligeros y ricos en humus.<\/p>\n<p>La frambuesa produce flores blancas autofecundantes y frutos formados por bolitas rojas, aciduladas y perfumadas. Las hojas son ovaladas, tomentosas y blanquecinas por el env\u00e9s.<span class=\"Apple-converted-space\">\u00a0<\/span><\/p>\n<p>En <b>hojas de frambuesa <\/b>se cosechan durante la floraci\u00f3n. A continuaci\u00f3n, se secan a pleno sol para obtener hojas de gran calidad, ricas en nutrientes. Sus virtudes son apreciadas en todo el mundo.<\/p>\n<p>Estas hojas se utilizan mucho en los pa\u00edses angl\u00f3fonos. Recetan estas hojas en periodos de agitaci\u00f3n hormonal.<\/p>\n<p>Hoy en d\u00eda, se suelen prescribir para mantener una buena actividad de los \u00f3rganos reproductores femeninos.<\/p>\n<p>No confundir con <b>hojas de frambuesa<\/b> se confunden a veces con la cetona de frambuesa, que suele comercializarse como suplemento diet\u00e9tico quemagrasas. Se trata de dos productos completamente diferentes.<span class=\"Apple-converted-space\">\u00a0<\/span><\/p>\n<h2><b>\u00bfDe qu\u00e9 est\u00e1n hechas las hojas de frambuesa?<span class=\"Apple-converted-space\">\u00a0<\/span><\/b><\/h2>\n<p>En <b>hojas de frambuesa<\/b> nunca dejar\u00e1n de sorprenderte. Est\u00e1n repletas de nutrientes beneficiosos para la salud y el organismo. Contienen numerosos principios activos, principalmente :<span class=\"Apple-converted-space\">\u00a0<\/span><\/p>\n<ul>\n<li>Vitaminas A, B, C, E<span class=\"Apple-converted-space\">\u00a0<\/span><\/li>\n<li>Calcio<\/li>\n<li>Magnesio<\/li>\n<li>Potasio<\/li>\n<li>Hierro<\/li>\n<li>Zinc<\/li>\n<li>Cromo<\/li>\n<li>Manganeso<\/li>\n<li>Fragine<\/li>\n<li>Taninos<\/li>\n<li>Flavonoides<\/li>\n<\/ul>\n<p>Como puede ver, estas hojas son extraordinarias. Gracias a estos componentes, han sido durante mucho tiempo las aliadas de las mujeres, o m\u00e1s bien de su aparato reproductor.<span class=\"Apple-converted-space\">\u00a0<\/span><\/p>\n<h2><b>Los innumerables beneficios de las hojas de frambuesa<span class=\"Apple-converted-space\">\u00a0<\/span><\/b><\/h2>\n<p>La maravillosa composici\u00f3n de las hojas de frambuesa les confiere enormes beneficios para nuestro organismo. As\u00ed que vamos a descubrir todo lo que necesitas saber sobre estas maravillosas hojas.<span class=\"Apple-converted-space\">\u00a0<\/span><\/p>\n<p>En primer lugar, combate problemas intestinales como la diarrea y la indigesti\u00f3n. Tambi\u00e9n facilita la digesti\u00f3n y alivia los dolores de garganta.<span class=\"Apple-converted-space\">\u00a0<\/span><\/p>\n<p>Pero hay m\u00e1s por venir... Esto <b>complemento alimenticio natural<\/b> es mucho m\u00e1s conocido por sus efectos beneficiosos para el organismo femenino:<span class=\"Apple-converted-space\">\u00a0<\/span><\/p>\n<p>En primer lugar, ayuda a las mujeres a controlar su equilibrio hormonal, facilitando la regulaci\u00f3n de sus ciclos menstruales. Su efecto antiespasm\u00f3dico ayuda a aliviar las menstruaciones dolorosas. Y su contenido en calcio tonifica el \u00fatero, estimulando la fertilidad.<\/p>\n<p>Segundo, <b>hoja de frambuesa <\/b>reduce el riesgo de aborto y de hemorragia posparto. Adem\u00e1s, se cree que reduce las molestias relacionadas con el embarazo, como las n\u00e1useas...<\/p>\n<p>Por \u00faltimo, su acci\u00f3n estimulante y tonificante contribuye a reducir la duraci\u00f3n del parto. Del mismo modo, la hoja de frambuesa puede utilizarse despu\u00e9s del parto para tensar y revitalizar los m\u00fasculos del \u00fatero.<\/p>\n<h2><b>\u00bfPor qu\u00e9 no te preparas una tisana?<span class=\"Apple-converted-space\">\u00a0<\/span><\/b><\/h2>\n<p>En <b>hojas de frambuesa<\/b> puede tomarse en infusi\u00f3n. Para ello, se a\u00f1aden de 1 a 2 cucharaditas de hojas a 200 ml de agua hirviendo durante 10 minutos. Esta infusi\u00f3n puede tomarse caliente o fr\u00eda.<\/p>\n<p>La tisana puede tomarse en cualquier momento fuera del embarazo. Las mujeres embarazadas deben esperar hasta los 3 meses de gestaci\u00f3n, bebiendo de 2 a 3 tazas al d\u00eda.<span class=\"Apple-converted-space\">\u00a0<\/span><\/p>\n<p>Sin embargo, muchas matronas recomiendan esperar hasta el segundo trimestre. <b>El asesoramiento especializado es esencial.<span class=\"Apple-converted-space\">\u00a0<\/span><\/b><\/p>\n<p>Por otra parte, si esta infusi\u00f3n se utiliza para tratar la diarrea, tomar un tercio de taza, de 3 a 4 veces al d\u00eda.<span class=\"Apple-converted-space\">\u00a0<\/span><\/p>\n<p><b>Para cada indicaci\u00f3n, consulte a un especialista para una dosificaci\u00f3n m\u00e1s personalizada.<\/b><\/p>\n<h3><b>Conservaci\u00f3n de hojas de frambuesa<span class=\"Apple-converted-space\">\u00a0<\/span><\/b><\/h3>\n<p>Las hojas que vendemos est\u00e1n presecadas, \u00a1lo que le ahorrar\u00e1 tiempo! Estas hojas se secan de forma natural, por lo que conservan al m\u00e1ximo sus propiedades beneficiosas.<\/p>\n<p>Pueden conservarse durante mucho tiempo, siempre que se mantengan en condiciones \u00f3ptimas. He aqu\u00ed algunos consejos:<\/p>\n<ul>\n<li>Para empezar, col\u00f3calas en un lugar aireado y oscuro, lejos de la luz solar directa. Los rayos UV pueden da\u00f1ar las hojas y sus nutrientes.<\/li>\n<li>A continuaci\u00f3n, mant\u00e9ngalas alejadas de la humedad: deben estar en un lugar sano y seco.<span class=\"Apple-converted-space\">\u00a0<\/span><\/li>\n<li>Por \u00faltimo, gu\u00e1rdelas en un recipiente herm\u00e9ticamente cerrado.<span class=\"Apple-converted-space\">\u00a0<\/span><\/li>\n<\/ul>\n<h3><b>Precauciones<span class=\"Apple-converted-space\">\u00a0<\/span><\/b><\/h3>\n<p>En <b>hojas de frambuesa<\/b> no tienen contraindicaciones reales y se consideran plantas medicinales con numerosas virtudes. De hecho, se las conoce como las plantas de la <a href=\"https:\/\/mamanetbebenature.fr\" target=\"_blank\" rel=\"noopener\"><strong>maternidad armoniosa<\/strong><\/a>.<\/p>\n<p>Sin embargo, no se recomienda beberlo durante los primeros meses de embarazo. Y debe evitarse durante la menstruaci\u00f3n.<\/p>\n<p>Como en el caso de todas las plantas, se recomienda encarecidamente buscar asesoramiento especializado.<\/p>\n<p>Por \u00faltimo, si est\u00e1 siguiendo un tratamiento m\u00e9dico, pida consejo a su m\u00e9dico antes de consumir cualquier producto.<\/p>\n<ul>\n<li><b>Asociaciones beneficiosas...<span class=\"Apple-converted-space\">\u00a0<\/span><\/b><\/li>\n<\/ul>\n<p>Puede ser beneficioso combinar <b>hojas de frambuesa<\/b> con otras plantas de nuestro sitio. Esto es para aumentar los beneficios y nutrientes.<span class=\"Apple-converted-space\">\u00a0<\/span><\/p>\n<p>He aqu\u00ed una idea de receta para una infusi\u00f3n:<\/p>\n<p>Ingredientes:<span class=\"Apple-converted-space\">\u00a0<\/span><\/p>\n<ul>\n<li><b><\/b><b>Hojas de frambuesa secas<\/b><\/li>\n<li><b><\/b><b><a href=\"https:\/\/www.safinel.fr\/es\/product-2\/trebol-rojo-flores-enteras\/\">Tr\u00e9bol rojo<\/a><span class=\"Apple-converted-space\">\u00a0<\/span><\/b><\/li>\n<li><b><\/b><a href=\"https:\/\/www.safinel.fr\/es\/product-2\/ortiga-100-g\/\"><b>Ortiga<\/b><\/a><\/li>\n<li><b><\/b><a href=\"https:\/\/www.safinel.fr\/es\/product-2\/raiz-de-diente-de-leon\/\"><b>Ra\u00edz de diente de le\u00f3n<\/b><\/a><\/li>\n<\/ul>\n<p>Preparaci\u00f3n :<\/p>\n<ol>\n<li>En primer lugar, mezcla todos los ingredientes.<span class=\"Apple-converted-space\">\u00a0<\/span><\/li>\n<li>A continuaci\u00f3n, se toman 2 cucharadas soperas de la mezcla y se ponen en infusi\u00f3n en 1 litro de agua hirviendo durante unos diez minutos.<\/li>\n<\/ol>\n<p>Encontrar\u00e1 todo lo que necesita para preparar esta receta en nuestra p\u00e1gina web.<\/p>","protected":false},"excerpt":{"rendered":"<p>Las hojas de frambuesa se consideran \u201clas mejores aliadas de la mujer\u201d. \u00bfQui\u00e9n no conoce la frambuesa? Esta planta, muy conocida por sus frutos de sabor tan delicado, gusta a todo el mundo... Muy populares desde hace siglos, los frutos de la frambuesa nos ayudan a mantener una buena salud. Sin embargo, estas deliciosas frutas no [...]","protected":false},"featured_media":67,"template":"","meta":[],"product_brand":[],"product_cat":[15,27,19],"product_tag":[],"class_list":{"0":"post-82","1":"product","2":"type-product","3":"status-publish","4":"has-post-thumbnail","6":"product_cat-fertilite","7":"product_cat-plantes-medicinales","8":"product_cat-thes-tisanes","10":"first","11":"instock","12":"shipping-taxable","13":"purchasable","14":"product-type-variable"},"yoast_head":"<!-- This site is optimized with the Yoast SEO plugin v26.6 - https:\/\/yoast.com\/wordpress\/plugins\/seo\/ -->\n<title>Feuilles de framboisier | Tisane et infusion | Feuilles s\u00e9ch\u00e9es<\/title>\n<meta name=\"description\" content=\"Les feuilles de framboisier sont r\u00e9colt\u00e9es pendant la floraison. Elles sont s\u00e9ch\u00e9es en plein soleil afin d\u2019obtenir des feuilles de qualit\u00e9.\" \/>\n<meta name=\"robots\" content=\"index, follow, max-snippet:-1, max-image-preview:large, max-video-preview:-1\" \/>\n<link rel=\"canonical\" href=\"https:\/\/www.safinel.fr\/es\/product-2\/hojas-de-frambuesa\/\" \/>\n<meta property=\"og:locale\" content=\"es_ES\" \/>\n<meta property=\"og:type\" content=\"article\" \/>\n<meta property=\"og:title\" content=\"Feuilles de framboisier | Tisane et infusion | Feuilles s\u00e9ch\u00e9es\" \/>\n<meta property=\"og:description\" content=\"Les feuilles de framboisier sont r\u00e9colt\u00e9es pendant la floraison. Elles sont s\u00e9ch\u00e9es en plein soleil afin d\u2019obtenir des feuilles de qualit\u00e9.\" \/>\n<meta property=\"og:url\" content=\"https:\/\/www.safinel.fr\/es\/product-2\/hojas-de-frambuesa\/\" \/>\n<meta property=\"og:site_name\" content=\"Safinel\" \/>\n<meta property=\"article:modified_time\" content=\"2026-01-21T01:57:14+00:00\" \/>\n<meta property=\"og:image\" content=\"https:\/\/www.safinel.fr\/wp-content\/uploads\/2021\/05\/feuille-de-framboisier-site.jpg\" \/>\n\t<meta property=\"og:image:width\" content=\"341\" \/>\n\t<meta property=\"og:image:height\" content=\"400\" \/>\n\t<meta property=\"og:image:type\" content=\"image\/jpeg\" \/>\n<meta name=\"twitter:card\" content=\"summary_large_image\" \/>\n<meta name=\"twitter:label1\" content=\"Tiempo de lectura\" \/>\n\t<meta name=\"twitter:data1\" content=\"5 minutos\" \/>\n<script type=\"application\/ld+json\" class=\"yoast-schema-graph\">{\"@context\":\"https:\/\/schema.org\",\"@graph\":[{\"@type\":\"WebPage\",\"@id\":\"https:\/\/www.safinel.fr\/produit\/feuilles-de-framboisier\/\",\"url\":\"https:\/\/www.safinel.fr\/produit\/feuilles-de-framboisier\/\",\"name\":\"Feuilles de framboisier | Tisane et infusion | Feuilles s\u00e9ch\u00e9es\",\"isPartOf\":{\"@id\":\"https:\/\/www.safinel.fr\/#website\"},\"primaryImageOfPage\":{\"@id\":\"https:\/\/www.safinel.fr\/produit\/feuilles-de-framboisier\/#primaryimage\"},\"image\":{\"@id\":\"https:\/\/www.safinel.fr\/produit\/feuilles-de-framboisier\/#primaryimage\"},\"thumbnailUrl\":\"https:\/\/www.safinel.fr\/wp-content\/uploads\/2021\/05\/feuille-de-framboisier-site.jpg\",\"datePublished\":\"2021-06-01T14:59:06+00:00\",\"dateModified\":\"2026-01-21T01:57:14+00:00\",\"description\":\"Les feuilles de framboisier sont r\u00e9colt\u00e9es pendant la floraison. Elles sont s\u00e9ch\u00e9es en plein soleil afin d\u2019obtenir des feuilles de qualit\u00e9.\",\"breadcrumb\":{\"@id\":\"https:\/\/www.safinel.fr\/produit\/feuilles-de-framboisier\/#breadcrumb\"},\"inLanguage\":\"es\",\"potentialAction\":[{\"@type\":\"ReadAction\",\"target\":[\"https:\/\/www.safinel.fr\/produit\/feuilles-de-framboisier\/\"]}]},{\"@type\":\"ImageObject\",\"inLanguage\":\"es\",\"@id\":\"https:\/\/www.safinel.fr\/produit\/feuilles-de-framboisier\/#primaryimage\",\"url\":\"https:\/\/www.safinel.fr\/wp-content\/uploads\/2021\/05\/feuille-de-framboisier-site.jpg\",\"contentUrl\":\"https:\/\/www.safinel.fr\/wp-content\/uploads\/2021\/05\/feuille-de-framboisier-site.jpg\",\"width\":341,\"height\":400,\"caption\":\"Feuilles de framboisier s\u00e9ch\u00e9es\"},{\"@type\":\"BreadcrumbList\",\"@id\":\"https:\/\/www.safinel.fr\/produit\/feuilles-de-framboisier\/#breadcrumb\",\"itemListElement\":[{\"@type\":\"ListItem\",\"position\":1,\"name\":\"Accueil\",\"item\":\"https:\/\/www.safinel.fr\/\"},{\"@type\":\"ListItem\",\"position\":2,\"name\":\"Boutique\",\"item\":\"https:\/\/www.safinel.fr\/boutique\/\"},{\"@type\":\"ListItem\",\"position\":3,\"name\":\"Feuilles de framboisier s\u00e9ch\u00e9es\"}]},{\"@type\":\"WebSite\",\"@id\":\"https:\/\/www.safinel.fr\/#website\",\"url\":\"https:\/\/www.safinel.fr\/\",\"name\":\"Safinel\",\"description\":\"\",\"publisher\":{\"@id\":\"https:\/\/www.safinel.fr\/#organization\"},\"potentialAction\":[{\"@type\":\"SearchAction\",\"target\":{\"@type\":\"EntryPoint\",\"urlTemplate\":\"https:\/\/www.safinel.fr\/?s={search_term_string}\"},\"query-input\":{\"@type\":\"PropertyValueSpecification\",\"valueRequired\":true,\"valueName\":\"search_term_string\"}}],\"inLanguage\":\"es\"},{\"@type\":\"Organization\",\"@id\":\"https:\/\/www.safinel.fr\/#organization\",\"name\":\"Safinel\",\"url\":\"https:\/\/www.safinel.fr\/\",\"logo\":{\"@type\":\"ImageObject\",\"inLanguage\":\"es\",\"@id\":\"https:\/\/www.safinel.fr\/#\/schema\/logo\/image\/\",\"url\":\"https:\/\/www.safinel.fr\/wp-content\/uploads\/2021\/05\/boutique-cosmetique.png\",\"contentUrl\":\"https:\/\/www.safinel.fr\/wp-content\/uploads\/2021\/05\/boutique-cosmetique.png\",\"width\":800,\"height\":200,\"caption\":\"Safinel\"},\"image\":{\"@id\":\"https:\/\/www.safinel.fr\/#\/schema\/logo\/image\/\"}}]}<\/script>\n<!-- \/ Yoast SEO plugin. -->","yoast_head_json":{"title":"Hojas de frambuesa | Tisanas e infusiones | Hojas secas","description":"Las hojas de frambuesa se recolectan durante el periodo de floraci\u00f3n. Se secan a pleno sol para obtener hojas de calidad.","robots":{"index":"index","follow":"follow","max-snippet":"max-snippet:-1","max-image-preview":"max-image-preview:large","max-video-preview":"max-video-preview:-1"},"canonical":"https:\/\/www.safinel.fr\/es\/product-2\/hojas-de-frambuesa\/","og_locale":"es_ES","og_type":"article","og_title":"Feuilles de framboisier | Tisane et infusion | Feuilles s\u00e9ch\u00e9es","og_description":"Les feuilles de framboisier sont r\u00e9colt\u00e9es pendant la floraison. Elles sont s\u00e9ch\u00e9es en plein soleil afin d\u2019obtenir des feuilles de qualit\u00e9.","og_url":"https:\/\/www.safinel.fr\/es\/product-2\/hojas-de-frambuesa\/","og_site_name":"Safinel","article_modified_time":"2026-01-21T01:57:14+00:00","og_image":[{"width":341,"height":400,"url":"https:\/\/www.safinel.fr\/wp-content\/uploads\/2021\/05\/feuille-de-framboisier-site.jpg","type":"image\/jpeg"}],"twitter_card":"summary_large_image","twitter_misc":{"Tiempo de lectura":"5 minutos"},"schema":{"@context":"https:\/\/schema.org","@graph":[{"@type":"WebPage","@id":"https:\/\/www.safinel.fr\/produit\/feuilles-de-framboisier\/","url":"https:\/\/www.safinel.fr\/produit\/feuilles-de-framboisier\/","name":"Hojas de frambuesa | Tisanas e infusiones | Hojas secas","isPartOf":{"@id":"https:\/\/www.safinel.fr\/#website"},"primaryImageOfPage":{"@id":"https:\/\/www.safinel.fr\/produit\/feuilles-de-framboisier\/#primaryimage"},"image":{"@id":"https:\/\/www.safinel.fr\/produit\/feuilles-de-framboisier\/#primaryimage"},"thumbnailUrl":"https:\/\/www.safinel.fr\/wp-content\/uploads\/2021\/05\/feuille-de-framboisier-site.jpg","datePublished":"2021-06-01T14:59:06+00:00","dateModified":"2026-01-21T01:57:14+00:00","description":"Las hojas de frambuesa se recolectan durante el periodo de floraci\u00f3n. Se secan a pleno sol para obtener hojas de calidad.","breadcrumb":{"@id":"https:\/\/www.safinel.fr\/produit\/feuilles-de-framboisier\/#breadcrumb"},"inLanguage":"es","potentialAction":[{"@type":"ReadAction","target":["https:\/\/www.safinel.fr\/produit\/feuilles-de-framboisier\/"]}]},{"@type":"ImageObject","inLanguage":"es","@id":"https:\/\/www.safinel.fr\/produit\/feuilles-de-framboisier\/#primaryimage","url":"https:\/\/www.safinel.fr\/wp-content\/uploads\/2021\/05\/feuille-de-framboisier-site.jpg","contentUrl":"https:\/\/www.safinel.fr\/wp-content\/uploads\/2021\/05\/feuille-de-framboisier-site.jpg","width":341,"height":400,"caption":"Feuilles de framboisier s\u00e9ch\u00e9es"},{"@type":"BreadcrumbList","@id":"https:\/\/www.safinel.fr\/produit\/feuilles-de-framboisier\/#breadcrumb","itemListElement":[{"@type":"ListItem","position":1,"name":"Accueil","item":"https:\/\/www.safinel.fr\/"},{"@type":"ListItem","position":2,"name":"Boutique","item":"https:\/\/www.safinel.fr\/boutique\/"},{"@type":"ListItem","position":3,"name":"Feuilles de framboisier s\u00e9ch\u00e9es"}]},{"@type":"WebSite","@id":"https:\/\/www.safinel.fr\/#website","url":"https:\/\/www.safinel.fr\/","name":"Safinel","description":"","publisher":{"@id":"https:\/\/www.safinel.fr\/#organization"},"potentialAction":[{"@type":"SearchAction","target":{"@type":"EntryPoint","urlTemplate":"https:\/\/www.safinel.fr\/?s={search_term_string}"},"query-input":{"@type":"PropertyValueSpecification","valueRequired":true,"valueName":"search_term_string"}}],"inLanguage":"es"},{"@type":"Organization","@id":"https:\/\/www.safinel.fr\/#organization","name":"Safinel","url":"https:\/\/www.safinel.fr\/","logo":{"@type":"ImageObject","inLanguage":"es","@id":"https:\/\/www.safinel.fr\/#\/schema\/logo\/image\/","url":"https:\/\/www.safinel.fr\/wp-content\/uploads\/2021\/05\/boutique-cosmetique.png","contentUrl":"https:\/\/www.safinel.fr\/wp-content\/uploads\/2021\/05\/boutique-cosmetique.png","width":800,"height":200,"caption":"Safinel"},"image":{"@id":"https:\/\/www.safinel.fr\/#\/schema\/logo\/image\/"}}]}},"_links":{"self":[{"href":"https:\/\/www.safinel.fr\/es\/wp-json\/wp\/v2\/product\/82","targetHints":{"allow":["GET"]}}],"collection":[{"href":"https:\/\/www.safinel.fr\/es\/wp-json\/wp\/v2\/product"}],"about":[{"href":"https:\/\/www.safinel.fr\/es\/wp-json\/wp\/v2\/types\/product"}],"wp:featuredmedia":[{"embeddable":true,"href":"https:\/\/www.safinel.fr\/es\/wp-json\/wp\/v2\/media\/67"}],"wp:attachment":[{"href":"https:\/\/www.safinel.fr\/es\/wp-json\/wp\/v2\/media?parent=82"}],"wp:term":[{"taxonomy":"product_brand","embeddable":true,"href":"https:\/\/www.safinel.fr\/es\/wp-json\/wp\/v2\/product_brand?post=82"},{"taxonomy":"product_cat","embeddable":true,"href":"https:\/\/www.safinel.fr\/es\/wp-json\/wp\/v2\/product_cat?post=82"},{"taxonomy":"product_tag","embeddable":true,"href":"https:\/\/www.safinel.fr\/es\/wp-json\/wp\/v2\/product_tag?post=82"}],"curies":[{"name":"wp","href":"https:\/\/api.w.org\/{rel}","templated":true}]}}