{"id":7813,"date":"2023-08-12T15:43:42","date_gmt":"2023-08-12T15:43:42","guid":{"rendered":"https:\/\/www.safinel.fr\/?post_type=product&#038;p=7813"},"modified":"2024-05-16T19:07:09","modified_gmt":"2024-05-16T19:07:09","slug":"aceite-de-naranja","status":"publish","type":"product","link":"https:\/\/www.safinel.fr\/es\/product-2\/aceite-de-naranja\/","title":{"rendered":"Aceite de naranja 30ml"},"content":{"rendered":"<p>L\u2019<strong>aceite esencial de naranja<\/strong>, conocido por su agradable y estimulante fragancia, tambi\u00e9n es famoso por sus numerosos beneficios para la salud y la belleza. Descubra aqu\u00ed las incre\u00edbles propiedades de este aceite natural y c\u00f3mo disfrutar de sus beneficios eligiendo el producto adecuado de safinel.es.<\/p>\n<h2><strong>Beneficios poco conocidos para la piel<\/strong><\/h2>\n<p>La <a href=\"https:\/\/www.safinel.fr\/es\/product-2\/polvo-de-naranja\/\"><strong>naranja en polvo<\/strong><\/a> se obtiene de la c\u00e1scara seca de la fruta.<\/p>\n<p>Tiene\u00a0<strong>propiedades limpiadoras y astringentes<\/strong>\u00a0que hacen de este aceite un precioso aliado para nuestra piel.<\/p>\n<ul>\n<li><strong>Limpieza profunda :<\/strong>\u00a0Gracias a sus principios activos, el aceite de naranja libera la piel de impurezas y c\u00e9lulas muertas. El resultado es un cutis fresco y radiante.<\/li>\n<li><strong>Acci\u00f3n astringente:<\/strong>\u00a0los componentes del aceite de naranja ayudan a cerrar los poros dilatados, dando a la piel un aspecto m\u00e1s terso.<\/li>\n<li><strong>Hidrataci\u00f3n :<\/strong>\u00a0Rico en vitamina C, este aceite natural ayuda a mantener el equilibrio de hidrataci\u00f3n de la piel y previene la sequedad cut\u00e1nea.<\/li>\n<li><strong>Regeneraci\u00f3n celular :<\/strong>\u00a0Los antioxidantes presentes en este aceite natural favorecen la producci\u00f3n de col\u00e1geno, ayudando a prevenir el envejecimiento prematuro de la piel.<\/li>\n<li><strong>Calma las irritaciones:<\/strong>\u00a0Gracias a sus propiedades antiinflamatorias y antibacterianas, este aceite tambi\u00e9n puede aliviar problemas cut\u00e1neos como el acn\u00e9 o las rojeces.<\/li>\n<\/ul>\n<h2><strong>Un aceite con m\u00faltiples beneficios para la salud y el bienestar<\/strong><\/h2>\n<p>Adem\u00e1s de sus beneficios para la piel, el aceite esencial de naranja posee muchas otras cualidades que contribuyen a nuestra salud y bienestar generales:<\/p>\n<ul>\n<li><strong>Vitalidad :<\/strong>\u00a0estimula la circulaci\u00f3n sangu\u00ednea y proporciona energ\u00eda y vitalidad renovadas.<\/li>\n<li><strong>Sistema inmunitario :<\/strong>\u00a0Al reforzar las defensas naturales del organismo, este aceite natural ayuda a combatir infecciones y enfermedades.<\/li>\n<li><strong>Relajaci\u00f3n:<\/strong>\u00a0Con su agradable y relajante fragancia, este aceite beneficioso es ideal para promover la relajaci\u00f3n y reducir el estr\u00e9s.<\/li>\n<li><strong>Digesti\u00f3n :<\/strong>\u00a0Tambi\u00e9n ayuda a mejorar la digesti\u00f3n y a aliviar la hinchaz\u00f3n, las flatulencias y el estre\u00f1imiento.<\/li>\n<li><strong>Antidepresivo natural :<\/strong>\u00a0El aceite de naranja tiene efectos positivos sobre el estado de \u00e1nimo, ayudando a combatir la depresi\u00f3n y la ansiedad.<\/li>\n<\/ul>\n<h2><strong>Uso del aceite de naranja en cosm\u00e9tica<\/strong><\/h2>\n<p>El aceite esencial de naranja es especialmente apreciado en cosm\u00e9tica por sus m\u00faltiples beneficios. A menudo se utiliza como ingrediente principal o como complemento en diversos productos de belleza:<\/p>\n<ul>\n<li><strong>Matorrales :<\/strong>\u00a0mezclado con otros ingredientes naturales como az\u00facar, sal marina o huesos de albaricoque. Con ella se pueden hacer eficaces exfoliantes que exfolian y purifican la piel.<\/li>\n<li><strong>Sueros :<\/strong>\u00a0Incorporado en un suero, act\u00faa espec\u00edficamente sobre los problemas cut\u00e1neos y proporciona un cuidado intensivo a la piel apagada y cansada.<\/li>\n<li><strong>M\u00e1scaras :<\/strong>\u00a0en combinaci\u00f3n con arcilla o <a href=\"https:\/\/www.safinel.fr\/es\/product-category-2\/apicultura\/\"><strong>miel<\/strong><\/a>. El aceite de naranja es una mascarilla nutritiva y revitalizante para la cara y el cuerpo.<\/li>\n<li><strong>Aceites de masaje :<\/strong>\u00a0Tambi\u00e9n puede a\u00f1adirse a un aceite vegetal neutro para masajes relajantes y estimulantes.<\/li>\n<\/ul>\n<h3><strong>Comprar aceite de naranja en safinel.es<\/strong><\/h3>\n<p>Para aprovechar todos los beneficios del aceite de naranja, es esencial elegir un producto de calidad. En safinel.es encontrar\u00e1s una rigurosa selecci\u00f3n de aceites esenciales de naranja, procedentes de las mejores fuentes y garantizados sin sustancias nocivas.<\/p>\n<p>En funci\u00f3n de sus necesidades y preferencias, elija un aceite puro o uno mezclado con otros aceites esenciales con propiedades complementarias. Tenga en cuenta tambi\u00e9n los distintos m\u00e9todos de extracci\u00f3n (prensado en fr\u00edo, destilaci\u00f3n al vapor). Se trata de preservar al m\u00e1ximo las propiedades naturales del aceite de naranja.<\/p>\n<p>En resumen, el aceite esencial de naranja es un tesoro de beneficios para nuestra piel, salud y bienestar. \u00a1As\u00ed que an\u00edmate y descubre toda la gama de aceites de naranja disponibles en safinel.es!<\/p>","protected":false},"excerpt":{"rendered":"<p>L\u2019<strong>aceite esencial de naranja<\/strong>, conocido por su agradable y estimulante fragancia, tambi\u00e9n es famoso por sus numerosos beneficios para la salud y la belleza.<\/p>\n<p><img decoding=\"async\" class=\"size-full wp-image-5091 aligncenter\" src=\"https:\/\/www.safinel.fr\/wp-content\/uploads\/2021\/06\/BANNIERE-ICONE-SAFINEL.webp\" alt=\"reaseguro de sat\u00e9n\" width=\"800\" height=\"200\" srcset=\"https:\/\/www.safinel.fr\/wp-content\/uploads\/2021\/06\/BANNIERE-ICONE-SAFINEL.webp 800w, https:\/\/www.safinel.fr\/wp-content\/uploads\/2021\/06\/BANNIERE-ICONE-SAFINEL-600x150.webp 600w, https:\/\/www.safinel.fr\/wp-content\/uploads\/2021\/06\/BANNIERE-ICONE-SAFINEL-768x192.webp 768w\" sizes=\"(max-width: 800px) 100vw, 800px\" \/><\/p>","protected":false},"featured_media":7814,"template":"","meta":[],"product_brand":[],"product_cat":[122],"product_tag":[],"class_list":{"0":"post-7813","1":"product","2":"type-product","3":"status-publish","4":"has-post-thumbnail","6":"product_cat-huile-vegetale","8":"first","9":"outofstock","10":"shipping-taxable","11":"purchasable","12":"product-type-simple"},"yoast_head":"<!-- This site is optimized with the Yoast SEO plugin v26.6 - https:\/\/yoast.com\/wordpress\/plugins\/seo\/ -->\n<title>Huile d&#039;orange | Huile naturelle | Bienfaits nombreux<\/title>\n<meta name=\"description\" content=\"L&#039;huile essentielle d&#039;orange, connue pour son parfum agr\u00e9able et stimulant, est \u00e9galement r\u00e9put\u00e9e pour ses nombreux bienfaits sur la sant\u00e9 et la beaut\u00e9.\" \/>\n<meta name=\"robots\" content=\"index, follow, max-snippet:-1, max-image-preview:large, max-video-preview:-1\" \/>\n<link rel=\"canonical\" href=\"https:\/\/www.safinel.fr\/es\/product-2\/aceite-de-naranja\/\" \/>\n<meta property=\"og:locale\" content=\"es_ES\" \/>\n<meta property=\"og:type\" content=\"article\" \/>\n<meta property=\"og:title\" content=\"Huile d&#039;orange | Huile naturelle | Bienfaits nombreux\" \/>\n<meta property=\"og:description\" content=\"L&#039;huile essentielle d&#039;orange, connue pour son parfum agr\u00e9able et stimulant, est \u00e9galement r\u00e9put\u00e9e pour ses nombreux bienfaits sur la sant\u00e9 et la beaut\u00e9.\" \/>\n<meta property=\"og:url\" content=\"https:\/\/www.safinel.fr\/es\/product-2\/aceite-de-naranja\/\" \/>\n<meta property=\"og:site_name\" content=\"Safinel\" \/>\n<meta property=\"article:modified_time\" content=\"2024-05-16T19:07:09+00:00\" \/>\n<meta property=\"og:image\" content=\"https:\/\/www.safinel.fr\/wp-content\/uploads\/2023\/08\/huile-dorange.jpg\" \/>\n\t<meta property=\"og:image:width\" content=\"600\" \/>\n\t<meta property=\"og:image:height\" content=\"600\" \/>\n\t<meta property=\"og:image:type\" content=\"image\/jpeg\" \/>\n<meta name=\"twitter:card\" content=\"summary_large_image\" \/>\n<meta name=\"twitter:label1\" content=\"Tiempo de lectura\" \/>\n\t<meta name=\"twitter:data1\" content=\"3 minutos\" \/>\n<script type=\"application\/ld+json\" class=\"yoast-schema-graph\">{\"@context\":\"https:\/\/schema.org\",\"@graph\":[{\"@type\":\"WebPage\",\"@id\":\"https:\/\/www.safinel.fr\/produit\/huile-dorange\/\",\"url\":\"https:\/\/www.safinel.fr\/produit\/huile-dorange\/\",\"name\":\"Huile d'orange | Huile naturelle | Bienfaits nombreux\",\"isPartOf\":{\"@id\":\"https:\/\/www.safinel.fr\/#website\"},\"primaryImageOfPage\":{\"@id\":\"https:\/\/www.safinel.fr\/produit\/huile-dorange\/#primaryimage\"},\"image\":{\"@id\":\"https:\/\/www.safinel.fr\/produit\/huile-dorange\/#primaryimage\"},\"thumbnailUrl\":\"https:\/\/www.safinel.fr\/wp-content\/uploads\/2023\/08\/huile-dorange.jpg\",\"datePublished\":\"2023-08-12T15:43:42+00:00\",\"dateModified\":\"2024-05-16T19:07:09+00:00\",\"description\":\"L'huile essentielle d'orange, connue pour son parfum agr\u00e9able et stimulant, est \u00e9galement r\u00e9put\u00e9e pour ses nombreux bienfaits sur la sant\u00e9 et la beaut\u00e9.\",\"breadcrumb\":{\"@id\":\"https:\/\/www.safinel.fr\/produit\/huile-dorange\/#breadcrumb\"},\"inLanguage\":\"es\",\"potentialAction\":[{\"@type\":\"ReadAction\",\"target\":[\"https:\/\/www.safinel.fr\/produit\/huile-dorange\/\"]}]},{\"@type\":\"ImageObject\",\"inLanguage\":\"es\",\"@id\":\"https:\/\/www.safinel.fr\/produit\/huile-dorange\/#primaryimage\",\"url\":\"https:\/\/www.safinel.fr\/wp-content\/uploads\/2023\/08\/huile-dorange.jpg\",\"contentUrl\":\"https:\/\/www.safinel.fr\/wp-content\/uploads\/2023\/08\/huile-dorange.jpg\",\"width\":600,\"height\":600,\"caption\":\"Huile d'orange 30ml\"},{\"@type\":\"BreadcrumbList\",\"@id\":\"https:\/\/www.safinel.fr\/produit\/huile-dorange\/#breadcrumb\",\"itemListElement\":[{\"@type\":\"ListItem\",\"position\":1,\"name\":\"Accueil\",\"item\":\"https:\/\/www.safinel.fr\/\"},{\"@type\":\"ListItem\",\"position\":2,\"name\":\"Boutique\",\"item\":\"https:\/\/www.safinel.fr\/boutique\/\"},{\"@type\":\"ListItem\",\"position\":3,\"name\":\"Huile d&#8217;orange 30ml\"}]},{\"@type\":\"WebSite\",\"@id\":\"https:\/\/www.safinel.fr\/#website\",\"url\":\"https:\/\/www.safinel.fr\/\",\"name\":\"Safinel\",\"description\":\"\",\"publisher\":{\"@id\":\"https:\/\/www.safinel.fr\/#organization\"},\"potentialAction\":[{\"@type\":\"SearchAction\",\"target\":{\"@type\":\"EntryPoint\",\"urlTemplate\":\"https:\/\/www.safinel.fr\/?s={search_term_string}\"},\"query-input\":{\"@type\":\"PropertyValueSpecification\",\"valueRequired\":true,\"valueName\":\"search_term_string\"}}],\"inLanguage\":\"es\"},{\"@type\":\"Organization\",\"@id\":\"https:\/\/www.safinel.fr\/#organization\",\"name\":\"Safinel\",\"url\":\"https:\/\/www.safinel.fr\/\",\"logo\":{\"@type\":\"ImageObject\",\"inLanguage\":\"es\",\"@id\":\"https:\/\/www.safinel.fr\/#\/schema\/logo\/image\/\",\"url\":\"https:\/\/www.safinel.fr\/wp-content\/uploads\/2021\/05\/boutique-cosmetique.png\",\"contentUrl\":\"https:\/\/www.safinel.fr\/wp-content\/uploads\/2021\/05\/boutique-cosmetique.png\",\"width\":800,\"height\":200,\"caption\":\"Safinel\"},\"image\":{\"@id\":\"https:\/\/www.safinel.fr\/#\/schema\/logo\/image\/\"}}]}<\/script>\n<!-- \/ Yoast SEO plugin. -->","yoast_head_json":{"title":"Aceite de naranja | Aceite natural | Numerosos beneficios","description":"Conocido por su agradable y estimulante fragancia, el aceite esencial de naranja tambi\u00e9n es famoso por sus numerosos beneficios para la salud y la belleza.","robots":{"index":"index","follow":"follow","max-snippet":"max-snippet:-1","max-image-preview":"max-image-preview:large","max-video-preview":"max-video-preview:-1"},"canonical":"https:\/\/www.safinel.fr\/es\/product-2\/aceite-de-naranja\/","og_locale":"es_ES","og_type":"article","og_title":"Huile d'orange | Huile naturelle | Bienfaits nombreux","og_description":"L'huile essentielle d'orange, connue pour son parfum agr\u00e9able et stimulant, est \u00e9galement r\u00e9put\u00e9e pour ses nombreux bienfaits sur la sant\u00e9 et la beaut\u00e9.","og_url":"https:\/\/www.safinel.fr\/es\/product-2\/aceite-de-naranja\/","og_site_name":"Safinel","article_modified_time":"2024-05-16T19:07:09+00:00","og_image":[{"width":600,"height":600,"url":"https:\/\/www.safinel.fr\/wp-content\/uploads\/2023\/08\/huile-dorange.jpg","type":"image\/jpeg"}],"twitter_card":"summary_large_image","twitter_misc":{"Tiempo de lectura":"3 minutos"},"schema":{"@context":"https:\/\/schema.org","@graph":[{"@type":"WebPage","@id":"https:\/\/www.safinel.fr\/produit\/huile-dorange\/","url":"https:\/\/www.safinel.fr\/produit\/huile-dorange\/","name":"Aceite de naranja | Aceite natural | Numerosos beneficios","isPartOf":{"@id":"https:\/\/www.safinel.fr\/#website"},"primaryImageOfPage":{"@id":"https:\/\/www.safinel.fr\/produit\/huile-dorange\/#primaryimage"},"image":{"@id":"https:\/\/www.safinel.fr\/produit\/huile-dorange\/#primaryimage"},"thumbnailUrl":"https:\/\/www.safinel.fr\/wp-content\/uploads\/2023\/08\/huile-dorange.jpg","datePublished":"2023-08-12T15:43:42+00:00","dateModified":"2024-05-16T19:07:09+00:00","description":"Conocido por su agradable y estimulante fragancia, el aceite esencial de naranja tambi\u00e9n es famoso por sus numerosos beneficios para la salud y la belleza.","breadcrumb":{"@id":"https:\/\/www.safinel.fr\/produit\/huile-dorange\/#breadcrumb"},"inLanguage":"es","potentialAction":[{"@type":"ReadAction","target":["https:\/\/www.safinel.fr\/produit\/huile-dorange\/"]}]},{"@type":"ImageObject","inLanguage":"es","@id":"https:\/\/www.safinel.fr\/produit\/huile-dorange\/#primaryimage","url":"https:\/\/www.safinel.fr\/wp-content\/uploads\/2023\/08\/huile-dorange.jpg","contentUrl":"https:\/\/www.safinel.fr\/wp-content\/uploads\/2023\/08\/huile-dorange.jpg","width":600,"height":600,"caption":"Huile d'orange 30ml"},{"@type":"BreadcrumbList","@id":"https:\/\/www.safinel.fr\/produit\/huile-dorange\/#breadcrumb","itemListElement":[{"@type":"ListItem","position":1,"name":"Accueil","item":"https:\/\/www.safinel.fr\/"},{"@type":"ListItem","position":2,"name":"Boutique","item":"https:\/\/www.safinel.fr\/boutique\/"},{"@type":"ListItem","position":3,"name":"Huile d&#8217;orange 30ml"}]},{"@type":"WebSite","@id":"https:\/\/www.safinel.fr\/#website","url":"https:\/\/www.safinel.fr\/","name":"Safinel","description":"","publisher":{"@id":"https:\/\/www.safinel.fr\/#organization"},"potentialAction":[{"@type":"SearchAction","target":{"@type":"EntryPoint","urlTemplate":"https:\/\/www.safinel.fr\/?s={search_term_string}"},"query-input":{"@type":"PropertyValueSpecification","valueRequired":true,"valueName":"search_term_string"}}],"inLanguage":"es"},{"@type":"Organization","@id":"https:\/\/www.safinel.fr\/#organization","name":"Safinel","url":"https:\/\/www.safinel.fr\/","logo":{"@type":"ImageObject","inLanguage":"es","@id":"https:\/\/www.safinel.fr\/#\/schema\/logo\/image\/","url":"https:\/\/www.safinel.fr\/wp-content\/uploads\/2021\/05\/boutique-cosmetique.png","contentUrl":"https:\/\/www.safinel.fr\/wp-content\/uploads\/2021\/05\/boutique-cosmetique.png","width":800,"height":200,"caption":"Safinel"},"image":{"@id":"https:\/\/www.safinel.fr\/#\/schema\/logo\/image\/"}}]}},"_links":{"self":[{"href":"https:\/\/www.safinel.fr\/es\/wp-json\/wp\/v2\/product\/7813","targetHints":{"allow":["GET"]}}],"collection":[{"href":"https:\/\/www.safinel.fr\/es\/wp-json\/wp\/v2\/product"}],"about":[{"href":"https:\/\/www.safinel.fr\/es\/wp-json\/wp\/v2\/types\/product"}],"wp:featuredmedia":[{"embeddable":true,"href":"https:\/\/www.safinel.fr\/es\/wp-json\/wp\/v2\/media\/7814"}],"wp:attachment":[{"href":"https:\/\/www.safinel.fr\/es\/wp-json\/wp\/v2\/media?parent=7813"}],"wp:term":[{"taxonomy":"product_brand","embeddable":true,"href":"https:\/\/www.safinel.fr\/es\/wp-json\/wp\/v2\/product_brand?post=7813"},{"taxonomy":"product_cat","embeddable":true,"href":"https:\/\/www.safinel.fr\/es\/wp-json\/wp\/v2\/product_cat?post=7813"},{"taxonomy":"product_tag","embeddable":true,"href":"https:\/\/www.safinel.fr\/es\/wp-json\/wp\/v2\/product_tag?post=7813"}],"curies":[{"name":"wp","href":"https:\/\/api.w.org\/{rel}","templated":true}]}}