{"id":7707,"date":"2022-08-07T20:44:30","date_gmt":"2022-08-07T20:44:30","guid":{"rendered":"https:\/\/www.safinel.fr\/?post_type=product&#038;p=7707"},"modified":"2024-09-26T15:11:45","modified_gmt":"2024-09-26T15:11:45","slug":"miel-king-kong-afrodisiaco","status":"publish","type":"product","link":"https:\/\/www.safinel.fr\/es\/product-2\/miel-king-kong-afrodisiaco\/","title":{"rendered":"Miel afrodis\u00edaca King Kong"},"content":{"rendered":"<p><strong>King Kong miel<\/strong>\u00a0es un producto rico en nutrientes con m\u00faltiples beneficios para la salud. Se produce a partir de 100% ingredientes naturales y es conocido por su sabor dulce y sus propiedades curativas. \u00a1Pero eso no es todo! Porque tambi\u00e9n se considera un\u00a0<strong>potenciador natural<\/strong>\u00a0y un poderoso\u00a0<strong>afrodis\u00edaco<\/strong>.<\/p>\n<h2><strong>C\u00e9ntrate en la miel de King Kong\u00a0<\/strong><\/h2>\n<p>La miel King Kong se compone de glucosa y fructosa, los dos az\u00facares principales de las mezclas de miel. Tambi\u00e9n contiene vitaminas y minerales como calcio, f\u00f3sforo, zinc y hierro. As\u00ed como antioxidantes y enzimas.<\/p>\n<p>Elaborado con jalea real ecol\u00f3gica y\u00a0<strong>ginseng<\/strong>, prop\u00f3leo ecol\u00f3gico, clavo y\u00a0<strong>jengibre<\/strong>. Es naturalmente poderoso.<\/p>\n<p>Descubra tambi\u00e9n nuestro\u00a0<a href=\"https:\/\/www.safinel.fr\/es\/product-2\/afrodimiel\/\"><strong>afrodimiel<\/strong><\/a>\u00a0y nuestro\u00a0<a href=\"https:\/\/www.safinel.fr\/es\/product-2\/libidomiel\/\"><strong>libidomiel<\/strong><\/a>, \u00a1dos productos naturales que hacen honor a su nombre!<\/p>\n<h2><strong>Los beneficios de la miel King Kong<\/strong><\/h2>\n<p>Este\u00a0<strong>productos colmena\u00a0<\/strong>es rica en\u00a0<strong>antioxidantes y antis\u00e9pticos\u00a0<\/strong>beneficioso para el organismo, en particular para el sistema inmunitario. Se sabe que es calmante y tranquilizante, y puede utilizarse para aliviar la tos y facilitar la digesti\u00f3n.<\/p>\n<p>Nos encanta la miel King Kong por su\u00a0<strong>propiedades afrodis\u00edacas<\/strong>. Estimula la libido, combate la impotencia y, en consecuencia, ayuda a<strong>\u00a0fomentar la actividad sexual.\u00a0<\/strong><\/p>\n<p>Tambi\u00e9n puede utilizarse para calmar los dolores de cabeza, musculares y articulares. Tambi\u00e9n puede utilizarse para reducir la inflamaci\u00f3n y aliviar la congesti\u00f3n nasal.<\/p>\n<h3><strong>\u00bfC\u00f3mo utilizar esta miel afrodis\u00edaca?\u00a0<\/strong><\/h3>\n<p>La miel King Kong puede utilizarse de diversas maneras.<\/p>\n<p>Puede a\u00f1adirse a bebidas calientes o fr\u00edas para darles un sabor dulce y ayudar a endulzar las bebidas amargas. Tambi\u00e9n puede utilizarse en recetas de cocina. Sin embargo, no es apto para toda la familia, especialmente para ni\u00f1os menores de 12 a\u00f1os.<\/p>\n<p>Para sacarle el m\u00e1ximo partido, toma una cucharada por la ma\u00f1ana en ayunas. \u00a1O 1 hora antes del coito para recargar las pilas!<\/p>\n<p>Tambi\u00e9n recomendamos mezclar siempre este n\u00e9ctar antes de consumirlo.<\/p>","protected":false},"excerpt":{"rendered":"<p><strong>Composici\u00f3n:\u00a0<\/strong><\/p>\n<ul>\n<li>Miel natural<\/li>\n<li>Jalea real ecol\u00f3gica<\/li>\n<li>Pr\u00f3polis ecol\u00f3gico<\/li>\n<li>Ginseng<\/li>\n<li>Clavo<\/li>\n<li>Jengibre<\/li>\n<\/ul>\n<p><img decoding=\"async\" class=\"size-full wp-image-5091 aligncenter\" src=\"https:\/\/www.safinel.fr\/wp-content\/uploads\/2021\/06\/BANNIERE-ICONE-SAFINEL.webp\" alt=\"reaseguro de sat\u00e9n\" width=\"800\" height=\"200\" srcset=\"https:\/\/www.safinel.fr\/wp-content\/uploads\/2021\/06\/BANNIERE-ICONE-SAFINEL.webp 800w, https:\/\/www.safinel.fr\/wp-content\/uploads\/2021\/06\/BANNIERE-ICONE-SAFINEL-600x150.webp 600w, https:\/\/www.safinel.fr\/wp-content\/uploads\/2021\/06\/BANNIERE-ICONE-SAFINEL-768x192.webp 768w\" sizes=\"(max-width: 800px) 100vw, 800px\" \/><\/p>","protected":false},"featured_media":7985,"template":"","meta":[],"product_brand":[],"product_cat":[24,72],"product_tag":[],"class_list":{"0":"post-7707","1":"product","2":"type-product","3":"status-publish","4":"has-post-thumbnail","6":"product_cat-apiculture","7":"product_cat-miel-aphrodisiaque","9":"first","10":"outofstock","11":"shipping-taxable","12":"purchasable","13":"product-type-variable","14":"has-default-attributes"},"yoast_head":"<!-- This site is optimized with the Yoast SEO plugin v26.6 - https:\/\/yoast.com\/wordpress\/plugins\/seo\/ -->\n<title>Miel King Kong honey aphrodisiaque | Sachets de 10g<\/title>\n<meta name=\"description\" content=\"Le miel King Kong\u00a0est un produit riche en nutriments et aux multiples vertus pour la sant\u00e9. Il est produit \u00e0 partir d\u2019ingr\u00e9dients 100% naturels.\" \/>\n<meta name=\"robots\" content=\"index, follow, max-snippet:-1, max-image-preview:large, max-video-preview:-1\" \/>\n<link rel=\"canonical\" href=\"https:\/\/www.safinel.fr\/es\/product-2\/miel-king-kong-afrodisiaco\/\" \/>\n<meta property=\"og:locale\" content=\"es_ES\" \/>\n<meta property=\"og:type\" content=\"article\" \/>\n<meta property=\"og:title\" content=\"Miel King Kong honey aphrodisiaque | Sachets de 10g\" \/>\n<meta property=\"og:description\" content=\"Le miel King Kong\u00a0est un produit riche en nutriments et aux multiples vertus pour la sant\u00e9. Il est produit \u00e0 partir d\u2019ingr\u00e9dients 100% naturels.\" \/>\n<meta property=\"og:url\" content=\"https:\/\/www.safinel.fr\/es\/product-2\/miel-king-kong-afrodisiaco\/\" \/>\n<meta property=\"og:site_name\" content=\"Safinel\" \/>\n<meta property=\"article:modified_time\" content=\"2024-09-26T15:11:45+00:00\" \/>\n<meta property=\"og:image\" content=\"https:\/\/www.safinel.fr\/wp-content\/uploads\/2023\/08\/miel-king-kong-honey-1.jpg\" \/>\n\t<meta property=\"og:image:width\" content=\"600\" \/>\n\t<meta property=\"og:image:height\" content=\"600\" \/>\n\t<meta property=\"og:image:type\" content=\"image\/jpeg\" \/>\n<meta name=\"twitter:card\" content=\"summary_large_image\" \/>\n<meta name=\"twitter:label1\" content=\"Tiempo de lectura\" \/>\n\t<meta name=\"twitter:data1\" content=\"2 minutos\" \/>\n<script type=\"application\/ld+json\" class=\"yoast-schema-graph\">{\"@context\":\"https:\/\/schema.org\",\"@graph\":[{\"@type\":\"WebPage\",\"@id\":\"https:\/\/www.safinel.fr\/produit\/miel-king-kong-honey-aphrodisiaque\/\",\"url\":\"https:\/\/www.safinel.fr\/produit\/miel-king-kong-honey-aphrodisiaque\/\",\"name\":\"Miel King Kong honey aphrodisiaque | Sachets de 10g\",\"isPartOf\":{\"@id\":\"https:\/\/www.safinel.fr\/#website\"},\"primaryImageOfPage\":{\"@id\":\"https:\/\/www.safinel.fr\/produit\/miel-king-kong-honey-aphrodisiaque\/#primaryimage\"},\"image\":{\"@id\":\"https:\/\/www.safinel.fr\/produit\/miel-king-kong-honey-aphrodisiaque\/#primaryimage\"},\"thumbnailUrl\":\"https:\/\/www.safinel.fr\/wp-content\/uploads\/2023\/08\/miel-king-kong-honey-1.jpg\",\"datePublished\":\"2022-08-07T20:44:30+00:00\",\"dateModified\":\"2024-09-26T15:11:45+00:00\",\"description\":\"Le miel King Kong\u00a0est un produit riche en nutriments et aux multiples vertus pour la sant\u00e9. Il est produit \u00e0 partir d\u2019ingr\u00e9dients 100% naturels.\",\"breadcrumb\":{\"@id\":\"https:\/\/www.safinel.fr\/produit\/miel-king-kong-honey-aphrodisiaque\/#breadcrumb\"},\"inLanguage\":\"es\",\"potentialAction\":[{\"@type\":\"ReadAction\",\"target\":[\"https:\/\/www.safinel.fr\/produit\/miel-king-kong-honey-aphrodisiaque\/\"]}]},{\"@type\":\"ImageObject\",\"inLanguage\":\"es\",\"@id\":\"https:\/\/www.safinel.fr\/produit\/miel-king-kong-honey-aphrodisiaque\/#primaryimage\",\"url\":\"https:\/\/www.safinel.fr\/wp-content\/uploads\/2023\/08\/miel-king-kong-honey-1.jpg\",\"contentUrl\":\"https:\/\/www.safinel.fr\/wp-content\/uploads\/2023\/08\/miel-king-kong-honey-1.jpg\",\"width\":600,\"height\":600,\"caption\":\"miel king kong honey\"},{\"@type\":\"BreadcrumbList\",\"@id\":\"https:\/\/www.safinel.fr\/produit\/miel-king-kong-honey-aphrodisiaque\/#breadcrumb\",\"itemListElement\":[{\"@type\":\"ListItem\",\"position\":1,\"name\":\"Accueil\",\"item\":\"https:\/\/www.safinel.fr\/\"},{\"@type\":\"ListItem\",\"position\":2,\"name\":\"Boutique\",\"item\":\"https:\/\/www.safinel.fr\/boutique\/\"},{\"@type\":\"ListItem\",\"position\":3,\"name\":\"Miel King Kong honey aphrodisiaque\"}]},{\"@type\":\"WebSite\",\"@id\":\"https:\/\/www.safinel.fr\/#website\",\"url\":\"https:\/\/www.safinel.fr\/\",\"name\":\"Safinel\",\"description\":\"\",\"publisher\":{\"@id\":\"https:\/\/www.safinel.fr\/#organization\"},\"potentialAction\":[{\"@type\":\"SearchAction\",\"target\":{\"@type\":\"EntryPoint\",\"urlTemplate\":\"https:\/\/www.safinel.fr\/?s={search_term_string}\"},\"query-input\":{\"@type\":\"PropertyValueSpecification\",\"valueRequired\":true,\"valueName\":\"search_term_string\"}}],\"inLanguage\":\"es\"},{\"@type\":\"Organization\",\"@id\":\"https:\/\/www.safinel.fr\/#organization\",\"name\":\"Safinel\",\"url\":\"https:\/\/www.safinel.fr\/\",\"logo\":{\"@type\":\"ImageObject\",\"inLanguage\":\"es\",\"@id\":\"https:\/\/www.safinel.fr\/#\/schema\/logo\/image\/\",\"url\":\"https:\/\/www.safinel.fr\/wp-content\/uploads\/2021\/05\/boutique-cosmetique.png\",\"contentUrl\":\"https:\/\/www.safinel.fr\/wp-content\/uploads\/2021\/05\/boutique-cosmetique.png\",\"width\":800,\"height\":200,\"caption\":\"Safinel\"},\"image\":{\"@id\":\"https:\/\/www.safinel.fr\/#\/schema\/logo\/image\/\"}}]}<\/script>\n<!-- \/ Yoast SEO plugin. -->","yoast_head_json":{"title":"King Kong miel afrodis\u00edaca | 10g sobres","description":"La miel King Kong es un producto rico en nutrientes con m\u00faltiples beneficios para la salud. Se elabora a partir de 100% ingredientes naturales.","robots":{"index":"index","follow":"follow","max-snippet":"max-snippet:-1","max-image-preview":"max-image-preview:large","max-video-preview":"max-video-preview:-1"},"canonical":"https:\/\/www.safinel.fr\/es\/product-2\/miel-king-kong-afrodisiaco\/","og_locale":"es_ES","og_type":"article","og_title":"Miel King Kong honey aphrodisiaque | Sachets de 10g","og_description":"Le miel King Kong\u00a0est un produit riche en nutriments et aux multiples vertus pour la sant\u00e9. Il est produit \u00e0 partir d\u2019ingr\u00e9dients 100% naturels.","og_url":"https:\/\/www.safinel.fr\/es\/product-2\/miel-king-kong-afrodisiaco\/","og_site_name":"Safinel","article_modified_time":"2024-09-26T15:11:45+00:00","og_image":[{"width":600,"height":600,"url":"https:\/\/www.safinel.fr\/wp-content\/uploads\/2023\/08\/miel-king-kong-honey-1.jpg","type":"image\/jpeg"}],"twitter_card":"summary_large_image","twitter_misc":{"Tiempo de lectura":"2 minutos"},"schema":{"@context":"https:\/\/schema.org","@graph":[{"@type":"WebPage","@id":"https:\/\/www.safinel.fr\/produit\/miel-king-kong-honey-aphrodisiaque\/","url":"https:\/\/www.safinel.fr\/produit\/miel-king-kong-honey-aphrodisiaque\/","name":"King Kong miel afrodis\u00edaca | 10g sobres","isPartOf":{"@id":"https:\/\/www.safinel.fr\/#website"},"primaryImageOfPage":{"@id":"https:\/\/www.safinel.fr\/produit\/miel-king-kong-honey-aphrodisiaque\/#primaryimage"},"image":{"@id":"https:\/\/www.safinel.fr\/produit\/miel-king-kong-honey-aphrodisiaque\/#primaryimage"},"thumbnailUrl":"https:\/\/www.safinel.fr\/wp-content\/uploads\/2023\/08\/miel-king-kong-honey-1.jpg","datePublished":"2022-08-07T20:44:30+00:00","dateModified":"2024-09-26T15:11:45+00:00","description":"La miel King Kong es un producto rico en nutrientes con m\u00faltiples beneficios para la salud. Se elabora a partir de 100% ingredientes naturales.","breadcrumb":{"@id":"https:\/\/www.safinel.fr\/produit\/miel-king-kong-honey-aphrodisiaque\/#breadcrumb"},"inLanguage":"es","potentialAction":[{"@type":"ReadAction","target":["https:\/\/www.safinel.fr\/produit\/miel-king-kong-honey-aphrodisiaque\/"]}]},{"@type":"ImageObject","inLanguage":"es","@id":"https:\/\/www.safinel.fr\/produit\/miel-king-kong-honey-aphrodisiaque\/#primaryimage","url":"https:\/\/www.safinel.fr\/wp-content\/uploads\/2023\/08\/miel-king-kong-honey-1.jpg","contentUrl":"https:\/\/www.safinel.fr\/wp-content\/uploads\/2023\/08\/miel-king-kong-honey-1.jpg","width":600,"height":600,"caption":"miel king kong honey"},{"@type":"BreadcrumbList","@id":"https:\/\/www.safinel.fr\/produit\/miel-king-kong-honey-aphrodisiaque\/#breadcrumb","itemListElement":[{"@type":"ListItem","position":1,"name":"Accueil","item":"https:\/\/www.safinel.fr\/"},{"@type":"ListItem","position":2,"name":"Boutique","item":"https:\/\/www.safinel.fr\/boutique\/"},{"@type":"ListItem","position":3,"name":"Miel King Kong honey aphrodisiaque"}]},{"@type":"WebSite","@id":"https:\/\/www.safinel.fr\/#website","url":"https:\/\/www.safinel.fr\/","name":"Safinel","description":"","publisher":{"@id":"https:\/\/www.safinel.fr\/#organization"},"potentialAction":[{"@type":"SearchAction","target":{"@type":"EntryPoint","urlTemplate":"https:\/\/www.safinel.fr\/?s={search_term_string}"},"query-input":{"@type":"PropertyValueSpecification","valueRequired":true,"valueName":"search_term_string"}}],"inLanguage":"es"},{"@type":"Organization","@id":"https:\/\/www.safinel.fr\/#organization","name":"Safinel","url":"https:\/\/www.safinel.fr\/","logo":{"@type":"ImageObject","inLanguage":"es","@id":"https:\/\/www.safinel.fr\/#\/schema\/logo\/image\/","url":"https:\/\/www.safinel.fr\/wp-content\/uploads\/2021\/05\/boutique-cosmetique.png","contentUrl":"https:\/\/www.safinel.fr\/wp-content\/uploads\/2021\/05\/boutique-cosmetique.png","width":800,"height":200,"caption":"Safinel"},"image":{"@id":"https:\/\/www.safinel.fr\/#\/schema\/logo\/image\/"}}]}},"_links":{"self":[{"href":"https:\/\/www.safinel.fr\/es\/wp-json\/wp\/v2\/product\/7707","targetHints":{"allow":["GET"]}}],"collection":[{"href":"https:\/\/www.safinel.fr\/es\/wp-json\/wp\/v2\/product"}],"about":[{"href":"https:\/\/www.safinel.fr\/es\/wp-json\/wp\/v2\/types\/product"}],"wp:featuredmedia":[{"embeddable":true,"href":"https:\/\/www.safinel.fr\/es\/wp-json\/wp\/v2\/media\/7985"}],"wp:attachment":[{"href":"https:\/\/www.safinel.fr\/es\/wp-json\/wp\/v2\/media?parent=7707"}],"wp:term":[{"taxonomy":"product_brand","embeddable":true,"href":"https:\/\/www.safinel.fr\/es\/wp-json\/wp\/v2\/product_brand?post=7707"},{"taxonomy":"product_cat","embeddable":true,"href":"https:\/\/www.safinel.fr\/es\/wp-json\/wp\/v2\/product_cat?post=7707"},{"taxonomy":"product_tag","embeddable":true,"href":"https:\/\/www.safinel.fr\/es\/wp-json\/wp\/v2\/product_tag?post=7707"}],"curies":[{"name":"wp","href":"https:\/\/api.w.org\/{rel}","templated":true}]}}