{"id":7613,"date":"2023-08-04T19:27:47","date_gmt":"2023-08-04T19:27:47","guid":{"rendered":"https:\/\/www.safinel.fr\/?post_type=product&#038;p=7613"},"modified":"2023-12-28T17:16:10","modified_gmt":"2023-12-28T17:16:10","slug":"aceite-de-dorigan","status":"publish","type":"product","link":"https:\/\/www.safinel.fr\/es\/product-2\/aceite-de-dorigan\/","title":{"rendered":"Aceite de or\u00e9gano 30ml"},"content":{"rendered":"<p>El aceite de or\u00e9gano es un aceite esencial con m\u00faltiples virtudes. Se ha convertido en un imprescindible en el campo de la salud y el bienestar naturales.<\/p>\n<p>En este art\u00edculo, le explicaremos los beneficios de este preciado aceite y las mejores formas de utilizarlo a diario. Para comprar aceite natural de calidad, conf\u00ede en Safinel.fr, su tienda online especializada en aceites esenciales.<\/p>\n<h2><strong>\u00bfQu\u00e9 es el aceite de or\u00e9gano?<\/strong><\/h2>\n<p>Se extrae de las hojas de la planta Origanum vulgare, tambi\u00e9n conocida como or\u00e9gano com\u00fan o mejorana silvestre. Esta planta arom\u00e1tica es originaria de la regi\u00f3n mediterr\u00e1nea y sus propiedades medicinales han sido reconocidas desde la Antig\u00fcedad.<\/p>\n<p>Rico en\u00a0<strong>compuestos activos como el carvacrol, el timol y el \u00e1cido rosmar\u00ednico.<\/strong>\u00a0El aceite de or\u00e9gano tiene propiedades antioxidantes, antibacterianas, antivirales y antiinflamatorias, lo que lo convierte en un verdadero aliado para preservar nuestra salud y mejorar nuestro bienestar diario.<\/p>\n<h2><strong>Beneficios del aceite de or\u00e9gano para la salud<\/strong><\/h2>\n<ul>\n<li><strong>Fortalecimiento del sistema inmunitario<\/strong><\/li>\n<\/ul>\n<p>Gracias a sus propiedades antivirales y antibacterianas. Este aceite natural es un excelente remedio natural para\u00a0<strong>combatir las infecciones y reforzar nuestro sistema inmunitario<\/strong>. Puede utilizarse como medida preventiva para evitar caer enfermo, o como tratamiento para ayudar al organismo a combatir virus y bacterias.<\/p>\n<ul>\n<li><strong>Aliviar los problemas digestivos<\/strong><\/li>\n<\/ul>\n<p>El aceite de or\u00e9gano tambi\u00e9n es famoso por sus efectos beneficiosos sobre el sistema digestivo. En particular, ayuda a\u00a0<strong>regulan la digesti\u00f3n, alivian la hinchaz\u00f3n y reducen los espasmos intestinales<\/strong>. Adem\u00e1s, gracias a su acci\u00f3n antimicrobiana, ayuda a eliminar las bacterias malas presentes en nuestros intestinos, favoreciendo as\u00ed una flora intestinal sana.<\/p>\n<ul>\n<li><strong>Calmar los dolores musculares y articulares<\/strong><\/li>\n<\/ul>\n<p>Las propiedades antiinflamatorias del aceite de or\u00e9gano lo hacen ideal para\u00a0<strong>aliviar los dolores musculares y articulares.<\/strong>\u00a0Ya sea debido a inflamaciones, dolores o artritis. Aplicado localmente en forma de masaje, proporciona una sensaci\u00f3n de calor y relajaci\u00f3n, ayudando a relajar los m\u00fasculos y aliviar dolores y molestias.<\/p>\n<ul>\n<li><strong>Mejorar la salud de la piel<\/strong><\/li>\n<\/ul>\n<p>Uso t\u00f3pico. El aceite de or\u00e9gano tambi\u00e9n puede ayudar a\u00a0<strong>tratar diversos problemas cut\u00e1neos<\/strong>\u00a0como acn\u00e9, micosis, verrugas y eczemas. Sus propiedades antif\u00fangicas y antibacterianas ayudan a eliminar las bacterias responsables de estas afecciones cut\u00e1neas y favorecen la cicatrizaci\u00f3n.<\/p>\n<h2><strong>\u00bfC\u00f3mo debe utilizarse el aceite de or\u00e9gano?<\/strong><\/h2>\n<p>El aceite de or\u00e9gano es un producto muy concentrado que debe utilizarse con precauci\u00f3n. Aqu\u00ed tienes algunos consejos para aprovechar al m\u00e1ximo sus beneficios:<\/p>\n<ul>\n<li><strong>Diluir siempre el aceite de or\u00e9gano<\/strong>\u00a0en un aceite vegetal (como <a href=\"https:\/\/www.safinel.fr\/es\/product-2\/aceite-de-almendras-dulces\/\"><strong>aceite de almendras dulces<\/strong><\/a>, Puede aplicarse sobre la piel o mediante masaje. Generalmente se recomienda una diluci\u00f3n de 3 a 5 %.<\/li>\n<li><strong>V\u00eda oral<\/strong>\u00a0Puedes a\u00f1adir unas gotas de este aceite natural diluidas en una cucharadita de miel o aceite de oliva. As\u00ed reforzar\u00e1s tu sistema inmunitario y facilitar\u00e1s la digesti\u00f3n. Pero tenga cuidado de no superar la dosis recomendada. Son unas 4 gotas al d\u00eda para un adulto, y consulte a un profesional de la salud antes de cualquier uso interno.<\/li>\n<li><strong>Difundir este aceite<\/strong>\u00a0Aceite de or\u00e9gano: para purificar el aire de tu casa y beneficiarte de sus propiedades antivirales. Puedes utilizar un difusor de aceites esenciales y a\u00f1adir unas gotas de aceite de or\u00e9gano. Procura no difundir el aceite de forma continua y sigue las recomendaciones del fabricante del difusor.<\/li>\n<\/ul>\n<h3><strong>Comprar en Safinel.es<\/strong><\/h3>\n<p>Para disfrutar de los numerosos beneficios del aceite de or\u00e9gano, es esencial elegir un aceite de calidad. En Safinel.es le ofrecemos una gama de aceites de calidad.\u00a0<strong>gama de aceites esenciales puros y naturales 100 %<\/strong>, incluido el aceite de or\u00e9gano. Cuidadosamente seleccionados por sus propiedades terap\u00e9uticas y su eficacia.<\/p>\n<p>Descubra nuestra gama de aceites esenciales para mejorar su bienestar y el de toda la familia. Conf\u00ede en Safinel.es para comprar este beneficioso aceite y disfrute de una experiencia arom\u00e1tica \u00fanica.<\/p>","protected":false},"excerpt":{"rendered":"<p>El aceite de or\u00e9gano, un aceite esencial con m\u00faltiples virtudes, se ha convertido en un imprescindible en el campo de la salud y el bienestar naturales.<\/p>\n<p><img decoding=\"async\" class=\"size-full wp-image-5091 aligncenter\" src=\"https:\/\/www.safinel.fr\/wp-content\/uploads\/2021\/06\/BANNIERE-ICONE-SAFINEL.webp\" alt=\"reaseguro de sat\u00e9n\" width=\"800\" height=\"200\" srcset=\"https:\/\/www.safinel.fr\/wp-content\/uploads\/2021\/06\/BANNIERE-ICONE-SAFINEL.webp 800w, https:\/\/www.safinel.fr\/wp-content\/uploads\/2021\/06\/BANNIERE-ICONE-SAFINEL-600x150.webp 600w, https:\/\/www.safinel.fr\/wp-content\/uploads\/2021\/06\/BANNIERE-ICONE-SAFINEL-768x192.webp 768w\" sizes=\"(max-width: 800px) 100vw, 800px\" \/><\/p>","protected":false},"featured_media":7614,"template":"","meta":[],"product_brand":[],"product_cat":[122],"product_tag":[],"class_list":{"0":"post-7613","1":"product","2":"type-product","3":"status-publish","4":"has-post-thumbnail","6":"product_cat-huile-vegetale","8":"first","9":"instock","10":"shipping-taxable","11":"purchasable","12":"product-type-simple"},"yoast_head":"<!-- This site is optimized with the Yoast SEO plugin v26.6 - https:\/\/yoast.com\/wordpress\/plugins\/seo\/ -->\n<title>Huile d&#039;origan | Bienfaits nombreux | 100% naturelle<\/title>\n<meta name=\"description\" content=\"L&#039;huile d&#039;origan, une huile essentielle aux multiples vertus, est devenue un incontournable dans le domaine du bien-\u00eatre et de la sant\u00e9 au naturel.\" \/>\n<meta name=\"robots\" content=\"index, follow, max-snippet:-1, max-image-preview:large, max-video-preview:-1\" \/>\n<link rel=\"canonical\" href=\"https:\/\/www.safinel.fr\/es\/product-2\/aceite-de-dorigan\/\" \/>\n<meta property=\"og:locale\" content=\"es_ES\" \/>\n<meta property=\"og:type\" content=\"article\" \/>\n<meta property=\"og:title\" content=\"Huile d&#039;origan | Bienfaits nombreux | 100% naturelle\" \/>\n<meta property=\"og:description\" content=\"L&#039;huile d&#039;origan, une huile essentielle aux multiples vertus, est devenue un incontournable dans le domaine du bien-\u00eatre et de la sant\u00e9 au naturel.\" \/>\n<meta property=\"og:url\" content=\"https:\/\/www.safinel.fr\/es\/product-2\/aceite-de-dorigan\/\" \/>\n<meta property=\"og:site_name\" content=\"Safinel\" \/>\n<meta property=\"article:modified_time\" content=\"2023-12-28T17:16:10+00:00\" \/>\n<meta property=\"og:image\" content=\"https:\/\/www.safinel.fr\/wp-content\/uploads\/2023\/08\/Huile-dorigan.jpg\" \/>\n\t<meta property=\"og:image:width\" content=\"600\" \/>\n\t<meta property=\"og:image:height\" content=\"600\" \/>\n\t<meta property=\"og:image:type\" content=\"image\/jpeg\" \/>\n<meta name=\"twitter:card\" content=\"summary_large_image\" \/>\n<meta name=\"twitter:label1\" content=\"Tiempo de lectura\" \/>\n\t<meta name=\"twitter:data1\" content=\"3 minutos\" \/>\n<script type=\"application\/ld+json\" class=\"yoast-schema-graph\">{\"@context\":\"https:\/\/schema.org\",\"@graph\":[{\"@type\":\"WebPage\",\"@id\":\"https:\/\/www.safinel.fr\/produit\/huile-dorigan\/\",\"url\":\"https:\/\/www.safinel.fr\/produit\/huile-dorigan\/\",\"name\":\"Huile d'origan | Bienfaits nombreux | 100% naturelle\",\"isPartOf\":{\"@id\":\"https:\/\/www.safinel.fr\/#website\"},\"primaryImageOfPage\":{\"@id\":\"https:\/\/www.safinel.fr\/produit\/huile-dorigan\/#primaryimage\"},\"image\":{\"@id\":\"https:\/\/www.safinel.fr\/produit\/huile-dorigan\/#primaryimage\"},\"thumbnailUrl\":\"https:\/\/www.safinel.fr\/wp-content\/uploads\/2023\/08\/Huile-dorigan.jpg\",\"datePublished\":\"2023-08-04T19:27:47+00:00\",\"dateModified\":\"2023-12-28T17:16:10+00:00\",\"description\":\"L'huile d'origan, une huile essentielle aux multiples vertus, est devenue un incontournable dans le domaine du bien-\u00eatre et de la sant\u00e9 au naturel.\",\"breadcrumb\":{\"@id\":\"https:\/\/www.safinel.fr\/produit\/huile-dorigan\/#breadcrumb\"},\"inLanguage\":\"es\",\"potentialAction\":[{\"@type\":\"ReadAction\",\"target\":[\"https:\/\/www.safinel.fr\/produit\/huile-dorigan\/\"]}]},{\"@type\":\"ImageObject\",\"inLanguage\":\"es\",\"@id\":\"https:\/\/www.safinel.fr\/produit\/huile-dorigan\/#primaryimage\",\"url\":\"https:\/\/www.safinel.fr\/wp-content\/uploads\/2023\/08\/Huile-dorigan.jpg\",\"contentUrl\":\"https:\/\/www.safinel.fr\/wp-content\/uploads\/2023\/08\/Huile-dorigan.jpg\",\"width\":600,\"height\":600,\"caption\":\"Huile d'origan\"},{\"@type\":\"BreadcrumbList\",\"@id\":\"https:\/\/www.safinel.fr\/produit\/huile-dorigan\/#breadcrumb\",\"itemListElement\":[{\"@type\":\"ListItem\",\"position\":1,\"name\":\"Accueil\",\"item\":\"https:\/\/www.safinel.fr\/\"},{\"@type\":\"ListItem\",\"position\":2,\"name\":\"Boutique\",\"item\":\"https:\/\/www.safinel.fr\/boutique\/\"},{\"@type\":\"ListItem\",\"position\":3,\"name\":\"Huile d&#8217;origan 30ml\"}]},{\"@type\":\"WebSite\",\"@id\":\"https:\/\/www.safinel.fr\/#website\",\"url\":\"https:\/\/www.safinel.fr\/\",\"name\":\"Safinel\",\"description\":\"\",\"publisher\":{\"@id\":\"https:\/\/www.safinel.fr\/#organization\"},\"potentialAction\":[{\"@type\":\"SearchAction\",\"target\":{\"@type\":\"EntryPoint\",\"urlTemplate\":\"https:\/\/www.safinel.fr\/?s={search_term_string}\"},\"query-input\":{\"@type\":\"PropertyValueSpecification\",\"valueRequired\":true,\"valueName\":\"search_term_string\"}}],\"inLanguage\":\"es\"},{\"@type\":\"Organization\",\"@id\":\"https:\/\/www.safinel.fr\/#organization\",\"name\":\"Safinel\",\"url\":\"https:\/\/www.safinel.fr\/\",\"logo\":{\"@type\":\"ImageObject\",\"inLanguage\":\"es\",\"@id\":\"https:\/\/www.safinel.fr\/#\/schema\/logo\/image\/\",\"url\":\"https:\/\/www.safinel.fr\/wp-content\/uploads\/2021\/05\/boutique-cosmetique.png\",\"contentUrl\":\"https:\/\/www.safinel.fr\/wp-content\/uploads\/2021\/05\/boutique-cosmetique.png\",\"width\":800,\"height\":200,\"caption\":\"Safinel\"},\"image\":{\"@id\":\"https:\/\/www.safinel.fr\/#\/schema\/logo\/image\/\"}}]}<\/script>\n<!-- \/ Yoast SEO plugin. -->","yoast_head_json":{"title":"Aceite de or\u00e9gano | Numerosos beneficios | 100% natural","description":"El aceite de or\u00e9gano, un aceite esencial con m\u00faltiples virtudes, se ha convertido en un imprescindible en el campo de la salud y el bienestar naturales.","robots":{"index":"index","follow":"follow","max-snippet":"max-snippet:-1","max-image-preview":"max-image-preview:large","max-video-preview":"max-video-preview:-1"},"canonical":"https:\/\/www.safinel.fr\/es\/product-2\/aceite-de-dorigan\/","og_locale":"es_ES","og_type":"article","og_title":"Huile d'origan | Bienfaits nombreux | 100% naturelle","og_description":"L'huile d'origan, une huile essentielle aux multiples vertus, est devenue un incontournable dans le domaine du bien-\u00eatre et de la sant\u00e9 au naturel.","og_url":"https:\/\/www.safinel.fr\/es\/product-2\/aceite-de-dorigan\/","og_site_name":"Safinel","article_modified_time":"2023-12-28T17:16:10+00:00","og_image":[{"width":600,"height":600,"url":"https:\/\/www.safinel.fr\/wp-content\/uploads\/2023\/08\/Huile-dorigan.jpg","type":"image\/jpeg"}],"twitter_card":"summary_large_image","twitter_misc":{"Tiempo de lectura":"3 minutos"},"schema":{"@context":"https:\/\/schema.org","@graph":[{"@type":"WebPage","@id":"https:\/\/www.safinel.fr\/produit\/huile-dorigan\/","url":"https:\/\/www.safinel.fr\/produit\/huile-dorigan\/","name":"Aceite de or\u00e9gano | Numerosos beneficios | 100% natural","isPartOf":{"@id":"https:\/\/www.safinel.fr\/#website"},"primaryImageOfPage":{"@id":"https:\/\/www.safinel.fr\/produit\/huile-dorigan\/#primaryimage"},"image":{"@id":"https:\/\/www.safinel.fr\/produit\/huile-dorigan\/#primaryimage"},"thumbnailUrl":"https:\/\/www.safinel.fr\/wp-content\/uploads\/2023\/08\/Huile-dorigan.jpg","datePublished":"2023-08-04T19:27:47+00:00","dateModified":"2023-12-28T17:16:10+00:00","description":"El aceite de or\u00e9gano, un aceite esencial con m\u00faltiples virtudes, se ha convertido en un imprescindible en el campo de la salud y el bienestar naturales.","breadcrumb":{"@id":"https:\/\/www.safinel.fr\/produit\/huile-dorigan\/#breadcrumb"},"inLanguage":"es","potentialAction":[{"@type":"ReadAction","target":["https:\/\/www.safinel.fr\/produit\/huile-dorigan\/"]}]},{"@type":"ImageObject","inLanguage":"es","@id":"https:\/\/www.safinel.fr\/produit\/huile-dorigan\/#primaryimage","url":"https:\/\/www.safinel.fr\/wp-content\/uploads\/2023\/08\/Huile-dorigan.jpg","contentUrl":"https:\/\/www.safinel.fr\/wp-content\/uploads\/2023\/08\/Huile-dorigan.jpg","width":600,"height":600,"caption":"Huile d'origan"},{"@type":"BreadcrumbList","@id":"https:\/\/www.safinel.fr\/produit\/huile-dorigan\/#breadcrumb","itemListElement":[{"@type":"ListItem","position":1,"name":"Accueil","item":"https:\/\/www.safinel.fr\/"},{"@type":"ListItem","position":2,"name":"Boutique","item":"https:\/\/www.safinel.fr\/boutique\/"},{"@type":"ListItem","position":3,"name":"Huile d&#8217;origan 30ml"}]},{"@type":"WebSite","@id":"https:\/\/www.safinel.fr\/#website","url":"https:\/\/www.safinel.fr\/","name":"Safinel","description":"","publisher":{"@id":"https:\/\/www.safinel.fr\/#organization"},"potentialAction":[{"@type":"SearchAction","target":{"@type":"EntryPoint","urlTemplate":"https:\/\/www.safinel.fr\/?s={search_term_string}"},"query-input":{"@type":"PropertyValueSpecification","valueRequired":true,"valueName":"search_term_string"}}],"inLanguage":"es"},{"@type":"Organization","@id":"https:\/\/www.safinel.fr\/#organization","name":"Safinel","url":"https:\/\/www.safinel.fr\/","logo":{"@type":"ImageObject","inLanguage":"es","@id":"https:\/\/www.safinel.fr\/#\/schema\/logo\/image\/","url":"https:\/\/www.safinel.fr\/wp-content\/uploads\/2021\/05\/boutique-cosmetique.png","contentUrl":"https:\/\/www.safinel.fr\/wp-content\/uploads\/2021\/05\/boutique-cosmetique.png","width":800,"height":200,"caption":"Safinel"},"image":{"@id":"https:\/\/www.safinel.fr\/#\/schema\/logo\/image\/"}}]}},"_links":{"self":[{"href":"https:\/\/www.safinel.fr\/es\/wp-json\/wp\/v2\/product\/7613","targetHints":{"allow":["GET"]}}],"collection":[{"href":"https:\/\/www.safinel.fr\/es\/wp-json\/wp\/v2\/product"}],"about":[{"href":"https:\/\/www.safinel.fr\/es\/wp-json\/wp\/v2\/types\/product"}],"wp:featuredmedia":[{"embeddable":true,"href":"https:\/\/www.safinel.fr\/es\/wp-json\/wp\/v2\/media\/7614"}],"wp:attachment":[{"href":"https:\/\/www.safinel.fr\/es\/wp-json\/wp\/v2\/media?parent=7613"}],"wp:term":[{"taxonomy":"product_brand","embeddable":true,"href":"https:\/\/www.safinel.fr\/es\/wp-json\/wp\/v2\/product_brand?post=7613"},{"taxonomy":"product_cat","embeddable":true,"href":"https:\/\/www.safinel.fr\/es\/wp-json\/wp\/v2\/product_cat?post=7613"},{"taxonomy":"product_tag","embeddable":true,"href":"https:\/\/www.safinel.fr\/es\/wp-json\/wp\/v2\/product_tag?post=7613"}],"curies":[{"name":"wp","href":"https:\/\/api.w.org\/{rel}","templated":true}]}}