{"id":7438,"date":"2023-07-29T19:39:59","date_gmt":"2023-07-29T19:39:59","guid":{"rendered":"https:\/\/www.safinel.fr\/?post_type=product&#038;p=7438"},"modified":"2025-11-02T22:58:45","modified_gmt":"2025-11-02T22:58:45","slug":"pueraria-mirifica","status":"publish","type":"product","link":"https:\/\/www.safinel.fr\/es\/product-2\/pueraria-mirifica\/","title":{"rendered":"Pueraria mirifica (polvos y c\u00e1psulas)"},"content":{"rendered":"<p>La\u00a0<strong>Pueraria Mirifica<\/strong>\u00a0es una planta originaria de Tailandia y Birmania que tiene muchos beneficios para la salud. Aqu\u00ed le presentaremos esta fascinante planta, as\u00ed como las diferentes formas de obtenerla en Francia, especialmente en safinel.fr. Tambi\u00e9n compartiremos con usted testimonios de usuarios que han visto resultados antes y despu\u00e9s de utilizar esta planta.<\/p>\n<h2><strong>Pueraria Mirifica: una fuente natural de beneficios para el organismo<\/strong><\/h2>\n<p>La\u00a0<strong>Pueraria Mirifica<\/strong>\u00a0es una planta trepadora que crece en los bosques tropicales del sudeste asi\u00e1tico. La poblaci\u00f3n local suele llamarla \u00abKwao Krua\u00bb. Esta planta se distingue por sus ra\u00edces tuberosas, que contienen una gran cantidad de\u00a0<strong>flavonoides<\/strong>\u00a0y otros\u00a0<strong>compuestos activos<\/strong>, como el miroestrol, famoso por sus beneficios para la salud.<\/p>\n<h3><strong>Los efectos positivos de Kwao Krua en la salud<\/strong><\/h3>\n<ul>\n<li><strong>Mejora de la calidad de la piel :<\/strong>\u00a0Los compuestos presentes en la Pueraria Mirifica act\u00faan como potentes antioxidantes. Ayudan a prevenir el envejecimiento de la piel y mejoran su elasticidad. Tambi\u00e9n pueden ayudar a reducir la aparici\u00f3n de l\u00edneas finas y arrugas.<\/li>\n<li><strong>Ayuda a mantener una buena salud cardiovascular:<\/strong>\u00a0Los flavonoides presentes en el Kwao Krua pueden ayudar a prevenir la formaci\u00f3n de co\u00e1gulos sangu\u00edneos. Protegen el coraz\u00f3n de las enfermedades cardiovasculares.<\/li>\n<li><strong>Favorece la salud \u00f3sea:<\/strong>\u00a0La planta puede ayudar a aumentar la densidad \u00f3sea en personas que padecen osteoporosis o baja densidad \u00f3sea al estimular el crecimiento y la renovaci\u00f3n de las c\u00e9lulas \u00f3seas.<\/li>\n<li><strong>Efectos beneficiosos sobre la libido :<\/strong>\u00a0La Pueraria Mirifica se utiliza tradicionalmente como afrodis\u00edaco natural en el sudeste asi\u00e1tico, ayudando a <a href=\"https:\/\/www.safinel.fr\/es\/alimentos-afrodisiacos\/\"><strong>estimular la libido<\/strong><\/a> y mejorar el rendimiento sexual tanto en hombres como en mujeres.<\/li>\n<\/ul>\n<h2><strong>\u00bfD\u00f3nde puedo comprar Pueraria Mirifica en Francia?<\/strong><\/h2>\n<p>Para disfrutar de todos los beneficios de la Pueraria Mirifica, puede adquirir esta planta en diversas formas (complementos alimenticios, c\u00e1psulas, cremas, etc.) en numerosas tiendas especializadas o en Internet. Uno de los sitios donde podr\u00e1 encontrar productos de calidad que contienen Pueraria Mirifica en Francia es safinel.fr.<\/p>\n<p>En este sitio encontrar\u00e1 una gama completa de productos a base de Pueraria Mirifica, seleccionados por su calidad y eficacia. Adem\u00e1s, safinel.fr le garantiza una entrega r\u00e1pida y segura en cualquier lugar de Francia.<\/p>\n<h3><strong>\u00bfC\u00f3mo elijo el producto Pueraria Mirifica adecuado?<\/strong><\/h3>\n<p>Para aprovechar los beneficios de la Pueraria Mirifica, es importante elegir un producto de calidad que contenga una concentraci\u00f3n suficiente de\u00a0<strong>compuestos activos<\/strong>. He aqu\u00ed algunos consejos que le ayudar\u00e1n a tomar la decisi\u00f3n correcta:<\/p>\n<ol>\n<li><strong>Compruebe el contenido de miroestrol y flavonoides<\/strong> Estos dos compuestos son los principales responsables de los efectos beneficiosos de la planta. Un producto de calidad debe contener una cantidad significativa de ambos.<\/li>\n<li>Elija productos elaborados a partir de ra\u00edces de Pueraria Mirifica cultivadas ecol\u00f3gicamente y libres de pesticidas. As\u00ed se evita el riesgo de contaminaci\u00f3n por sustancias nocivas.<\/li>\n<li>Opte por complementos alimenticios o cremas con la etiqueta \u00abMade in France\u00bb o \u00abMade in Europe\u00bb. Cumplen normas de calidad estrictas y ofrecen una mejor trazabilidad.<\/li>\n<\/ol>\n<h2><strong>Testimonios de usuarios: antes y despu\u00e9s de utilizar productos a base de Kwao Krua<\/strong><\/h2>\n<ul>\n<li><strong>Sandra, 35 a\u00f1os: piel visiblemente m\u00e1s joven y radiante<\/strong><\/li>\n<\/ul>\n<p>\u00abEmpec\u00e9 a utilizar una crema a base de Pueraria Mirifica hace unos seis meses y estoy encantada con los resultados. Mi piel est\u00e1 mucho m\u00e1s flexible e hidratada, y las arrugas del contorno de los ojos se han atenuado. Nunca pens\u00e9 que una planta pudiera tener tal efecto.\u00bb<\/p>\n<ul>\n<li><strong>Thomas, 42 a\u00f1os: mejora de la libido y el rendimiento sexual<\/strong><\/li>\n<\/ul>\n<p>\u00abHab\u00eda o\u00eddo hablar de los efectos afrodis\u00edacos de la Pueraria Mirifica y decid\u00ed probar un complemento alimenticio que conten\u00eda esta planta. Tras unas semanas de uso, debo decir que estoy gratamente sorprendida por los resultados. Mi libido ha aumentado realmente y me siento m\u00e1s eficaz en la cama.\u00bb<\/p>\n<ul>\n<li><strong>Christine, 60 a\u00f1os: una ayuda inestimable en la lucha contra la osteoporosis<\/strong><\/li>\n<\/ul>\n<p>\u00abTras una densitometr\u00eda \u00f3sea, me diagnosticaron osteoporosis. Mi m\u00e9dico me aconsej\u00f3 tomar Kwao Krua como complemento de mi tratamiento. Desde entonces, tomo c\u00e1psulas que contienen esta planta. He notado una notable mejor\u00eda en mi densidad \u00f3sea y siento menos dolor en las articulaciones.\u00bb<\/p>\n<p>Como puede ver, el\u00a0<strong>Pueraria Mirifica<\/strong>\u00a0puede aportar muchos beneficios a quienes la consumen regularmente. Si te interesa esta planta con sus numerosas virtudes, no dudes en visitar safinel.fr para descubrir sus productos y realizar tu compra con total confianza.<\/p>","protected":false},"excerpt":{"rendered":"<p>La\u00a0<strong>Pueraria Mirifica<\/strong>\u00a0es una planta trepadora que crece en los bosques tropicales del sudeste asi\u00e1tico. La poblaci\u00f3n local suele llamarla \u00abKwao Krua\u00bb.<\/p>\n<p><img decoding=\"async\" class=\"size-full wp-image-5091 aligncenter\" src=\"https:\/\/www.safinel.fr\/wp-content\/uploads\/2021\/06\/BANNIERE-ICONE-SAFINEL.webp\" alt=\"reaseguro de sat\u00e9n\" width=\"800\" height=\"200\" srcset=\"https:\/\/www.safinel.fr\/wp-content\/uploads\/2021\/06\/BANNIERE-ICONE-SAFINEL.webp 800w, https:\/\/www.safinel.fr\/wp-content\/uploads\/2021\/06\/BANNIERE-ICONE-SAFINEL-600x150.webp 600w, https:\/\/www.safinel.fr\/wp-content\/uploads\/2021\/06\/BANNIERE-ICONE-SAFINEL-768x192.webp 768w\" sizes=\"(max-width: 800px) 100vw, 800px\" \/><\/p>","protected":false},"featured_media":7440,"template":"","meta":[],"product_brand":[],"product_cat":[20,108],"product_tag":[],"class_list":{"0":"post-7438","1":"product","2":"type-product","3":"status-publish","4":"has-post-thumbnail","6":"product_cat-gelules","7":"product_cat-plantes-asiatiques","9":"first","10":"instock","11":"shipping-taxable","12":"purchasable","13":"product-type-variable"},"yoast_head":"<!-- This site is optimized with the Yoast SEO plugin v26.6 - https:\/\/yoast.com\/wordpress\/plugins\/seo\/ -->\n<title>Pueraria Mirifica | Poudres &amp; g\u00e9lules | Achat en france chez Safinel<\/title>\n<meta name=\"description\" content=\"La\u00a0Pueraria Mirifica\u00a0est une plante grimpante qui pousse dans les for\u00eats tropicales d&#039;Asie du Sud-Est. D\u00e9couvrez ses bienfaits !\" \/>\n<meta name=\"robots\" content=\"index, follow, max-snippet:-1, max-image-preview:large, max-video-preview:-1\" \/>\n<link rel=\"canonical\" href=\"https:\/\/www.safinel.fr\/es\/product-2\/pueraria-mirifica\/\" \/>\n<meta property=\"og:locale\" content=\"es_ES\" \/>\n<meta property=\"og:type\" content=\"article\" \/>\n<meta property=\"og:title\" content=\"Pueraria Mirifica | Poudres &amp; g\u00e9lules | Achat en france chez Safinel\" \/>\n<meta property=\"og:description\" content=\"La\u00a0Pueraria Mirifica\u00a0est une plante grimpante qui pousse dans les for\u00eats tropicales d&#039;Asie du Sud-Est. D\u00e9couvrez ses bienfaits !\" \/>\n<meta property=\"og:url\" content=\"https:\/\/www.safinel.fr\/es\/product-2\/pueraria-mirifica\/\" \/>\n<meta property=\"og:site_name\" content=\"Safinel\" \/>\n<meta property=\"article:modified_time\" content=\"2025-11-02T22:58:45+00:00\" \/>\n<meta property=\"og:image\" content=\"https:\/\/www.safinel.fr\/wp-content\/uploads\/2023\/07\/Pueraria-Mirifica-poudre.jpg\" \/>\n\t<meta property=\"og:image:width\" content=\"600\" \/>\n\t<meta property=\"og:image:height\" content=\"600\" \/>\n\t<meta property=\"og:image:type\" content=\"image\/jpeg\" \/>\n<meta name=\"twitter:card\" content=\"summary_large_image\" \/>\n<meta name=\"twitter:label1\" content=\"Tiempo de lectura\" \/>\n\t<meta name=\"twitter:data1\" content=\"4 minutos\" \/>\n<script type=\"application\/ld+json\" class=\"yoast-schema-graph\">{\"@context\":\"https:\/\/schema.org\",\"@graph\":[{\"@type\":\"WebPage\",\"@id\":\"https:\/\/www.safinel.fr\/produit\/pueraria-mirifica\/\",\"url\":\"https:\/\/www.safinel.fr\/produit\/pueraria-mirifica\/\",\"name\":\"Pueraria Mirifica | Poudres & g\u00e9lules | Achat en france chez Safinel\",\"isPartOf\":{\"@id\":\"https:\/\/www.safinel.fr\/#website\"},\"primaryImageOfPage\":{\"@id\":\"https:\/\/www.safinel.fr\/produit\/pueraria-mirifica\/#primaryimage\"},\"image\":{\"@id\":\"https:\/\/www.safinel.fr\/produit\/pueraria-mirifica\/#primaryimage\"},\"thumbnailUrl\":\"https:\/\/www.safinel.fr\/wp-content\/uploads\/2023\/07\/Pueraria-Mirifica-poudre.jpg\",\"datePublished\":\"2023-07-29T19:39:59+00:00\",\"dateModified\":\"2025-11-02T22:58:45+00:00\",\"description\":\"La\u00a0Pueraria Mirifica\u00a0est une plante grimpante qui pousse dans les for\u00eats tropicales d'Asie du Sud-Est. D\u00e9couvrez ses bienfaits !\",\"breadcrumb\":{\"@id\":\"https:\/\/www.safinel.fr\/produit\/pueraria-mirifica\/#breadcrumb\"},\"inLanguage\":\"es\",\"potentialAction\":[{\"@type\":\"ReadAction\",\"target\":[\"https:\/\/www.safinel.fr\/produit\/pueraria-mirifica\/\"]}]},{\"@type\":\"ImageObject\",\"inLanguage\":\"es\",\"@id\":\"https:\/\/www.safinel.fr\/produit\/pueraria-mirifica\/#primaryimage\",\"url\":\"https:\/\/www.safinel.fr\/wp-content\/uploads\/2023\/07\/Pueraria-Mirifica-poudre.jpg\",\"contentUrl\":\"https:\/\/www.safinel.fr\/wp-content\/uploads\/2023\/07\/Pueraria-Mirifica-poudre.jpg\",\"width\":600,\"height\":600,\"caption\":\"Pueraria Mirifica poudre\"},{\"@type\":\"BreadcrumbList\",\"@id\":\"https:\/\/www.safinel.fr\/produit\/pueraria-mirifica\/#breadcrumb\",\"itemListElement\":[{\"@type\":\"ListItem\",\"position\":1,\"name\":\"Accueil\",\"item\":\"https:\/\/www.safinel.fr\/\"},{\"@type\":\"ListItem\",\"position\":2,\"name\":\"Boutique\",\"item\":\"https:\/\/www.safinel.fr\/boutique\/\"},{\"@type\":\"ListItem\",\"position\":3,\"name\":\"Pueraria mirifica (poudres &#038; g\u00e9lules)\"}]},{\"@type\":\"WebSite\",\"@id\":\"https:\/\/www.safinel.fr\/#website\",\"url\":\"https:\/\/www.safinel.fr\/\",\"name\":\"Safinel\",\"description\":\"\",\"publisher\":{\"@id\":\"https:\/\/www.safinel.fr\/#organization\"},\"potentialAction\":[{\"@type\":\"SearchAction\",\"target\":{\"@type\":\"EntryPoint\",\"urlTemplate\":\"https:\/\/www.safinel.fr\/?s={search_term_string}\"},\"query-input\":{\"@type\":\"PropertyValueSpecification\",\"valueRequired\":true,\"valueName\":\"search_term_string\"}}],\"inLanguage\":\"es\"},{\"@type\":\"Organization\",\"@id\":\"https:\/\/www.safinel.fr\/#organization\",\"name\":\"Safinel\",\"url\":\"https:\/\/www.safinel.fr\/\",\"logo\":{\"@type\":\"ImageObject\",\"inLanguage\":\"es\",\"@id\":\"https:\/\/www.safinel.fr\/#\/schema\/logo\/image\/\",\"url\":\"https:\/\/www.safinel.fr\/wp-content\/uploads\/2021\/05\/boutique-cosmetique.png\",\"contentUrl\":\"https:\/\/www.safinel.fr\/wp-content\/uploads\/2021\/05\/boutique-cosmetique.png\",\"width\":800,\"height\":200,\"caption\":\"Safinel\"},\"image\":{\"@id\":\"https:\/\/www.safinel.fr\/#\/schema\/logo\/image\/\"}}]}<\/script>\n<!-- \/ Yoast SEO plugin. -->","yoast_head_json":{"title":"Pueraria Mirifica | Polvos y c\u00e1psulas | Compre en l\u00ednea en Safinel","description":"La Pueraria Mirifica es una planta trepadora que crece en los bosques tropicales del sudeste asi\u00e1tico. \u00a1Descubra sus beneficios!","robots":{"index":"index","follow":"follow","max-snippet":"max-snippet:-1","max-image-preview":"max-image-preview:large","max-video-preview":"max-video-preview:-1"},"canonical":"https:\/\/www.safinel.fr\/es\/product-2\/pueraria-mirifica\/","og_locale":"es_ES","og_type":"article","og_title":"Pueraria Mirifica | Poudres & g\u00e9lules | Achat en france chez Safinel","og_description":"La\u00a0Pueraria Mirifica\u00a0est une plante grimpante qui pousse dans les for\u00eats tropicales d'Asie du Sud-Est. D\u00e9couvrez ses bienfaits !","og_url":"https:\/\/www.safinel.fr\/es\/product-2\/pueraria-mirifica\/","og_site_name":"Safinel","article_modified_time":"2025-11-02T22:58:45+00:00","og_image":[{"width":600,"height":600,"url":"https:\/\/www.safinel.fr\/wp-content\/uploads\/2023\/07\/Pueraria-Mirifica-poudre.jpg","type":"image\/jpeg"}],"twitter_card":"summary_large_image","twitter_misc":{"Tiempo de lectura":"4 minutos"},"schema":{"@context":"https:\/\/schema.org","@graph":[{"@type":"WebPage","@id":"https:\/\/www.safinel.fr\/produit\/pueraria-mirifica\/","url":"https:\/\/www.safinel.fr\/produit\/pueraria-mirifica\/","name":"Pueraria Mirifica | Polvos y c\u00e1psulas | Compre en l\u00ednea en Safinel","isPartOf":{"@id":"https:\/\/www.safinel.fr\/#website"},"primaryImageOfPage":{"@id":"https:\/\/www.safinel.fr\/produit\/pueraria-mirifica\/#primaryimage"},"image":{"@id":"https:\/\/www.safinel.fr\/produit\/pueraria-mirifica\/#primaryimage"},"thumbnailUrl":"https:\/\/www.safinel.fr\/wp-content\/uploads\/2023\/07\/Pueraria-Mirifica-poudre.jpg","datePublished":"2023-07-29T19:39:59+00:00","dateModified":"2025-11-02T22:58:45+00:00","description":"La Pueraria Mirifica es una planta trepadora que crece en los bosques tropicales del sudeste asi\u00e1tico. \u00a1Descubra sus beneficios!","breadcrumb":{"@id":"https:\/\/www.safinel.fr\/produit\/pueraria-mirifica\/#breadcrumb"},"inLanguage":"es","potentialAction":[{"@type":"ReadAction","target":["https:\/\/www.safinel.fr\/produit\/pueraria-mirifica\/"]}]},{"@type":"ImageObject","inLanguage":"es","@id":"https:\/\/www.safinel.fr\/produit\/pueraria-mirifica\/#primaryimage","url":"https:\/\/www.safinel.fr\/wp-content\/uploads\/2023\/07\/Pueraria-Mirifica-poudre.jpg","contentUrl":"https:\/\/www.safinel.fr\/wp-content\/uploads\/2023\/07\/Pueraria-Mirifica-poudre.jpg","width":600,"height":600,"caption":"Pueraria Mirifica poudre"},{"@type":"BreadcrumbList","@id":"https:\/\/www.safinel.fr\/produit\/pueraria-mirifica\/#breadcrumb","itemListElement":[{"@type":"ListItem","position":1,"name":"Accueil","item":"https:\/\/www.safinel.fr\/"},{"@type":"ListItem","position":2,"name":"Boutique","item":"https:\/\/www.safinel.fr\/boutique\/"},{"@type":"ListItem","position":3,"name":"Pueraria mirifica (poudres &#038; g\u00e9lules)"}]},{"@type":"WebSite","@id":"https:\/\/www.safinel.fr\/#website","url":"https:\/\/www.safinel.fr\/","name":"Safinel","description":"","publisher":{"@id":"https:\/\/www.safinel.fr\/#organization"},"potentialAction":[{"@type":"SearchAction","target":{"@type":"EntryPoint","urlTemplate":"https:\/\/www.safinel.fr\/?s={search_term_string}"},"query-input":{"@type":"PropertyValueSpecification","valueRequired":true,"valueName":"search_term_string"}}],"inLanguage":"es"},{"@type":"Organization","@id":"https:\/\/www.safinel.fr\/#organization","name":"Safinel","url":"https:\/\/www.safinel.fr\/","logo":{"@type":"ImageObject","inLanguage":"es","@id":"https:\/\/www.safinel.fr\/#\/schema\/logo\/image\/","url":"https:\/\/www.safinel.fr\/wp-content\/uploads\/2021\/05\/boutique-cosmetique.png","contentUrl":"https:\/\/www.safinel.fr\/wp-content\/uploads\/2021\/05\/boutique-cosmetique.png","width":800,"height":200,"caption":"Safinel"},"image":{"@id":"https:\/\/www.safinel.fr\/#\/schema\/logo\/image\/"}}]}},"_links":{"self":[{"href":"https:\/\/www.safinel.fr\/es\/wp-json\/wp\/v2\/product\/7438","targetHints":{"allow":["GET"]}}],"collection":[{"href":"https:\/\/www.safinel.fr\/es\/wp-json\/wp\/v2\/product"}],"about":[{"href":"https:\/\/www.safinel.fr\/es\/wp-json\/wp\/v2\/types\/product"}],"wp:featuredmedia":[{"embeddable":true,"href":"https:\/\/www.safinel.fr\/es\/wp-json\/wp\/v2\/media\/7440"}],"wp:attachment":[{"href":"https:\/\/www.safinel.fr\/es\/wp-json\/wp\/v2\/media?parent=7438"}],"wp:term":[{"taxonomy":"product_brand","embeddable":true,"href":"https:\/\/www.safinel.fr\/es\/wp-json\/wp\/v2\/product_brand?post=7438"},{"taxonomy":"product_cat","embeddable":true,"href":"https:\/\/www.safinel.fr\/es\/wp-json\/wp\/v2\/product_cat?post=7438"},{"taxonomy":"product_tag","embeddable":true,"href":"https:\/\/www.safinel.fr\/es\/wp-json\/wp\/v2\/product_tag?post=7438"}],"curies":[{"name":"wp","href":"https:\/\/api.w.org\/{rel}","templated":true}]}}