{"id":7417,"date":"2023-07-28T18:40:01","date_gmt":"2023-07-28T18:40:01","guid":{"rendered":"https:\/\/www.safinel.fr\/?post_type=product&#038;p=7417"},"modified":"2023-12-28T17:16:10","modified_gmt":"2023-12-28T17:16:10","slug":"aceite-de-palmiste","status":"publish","type":"product","link":"https:\/\/www.safinel.fr\/es\/product-2\/aceite-de-palmiste\/","title":{"rendered":"Aceite de palmiste"},"content":{"rendered":"<p>El aceite de palmiste ocupa un lugar importante en el mundo de los aceites vegetales. Se extrae del fruto de la palma aceitera, cuyas semillas tambi\u00e9n se utilizan para producir otros tipos de aceite, como el aceite de dend\u00e9, el aceite de palmiste, el aceite de palmiste de coprah, el aceite de palmiste negro y el aceite de tchotcho. Estos aceites tienen numerosos beneficios para la salud, la belleza y la alimentaci\u00f3n. En este art\u00edculo, exploraremos las propiedades \u00fanicas de estos aceites y sus variados usos.<\/p>\n<h2><strong>Aceite de palmiste: un tesoro nutricional<\/strong><\/h2>\n<p>Extra\u00eddo de las semillas del fruto de la palma aceitera. L<strong>\u2018el aceite de palmiste es rico en grasas saturadas<\/strong>, En particular, contiene \u00e1cido l\u00e1urico y \u00e1cido mir\u00edstico.<\/p>\n<p>Estos dos \u00e1cidos grasos desempe\u00f1an un papel importante en la estructura y funci\u00f3n de las membranas celulares, as\u00ed como en la s\u00edntesis de hormonas.<\/p>\n<p>Adem\u00e1s, el aceite de palmiste contiene vitaminas A y E, potentes antioxidantes. Protegen las c\u00e9lulas de los da\u00f1os causados por los radicales libres y ayudan a prevenir el envejecimiento prematuro.<\/p>\n<h3><strong>Uso culinario del aceite de palmiste<\/strong><\/h3>\n<p>Por su alto contenido en grasas saturadas, el aceite de palmiste tiene un alto punto de humo, lo que lo hace ideal para cocinar a altas temperaturas. Se suele utilizar en <a href=\"https:\/\/www.safinel.fr\/es\/plato-africano\/\"><strong>Platos africanos<\/strong><\/a> y la cocina asi\u00e1tica por su sabor ligero y delicado aroma. Por ejemplo, puede utilizarse para fre\u00edr bu\u00f1uelos, pescado o verduras, as\u00ed como para preparar guisos y sopas.<\/p>\n<h2><strong>Otros aceites de palma: diversidad de virtudes<\/strong><\/h2>\n<p>Adem\u00e1s del aceite de palmiste, tambi\u00e9n se utilizan otros aceites derivados del fruto de la palma aceitera por sus propiedades distintivas:<\/p>\n<ol>\n<li><strong>Aceite de dend\u00e9 :<\/strong>\u00a0Extra\u00eddo de la pulpa del fruto de la palma, este aceite rojizo es rico en betacaroteno, precursor de la vitamina A. Se utiliza mucho en la cocina africana y brasile\u00f1a para dar un color y un sabor caracter\u00edsticos a los platos.<\/li>\n<li><strong>Aceite de almendra :<\/strong>\u00a0tambi\u00e9n conocido como aceite de palmiste. Este aceite se obtiene de la almendra del fruto de la palma. Tiene propiedades similares a las del aceite aqu\u00ed presentado, pero con un mayor contenido en \u00e1cido l\u00e1urico.<\/li>\n<li><strong>Palma de copra :<\/strong>\u00a0Es el residuo s\u00f3lido obtenido tras la extracci\u00f3n de este aceite natural. Es rico en prote\u00ednas y fibra, y suele utilizarse como complemento alimenticio para animales.<\/li>\n<li><strong>Aceite de palmiste negro :<\/strong>\u00a0Este aceite se obtiene por presi\u00f3n en fr\u00edo de las semillas de la palma aceitera. Es de color oscuro y sabor m\u00e1s fuerte que el aceite de palmiste tradicional. Es especialmente apreciado por sus propiedades medicinales, sobre todo para tratar afecciones de la piel y problemas respiratorios.<\/li>\n<li><strong>Virtudes del aceite de tchotcho :<\/strong>\u00a0Originario de Ben\u00edn, este aceite tradicional se elabora cociendo las semillas del fruto de la palma aceitera en agua caliente para extraer el aceite. Tiene propiedades antiinflamatorias, antif\u00fangicas y antibacterianas, por lo que es un remedio popular para diversas afecciones cut\u00e1neas.<\/li>\n<\/ol>\n<h3><strong>Beneficios cosm\u00e9ticos y dermatol\u00f3gicos<\/strong><\/h3>\n<p>Por sus propiedades nutritivas y protectoras,\u00a0<strong>el aceite de palmiste y sus derivados se utilizan ampliamente en productos para el cuidado de la piel y el cabello<\/strong>.<\/p>\n<p><strong>Estas son algunas de las aplicaciones cosm\u00e9ticas m\u00e1s comunes de estos aceites:<\/strong><\/p>\n<ul>\n<li><strong>Hidrataci\u00f3n de la piel :<\/strong>\u00a0gracias a su contenido en \u00e1cidos grasos y vitamina E. Estos aceites ayudan a retener la humedad en la piel, evitando la sequedad y la descamaci\u00f3n. Est\u00e1n especialmente indicados para pieles secas y sensibles.<\/li>\n<li><strong>Antienvejecimiento :<\/strong>\u00a0Los antioxidantes presentes en el aceite de palmiste y sus derivados ayudan a combatir los signos del envejecimiento causados por los radicales libres. Como las arrugas, las l\u00edneas de expresi\u00f3n y las manchas pigmentarias. Tambi\u00e9n ayudan a mejorar la elasticidad de la piel y estimulan la producci\u00f3n de col\u00e1geno.<\/li>\n<li><strong>Cuidado del cabello :<\/strong>\u00a0Estos aceites pueden utilizarse para nutrir y revitalizar el cabello seco y da\u00f1ado. Su acci\u00f3n hidratante ayuda a prevenir las puntas abiertas y la rotura, mientras que su rico contenido en vitaminas y minerales fortalece los fol\u00edculos pilosos y favorece un crecimiento sano del cabello.<\/li>\n<li><strong>Tratamiento de problemas cut\u00e1neos :<\/strong>\u00a0gracias a sus propiedades antiinflamatorias y antimicrobianas. Estos aceites son eficaces para aliviar irritaciones cut\u00e1neas, picores e infecciones f\u00fangicas. Tambi\u00e9n ayudan a cicatrizar heridas y quemaduras leves.<\/li>\n<\/ul>\n<p>En resumen, el aceite de palmiste y sus derivados ofrecen multitud de beneficios para la salud, la nutrici\u00f3n y la belleza. Sus propiedades \u00fanicas los convierten en ingredientes vers\u00e1tiles y valiosos para la cocina, el cuidado de la piel y el cabello y el tratamiento de afecciones cut\u00e1neas.<\/p>","protected":false},"excerpt":{"rendered":"<p>El aceite de palmiste ocupa un lugar importante en el mundo de los aceites vegetales. \u00a1Desc\u00fabralo ahora!<\/p>\n<p><img decoding=\"async\" class=\"size-full wp-image-5091 aligncenter\" src=\"https:\/\/www.safinel.fr\/wp-content\/uploads\/2021\/06\/BANNIERE-ICONE-SAFINEL.webp\" alt=\"reaseguro de sat\u00e9n\" width=\"800\" height=\"200\" srcset=\"https:\/\/www.safinel.fr\/wp-content\/uploads\/2021\/06\/BANNIERE-ICONE-SAFINEL.webp 800w, https:\/\/www.safinel.fr\/wp-content\/uploads\/2021\/06\/BANNIERE-ICONE-SAFINEL-600x150.webp 600w, https:\/\/www.safinel.fr\/wp-content\/uploads\/2021\/06\/BANNIERE-ICONE-SAFINEL-768x192.webp 768w\" sizes=\"(max-width: 800px) 100vw, 800px\" \/><\/p>","protected":false},"featured_media":7418,"template":"","meta":[],"product_brand":[],"product_cat":[146,122,154],"product_tag":[],"class_list":{"0":"post-7417","1":"product","2":"type-product","3":"status-publish","4":"has-post-thumbnail","6":"product_cat-produit-cheveux","7":"product_cat-huile-vegetale","8":"product_cat-produits-cheveux-boucles","10":"first","11":"instock","12":"shipping-taxable","13":"purchasable","14":"product-type-variable"},"yoast_head":"<!-- This site is optimized with the Yoast SEO plugin v26.6 - https:\/\/yoast.com\/wordpress\/plugins\/seo\/ -->\n<title>Huile de palmiste | Huile naturelle | Bienfaits nombreux<\/title>\n<meta name=\"description\" content=\"Dans le monde des huiles v\u00e9g\u00e9tales, l&#039;huile de palmiste occupe une place importante. Adoptez-l\u00e0 sans plus attendre avec Safinel.fr !\" \/>\n<meta name=\"robots\" content=\"index, follow, max-snippet:-1, max-image-preview:large, max-video-preview:-1\" \/>\n<link rel=\"canonical\" href=\"https:\/\/www.safinel.fr\/es\/product-2\/aceite-de-palmiste\/\" \/>\n<meta property=\"og:locale\" content=\"es_ES\" \/>\n<meta property=\"og:type\" content=\"article\" \/>\n<meta property=\"og:title\" content=\"Huile de palmiste | Huile naturelle | Bienfaits nombreux\" \/>\n<meta property=\"og:description\" content=\"Dans le monde des huiles v\u00e9g\u00e9tales, l&#039;huile de palmiste occupe une place importante. Adoptez-l\u00e0 sans plus attendre avec Safinel.fr !\" \/>\n<meta property=\"og:url\" content=\"https:\/\/www.safinel.fr\/es\/product-2\/aceite-de-palmiste\/\" \/>\n<meta property=\"og:site_name\" content=\"Safinel\" \/>\n<meta property=\"article:modified_time\" content=\"2023-12-28T17:16:10+00:00\" \/>\n<meta property=\"og:image\" content=\"https:\/\/www.safinel.fr\/wp-content\/uploads\/2023\/07\/huile-de-palmiste-60ml.jpg\" \/>\n\t<meta property=\"og:image:width\" content=\"600\" \/>\n\t<meta property=\"og:image:height\" content=\"600\" \/>\n\t<meta property=\"og:image:type\" content=\"image\/jpeg\" \/>\n<meta name=\"twitter:card\" content=\"summary_large_image\" \/>\n<meta name=\"twitter:label1\" content=\"Tiempo de lectura\" \/>\n\t<meta name=\"twitter:data1\" content=\"4 minutos\" \/>\n<script type=\"application\/ld+json\" class=\"yoast-schema-graph\">{\"@context\":\"https:\/\/schema.org\",\"@graph\":[{\"@type\":\"WebPage\",\"@id\":\"https:\/\/www.safinel.fr\/produit\/huile-de-palmiste\/\",\"url\":\"https:\/\/www.safinel.fr\/produit\/huile-de-palmiste\/\",\"name\":\"Huile de palmiste | Huile naturelle | Bienfaits nombreux\",\"isPartOf\":{\"@id\":\"https:\/\/www.safinel.fr\/#website\"},\"primaryImageOfPage\":{\"@id\":\"https:\/\/www.safinel.fr\/produit\/huile-de-palmiste\/#primaryimage\"},\"image\":{\"@id\":\"https:\/\/www.safinel.fr\/produit\/huile-de-palmiste\/#primaryimage\"},\"thumbnailUrl\":\"https:\/\/www.safinel.fr\/wp-content\/uploads\/2023\/07\/huile-de-palmiste-60ml.jpg\",\"datePublished\":\"2023-07-28T18:40:01+00:00\",\"dateModified\":\"2023-12-28T17:16:10+00:00\",\"description\":\"Dans le monde des huiles v\u00e9g\u00e9tales, l'huile de palmiste occupe une place importante. Adoptez-l\u00e0 sans plus attendre avec Safinel.fr !\",\"breadcrumb\":{\"@id\":\"https:\/\/www.safinel.fr\/produit\/huile-de-palmiste\/#breadcrumb\"},\"inLanguage\":\"es\",\"potentialAction\":[{\"@type\":\"ReadAction\",\"target\":[\"https:\/\/www.safinel.fr\/produit\/huile-de-palmiste\/\"]}]},{\"@type\":\"ImageObject\",\"inLanguage\":\"es\",\"@id\":\"https:\/\/www.safinel.fr\/produit\/huile-de-palmiste\/#primaryimage\",\"url\":\"https:\/\/www.safinel.fr\/wp-content\/uploads\/2023\/07\/huile-de-palmiste-60ml.jpg\",\"contentUrl\":\"https:\/\/www.safinel.fr\/wp-content\/uploads\/2023\/07\/huile-de-palmiste-60ml.jpg\",\"width\":600,\"height\":600,\"caption\":\"huile de palmiste 60ml\"},{\"@type\":\"BreadcrumbList\",\"@id\":\"https:\/\/www.safinel.fr\/produit\/huile-de-palmiste\/#breadcrumb\",\"itemListElement\":[{\"@type\":\"ListItem\",\"position\":1,\"name\":\"Accueil\",\"item\":\"https:\/\/www.safinel.fr\/\"},{\"@type\":\"ListItem\",\"position\":2,\"name\":\"Boutique\",\"item\":\"https:\/\/www.safinel.fr\/boutique\/\"},{\"@type\":\"ListItem\",\"position\":3,\"name\":\"Huile de palmiste\"}]},{\"@type\":\"WebSite\",\"@id\":\"https:\/\/www.safinel.fr\/#website\",\"url\":\"https:\/\/www.safinel.fr\/\",\"name\":\"Safinel\",\"description\":\"\",\"publisher\":{\"@id\":\"https:\/\/www.safinel.fr\/#organization\"},\"potentialAction\":[{\"@type\":\"SearchAction\",\"target\":{\"@type\":\"EntryPoint\",\"urlTemplate\":\"https:\/\/www.safinel.fr\/?s={search_term_string}\"},\"query-input\":{\"@type\":\"PropertyValueSpecification\",\"valueRequired\":true,\"valueName\":\"search_term_string\"}}],\"inLanguage\":\"es\"},{\"@type\":\"Organization\",\"@id\":\"https:\/\/www.safinel.fr\/#organization\",\"name\":\"Safinel\",\"url\":\"https:\/\/www.safinel.fr\/\",\"logo\":{\"@type\":\"ImageObject\",\"inLanguage\":\"es\",\"@id\":\"https:\/\/www.safinel.fr\/#\/schema\/logo\/image\/\",\"url\":\"https:\/\/www.safinel.fr\/wp-content\/uploads\/2021\/05\/boutique-cosmetique.png\",\"contentUrl\":\"https:\/\/www.safinel.fr\/wp-content\/uploads\/2021\/05\/boutique-cosmetique.png\",\"width\":800,\"height\":200,\"caption\":\"Safinel\"},\"image\":{\"@id\":\"https:\/\/www.safinel.fr\/#\/schema\/logo\/image\/\"}}]}<\/script>\n<!-- \/ Yoast SEO plugin. -->","yoast_head_json":{"title":"Aceite de palmiste | Aceite natural | Numerosos beneficios","description":"El aceite de palmiste ocupa un lugar importante en el mundo de los aceites vegetales. Safinel.es es el lugar donde empezar.","robots":{"index":"index","follow":"follow","max-snippet":"max-snippet:-1","max-image-preview":"max-image-preview:large","max-video-preview":"max-video-preview:-1"},"canonical":"https:\/\/www.safinel.fr\/es\/product-2\/aceite-de-palmiste\/","og_locale":"es_ES","og_type":"article","og_title":"Huile de palmiste | Huile naturelle | Bienfaits nombreux","og_description":"Dans le monde des huiles v\u00e9g\u00e9tales, l'huile de palmiste occupe une place importante. Adoptez-l\u00e0 sans plus attendre avec Safinel.fr !","og_url":"https:\/\/www.safinel.fr\/es\/product-2\/aceite-de-palmiste\/","og_site_name":"Safinel","article_modified_time":"2023-12-28T17:16:10+00:00","og_image":[{"width":600,"height":600,"url":"https:\/\/www.safinel.fr\/wp-content\/uploads\/2023\/07\/huile-de-palmiste-60ml.jpg","type":"image\/jpeg"}],"twitter_card":"summary_large_image","twitter_misc":{"Tiempo de lectura":"4 minutos"},"schema":{"@context":"https:\/\/schema.org","@graph":[{"@type":"WebPage","@id":"https:\/\/www.safinel.fr\/produit\/huile-de-palmiste\/","url":"https:\/\/www.safinel.fr\/produit\/huile-de-palmiste\/","name":"Aceite de palmiste | Aceite natural | Numerosos beneficios","isPartOf":{"@id":"https:\/\/www.safinel.fr\/#website"},"primaryImageOfPage":{"@id":"https:\/\/www.safinel.fr\/produit\/huile-de-palmiste\/#primaryimage"},"image":{"@id":"https:\/\/www.safinel.fr\/produit\/huile-de-palmiste\/#primaryimage"},"thumbnailUrl":"https:\/\/www.safinel.fr\/wp-content\/uploads\/2023\/07\/huile-de-palmiste-60ml.jpg","datePublished":"2023-07-28T18:40:01+00:00","dateModified":"2023-12-28T17:16:10+00:00","description":"El aceite de palmiste ocupa un lugar importante en el mundo de los aceites vegetales. Safinel.es es el lugar donde empezar.","breadcrumb":{"@id":"https:\/\/www.safinel.fr\/produit\/huile-de-palmiste\/#breadcrumb"},"inLanguage":"es","potentialAction":[{"@type":"ReadAction","target":["https:\/\/www.safinel.fr\/produit\/huile-de-palmiste\/"]}]},{"@type":"ImageObject","inLanguage":"es","@id":"https:\/\/www.safinel.fr\/produit\/huile-de-palmiste\/#primaryimage","url":"https:\/\/www.safinel.fr\/wp-content\/uploads\/2023\/07\/huile-de-palmiste-60ml.jpg","contentUrl":"https:\/\/www.safinel.fr\/wp-content\/uploads\/2023\/07\/huile-de-palmiste-60ml.jpg","width":600,"height":600,"caption":"huile de palmiste 60ml"},{"@type":"BreadcrumbList","@id":"https:\/\/www.safinel.fr\/produit\/huile-de-palmiste\/#breadcrumb","itemListElement":[{"@type":"ListItem","position":1,"name":"Accueil","item":"https:\/\/www.safinel.fr\/"},{"@type":"ListItem","position":2,"name":"Boutique","item":"https:\/\/www.safinel.fr\/boutique\/"},{"@type":"ListItem","position":3,"name":"Huile de palmiste"}]},{"@type":"WebSite","@id":"https:\/\/www.safinel.fr\/#website","url":"https:\/\/www.safinel.fr\/","name":"Safinel","description":"","publisher":{"@id":"https:\/\/www.safinel.fr\/#organization"},"potentialAction":[{"@type":"SearchAction","target":{"@type":"EntryPoint","urlTemplate":"https:\/\/www.safinel.fr\/?s={search_term_string}"},"query-input":{"@type":"PropertyValueSpecification","valueRequired":true,"valueName":"search_term_string"}}],"inLanguage":"es"},{"@type":"Organization","@id":"https:\/\/www.safinel.fr\/#organization","name":"Safinel","url":"https:\/\/www.safinel.fr\/","logo":{"@type":"ImageObject","inLanguage":"es","@id":"https:\/\/www.safinel.fr\/#\/schema\/logo\/image\/","url":"https:\/\/www.safinel.fr\/wp-content\/uploads\/2021\/05\/boutique-cosmetique.png","contentUrl":"https:\/\/www.safinel.fr\/wp-content\/uploads\/2021\/05\/boutique-cosmetique.png","width":800,"height":200,"caption":"Safinel"},"image":{"@id":"https:\/\/www.safinel.fr\/#\/schema\/logo\/image\/"}}]}},"_links":{"self":[{"href":"https:\/\/www.safinel.fr\/es\/wp-json\/wp\/v2\/product\/7417","targetHints":{"allow":["GET"]}}],"collection":[{"href":"https:\/\/www.safinel.fr\/es\/wp-json\/wp\/v2\/product"}],"about":[{"href":"https:\/\/www.safinel.fr\/es\/wp-json\/wp\/v2\/types\/product"}],"wp:featuredmedia":[{"embeddable":true,"href":"https:\/\/www.safinel.fr\/es\/wp-json\/wp\/v2\/media\/7418"}],"wp:attachment":[{"href":"https:\/\/www.safinel.fr\/es\/wp-json\/wp\/v2\/media?parent=7417"}],"wp:term":[{"taxonomy":"product_brand","embeddable":true,"href":"https:\/\/www.safinel.fr\/es\/wp-json\/wp\/v2\/product_brand?post=7417"},{"taxonomy":"product_cat","embeddable":true,"href":"https:\/\/www.safinel.fr\/es\/wp-json\/wp\/v2\/product_cat?post=7417"},{"taxonomy":"product_tag","embeddable":true,"href":"https:\/\/www.safinel.fr\/es\/wp-json\/wp\/v2\/product_tag?post=7417"}],"curies":[{"name":"wp","href":"https:\/\/api.w.org\/{rel}","templated":true}]}}