{"id":7390,"date":"2023-07-27T18:20:58","date_gmt":"2023-07-27T18:20:58","guid":{"rendered":"https:\/\/www.safinel.fr\/?post_type=product&#038;p=7390"},"modified":"2024-05-26T12:29:49","modified_gmt":"2024-05-26T12:29:49","slug":"aceite-de-sandalo","status":"publish","type":"product","link":"https:\/\/www.safinel.fr\/es\/product-2\/aceite-de-sandalo\/","title":{"rendered":"Aceite de s\u00e1ndalo 30ml"},"content":{"rendered":"<p>L\u2019<strong>aceite de s\u00e1ndalo<\/strong>\u00a0se extrae de la madera de este \u00e1rbol precioso con m\u00faltiples virtudes. Conocido desde hace siglos por sus propiedades medicinales, el aceite de s\u00e1ndalo tambi\u00e9n es muy apreciado en perfumer\u00eda y aromaterapia. Descubra las numerosas\u00a0<strong>beneficios<\/strong>\u00a0de este aceite raro y c\u00f3mo comprarlo en safinel.fr.<\/p>\n<h2><strong>Un extracto precioso con muchos usos<\/strong><\/h2>\n<p>Le\u00a0<strong>s\u00e1ndalo<\/strong>\u00a0procede de un peque\u00f1o \u00e1rbol originario de Asia y Ocean\u00eda, el Santalum album. Su madera noble y perfumada se utiliza desde hace miles de a\u00f1os en las tradiciones asi\u00e1ticas, en particular para la fabricaci\u00f3n de incienso y objetos sagrados. L\u2019<strong>extracto de s\u00e1ndalo<\/strong>\u00a0se obtiene por destilaci\u00f3n al vapor de madera triturada, y tiene un color amarillo p\u00e1lido y un olor caracter\u00edstico, dulce y amaderado. En\u00a0<strong>calidad<\/strong>\u00a0Seg\u00fan su origen, el aceite esencial de s\u00e1ndalo m\u00e1s popular procede generalmente de la India, donde los \u00e1rboles se recolectan siguiendo m\u00e9todos tradicionales respetuosos con el medio ambiente.<\/p>\n<h2><strong>Beneficios para la salud<\/strong><\/h2>\n<ul>\n<li><strong>Propiedades antivirales y antibacterianas<\/strong><\/li>\n<\/ul>\n<p>Rico en compuestos activos como el santalol, el aceite de s\u00e1ndalo posee las siguientes propiedades\u00a0<strong>propiedades antivirales y antibacterianas<\/strong>. Es especialmente eficaz para combatir los virus responsables de los resfriados, la gripe y ciertas infecciones cut\u00e1neas. En caso de heridas o abrasiones, tambi\u00e9n favorece la cicatrizaci\u00f3n, reduciendo el riesgo de infecci\u00f3n.<\/p>\n<ul>\n<li><strong>Efecto calmante sobre el sistema nervioso<\/strong><\/li>\n<\/ul>\n<p>Utilizado en aromaterapia por sus propiedades relajantes, el aceite de s\u00e1ndalo tiene un efecto calmante sobre el sistema nervioso. Su fragancia delicada y encantadora ayuda a reducir la ansiedad y el estr\u00e9s, al tiempo que favorece la concentraci\u00f3n y la meditaci\u00f3n. Una verdadera ventaja para encontrar la serenidad y el bienestar a diario.<\/p>\n<ul>\n<li><strong>Antiinflamatorio natural<\/strong><\/li>\n<\/ul>\n<p>Este aceite tambi\u00e9n es famoso por sus propiedades antiinflamatorias. Puede aplicarse con masajes para aliviar dolores articulares y musculares, as\u00ed como para calmar inflamaciones cut\u00e1neas como eczemas o psoriasis.<\/p>\n<h2><strong>Beneficios del aceite de s\u00e1ndalo para la piel y el cabello<\/strong><\/h2>\n<ul>\n<li><strong>Cuidado de la piel para un brillo saludable<\/strong><\/li>\n<\/ul>\n<p>Gracias a sus propiedades hidratantes, regeneradoras y cicatrizantes, es un aut\u00e9ntico tesoro para la piel. Nutre intensamente la piel seca o da\u00f1ada, favorece la regeneraci\u00f3n celular y aten\u00faa marcas y cicatrices. Su acci\u00f3n calmante tambi\u00e9n calma las rojeces y las irritaciones, dejando la piel suave, flexible y radiante de salud.<\/p>\n<ul>\n<li><strong>Un aliado natural para un cabello fuerte y brillante<\/strong><\/li>\n<\/ul>\n<p>El aceite de s\u00e1ndalo tambi\u00e9n puede utilizarse para el cuidado del cabello. Aplicado como mascarilla antes del champ\u00fa, nutre y fortalece el cabello. <a href=\"https:\/\/www.safinel.fr\/es\/product-2\/polvo-capilar-de-maca\/\"><strong>fibra capilar<\/strong><\/a>, al tiempo que estimula el crecimiento del cabello. Su\u00a0<strong>notas amaderadas<\/strong>\u00a0y delicadas esencias perfuman sutilmente el cabello, para un resultado fresco y agradable.<\/p>\n<h3><strong>Comprar aceite de s\u00e1ndalo en safinel.es<\/strong><\/h3>\n<p>Para disfrutar de los numerosos beneficios de este aceite, visite safinel.es. Encontrar\u00e1 una rigurosa selecci\u00f3n de aceites esenciales de\u00a0<strong>s\u00e1ndalo de calidad<\/strong>, procedentes de fuentes sostenibles y responsables.<\/p>\n<p><strong>Elegir safinel.fr es optar por :<\/strong><\/p>\n<ul>\n<li>Aceites de s\u00e1ndalo\u00a0<strong>100 % puro y natural<\/strong><\/li>\n<li>A\u00a0<strong>trazabilidad<\/strong>\u00a0y un\u00a0<strong>calidad<\/strong>\u00a0garantiza<\/li>\n<li>Consejos de uso y recetas para aprovechar al m\u00e1ximo sus beneficios<\/li>\n<\/ul>\n<p>Si desea descubrir los beneficios del aceite de s\u00e1ndalo para la salud, la belleza o el bienestar, no dude en probarlo e incorporarlo a su rutina diaria. Te seducir\u00e1n su suavidad y su hechizante fragancia, as\u00ed como los numerosos beneficios que aporta a tu cuerpo y mente.<\/p>","protected":false},"excerpt":{"rendered":"<p>L\u2019<strong>aceite de s\u00e1ndalo<\/strong>\u00a0se extrae de la madera de este \u00e1rbol precioso con m\u00faltiples virtudes. Conocido desde hace siglos por sus propiedades medicinales, el aceite de s\u00e1ndalo tambi\u00e9n es muy apreciado en perfumer\u00eda y aromaterapia.<\/p>\n<p><img decoding=\"async\" class=\"size-full wp-image-5091 aligncenter\" src=\"https:\/\/www.safinel.fr\/wp-content\/uploads\/2021\/06\/BANNIERE-ICONE-SAFINEL.webp\" alt=\"reaseguro de sat\u00e9n\" width=\"800\" height=\"200\" srcset=\"https:\/\/www.safinel.fr\/wp-content\/uploads\/2021\/06\/BANNIERE-ICONE-SAFINEL.webp 800w, https:\/\/www.safinel.fr\/wp-content\/uploads\/2021\/06\/BANNIERE-ICONE-SAFINEL-600x150.webp 600w, https:\/\/www.safinel.fr\/wp-content\/uploads\/2021\/06\/BANNIERE-ICONE-SAFINEL-768x192.webp 768w\" sizes=\"(max-width: 800px) 100vw, 800px\" \/><\/p>","protected":false},"featured_media":7391,"template":"","meta":[],"product_brand":[],"product_cat":[122],"product_tag":[],"class_list":{"0":"post-7390","1":"product","2":"type-product","3":"status-publish","4":"has-post-thumbnail","6":"product_cat-huile-vegetale","8":"first","9":"outofstock","10":"shipping-taxable","11":"purchasable","12":"product-type-simple"},"yoast_head":"<!-- This site is optimized with the Yoast SEO plugin v26.6 - https:\/\/yoast.com\/wordpress\/plugins\/seo\/ -->\n<title>Huile de bois de santal | Huile naturelle | Bienfaits nombreux<\/title>\n<meta name=\"description\" content=\"L&#039;huile de bois de santal\u00a0est extraite du bois de cet arbre pr\u00e9cieux aux multiples vertus. Connue depuis des si\u00e8cles pour ses propri\u00e9t\u00e9s m\u00e9dicinales.\" \/>\n<meta name=\"robots\" content=\"index, follow, max-snippet:-1, max-image-preview:large, max-video-preview:-1\" \/>\n<link rel=\"canonical\" href=\"https:\/\/www.safinel.fr\/es\/product-2\/aceite-de-sandalo\/\" \/>\n<meta property=\"og:locale\" content=\"es_ES\" \/>\n<meta property=\"og:type\" content=\"article\" \/>\n<meta property=\"og:title\" content=\"Huile de bois de santal | Huile naturelle | Bienfaits nombreux\" \/>\n<meta property=\"og:description\" content=\"L&#039;huile de bois de santal\u00a0est extraite du bois de cet arbre pr\u00e9cieux aux multiples vertus. Connue depuis des si\u00e8cles pour ses propri\u00e9t\u00e9s m\u00e9dicinales.\" \/>\n<meta property=\"og:url\" content=\"https:\/\/www.safinel.fr\/es\/product-2\/aceite-de-sandalo\/\" \/>\n<meta property=\"og:site_name\" content=\"Safinel\" \/>\n<meta property=\"article:modified_time\" content=\"2024-05-26T12:29:49+00:00\" \/>\n<meta property=\"og:image\" content=\"https:\/\/www.safinel.fr\/wp-content\/uploads\/2023\/07\/huile-de-bois-de-santal.jpg\" \/>\n\t<meta property=\"og:image:width\" content=\"600\" \/>\n\t<meta property=\"og:image:height\" content=\"600\" \/>\n\t<meta property=\"og:image:type\" content=\"image\/jpeg\" \/>\n<meta name=\"twitter:card\" content=\"summary_large_image\" \/>\n<meta name=\"twitter:label1\" content=\"Tiempo de lectura\" \/>\n\t<meta name=\"twitter:data1\" content=\"3 minutos\" \/>\n<script type=\"application\/ld+json\" class=\"yoast-schema-graph\">{\"@context\":\"https:\/\/schema.org\",\"@graph\":[{\"@type\":\"WebPage\",\"@id\":\"https:\/\/www.safinel.fr\/produit\/huile-de-bois-de-santal\/\",\"url\":\"https:\/\/www.safinel.fr\/produit\/huile-de-bois-de-santal\/\",\"name\":\"Huile de bois de santal | Huile naturelle | Bienfaits nombreux\",\"isPartOf\":{\"@id\":\"https:\/\/www.safinel.fr\/#website\"},\"primaryImageOfPage\":{\"@id\":\"https:\/\/www.safinel.fr\/produit\/huile-de-bois-de-santal\/#primaryimage\"},\"image\":{\"@id\":\"https:\/\/www.safinel.fr\/produit\/huile-de-bois-de-santal\/#primaryimage\"},\"thumbnailUrl\":\"https:\/\/www.safinel.fr\/wp-content\/uploads\/2023\/07\/huile-de-bois-de-santal.jpg\",\"datePublished\":\"2023-07-27T18:20:58+00:00\",\"dateModified\":\"2024-05-26T12:29:49+00:00\",\"description\":\"L'huile de bois de santal\u00a0est extraite du bois de cet arbre pr\u00e9cieux aux multiples vertus. Connue depuis des si\u00e8cles pour ses propri\u00e9t\u00e9s m\u00e9dicinales.\",\"breadcrumb\":{\"@id\":\"https:\/\/www.safinel.fr\/produit\/huile-de-bois-de-santal\/#breadcrumb\"},\"inLanguage\":\"es\",\"potentialAction\":[{\"@type\":\"ReadAction\",\"target\":[\"https:\/\/www.safinel.fr\/produit\/huile-de-bois-de-santal\/\"]}]},{\"@type\":\"ImageObject\",\"inLanguage\":\"es\",\"@id\":\"https:\/\/www.safinel.fr\/produit\/huile-de-bois-de-santal\/#primaryimage\",\"url\":\"https:\/\/www.safinel.fr\/wp-content\/uploads\/2023\/07\/huile-de-bois-de-santal.jpg\",\"contentUrl\":\"https:\/\/www.safinel.fr\/wp-content\/uploads\/2023\/07\/huile-de-bois-de-santal.jpg\",\"width\":600,\"height\":600,\"caption\":\"huile de bois de santal\"},{\"@type\":\"BreadcrumbList\",\"@id\":\"https:\/\/www.safinel.fr\/produit\/huile-de-bois-de-santal\/#breadcrumb\",\"itemListElement\":[{\"@type\":\"ListItem\",\"position\":1,\"name\":\"Accueil\",\"item\":\"https:\/\/www.safinel.fr\/\"},{\"@type\":\"ListItem\",\"position\":2,\"name\":\"Boutique\",\"item\":\"https:\/\/www.safinel.fr\/boutique\/\"},{\"@type\":\"ListItem\",\"position\":3,\"name\":\"Huile de bois de santal 30ml\"}]},{\"@type\":\"WebSite\",\"@id\":\"https:\/\/www.safinel.fr\/#website\",\"url\":\"https:\/\/www.safinel.fr\/\",\"name\":\"Safinel\",\"description\":\"\",\"publisher\":{\"@id\":\"https:\/\/www.safinel.fr\/#organization\"},\"potentialAction\":[{\"@type\":\"SearchAction\",\"target\":{\"@type\":\"EntryPoint\",\"urlTemplate\":\"https:\/\/www.safinel.fr\/?s={search_term_string}\"},\"query-input\":{\"@type\":\"PropertyValueSpecification\",\"valueRequired\":true,\"valueName\":\"search_term_string\"}}],\"inLanguage\":\"es\"},{\"@type\":\"Organization\",\"@id\":\"https:\/\/www.safinel.fr\/#organization\",\"name\":\"Safinel\",\"url\":\"https:\/\/www.safinel.fr\/\",\"logo\":{\"@type\":\"ImageObject\",\"inLanguage\":\"es\",\"@id\":\"https:\/\/www.safinel.fr\/#\/schema\/logo\/image\/\",\"url\":\"https:\/\/www.safinel.fr\/wp-content\/uploads\/2021\/05\/boutique-cosmetique.png\",\"contentUrl\":\"https:\/\/www.safinel.fr\/wp-content\/uploads\/2021\/05\/boutique-cosmetique.png\",\"width\":800,\"height\":200,\"caption\":\"Safinel\"},\"image\":{\"@id\":\"https:\/\/www.safinel.fr\/#\/schema\/logo\/image\/\"}}]}<\/script>\n<!-- \/ Yoast SEO plugin. -->","yoast_head_json":{"title":"Aceite de s\u00e1ndalo | Aceite natural | Numerosos beneficios","description":"El aceite de s\u00e1ndalo se extrae de la madera de este \u00e1rbol precioso con m\u00faltiples virtudes. Conocido desde hace siglos por sus propiedades medicinales.","robots":{"index":"index","follow":"follow","max-snippet":"max-snippet:-1","max-image-preview":"max-image-preview:large","max-video-preview":"max-video-preview:-1"},"canonical":"https:\/\/www.safinel.fr\/es\/product-2\/aceite-de-sandalo\/","og_locale":"es_ES","og_type":"article","og_title":"Huile de bois de santal | Huile naturelle | Bienfaits nombreux","og_description":"L'huile de bois de santal\u00a0est extraite du bois de cet arbre pr\u00e9cieux aux multiples vertus. Connue depuis des si\u00e8cles pour ses propri\u00e9t\u00e9s m\u00e9dicinales.","og_url":"https:\/\/www.safinel.fr\/es\/product-2\/aceite-de-sandalo\/","og_site_name":"Safinel","article_modified_time":"2024-05-26T12:29:49+00:00","og_image":[{"width":600,"height":600,"url":"https:\/\/www.safinel.fr\/wp-content\/uploads\/2023\/07\/huile-de-bois-de-santal.jpg","type":"image\/jpeg"}],"twitter_card":"summary_large_image","twitter_misc":{"Tiempo de lectura":"3 minutos"},"schema":{"@context":"https:\/\/schema.org","@graph":[{"@type":"WebPage","@id":"https:\/\/www.safinel.fr\/produit\/huile-de-bois-de-santal\/","url":"https:\/\/www.safinel.fr\/produit\/huile-de-bois-de-santal\/","name":"Aceite de s\u00e1ndalo | Aceite natural | Numerosos beneficios","isPartOf":{"@id":"https:\/\/www.safinel.fr\/#website"},"primaryImageOfPage":{"@id":"https:\/\/www.safinel.fr\/produit\/huile-de-bois-de-santal\/#primaryimage"},"image":{"@id":"https:\/\/www.safinel.fr\/produit\/huile-de-bois-de-santal\/#primaryimage"},"thumbnailUrl":"https:\/\/www.safinel.fr\/wp-content\/uploads\/2023\/07\/huile-de-bois-de-santal.jpg","datePublished":"2023-07-27T18:20:58+00:00","dateModified":"2024-05-26T12:29:49+00:00","description":"El aceite de s\u00e1ndalo se extrae de la madera de este \u00e1rbol precioso con m\u00faltiples virtudes. Conocido desde hace siglos por sus propiedades medicinales.","breadcrumb":{"@id":"https:\/\/www.safinel.fr\/produit\/huile-de-bois-de-santal\/#breadcrumb"},"inLanguage":"es","potentialAction":[{"@type":"ReadAction","target":["https:\/\/www.safinel.fr\/produit\/huile-de-bois-de-santal\/"]}]},{"@type":"ImageObject","inLanguage":"es","@id":"https:\/\/www.safinel.fr\/produit\/huile-de-bois-de-santal\/#primaryimage","url":"https:\/\/www.safinel.fr\/wp-content\/uploads\/2023\/07\/huile-de-bois-de-santal.jpg","contentUrl":"https:\/\/www.safinel.fr\/wp-content\/uploads\/2023\/07\/huile-de-bois-de-santal.jpg","width":600,"height":600,"caption":"huile de bois de santal"},{"@type":"BreadcrumbList","@id":"https:\/\/www.safinel.fr\/produit\/huile-de-bois-de-santal\/#breadcrumb","itemListElement":[{"@type":"ListItem","position":1,"name":"Accueil","item":"https:\/\/www.safinel.fr\/"},{"@type":"ListItem","position":2,"name":"Boutique","item":"https:\/\/www.safinel.fr\/boutique\/"},{"@type":"ListItem","position":3,"name":"Huile de bois de santal 30ml"}]},{"@type":"WebSite","@id":"https:\/\/www.safinel.fr\/#website","url":"https:\/\/www.safinel.fr\/","name":"Safinel","description":"","publisher":{"@id":"https:\/\/www.safinel.fr\/#organization"},"potentialAction":[{"@type":"SearchAction","target":{"@type":"EntryPoint","urlTemplate":"https:\/\/www.safinel.fr\/?s={search_term_string}"},"query-input":{"@type":"PropertyValueSpecification","valueRequired":true,"valueName":"search_term_string"}}],"inLanguage":"es"},{"@type":"Organization","@id":"https:\/\/www.safinel.fr\/#organization","name":"Safinel","url":"https:\/\/www.safinel.fr\/","logo":{"@type":"ImageObject","inLanguage":"es","@id":"https:\/\/www.safinel.fr\/#\/schema\/logo\/image\/","url":"https:\/\/www.safinel.fr\/wp-content\/uploads\/2021\/05\/boutique-cosmetique.png","contentUrl":"https:\/\/www.safinel.fr\/wp-content\/uploads\/2021\/05\/boutique-cosmetique.png","width":800,"height":200,"caption":"Safinel"},"image":{"@id":"https:\/\/www.safinel.fr\/#\/schema\/logo\/image\/"}}]}},"_links":{"self":[{"href":"https:\/\/www.safinel.fr\/es\/wp-json\/wp\/v2\/product\/7390","targetHints":{"allow":["GET"]}}],"collection":[{"href":"https:\/\/www.safinel.fr\/es\/wp-json\/wp\/v2\/product"}],"about":[{"href":"https:\/\/www.safinel.fr\/es\/wp-json\/wp\/v2\/types\/product"}],"wp:featuredmedia":[{"embeddable":true,"href":"https:\/\/www.safinel.fr\/es\/wp-json\/wp\/v2\/media\/7391"}],"wp:attachment":[{"href":"https:\/\/www.safinel.fr\/es\/wp-json\/wp\/v2\/media?parent=7390"}],"wp:term":[{"taxonomy":"product_brand","embeddable":true,"href":"https:\/\/www.safinel.fr\/es\/wp-json\/wp\/v2\/product_brand?post=7390"},{"taxonomy":"product_cat","embeddable":true,"href":"https:\/\/www.safinel.fr\/es\/wp-json\/wp\/v2\/product_cat?post=7390"},{"taxonomy":"product_tag","embeddable":true,"href":"https:\/\/www.safinel.fr\/es\/wp-json\/wp\/v2\/product_tag?post=7390"}],"curies":[{"name":"wp","href":"https:\/\/api.w.org\/{rel}","templated":true}]}}