{"id":7361,"date":"2023-07-26T19:14:18","date_gmt":"2023-07-26T19:14:18","guid":{"rendered":"https:\/\/www.safinel.fr\/?post_type=product&#038;p=7361"},"modified":"2025-08-05T12:12:58","modified_gmt":"2025-08-05T12:12:58","slug":"musgo-marino-musgo-marino","status":"publish","type":"product","link":"https:\/\/www.safinel.fr\/es\/product-2\/musgo-marino-musgo-marino\/","title":{"rendered":"Musgo marino"},"content":{"rendered":"<p>La\u00a0<strong>espuma de mar<\/strong>, tambi\u00e9n conocido como\u00a0<strong>musgo marino<\/strong>, es un alga con multitud de beneficios para la salud. Rica en nutrientes, se utiliza ampliamente en alimentos y productos para el cuidado de la piel. Aqu\u00ed vamos a explorar las diversas virtudes de esta extraordinaria alga y a descubrir c\u00f3mo podemos incorporarla f\u00e1cilmente a nuestra vida cotidiana.<\/p>\n<h2><strong>Composici\u00f3n nutricional de la espuma de mar<\/strong><\/h2>\n<p>El musgo marino contiene una amplia gama de nutrientes esenciales para nuestro organismo.<\/p>\n<p><strong>Entre ellos figuran :<\/strong><\/p>\n<ul>\n<li>Vitaminas: A, B, C, D, E y K<\/li>\n<li>Minerales: calcio, magnesio, potasio, <a href=\"https:\/\/www.safinel.fr\/es\/product-2\/bisglicinato-de-zinc\/\"><strong>zinc<\/strong><\/a>, cobre, selenio, hierro, f\u00f3sforo<\/li>\n<li>Amino\u00e1cidos<\/li>\n<li>Antioxidantes<\/li>\n<li>Fibra alimentaria<\/li>\n<li>Bajo en calor\u00edas y grasas<\/li>\n<li>Un alto nivel de prote\u00ednas<\/li>\n<\/ul>\n<p>Esta composici\u00f3n excepcional confiere al musgo marino propiedades beneficiosas para la salud, en particular para favorecer la funci\u00f3n inmunitaria, mejorar la digesti\u00f3n y promover la salud cardiovascular.<\/p>\n<h3><strong>Otros beneficios del musgo marino<\/strong><\/h3>\n<ul>\n<li><strong>Mejorar el sistema inmunitario<\/strong><\/li>\n<\/ul>\n<p>Rico en vitaminas, minerales y antioxidantes, el musgo marino ayuda a reforzar el sistema inmunitario. Ayuda a combatir las infecciones y a proteger el organismo contra virus y bacterias. Tambi\u00e9n tiene propiedades antiinflamatorias que ayudan a reducir la inflamaci\u00f3n del organismo.<\/p>\n<ul>\n<li><strong>Una bendici\u00f3n para la digesti\u00f3n<\/strong><\/li>\n<\/ul>\n<p>El alto contenido en fibra del musgo marino lo convierte en una valiosa ayuda para la digesti\u00f3n. La fibra favorece el tr\u00e1nsito intestinal y ayuda a prevenir el estre\u00f1imiento. Tambi\u00e9n contribuye a la salud de la microbiota intestinal, al nutrir las bacterias buenas presentes en nuestro tracto digestivo.<\/p>\n<ul>\n<li><strong>Promover la salud cardiovascular<\/strong><\/li>\n<\/ul>\n<p>La espuma de mar contiene nutrientes como el potasio y el magnesio, esenciales para el buen funcionamiento del sistema cardiovascular. Estos dos minerales ayudan a regular la tensi\u00f3n arterial y a mantener estable el ritmo card\u00edaco. Adem\u00e1s, los \u00e1cidos grasos presentes en esta alga tienen un efecto beneficioso sobre el colesterol sangu\u00edneo, lo que puede ayudar a prevenir enfermedades cardiovasculares.<\/p>\n<ul>\n<li><strong>Apoyo para la piel y el cabello<\/strong><\/li>\n<\/ul>\n<p>El musgo marino es rico en vitaminas y minerales beneficiosos para la salud de la piel y el cabello. La vitamina A, por ejemplo, contribuye a la regeneraci\u00f3n celular y ayuda a mantener una piel sana. El zinc tiene propiedades antioxidantes y antiinflamatorias que ayudan a prevenir problemas cut\u00e1neos como el acn\u00e9.<\/p>\n<p>Los amino\u00e1cidos presentes en esta alga tambi\u00e9n son beneficiosos para la salud capilar, ya que favorecen el crecimiento del cabello y fortalecen la fibra capilar. Adem\u00e1s, las propiedades hidratantes y nutritivas del musgo marino lo convierten en un excelente ingrediente para el cuidado del cabello.<\/p>\n<h3><strong>\u00bfC\u00f3mo puedes incorporar la espuma de mar a tu rutina diaria?<\/strong><\/h3>\n<p>Hay varias formas de incorporar el musgo marino a nuestra dieta o a nuestra rutina de cuidado de la piel y el cabello.<\/p>\n<p><strong>He aqu\u00ed algunas ideas:<\/strong><\/p>\n<ul>\n<li>A\u00f1ade espuma de mar en polvo a tus batidos o zumos de frutas<\/li>\n<li>A\u00f1ada musgo marino seco a sus ensaladas o sopas<\/li>\n<li>Preparar un gel de espuma de mar para aplicar sobre la piel como mascarilla hidratante<\/li>\n<li>Utiliza el gel de musgo marino como acondicionador natural para nutrir y fortalecer el cabello<\/li>\n<\/ul>\n<p>En definitiva, el musgo marino es un aut\u00e9ntico tesoro natural con m\u00faltiples beneficios para la salud. Si lo incorporamos a nuestra rutina diaria, podemos aprovechar sus beneficios para reforzar el sistema inmunitario, mejorar la digesti\u00f3n, mantener la salud cardiovascular y cuidar la piel y el cabello.<\/p>","protected":false},"excerpt":{"rendered":"<p>La\u00a0<strong>espuma de mar<\/strong>, tambi\u00e9n conocido como\u00a0<strong>musgo marino<\/strong>, es un alga con multitud de beneficios para la salud.<\/p>\n<p>Rica en nutrientes, se utiliza mucho en alimentos y productos para el cuidado de la piel.<\/p>\n<p><img decoding=\"async\" class=\"size-full wp-image-5091 aligncenter\" src=\"https:\/\/www.safinel.fr\/wp-content\/uploads\/2021\/06\/BANNIERE-ICONE-SAFINEL.webp\" alt=\"reaseguro de sat\u00e9n\" width=\"800\" height=\"200\" srcset=\"https:\/\/www.safinel.fr\/wp-content\/uploads\/2021\/06\/BANNIERE-ICONE-SAFINEL.webp 800w, https:\/\/www.safinel.fr\/wp-content\/uploads\/2021\/06\/BANNIERE-ICONE-SAFINEL-600x150.webp 600w, https:\/\/www.safinel.fr\/wp-content\/uploads\/2021\/06\/BANNIERE-ICONE-SAFINEL-768x192.webp 768w\" sizes=\"(max-width: 800px) 100vw, 800px\" \/><\/p>","protected":false},"featured_media":7364,"template":"","meta":[],"product_brand":[],"product_cat":[146],"product_tag":[],"class_list":{"0":"post-7361","1":"product","2":"type-product","3":"status-publish","4":"has-post-thumbnail","6":"product_cat-produit-cheveux","8":"first","9":"instock","10":"shipping-taxable","11":"purchasable","12":"product-type-variable"},"yoast_head":"<!-- This site is optimized with the Yoast SEO plugin v26.6 - https:\/\/yoast.com\/wordpress\/plugins\/seo\/ -->\n<title>Mousse de mer (Sea moss) | Bienfaits nombreux | Achat s\u00e9curis\u00e9<\/title>\n<meta name=\"description\" content=\"La\u00a0mousse de mer, \u00e9galement connue sous le nom de\u00a0sea moss, est une algue marine qui poss\u00e8de une multitude de bienfaits pour notre sant\u00e9.\" \/>\n<meta name=\"robots\" content=\"index, follow, max-snippet:-1, max-image-preview:large, max-video-preview:-1\" \/>\n<link rel=\"canonical\" href=\"https:\/\/www.safinel.fr\/es\/product-2\/musgo-marino-musgo-marino\/\" \/>\n<meta property=\"og:locale\" content=\"es_ES\" \/>\n<meta property=\"og:type\" content=\"article\" \/>\n<meta property=\"og:title\" content=\"Mousse de mer (Sea moss) | Bienfaits nombreux | Achat s\u00e9curis\u00e9\" \/>\n<meta property=\"og:description\" content=\"La\u00a0mousse de mer, \u00e9galement connue sous le nom de\u00a0sea moss, est une algue marine qui poss\u00e8de une multitude de bienfaits pour notre sant\u00e9.\" \/>\n<meta property=\"og:url\" content=\"https:\/\/www.safinel.fr\/es\/product-2\/musgo-marino-musgo-marino\/\" \/>\n<meta property=\"og:site_name\" content=\"Safinel\" \/>\n<meta property=\"article:modified_time\" content=\"2025-08-05T12:12:58+00:00\" \/>\n<meta property=\"og:image\" content=\"https:\/\/www.safinel.fr\/wp-content\/uploads\/2023\/07\/mousse-de-mer-sea-moss.jpg\" \/>\n\t<meta property=\"og:image:width\" content=\"600\" \/>\n\t<meta property=\"og:image:height\" content=\"600\" \/>\n\t<meta property=\"og:image:type\" content=\"image\/jpeg\" \/>\n<meta name=\"twitter:card\" content=\"summary_large_image\" \/>\n<meta name=\"twitter:label1\" content=\"Tiempo de lectura\" \/>\n\t<meta name=\"twitter:data1\" content=\"3 minutos\" \/>\n<script type=\"application\/ld+json\" class=\"yoast-schema-graph\">{\"@context\":\"https:\/\/schema.org\",\"@graph\":[{\"@type\":\"WebPage\",\"@id\":\"https:\/\/www.safinel.fr\/produit\/mousse-de-mer-sea-moss\/\",\"url\":\"https:\/\/www.safinel.fr\/produit\/mousse-de-mer-sea-moss\/\",\"name\":\"Mousse de mer (Sea moss) | Bienfaits nombreux | Achat s\u00e9curis\u00e9\",\"isPartOf\":{\"@id\":\"https:\/\/www.safinel.fr\/#website\"},\"primaryImageOfPage\":{\"@id\":\"https:\/\/www.safinel.fr\/produit\/mousse-de-mer-sea-moss\/#primaryimage\"},\"image\":{\"@id\":\"https:\/\/www.safinel.fr\/produit\/mousse-de-mer-sea-moss\/#primaryimage\"},\"thumbnailUrl\":\"https:\/\/www.safinel.fr\/wp-content\/uploads\/2023\/07\/mousse-de-mer-sea-moss.jpg\",\"datePublished\":\"2023-07-26T19:14:18+00:00\",\"dateModified\":\"2025-08-05T12:12:58+00:00\",\"description\":\"La\u00a0mousse de mer, \u00e9galement connue sous le nom de\u00a0sea moss, est une algue marine qui poss\u00e8de une multitude de bienfaits pour notre sant\u00e9.\",\"breadcrumb\":{\"@id\":\"https:\/\/www.safinel.fr\/produit\/mousse-de-mer-sea-moss\/#breadcrumb\"},\"inLanguage\":\"es\",\"potentialAction\":[{\"@type\":\"ReadAction\",\"target\":[\"https:\/\/www.safinel.fr\/produit\/mousse-de-mer-sea-moss\/\"]}]},{\"@type\":\"ImageObject\",\"inLanguage\":\"es\",\"@id\":\"https:\/\/www.safinel.fr\/produit\/mousse-de-mer-sea-moss\/#primaryimage\",\"url\":\"https:\/\/www.safinel.fr\/wp-content\/uploads\/2023\/07\/mousse-de-mer-sea-moss.jpg\",\"contentUrl\":\"https:\/\/www.safinel.fr\/wp-content\/uploads\/2023\/07\/mousse-de-mer-sea-moss.jpg\",\"width\":600,\"height\":600,\"caption\":\"mousse de mer sea moss\"},{\"@type\":\"BreadcrumbList\",\"@id\":\"https:\/\/www.safinel.fr\/produit\/mousse-de-mer-sea-moss\/#breadcrumb\",\"itemListElement\":[{\"@type\":\"ListItem\",\"position\":1,\"name\":\"Accueil\",\"item\":\"https:\/\/www.safinel.fr\/\"},{\"@type\":\"ListItem\",\"position\":2,\"name\":\"Boutique\",\"item\":\"https:\/\/www.safinel.fr\/boutique\/\"},{\"@type\":\"ListItem\",\"position\":3,\"name\":\"Mousse de mer (Sea moss)\"}]},{\"@type\":\"WebSite\",\"@id\":\"https:\/\/www.safinel.fr\/#website\",\"url\":\"https:\/\/www.safinel.fr\/\",\"name\":\"Safinel\",\"description\":\"\",\"publisher\":{\"@id\":\"https:\/\/www.safinel.fr\/#organization\"},\"potentialAction\":[{\"@type\":\"SearchAction\",\"target\":{\"@type\":\"EntryPoint\",\"urlTemplate\":\"https:\/\/www.safinel.fr\/?s={search_term_string}\"},\"query-input\":{\"@type\":\"PropertyValueSpecification\",\"valueRequired\":true,\"valueName\":\"search_term_string\"}}],\"inLanguage\":\"es\"},{\"@type\":\"Organization\",\"@id\":\"https:\/\/www.safinel.fr\/#organization\",\"name\":\"Safinel\",\"url\":\"https:\/\/www.safinel.fr\/\",\"logo\":{\"@type\":\"ImageObject\",\"inLanguage\":\"es\",\"@id\":\"https:\/\/www.safinel.fr\/#\/schema\/logo\/image\/\",\"url\":\"https:\/\/www.safinel.fr\/wp-content\/uploads\/2021\/05\/boutique-cosmetique.png\",\"contentUrl\":\"https:\/\/www.safinel.fr\/wp-content\/uploads\/2021\/05\/boutique-cosmetique.png\",\"width\":800,\"height\":200,\"caption\":\"Safinel\"},\"image\":{\"@id\":\"https:\/\/www.safinel.fr\/#\/schema\/logo\/image\/\"}}]}<\/script>\n<!-- \/ Yoast SEO plugin. -->","yoast_head_json":{"title":"Mousse de mar | Numerosos beneficios | Compra segura","description":"El musgo marino, tambi\u00e9n conocido como alga marina, es un alga con multitud de beneficios para la salud.","robots":{"index":"index","follow":"follow","max-snippet":"max-snippet:-1","max-image-preview":"max-image-preview:large","max-video-preview":"max-video-preview:-1"},"canonical":"https:\/\/www.safinel.fr\/es\/product-2\/musgo-marino-musgo-marino\/","og_locale":"es_ES","og_type":"article","og_title":"Mousse de mer (Sea moss) | Bienfaits nombreux | Achat s\u00e9curis\u00e9","og_description":"La\u00a0mousse de mer, \u00e9galement connue sous le nom de\u00a0sea moss, est une algue marine qui poss\u00e8de une multitude de bienfaits pour notre sant\u00e9.","og_url":"https:\/\/www.safinel.fr\/es\/product-2\/musgo-marino-musgo-marino\/","og_site_name":"Safinel","article_modified_time":"2025-08-05T12:12:58+00:00","og_image":[{"width":600,"height":600,"url":"https:\/\/www.safinel.fr\/wp-content\/uploads\/2023\/07\/mousse-de-mer-sea-moss.jpg","type":"image\/jpeg"}],"twitter_card":"summary_large_image","twitter_misc":{"Tiempo de lectura":"3 minutos"},"schema":{"@context":"https:\/\/schema.org","@graph":[{"@type":"WebPage","@id":"https:\/\/www.safinel.fr\/produit\/mousse-de-mer-sea-moss\/","url":"https:\/\/www.safinel.fr\/produit\/mousse-de-mer-sea-moss\/","name":"Mousse de mar | Numerosos beneficios | Compra segura","isPartOf":{"@id":"https:\/\/www.safinel.fr\/#website"},"primaryImageOfPage":{"@id":"https:\/\/www.safinel.fr\/produit\/mousse-de-mer-sea-moss\/#primaryimage"},"image":{"@id":"https:\/\/www.safinel.fr\/produit\/mousse-de-mer-sea-moss\/#primaryimage"},"thumbnailUrl":"https:\/\/www.safinel.fr\/wp-content\/uploads\/2023\/07\/mousse-de-mer-sea-moss.jpg","datePublished":"2023-07-26T19:14:18+00:00","dateModified":"2025-08-05T12:12:58+00:00","description":"El musgo marino, tambi\u00e9n conocido como alga marina, es un alga con multitud de beneficios para la salud.","breadcrumb":{"@id":"https:\/\/www.safinel.fr\/produit\/mousse-de-mer-sea-moss\/#breadcrumb"},"inLanguage":"es","potentialAction":[{"@type":"ReadAction","target":["https:\/\/www.safinel.fr\/produit\/mousse-de-mer-sea-moss\/"]}]},{"@type":"ImageObject","inLanguage":"es","@id":"https:\/\/www.safinel.fr\/produit\/mousse-de-mer-sea-moss\/#primaryimage","url":"https:\/\/www.safinel.fr\/wp-content\/uploads\/2023\/07\/mousse-de-mer-sea-moss.jpg","contentUrl":"https:\/\/www.safinel.fr\/wp-content\/uploads\/2023\/07\/mousse-de-mer-sea-moss.jpg","width":600,"height":600,"caption":"mousse de mer sea moss"},{"@type":"BreadcrumbList","@id":"https:\/\/www.safinel.fr\/produit\/mousse-de-mer-sea-moss\/#breadcrumb","itemListElement":[{"@type":"ListItem","position":1,"name":"Accueil","item":"https:\/\/www.safinel.fr\/"},{"@type":"ListItem","position":2,"name":"Boutique","item":"https:\/\/www.safinel.fr\/boutique\/"},{"@type":"ListItem","position":3,"name":"Mousse de mer (Sea moss)"}]},{"@type":"WebSite","@id":"https:\/\/www.safinel.fr\/#website","url":"https:\/\/www.safinel.fr\/","name":"Safinel","description":"","publisher":{"@id":"https:\/\/www.safinel.fr\/#organization"},"potentialAction":[{"@type":"SearchAction","target":{"@type":"EntryPoint","urlTemplate":"https:\/\/www.safinel.fr\/?s={search_term_string}"},"query-input":{"@type":"PropertyValueSpecification","valueRequired":true,"valueName":"search_term_string"}}],"inLanguage":"es"},{"@type":"Organization","@id":"https:\/\/www.safinel.fr\/#organization","name":"Safinel","url":"https:\/\/www.safinel.fr\/","logo":{"@type":"ImageObject","inLanguage":"es","@id":"https:\/\/www.safinel.fr\/#\/schema\/logo\/image\/","url":"https:\/\/www.safinel.fr\/wp-content\/uploads\/2021\/05\/boutique-cosmetique.png","contentUrl":"https:\/\/www.safinel.fr\/wp-content\/uploads\/2021\/05\/boutique-cosmetique.png","width":800,"height":200,"caption":"Safinel"},"image":{"@id":"https:\/\/www.safinel.fr\/#\/schema\/logo\/image\/"}}]}},"_links":{"self":[{"href":"https:\/\/www.safinel.fr\/es\/wp-json\/wp\/v2\/product\/7361","targetHints":{"allow":["GET"]}}],"collection":[{"href":"https:\/\/www.safinel.fr\/es\/wp-json\/wp\/v2\/product"}],"about":[{"href":"https:\/\/www.safinel.fr\/es\/wp-json\/wp\/v2\/types\/product"}],"wp:featuredmedia":[{"embeddable":true,"href":"https:\/\/www.safinel.fr\/es\/wp-json\/wp\/v2\/media\/7364"}],"wp:attachment":[{"href":"https:\/\/www.safinel.fr\/es\/wp-json\/wp\/v2\/media?parent=7361"}],"wp:term":[{"taxonomy":"product_brand","embeddable":true,"href":"https:\/\/www.safinel.fr\/es\/wp-json\/wp\/v2\/product_brand?post=7361"},{"taxonomy":"product_cat","embeddable":true,"href":"https:\/\/www.safinel.fr\/es\/wp-json\/wp\/v2\/product_cat?post=7361"},{"taxonomy":"product_tag","embeddable":true,"href":"https:\/\/www.safinel.fr\/es\/wp-json\/wp\/v2\/product_tag?post=7361"}],"curies":[{"name":"wp","href":"https:\/\/api.w.org\/{rel}","templated":true}]}}