{"id":7260,"date":"2023-07-23T17:58:04","date_gmt":"2023-07-23T17:58:04","guid":{"rendered":"https:\/\/www.safinel.fr\/?post_type=product&#038;p=7260"},"modified":"2024-11-07T15:28:44","modified_gmt":"2024-11-07T15:28:44","slug":"maravilloso-chocolate","status":"publish","type":"product","link":"https:\/\/www.safinel.fr\/es\/product-2\/maravilloso-chocolate\/","title":{"rendered":"Maravilloso chocolate (paquete de 4)"},"content":{"rendered":"<p>Le\u00a0<strong>chocolate<\/strong>\u00a0se conoce como afrodis\u00edaco. Pero, \u00bfqu\u00e9 es\u00a0<strong>maravilloso chocolate\u00a0<\/strong>\u00bfrealmente promete? \u00a1Desvelamos sus secretos! Continuar\u00e1.<\/p>\n<h2><strong>Maravilloso chocolate: un maravilloso afrodis\u00edaco\u00a0<\/strong><\/h2>\n<p>El rumor de que\u00a0<strong>chocolate<\/strong>\u00a0ser\u00eda un\u00a0<strong>afrodis\u00edaco<\/strong>\u00a0existe desde hace mucho tiempo. El chocolate se asocia a menudo con el amor y, m\u00e1s concretamente, con la sexualidad. Y hay una sencilla raz\u00f3n para ello: el chocolate contiene una mol\u00e9cula llamada\u00a0<strong>feniletilamina.\u00a0<\/strong>Tambi\u00e9n conocida como la hormona del amor, se segrega durante las relaciones sexuales.<\/p>\n<p>Para ello, el\u00a0<strong>maravilloso chocolate\u00a0<\/strong>es una excelente forma de estimular esta hormona. De hecho, se potencia con una selecci\u00f3n de hierbas de la selva tropical. Entre ellas se encuentran el ginseng asi\u00e1tico y el <a href=\"https:\/\/www.safinel.fr\/es\/product-2\/tribulus\/\"><strong>tribulus terrestris<\/strong><\/a>.<\/p>\n<p><strong>\u00bfLo sab\u00edas?\u00a0<\/strong>No todos los chocolates tienen efectos afrodis\u00edacos. De hecho, lo sentimos por los amantes del chocolate blanco y con leche. \u00a1El chocolate negro es el \u00fanico con este poder!<\/p>\n<h2><strong>\u00bfC\u00f3mo se utiliza el chocolate maravilloso?<\/strong><\/h2>\n<p><strong>Muy f\u00e1cil de usar,<\/strong>\u00a0Basta con disfrutar de este delicioso chocolate despu\u00e9s de una comida, por ejemplo. Es aconsejable beber un vaso de agua despu\u00e9s de tomar un paquete de chocolate.<\/p>\n<p>Una vez tomada la bolsita, se tarda entre 25 y 40 minutos en notar el efecto. El tiempo var\u00eda en funci\u00f3n de la circulaci\u00f3n sangu\u00ednea. Los efectos pueden durar hasta 48 horas.<\/p>\n<p>El maravilloso chocolate consiste en un<strong> paquete de 4 sobres<\/strong>. Ideal para hacer un regalo original a su pareja. No podr\u00e1 resistirse a esta caja de bombones.<\/p>\n<h3><strong>Precauciones \u00a0<\/strong><\/h3>\n<p>Si tiene problemas de salud o del coraz\u00f3n, este producto podr\u00eda ser peligroso.<\/p>\n<p>Tambi\u00e9n debe utilizar medio sobre para comprobar que tolera el producto.<\/p>","protected":false},"excerpt":{"rendered":"<ul>\n<li>PRECAUCI\u00d3N SI TIENE PROBLEMAS DE SALUD O DEL CORAZ\u00d3N, ESTE PRODUCTO PUEDE SER PELIGROSO<\/li>\n<li>LO MEJOR ES UTILIZAR MEDIO SOBRE PARA COMPROBAR QUE TOLERA EL PRODUCTO.<\/li>\n<\/ul>\n<p>&nbsp;<\/p>","protected":false},"featured_media":7270,"template":"","meta":[],"product_brand":[],"product_cat":[174],"product_tag":[],"class_list":{"0":"post-7260","1":"product","2":"type-product","3":"status-publish","4":"has-post-thumbnail","6":"product_cat-chocolat-aphrodisiaque","8":"first","9":"outofstock","10":"shipping-taxable","11":"purchasable","12":"product-type-simple"},"yoast_head":"<!-- This site is optimized with the Yoast SEO plugin v26.6 - https:\/\/yoast.com\/wordpress\/plugins\/seo\/ -->\n<title>Wonderful chocolate | Chocolat aphrodisiaque | Livraison rapide<\/title>\n<meta name=\"description\" content=\"Le\u00a0chocolat\u00a0est connu comme \u00e9tant un aphrodisiaque. Mais qu\u2019est-ce que le\u00a0wonderful chocolate\u00a0vous promet r\u00e9ellement ? R\u00e9ponse !\" \/>\n<meta name=\"robots\" content=\"index, follow, max-snippet:-1, max-image-preview:large, max-video-preview:-1\" \/>\n<link rel=\"canonical\" href=\"https:\/\/www.safinel.fr\/es\/product-2\/maravilloso-chocolate\/\" \/>\n<meta property=\"og:locale\" content=\"es_ES\" \/>\n<meta property=\"og:type\" content=\"article\" \/>\n<meta property=\"og:title\" content=\"Wonderful chocolate | Chocolat aphrodisiaque | Livraison rapide\" \/>\n<meta property=\"og:description\" content=\"Le\u00a0chocolat\u00a0est connu comme \u00e9tant un aphrodisiaque. Mais qu\u2019est-ce que le\u00a0wonderful chocolate\u00a0vous promet r\u00e9ellement ? R\u00e9ponse !\" \/>\n<meta property=\"og:url\" content=\"https:\/\/www.safinel.fr\/es\/product-2\/maravilloso-chocolate\/\" \/>\n<meta property=\"og:site_name\" content=\"Safinel\" \/>\n<meta property=\"article:modified_time\" content=\"2024-11-07T15:28:44+00:00\" \/>\n<meta property=\"og:image\" content=\"https:\/\/www.safinel.fr\/wp-content\/uploads\/2023\/07\/Merveilleux-chocolat-aphrodisiaque-naturel-15g-x-12-pi-ces.jpg_Q90.jpg_.jpg\" \/>\n\t<meta property=\"og:image:width\" content=\"600\" \/>\n\t<meta property=\"og:image:height\" content=\"600\" \/>\n\t<meta property=\"og:image:type\" content=\"image\/jpeg\" \/>\n<meta name=\"twitter:card\" content=\"summary_large_image\" \/>\n<meta name=\"twitter:label1\" content=\"Tiempo de lectura\" \/>\n\t<meta name=\"twitter:data1\" content=\"2 minutos\" \/>\n<script type=\"application\/ld+json\" class=\"yoast-schema-graph\">{\"@context\":\"https:\/\/schema.org\",\"@graph\":[{\"@type\":\"WebPage\",\"@id\":\"https:\/\/www.safinel.fr\/produit\/wonderful-chocolate\/\",\"url\":\"https:\/\/www.safinel.fr\/produit\/wonderful-chocolate\/\",\"name\":\"Wonderful chocolate | Chocolat aphrodisiaque | Livraison rapide\",\"isPartOf\":{\"@id\":\"https:\/\/www.safinel.fr\/#website\"},\"primaryImageOfPage\":{\"@id\":\"https:\/\/www.safinel.fr\/produit\/wonderful-chocolate\/#primaryimage\"},\"image\":{\"@id\":\"https:\/\/www.safinel.fr\/produit\/wonderful-chocolate\/#primaryimage\"},\"thumbnailUrl\":\"https:\/\/www.safinel.fr\/wp-content\/uploads\/2023\/07\/Merveilleux-chocolat-aphrodisiaque-naturel-15g-x-12-pi-ces.jpg_Q90.jpg_.jpg\",\"datePublished\":\"2023-07-23T17:58:04+00:00\",\"dateModified\":\"2024-11-07T15:28:44+00:00\",\"description\":\"Le\u00a0chocolat\u00a0est connu comme \u00e9tant un aphrodisiaque. Mais qu\u2019est-ce que le\u00a0wonderful chocolate\u00a0vous promet r\u00e9ellement ? R\u00e9ponse !\",\"breadcrumb\":{\"@id\":\"https:\/\/www.safinel.fr\/produit\/wonderful-chocolate\/#breadcrumb\"},\"inLanguage\":\"es\",\"potentialAction\":[{\"@type\":\"ReadAction\",\"target\":[\"https:\/\/www.safinel.fr\/produit\/wonderful-chocolate\/\"]}]},{\"@type\":\"ImageObject\",\"inLanguage\":\"es\",\"@id\":\"https:\/\/www.safinel.fr\/produit\/wonderful-chocolate\/#primaryimage\",\"url\":\"https:\/\/www.safinel.fr\/wp-content\/uploads\/2023\/07\/Merveilleux-chocolat-aphrodisiaque-naturel-15g-x-12-pi-ces.jpg_Q90.jpg_.jpg\",\"contentUrl\":\"https:\/\/www.safinel.fr\/wp-content\/uploads\/2023\/07\/Merveilleux-chocolat-aphrodisiaque-naturel-15g-x-12-pi-ces.jpg_Q90.jpg_.jpg\",\"width\":600,\"height\":600,\"caption\":\"Wonderful chocolate\"},{\"@type\":\"BreadcrumbList\",\"@id\":\"https:\/\/www.safinel.fr\/produit\/wonderful-chocolate\/#breadcrumb\",\"itemListElement\":[{\"@type\":\"ListItem\",\"position\":1,\"name\":\"Accueil\",\"item\":\"https:\/\/www.safinel.fr\/\"},{\"@type\":\"ListItem\",\"position\":2,\"name\":\"Boutique\",\"item\":\"https:\/\/www.safinel.fr\/boutique\/\"},{\"@type\":\"ListItem\",\"position\":3,\"name\":\"Wonderful chocolate (Lot de 4 sachets)\"}]},{\"@type\":\"WebSite\",\"@id\":\"https:\/\/www.safinel.fr\/#website\",\"url\":\"https:\/\/www.safinel.fr\/\",\"name\":\"Safinel\",\"description\":\"\",\"publisher\":{\"@id\":\"https:\/\/www.safinel.fr\/#organization\"},\"potentialAction\":[{\"@type\":\"SearchAction\",\"target\":{\"@type\":\"EntryPoint\",\"urlTemplate\":\"https:\/\/www.safinel.fr\/?s={search_term_string}\"},\"query-input\":{\"@type\":\"PropertyValueSpecification\",\"valueRequired\":true,\"valueName\":\"search_term_string\"}}],\"inLanguage\":\"es\"},{\"@type\":\"Organization\",\"@id\":\"https:\/\/www.safinel.fr\/#organization\",\"name\":\"Safinel\",\"url\":\"https:\/\/www.safinel.fr\/\",\"logo\":{\"@type\":\"ImageObject\",\"inLanguage\":\"es\",\"@id\":\"https:\/\/www.safinel.fr\/#\/schema\/logo\/image\/\",\"url\":\"https:\/\/www.safinel.fr\/wp-content\/uploads\/2021\/05\/boutique-cosmetique.png\",\"contentUrl\":\"https:\/\/www.safinel.fr\/wp-content\/uploads\/2021\/05\/boutique-cosmetique.png\",\"width\":800,\"height\":200,\"caption\":\"Safinel\"},\"image\":{\"@id\":\"https:\/\/www.safinel.fr\/#\/schema\/logo\/image\/\"}}]}<\/script>\n<!-- \/ Yoast SEO plugin. -->","yoast_head_json":{"title":"Maravilloso chocolate | Chocolate afrodis\u00edaco | Entrega r\u00e1pida","description":"El chocolate es conocido como afrodis\u00edaco. Pero, \u00bfqu\u00e9 promete realmente el maravilloso chocolate? Desc\u00fabralo.","robots":{"index":"index","follow":"follow","max-snippet":"max-snippet:-1","max-image-preview":"max-image-preview:large","max-video-preview":"max-video-preview:-1"},"canonical":"https:\/\/www.safinel.fr\/es\/product-2\/maravilloso-chocolate\/","og_locale":"es_ES","og_type":"article","og_title":"Wonderful chocolate | Chocolat aphrodisiaque | Livraison rapide","og_description":"Le\u00a0chocolat\u00a0est connu comme \u00e9tant un aphrodisiaque. Mais qu\u2019est-ce que le\u00a0wonderful chocolate\u00a0vous promet r\u00e9ellement ? R\u00e9ponse !","og_url":"https:\/\/www.safinel.fr\/es\/product-2\/maravilloso-chocolate\/","og_site_name":"Safinel","article_modified_time":"2024-11-07T15:28:44+00:00","og_image":[{"width":600,"height":600,"url":"https:\/\/www.safinel.fr\/wp-content\/uploads\/2023\/07\/Merveilleux-chocolat-aphrodisiaque-naturel-15g-x-12-pi-ces.jpg_Q90.jpg_.jpg","type":"image\/jpeg"}],"twitter_card":"summary_large_image","twitter_misc":{"Tiempo de lectura":"2 minutos"},"schema":{"@context":"https:\/\/schema.org","@graph":[{"@type":"WebPage","@id":"https:\/\/www.safinel.fr\/produit\/wonderful-chocolate\/","url":"https:\/\/www.safinel.fr\/produit\/wonderful-chocolate\/","name":"Maravilloso chocolate | Chocolate afrodis\u00edaco | Entrega r\u00e1pida","isPartOf":{"@id":"https:\/\/www.safinel.fr\/#website"},"primaryImageOfPage":{"@id":"https:\/\/www.safinel.fr\/produit\/wonderful-chocolate\/#primaryimage"},"image":{"@id":"https:\/\/www.safinel.fr\/produit\/wonderful-chocolate\/#primaryimage"},"thumbnailUrl":"https:\/\/www.safinel.fr\/wp-content\/uploads\/2023\/07\/Merveilleux-chocolat-aphrodisiaque-naturel-15g-x-12-pi-ces.jpg_Q90.jpg_.jpg","datePublished":"2023-07-23T17:58:04+00:00","dateModified":"2024-11-07T15:28:44+00:00","description":"El chocolate es conocido como afrodis\u00edaco. Pero, \u00bfqu\u00e9 promete realmente el maravilloso chocolate? Desc\u00fabralo.","breadcrumb":{"@id":"https:\/\/www.safinel.fr\/produit\/wonderful-chocolate\/#breadcrumb"},"inLanguage":"es","potentialAction":[{"@type":"ReadAction","target":["https:\/\/www.safinel.fr\/produit\/wonderful-chocolate\/"]}]},{"@type":"ImageObject","inLanguage":"es","@id":"https:\/\/www.safinel.fr\/produit\/wonderful-chocolate\/#primaryimage","url":"https:\/\/www.safinel.fr\/wp-content\/uploads\/2023\/07\/Merveilleux-chocolat-aphrodisiaque-naturel-15g-x-12-pi-ces.jpg_Q90.jpg_.jpg","contentUrl":"https:\/\/www.safinel.fr\/wp-content\/uploads\/2023\/07\/Merveilleux-chocolat-aphrodisiaque-naturel-15g-x-12-pi-ces.jpg_Q90.jpg_.jpg","width":600,"height":600,"caption":"Wonderful chocolate"},{"@type":"BreadcrumbList","@id":"https:\/\/www.safinel.fr\/produit\/wonderful-chocolate\/#breadcrumb","itemListElement":[{"@type":"ListItem","position":1,"name":"Accueil","item":"https:\/\/www.safinel.fr\/"},{"@type":"ListItem","position":2,"name":"Boutique","item":"https:\/\/www.safinel.fr\/boutique\/"},{"@type":"ListItem","position":3,"name":"Wonderful chocolate (Lot de 4 sachets)"}]},{"@type":"WebSite","@id":"https:\/\/www.safinel.fr\/#website","url":"https:\/\/www.safinel.fr\/","name":"Safinel","description":"","publisher":{"@id":"https:\/\/www.safinel.fr\/#organization"},"potentialAction":[{"@type":"SearchAction","target":{"@type":"EntryPoint","urlTemplate":"https:\/\/www.safinel.fr\/?s={search_term_string}"},"query-input":{"@type":"PropertyValueSpecification","valueRequired":true,"valueName":"search_term_string"}}],"inLanguage":"es"},{"@type":"Organization","@id":"https:\/\/www.safinel.fr\/#organization","name":"Safinel","url":"https:\/\/www.safinel.fr\/","logo":{"@type":"ImageObject","inLanguage":"es","@id":"https:\/\/www.safinel.fr\/#\/schema\/logo\/image\/","url":"https:\/\/www.safinel.fr\/wp-content\/uploads\/2021\/05\/boutique-cosmetique.png","contentUrl":"https:\/\/www.safinel.fr\/wp-content\/uploads\/2021\/05\/boutique-cosmetique.png","width":800,"height":200,"caption":"Safinel"},"image":{"@id":"https:\/\/www.safinel.fr\/#\/schema\/logo\/image\/"}}]}},"_links":{"self":[{"href":"https:\/\/www.safinel.fr\/es\/wp-json\/wp\/v2\/product\/7260","targetHints":{"allow":["GET"]}}],"collection":[{"href":"https:\/\/www.safinel.fr\/es\/wp-json\/wp\/v2\/product"}],"about":[{"href":"https:\/\/www.safinel.fr\/es\/wp-json\/wp\/v2\/types\/product"}],"wp:featuredmedia":[{"embeddable":true,"href":"https:\/\/www.safinel.fr\/es\/wp-json\/wp\/v2\/media\/7270"}],"wp:attachment":[{"href":"https:\/\/www.safinel.fr\/es\/wp-json\/wp\/v2\/media?parent=7260"}],"wp:term":[{"taxonomy":"product_brand","embeddable":true,"href":"https:\/\/www.safinel.fr\/es\/wp-json\/wp\/v2\/product_brand?post=7260"},{"taxonomy":"product_cat","embeddable":true,"href":"https:\/\/www.safinel.fr\/es\/wp-json\/wp\/v2\/product_cat?post=7260"},{"taxonomy":"product_tag","embeddable":true,"href":"https:\/\/www.safinel.fr\/es\/wp-json\/wp\/v2\/product_tag?post=7260"}],"curies":[{"name":"wp","href":"https:\/\/api.w.org\/{rel}","templated":true}]}}