{"id":7088,"date":"2023-07-14T19:05:40","date_gmt":"2023-07-14T19:05:40","guid":{"rendered":"https:\/\/www.safinel.fr\/?post_type=product&#038;p=7088"},"modified":"2023-12-28T17:16:07","modified_gmt":"2023-12-28T17:16:07","slug":"aceite-de-albahaca-30ml","status":"publish","type":"product","link":"https:\/\/www.safinel.fr\/es\/product-2\/aceite-de-albahaca-30ml\/","title":{"rendered":"Aceite de albahaca 30 ml"},"content":{"rendered":"<p>Los aceites esenciales son muy utilizados por sus m\u00faltiples beneficios terap\u00e9uticos y cosm\u00e9ticos. Entre esta amplia gama de aceites, el de albahaca destaca por su aroma \u00fanico y sus innegables beneficios para la salud y la belleza.<\/p>\n<h2><strong>Beneficios del aceite de albahaca para la salud<\/strong><\/h2>\n<p>El aceite de albahaca es rico en vitaminas, minerales y antioxidantes, lo que le confiere propiedades beneficiosas para el organismo.<\/p>\n<p><strong>He aqu\u00ed algunas de estas virtudes:<\/strong><\/p>\n<ol>\n<li><strong>Antiespasm\u00f3dico<\/strong>\u00a0Alivia los espasmos musculares y puede ser \u00fatil en casos de calambres, dolores menstruales o para estimular la digesti\u00f3n.<\/li>\n<li><strong>Antibacterias<\/strong>\u00a0Ayuda a combatir las infecciones bacterianas, reforzando nuestro sistema inmunitario.<\/li>\n<li><strong>Antiinflamatorio<\/strong>\u00a0Calma la inflamaci\u00f3n de la piel o las articulaciones, ayudando a reducir el dolor asociado.<\/li>\n<li><strong>Analg\u00e9sico<\/strong>\u00a0Ayuda a aliviar peque\u00f1os dolores y molestias, especialmente los asociados a cefaleas o migra\u00f1as.<\/li>\n<\/ol>\n<h3><strong>La albahaca: un valioso aliado para el equilibrio mental<\/strong><\/h3>\n<p>Adem\u00e1s de sus beneficios para nuestra salud f\u00edsica, el aceite de albahaca tambi\u00e9n es apreciado por sus efectos beneficiosos para nuestro equilibrio mental.<\/p>\n<p><strong>En concreto, puede :<\/strong><\/p>\n<ul>\n<li><strong>Equilibrar las emociones<\/strong>\u00a0Favorece la relajaci\u00f3n y calma los sentimientos en caso de estr\u00e9s o ansiedad.<\/li>\n<li><strong>Estimular la memoria<\/strong>\u00a0Ayuda a mejorar nuestra concentraci\u00f3n y nuestras capacidades cognitivas.<\/li>\n<li><strong>Combatir la fatiga<\/strong>\u00a0Ayuda a combatir la fatiga f\u00edsica y mental aumentando nuestros niveles generales de energ\u00eda.<\/li>\n<\/ul>\n<h2><strong>Los beneficios cosm\u00e9ticos del aceite de albahaca<\/strong><\/h2>\n<p>Gracias a su riqueza en nutrientes y antioxidantes, tambi\u00e9n es muy apreciada por sus beneficios para la belleza.<\/p>\n<p>Sus propiedades nutritivas y regeneradoras lo convierten en un aliado ideal para el cuidado de la piel y el cabello:<\/p>\n<ol>\n<li><strong>Para una piel sana y radiante<\/strong>\u00a0Hidrata, suaviza y protege la piel contra el envejecimiento prematuro.<\/li>\n<li><strong>Para un cabello fuerte y brillante<\/strong>\u00a0Enriquece la fibra capilar con vitaminas y minerales esenciales, favoreciendo el crecimiento y la vitalidad.<\/li>\n<\/ol>\n<h3><strong>Recetas caseras para aprovechar al m\u00e1ximo sus beneficios<\/strong><\/h3>\n<p>Para aprovechar al m\u00e1ximo las propiedades cosm\u00e9ticas del aceite de albahaca, puedes preparar en casa algunas recetas sencillas y eficaces:<\/p>\n<ul>\n<li><strong>Mascarilla facial calmante<\/strong>\u00a0Mezclar unas gotas de aceite con una cucharada de <a href=\"https:\/\/www.safinel.fr\/es\/product-category-2\/apicultura\/\"><strong>miel<\/strong><\/a> y aplicar sobre la piel durante 15 minutos antes de aclarar con agua tibia.<\/li>\n<li><strong>Ba\u00f1o relajante de albahaca<\/strong>\u00a0Aceite de albahaca: vierte unas diez gotas de aceite de albahaca en tu ba\u00f1o caliente. D\u00e9jate envolver por su relajante aroma.<\/li>\n<li><strong>Cuidado capilar fortalecedor<\/strong>\u00a0A\u00f1ada unas gotas de aceite de albahaca a su champ\u00fa habitual y masajee suavemente el cuero cabelludo mientras se lava.<\/li>\n<\/ul>\n<h2><strong>Comprar aceite de albahaca en safinel.es<\/strong><\/h2>\n<p>Para disfrutar de los beneficios del aceite de albahaca, es esencial elegir un producto puro, natural y de calidad. En safinel.es, encontrar\u00e1 una rigurosa selecci\u00f3n de aceites esenciales, entre ellos el aceite de albahaca. Todos nuestros aceites esenciales proceden de plantas cultivadas respetando el medio ambiente y nuestras normas de calidad.<\/p>\n<p>No dude en consultar nuestro cat\u00e1logo en l\u00ednea para descubrir todos nuestros productos dedicados al bienestar y la belleza.<\/p>\n<h3><strong>Consejos para elegir su aceite<\/strong><\/h3>\n<p>Antes de comprar tu aceite de albahaca en safinel.es, aqu\u00ed tienes algunos consejos para asegurarte de que haces la elecci\u00f3n correcta:<\/p>\n<ol>\n<li><strong>Comprobar la procedencia de las plantas<\/strong>\u00a0Elija aceite procedente de cultivos ecol\u00f3gicos o respetuosos con el medio ambiente.<\/li>\n<li><strong>Elija aceites puros y naturales<\/strong>\u00a0Evite los productos que contengan aditivos o fragancias sint\u00e9ticas que puedan alterar las propiedades de la albahaca.<\/li>\n<li><strong>M\u00e1s informaci\u00f3n sobre el proceso de extracci\u00f3n<\/strong>\u00a0Elija un aceite obtenido por destilaci\u00f3n al vapor. Esto garantiza la conservaci\u00f3n de los principios activos de la albahaca.<\/li>\n<\/ol>\n<p>Siguiendo estas recomendaciones, podr\u00e1 aprovechar al m\u00e1ximo los beneficios del aceite de albahaca para su salud, belleza y bienestar diarios. \u00a1No esperes m\u00e1s para descubrir sus m\u00faltiples beneficios y hacer que esta preciosa esencia forme parte de tu rutina de bienestar!<\/p>","protected":false},"excerpt":{"rendered":"<p><span style=\"background-color: #ffffff;\">L<\/span>\u2018El aceite de albahaca tiene un aroma \u00fanico e innegables beneficios para la salud y la belleza.<\/p>\n<p><img decoding=\"async\" class=\"size-full wp-image-5091 aligncenter\" src=\"https:\/\/www.safinel.fr\/wp-content\/uploads\/2021\/06\/BANNIERE-ICONE-SAFINEL.webp\" alt=\"reaseguro de sat\u00e9n\" width=\"800\" height=\"200\" srcset=\"https:\/\/www.safinel.fr\/wp-content\/uploads\/2021\/06\/BANNIERE-ICONE-SAFINEL.webp 800w, https:\/\/www.safinel.fr\/wp-content\/uploads\/2021\/06\/BANNIERE-ICONE-SAFINEL-600x150.webp 600w, https:\/\/www.safinel.fr\/wp-content\/uploads\/2021\/06\/BANNIERE-ICONE-SAFINEL-768x192.webp 768w\" sizes=\"(max-width: 800px) 100vw, 800px\" \/><\/p>","protected":false},"featured_media":7089,"template":"","meta":[],"product_brand":[],"product_cat":[122],"product_tag":[],"class_list":{"0":"post-7088","1":"product","2":"type-product","3":"status-publish","4":"has-post-thumbnail","6":"product_cat-huile-vegetale","8":"first","9":"instock","10":"shipping-taxable","11":"purchasable","12":"product-type-simple"},"yoast_head":"<!-- This site is optimized with the Yoast SEO plugin v26.6 - https:\/\/yoast.com\/wordpress\/plugins\/seo\/ -->\n<title>Huile de basilic | Huile naturelle | Bienfaits nombreux<\/title>\n<meta name=\"description\" content=\"L&#039;huile de basilic se distingue par son ar\u00f4me unique et ses vertus incontestables en mati\u00e8re de sant\u00e9 et beaut\u00e9. Adoptez-l\u00e0 !\" \/>\n<meta name=\"robots\" content=\"index, follow, max-snippet:-1, max-image-preview:large, max-video-preview:-1\" \/>\n<link rel=\"canonical\" href=\"https:\/\/www.safinel.fr\/es\/product-2\/aceite-de-albahaca-30ml\/\" \/>\n<meta property=\"og:locale\" content=\"es_ES\" \/>\n<meta property=\"og:type\" content=\"article\" \/>\n<meta property=\"og:title\" content=\"Huile de basilic | Huile naturelle | Bienfaits nombreux\" \/>\n<meta property=\"og:description\" content=\"L&#039;huile de basilic se distingue par son ar\u00f4me unique et ses vertus incontestables en mati\u00e8re de sant\u00e9 et beaut\u00e9. Adoptez-l\u00e0 !\" \/>\n<meta property=\"og:url\" content=\"https:\/\/www.safinel.fr\/es\/product-2\/aceite-de-albahaca-30ml\/\" \/>\n<meta property=\"og:site_name\" content=\"Safinel\" \/>\n<meta property=\"article:modified_time\" content=\"2023-12-28T17:16:07+00:00\" \/>\n<meta property=\"og:image\" content=\"https:\/\/www.safinel.fr\/wp-content\/uploads\/2023\/07\/huile-de-basilic.jpg\" \/>\n\t<meta property=\"og:image:width\" content=\"600\" \/>\n\t<meta property=\"og:image:height\" content=\"600\" \/>\n\t<meta property=\"og:image:type\" content=\"image\/jpeg\" \/>\n<meta name=\"twitter:card\" content=\"summary_large_image\" \/>\n<meta name=\"twitter:label1\" content=\"Tiempo de lectura\" \/>\n\t<meta name=\"twitter:data1\" content=\"3 minutos\" \/>\n<script type=\"application\/ld+json\" class=\"yoast-schema-graph\">{\"@context\":\"https:\/\/schema.org\",\"@graph\":[{\"@type\":\"WebPage\",\"@id\":\"https:\/\/www.safinel.fr\/produit\/huile-de-basilic-30ml\/\",\"url\":\"https:\/\/www.safinel.fr\/produit\/huile-de-basilic-30ml\/\",\"name\":\"Huile de basilic | Huile naturelle | Bienfaits nombreux\",\"isPartOf\":{\"@id\":\"https:\/\/www.safinel.fr\/#website\"},\"primaryImageOfPage\":{\"@id\":\"https:\/\/www.safinel.fr\/produit\/huile-de-basilic-30ml\/#primaryimage\"},\"image\":{\"@id\":\"https:\/\/www.safinel.fr\/produit\/huile-de-basilic-30ml\/#primaryimage\"},\"thumbnailUrl\":\"https:\/\/www.safinel.fr\/wp-content\/uploads\/2023\/07\/huile-de-basilic.jpg\",\"datePublished\":\"2023-07-14T19:05:40+00:00\",\"dateModified\":\"2023-12-28T17:16:07+00:00\",\"description\":\"L'huile de basilic se distingue par son ar\u00f4me unique et ses vertus incontestables en mati\u00e8re de sant\u00e9 et beaut\u00e9. Adoptez-l\u00e0 !\",\"breadcrumb\":{\"@id\":\"https:\/\/www.safinel.fr\/produit\/huile-de-basilic-30ml\/#breadcrumb\"},\"inLanguage\":\"es\",\"potentialAction\":[{\"@type\":\"ReadAction\",\"target\":[\"https:\/\/www.safinel.fr\/produit\/huile-de-basilic-30ml\/\"]}]},{\"@type\":\"ImageObject\",\"inLanguage\":\"es\",\"@id\":\"https:\/\/www.safinel.fr\/produit\/huile-de-basilic-30ml\/#primaryimage\",\"url\":\"https:\/\/www.safinel.fr\/wp-content\/uploads\/2023\/07\/huile-de-basilic.jpg\",\"contentUrl\":\"https:\/\/www.safinel.fr\/wp-content\/uploads\/2023\/07\/huile-de-basilic.jpg\",\"width\":600,\"height\":600,\"caption\":\"Huile de basilic 30ml\"},{\"@type\":\"BreadcrumbList\",\"@id\":\"https:\/\/www.safinel.fr\/produit\/huile-de-basilic-30ml\/#breadcrumb\",\"itemListElement\":[{\"@type\":\"ListItem\",\"position\":1,\"name\":\"Accueil\",\"item\":\"https:\/\/www.safinel.fr\/\"},{\"@type\":\"ListItem\",\"position\":2,\"name\":\"Boutique\",\"item\":\"https:\/\/www.safinel.fr\/boutique\/\"},{\"@type\":\"ListItem\",\"position\":3,\"name\":\"Huile de basilic 30ml\"}]},{\"@type\":\"WebSite\",\"@id\":\"https:\/\/www.safinel.fr\/#website\",\"url\":\"https:\/\/www.safinel.fr\/\",\"name\":\"Safinel\",\"description\":\"\",\"publisher\":{\"@id\":\"https:\/\/www.safinel.fr\/#organization\"},\"potentialAction\":[{\"@type\":\"SearchAction\",\"target\":{\"@type\":\"EntryPoint\",\"urlTemplate\":\"https:\/\/www.safinel.fr\/?s={search_term_string}\"},\"query-input\":{\"@type\":\"PropertyValueSpecification\",\"valueRequired\":true,\"valueName\":\"search_term_string\"}}],\"inLanguage\":\"es\"},{\"@type\":\"Organization\",\"@id\":\"https:\/\/www.safinel.fr\/#organization\",\"name\":\"Safinel\",\"url\":\"https:\/\/www.safinel.fr\/\",\"logo\":{\"@type\":\"ImageObject\",\"inLanguage\":\"es\",\"@id\":\"https:\/\/www.safinel.fr\/#\/schema\/logo\/image\/\",\"url\":\"https:\/\/www.safinel.fr\/wp-content\/uploads\/2021\/05\/boutique-cosmetique.png\",\"contentUrl\":\"https:\/\/www.safinel.fr\/wp-content\/uploads\/2021\/05\/boutique-cosmetique.png\",\"width\":800,\"height\":200,\"caption\":\"Safinel\"},\"image\":{\"@id\":\"https:\/\/www.safinel.fr\/#\/schema\/logo\/image\/\"}}]}<\/script>\n<!-- \/ Yoast SEO plugin. -->","yoast_head_json":{"title":"Aceite de albahaca | Aceite natural | Numerosos beneficios","description":"El aceite de albahaca tiene un aroma \u00fanico e innegables beneficios para la salud y la belleza. \u00a1H\u00e1galo suyo!","robots":{"index":"index","follow":"follow","max-snippet":"max-snippet:-1","max-image-preview":"max-image-preview:large","max-video-preview":"max-video-preview:-1"},"canonical":"https:\/\/www.safinel.fr\/es\/product-2\/aceite-de-albahaca-30ml\/","og_locale":"es_ES","og_type":"article","og_title":"Huile de basilic | Huile naturelle | Bienfaits nombreux","og_description":"L'huile de basilic se distingue par son ar\u00f4me unique et ses vertus incontestables en mati\u00e8re de sant\u00e9 et beaut\u00e9. Adoptez-l\u00e0 !","og_url":"https:\/\/www.safinel.fr\/es\/product-2\/aceite-de-albahaca-30ml\/","og_site_name":"Safinel","article_modified_time":"2023-12-28T17:16:07+00:00","og_image":[{"width":600,"height":600,"url":"https:\/\/www.safinel.fr\/wp-content\/uploads\/2023\/07\/huile-de-basilic.jpg","type":"image\/jpeg"}],"twitter_card":"summary_large_image","twitter_misc":{"Tiempo de lectura":"3 minutos"},"schema":{"@context":"https:\/\/schema.org","@graph":[{"@type":"WebPage","@id":"https:\/\/www.safinel.fr\/produit\/huile-de-basilic-30ml\/","url":"https:\/\/www.safinel.fr\/produit\/huile-de-basilic-30ml\/","name":"Aceite de albahaca | Aceite natural | Numerosos beneficios","isPartOf":{"@id":"https:\/\/www.safinel.fr\/#website"},"primaryImageOfPage":{"@id":"https:\/\/www.safinel.fr\/produit\/huile-de-basilic-30ml\/#primaryimage"},"image":{"@id":"https:\/\/www.safinel.fr\/produit\/huile-de-basilic-30ml\/#primaryimage"},"thumbnailUrl":"https:\/\/www.safinel.fr\/wp-content\/uploads\/2023\/07\/huile-de-basilic.jpg","datePublished":"2023-07-14T19:05:40+00:00","dateModified":"2023-12-28T17:16:07+00:00","description":"El aceite de albahaca tiene un aroma \u00fanico e innegables beneficios para la salud y la belleza. \u00a1H\u00e1galo suyo!","breadcrumb":{"@id":"https:\/\/www.safinel.fr\/produit\/huile-de-basilic-30ml\/#breadcrumb"},"inLanguage":"es","potentialAction":[{"@type":"ReadAction","target":["https:\/\/www.safinel.fr\/produit\/huile-de-basilic-30ml\/"]}]},{"@type":"ImageObject","inLanguage":"es","@id":"https:\/\/www.safinel.fr\/produit\/huile-de-basilic-30ml\/#primaryimage","url":"https:\/\/www.safinel.fr\/wp-content\/uploads\/2023\/07\/huile-de-basilic.jpg","contentUrl":"https:\/\/www.safinel.fr\/wp-content\/uploads\/2023\/07\/huile-de-basilic.jpg","width":600,"height":600,"caption":"Huile de basilic 30ml"},{"@type":"BreadcrumbList","@id":"https:\/\/www.safinel.fr\/produit\/huile-de-basilic-30ml\/#breadcrumb","itemListElement":[{"@type":"ListItem","position":1,"name":"Accueil","item":"https:\/\/www.safinel.fr\/"},{"@type":"ListItem","position":2,"name":"Boutique","item":"https:\/\/www.safinel.fr\/boutique\/"},{"@type":"ListItem","position":3,"name":"Huile de basilic 30ml"}]},{"@type":"WebSite","@id":"https:\/\/www.safinel.fr\/#website","url":"https:\/\/www.safinel.fr\/","name":"Safinel","description":"","publisher":{"@id":"https:\/\/www.safinel.fr\/#organization"},"potentialAction":[{"@type":"SearchAction","target":{"@type":"EntryPoint","urlTemplate":"https:\/\/www.safinel.fr\/?s={search_term_string}"},"query-input":{"@type":"PropertyValueSpecification","valueRequired":true,"valueName":"search_term_string"}}],"inLanguage":"es"},{"@type":"Organization","@id":"https:\/\/www.safinel.fr\/#organization","name":"Safinel","url":"https:\/\/www.safinel.fr\/","logo":{"@type":"ImageObject","inLanguage":"es","@id":"https:\/\/www.safinel.fr\/#\/schema\/logo\/image\/","url":"https:\/\/www.safinel.fr\/wp-content\/uploads\/2021\/05\/boutique-cosmetique.png","contentUrl":"https:\/\/www.safinel.fr\/wp-content\/uploads\/2021\/05\/boutique-cosmetique.png","width":800,"height":200,"caption":"Safinel"},"image":{"@id":"https:\/\/www.safinel.fr\/#\/schema\/logo\/image\/"}}]}},"_links":{"self":[{"href":"https:\/\/www.safinel.fr\/es\/wp-json\/wp\/v2\/product\/7088","targetHints":{"allow":["GET"]}}],"collection":[{"href":"https:\/\/www.safinel.fr\/es\/wp-json\/wp\/v2\/product"}],"about":[{"href":"https:\/\/www.safinel.fr\/es\/wp-json\/wp\/v2\/types\/product"}],"wp:featuredmedia":[{"embeddable":true,"href":"https:\/\/www.safinel.fr\/es\/wp-json\/wp\/v2\/media\/7089"}],"wp:attachment":[{"href":"https:\/\/www.safinel.fr\/es\/wp-json\/wp\/v2\/media?parent=7088"}],"wp:term":[{"taxonomy":"product_brand","embeddable":true,"href":"https:\/\/www.safinel.fr\/es\/wp-json\/wp\/v2\/product_brand?post=7088"},{"taxonomy":"product_cat","embeddable":true,"href":"https:\/\/www.safinel.fr\/es\/wp-json\/wp\/v2\/product_cat?post=7088"},{"taxonomy":"product_tag","embeddable":true,"href":"https:\/\/www.safinel.fr\/es\/wp-json\/wp\/v2\/product_tag?post=7088"}],"curies":[{"name":"wp","href":"https:\/\/api.w.org\/{rel}","templated":true}]}}