{"id":6941,"date":"2023-07-06T19:05:47","date_gmt":"2023-07-06T19:05:47","guid":{"rendered":"https:\/\/www.safinel.fr\/?post_type=product&#038;p=6941"},"modified":"2024-07-08T13:34:58","modified_gmt":"2024-07-08T13:34:58","slug":"aceite-de-lentisco","status":"publish","type":"product","link":"https:\/\/www.safinel.fr\/es\/product-2\/aceite-de-lentisco\/","title":{"rendered":"Aceite lentisco 50ml"},"content":{"rendered":"<p>Se conoce sobre todo por sus propiedades descongestionantes. Esto se debe a que,\u00a0<strong>Aceite de pistacho<\/strong>\u00a0es un verdadero aliado para el bienestar circulatorio. Mezclado con otros aceites, \u00a1es una soluci\u00f3n eficaz para mejorar la salud!<\/p>\n<h2><strong>\u00bfQu\u00e9 es el aceite de lentisco?\u00a0<\/strong><\/h2>\n<p>Este\u00a0<strong>producto natural<\/strong>\u00a0se obtiene de las semillas del lentisco, una planta mediterr\u00e1nea. Originalmente, este \u00e1rbol era conocido sobre todo por su lentisco, una resina utilizada, entre otras cosas, para fabricar chicle.<\/p>\n<p>Pero este aceite vegetal tiene<strong>\u00a0beneficios para la salud<\/strong>\u00a0\u00a1! Tanto es as\u00ed que su boutique Safinel se ha apresurado a tra\u00e9rselo.<\/p>\n<p>Disponible en un frasco de 30 ml, es natural y ecol\u00f3gico, \u00a1as\u00ed que no te pierdas nada!<\/p>\n<p>Para sacar el m\u00e1ximo partido de este producto, basta con mezclarlo con otros aceites, como por ejemplo<strong>\u00a0<a href=\"https:\/\/www.safinel.fr\/es\/product-2\/aceite-de-dakpi\/\">aceite de akpi<\/a>\u00a0<\/strong>o\u00a0<a href=\"https:\/\/www.safinel.fr\/es\/product-2\/aceite-de-baobab\/\"><strong>baobab<\/strong><\/a>. Por \u00faltimo, masajee las zonas a tratar, como las piernas. Masajear o frotar la zona hasta que se absorba el aceite.<\/p>\n<h2><strong>Los beneficios del aceite de lentisco\u00a0<\/strong><\/h2>\n<p>Rico en vitaminas y antioxidantes, este\u00a0<strong>macerado oleoso<\/strong>\u00a0es un remedio eficaz para problemas cut\u00e1neos como el eccema, la psoriasis y el acn\u00e9.<\/p>\n<p>Tambi\u00e9n tiene propiedades antiinflamatorias y cicatrizantes que pueden ayudar a tratar problemas como :<\/p>\n<ul>\n<li>dolor muscular,<\/li>\n<li>dolor articular<\/li>\n<li>y problemas de circulaci\u00f3n sangu\u00ednea.<\/li>\n<\/ul>\n<p><strong>Aceite lentisco<\/strong>\u00a0tambi\u00e9n es muy calmante para la piel y puede ayudar a combatir el envejecimiento cut\u00e1neo. Por \u00faltimo, es conocido por sus propiedades antis\u00e9pticas y se utiliza a menudo para tratar infecciones f\u00fangicas y \u00falceras cut\u00e1neas.<\/p>\n<h3><strong>Algunas precauciones\u00a0<\/strong><\/h3>\n<p>Este aceite vegetal lentisco no se recomienda durante el embarazo, la lactancia ni en ni\u00f1os peque\u00f1os.<\/p>\n<p>Adem\u00e1s, para uso interno, debe consultar previamente a un especialista de la salud.<\/p>","protected":false},"excerpt":{"rendered":"<p>Se conoce sobre todo por sus propiedades descongestionantes. Esto se debe a que,\u00a0<strong>Aceite de pistacho<\/strong>\u00a0es un verdadero aliado para el confort circulatorio.<\/p>\n<p><img decoding=\"async\" class=\"size-full wp-image-5091 aligncenter\" src=\"https:\/\/www.safinel.fr\/wp-content\/uploads\/2021\/06\/BANNIERE-ICONE-SAFINEL.webp\" alt=\"reaseguro de sat\u00e9n\" width=\"800\" height=\"200\" srcset=\"https:\/\/www.safinel.fr\/wp-content\/uploads\/2021\/06\/BANNIERE-ICONE-SAFINEL.webp 800w, https:\/\/www.safinel.fr\/wp-content\/uploads\/2021\/06\/BANNIERE-ICONE-SAFINEL-600x150.webp 600w, https:\/\/www.safinel.fr\/wp-content\/uploads\/2021\/06\/BANNIERE-ICONE-SAFINEL-768x192.webp 768w\" sizes=\"(max-width: 800px) 100vw, 800px\" \/><\/p>","protected":false},"featured_media":6942,"template":"","meta":[],"product_brand":[],"product_cat":[122],"product_tag":[],"class_list":{"0":"post-6941","1":"product","2":"type-product","3":"status-publish","4":"has-post-thumbnail","6":"product_cat-huile-vegetale","8":"first","9":"outofstock","10":"shipping-taxable","11":"purchasable","12":"product-type-simple"},"yoast_head":"<!-- This site is optimized with the Yoast SEO plugin v26.6 - https:\/\/yoast.com\/wordpress\/plugins\/seo\/ -->\n<title>Huile de lentisque | Huile naturelle | Bienfaits nombreux<\/title>\n<meta name=\"description\" content=\"On la conna\u00eet essentiellement pour ses vertus d\u00e9congestionnantes. L\u2019huile de lentisque pistachier\u00a0est une vraie alli\u00e9e pour le confort circulatoire.\" \/>\n<meta name=\"robots\" content=\"index, follow, max-snippet:-1, max-image-preview:large, max-video-preview:-1\" \/>\n<link rel=\"canonical\" href=\"https:\/\/www.safinel.fr\/es\/product-2\/aceite-de-lentisco\/\" \/>\n<meta property=\"og:locale\" content=\"es_ES\" \/>\n<meta property=\"og:type\" content=\"article\" \/>\n<meta property=\"og:title\" content=\"Huile de lentisque | Huile naturelle | Bienfaits nombreux\" \/>\n<meta property=\"og:description\" content=\"On la conna\u00eet essentiellement pour ses vertus d\u00e9congestionnantes. L\u2019huile de lentisque pistachier\u00a0est une vraie alli\u00e9e pour le confort circulatoire.\" \/>\n<meta property=\"og:url\" content=\"https:\/\/www.safinel.fr\/es\/product-2\/aceite-de-lentisco\/\" \/>\n<meta property=\"og:site_name\" content=\"Safinel\" \/>\n<meta property=\"article:modified_time\" content=\"2024-07-08T13:34:58+00:00\" \/>\n<meta property=\"og:image\" content=\"https:\/\/www.safinel.fr\/wp-content\/uploads\/2023\/07\/huile-de-lentisque.jpg.webp\" \/>\n\t<meta property=\"og:image:width\" content=\"600\" \/>\n\t<meta property=\"og:image:height\" content=\"600\" \/>\n\t<meta property=\"og:image:type\" content=\"image\/webp\" \/>\n<meta name=\"twitter:card\" content=\"summary_large_image\" \/>\n<meta name=\"twitter:label1\" content=\"Tiempo de lectura\" \/>\n\t<meta name=\"twitter:data1\" content=\"2 minutos\" \/>\n<script type=\"application\/ld+json\" class=\"yoast-schema-graph\">{\"@context\":\"https:\/\/schema.org\",\"@graph\":[{\"@type\":\"WebPage\",\"@id\":\"https:\/\/www.safinel.fr\/produit\/huile-de-lentisque\/\",\"url\":\"https:\/\/www.safinel.fr\/produit\/huile-de-lentisque\/\",\"name\":\"Huile de lentisque | Huile naturelle | Bienfaits nombreux\",\"isPartOf\":{\"@id\":\"https:\/\/www.safinel.fr\/#website\"},\"primaryImageOfPage\":{\"@id\":\"https:\/\/www.safinel.fr\/produit\/huile-de-lentisque\/#primaryimage\"},\"image\":{\"@id\":\"https:\/\/www.safinel.fr\/produit\/huile-de-lentisque\/#primaryimage\"},\"thumbnailUrl\":\"https:\/\/www.safinel.fr\/wp-content\/uploads\/2023\/07\/huile-de-lentisque.jpg.webp\",\"datePublished\":\"2023-07-06T19:05:47+00:00\",\"dateModified\":\"2024-07-08T13:34:58+00:00\",\"description\":\"On la conna\u00eet essentiellement pour ses vertus d\u00e9congestionnantes. L\u2019huile de lentisque pistachier\u00a0est une vraie alli\u00e9e pour le confort circulatoire.\",\"breadcrumb\":{\"@id\":\"https:\/\/www.safinel.fr\/produit\/huile-de-lentisque\/#breadcrumb\"},\"inLanguage\":\"es\",\"potentialAction\":[{\"@type\":\"ReadAction\",\"target\":[\"https:\/\/www.safinel.fr\/produit\/huile-de-lentisque\/\"]}]},{\"@type\":\"ImageObject\",\"inLanguage\":\"es\",\"@id\":\"https:\/\/www.safinel.fr\/produit\/huile-de-lentisque\/#primaryimage\",\"url\":\"https:\/\/www.safinel.fr\/wp-content\/uploads\/2023\/07\/huile-de-lentisque.jpg.webp\",\"contentUrl\":\"https:\/\/www.safinel.fr\/wp-content\/uploads\/2023\/07\/huile-de-lentisque.jpg.webp\",\"width\":600,\"height\":600,\"caption\":\"Huile de lentisque\"},{\"@type\":\"BreadcrumbList\",\"@id\":\"https:\/\/www.safinel.fr\/produit\/huile-de-lentisque\/#breadcrumb\",\"itemListElement\":[{\"@type\":\"ListItem\",\"position\":1,\"name\":\"Accueil\",\"item\":\"https:\/\/www.safinel.fr\/\"},{\"@type\":\"ListItem\",\"position\":2,\"name\":\"Boutique\",\"item\":\"https:\/\/www.safinel.fr\/boutique\/\"},{\"@type\":\"ListItem\",\"position\":3,\"name\":\"Huile de lentisque 50ml\"}]},{\"@type\":\"WebSite\",\"@id\":\"https:\/\/www.safinel.fr\/#website\",\"url\":\"https:\/\/www.safinel.fr\/\",\"name\":\"Safinel\",\"description\":\"\",\"publisher\":{\"@id\":\"https:\/\/www.safinel.fr\/#organization\"},\"potentialAction\":[{\"@type\":\"SearchAction\",\"target\":{\"@type\":\"EntryPoint\",\"urlTemplate\":\"https:\/\/www.safinel.fr\/?s={search_term_string}\"},\"query-input\":{\"@type\":\"PropertyValueSpecification\",\"valueRequired\":true,\"valueName\":\"search_term_string\"}}],\"inLanguage\":\"es\"},{\"@type\":\"Organization\",\"@id\":\"https:\/\/www.safinel.fr\/#organization\",\"name\":\"Safinel\",\"url\":\"https:\/\/www.safinel.fr\/\",\"logo\":{\"@type\":\"ImageObject\",\"inLanguage\":\"es\",\"@id\":\"https:\/\/www.safinel.fr\/#\/schema\/logo\/image\/\",\"url\":\"https:\/\/www.safinel.fr\/wp-content\/uploads\/2021\/05\/boutique-cosmetique.png\",\"contentUrl\":\"https:\/\/www.safinel.fr\/wp-content\/uploads\/2021\/05\/boutique-cosmetique.png\",\"width\":800,\"height\":200,\"caption\":\"Safinel\"},\"image\":{\"@id\":\"https:\/\/www.safinel.fr\/#\/schema\/logo\/image\/\"}}]}<\/script>\n<!-- \/ Yoast SEO plugin. -->","yoast_head_json":{"title":"Aceite de lentisco | Aceite natural | Numerosos beneficios","description":"Es conocido sobre todo por sus propiedades descongestionantes. El aceite de Pistacho Lentisco es un verdadero aliado para el bienestar circulatorio.","robots":{"index":"index","follow":"follow","max-snippet":"max-snippet:-1","max-image-preview":"max-image-preview:large","max-video-preview":"max-video-preview:-1"},"canonical":"https:\/\/www.safinel.fr\/es\/product-2\/aceite-de-lentisco\/","og_locale":"es_ES","og_type":"article","og_title":"Huile de lentisque | Huile naturelle | Bienfaits nombreux","og_description":"On la conna\u00eet essentiellement pour ses vertus d\u00e9congestionnantes. L\u2019huile de lentisque pistachier\u00a0est une vraie alli\u00e9e pour le confort circulatoire.","og_url":"https:\/\/www.safinel.fr\/es\/product-2\/aceite-de-lentisco\/","og_site_name":"Safinel","article_modified_time":"2024-07-08T13:34:58+00:00","og_image":[{"width":600,"height":600,"url":"https:\/\/www.safinel.fr\/wp-content\/uploads\/2023\/07\/huile-de-lentisque.jpg.webp","type":"image\/webp"}],"twitter_card":"summary_large_image","twitter_misc":{"Tiempo de lectura":"2 minutos"},"schema":{"@context":"https:\/\/schema.org","@graph":[{"@type":"WebPage","@id":"https:\/\/www.safinel.fr\/produit\/huile-de-lentisque\/","url":"https:\/\/www.safinel.fr\/produit\/huile-de-lentisque\/","name":"Aceite de lentisco | Aceite natural | Numerosos beneficios","isPartOf":{"@id":"https:\/\/www.safinel.fr\/#website"},"primaryImageOfPage":{"@id":"https:\/\/www.safinel.fr\/produit\/huile-de-lentisque\/#primaryimage"},"image":{"@id":"https:\/\/www.safinel.fr\/produit\/huile-de-lentisque\/#primaryimage"},"thumbnailUrl":"https:\/\/www.safinel.fr\/wp-content\/uploads\/2023\/07\/huile-de-lentisque.jpg.webp","datePublished":"2023-07-06T19:05:47+00:00","dateModified":"2024-07-08T13:34:58+00:00","description":"Es conocido sobre todo por sus propiedades descongestionantes. El aceite de Pistacho Lentisco es un verdadero aliado para el bienestar circulatorio.","breadcrumb":{"@id":"https:\/\/www.safinel.fr\/produit\/huile-de-lentisque\/#breadcrumb"},"inLanguage":"es","potentialAction":[{"@type":"ReadAction","target":["https:\/\/www.safinel.fr\/produit\/huile-de-lentisque\/"]}]},{"@type":"ImageObject","inLanguage":"es","@id":"https:\/\/www.safinel.fr\/produit\/huile-de-lentisque\/#primaryimage","url":"https:\/\/www.safinel.fr\/wp-content\/uploads\/2023\/07\/huile-de-lentisque.jpg.webp","contentUrl":"https:\/\/www.safinel.fr\/wp-content\/uploads\/2023\/07\/huile-de-lentisque.jpg.webp","width":600,"height":600,"caption":"Huile de lentisque"},{"@type":"BreadcrumbList","@id":"https:\/\/www.safinel.fr\/produit\/huile-de-lentisque\/#breadcrumb","itemListElement":[{"@type":"ListItem","position":1,"name":"Accueil","item":"https:\/\/www.safinel.fr\/"},{"@type":"ListItem","position":2,"name":"Boutique","item":"https:\/\/www.safinel.fr\/boutique\/"},{"@type":"ListItem","position":3,"name":"Huile de lentisque 50ml"}]},{"@type":"WebSite","@id":"https:\/\/www.safinel.fr\/#website","url":"https:\/\/www.safinel.fr\/","name":"Safinel","description":"","publisher":{"@id":"https:\/\/www.safinel.fr\/#organization"},"potentialAction":[{"@type":"SearchAction","target":{"@type":"EntryPoint","urlTemplate":"https:\/\/www.safinel.fr\/?s={search_term_string}"},"query-input":{"@type":"PropertyValueSpecification","valueRequired":true,"valueName":"search_term_string"}}],"inLanguage":"es"},{"@type":"Organization","@id":"https:\/\/www.safinel.fr\/#organization","name":"Safinel","url":"https:\/\/www.safinel.fr\/","logo":{"@type":"ImageObject","inLanguage":"es","@id":"https:\/\/www.safinel.fr\/#\/schema\/logo\/image\/","url":"https:\/\/www.safinel.fr\/wp-content\/uploads\/2021\/05\/boutique-cosmetique.png","contentUrl":"https:\/\/www.safinel.fr\/wp-content\/uploads\/2021\/05\/boutique-cosmetique.png","width":800,"height":200,"caption":"Safinel"},"image":{"@id":"https:\/\/www.safinel.fr\/#\/schema\/logo\/image\/"}}]}},"_links":{"self":[{"href":"https:\/\/www.safinel.fr\/es\/wp-json\/wp\/v2\/product\/6941","targetHints":{"allow":["GET"]}}],"collection":[{"href":"https:\/\/www.safinel.fr\/es\/wp-json\/wp\/v2\/product"}],"about":[{"href":"https:\/\/www.safinel.fr\/es\/wp-json\/wp\/v2\/types\/product"}],"wp:featuredmedia":[{"embeddable":true,"href":"https:\/\/www.safinel.fr\/es\/wp-json\/wp\/v2\/media\/6942"}],"wp:attachment":[{"href":"https:\/\/www.safinel.fr\/es\/wp-json\/wp\/v2\/media?parent=6941"}],"wp:term":[{"taxonomy":"product_brand","embeddable":true,"href":"https:\/\/www.safinel.fr\/es\/wp-json\/wp\/v2\/product_brand?post=6941"},{"taxonomy":"product_cat","embeddable":true,"href":"https:\/\/www.safinel.fr\/es\/wp-json\/wp\/v2\/product_cat?post=6941"},{"taxonomy":"product_tag","embeddable":true,"href":"https:\/\/www.safinel.fr\/es\/wp-json\/wp\/v2\/product_tag?post=6941"}],"curies":[{"name":"wp","href":"https:\/\/api.w.org\/{rel}","templated":true}]}}