{"id":6937,"date":"2023-07-06T17:42:55","date_gmt":"2023-07-06T17:42:55","guid":{"rendered":"https:\/\/www.safinel.fr\/?post_type=product&#038;p=6937"},"modified":"2023-12-29T14:15:50","modified_gmt":"2023-12-29T14:15:50","slug":"jabon-negro","status":"publish","type":"product","link":"https:\/\/www.safinel.fr\/es\/product-2\/jabon-negro\/","title":{"rendered":"Jab\u00f3n negro de Nila 200 g"},"content":{"rendered":"<p>Descubra el jab\u00f3n negro con Nila, un producto de belleza excepcional que combina las propiedades purificantes del jab\u00f3n negro con los beneficios de Nila. Un tratamiento completo para una piel limpia y sana.<\/p>\n<h2><strong>Jab\u00f3n negro de Nila: una fusi\u00f3n perfecta de naturaleza y cuidado de la piel<\/strong><\/h2>\n<p>Le <strong>jab\u00f3n azul beldi<\/strong> es una fusi\u00f3n \u00fanica de dos potentes ingredientes naturales. Este producto, conocido por sus propiedades de limpieza profunda, combina maravillosamente bien con Nila. Conocido por <a href=\"https:\/\/www.safinel.fr\/es\/product-2\/jabon-de-tocador\/\"><strong>sus beneficios para la piel<\/strong><\/a>.<\/p>\n<h2><strong>\u00bfPor qu\u00e9 optar por\u00a0<\/strong><strong>jab\u00f3n azul beldi<\/strong><\/h2>\n<p>Utilizar este cosm\u00e9tico natural significa elegir un producto de belleza natural, eficaz y respetuoso con la piel.<\/p>\n<p>Limpia en profundidad, purifica la piel y ayuda a hidratarla y regenerarla.<\/p>\n<h3><strong>Uso del jab\u00f3n negro con Nila: sencillo y eficaz<\/strong><\/h3>\n<p>Para aprovechar los beneficios de este producto de origen natural, basta con aplicarlo sobre la piel h\u00fameda, masajear suavemente para exfoliarla y aclarar. Notar\u00e1 inmediatamente una piel m\u00e1s suave, clara y radiante.<\/p>\n<h3><strong>D\u00f3nde conseguir su jab\u00f3n azul beldi<\/strong><\/h3>\n<p>El jab\u00f3n Nila beldi est\u00e1 disponible en varios comercios en l\u00ednea y tiendas especializadas en belleza natural. Aseg\u00farate siempre de elegir proveedores de confianza para garantizar la calidad y autenticidad del producto.<\/p>\n<p>En resumen\u00a0<strong>jab\u00f3n azul beldi<\/strong> es un producto de belleza natural y eficaz. Proporciona a su piel el cuidado que se merece. Pru\u00e9belo hoy mismo y descubra la diferencia que un cuidado de calidad puede suponer para su piel.<\/p>","protected":false},"excerpt":{"rendered":"<p><img decoding=\"async\" class=\"size-full wp-image-5091 aligncenter\" src=\"https:\/\/www.safinel.fr\/wp-content\/uploads\/2021\/06\/BANNIERE-ICONE-SAFINEL.webp\" alt=\"reaseguro de sat\u00e9n\" width=\"800\" height=\"200\" srcset=\"https:\/\/www.safinel.fr\/wp-content\/uploads\/2021\/06\/BANNIERE-ICONE-SAFINEL.webp 800w, https:\/\/www.safinel.fr\/wp-content\/uploads\/2021\/06\/BANNIERE-ICONE-SAFINEL-600x150.webp 600w, https:\/\/www.safinel.fr\/wp-content\/uploads\/2021\/06\/BANNIERE-ICONE-SAFINEL-768x192.webp 768w\" sizes=\"(max-width: 800px) 100vw, 800px\" \/><\/p>","protected":false},"featured_media":6938,"template":"","meta":[],"product_brand":[],"product_cat":[164,123],"product_tag":[],"class_list":{"0":"post-6937","1":"product","2":"type-product","3":"status-publish","4":"has-post-thumbnail","6":"product_cat-nila","7":"product_cat-savon","9":"first","10":"instock","11":"shipping-taxable","12":"purchasable","13":"product-type-simple"},"yoast_head":"<!-- This site is optimized with the Yoast SEO plugin v26.6 - https:\/\/yoast.com\/wordpress\/plugins\/seo\/ -->\n<title>Savon noir \u00e0 la Nila | Savon marocain | Contenance 200g<\/title>\n<meta name=\"description\" content=\"D\u00e9couvrez le savon noir \u00e0 la Nila, un produit de beaut\u00e9 exceptionnel qui allie les propri\u00e9t\u00e9s purifiantes du savon noir aux bienfaits de la Nila.\" \/>\n<meta name=\"robots\" content=\"index, follow, max-snippet:-1, max-image-preview:large, max-video-preview:-1\" \/>\n<link rel=\"canonical\" href=\"https:\/\/www.safinel.fr\/es\/product-2\/jabon-negro\/\" \/>\n<meta property=\"og:locale\" content=\"es_ES\" \/>\n<meta property=\"og:type\" content=\"article\" \/>\n<meta property=\"og:title\" content=\"Savon noir \u00e0 la Nila | Savon marocain | Contenance 200g\" \/>\n<meta property=\"og:description\" content=\"D\u00e9couvrez le savon noir \u00e0 la Nila, un produit de beaut\u00e9 exceptionnel qui allie les propri\u00e9t\u00e9s purifiantes du savon noir aux bienfaits de la Nila.\" \/>\n<meta property=\"og:url\" content=\"https:\/\/www.safinel.fr\/es\/product-2\/jabon-negro\/\" \/>\n<meta property=\"og:site_name\" content=\"Safinel\" \/>\n<meta property=\"article:modified_time\" content=\"2023-12-29T14:15:50+00:00\" \/>\n<meta property=\"og:image\" content=\"https:\/\/www.safinel.fr\/wp-content\/uploads\/2023\/07\/savon-noir-a-la-nila.jpg\" \/>\n\t<meta property=\"og:image:width\" content=\"600\" \/>\n\t<meta property=\"og:image:height\" content=\"600\" \/>\n\t<meta property=\"og:image:type\" content=\"image\/jpeg\" \/>\n<meta name=\"twitter:card\" content=\"summary_large_image\" \/>\n<meta name=\"twitter:label1\" content=\"Tiempo de lectura\" \/>\n\t<meta name=\"twitter:data1\" content=\"1 minuto\" \/>\n<script type=\"application\/ld+json\" class=\"yoast-schema-graph\">{\"@context\":\"https:\/\/schema.org\",\"@graph\":[{\"@type\":\"WebPage\",\"@id\":\"https:\/\/www.safinel.fr\/produit\/savon-noir-a-la-nila\/\",\"url\":\"https:\/\/www.safinel.fr\/produit\/savon-noir-a-la-nila\/\",\"name\":\"Savon noir \u00e0 la Nila | Savon marocain | Contenance 200g\",\"isPartOf\":{\"@id\":\"https:\/\/www.safinel.fr\/#website\"},\"primaryImageOfPage\":{\"@id\":\"https:\/\/www.safinel.fr\/produit\/savon-noir-a-la-nila\/#primaryimage\"},\"image\":{\"@id\":\"https:\/\/www.safinel.fr\/produit\/savon-noir-a-la-nila\/#primaryimage\"},\"thumbnailUrl\":\"https:\/\/www.safinel.fr\/wp-content\/uploads\/2023\/07\/savon-noir-a-la-nila.jpg\",\"datePublished\":\"2023-07-06T17:42:55+00:00\",\"dateModified\":\"2023-12-29T14:15:50+00:00\",\"description\":\"D\u00e9couvrez le savon noir \u00e0 la Nila, un produit de beaut\u00e9 exceptionnel qui allie les propri\u00e9t\u00e9s purifiantes du savon noir aux bienfaits de la Nila.\",\"breadcrumb\":{\"@id\":\"https:\/\/www.safinel.fr\/produit\/savon-noir-a-la-nila\/#breadcrumb\"},\"inLanguage\":\"es\",\"potentialAction\":[{\"@type\":\"ReadAction\",\"target\":[\"https:\/\/www.safinel.fr\/produit\/savon-noir-a-la-nila\/\"]}]},{\"@type\":\"ImageObject\",\"inLanguage\":\"es\",\"@id\":\"https:\/\/www.safinel.fr\/produit\/savon-noir-a-la-nila\/#primaryimage\",\"url\":\"https:\/\/www.safinel.fr\/wp-content\/uploads\/2023\/07\/savon-noir-a-la-nila.jpg\",\"contentUrl\":\"https:\/\/www.safinel.fr\/wp-content\/uploads\/2023\/07\/savon-noir-a-la-nila.jpg\",\"width\":600,\"height\":600,\"caption\":\"Savon noir \u00e0 la Nila 200g\"},{\"@type\":\"BreadcrumbList\",\"@id\":\"https:\/\/www.safinel.fr\/produit\/savon-noir-a-la-nila\/#breadcrumb\",\"itemListElement\":[{\"@type\":\"ListItem\",\"position\":1,\"name\":\"Accueil\",\"item\":\"https:\/\/www.safinel.fr\/\"},{\"@type\":\"ListItem\",\"position\":2,\"name\":\"Boutique\",\"item\":\"https:\/\/www.safinel.fr\/boutique\/\"},{\"@type\":\"ListItem\",\"position\":3,\"name\":\"Savon noir \u00e0 la Nila 200g\"}]},{\"@type\":\"WebSite\",\"@id\":\"https:\/\/www.safinel.fr\/#website\",\"url\":\"https:\/\/www.safinel.fr\/\",\"name\":\"Safinel\",\"description\":\"\",\"publisher\":{\"@id\":\"https:\/\/www.safinel.fr\/#organization\"},\"potentialAction\":[{\"@type\":\"SearchAction\",\"target\":{\"@type\":\"EntryPoint\",\"urlTemplate\":\"https:\/\/www.safinel.fr\/?s={search_term_string}\"},\"query-input\":{\"@type\":\"PropertyValueSpecification\",\"valueRequired\":true,\"valueName\":\"search_term_string\"}}],\"inLanguage\":\"es\"},{\"@type\":\"Organization\",\"@id\":\"https:\/\/www.safinel.fr\/#organization\",\"name\":\"Safinel\",\"url\":\"https:\/\/www.safinel.fr\/\",\"logo\":{\"@type\":\"ImageObject\",\"inLanguage\":\"es\",\"@id\":\"https:\/\/www.safinel.fr\/#\/schema\/logo\/image\/\",\"url\":\"https:\/\/www.safinel.fr\/wp-content\/uploads\/2021\/05\/boutique-cosmetique.png\",\"contentUrl\":\"https:\/\/www.safinel.fr\/wp-content\/uploads\/2021\/05\/boutique-cosmetique.png\",\"width\":800,\"height\":200,\"caption\":\"Safinel\"},\"image\":{\"@id\":\"https:\/\/www.safinel.fr\/#\/schema\/logo\/image\/\"}}]}<\/script>\n<!-- \/ Yoast SEO plugin. -->","yoast_head_json":{"title":"Jab\u00f3n Negro Nila | Jab\u00f3n Marroqu\u00ed | Capacidad 200g","description":"Descubra el jab\u00f3n negro con Nila, un producto de belleza excepcional que combina las propiedades purificantes del jab\u00f3n negro con los beneficios de Nila.","robots":{"index":"index","follow":"follow","max-snippet":"max-snippet:-1","max-image-preview":"max-image-preview:large","max-video-preview":"max-video-preview:-1"},"canonical":"https:\/\/www.safinel.fr\/es\/product-2\/jabon-negro\/","og_locale":"es_ES","og_type":"article","og_title":"Savon noir \u00e0 la Nila | Savon marocain | Contenance 200g","og_description":"D\u00e9couvrez le savon noir \u00e0 la Nila, un produit de beaut\u00e9 exceptionnel qui allie les propri\u00e9t\u00e9s purifiantes du savon noir aux bienfaits de la Nila.","og_url":"https:\/\/www.safinel.fr\/es\/product-2\/jabon-negro\/","og_site_name":"Safinel","article_modified_time":"2023-12-29T14:15:50+00:00","og_image":[{"width":600,"height":600,"url":"https:\/\/www.safinel.fr\/wp-content\/uploads\/2023\/07\/savon-noir-a-la-nila.jpg","type":"image\/jpeg"}],"twitter_card":"summary_large_image","twitter_misc":{"Tiempo de lectura":"1 minuto"},"schema":{"@context":"https:\/\/schema.org","@graph":[{"@type":"WebPage","@id":"https:\/\/www.safinel.fr\/produit\/savon-noir-a-la-nila\/","url":"https:\/\/www.safinel.fr\/produit\/savon-noir-a-la-nila\/","name":"Jab\u00f3n Negro Nila | Jab\u00f3n Marroqu\u00ed | Capacidad 200g","isPartOf":{"@id":"https:\/\/www.safinel.fr\/#website"},"primaryImageOfPage":{"@id":"https:\/\/www.safinel.fr\/produit\/savon-noir-a-la-nila\/#primaryimage"},"image":{"@id":"https:\/\/www.safinel.fr\/produit\/savon-noir-a-la-nila\/#primaryimage"},"thumbnailUrl":"https:\/\/www.safinel.fr\/wp-content\/uploads\/2023\/07\/savon-noir-a-la-nila.jpg","datePublished":"2023-07-06T17:42:55+00:00","dateModified":"2023-12-29T14:15:50+00:00","description":"Descubra el jab\u00f3n negro con Nila, un producto de belleza excepcional que combina las propiedades purificantes del jab\u00f3n negro con los beneficios de Nila.","breadcrumb":{"@id":"https:\/\/www.safinel.fr\/produit\/savon-noir-a-la-nila\/#breadcrumb"},"inLanguage":"es","potentialAction":[{"@type":"ReadAction","target":["https:\/\/www.safinel.fr\/produit\/savon-noir-a-la-nila\/"]}]},{"@type":"ImageObject","inLanguage":"es","@id":"https:\/\/www.safinel.fr\/produit\/savon-noir-a-la-nila\/#primaryimage","url":"https:\/\/www.safinel.fr\/wp-content\/uploads\/2023\/07\/savon-noir-a-la-nila.jpg","contentUrl":"https:\/\/www.safinel.fr\/wp-content\/uploads\/2023\/07\/savon-noir-a-la-nila.jpg","width":600,"height":600,"caption":"Savon noir \u00e0 la Nila 200g"},{"@type":"BreadcrumbList","@id":"https:\/\/www.safinel.fr\/produit\/savon-noir-a-la-nila\/#breadcrumb","itemListElement":[{"@type":"ListItem","position":1,"name":"Accueil","item":"https:\/\/www.safinel.fr\/"},{"@type":"ListItem","position":2,"name":"Boutique","item":"https:\/\/www.safinel.fr\/boutique\/"},{"@type":"ListItem","position":3,"name":"Savon noir \u00e0 la Nila 200g"}]},{"@type":"WebSite","@id":"https:\/\/www.safinel.fr\/#website","url":"https:\/\/www.safinel.fr\/","name":"Safinel","description":"","publisher":{"@id":"https:\/\/www.safinel.fr\/#organization"},"potentialAction":[{"@type":"SearchAction","target":{"@type":"EntryPoint","urlTemplate":"https:\/\/www.safinel.fr\/?s={search_term_string}"},"query-input":{"@type":"PropertyValueSpecification","valueRequired":true,"valueName":"search_term_string"}}],"inLanguage":"es"},{"@type":"Organization","@id":"https:\/\/www.safinel.fr\/#organization","name":"Safinel","url":"https:\/\/www.safinel.fr\/","logo":{"@type":"ImageObject","inLanguage":"es","@id":"https:\/\/www.safinel.fr\/#\/schema\/logo\/image\/","url":"https:\/\/www.safinel.fr\/wp-content\/uploads\/2021\/05\/boutique-cosmetique.png","contentUrl":"https:\/\/www.safinel.fr\/wp-content\/uploads\/2021\/05\/boutique-cosmetique.png","width":800,"height":200,"caption":"Safinel"},"image":{"@id":"https:\/\/www.safinel.fr\/#\/schema\/logo\/image\/"}}]}},"_links":{"self":[{"href":"https:\/\/www.safinel.fr\/es\/wp-json\/wp\/v2\/product\/6937","targetHints":{"allow":["GET"]}}],"collection":[{"href":"https:\/\/www.safinel.fr\/es\/wp-json\/wp\/v2\/product"}],"about":[{"href":"https:\/\/www.safinel.fr\/es\/wp-json\/wp\/v2\/types\/product"}],"wp:featuredmedia":[{"embeddable":true,"href":"https:\/\/www.safinel.fr\/es\/wp-json\/wp\/v2\/media\/6938"}],"wp:attachment":[{"href":"https:\/\/www.safinel.fr\/es\/wp-json\/wp\/v2\/media?parent=6937"}],"wp:term":[{"taxonomy":"product_brand","embeddable":true,"href":"https:\/\/www.safinel.fr\/es\/wp-json\/wp\/v2\/product_brand?post=6937"},{"taxonomy":"product_cat","embeddable":true,"href":"https:\/\/www.safinel.fr\/es\/wp-json\/wp\/v2\/product_cat?post=6937"},{"taxonomy":"product_tag","embeddable":true,"href":"https:\/\/www.safinel.fr\/es\/wp-json\/wp\/v2\/product_tag?post=6937"}],"curies":[{"name":"wp","href":"https:\/\/api.w.org\/{rel}","templated":true}]}}