{"id":6884,"date":"2023-07-04T17:28:14","date_gmt":"2023-07-04T17:28:14","guid":{"rendered":"https:\/\/www.safinel.fr\/?post_type=product&#038;p=6884"},"modified":"2023-12-30T11:53:50","modified_gmt":"2023-12-30T11:53:50","slug":"aceite-de-dabricot","status":"publish","type":"product","link":"https:\/\/www.safinel.fr\/es\/product-2\/aceite-de-dabricot\/","title":{"rendered":"Aceite de albaricoque 30ml"},"content":{"rendered":"<p>L\u2019<strong>aceite de albaricoque<\/strong>\u00a0es un aceite natural con m\u00faltiples beneficios para la piel. Extra\u00eddo de\u00a0<strong>hueso de albaricoque<\/strong>, Este aceite nutritivo y suavizante es ideal para cuidar la piel a diario.<\/p>\n<p>Aqu\u00ed le invitamos a descubrir los beneficios del aceite de albaricoque 30ml y consejos para comprar este aceite en safinel.es.<\/p>\n<h2><strong>Las propiedades del aceite de albaricoque<\/strong><\/h2>\n<p>Obtenido por\u00a0<strong>presi\u00f3n en fr\u00edo<\/strong>\u00a0albaricoque, este producto posee una serie de cualidades que lo convierten en un producto ideal para el cuidado de la piel:<\/p>\n<ul>\n<li><strong>Rico en vitamina E<\/strong>\u00a0Vitamina E: tambi\u00e9n conocida como tocoferol, la vitamina E es un potente antioxidante que protege la piel de las agresiones externas y del envejecimiento prematuro.<\/li>\n<li><strong>Contenido en vitamina A<\/strong>\u00a0Vitamina A: la vitamina A ayuda a mejorar la renovaci\u00f3n celular y a mantener una piel sana.<\/li>\n<li><strong>Omega 6<\/strong>\u00a0Estos \u00e1cidos grasos esenciales ayudan a nutrir e hidratar la piel en profundidad.<\/li>\n<\/ul>\n<p>Gracias a su composici\u00f3n rica y variada, este cosm\u00e9tico natural es un aut\u00e9ntico concentrado de beneficios para la piel.<\/p>\n<h2><strong>Usos del aceite de albaricoque<\/strong><\/h2>\n<p>Este aceite natural puede utilizarse de muchas formas para cuidar la piel:<\/p>\n<ul>\n<li><strong>Cuidado facial diurno<\/strong><\/li>\n<\/ul>\n<p>Aplicado sobre el rostro por la ma\u00f1ana, nutre y protege la piel durante todo el d\u00eda. Puede utilizarse solo o mezclado con la crema hidratante habitual.<\/p>\n<ul>\n<li><strong>Aceite corporal<\/strong><\/li>\n<\/ul>\n<p>Al masajear la piel, penetra f\u00e1cilmente, dejando un tacto suave y aterciopelado. Es ideal para prevenir\u00a0<a href=\"https:\/\/www.safinel.fr\/es\/product-2\/paquete-fisura-anal\/\"><strong>grietas<\/strong><\/a>\u00a0y otros s\u00edntomas de\u00a0<strong>piel seca<\/strong>.<\/p>\n<ul>\n<li><strong>Activador del bronceado<\/strong><\/li>\n<\/ul>\n<p>Gracias a su alto contenido en vitamina A, este producto natural para el cuidado de la piel favorece el bronceado y lo prolonga. Puedes utilizarlo como aceite solar natural, pero cuidado, no sustituye a la protecci\u00f3n solar adecuada a tu tipo de piel.<\/p>\n<h2><strong>Comprar en safinel.fr<\/strong><\/h2>\n<p>Para disfrutar de los beneficios de este aceite natural Es esencial elegir un\u00a0<strong>aceite de calidad<\/strong>\u00a0y obtenidos por presi\u00f3n en fr\u00edo. En safinel.es, encontrar\u00e1 una selecci\u00f3n de aceites de albaricoque de primera calidad, elaborados a partir de\u00a0<strong>primer prensado en fr\u00edo<\/strong>\u00a0para preservar todas sus propiedades.<\/p>\n<h3><strong>Criterios de selecci\u00f3n<\/strong><\/h3>\n<p>A la hora de elegir su aceite de albaricoque, tenga en cuenta lo siguiente:<\/p>\n<ul>\n<li><strong>De d\u00f3nde vienen los albaricoques<\/strong>\u00a0Elija aceites elaborados con albaricoques cultivados sin pesticidas. Recolectados cuando est\u00e1n completamente maduros para aprovechar al m\u00e1ximo los beneficios de la fruta.<\/li>\n<li><strong>El m\u00e9todo de extracci\u00f3n<\/strong>\u00a0Elija aceite de albaricoque obtenido por primera presi\u00f3n en fr\u00edo. As\u00ed se conservan mejor los nutrientes y los \u00e1cidos grasos esenciales.<\/li>\n<li><strong>La composici\u00f3n<\/strong>\u00a0Comprueba que el aceite que elijas contenga vitaminas E, A y omega 6, para beneficiarte de sus propiedades nutritivas y protectoras.<\/li>\n<\/ul>\n<h3><strong>Consejos para aprovechar al m\u00e1ximo los beneficios del aceite de albaricoque<\/strong><\/h3>\n<p>Para sacar el m\u00e1ximo partido al aceite de albaricoque, puedes mezclarlo con otros productos naturales. <a href=\"https:\/\/www.safinel.fr\/es\/product-category-2\/aceite-vegetal\/\"><strong>aceites vegetales<\/strong><\/a> con propiedades complementarias, como\u2019<strong>aceite de girasol<\/strong>. Rica en vitamina E, potencia la acci\u00f3n antioxidante del aceite de albaricoque y ayuda a prevenir el envejecimiento cut\u00e1neo.<\/p>\n<p>En resumen, el aceite de albaricoque es un producto natural de gran valor para el cuidado diario de la piel. Nutritivo, suavizante y protector, es una parte esencial de su rutina de belleza.<\/p>\n<p>Visite safinel.fr para comprar este cosm\u00e9tico de calidad y disfrutar de sus m\u00faltiples beneficios.<\/p>","protected":false},"excerpt":{"rendered":"<p>L\u2019<strong>aceite de albaricoque<\/strong>\u00a0es un aceite natural con m\u00faltiples beneficios para la piel. Extra\u00eddo de\u00a0<strong>hueso de albaricoque<\/strong>, Este aceite nutritivo y suavizante es ideal para cuidar la piel a diario.<\/p>\n<p><img decoding=\"async\" class=\"size-full wp-image-5091 aligncenter\" src=\"https:\/\/www.safinel.fr\/wp-content\/uploads\/2021\/06\/BANNIERE-ICONE-SAFINEL.webp\" alt=\"reaseguro de sat\u00e9n\" width=\"800\" height=\"200\" srcset=\"https:\/\/www.safinel.fr\/wp-content\/uploads\/2021\/06\/BANNIERE-ICONE-SAFINEL.webp 800w, https:\/\/www.safinel.fr\/wp-content\/uploads\/2021\/06\/BANNIERE-ICONE-SAFINEL-600x150.webp 600w, https:\/\/www.safinel.fr\/wp-content\/uploads\/2021\/06\/BANNIERE-ICONE-SAFINEL-768x192.webp 768w\" sizes=\"(max-width: 800px) 100vw, 800px\" \/><\/p>","protected":false},"featured_media":6885,"template":"","meta":[],"product_brand":[],"product_cat":[122],"product_tag":[],"class_list":{"0":"post-6884","1":"product","2":"type-product","3":"status-publish","4":"has-post-thumbnail","6":"product_cat-huile-vegetale","8":"first","9":"instock","10":"shipping-taxable","11":"purchasable","12":"product-type-simple"},"yoast_head":"<!-- This site is optimized with the Yoast SEO plugin v26.6 - https:\/\/yoast.com\/wordpress\/plugins\/seo\/ -->\n<title>Huile d&#039;abricot 30ml | Huile naturelle aux multiples vertus<\/title>\n<meta name=\"description\" content=\"L&#039;huile d&#039;abricot\u00a0est une huile naturelle aux multiples vertus pour la peau. Huile nourrissante et adoucissante id\u00e9ale pour prendre soin de votre peau.\" \/>\n<meta name=\"robots\" content=\"index, follow, max-snippet:-1, max-image-preview:large, max-video-preview:-1\" \/>\n<link rel=\"canonical\" href=\"https:\/\/www.safinel.fr\/es\/product-2\/aceite-de-dabricot\/\" \/>\n<meta property=\"og:locale\" content=\"es_ES\" \/>\n<meta property=\"og:type\" content=\"article\" \/>\n<meta property=\"og:title\" content=\"Huile d&#039;abricot 30ml | Huile naturelle aux multiples vertus\" \/>\n<meta property=\"og:description\" content=\"L&#039;huile d&#039;abricot\u00a0est une huile naturelle aux multiples vertus pour la peau. Huile nourrissante et adoucissante id\u00e9ale pour prendre soin de votre peau.\" \/>\n<meta property=\"og:url\" content=\"https:\/\/www.safinel.fr\/es\/product-2\/aceite-de-dabricot\/\" \/>\n<meta property=\"og:site_name\" content=\"Safinel\" \/>\n<meta property=\"article:modified_time\" content=\"2023-12-30T11:53:50+00:00\" \/>\n<meta property=\"og:image\" content=\"https:\/\/www.safinel.fr\/wp-content\/uploads\/2023\/07\/huile-dabricot-30ml.jpg\" \/>\n\t<meta property=\"og:image:width\" content=\"600\" \/>\n\t<meta property=\"og:image:height\" content=\"600\" \/>\n\t<meta property=\"og:image:type\" content=\"image\/jpeg\" \/>\n<meta name=\"twitter:card\" content=\"summary_large_image\" \/>\n<meta name=\"twitter:label1\" content=\"Tiempo de lectura\" \/>\n\t<meta name=\"twitter:data1\" content=\"3 minutos\" \/>\n<script type=\"application\/ld+json\" class=\"yoast-schema-graph\">{\"@context\":\"https:\/\/schema.org\",\"@graph\":[{\"@type\":\"WebPage\",\"@id\":\"https:\/\/www.safinel.fr\/produit\/huile-dabricot\/\",\"url\":\"https:\/\/www.safinel.fr\/produit\/huile-dabricot\/\",\"name\":\"Huile d'abricot 30ml | Huile naturelle aux multiples vertus\",\"isPartOf\":{\"@id\":\"https:\/\/www.safinel.fr\/#website\"},\"primaryImageOfPage\":{\"@id\":\"https:\/\/www.safinel.fr\/produit\/huile-dabricot\/#primaryimage\"},\"image\":{\"@id\":\"https:\/\/www.safinel.fr\/produit\/huile-dabricot\/#primaryimage\"},\"thumbnailUrl\":\"https:\/\/www.safinel.fr\/wp-content\/uploads\/2023\/07\/huile-dabricot-30ml.jpg\",\"datePublished\":\"2023-07-04T17:28:14+00:00\",\"dateModified\":\"2023-12-30T11:53:50+00:00\",\"description\":\"L'huile d'abricot\u00a0est une huile naturelle aux multiples vertus pour la peau. Huile nourrissante et adoucissante id\u00e9ale pour prendre soin de votre peau.\",\"breadcrumb\":{\"@id\":\"https:\/\/www.safinel.fr\/produit\/huile-dabricot\/#breadcrumb\"},\"inLanguage\":\"es\",\"potentialAction\":[{\"@type\":\"ReadAction\",\"target\":[\"https:\/\/www.safinel.fr\/produit\/huile-dabricot\/\"]}]},{\"@type\":\"ImageObject\",\"inLanguage\":\"es\",\"@id\":\"https:\/\/www.safinel.fr\/produit\/huile-dabricot\/#primaryimage\",\"url\":\"https:\/\/www.safinel.fr\/wp-content\/uploads\/2023\/07\/huile-dabricot-30ml.jpg\",\"contentUrl\":\"https:\/\/www.safinel.fr\/wp-content\/uploads\/2023\/07\/huile-dabricot-30ml.jpg\",\"width\":600,\"height\":600,\"caption\":\"Huile d'abricot\u00a030ml\"},{\"@type\":\"BreadcrumbList\",\"@id\":\"https:\/\/www.safinel.fr\/produit\/huile-dabricot\/#breadcrumb\",\"itemListElement\":[{\"@type\":\"ListItem\",\"position\":1,\"name\":\"Accueil\",\"item\":\"https:\/\/www.safinel.fr\/\"},{\"@type\":\"ListItem\",\"position\":2,\"name\":\"Boutique\",\"item\":\"https:\/\/www.safinel.fr\/boutique\/\"},{\"@type\":\"ListItem\",\"position\":3,\"name\":\"Huile d&#8217;abricot 30ml\"}]},{\"@type\":\"WebSite\",\"@id\":\"https:\/\/www.safinel.fr\/#website\",\"url\":\"https:\/\/www.safinel.fr\/\",\"name\":\"Safinel\",\"description\":\"\",\"publisher\":{\"@id\":\"https:\/\/www.safinel.fr\/#organization\"},\"potentialAction\":[{\"@type\":\"SearchAction\",\"target\":{\"@type\":\"EntryPoint\",\"urlTemplate\":\"https:\/\/www.safinel.fr\/?s={search_term_string}\"},\"query-input\":{\"@type\":\"PropertyValueSpecification\",\"valueRequired\":true,\"valueName\":\"search_term_string\"}}],\"inLanguage\":\"es\"},{\"@type\":\"Organization\",\"@id\":\"https:\/\/www.safinel.fr\/#organization\",\"name\":\"Safinel\",\"url\":\"https:\/\/www.safinel.fr\/\",\"logo\":{\"@type\":\"ImageObject\",\"inLanguage\":\"es\",\"@id\":\"https:\/\/www.safinel.fr\/#\/schema\/logo\/image\/\",\"url\":\"https:\/\/www.safinel.fr\/wp-content\/uploads\/2021\/05\/boutique-cosmetique.png\",\"contentUrl\":\"https:\/\/www.safinel.fr\/wp-content\/uploads\/2021\/05\/boutique-cosmetique.png\",\"width\":800,\"height\":200,\"caption\":\"Safinel\"},\"image\":{\"@id\":\"https:\/\/www.safinel.fr\/#\/schema\/logo\/image\/\"}}]}<\/script>\n<!-- \/ Yoast SEO plugin. -->","yoast_head_json":{"title":"Aceite de albaricoque 30ml | Aceite natural con m\u00faltiples virtudes","description":"El aceite de albaricoque es un aceite natural con m\u00faltiples beneficios para la piel. Un aceite nutritivo y suavizante, ideal para cuidar la piel.","robots":{"index":"index","follow":"follow","max-snippet":"max-snippet:-1","max-image-preview":"max-image-preview:large","max-video-preview":"max-video-preview:-1"},"canonical":"https:\/\/www.safinel.fr\/es\/product-2\/aceite-de-dabricot\/","og_locale":"es_ES","og_type":"article","og_title":"Huile d'abricot 30ml | Huile naturelle aux multiples vertus","og_description":"L'huile d'abricot\u00a0est une huile naturelle aux multiples vertus pour la peau. Huile nourrissante et adoucissante id\u00e9ale pour prendre soin de votre peau.","og_url":"https:\/\/www.safinel.fr\/es\/product-2\/aceite-de-dabricot\/","og_site_name":"Safinel","article_modified_time":"2023-12-30T11:53:50+00:00","og_image":[{"width":600,"height":600,"url":"https:\/\/www.safinel.fr\/wp-content\/uploads\/2023\/07\/huile-dabricot-30ml.jpg","type":"image\/jpeg"}],"twitter_card":"summary_large_image","twitter_misc":{"Tiempo de lectura":"3 minutos"},"schema":{"@context":"https:\/\/schema.org","@graph":[{"@type":"WebPage","@id":"https:\/\/www.safinel.fr\/produit\/huile-dabricot\/","url":"https:\/\/www.safinel.fr\/produit\/huile-dabricot\/","name":"Aceite de albaricoque 30ml | Aceite natural con m\u00faltiples virtudes","isPartOf":{"@id":"https:\/\/www.safinel.fr\/#website"},"primaryImageOfPage":{"@id":"https:\/\/www.safinel.fr\/produit\/huile-dabricot\/#primaryimage"},"image":{"@id":"https:\/\/www.safinel.fr\/produit\/huile-dabricot\/#primaryimage"},"thumbnailUrl":"https:\/\/www.safinel.fr\/wp-content\/uploads\/2023\/07\/huile-dabricot-30ml.jpg","datePublished":"2023-07-04T17:28:14+00:00","dateModified":"2023-12-30T11:53:50+00:00","description":"El aceite de albaricoque es un aceite natural con m\u00faltiples beneficios para la piel. Un aceite nutritivo y suavizante, ideal para cuidar la piel.","breadcrumb":{"@id":"https:\/\/www.safinel.fr\/produit\/huile-dabricot\/#breadcrumb"},"inLanguage":"es","potentialAction":[{"@type":"ReadAction","target":["https:\/\/www.safinel.fr\/produit\/huile-dabricot\/"]}]},{"@type":"ImageObject","inLanguage":"es","@id":"https:\/\/www.safinel.fr\/produit\/huile-dabricot\/#primaryimage","url":"https:\/\/www.safinel.fr\/wp-content\/uploads\/2023\/07\/huile-dabricot-30ml.jpg","contentUrl":"https:\/\/www.safinel.fr\/wp-content\/uploads\/2023\/07\/huile-dabricot-30ml.jpg","width":600,"height":600,"caption":"Huile d'abricot\u00a030ml"},{"@type":"BreadcrumbList","@id":"https:\/\/www.safinel.fr\/produit\/huile-dabricot\/#breadcrumb","itemListElement":[{"@type":"ListItem","position":1,"name":"Accueil","item":"https:\/\/www.safinel.fr\/"},{"@type":"ListItem","position":2,"name":"Boutique","item":"https:\/\/www.safinel.fr\/boutique\/"},{"@type":"ListItem","position":3,"name":"Huile d&#8217;abricot 30ml"}]},{"@type":"WebSite","@id":"https:\/\/www.safinel.fr\/#website","url":"https:\/\/www.safinel.fr\/","name":"Safinel","description":"","publisher":{"@id":"https:\/\/www.safinel.fr\/#organization"},"potentialAction":[{"@type":"SearchAction","target":{"@type":"EntryPoint","urlTemplate":"https:\/\/www.safinel.fr\/?s={search_term_string}"},"query-input":{"@type":"PropertyValueSpecification","valueRequired":true,"valueName":"search_term_string"}}],"inLanguage":"es"},{"@type":"Organization","@id":"https:\/\/www.safinel.fr\/#organization","name":"Safinel","url":"https:\/\/www.safinel.fr\/","logo":{"@type":"ImageObject","inLanguage":"es","@id":"https:\/\/www.safinel.fr\/#\/schema\/logo\/image\/","url":"https:\/\/www.safinel.fr\/wp-content\/uploads\/2021\/05\/boutique-cosmetique.png","contentUrl":"https:\/\/www.safinel.fr\/wp-content\/uploads\/2021\/05\/boutique-cosmetique.png","width":800,"height":200,"caption":"Safinel"},"image":{"@id":"https:\/\/www.safinel.fr\/#\/schema\/logo\/image\/"}}]}},"_links":{"self":[{"href":"https:\/\/www.safinel.fr\/es\/wp-json\/wp\/v2\/product\/6884","targetHints":{"allow":["GET"]}}],"collection":[{"href":"https:\/\/www.safinel.fr\/es\/wp-json\/wp\/v2\/product"}],"about":[{"href":"https:\/\/www.safinel.fr\/es\/wp-json\/wp\/v2\/types\/product"}],"wp:featuredmedia":[{"embeddable":true,"href":"https:\/\/www.safinel.fr\/es\/wp-json\/wp\/v2\/media\/6885"}],"wp:attachment":[{"href":"https:\/\/www.safinel.fr\/es\/wp-json\/wp\/v2\/media?parent=6884"}],"wp:term":[{"taxonomy":"product_brand","embeddable":true,"href":"https:\/\/www.safinel.fr\/es\/wp-json\/wp\/v2\/product_brand?post=6884"},{"taxonomy":"product_cat","embeddable":true,"href":"https:\/\/www.safinel.fr\/es\/wp-json\/wp\/v2\/product_cat?post=6884"},{"taxonomy":"product_tag","embeddable":true,"href":"https:\/\/www.safinel.fr\/es\/wp-json\/wp\/v2\/product_tag?post=6884"}],"curies":[{"name":"wp","href":"https:\/\/api.w.org\/{rel}","templated":true}]}}