{"id":6862,"date":"2023-07-03T14:07:40","date_gmt":"2023-07-03T14:07:40","guid":{"rendered":"https:\/\/www.safinel.fr\/?post_type=product&#038;p=6862"},"modified":"2023-12-28T17:16:06","modified_gmt":"2023-12-28T17:16:06","slug":"aceite-de-almendras-dulces","status":"publish","type":"product","link":"https:\/\/www.safinel.fr\/es\/product-2\/aceite-de-almendras-dulces\/","title":{"rendered":"Aceite de almendras dulces 30ml"},"content":{"rendered":"<p>L\u2019<strong>aceite de almendras dulces<\/strong>, extra\u00eddo de los granos del \u00e1rbol Prunus dulcis, es un aceite vegetal con una amplia gama de beneficios. Utilizado desde hace siglos para el cuidado de la piel y el cabello, en la actualidad es un ingrediente clave de la cosm\u00e9tica natural. Descubramos los beneficios de este aceite natural en formato de 30 ml, que puede comprar f\u00e1cilmente en safinel.es.<\/p>\n<h2><strong>Un aceite rico en nutrientes para la piel y el cabello<\/strong><\/h2>\n<p>El aceite de almendras dulces es especialmente apreciado por su alto contenido en vitaminas y minerales. Contiene\u00a0<strong>vitaminas A, B, D y E<\/strong>, as\u00ed como\u00a0<strong>minerales como el potasio y el zinc<\/strong>. Estos elementos nutren y protegen la piel y el cabello, dej\u00e1ndolos suaves y radiantes.<\/p>\n<ul>\n<li><strong>Nutre e hidrata la piel en profundidad<\/strong><\/li>\n<\/ul>\n<p>Gracias a su textura ligera y no grasa, el aceite de almendras dulces penetra f\u00e1cilmente en la piel, proporcion\u00e1ndole una hidrataci\u00f3n duradera. Su acci\u00f3n nutritiva ayuda a combatir la sequedad de la piel y a mantener su elasticidad. Adem\u00e1s, sus propiedades suavizantes y calmantes lo convierten en un excelente remedio contra las irritaciones y rojeces.<\/p>\n<ul>\n<li><strong>Repara y fortalece el cabello<\/strong><\/li>\n<\/ul>\n<p>Aplicado en <a href=\"https:\/\/www.safinel.fr\/es\/product-2\/mascara-chebe\/\"><strong>mascarilla capilar<\/strong><\/a>, Repara el cabello da\u00f1ado y le devuelve su fuerza y brillo. Tambi\u00e9n nutre el cuero cabelludo, ayudando a prevenir la aparici\u00f3n de la ca\u00edda del cabello. <a href=\"https:\/\/www.safinel.fr\/es\/product-2\/polvo-capilar-de-maca\/\"><strong>p\u00e9rdida de cabello<\/strong><\/a> y favorece el crecimiento sano del cabello. Adem\u00e1s, su acci\u00f3n desenredante facilita el peinado y deja el cabello flexible y ligero.<\/p>\n<h2><strong>Una amplia gama de beneficios para la salud y la belleza<\/strong><\/h2>\n<p>Adem\u00e1s de sus propiedades nutritivas e hidratantes, el aceite de almendras dulces tiene muchos otros beneficios, lo que lo convierte en un aliado inestimable para la salud y la belleza cotidianas.<\/p>\n<ul>\n<li><strong>Desmaquillado suave<\/strong><\/li>\n<\/ul>\n<p>Es una alternativa natural y eficaz a los desmaquillantes convencionales. Disuelve f\u00e1cilmente el maquillaje, incluso el resistente al agua, preservando el equilibrio de la piel. Tambi\u00e9n calma los ojos sensibles y alivia los p\u00e1rpados hinchados o irritados.<\/p>\n<ul>\n<li><strong>Prevenir las estr\u00edas<\/strong><\/li>\n<\/ul>\n<p>Gracias a sus propiedades emolientes y suavizantes, el aceite extra\u00eddo de la almendra Prunus dulcis suele recomendarse durante el embarazo para prevenir la aparici\u00f3n de estr\u00edas. Masajeando regularmente las zonas afectadas (vientre, senos, muslos), ayuda a mejorar la elasticidad de la piel y a reducir el riesgo de estr\u00edas.<\/p>\n<ul>\n<li><strong>Calma las irritaciones cut\u00e1neas<\/strong><\/li>\n<\/ul>\n<p>Las propiedades antiinflamatorias y calmantes del aceite de almendras dulces lo convierten en un tratamiento eficaz para aliviar el picor, las erupciones cut\u00e1neas y la inflamaci\u00f3n. Tambi\u00e9n se recomienda para el eczema, la psoriasis y la dermatitis at\u00f3pica.<\/p>\n<ul>\n<li><strong>Aliviar los dolores musculares y articulares<\/strong><\/li>\n<\/ul>\n<p>Al masajear las zonas doloridas con aceite de almendras dulces, puede beneficiarse de sus propiedades analg\u00e9sicas y antiinflamatorias para aliviar la tensi\u00f3n muscular y el dolor articular. Tambi\u00e9n es ideal para preparar los m\u00fasculos antes del ejercicio o favorecer la recuperaci\u00f3n despu\u00e9s del mismo.<\/p>\n<h2><strong>Comprar aceite de almendras dulces en safinel.es: una sabia elecci\u00f3n<\/strong><\/h2>\n<p>Para aprovechar todos los beneficios del aceite de almendras dulces, es esencial elegir un aceite de calidad. En\u00a0<strong>safinel.fr<\/strong>, Con 100%, puede comprar aceite de almendras dulces virgen y natural, sin aditivos ni conservantes. Disponible en\u00a0<strong>30 ml<\/strong>, Es pr\u00e1ctico para llevarlo a todas partes y ofrece varias semanas de uso diario.<\/p>\n<ul>\n<li><strong>Un producto respetuoso con el medio ambiente<\/strong><\/li>\n<\/ul>\n<p>Al comprar su aceite de almendras dulces en safinel.fr, tambi\u00e9n est\u00e1 haciendo algo por el planeta. El sitio se compromete a ofrecer productos naturales y \u00e9ticos, procedentes de la agricultura ecol\u00f3gica o del comercio justo. As\u00ed puede estar seguro de que el aceite de almendras dulces que utiliza respeta la naturaleza y a las personas que lo producen.<\/p>\n<ul>\n<li><strong>Servicio de atenci\u00f3n al cliente a su servicio<\/strong><\/li>\n<\/ul>\n<p>Para Safinel.fr es una cuesti\u00f3n de honor satisfacer a sus clientes ofreci\u00e9ndoles un servicio de calidad. Usted se beneficia de una entrega r\u00e1pida y segura, y puede contar con el apoyo del equipo si lo necesita. No dude en visitar safinel.es para descubrir el aceite de almendras Prunus dulcis 30ml, as\u00ed como muchos otros productos naturales para su bienestar.<\/p>\n<h3><strong>Utilizaci\u00f3n del aceite de almendras dulces: algunos consejos pr\u00e1cticos<\/strong><\/h3>\n<p>Para aprovechar al m\u00e1ximo los beneficios del aceite de almendras dulces, he aqu\u00ed algunos consejos sencillos y eficaces:<\/p>\n<ul>\n<li><strong>Aplicar el aceite sobre la piel limpia y ligeramente h\u00fameda<\/strong>\u00a0para favorecer su absorci\u00f3n y optimizar su acci\u00f3n hidratante.<\/li>\n<li><strong>Calentar unas gotas de aceite entre las manos<\/strong>\u00a0antes de aplicarlo en la cara, el cuerpo o el cabello, para facilitar la penetraci\u00f3n de los principios activos.<\/li>\n<li><strong>Utilice el aceite de almendras dulces como complemento de otros aceites vegetales<\/strong>, Tambi\u00e9n hemos creado una gama de productos para el cuidado de la piel con ingredientes naturales, como el aceite de jojoba y el aceite de coco, para crear sinergias beneficiosas y adaptar el cuidado de la piel a sus necesidades espec\u00edficas.<\/li>\n<li><strong>Aplicar mediante masajes circulares<\/strong>\u00a0para estimular la circulaci\u00f3n sangu\u00ednea y favorecer la regeneraci\u00f3n celular.<\/li>\n<\/ul>\n<p>En definitiva, este aceite natural es un tesoro de beneficios para nuestra belleza y salud. Gracias a su riqueza en nutrientes y a sus variadas propiedades, ofrece una soluci\u00f3n natural y eficaz para cuidar nuestra piel y nuestro cabello.<\/p>\n<p>No dudes en comprar este aceite natural de 30 ml en safinel.es y haz que forme parte de tu rutina diaria hoy mismo.<\/p>","protected":false},"excerpt":{"rendered":"<p>L\u2019<strong>aceite de almendras dulces<\/strong>, extra\u00eddo de los granos del \u00e1rbol Prunus dulcis, es un aceite vegetal con una amplia gama de beneficios.<\/p>\n<p><img decoding=\"async\" class=\"size-full wp-image-5091 aligncenter\" src=\"https:\/\/www.safinel.fr\/wp-content\/uploads\/2021\/06\/BANNIERE-ICONE-SAFINEL.webp\" alt=\"reaseguro de sat\u00e9n\" width=\"800\" height=\"200\" srcset=\"https:\/\/www.safinel.fr\/wp-content\/uploads\/2021\/06\/BANNIERE-ICONE-SAFINEL.webp 800w, https:\/\/www.safinel.fr\/wp-content\/uploads\/2021\/06\/BANNIERE-ICONE-SAFINEL-600x150.webp 600w, https:\/\/www.safinel.fr\/wp-content\/uploads\/2021\/06\/BANNIERE-ICONE-SAFINEL-768x192.webp 768w\" sizes=\"(max-width: 800px) 100vw, 800px\" \/><\/p>","protected":false},"featured_media":6863,"template":"","meta":[],"product_brand":[],"product_cat":[122],"product_tag":[],"class_list":{"0":"post-6862","1":"product","2":"type-product","3":"status-publish","4":"has-post-thumbnail","6":"product_cat-huile-vegetale","8":"first","9":"instock","10":"shipping-taxable","11":"purchasable","12":"product-type-simple"},"yoast_head":"<!-- This site is optimized with the Yoast SEO plugin v26.6 - https:\/\/yoast.com\/wordpress\/plugins\/seo\/ -->\n<title>Huile d&#039;amande douce 30ml | 100% naturelle | Bienfaits nombreux<\/title>\n<meta name=\"description\" content=\"L&#039;huile d&#039;amande douce naturelle, extraite des amandes du Prunus dulcis, est une huile v\u00e9g\u00e9tale aux multiples vertus. Adoptez-l\u00e0 !\" \/>\n<meta name=\"robots\" content=\"index, follow, max-snippet:-1, max-image-preview:large, max-video-preview:-1\" \/>\n<link rel=\"canonical\" href=\"https:\/\/www.safinel.fr\/es\/product-2\/aceite-de-almendras-dulces\/\" \/>\n<meta property=\"og:locale\" content=\"es_ES\" \/>\n<meta property=\"og:type\" content=\"article\" \/>\n<meta property=\"og:title\" content=\"Huile d&#039;amande douce 30ml | 100% naturelle | Bienfaits nombreux\" \/>\n<meta property=\"og:description\" content=\"L&#039;huile d&#039;amande douce naturelle, extraite des amandes du Prunus dulcis, est une huile v\u00e9g\u00e9tale aux multiples vertus. Adoptez-l\u00e0 !\" \/>\n<meta property=\"og:url\" content=\"https:\/\/www.safinel.fr\/es\/product-2\/aceite-de-almendras-dulces\/\" \/>\n<meta property=\"og:site_name\" content=\"Safinel\" \/>\n<meta property=\"article:modified_time\" content=\"2023-12-28T17:16:06+00:00\" \/>\n<meta property=\"og:image\" content=\"https:\/\/www.safinel.fr\/wp-content\/uploads\/2023\/07\/huile-damande-douce-naturelle.jpg\" \/>\n\t<meta property=\"og:image:width\" content=\"600\" \/>\n\t<meta property=\"og:image:height\" content=\"600\" \/>\n\t<meta property=\"og:image:type\" content=\"image\/jpeg\" \/>\n<meta name=\"twitter:card\" content=\"summary_large_image\" \/>\n<meta name=\"twitter:label1\" content=\"Tiempo de lectura\" \/>\n\t<meta name=\"twitter:data1\" content=\"5 minutos\" \/>\n<script type=\"application\/ld+json\" class=\"yoast-schema-graph\">{\"@context\":\"https:\/\/schema.org\",\"@graph\":[{\"@type\":\"WebPage\",\"@id\":\"https:\/\/www.safinel.fr\/produit\/huile-damande-douce\/\",\"url\":\"https:\/\/www.safinel.fr\/produit\/huile-damande-douce\/\",\"name\":\"Huile d'amande douce 30ml | 100% naturelle | Bienfaits nombreux\",\"isPartOf\":{\"@id\":\"https:\/\/www.safinel.fr\/#website\"},\"primaryImageOfPage\":{\"@id\":\"https:\/\/www.safinel.fr\/produit\/huile-damande-douce\/#primaryimage\"},\"image\":{\"@id\":\"https:\/\/www.safinel.fr\/produit\/huile-damande-douce\/#primaryimage\"},\"thumbnailUrl\":\"https:\/\/www.safinel.fr\/wp-content\/uploads\/2023\/07\/huile-damande-douce-naturelle.jpg\",\"datePublished\":\"2023-07-03T14:07:40+00:00\",\"dateModified\":\"2023-12-28T17:16:06+00:00\",\"description\":\"L'huile d'amande douce naturelle, extraite des amandes du Prunus dulcis, est une huile v\u00e9g\u00e9tale aux multiples vertus. Adoptez-l\u00e0 !\",\"breadcrumb\":{\"@id\":\"https:\/\/www.safinel.fr\/produit\/huile-damande-douce\/#breadcrumb\"},\"inLanguage\":\"es\",\"potentialAction\":[{\"@type\":\"ReadAction\",\"target\":[\"https:\/\/www.safinel.fr\/produit\/huile-damande-douce\/\"]}]},{\"@type\":\"ImageObject\",\"inLanguage\":\"es\",\"@id\":\"https:\/\/www.safinel.fr\/produit\/huile-damande-douce\/#primaryimage\",\"url\":\"https:\/\/www.safinel.fr\/wp-content\/uploads\/2023\/07\/huile-damande-douce-naturelle.jpg\",\"contentUrl\":\"https:\/\/www.safinel.fr\/wp-content\/uploads\/2023\/07\/huile-damande-douce-naturelle.jpg\",\"width\":600,\"height\":600,\"caption\":\"Huile d'amande douce 30ml\"},{\"@type\":\"BreadcrumbList\",\"@id\":\"https:\/\/www.safinel.fr\/produit\/huile-damande-douce\/#breadcrumb\",\"itemListElement\":[{\"@type\":\"ListItem\",\"position\":1,\"name\":\"Accueil\",\"item\":\"https:\/\/www.safinel.fr\/\"},{\"@type\":\"ListItem\",\"position\":2,\"name\":\"Boutique\",\"item\":\"https:\/\/www.safinel.fr\/boutique\/\"},{\"@type\":\"ListItem\",\"position\":3,\"name\":\"Huile d&#8217;amande douce 30ml\"}]},{\"@type\":\"WebSite\",\"@id\":\"https:\/\/www.safinel.fr\/#website\",\"url\":\"https:\/\/www.safinel.fr\/\",\"name\":\"Safinel\",\"description\":\"\",\"publisher\":{\"@id\":\"https:\/\/www.safinel.fr\/#organization\"},\"potentialAction\":[{\"@type\":\"SearchAction\",\"target\":{\"@type\":\"EntryPoint\",\"urlTemplate\":\"https:\/\/www.safinel.fr\/?s={search_term_string}\"},\"query-input\":{\"@type\":\"PropertyValueSpecification\",\"valueRequired\":true,\"valueName\":\"search_term_string\"}}],\"inLanguage\":\"es\"},{\"@type\":\"Organization\",\"@id\":\"https:\/\/www.safinel.fr\/#organization\",\"name\":\"Safinel\",\"url\":\"https:\/\/www.safinel.fr\/\",\"logo\":{\"@type\":\"ImageObject\",\"inLanguage\":\"es\",\"@id\":\"https:\/\/www.safinel.fr\/#\/schema\/logo\/image\/\",\"url\":\"https:\/\/www.safinel.fr\/wp-content\/uploads\/2021\/05\/boutique-cosmetique.png\",\"contentUrl\":\"https:\/\/www.safinel.fr\/wp-content\/uploads\/2021\/05\/boutique-cosmetique.png\",\"width\":800,\"height\":200,\"caption\":\"Safinel\"},\"image\":{\"@id\":\"https:\/\/www.safinel.fr\/#\/schema\/logo\/image\/\"}}]}<\/script>\n<!-- \/ Yoast SEO plugin. -->","yoast_head_json":{"title":"Aceite de Almendras Dulces 30ml | 100% natural | Numerosos beneficios","description":"El aceite natural de almendras dulces, extra\u00eddo de los granos de la planta Prunus dulcis, es un aceite vegetal con multitud de beneficios. \u00a1H\u00e1galo suyo!","robots":{"index":"index","follow":"follow","max-snippet":"max-snippet:-1","max-image-preview":"max-image-preview:large","max-video-preview":"max-video-preview:-1"},"canonical":"https:\/\/www.safinel.fr\/es\/product-2\/aceite-de-almendras-dulces\/","og_locale":"es_ES","og_type":"article","og_title":"Huile d'amande douce 30ml | 100% naturelle | Bienfaits nombreux","og_description":"L'huile d'amande douce naturelle, extraite des amandes du Prunus dulcis, est une huile v\u00e9g\u00e9tale aux multiples vertus. Adoptez-l\u00e0 !","og_url":"https:\/\/www.safinel.fr\/es\/product-2\/aceite-de-almendras-dulces\/","og_site_name":"Safinel","article_modified_time":"2023-12-28T17:16:06+00:00","og_image":[{"width":600,"height":600,"url":"https:\/\/www.safinel.fr\/wp-content\/uploads\/2023\/07\/huile-damande-douce-naturelle.jpg","type":"image\/jpeg"}],"twitter_card":"summary_large_image","twitter_misc":{"Tiempo de lectura":"5 minutos"},"schema":{"@context":"https:\/\/schema.org","@graph":[{"@type":"WebPage","@id":"https:\/\/www.safinel.fr\/produit\/huile-damande-douce\/","url":"https:\/\/www.safinel.fr\/produit\/huile-damande-douce\/","name":"Aceite de Almendras Dulces 30ml | 100% natural | Numerosos beneficios","isPartOf":{"@id":"https:\/\/www.safinel.fr\/#website"},"primaryImageOfPage":{"@id":"https:\/\/www.safinel.fr\/produit\/huile-damande-douce\/#primaryimage"},"image":{"@id":"https:\/\/www.safinel.fr\/produit\/huile-damande-douce\/#primaryimage"},"thumbnailUrl":"https:\/\/www.safinel.fr\/wp-content\/uploads\/2023\/07\/huile-damande-douce-naturelle.jpg","datePublished":"2023-07-03T14:07:40+00:00","dateModified":"2023-12-28T17:16:06+00:00","description":"El aceite natural de almendras dulces, extra\u00eddo de los granos de la planta Prunus dulcis, es un aceite vegetal con multitud de beneficios. \u00a1H\u00e1galo suyo!","breadcrumb":{"@id":"https:\/\/www.safinel.fr\/produit\/huile-damande-douce\/#breadcrumb"},"inLanguage":"es","potentialAction":[{"@type":"ReadAction","target":["https:\/\/www.safinel.fr\/produit\/huile-damande-douce\/"]}]},{"@type":"ImageObject","inLanguage":"es","@id":"https:\/\/www.safinel.fr\/produit\/huile-damande-douce\/#primaryimage","url":"https:\/\/www.safinel.fr\/wp-content\/uploads\/2023\/07\/huile-damande-douce-naturelle.jpg","contentUrl":"https:\/\/www.safinel.fr\/wp-content\/uploads\/2023\/07\/huile-damande-douce-naturelle.jpg","width":600,"height":600,"caption":"Huile d'amande douce 30ml"},{"@type":"BreadcrumbList","@id":"https:\/\/www.safinel.fr\/produit\/huile-damande-douce\/#breadcrumb","itemListElement":[{"@type":"ListItem","position":1,"name":"Accueil","item":"https:\/\/www.safinel.fr\/"},{"@type":"ListItem","position":2,"name":"Boutique","item":"https:\/\/www.safinel.fr\/boutique\/"},{"@type":"ListItem","position":3,"name":"Huile d&#8217;amande douce 30ml"}]},{"@type":"WebSite","@id":"https:\/\/www.safinel.fr\/#website","url":"https:\/\/www.safinel.fr\/","name":"Safinel","description":"","publisher":{"@id":"https:\/\/www.safinel.fr\/#organization"},"potentialAction":[{"@type":"SearchAction","target":{"@type":"EntryPoint","urlTemplate":"https:\/\/www.safinel.fr\/?s={search_term_string}"},"query-input":{"@type":"PropertyValueSpecification","valueRequired":true,"valueName":"search_term_string"}}],"inLanguage":"es"},{"@type":"Organization","@id":"https:\/\/www.safinel.fr\/#organization","name":"Safinel","url":"https:\/\/www.safinel.fr\/","logo":{"@type":"ImageObject","inLanguage":"es","@id":"https:\/\/www.safinel.fr\/#\/schema\/logo\/image\/","url":"https:\/\/www.safinel.fr\/wp-content\/uploads\/2021\/05\/boutique-cosmetique.png","contentUrl":"https:\/\/www.safinel.fr\/wp-content\/uploads\/2021\/05\/boutique-cosmetique.png","width":800,"height":200,"caption":"Safinel"},"image":{"@id":"https:\/\/www.safinel.fr\/#\/schema\/logo\/image\/"}}]}},"_links":{"self":[{"href":"https:\/\/www.safinel.fr\/es\/wp-json\/wp\/v2\/product\/6862","targetHints":{"allow":["GET"]}}],"collection":[{"href":"https:\/\/www.safinel.fr\/es\/wp-json\/wp\/v2\/product"}],"about":[{"href":"https:\/\/www.safinel.fr\/es\/wp-json\/wp\/v2\/types\/product"}],"wp:featuredmedia":[{"embeddable":true,"href":"https:\/\/www.safinel.fr\/es\/wp-json\/wp\/v2\/media\/6863"}],"wp:attachment":[{"href":"https:\/\/www.safinel.fr\/es\/wp-json\/wp\/v2\/media?parent=6862"}],"wp:term":[{"taxonomy":"product_brand","embeddable":true,"href":"https:\/\/www.safinel.fr\/es\/wp-json\/wp\/v2\/product_brand?post=6862"},{"taxonomy":"product_cat","embeddable":true,"href":"https:\/\/www.safinel.fr\/es\/wp-json\/wp\/v2\/product_cat?post=6862"},{"taxonomy":"product_tag","embeddable":true,"href":"https:\/\/www.safinel.fr\/es\/wp-json\/wp\/v2\/product_tag?post=6862"}],"curies":[{"name":"wp","href":"https:\/\/api.w.org\/{rel}","templated":true}]}}