{"id":6847,"date":"2023-07-02T18:11:37","date_gmt":"2023-07-02T18:11:37","guid":{"rendered":"https:\/\/www.safinel.fr\/?post_type=product&#038;p=6847"},"modified":"2023-12-30T11:52:59","modified_gmt":"2023-12-30T11:52:59","slug":"aceite-de-aguacate","status":"publish","type":"product","link":"https:\/\/www.safinel.fr\/es\/product-2\/aceite-de-aguacate\/","title":{"rendered":"Aceite de aguacate 30ml"},"content":{"rendered":"<p><strong>Aceite de aguacate<\/strong>, extra\u00eddo de la pulpa de la fruta, es famoso por su\u00a0<strong>beneficios para la piel y el cabello<\/strong>\u00a0gracias a su riqueza en vitaminas, \u00e1cidos grasos esenciales y antioxidantes. Descubra todo lo que necesita saber sobre este aceite natural y c\u00f3mo utilizarlo a diario para disfrutar de sus m\u00faltiples beneficios.<\/p>\n<h2><strong>Propiedades y beneficios del aceite de aguacate<\/strong><\/h2>\n<p>Rico en nutrientes esenciales, en particular\u00a0<strong>vitaminas A, B, E, K y omega-3.<\/strong><\/p>\n<p><strong>El aceite de aguacate tiene propiedades hidratantes, nutritivas, regeneradoras y antiedad para la piel y el cabello:<\/strong><\/p>\n<ul>\n<li><strong>Hidrataci\u00f3n<\/strong>\u00a0gracias a los \u00e1cidos grasos esenciales que contiene. El aceite de aguacate penetra f\u00e1cilmente en la piel, formando una pel\u00edcula protectora que retiene el agua y evita la deshidrataci\u00f3n cut\u00e1nea.<\/li>\n<li><strong>Nutrici\u00f3n<\/strong>\u00a0Rica en vitaminas, aporta a la piel y al cabello los nutrientes que necesitan para mantenerse sanos.<\/li>\n<li><strong>Regeneraci\u00f3n<\/strong>\u00a0Este aceite natural favorece la regeneraci\u00f3n celular y mejora la elasticidad de la piel. Esto ayuda a reducir las marcas del tiempo y las estr\u00edas.<\/li>\n<li><strong>Antienvejecimiento<\/strong>\u00a0Sus antioxidantes naturales protegen la piel contra los radicales libres responsables del envejecimiento cut\u00e1neo prematuro.<\/li>\n<\/ul>\n<h2><strong>Usos del aceite de aguacate en cosm\u00e9tica<\/strong><\/h2>\n<p>El aceite de aguacate puede utilizarse solo o mezclado con otros aceites vegetales para crear productos de cuidado de la piel adaptados a las necesidades espec\u00edficas de cada tipo de piel:<\/p>\n<h3><strong>Recetas que debe conocer<\/strong><\/h3>\n<ul>\n<li><strong>Cuidado facial<\/strong><\/li>\n<\/ul>\n<p>El aceite de aguacate es ideal para nutrir e hidratar la piel del rostro. Especialmente cuando hace fr\u00edo o est\u00e1 expuesta a agresiones externas. Puede aplicarse a diario como s\u00e9rum o crema de noche. Basta con aplicar unas gotas sobre el rostro limpio y h\u00famedo.<\/p>\n<p>Combinado con aceite de rosa mosqueta, constituye un excelente tratamiento antiarrugas y regenerador para pieles maduras o da\u00f1adas. Para aprovechar al m\u00e1ximo sus beneficios, recomendamos utilizar aceite de aguacate virgen, sin refinar y ecol\u00f3gico.<\/p>\n<ul>\n<li><strong>Cuidado del cabello<\/strong><\/li>\n<\/ul>\n<p>Gracias a su contenido en vitaminas y \u00e1cidos grasos esenciales, el aceite de aguacate es ideal para el cabello seco, quebradizo o da\u00f1ado. Puede utilizarse en <a href=\"https:\/\/www.safinel.fr\/es\/bano-de-aceite-para-cabello-afro\/\"><strong>ba\u00f1o de aceite<\/strong><\/a> antes del champ\u00fa. Aplicar generosamente en largos y puntas y dejar actuar de 30 minutos a varias horas bajo una toalla caliente.<\/p>\n<p>Adem\u00e1s de su acci\u00f3n nutritiva. Tambi\u00e9n favorece el crecimiento del cabello y lo fortalece gracias a sus propiedades estimulantes para el cuero cabelludo.<\/p>\n<p>Para optimizar estos efectos, puedes mezclar unas gotas de aceite de aguacate con <a href=\"https:\/\/www.safinel.fr\/es\/product-2\/aceite-de-carapato\/\"><strong>aceite de ricino<\/strong><\/a>, Es famoso por acelerar el crecimiento del cabello y a\u00f1adir volumen.<\/p>\n<ul>\n<li><strong>Cuidado corporal<\/strong><\/li>\n<\/ul>\n<p>El aceite de aguacate tambi\u00e9n puede utilizarse para hidratar y suavizar la piel del cuerpo despu\u00e9s de la ducha o durante los masajes. Tambi\u00e9n ayuda a prevenir y reducir las estr\u00edas, sobre todo durante el embarazo. Esto se debe a su capacidad para mejorar la elasticidad de la piel. Basta con aplicar diariamente aceite de aguacate puro o mezclado con aceite de coco. Apl\u00edcalo en las zonas afectadas (vientre, muslos, caderas).<\/p>\n<h3><strong>Comprar aceite de aguacate en safinel.es: calidad y seguridad garantizadas<\/strong><\/h3>\n<p>Para disfrutar de todos los beneficios del aceite de aguacate. Es esencial elegir un aceite de alta calidad, virgen, sin refinar y procedente de la agricultura ecol\u00f3gica. En safinel.es, ofrecemos una gama de aceites de aguacate.\u2019<strong>aceite de aguacate 100% puro y natural en formato de 30ml<\/strong>, ideal para todas sus necesidades cosm\u00e9ticas.<\/p>\n<p>Nuestros aceites de aguacate se seleccionan cuidadosamente para ofrecerle lo mejor de la naturaleza para su belleza y bienestar. Son\u00a0<strong>Sin conservantes, parabenos ni siliconas.<\/strong><\/p>\n<p>Se fabrican de conformidad con las normas europeas vigentes para garantizar la trazabilidad y la seguridad.<\/p>\n<p>Conf\u00eda en safinel.es para comprar este aceite natural de calidad. Benef\u00edciate de sus m\u00faltiples virtudes para la piel y el cabello.<\/p>\n<p>Eche un vistazo a nuestro cat\u00e1logo en l\u00ednea para descubrir todos nuestros productos naturales y ecol\u00f3gicos para una belleza natural.<\/p>","protected":false},"excerpt":{"rendered":"<p><strong>Aceite de aguacate<\/strong>, extra\u00eddo de la pulpa de la fruta, es famoso por su\u00a0<strong>beneficios para la piel y el cabello<\/strong>\u00a0gracias a su alto contenido en vitaminas, \u00e1cidos grasos esenciales y antioxidantes.<\/p>\n<p><img decoding=\"async\" class=\"size-full wp-image-5091 aligncenter\" src=\"https:\/\/www.safinel.fr\/wp-content\/uploads\/2021\/06\/BANNIERE-ICONE-SAFINEL.webp\" alt=\"reaseguro de sat\u00e9n\" width=\"800\" height=\"200\" srcset=\"https:\/\/www.safinel.fr\/wp-content\/uploads\/2021\/06\/BANNIERE-ICONE-SAFINEL.webp 800w, https:\/\/www.safinel.fr\/wp-content\/uploads\/2021\/06\/BANNIERE-ICONE-SAFINEL-600x150.webp 600w, https:\/\/www.safinel.fr\/wp-content\/uploads\/2021\/06\/BANNIERE-ICONE-SAFINEL-768x192.webp 768w\" sizes=\"(max-width: 800px) 100vw, 800px\" \/><\/p>","protected":false},"featured_media":6849,"template":"","meta":[],"product_brand":[],"product_cat":[122],"product_tag":[],"class_list":{"0":"post-6847","1":"product","2":"type-product","3":"status-publish","4":"has-post-thumbnail","6":"product_cat-huile-vegetale","8":"first","9":"instock","10":"shipping-taxable","11":"purchasable","12":"product-type-simple"},"yoast_head":"<!-- This site is optimized with the Yoast SEO plugin v26.6 - https:\/\/yoast.com\/wordpress\/plugins\/seo\/ -->\n<title>Huile d&#039;avocat | Huile naturelle | Bienfaits nombreux<\/title>\n<meta name=\"description\" content=\"L&#039;huile d&#039;avocat, extraite \u00e0 partir de la pulpe du fruit, est reconnue pour ses\u00a0bienfaits sur la peau et les cheveux. Adoptez-l\u00e0 sans plus attendre !\" \/>\n<meta name=\"robots\" content=\"index, follow, max-snippet:-1, max-image-preview:large, max-video-preview:-1\" \/>\n<link rel=\"canonical\" href=\"https:\/\/www.safinel.fr\/es\/product-2\/aceite-de-aguacate\/\" \/>\n<meta property=\"og:locale\" content=\"es_ES\" \/>\n<meta property=\"og:type\" content=\"article\" \/>\n<meta property=\"og:title\" content=\"Huile d&#039;avocat | Huile naturelle | Bienfaits nombreux\" \/>\n<meta property=\"og:description\" content=\"L&#039;huile d&#039;avocat, extraite \u00e0 partir de la pulpe du fruit, est reconnue pour ses\u00a0bienfaits sur la peau et les cheveux. Adoptez-l\u00e0 sans plus attendre !\" \/>\n<meta property=\"og:url\" content=\"https:\/\/www.safinel.fr\/es\/product-2\/aceite-de-aguacate\/\" \/>\n<meta property=\"og:site_name\" content=\"Safinel\" \/>\n<meta property=\"article:modified_time\" content=\"2023-12-30T11:52:59+00:00\" \/>\n<meta property=\"og:image\" content=\"https:\/\/www.safinel.fr\/wp-content\/uploads\/2023\/07\/huile-davocat-naturelle.jpg\" \/>\n\t<meta property=\"og:image:width\" content=\"600\" \/>\n\t<meta property=\"og:image:height\" content=\"600\" \/>\n\t<meta property=\"og:image:type\" content=\"image\/jpeg\" \/>\n<meta name=\"twitter:card\" content=\"summary_large_image\" \/>\n<meta name=\"twitter:label1\" content=\"Tiempo de lectura\" \/>\n\t<meta name=\"twitter:data1\" content=\"4 minutos\" \/>\n<script type=\"application\/ld+json\" class=\"yoast-schema-graph\">{\"@context\":\"https:\/\/schema.org\",\"@graph\":[{\"@type\":\"WebPage\",\"@id\":\"https:\/\/www.safinel.fr\/produit\/huile-davocat\/\",\"url\":\"https:\/\/www.safinel.fr\/produit\/huile-davocat\/\",\"name\":\"Huile d'avocat | Huile naturelle | Bienfaits nombreux\",\"isPartOf\":{\"@id\":\"https:\/\/www.safinel.fr\/#website\"},\"primaryImageOfPage\":{\"@id\":\"https:\/\/www.safinel.fr\/produit\/huile-davocat\/#primaryimage\"},\"image\":{\"@id\":\"https:\/\/www.safinel.fr\/produit\/huile-davocat\/#primaryimage\"},\"thumbnailUrl\":\"https:\/\/www.safinel.fr\/wp-content\/uploads\/2023\/07\/huile-davocat-naturelle.jpg\",\"datePublished\":\"2023-07-02T18:11:37+00:00\",\"dateModified\":\"2023-12-30T11:52:59+00:00\",\"description\":\"L'huile d'avocat, extraite \u00e0 partir de la pulpe du fruit, est reconnue pour ses\u00a0bienfaits sur la peau et les cheveux. Adoptez-l\u00e0 sans plus attendre !\",\"breadcrumb\":{\"@id\":\"https:\/\/www.safinel.fr\/produit\/huile-davocat\/#breadcrumb\"},\"inLanguage\":\"es\",\"potentialAction\":[{\"@type\":\"ReadAction\",\"target\":[\"https:\/\/www.safinel.fr\/produit\/huile-davocat\/\"]}]},{\"@type\":\"ImageObject\",\"inLanguage\":\"es\",\"@id\":\"https:\/\/www.safinel.fr\/produit\/huile-davocat\/#primaryimage\",\"url\":\"https:\/\/www.safinel.fr\/wp-content\/uploads\/2023\/07\/huile-davocat-naturelle.jpg\",\"contentUrl\":\"https:\/\/www.safinel.fr\/wp-content\/uploads\/2023\/07\/huile-davocat-naturelle.jpg\",\"width\":600,\"height\":600,\"caption\":\"Huile d\u2019avocat 30ml\"},{\"@type\":\"BreadcrumbList\",\"@id\":\"https:\/\/www.safinel.fr\/produit\/huile-davocat\/#breadcrumb\",\"itemListElement\":[{\"@type\":\"ListItem\",\"position\":1,\"name\":\"Accueil\",\"item\":\"https:\/\/www.safinel.fr\/\"},{\"@type\":\"ListItem\",\"position\":2,\"name\":\"Boutique\",\"item\":\"https:\/\/www.safinel.fr\/boutique\/\"},{\"@type\":\"ListItem\",\"position\":3,\"name\":\"Huile d&#8217;avocat 30ml\"}]},{\"@type\":\"WebSite\",\"@id\":\"https:\/\/www.safinel.fr\/#website\",\"url\":\"https:\/\/www.safinel.fr\/\",\"name\":\"Safinel\",\"description\":\"\",\"publisher\":{\"@id\":\"https:\/\/www.safinel.fr\/#organization\"},\"potentialAction\":[{\"@type\":\"SearchAction\",\"target\":{\"@type\":\"EntryPoint\",\"urlTemplate\":\"https:\/\/www.safinel.fr\/?s={search_term_string}\"},\"query-input\":{\"@type\":\"PropertyValueSpecification\",\"valueRequired\":true,\"valueName\":\"search_term_string\"}}],\"inLanguage\":\"es\"},{\"@type\":\"Organization\",\"@id\":\"https:\/\/www.safinel.fr\/#organization\",\"name\":\"Safinel\",\"url\":\"https:\/\/www.safinel.fr\/\",\"logo\":{\"@type\":\"ImageObject\",\"inLanguage\":\"es\",\"@id\":\"https:\/\/www.safinel.fr\/#\/schema\/logo\/image\/\",\"url\":\"https:\/\/www.safinel.fr\/wp-content\/uploads\/2021\/05\/boutique-cosmetique.png\",\"contentUrl\":\"https:\/\/www.safinel.fr\/wp-content\/uploads\/2021\/05\/boutique-cosmetique.png\",\"width\":800,\"height\":200,\"caption\":\"Safinel\"},\"image\":{\"@id\":\"https:\/\/www.safinel.fr\/#\/schema\/logo\/image\/\"}}]}<\/script>\n<!-- \/ Yoast SEO plugin. -->","yoast_head_json":{"title":"Aceite de aguacate | Aceite natural | Numerosos beneficios","description":"El aceite de aguacate, extra\u00eddo de la pulpa del fruto, es famoso por sus beneficios para la piel y el cabello. As\u00ed que no lo dudes.","robots":{"index":"index","follow":"follow","max-snippet":"max-snippet:-1","max-image-preview":"max-image-preview:large","max-video-preview":"max-video-preview:-1"},"canonical":"https:\/\/www.safinel.fr\/es\/product-2\/aceite-de-aguacate\/","og_locale":"es_ES","og_type":"article","og_title":"Huile d'avocat | Huile naturelle | Bienfaits nombreux","og_description":"L'huile d'avocat, extraite \u00e0 partir de la pulpe du fruit, est reconnue pour ses\u00a0bienfaits sur la peau et les cheveux. Adoptez-l\u00e0 sans plus attendre !","og_url":"https:\/\/www.safinel.fr\/es\/product-2\/aceite-de-aguacate\/","og_site_name":"Safinel","article_modified_time":"2023-12-30T11:52:59+00:00","og_image":[{"width":600,"height":600,"url":"https:\/\/www.safinel.fr\/wp-content\/uploads\/2023\/07\/huile-davocat-naturelle.jpg","type":"image\/jpeg"}],"twitter_card":"summary_large_image","twitter_misc":{"Tiempo de lectura":"4 minutos"},"schema":{"@context":"https:\/\/schema.org","@graph":[{"@type":"WebPage","@id":"https:\/\/www.safinel.fr\/produit\/huile-davocat\/","url":"https:\/\/www.safinel.fr\/produit\/huile-davocat\/","name":"Aceite de aguacate | Aceite natural | Numerosos beneficios","isPartOf":{"@id":"https:\/\/www.safinel.fr\/#website"},"primaryImageOfPage":{"@id":"https:\/\/www.safinel.fr\/produit\/huile-davocat\/#primaryimage"},"image":{"@id":"https:\/\/www.safinel.fr\/produit\/huile-davocat\/#primaryimage"},"thumbnailUrl":"https:\/\/www.safinel.fr\/wp-content\/uploads\/2023\/07\/huile-davocat-naturelle.jpg","datePublished":"2023-07-02T18:11:37+00:00","dateModified":"2023-12-30T11:52:59+00:00","description":"El aceite de aguacate, extra\u00eddo de la pulpa del fruto, es famoso por sus beneficios para la piel y el cabello. As\u00ed que no lo dudes.","breadcrumb":{"@id":"https:\/\/www.safinel.fr\/produit\/huile-davocat\/#breadcrumb"},"inLanguage":"es","potentialAction":[{"@type":"ReadAction","target":["https:\/\/www.safinel.fr\/produit\/huile-davocat\/"]}]},{"@type":"ImageObject","inLanguage":"es","@id":"https:\/\/www.safinel.fr\/produit\/huile-davocat\/#primaryimage","url":"https:\/\/www.safinel.fr\/wp-content\/uploads\/2023\/07\/huile-davocat-naturelle.jpg","contentUrl":"https:\/\/www.safinel.fr\/wp-content\/uploads\/2023\/07\/huile-davocat-naturelle.jpg","width":600,"height":600,"caption":"Huile d\u2019avocat 30ml"},{"@type":"BreadcrumbList","@id":"https:\/\/www.safinel.fr\/produit\/huile-davocat\/#breadcrumb","itemListElement":[{"@type":"ListItem","position":1,"name":"Accueil","item":"https:\/\/www.safinel.fr\/"},{"@type":"ListItem","position":2,"name":"Boutique","item":"https:\/\/www.safinel.fr\/boutique\/"},{"@type":"ListItem","position":3,"name":"Huile d&#8217;avocat 30ml"}]},{"@type":"WebSite","@id":"https:\/\/www.safinel.fr\/#website","url":"https:\/\/www.safinel.fr\/","name":"Safinel","description":"","publisher":{"@id":"https:\/\/www.safinel.fr\/#organization"},"potentialAction":[{"@type":"SearchAction","target":{"@type":"EntryPoint","urlTemplate":"https:\/\/www.safinel.fr\/?s={search_term_string}"},"query-input":{"@type":"PropertyValueSpecification","valueRequired":true,"valueName":"search_term_string"}}],"inLanguage":"es"},{"@type":"Organization","@id":"https:\/\/www.safinel.fr\/#organization","name":"Safinel","url":"https:\/\/www.safinel.fr\/","logo":{"@type":"ImageObject","inLanguage":"es","@id":"https:\/\/www.safinel.fr\/#\/schema\/logo\/image\/","url":"https:\/\/www.safinel.fr\/wp-content\/uploads\/2021\/05\/boutique-cosmetique.png","contentUrl":"https:\/\/www.safinel.fr\/wp-content\/uploads\/2021\/05\/boutique-cosmetique.png","width":800,"height":200,"caption":"Safinel"},"image":{"@id":"https:\/\/www.safinel.fr\/#\/schema\/logo\/image\/"}}]}},"_links":{"self":[{"href":"https:\/\/www.safinel.fr\/es\/wp-json\/wp\/v2\/product\/6847","targetHints":{"allow":["GET"]}}],"collection":[{"href":"https:\/\/www.safinel.fr\/es\/wp-json\/wp\/v2\/product"}],"about":[{"href":"https:\/\/www.safinel.fr\/es\/wp-json\/wp\/v2\/types\/product"}],"wp:featuredmedia":[{"embeddable":true,"href":"https:\/\/www.safinel.fr\/es\/wp-json\/wp\/v2\/media\/6849"}],"wp:attachment":[{"href":"https:\/\/www.safinel.fr\/es\/wp-json\/wp\/v2\/media?parent=6847"}],"wp:term":[{"taxonomy":"product_brand","embeddable":true,"href":"https:\/\/www.safinel.fr\/es\/wp-json\/wp\/v2\/product_brand?post=6847"},{"taxonomy":"product_cat","embeddable":true,"href":"https:\/\/www.safinel.fr\/es\/wp-json\/wp\/v2\/product_cat?post=6847"},{"taxonomy":"product_tag","embeddable":true,"href":"https:\/\/www.safinel.fr\/es\/wp-json\/wp\/v2\/product_tag?post=6847"}],"curies":[{"name":"wp","href":"https:\/\/api.w.org\/{rel}","templated":true}]}}