{"id":6833,"date":"2023-07-01T19:42:17","date_gmt":"2023-07-01T19:42:17","guid":{"rendered":"https:\/\/www.safinel.fr\/?post_type=product&#038;p=6833"},"modified":"2023-12-28T17:16:06","modified_gmt":"2023-12-28T17:16:06","slug":"almendra-amlou","status":"publish","type":"product","link":"https:\/\/www.safinel.fr\/es\/product-2\/almendra-amlou\/","title":{"rendered":"Almendra amlou 200g"},"content":{"rendered":"<p>Marruecos es famoso por su cocina rica en sabores y colores. Entre los tesoros culinarios del pa\u00eds se encuentra un plato poco conocido cuyo sabor le har\u00e1 viajar: el amlou. Tambi\u00e9n conocido como amlou marroqu\u00ed, este preparado tradicional es un manjar delicioso y nutritivo.<\/p>\n<h2><strong>\u00bfQu\u00e9 es amlou?<\/strong><\/h2>\n<p>Amlou es un\u00a0<strong>difusi\u00f3n de origen marroqu\u00ed<\/strong>\u00a0elaborado principalmente con almendras, miel y aceite de arg\u00e1n. Es un producto 100% natural de textura suave y aromas exquisitos.<\/p>\n<p>Suele servirse en el desayuno o como tentempi\u00e9 en las familias marroqu\u00edes, donde suele untarse en pan o tortitas.<\/p>\n<h2><strong>Los ingredientes de este untable natural\u00a0<\/strong><b>Mujer marroqu\u00ed<\/b><\/h2>\n<p>Amlou se compone de tres ingredientes principales:<\/p>\n<ol>\n<li><strong>Almendras :<\/strong>\u00a0Ricas en prote\u00ednas, fibra y vitamina E, las almendras son un excelente alimento saludable. A\u00f1aden crujiente y consistencia al amlou.<\/li>\n<li><strong><a href=\"https:\/\/www.safinel.fr\/es\/product-category-2\/apicultura\/\">Miel<\/a> :<\/strong>\u00a0Naturalmente dulce, la miel a\u00f1ade dulzor a la preparaci\u00f3n al tiempo que aporta minerales y antioxidantes beneficiosos para el organismo.<\/li>\n<li><strong>Aceite de arg\u00e1n:<\/strong>\u00a0Originario de Marruecos, el aceite de arg\u00e1n es famoso por sus m\u00faltiples beneficios para la piel y el cabello. En la cocina, aporta un toque de sabor \u00fanico e inimitable al amlou.<\/li>\n<\/ol>\n<p>Estos tres ingredientes se mezclan para formar una pasta suave y cremosa.<\/p>\n<h2><strong>Los beneficios de amlou<\/strong><\/h2>\n<p>Adem\u00e1s de ser deliciosa, esta pasta para untar tiene numerosos beneficios para la salud:<\/p>\n<ul>\n<li><strong>Fuente de energ\u00eda :<\/strong>\u00a0Gracias a las almendras, que contienen prote\u00ednas y l\u00edpidos de alta calidad. Esta pasta marroqu\u00ed para untar es una excelente fuente de energ\u00eda para empezar bien el d\u00eda.<\/li>\n<li><strong>Antioxidante :<\/strong>\u00a0La miel es rica en antioxidantes, que ayudan a combatir los radicales libres responsables del envejecimiento celular y de ciertas enfermedades.<\/li>\n<li><strong>Grasas buenas :<\/strong>\u00a0El aceite de arg\u00e1n contiene \u00e1cidos grasos insaturados. Saludable para el coraz\u00f3n y beneficioso para mantener buenos niveles de colesterol.<\/li>\n<li><strong>Saciedad:<\/strong>\u00a0La combinaci\u00f3n de la fibra contenida en las almendras y los az\u00facares naturales de la miel ofrece un efecto saciante r\u00e1pido y duradero, evitando que cedas a los antojos y al picoteo.<\/li>\n<\/ul>\n<h2><strong>\u00bfC\u00f3mo se prepara el amlou en casa?<\/strong><\/h2>\n<p>Para preparar su propio amlou casero, siga esta sencilla receta:<\/p>\n<ol>\n<li>Tostar 250 g de almendras sin c\u00e1scara en el horno durante unos diez minutos a 180\u00b0C. Dejar enfriar y triturar hasta obtener un polvo.<\/li>\n<li>En un bol, mezclar el polvo de almendras con 100 g de miel y 10 cl de aceite de arg\u00e1n. Ajusta las cantidades seg\u00fan tus preferencias personales (m\u00e1s dulce o m\u00e1s suave, m\u00e1s o menos cremosa).<\/li>\n<li>Mezclar hasta que quede suave y cremoso. P\u00e1selo a un tarro herm\u00e9tico y gu\u00e1rdelo en un lugar fresco.<\/li>\n<\/ol>\n<p>Puede disfrutar del amlou casero en pan, tortitas o gofres, o utilizarlo en platos dulces o salados (tajines, pasteles, etc.).<\/p>\n<h2><strong>\u00bfD\u00f3nde puedo comprar amlou marroqu\u00ed?<\/strong><\/h2>\n<p>Si no tiene tiempo de preparar su propio amlou, o si desea probar el aut\u00e9ntico amlou marroqu\u00ed antes de lanzarse, hay tiendas especializadas en productos marroqu\u00edes que venden amlou listo para comer.<\/p>\n<p>Descubra esta pasta para untar natural y sabrosa antes de empezar a hacerla usted mismo.<\/p>\n<h3><strong>Criterios de calidad que deben tenerse en cuenta<\/strong><\/h3>\n<p>Para elegir un buen amlou marroqu\u00ed, aseg\u00farese de que los ingredientes utilizados sean de alta calidad:<\/p>\n<ul>\n<li><strong>Almendras frescas :<\/strong>\u00a0Elija un amlou elaborado con almendras reci\u00e9n recolectadas y conservadas adecuadamente para garantizar su sabor y su textura crujiente.<\/li>\n<li><strong>Miel pura :<\/strong>\u00a0Elija miel sin pasteurizar y sin az\u00facares a\u00f1adidos para aprovechar al m\u00e1ximo sus beneficios y su dulzor natural.<\/li>\n<li><strong>Aceite de arg\u00e1n comestible :<\/strong>\u00a0Aseg\u00farese de que su aceite para untar contiene aceite de arg\u00e1n comestible y no cosm\u00e9tico. Este \u00faltimo es menos perfumado y puede contener aditivos incompatibles con el consumo alimentario.<\/li>\n<\/ul>\n<p>Siguiendo estos consejos, podr\u00e1 encontrar un amlou marroqu\u00ed de calidad para deleitar su paladar y el de los suyos.<\/p>","protected":false},"excerpt":{"rendered":"<p><strong>Ingredientes:\u00a0<\/strong><\/p>\n<ol>\n<li><strong>Almendras :<\/strong>\u00a0Ricas en prote\u00ednas, fibra y vitamina E, las almendras son un excelente alimento saludable. A\u00f1aden crujiente y consistencia al amlou.<\/li>\n<li><strong>Miel:<\/strong>\u00a0Naturalmente dulce, la miel a\u00f1ade dulzor a la preparaci\u00f3n al tiempo que aporta minerales y antioxidantes beneficiosos para el organismo.<\/li>\n<li><strong>Aceite de arg\u00e1n:<\/strong>\u00a0Originario de Marruecos, el aceite de arg\u00e1n es famoso por sus m\u00faltiples beneficios para la piel y el cabello. En la cocina, aporta un toque de sabor \u00fanico e inimitable al amlou.<\/li>\n<\/ol>\n<p><img decoding=\"async\" class=\"size-full wp-image-5091 aligncenter\" src=\"https:\/\/www.safinel.fr\/wp-content\/uploads\/2021\/06\/BANNIERE-ICONE-SAFINEL.webp\" alt=\"reaseguro de sat\u00e9n\" width=\"800\" height=\"200\" srcset=\"https:\/\/www.safinel.fr\/wp-content\/uploads\/2021\/06\/BANNIERE-ICONE-SAFINEL.webp 800w, https:\/\/www.safinel.fr\/wp-content\/uploads\/2021\/06\/BANNIERE-ICONE-SAFINEL-600x150.webp 600w, https:\/\/www.safinel.fr\/wp-content\/uploads\/2021\/06\/BANNIERE-ICONE-SAFINEL-768x192.webp 768w\" sizes=\"(max-width: 800px) 100vw, 800px\" \/><\/p>","protected":false},"featured_media":6834,"template":"","meta":[],"product_brand":[],"product_cat":[53],"product_tag":[],"class_list":{"0":"post-6833","1":"product","2":"type-product","3":"status-publish","4":"has-post-thumbnail","6":"product_cat-epices-marocaines","8":"first","9":"instock","10":"shipping-taxable","11":"purchasable","12":"product-type-simple"},"yoast_head":"<!-- This site is optimized with the Yoast SEO plugin v26.6 - https:\/\/yoast.com\/wordpress\/plugins\/seo\/ -->\n<title>Amlou aux amandes | P\u00e2te \u00e0 tartiner naturelle marocaine<\/title>\n<meta name=\"description\" content=\"L&#039;amlou est une\u00a0p\u00e2te \u00e0 tartiner d&#039;origine marocaine\u00a0r\u00e9alis\u00e9e principalement \u00e0 base d&#039;amandes, de miel et d&#039;huile d&#039;argan. Adoptez-l\u00e0 !\" \/>\n<meta name=\"robots\" content=\"index, follow, max-snippet:-1, max-image-preview:large, max-video-preview:-1\" \/>\n<link rel=\"canonical\" href=\"https:\/\/www.safinel.fr\/es\/product-2\/almendra-amlou\/\" \/>\n<meta property=\"og:locale\" content=\"es_ES\" \/>\n<meta property=\"og:type\" content=\"article\" \/>\n<meta property=\"og:title\" content=\"Amlou aux amandes | P\u00e2te \u00e0 tartiner naturelle marocaine\" \/>\n<meta property=\"og:description\" content=\"L&#039;amlou est une\u00a0p\u00e2te \u00e0 tartiner d&#039;origine marocaine\u00a0r\u00e9alis\u00e9e principalement \u00e0 base d&#039;amandes, de miel et d&#039;huile d&#039;argan. Adoptez-l\u00e0 !\" \/>\n<meta property=\"og:url\" content=\"https:\/\/www.safinel.fr\/es\/product-2\/almendra-amlou\/\" \/>\n<meta property=\"og:site_name\" content=\"Safinel\" \/>\n<meta property=\"article:modified_time\" content=\"2023-12-28T17:16:06+00:00\" \/>\n<meta property=\"og:image\" content=\"https:\/\/www.safinel.fr\/wp-content\/uploads\/2023\/07\/amlou-aux-amandes.jpg\" \/>\n\t<meta property=\"og:image:width\" content=\"600\" \/>\n\t<meta property=\"og:image:height\" content=\"600\" \/>\n\t<meta property=\"og:image:type\" content=\"image\/jpeg\" \/>\n<meta name=\"twitter:card\" content=\"summary_large_image\" \/>\n<meta name=\"twitter:label1\" content=\"Tiempo de lectura\" \/>\n\t<meta name=\"twitter:data1\" content=\"4 minutos\" \/>\n<script type=\"application\/ld+json\" class=\"yoast-schema-graph\">{\"@context\":\"https:\/\/schema.org\",\"@graph\":[{\"@type\":\"WebPage\",\"@id\":\"https:\/\/www.safinel.fr\/produit\/amlou-aux-amandes\/\",\"url\":\"https:\/\/www.safinel.fr\/produit\/amlou-aux-amandes\/\",\"name\":\"Amlou aux amandes | P\u00e2te \u00e0 tartiner naturelle marocaine\",\"isPartOf\":{\"@id\":\"https:\/\/www.safinel.fr\/#website\"},\"primaryImageOfPage\":{\"@id\":\"https:\/\/www.safinel.fr\/produit\/amlou-aux-amandes\/#primaryimage\"},\"image\":{\"@id\":\"https:\/\/www.safinel.fr\/produit\/amlou-aux-amandes\/#primaryimage\"},\"thumbnailUrl\":\"https:\/\/www.safinel.fr\/wp-content\/uploads\/2023\/07\/amlou-aux-amandes.jpg\",\"datePublished\":\"2023-07-01T19:42:17+00:00\",\"dateModified\":\"2023-12-28T17:16:06+00:00\",\"description\":\"L'amlou est une\u00a0p\u00e2te \u00e0 tartiner d'origine marocaine\u00a0r\u00e9alis\u00e9e principalement \u00e0 base d'amandes, de miel et d'huile d'argan. Adoptez-l\u00e0 !\",\"breadcrumb\":{\"@id\":\"https:\/\/www.safinel.fr\/produit\/amlou-aux-amandes\/#breadcrumb\"},\"inLanguage\":\"es\",\"potentialAction\":[{\"@type\":\"ReadAction\",\"target\":[\"https:\/\/www.safinel.fr\/produit\/amlou-aux-amandes\/\"]}]},{\"@type\":\"ImageObject\",\"inLanguage\":\"es\",\"@id\":\"https:\/\/www.safinel.fr\/produit\/amlou-aux-amandes\/#primaryimage\",\"url\":\"https:\/\/www.safinel.fr\/wp-content\/uploads\/2023\/07\/amlou-aux-amandes.jpg\",\"contentUrl\":\"https:\/\/www.safinel.fr\/wp-content\/uploads\/2023\/07\/amlou-aux-amandes.jpg\",\"width\":600,\"height\":600,\"caption\":\"Amlou aux amandes 200g\"},{\"@type\":\"BreadcrumbList\",\"@id\":\"https:\/\/www.safinel.fr\/produit\/amlou-aux-amandes\/#breadcrumb\",\"itemListElement\":[{\"@type\":\"ListItem\",\"position\":1,\"name\":\"Accueil\",\"item\":\"https:\/\/www.safinel.fr\/\"},{\"@type\":\"ListItem\",\"position\":2,\"name\":\"Boutique\",\"item\":\"https:\/\/www.safinel.fr\/boutique\/\"},{\"@type\":\"ListItem\",\"position\":3,\"name\":\"Amlou aux amandes 200g\"}]},{\"@type\":\"WebSite\",\"@id\":\"https:\/\/www.safinel.fr\/#website\",\"url\":\"https:\/\/www.safinel.fr\/\",\"name\":\"Safinel\",\"description\":\"\",\"publisher\":{\"@id\":\"https:\/\/www.safinel.fr\/#organization\"},\"potentialAction\":[{\"@type\":\"SearchAction\",\"target\":{\"@type\":\"EntryPoint\",\"urlTemplate\":\"https:\/\/www.safinel.fr\/?s={search_term_string}\"},\"query-input\":{\"@type\":\"PropertyValueSpecification\",\"valueRequired\":true,\"valueName\":\"search_term_string\"}}],\"inLanguage\":\"es\"},{\"@type\":\"Organization\",\"@id\":\"https:\/\/www.safinel.fr\/#organization\",\"name\":\"Safinel\",\"url\":\"https:\/\/www.safinel.fr\/\",\"logo\":{\"@type\":\"ImageObject\",\"inLanguage\":\"es\",\"@id\":\"https:\/\/www.safinel.fr\/#\/schema\/logo\/image\/\",\"url\":\"https:\/\/www.safinel.fr\/wp-content\/uploads\/2021\/05\/boutique-cosmetique.png\",\"contentUrl\":\"https:\/\/www.safinel.fr\/wp-content\/uploads\/2021\/05\/boutique-cosmetique.png\",\"width\":800,\"height\":200,\"caption\":\"Safinel\"},\"image\":{\"@id\":\"https:\/\/www.safinel.fr\/#\/schema\/logo\/image\/\"}}]}<\/script>\n<!-- \/ Yoast SEO plugin. -->","yoast_head_json":{"title":"Amlou con almendras | Crema marroqu\u00ed natural para untar","description":"El amlou es una pasta marroqu\u00ed para untar elaborada principalmente con almendras, miel y aceite de arg\u00e1n. \u00a1H\u00e1galo usted mismo!","robots":{"index":"index","follow":"follow","max-snippet":"max-snippet:-1","max-image-preview":"max-image-preview:large","max-video-preview":"max-video-preview:-1"},"canonical":"https:\/\/www.safinel.fr\/es\/product-2\/almendra-amlou\/","og_locale":"es_ES","og_type":"article","og_title":"Amlou aux amandes | P\u00e2te \u00e0 tartiner naturelle marocaine","og_description":"L'amlou est une\u00a0p\u00e2te \u00e0 tartiner d'origine marocaine\u00a0r\u00e9alis\u00e9e principalement \u00e0 base d'amandes, de miel et d'huile d'argan. Adoptez-l\u00e0 !","og_url":"https:\/\/www.safinel.fr\/es\/product-2\/almendra-amlou\/","og_site_name":"Safinel","article_modified_time":"2023-12-28T17:16:06+00:00","og_image":[{"width":600,"height":600,"url":"https:\/\/www.safinel.fr\/wp-content\/uploads\/2023\/07\/amlou-aux-amandes.jpg","type":"image\/jpeg"}],"twitter_card":"summary_large_image","twitter_misc":{"Tiempo de lectura":"4 minutos"},"schema":{"@context":"https:\/\/schema.org","@graph":[{"@type":"WebPage","@id":"https:\/\/www.safinel.fr\/produit\/amlou-aux-amandes\/","url":"https:\/\/www.safinel.fr\/produit\/amlou-aux-amandes\/","name":"Amlou con almendras | Crema marroqu\u00ed natural para untar","isPartOf":{"@id":"https:\/\/www.safinel.fr\/#website"},"primaryImageOfPage":{"@id":"https:\/\/www.safinel.fr\/produit\/amlou-aux-amandes\/#primaryimage"},"image":{"@id":"https:\/\/www.safinel.fr\/produit\/amlou-aux-amandes\/#primaryimage"},"thumbnailUrl":"https:\/\/www.safinel.fr\/wp-content\/uploads\/2023\/07\/amlou-aux-amandes.jpg","datePublished":"2023-07-01T19:42:17+00:00","dateModified":"2023-12-28T17:16:06+00:00","description":"El amlou es una pasta marroqu\u00ed para untar elaborada principalmente con almendras, miel y aceite de arg\u00e1n. \u00a1H\u00e1galo usted mismo!","breadcrumb":{"@id":"https:\/\/www.safinel.fr\/produit\/amlou-aux-amandes\/#breadcrumb"},"inLanguage":"es","potentialAction":[{"@type":"ReadAction","target":["https:\/\/www.safinel.fr\/produit\/amlou-aux-amandes\/"]}]},{"@type":"ImageObject","inLanguage":"es","@id":"https:\/\/www.safinel.fr\/produit\/amlou-aux-amandes\/#primaryimage","url":"https:\/\/www.safinel.fr\/wp-content\/uploads\/2023\/07\/amlou-aux-amandes.jpg","contentUrl":"https:\/\/www.safinel.fr\/wp-content\/uploads\/2023\/07\/amlou-aux-amandes.jpg","width":600,"height":600,"caption":"Amlou aux amandes 200g"},{"@type":"BreadcrumbList","@id":"https:\/\/www.safinel.fr\/produit\/amlou-aux-amandes\/#breadcrumb","itemListElement":[{"@type":"ListItem","position":1,"name":"Accueil","item":"https:\/\/www.safinel.fr\/"},{"@type":"ListItem","position":2,"name":"Boutique","item":"https:\/\/www.safinel.fr\/boutique\/"},{"@type":"ListItem","position":3,"name":"Amlou aux amandes 200g"}]},{"@type":"WebSite","@id":"https:\/\/www.safinel.fr\/#website","url":"https:\/\/www.safinel.fr\/","name":"Safinel","description":"","publisher":{"@id":"https:\/\/www.safinel.fr\/#organization"},"potentialAction":[{"@type":"SearchAction","target":{"@type":"EntryPoint","urlTemplate":"https:\/\/www.safinel.fr\/?s={search_term_string}"},"query-input":{"@type":"PropertyValueSpecification","valueRequired":true,"valueName":"search_term_string"}}],"inLanguage":"es"},{"@type":"Organization","@id":"https:\/\/www.safinel.fr\/#organization","name":"Safinel","url":"https:\/\/www.safinel.fr\/","logo":{"@type":"ImageObject","inLanguage":"es","@id":"https:\/\/www.safinel.fr\/#\/schema\/logo\/image\/","url":"https:\/\/www.safinel.fr\/wp-content\/uploads\/2021\/05\/boutique-cosmetique.png","contentUrl":"https:\/\/www.safinel.fr\/wp-content\/uploads\/2021\/05\/boutique-cosmetique.png","width":800,"height":200,"caption":"Safinel"},"image":{"@id":"https:\/\/www.safinel.fr\/#\/schema\/logo\/image\/"}}]}},"_links":{"self":[{"href":"https:\/\/www.safinel.fr\/es\/wp-json\/wp\/v2\/product\/6833","targetHints":{"allow":["GET"]}}],"collection":[{"href":"https:\/\/www.safinel.fr\/es\/wp-json\/wp\/v2\/product"}],"about":[{"href":"https:\/\/www.safinel.fr\/es\/wp-json\/wp\/v2\/types\/product"}],"wp:featuredmedia":[{"embeddable":true,"href":"https:\/\/www.safinel.fr\/es\/wp-json\/wp\/v2\/media\/6834"}],"wp:attachment":[{"href":"https:\/\/www.safinel.fr\/es\/wp-json\/wp\/v2\/media?parent=6833"}],"wp:term":[{"taxonomy":"product_brand","embeddable":true,"href":"https:\/\/www.safinel.fr\/es\/wp-json\/wp\/v2\/product_brand?post=6833"},{"taxonomy":"product_cat","embeddable":true,"href":"https:\/\/www.safinel.fr\/es\/wp-json\/wp\/v2\/product_cat?post=6833"},{"taxonomy":"product_tag","embeddable":true,"href":"https:\/\/www.safinel.fr\/es\/wp-json\/wp\/v2\/product_tag?post=6833"}],"curies":[{"name":"wp","href":"https:\/\/api.w.org\/{rel}","templated":true}]}}