{"id":6796,"date":"2023-06-30T09:26:27","date_gmt":"2023-06-30T09:26:27","guid":{"rendered":"https:\/\/www.safinel.fr\/?post_type=product&#038;p=6796"},"modified":"2023-12-28T17:16:06","modified_gmt":"2023-12-28T17:16:06","slug":"polvo-capilar-de-maca","status":"publish","type":"product","link":"https:\/\/www.safinel.fr\/es\/product-2\/polvo-capilar-de-maca\/","title":{"rendered":"Maca en polvo para el cabello 100g"},"content":{"rendered":"<p>Con la enorme variedad de productos para el cuidado del cabello disponibles en el mercado, puede resultar dif\u00edcil elegir lo mejor para nuestra melena. Entre estas opciones est\u00e1n,\u00a0<strong>maca en polvo<\/strong>\u00a0es un ingrediente natural que merece toda nuestra atenci\u00f3n. Vamos a desvelar todos los secretos de esta incre\u00edble planta.<\/p>\n<h2><strong>Comprender el origen de la maca en polvo<\/strong><\/h2>\n<p>Antes de profundizar en sus beneficios para el cabello, conviene saber qu\u00e9 es exactamente. La maca es una planta originaria de Per\u00fa, conocida por sus excepcionales propiedades nutritivas. Sus ra\u00edces se transforman en polvo para facilitar su consumo.<\/p>\n<h3><strong>\u00bfPor qu\u00e9 elegir el polvo?<\/strong><\/h3>\n<p>La forma en polvo de la maca permite que el organismo la absorba m\u00e1s r\u00e1pida y eficazmente, optimizando sus efectos. Puede incorporarse f\u00e1cilmente a distintos tipos de recetas o utilizarse como suplemento diet\u00e9tico.<\/p>\n<h2><strong>\u00bfC\u00f3mo favorece la maca en polvo la salud del cabello?<\/strong><\/h2>\n<p>Ahora que sabemos qu\u00e9 es la maca en polvo, veamos m\u00e1s de cerca su impacto en la salud de nuestro cabello. El crecimiento del cabello no s\u00f3lo se ve afectado por factores externos, sino tambi\u00e9n por nuestro estado de salud interno.<\/p>\n<p>Dado que la maca en polvo contiene nutrientes esenciales que mejoran nuestra salud general, favorece inevitablemente un crecimiento del cabello m\u00e1s fuerte y sano.<\/p>\n<ul>\n<li><strong>Estimulaci\u00f3n del fol\u00edculo piloso<\/strong><\/li>\n<\/ul>\n<p>Uno de los principales beneficios de la maca en polvo para el cabello es su capacidad para estimular los fol\u00edculos pilosos. Ayuda a nutrir y fortalecer los fol\u00edculos pilosos, lo que contribuye al crecimiento de un cabello grueso y sano.<\/p>\n<ul>\n<li><strong>Prevenir la ca\u00edda del cabello<\/strong><\/li>\n<\/ul>\n<p>La maca en polvo tambi\u00e9n puede ayudar a prevenir la ca\u00edda del cabello. Gracias a sus ingredientes ricos en vitaminas y minerales, aumenta la resistencia del cuero cabelludo y reduce los da\u00f1os causados por los agentes nocivos del medio ambiente.<\/p>\n<h2><strong>Polvo de maca para el cabello<\/strong><\/h2>\n<p>Hay muchas formas diferentes de incorporar este polvo capilar a tu rutina de cuidado del cabello. Estas son algunas de las formas m\u00e1s comunes:<\/p>\n<ul>\n<li><strong>Como ingrediente en champ\u00fas<\/strong>\u00a0Puede a\u00f1adir simplemente una peque\u00f1a cantidad de polvo a su <a href=\"https:\/\/www.safinel.fr\/es\/product-2\/champu-chebe\/\"><strong>champ\u00fa<\/strong><\/a> para potenciar sus propiedades beneficiosas.<\/li>\n<li><strong>En forma de mascarilla capilar<\/strong>\u00a0Mezcle este polvo natural con agua hasta formar una pasta y apl\u00edquela directamente sobre el cuero cabelludo. Dejar actuar 20 minutos antes de aclarar.<\/li>\n<\/ul>\n<h3><strong>Tener en cuenta las recomendaciones<\/strong><\/h3>\n<p>Hay que tener en cuenta que, a pesar de todos los beneficios de la maca en polvo para el cabello. Cada persona reacciona de manera diferente a los ingredientes naturales.<\/p>\n<p>Por ello, siempre es aconsejable realizar una prueba cut\u00e1nea antes de aplicar un nuevo producto sobre el cuero cabelludo. Adem\u00e1s, si est\u00e1 tomando medicaci\u00f3n o tiene alg\u00fan problema de salud subyacente, es mejor que consulte a un profesional sanitario antes de incorporar el polvo capilar a su dieta o rutina de cuidado del cabello.<\/p>\n<h3><strong>Resumen de los beneficios de la maca en polvo para el cabello<\/strong><\/h3>\n<p>En resumen, es un ingrediente natural que ofrece numerosos beneficios para la salud capilar. No s\u00f3lo estimula los fol\u00edculos pilosos, sino que tambi\u00e9n previene la ca\u00edda del cabello, al tiempo que le aporta un brillo natural y una suavidad incomparable.<\/p>\n<p>\u00bfPor qu\u00e9 no probar la maca en polvo para darle a tu cabello el impulso que necesita?<\/p>","protected":false},"excerpt":{"rendered":"<p><img decoding=\"async\" class=\"size-full wp-image-5091 aligncenter\" src=\"https:\/\/www.safinel.fr\/wp-content\/uploads\/2021\/06\/BANNIERE-ICONE-SAFINEL.webp\" alt=\"reaseguro de sat\u00e9n\" width=\"800\" height=\"200\" srcset=\"https:\/\/www.safinel.fr\/wp-content\/uploads\/2021\/06\/BANNIERE-ICONE-SAFINEL.webp 800w, https:\/\/www.safinel.fr\/wp-content\/uploads\/2021\/06\/BANNIERE-ICONE-SAFINEL-600x150.webp 600w, https:\/\/www.safinel.fr\/wp-content\/uploads\/2021\/06\/BANNIERE-ICONE-SAFINEL-768x192.webp 768w\" sizes=\"(max-width: 800px) 100vw, 800px\" \/><\/p>","protected":false},"featured_media":6797,"template":"","meta":[],"product_brand":[],"product_cat":[146,110],"product_tag":[],"class_list":{"0":"post-6796","1":"product","2":"type-product","3":"status-publish","4":"has-post-thumbnail","6":"product_cat-produit-cheveux","7":"product_cat-poudre-cheveux-ayurvedique","9":"first","10":"outofstock","11":"shipping-taxable","12":"purchasable","13":"product-type-simple"},"yoast_head":"<!-- This site is optimized with the Yoast SEO plugin v26.6 - https:\/\/yoast.com\/wordpress\/plugins\/seo\/ -->\n<title>Poudre de maca cheveux | Bienfaits nombreux | 100% naturelle<\/title>\n<meta name=\"description\" content=\"La poudre de maca cheveux\u00a0est un ingr\u00e9dient naturel qui m\u00e9rite toute notre attention. Adoptez-l\u00e0 sans plus attendre chez Safinel.fr !\" \/>\n<meta name=\"robots\" content=\"index, follow, max-snippet:-1, max-image-preview:large, max-video-preview:-1\" \/>\n<link rel=\"canonical\" href=\"https:\/\/www.safinel.fr\/es\/product-2\/polvo-capilar-de-maca\/\" \/>\n<meta property=\"og:locale\" content=\"es_ES\" \/>\n<meta property=\"og:type\" content=\"article\" \/>\n<meta property=\"og:title\" content=\"Poudre de maca cheveux | Bienfaits nombreux | 100% naturelle\" \/>\n<meta property=\"og:description\" content=\"La poudre de maca cheveux\u00a0est un ingr\u00e9dient naturel qui m\u00e9rite toute notre attention. Adoptez-l\u00e0 sans plus attendre chez Safinel.fr !\" \/>\n<meta property=\"og:url\" content=\"https:\/\/www.safinel.fr\/es\/product-2\/polvo-capilar-de-maca\/\" \/>\n<meta property=\"og:site_name\" content=\"Safinel\" \/>\n<meta property=\"article:modified_time\" content=\"2023-12-28T17:16:06+00:00\" \/>\n<meta property=\"og:image\" content=\"https:\/\/www.safinel.fr\/wp-content\/uploads\/2023\/06\/poudre-de-maca-cheveux.jpg\" \/>\n\t<meta property=\"og:image:width\" content=\"600\" \/>\n\t<meta property=\"og:image:height\" content=\"600\" \/>\n\t<meta property=\"og:image:type\" content=\"image\/jpeg\" \/>\n<meta name=\"twitter:card\" content=\"summary_large_image\" \/>\n<meta name=\"twitter:label1\" content=\"Tiempo de lectura\" \/>\n\t<meta name=\"twitter:data1\" content=\"3 minutos\" \/>\n<script type=\"application\/ld+json\" class=\"yoast-schema-graph\">{\"@context\":\"https:\/\/schema.org\",\"@graph\":[{\"@type\":\"WebPage\",\"@id\":\"https:\/\/www.safinel.fr\/produit\/poudre-de-maca-cheveux\/\",\"url\":\"https:\/\/www.safinel.fr\/produit\/poudre-de-maca-cheveux\/\",\"name\":\"Poudre de maca cheveux | Bienfaits nombreux | 100% naturelle\",\"isPartOf\":{\"@id\":\"https:\/\/www.safinel.fr\/#website\"},\"primaryImageOfPage\":{\"@id\":\"https:\/\/www.safinel.fr\/produit\/poudre-de-maca-cheveux\/#primaryimage\"},\"image\":{\"@id\":\"https:\/\/www.safinel.fr\/produit\/poudre-de-maca-cheveux\/#primaryimage\"},\"thumbnailUrl\":\"https:\/\/www.safinel.fr\/wp-content\/uploads\/2023\/06\/poudre-de-maca-cheveux.jpg\",\"datePublished\":\"2023-06-30T09:26:27+00:00\",\"dateModified\":\"2023-12-28T17:16:06+00:00\",\"description\":\"La poudre de maca cheveux\u00a0est un ingr\u00e9dient naturel qui m\u00e9rite toute notre attention. Adoptez-l\u00e0 sans plus attendre chez Safinel.fr !\",\"breadcrumb\":{\"@id\":\"https:\/\/www.safinel.fr\/produit\/poudre-de-maca-cheveux\/#breadcrumb\"},\"inLanguage\":\"es\",\"potentialAction\":[{\"@type\":\"ReadAction\",\"target\":[\"https:\/\/www.safinel.fr\/produit\/poudre-de-maca-cheveux\/\"]}]},{\"@type\":\"ImageObject\",\"inLanguage\":\"es\",\"@id\":\"https:\/\/www.safinel.fr\/produit\/poudre-de-maca-cheveux\/#primaryimage\",\"url\":\"https:\/\/www.safinel.fr\/wp-content\/uploads\/2023\/06\/poudre-de-maca-cheveux.jpg\",\"contentUrl\":\"https:\/\/www.safinel.fr\/wp-content\/uploads\/2023\/06\/poudre-de-maca-cheveux.jpg\",\"width\":600,\"height\":600,\"caption\":\"poudre de maca cheveux\"},{\"@type\":\"BreadcrumbList\",\"@id\":\"https:\/\/www.safinel.fr\/produit\/poudre-de-maca-cheveux\/#breadcrumb\",\"itemListElement\":[{\"@type\":\"ListItem\",\"position\":1,\"name\":\"Accueil\",\"item\":\"https:\/\/www.safinel.fr\/\"},{\"@type\":\"ListItem\",\"position\":2,\"name\":\"Boutique\",\"item\":\"https:\/\/www.safinel.fr\/boutique\/\"},{\"@type\":\"ListItem\",\"position\":3,\"name\":\"Poudre de maca cheveux 100g\"}]},{\"@type\":\"WebSite\",\"@id\":\"https:\/\/www.safinel.fr\/#website\",\"url\":\"https:\/\/www.safinel.fr\/\",\"name\":\"Safinel\",\"description\":\"\",\"publisher\":{\"@id\":\"https:\/\/www.safinel.fr\/#organization\"},\"potentialAction\":[{\"@type\":\"SearchAction\",\"target\":{\"@type\":\"EntryPoint\",\"urlTemplate\":\"https:\/\/www.safinel.fr\/?s={search_term_string}\"},\"query-input\":{\"@type\":\"PropertyValueSpecification\",\"valueRequired\":true,\"valueName\":\"search_term_string\"}}],\"inLanguage\":\"es\"},{\"@type\":\"Organization\",\"@id\":\"https:\/\/www.safinel.fr\/#organization\",\"name\":\"Safinel\",\"url\":\"https:\/\/www.safinel.fr\/\",\"logo\":{\"@type\":\"ImageObject\",\"inLanguage\":\"es\",\"@id\":\"https:\/\/www.safinel.fr\/#\/schema\/logo\/image\/\",\"url\":\"https:\/\/www.safinel.fr\/wp-content\/uploads\/2021\/05\/boutique-cosmetique.png\",\"contentUrl\":\"https:\/\/www.safinel.fr\/wp-content\/uploads\/2021\/05\/boutique-cosmetique.png\",\"width\":800,\"height\":200,\"caption\":\"Safinel\"},\"image\":{\"@id\":\"https:\/\/www.safinel.fr\/#\/schema\/logo\/image\/\"}}]}<\/script>\n<!-- \/ Yoast SEO plugin. -->","yoast_head_json":{"title":"Polvo capilar de maca | Numerosos beneficios | 100% naturelle","description":"El polvo capilar de maca es un ingrediente natural que merece toda nuestra atenci\u00f3n. \u00a1No espere m\u00e1s para probarlo en Safinel.es!","robots":{"index":"index","follow":"follow","max-snippet":"max-snippet:-1","max-image-preview":"max-image-preview:large","max-video-preview":"max-video-preview:-1"},"canonical":"https:\/\/www.safinel.fr\/es\/product-2\/polvo-capilar-de-maca\/","og_locale":"es_ES","og_type":"article","og_title":"Poudre de maca cheveux | Bienfaits nombreux | 100% naturelle","og_description":"La poudre de maca cheveux\u00a0est un ingr\u00e9dient naturel qui m\u00e9rite toute notre attention. Adoptez-l\u00e0 sans plus attendre chez Safinel.fr !","og_url":"https:\/\/www.safinel.fr\/es\/product-2\/polvo-capilar-de-maca\/","og_site_name":"Safinel","article_modified_time":"2023-12-28T17:16:06+00:00","og_image":[{"width":600,"height":600,"url":"https:\/\/www.safinel.fr\/wp-content\/uploads\/2023\/06\/poudre-de-maca-cheveux.jpg","type":"image\/jpeg"}],"twitter_card":"summary_large_image","twitter_misc":{"Tiempo de lectura":"3 minutos"},"schema":{"@context":"https:\/\/schema.org","@graph":[{"@type":"WebPage","@id":"https:\/\/www.safinel.fr\/produit\/poudre-de-maca-cheveux\/","url":"https:\/\/www.safinel.fr\/produit\/poudre-de-maca-cheveux\/","name":"Polvo capilar de maca | Numerosos beneficios | 100% naturelle","isPartOf":{"@id":"https:\/\/www.safinel.fr\/#website"},"primaryImageOfPage":{"@id":"https:\/\/www.safinel.fr\/produit\/poudre-de-maca-cheveux\/#primaryimage"},"image":{"@id":"https:\/\/www.safinel.fr\/produit\/poudre-de-maca-cheveux\/#primaryimage"},"thumbnailUrl":"https:\/\/www.safinel.fr\/wp-content\/uploads\/2023\/06\/poudre-de-maca-cheveux.jpg","datePublished":"2023-06-30T09:26:27+00:00","dateModified":"2023-12-28T17:16:06+00:00","description":"El polvo capilar de maca es un ingrediente natural que merece toda nuestra atenci\u00f3n. \u00a1No espere m\u00e1s para probarlo en Safinel.es!","breadcrumb":{"@id":"https:\/\/www.safinel.fr\/produit\/poudre-de-maca-cheveux\/#breadcrumb"},"inLanguage":"es","potentialAction":[{"@type":"ReadAction","target":["https:\/\/www.safinel.fr\/produit\/poudre-de-maca-cheveux\/"]}]},{"@type":"ImageObject","inLanguage":"es","@id":"https:\/\/www.safinel.fr\/produit\/poudre-de-maca-cheveux\/#primaryimage","url":"https:\/\/www.safinel.fr\/wp-content\/uploads\/2023\/06\/poudre-de-maca-cheveux.jpg","contentUrl":"https:\/\/www.safinel.fr\/wp-content\/uploads\/2023\/06\/poudre-de-maca-cheveux.jpg","width":600,"height":600,"caption":"poudre de maca cheveux"},{"@type":"BreadcrumbList","@id":"https:\/\/www.safinel.fr\/produit\/poudre-de-maca-cheveux\/#breadcrumb","itemListElement":[{"@type":"ListItem","position":1,"name":"Accueil","item":"https:\/\/www.safinel.fr\/"},{"@type":"ListItem","position":2,"name":"Boutique","item":"https:\/\/www.safinel.fr\/boutique\/"},{"@type":"ListItem","position":3,"name":"Poudre de maca cheveux 100g"}]},{"@type":"WebSite","@id":"https:\/\/www.safinel.fr\/#website","url":"https:\/\/www.safinel.fr\/","name":"Safinel","description":"","publisher":{"@id":"https:\/\/www.safinel.fr\/#organization"},"potentialAction":[{"@type":"SearchAction","target":{"@type":"EntryPoint","urlTemplate":"https:\/\/www.safinel.fr\/?s={search_term_string}"},"query-input":{"@type":"PropertyValueSpecification","valueRequired":true,"valueName":"search_term_string"}}],"inLanguage":"es"},{"@type":"Organization","@id":"https:\/\/www.safinel.fr\/#organization","name":"Safinel","url":"https:\/\/www.safinel.fr\/","logo":{"@type":"ImageObject","inLanguage":"es","@id":"https:\/\/www.safinel.fr\/#\/schema\/logo\/image\/","url":"https:\/\/www.safinel.fr\/wp-content\/uploads\/2021\/05\/boutique-cosmetique.png","contentUrl":"https:\/\/www.safinel.fr\/wp-content\/uploads\/2021\/05\/boutique-cosmetique.png","width":800,"height":200,"caption":"Safinel"},"image":{"@id":"https:\/\/www.safinel.fr\/#\/schema\/logo\/image\/"}}]}},"_links":{"self":[{"href":"https:\/\/www.safinel.fr\/es\/wp-json\/wp\/v2\/product\/6796","targetHints":{"allow":["GET"]}}],"collection":[{"href":"https:\/\/www.safinel.fr\/es\/wp-json\/wp\/v2\/product"}],"about":[{"href":"https:\/\/www.safinel.fr\/es\/wp-json\/wp\/v2\/types\/product"}],"wp:featuredmedia":[{"embeddable":true,"href":"https:\/\/www.safinel.fr\/es\/wp-json\/wp\/v2\/media\/6797"}],"wp:attachment":[{"href":"https:\/\/www.safinel.fr\/es\/wp-json\/wp\/v2\/media?parent=6796"}],"wp:term":[{"taxonomy":"product_brand","embeddable":true,"href":"https:\/\/www.safinel.fr\/es\/wp-json\/wp\/v2\/product_brand?post=6796"},{"taxonomy":"product_cat","embeddable":true,"href":"https:\/\/www.safinel.fr\/es\/wp-json\/wp\/v2\/product_cat?post=6796"},{"taxonomy":"product_tag","embeddable":true,"href":"https:\/\/www.safinel.fr\/es\/wp-json\/wp\/v2\/product_tag?post=6796"}],"curies":[{"name":"wp","href":"https:\/\/api.w.org\/{rel}","templated":true}]}}