{"id":6757,"date":"2023-06-28T18:52:16","date_gmt":"2023-06-28T18:52:16","guid":{"rendered":"https:\/\/www.safinel.fr\/?post_type=product&#038;p=6757"},"modified":"2024-06-15T09:58:05","modified_gmt":"2024-06-15T09:58:05","slug":"lote-de-raices-de-gouro","status":"publish","type":"product","link":"https:\/\/www.safinel.fr\/es\/product-2\/lote-de-raices-de-gouro\/","title":{"rendered":"Lote de ra\u00edces de gouro (50 g x 2)"},"content":{"rendered":"","protected":false},"excerpt":{"rendered":"<p><strong>Dosificaci\u00f3n y uso de la ra\u00edz de gur\u00fa :<\/strong><\/p>\n<ul>\n<li>1: Mastica el extremo de una ra\u00edz 1 hora antes del coito y traga el jugo. Puedes repetir esta operaci\u00f3n todas las noches.<\/li>\n<li>2: Llena una botella de palo hasta el borde y, a continuaci\u00f3n, ll\u00e9nala de agua tibia (unos 40 grados).<\/li>\n<\/ul>\n<p>Dejar macerar de 24 a 48 horas, despu\u00e9s tomar un vaso de agua cada noche antes de comer o 1 hora antes del coito.<\/p>\n<p><img decoding=\"async\" class=\"size-full wp-image-5091 aligncenter\" src=\"https:\/\/www.safinel.fr\/wp-content\/uploads\/2021\/06\/BANNIERE-ICONE-SAFINEL.webp\" alt=\"reaseguro de sat\u00e9n\" width=\"800\" height=\"200\" srcset=\"https:\/\/www.safinel.fr\/wp-content\/uploads\/2021\/06\/BANNIERE-ICONE-SAFINEL.webp 800w, https:\/\/www.safinel.fr\/wp-content\/uploads\/2021\/06\/BANNIERE-ICONE-SAFINEL-600x150.webp 600w, https:\/\/www.safinel.fr\/wp-content\/uploads\/2021\/06\/BANNIERE-ICONE-SAFINEL-768x192.webp 768w\" sizes=\"(max-width: 800px) 100vw, 800px\" \/><\/p>","protected":false},"featured_media":6742,"template":"","meta":[],"product_brand":[],"product_cat":[27,168],"product_tag":[],"class_list":{"0":"post-6757","1":"product","2":"type-product","3":"status-publish","4":"has-post-thumbnail","6":"product_cat-plantes-medicinales","7":"product_cat-promo","9":"first","10":"outofstock","11":"sale","12":"shipping-taxable","13":"purchasable","14":"product-type-simple"},"yoast_head":"<!-- This site is optimized with the Yoast SEO plugin v26.6 - https:\/\/yoast.com\/wordpress\/plugins\/seo\/ -->\n<title>Lot de racines de gouro (50g x 2) - Safinel<\/title>\n<meta name=\"robots\" content=\"index, follow, max-snippet:-1, max-image-preview:large, max-video-preview:-1\" \/>\n<link rel=\"canonical\" href=\"https:\/\/www.safinel.fr\/es\/product-2\/lote-de-raices-de-gouro\/\" \/>\n<meta property=\"og:locale\" content=\"es_ES\" \/>\n<meta property=\"og:type\" content=\"article\" \/>\n<meta property=\"og:title\" content=\"Lot de racines de gouro (50g x 2) - Safinel\" \/>\n<meta property=\"og:description\" content=\"Posologie et utilisation de la racine de gourou :   1 : M\u00e2cher le bout d\u2019une racine 1h avant un rapport en avalant le jus de la mastication, vous pouvez r\u00e9p\u00e9ter l\u2019op\u00e9ration tous les soir  2 : Remplir une bouteille de b\u00e2ton au maximum puis remplissez la d\u2019eau ti\u00e8de (environ 40 degr\u00e9s)  Laisse mac\u00e9rer 24 \u00e0 48 heures puis prendre un verre d\u2019eau tous les soirs avant de manger ou 1h avant un rapport.\" \/>\n<meta property=\"og:url\" content=\"https:\/\/www.safinel.fr\/es\/product-2\/lote-de-raices-de-gouro\/\" \/>\n<meta property=\"og:site_name\" content=\"Safinel\" \/>\n<meta property=\"article:modified_time\" content=\"2024-06-15T09:58:05+00:00\" \/>\n<meta property=\"og:image\" content=\"https:\/\/www.safinel.fr\/wp-content\/uploads\/2023\/06\/bundle-gouro-X2.jpg\" \/>\n\t<meta property=\"og:image:width\" content=\"600\" \/>\n\t<meta property=\"og:image:height\" content=\"600\" \/>\n\t<meta property=\"og:image:type\" content=\"image\/jpeg\" \/>\n<meta name=\"twitter:card\" content=\"summary_large_image\" \/>\n<script type=\"application\/ld+json\" class=\"yoast-schema-graph\">{\"@context\":\"https:\/\/schema.org\",\"@graph\":[{\"@type\":\"WebPage\",\"@id\":\"https:\/\/www.safinel.fr\/produit\/lot-de-racines-de-gouro\/\",\"url\":\"https:\/\/www.safinel.fr\/produit\/lot-de-racines-de-gouro\/\",\"name\":\"Lot de racines de gouro (50g x 2) - Safinel\",\"isPartOf\":{\"@id\":\"https:\/\/www.safinel.fr\/#website\"},\"primaryImageOfPage\":{\"@id\":\"https:\/\/www.safinel.fr\/produit\/lot-de-racines-de-gouro\/#primaryimage\"},\"image\":{\"@id\":\"https:\/\/www.safinel.fr\/produit\/lot-de-racines-de-gouro\/#primaryimage\"},\"thumbnailUrl\":\"https:\/\/www.safinel.fr\/wp-content\/uploads\/2023\/06\/bundle-gouro-X2.jpg\",\"datePublished\":\"2023-06-28T18:52:16+00:00\",\"dateModified\":\"2024-06-15T09:58:05+00:00\",\"breadcrumb\":{\"@id\":\"https:\/\/www.safinel.fr\/produit\/lot-de-racines-de-gouro\/#breadcrumb\"},\"inLanguage\":\"es\",\"potentialAction\":[{\"@type\":\"ReadAction\",\"target\":[\"https:\/\/www.safinel.fr\/produit\/lot-de-racines-de-gouro\/\"]}]},{\"@type\":\"ImageObject\",\"inLanguage\":\"es\",\"@id\":\"https:\/\/www.safinel.fr\/produit\/lot-de-racines-de-gouro\/#primaryimage\",\"url\":\"https:\/\/www.safinel.fr\/wp-content\/uploads\/2023\/06\/bundle-gouro-X2.jpg\",\"contentUrl\":\"https:\/\/www.safinel.fr\/wp-content\/uploads\/2023\/06\/bundle-gouro-X2.jpg\",\"width\":600,\"height\":600,\"caption\":\"bundle gouro X2 - 1\"},{\"@type\":\"BreadcrumbList\",\"@id\":\"https:\/\/www.safinel.fr\/produit\/lot-de-racines-de-gouro\/#breadcrumb\",\"itemListElement\":[{\"@type\":\"ListItem\",\"position\":1,\"name\":\"Accueil\",\"item\":\"https:\/\/www.safinel.fr\/\"},{\"@type\":\"ListItem\",\"position\":2,\"name\":\"Boutique\",\"item\":\"https:\/\/www.safinel.fr\/boutique\/\"},{\"@type\":\"ListItem\",\"position\":3,\"name\":\"Lot de racines de gouro (50g x 2)\"}]},{\"@type\":\"WebSite\",\"@id\":\"https:\/\/www.safinel.fr\/#website\",\"url\":\"https:\/\/www.safinel.fr\/\",\"name\":\"Safinel\",\"description\":\"\",\"publisher\":{\"@id\":\"https:\/\/www.safinel.fr\/#organization\"},\"potentialAction\":[{\"@type\":\"SearchAction\",\"target\":{\"@type\":\"EntryPoint\",\"urlTemplate\":\"https:\/\/www.safinel.fr\/?s={search_term_string}\"},\"query-input\":{\"@type\":\"PropertyValueSpecification\",\"valueRequired\":true,\"valueName\":\"search_term_string\"}}],\"inLanguage\":\"es\"},{\"@type\":\"Organization\",\"@id\":\"https:\/\/www.safinel.fr\/#organization\",\"name\":\"Safinel\",\"url\":\"https:\/\/www.safinel.fr\/\",\"logo\":{\"@type\":\"ImageObject\",\"inLanguage\":\"es\",\"@id\":\"https:\/\/www.safinel.fr\/#\/schema\/logo\/image\/\",\"url\":\"https:\/\/www.safinel.fr\/wp-content\/uploads\/2021\/05\/boutique-cosmetique.png\",\"contentUrl\":\"https:\/\/www.safinel.fr\/wp-content\/uploads\/2021\/05\/boutique-cosmetique.png\",\"width\":800,\"height\":200,\"caption\":\"Safinel\"},\"image\":{\"@id\":\"https:\/\/www.safinel.fr\/#\/schema\/logo\/image\/\"}}]}<\/script>\n<!-- \/ Yoast SEO plugin. -->","yoast_head_json":{"title":"Ra\u00edces de gouro (50g x 2) - Safinel","robots":{"index":"index","follow":"follow","max-snippet":"max-snippet:-1","max-image-preview":"max-image-preview:large","max-video-preview":"max-video-preview:-1"},"canonical":"https:\/\/www.safinel.fr\/es\/product-2\/lote-de-raices-de-gouro\/","og_locale":"es_ES","og_type":"article","og_title":"Lot de racines de gouro (50g x 2) - Safinel","og_description":"Posologie et utilisation de la racine de gourou :   1 : M\u00e2cher le bout d\u2019une racine 1h avant un rapport en avalant le jus de la mastication, vous pouvez r\u00e9p\u00e9ter l\u2019op\u00e9ration tous les soir  2 : Remplir une bouteille de b\u00e2ton au maximum puis remplissez la d\u2019eau ti\u00e8de (environ 40 degr\u00e9s)  Laisse mac\u00e9rer 24 \u00e0 48 heures puis prendre un verre d\u2019eau tous les soirs avant de manger ou 1h avant un rapport.","og_url":"https:\/\/www.safinel.fr\/es\/product-2\/lote-de-raices-de-gouro\/","og_site_name":"Safinel","article_modified_time":"2024-06-15T09:58:05+00:00","og_image":[{"width":600,"height":600,"url":"https:\/\/www.safinel.fr\/wp-content\/uploads\/2023\/06\/bundle-gouro-X2.jpg","type":"image\/jpeg"}],"twitter_card":"summary_large_image","schema":{"@context":"https:\/\/schema.org","@graph":[{"@type":"WebPage","@id":"https:\/\/www.safinel.fr\/produit\/lot-de-racines-de-gouro\/","url":"https:\/\/www.safinel.fr\/produit\/lot-de-racines-de-gouro\/","name":"Ra\u00edces de gouro (50g x 2) - Safinel","isPartOf":{"@id":"https:\/\/www.safinel.fr\/#website"},"primaryImageOfPage":{"@id":"https:\/\/www.safinel.fr\/produit\/lot-de-racines-de-gouro\/#primaryimage"},"image":{"@id":"https:\/\/www.safinel.fr\/produit\/lot-de-racines-de-gouro\/#primaryimage"},"thumbnailUrl":"https:\/\/www.safinel.fr\/wp-content\/uploads\/2023\/06\/bundle-gouro-X2.jpg","datePublished":"2023-06-28T18:52:16+00:00","dateModified":"2024-06-15T09:58:05+00:00","breadcrumb":{"@id":"https:\/\/www.safinel.fr\/produit\/lot-de-racines-de-gouro\/#breadcrumb"},"inLanguage":"es","potentialAction":[{"@type":"ReadAction","target":["https:\/\/www.safinel.fr\/produit\/lot-de-racines-de-gouro\/"]}]},{"@type":"ImageObject","inLanguage":"es","@id":"https:\/\/www.safinel.fr\/produit\/lot-de-racines-de-gouro\/#primaryimage","url":"https:\/\/www.safinel.fr\/wp-content\/uploads\/2023\/06\/bundle-gouro-X2.jpg","contentUrl":"https:\/\/www.safinel.fr\/wp-content\/uploads\/2023\/06\/bundle-gouro-X2.jpg","width":600,"height":600,"caption":"bundle gouro X2 - 1"},{"@type":"BreadcrumbList","@id":"https:\/\/www.safinel.fr\/produit\/lot-de-racines-de-gouro\/#breadcrumb","itemListElement":[{"@type":"ListItem","position":1,"name":"Accueil","item":"https:\/\/www.safinel.fr\/"},{"@type":"ListItem","position":2,"name":"Boutique","item":"https:\/\/www.safinel.fr\/boutique\/"},{"@type":"ListItem","position":3,"name":"Lot de racines de gouro (50g x 2)"}]},{"@type":"WebSite","@id":"https:\/\/www.safinel.fr\/#website","url":"https:\/\/www.safinel.fr\/","name":"Safinel","description":"","publisher":{"@id":"https:\/\/www.safinel.fr\/#organization"},"potentialAction":[{"@type":"SearchAction","target":{"@type":"EntryPoint","urlTemplate":"https:\/\/www.safinel.fr\/?s={search_term_string}"},"query-input":{"@type":"PropertyValueSpecification","valueRequired":true,"valueName":"search_term_string"}}],"inLanguage":"es"},{"@type":"Organization","@id":"https:\/\/www.safinel.fr\/#organization","name":"Safinel","url":"https:\/\/www.safinel.fr\/","logo":{"@type":"ImageObject","inLanguage":"es","@id":"https:\/\/www.safinel.fr\/#\/schema\/logo\/image\/","url":"https:\/\/www.safinel.fr\/wp-content\/uploads\/2021\/05\/boutique-cosmetique.png","contentUrl":"https:\/\/www.safinel.fr\/wp-content\/uploads\/2021\/05\/boutique-cosmetique.png","width":800,"height":200,"caption":"Safinel"},"image":{"@id":"https:\/\/www.safinel.fr\/#\/schema\/logo\/image\/"}}]}},"_links":{"self":[{"href":"https:\/\/www.safinel.fr\/es\/wp-json\/wp\/v2\/product\/6757","targetHints":{"allow":["GET"]}}],"collection":[{"href":"https:\/\/www.safinel.fr\/es\/wp-json\/wp\/v2\/product"}],"about":[{"href":"https:\/\/www.safinel.fr\/es\/wp-json\/wp\/v2\/types\/product"}],"wp:featuredmedia":[{"embeddable":true,"href":"https:\/\/www.safinel.fr\/es\/wp-json\/wp\/v2\/media\/6742"}],"wp:attachment":[{"href":"https:\/\/www.safinel.fr\/es\/wp-json\/wp\/v2\/media?parent=6757"}],"wp:term":[{"taxonomy":"product_brand","embeddable":true,"href":"https:\/\/www.safinel.fr\/es\/wp-json\/wp\/v2\/product_brand?post=6757"},{"taxonomy":"product_cat","embeddable":true,"href":"https:\/\/www.safinel.fr\/es\/wp-json\/wp\/v2\/product_cat?post=6757"},{"taxonomy":"product_tag","embeddable":true,"href":"https:\/\/www.safinel.fr\/es\/wp-json\/wp\/v2\/product_tag?post=6757"}],"curies":[{"name":"wp","href":"https:\/\/api.w.org\/{rel}","templated":true}]}}