{"id":6741,"date":"2023-06-28T18:30:43","date_gmt":"2023-06-28T18:30:43","guid":{"rendered":"https:\/\/www.safinel.fr\/?post_type=product&#038;p=6741"},"modified":"2025-10-16T14:41:18","modified_gmt":"2025-10-16T14:41:18","slug":"lote-de-2-sobres-de-50-g-de-le-roi-des-herbes","status":"publish","type":"product","link":"https:\/\/www.safinel.fr\/es\/product-2\/lote-de-2-sobres-de-50-g-de-le-roi-des-herbes\/","title":{"rendered":"Lote de 2 sobres Le roi des herbes 50g"},"content":{"rendered":"","protected":false},"excerpt":{"rendered":"<p><strong>El rey de las hierbas<\/strong> podr\u00eda convertirse en la pieza central de su reino de <strong>hierbas medicinales.<\/strong> \u00bfA\u00fan no ha o\u00eddo hablar de ella? Una vez m\u00e1s, su boutique Safinel le ofrece la oportunidad de conocer una planta que lo tiene todo para seducir.<\/p>\n<p><img decoding=\"async\" class=\"size-full wp-image-5091 aligncenter\" src=\"https:\/\/www.safinel.fr\/wp-content\/uploads\/2021\/06\/BANNIERE-ICONE-SAFINEL.webp\" alt=\"reaseguro de sat\u00e9n\" width=\"800\" height=\"200\" srcset=\"https:\/\/www.safinel.fr\/wp-content\/uploads\/2021\/06\/BANNIERE-ICONE-SAFINEL.webp 800w, https:\/\/www.safinel.fr\/wp-content\/uploads\/2021\/06\/BANNIERE-ICONE-SAFINEL-600x150.webp 600w, https:\/\/www.safinel.fr\/wp-content\/uploads\/2021\/06\/BANNIERE-ICONE-SAFINEL-768x192.webp 768w\" sizes=\"(max-width: 800px) 100vw, 800px\" \/><\/p>","protected":false},"featured_media":6749,"template":"","meta":[],"product_brand":[],"product_cat":[27,168],"product_tag":[],"class_list":{"0":"post-6741","1":"product","2":"type-product","3":"status-publish","4":"has-post-thumbnail","6":"product_cat-plantes-medicinales","7":"product_cat-promo","9":"first","10":"outofstock","11":"sale","12":"shipping-taxable","13":"purchasable","14":"product-type-simple"},"yoast_head":"<!-- This site is optimized with the Yoast SEO plugin v26.6 - https:\/\/yoast.com\/wordpress\/plugins\/seo\/ -->\n<title>Lot de 2 sachets Le roi des herbes 50g - Safinel<\/title>\n<meta name=\"robots\" content=\"index, follow, max-snippet:-1, max-image-preview:large, max-video-preview:-1\" \/>\n<link rel=\"canonical\" href=\"https:\/\/www.safinel.fr\/es\/product-2\/lote-de-2-sobres-de-50-g-de-le-roi-des-herbes\/\" \/>\n<meta property=\"og:locale\" content=\"es_ES\" \/>\n<meta property=\"og:type\" content=\"article\" \/>\n<meta property=\"og:title\" content=\"Lot de 2 sachets Le roi des herbes 50g - Safinel\" \/>\n<meta property=\"og:description\" content=\"Le Roi des herbes pourrait bien devenir la pi\u00e8ce ma\u00eetresse dans votre royaume des herbes m\u00e9dicinales. Vous ne le connaissez pas encore ? Une fois de plus, votre boutique Safinel vous offre l\u2019opportunit\u00e9 de rencontrer une plante qui a tout pour s\u00e9duire.\" \/>\n<meta property=\"og:url\" content=\"https:\/\/www.safinel.fr\/es\/product-2\/lote-de-2-sobres-de-50-g-de-le-roi-des-herbes\/\" \/>\n<meta property=\"og:site_name\" content=\"Safinel\" \/>\n<meta property=\"article:modified_time\" content=\"2025-10-16T14:41:18+00:00\" \/>\n<meta property=\"og:image\" content=\"https:\/\/www.safinel.fr\/wp-content\/uploads\/2023\/06\/bundle-roi-des-herbes-X2.jpg\" \/>\n\t<meta property=\"og:image:width\" content=\"600\" \/>\n\t<meta property=\"og:image:height\" content=\"600\" \/>\n\t<meta property=\"og:image:type\" content=\"image\/jpeg\" \/>\n<meta name=\"twitter:card\" content=\"summary_large_image\" \/>\n<script type=\"application\/ld+json\" class=\"yoast-schema-graph\">{\"@context\":\"https:\/\/schema.org\",\"@graph\":[{\"@type\":\"WebPage\",\"@id\":\"https:\/\/www.safinel.fr\/produit\/lot-de-2-sachets-le-roi-des-herbes-50g\/\",\"url\":\"https:\/\/www.safinel.fr\/produit\/lot-de-2-sachets-le-roi-des-herbes-50g\/\",\"name\":\"Lot de 2 sachets Le roi des herbes 50g - Safinel\",\"isPartOf\":{\"@id\":\"https:\/\/www.safinel.fr\/#website\"},\"primaryImageOfPage\":{\"@id\":\"https:\/\/www.safinel.fr\/produit\/lot-de-2-sachets-le-roi-des-herbes-50g\/#primaryimage\"},\"image\":{\"@id\":\"https:\/\/www.safinel.fr\/produit\/lot-de-2-sachets-le-roi-des-herbes-50g\/#primaryimage\"},\"thumbnailUrl\":\"https:\/\/www.safinel.fr\/wp-content\/uploads\/2023\/06\/bundle-roi-des-herbes-X2.jpg\",\"datePublished\":\"2023-06-28T18:30:43+00:00\",\"dateModified\":\"2025-10-16T14:41:18+00:00\",\"breadcrumb\":{\"@id\":\"https:\/\/www.safinel.fr\/produit\/lot-de-2-sachets-le-roi-des-herbes-50g\/#breadcrumb\"},\"inLanguage\":\"es\",\"potentialAction\":[{\"@type\":\"ReadAction\",\"target\":[\"https:\/\/www.safinel.fr\/produit\/lot-de-2-sachets-le-roi-des-herbes-50g\/\"]}]},{\"@type\":\"ImageObject\",\"inLanguage\":\"es\",\"@id\":\"https:\/\/www.safinel.fr\/produit\/lot-de-2-sachets-le-roi-des-herbes-50g\/#primaryimage\",\"url\":\"https:\/\/www.safinel.fr\/wp-content\/uploads\/2023\/06\/bundle-roi-des-herbes-X2.jpg\",\"contentUrl\":\"https:\/\/www.safinel.fr\/wp-content\/uploads\/2023\/06\/bundle-roi-des-herbes-X2.jpg\",\"width\":600,\"height\":600,\"caption\":\"bundle roi des herbes X2 - 1\"},{\"@type\":\"BreadcrumbList\",\"@id\":\"https:\/\/www.safinel.fr\/produit\/lot-de-2-sachets-le-roi-des-herbes-50g\/#breadcrumb\",\"itemListElement\":[{\"@type\":\"ListItem\",\"position\":1,\"name\":\"Accueil\",\"item\":\"https:\/\/www.safinel.fr\/\"},{\"@type\":\"ListItem\",\"position\":2,\"name\":\"Boutique\",\"item\":\"https:\/\/www.safinel.fr\/boutique\/\"},{\"@type\":\"ListItem\",\"position\":3,\"name\":\"Lot de 2 sachets Le roi des herbes 50g\"}]},{\"@type\":\"WebSite\",\"@id\":\"https:\/\/www.safinel.fr\/#website\",\"url\":\"https:\/\/www.safinel.fr\/\",\"name\":\"Safinel\",\"description\":\"\",\"publisher\":{\"@id\":\"https:\/\/www.safinel.fr\/#organization\"},\"potentialAction\":[{\"@type\":\"SearchAction\",\"target\":{\"@type\":\"EntryPoint\",\"urlTemplate\":\"https:\/\/www.safinel.fr\/?s={search_term_string}\"},\"query-input\":{\"@type\":\"PropertyValueSpecification\",\"valueRequired\":true,\"valueName\":\"search_term_string\"}}],\"inLanguage\":\"es\"},{\"@type\":\"Organization\",\"@id\":\"https:\/\/www.safinel.fr\/#organization\",\"name\":\"Safinel\",\"url\":\"https:\/\/www.safinel.fr\/\",\"logo\":{\"@type\":\"ImageObject\",\"inLanguage\":\"es\",\"@id\":\"https:\/\/www.safinel.fr\/#\/schema\/logo\/image\/\",\"url\":\"https:\/\/www.safinel.fr\/wp-content\/uploads\/2021\/05\/boutique-cosmetique.png\",\"contentUrl\":\"https:\/\/www.safinel.fr\/wp-content\/uploads\/2021\/05\/boutique-cosmetique.png\",\"width\":800,\"height\":200,\"caption\":\"Safinel\"},\"image\":{\"@id\":\"https:\/\/www.safinel.fr\/#\/schema\/logo\/image\/\"}}]}<\/script>\n<!-- \/ Yoast SEO plugin. -->","yoast_head_json":{"title":"Lote de 2 bolsitas Le roi des herbes 50g - Safinel","robots":{"index":"index","follow":"follow","max-snippet":"max-snippet:-1","max-image-preview":"max-image-preview:large","max-video-preview":"max-video-preview:-1"},"canonical":"https:\/\/www.safinel.fr\/es\/product-2\/lote-de-2-sobres-de-50-g-de-le-roi-des-herbes\/","og_locale":"es_ES","og_type":"article","og_title":"Lot de 2 sachets Le roi des herbes 50g - Safinel","og_description":"Le Roi des herbes pourrait bien devenir la pi\u00e8ce ma\u00eetresse dans votre royaume des herbes m\u00e9dicinales. Vous ne le connaissez pas encore ? Une fois de plus, votre boutique Safinel vous offre l\u2019opportunit\u00e9 de rencontrer une plante qui a tout pour s\u00e9duire.","og_url":"https:\/\/www.safinel.fr\/es\/product-2\/lote-de-2-sobres-de-50-g-de-le-roi-des-herbes\/","og_site_name":"Safinel","article_modified_time":"2025-10-16T14:41:18+00:00","og_image":[{"width":600,"height":600,"url":"https:\/\/www.safinel.fr\/wp-content\/uploads\/2023\/06\/bundle-roi-des-herbes-X2.jpg","type":"image\/jpeg"}],"twitter_card":"summary_large_image","schema":{"@context":"https:\/\/schema.org","@graph":[{"@type":"WebPage","@id":"https:\/\/www.safinel.fr\/produit\/lot-de-2-sachets-le-roi-des-herbes-50g\/","url":"https:\/\/www.safinel.fr\/produit\/lot-de-2-sachets-le-roi-des-herbes-50g\/","name":"Lote de 2 bolsitas Le roi des herbes 50g - Safinel","isPartOf":{"@id":"https:\/\/www.safinel.fr\/#website"},"primaryImageOfPage":{"@id":"https:\/\/www.safinel.fr\/produit\/lot-de-2-sachets-le-roi-des-herbes-50g\/#primaryimage"},"image":{"@id":"https:\/\/www.safinel.fr\/produit\/lot-de-2-sachets-le-roi-des-herbes-50g\/#primaryimage"},"thumbnailUrl":"https:\/\/www.safinel.fr\/wp-content\/uploads\/2023\/06\/bundle-roi-des-herbes-X2.jpg","datePublished":"2023-06-28T18:30:43+00:00","dateModified":"2025-10-16T14:41:18+00:00","breadcrumb":{"@id":"https:\/\/www.safinel.fr\/produit\/lot-de-2-sachets-le-roi-des-herbes-50g\/#breadcrumb"},"inLanguage":"es","potentialAction":[{"@type":"ReadAction","target":["https:\/\/www.safinel.fr\/produit\/lot-de-2-sachets-le-roi-des-herbes-50g\/"]}]},{"@type":"ImageObject","inLanguage":"es","@id":"https:\/\/www.safinel.fr\/produit\/lot-de-2-sachets-le-roi-des-herbes-50g\/#primaryimage","url":"https:\/\/www.safinel.fr\/wp-content\/uploads\/2023\/06\/bundle-roi-des-herbes-X2.jpg","contentUrl":"https:\/\/www.safinel.fr\/wp-content\/uploads\/2023\/06\/bundle-roi-des-herbes-X2.jpg","width":600,"height":600,"caption":"bundle roi des herbes X2 - 1"},{"@type":"BreadcrumbList","@id":"https:\/\/www.safinel.fr\/produit\/lot-de-2-sachets-le-roi-des-herbes-50g\/#breadcrumb","itemListElement":[{"@type":"ListItem","position":1,"name":"Accueil","item":"https:\/\/www.safinel.fr\/"},{"@type":"ListItem","position":2,"name":"Boutique","item":"https:\/\/www.safinel.fr\/boutique\/"},{"@type":"ListItem","position":3,"name":"Lot de 2 sachets Le roi des herbes 50g"}]},{"@type":"WebSite","@id":"https:\/\/www.safinel.fr\/#website","url":"https:\/\/www.safinel.fr\/","name":"Safinel","description":"","publisher":{"@id":"https:\/\/www.safinel.fr\/#organization"},"potentialAction":[{"@type":"SearchAction","target":{"@type":"EntryPoint","urlTemplate":"https:\/\/www.safinel.fr\/?s={search_term_string}"},"query-input":{"@type":"PropertyValueSpecification","valueRequired":true,"valueName":"search_term_string"}}],"inLanguage":"es"},{"@type":"Organization","@id":"https:\/\/www.safinel.fr\/#organization","name":"Safinel","url":"https:\/\/www.safinel.fr\/","logo":{"@type":"ImageObject","inLanguage":"es","@id":"https:\/\/www.safinel.fr\/#\/schema\/logo\/image\/","url":"https:\/\/www.safinel.fr\/wp-content\/uploads\/2021\/05\/boutique-cosmetique.png","contentUrl":"https:\/\/www.safinel.fr\/wp-content\/uploads\/2021\/05\/boutique-cosmetique.png","width":800,"height":200,"caption":"Safinel"},"image":{"@id":"https:\/\/www.safinel.fr\/#\/schema\/logo\/image\/"}}]}},"_links":{"self":[{"href":"https:\/\/www.safinel.fr\/es\/wp-json\/wp\/v2\/product\/6741","targetHints":{"allow":["GET"]}}],"collection":[{"href":"https:\/\/www.safinel.fr\/es\/wp-json\/wp\/v2\/product"}],"about":[{"href":"https:\/\/www.safinel.fr\/es\/wp-json\/wp\/v2\/types\/product"}],"wp:featuredmedia":[{"embeddable":true,"href":"https:\/\/www.safinel.fr\/es\/wp-json\/wp\/v2\/media\/6749"}],"wp:attachment":[{"href":"https:\/\/www.safinel.fr\/es\/wp-json\/wp\/v2\/media?parent=6741"}],"wp:term":[{"taxonomy":"product_brand","embeddable":true,"href":"https:\/\/www.safinel.fr\/es\/wp-json\/wp\/v2\/product_brand?post=6741"},{"taxonomy":"product_cat","embeddable":true,"href":"https:\/\/www.safinel.fr\/es\/wp-json\/wp\/v2\/product_cat?post=6741"},{"taxonomy":"product_tag","embeddable":true,"href":"https:\/\/www.safinel.fr\/es\/wp-json\/wp\/v2\/product_tag?post=6741"}],"curies":[{"name":"wp","href":"https:\/\/api.w.org\/{rel}","templated":true}]}}