{"id":6701,"date":"2023-06-25T17:53:29","date_gmt":"2023-06-25T17:53:29","guid":{"rendered":"https:\/\/www.safinel.fr\/?post_type=product&#038;p=6701"},"modified":"2023-12-30T11:55:02","modified_gmt":"2023-12-30T11:55:02","slug":"menstruaciones-dolorosas-tisana","status":"publish","type":"product","link":"https:\/\/www.safinel.fr\/es\/product-2\/menstruaciones-dolorosas-tisana\/","title":{"rendered":"T\u00e9 de hierbas para menstruaciones dolorosas 100g"},"content":{"rendered":"<p>Las reglas dolorosas, tambi\u00e9n conocidas como dismenorrea, son un problema recurrente para muchas mujeres. Si usted es una de esas mujeres que sufren durante este periodo, existe una soluci\u00f3n natural: las tisanas para los periodos dolorosos. Aqu\u00ed te explicamos los beneficios de estas tisanas y c\u00f3mo comprarlas en la tienda online Safinel.es.<\/p>\n<h2><strong>\u00bfQu\u00e9 es la dismenorrea y cu\u00e1les son sus s\u00edntomas?<\/strong><\/h2>\n<p>Dismenorrea es el t\u00e9rmino m\u00e9dico utilizado para describir el dolor que se experimenta durante la menstruaci\u00f3n. Este dolor puede ser tan intenso que algunas mujeres son temporalmente incapaces de realizar sus actividades cotidianas.<\/p>\n<p><strong>Los s\u00edntomas m\u00e1s frecuentes son<\/strong><\/p>\n<ul>\n<li>Calambres en la parte baja del abdomen y\/o en la espalda,<\/li>\n<li>N\u00e1useas,<\/li>\n<li>Fatiga,<\/li>\n<li>Dolores de cabeza,<\/li>\n<li>Aumento de la sensibilidad de los senos,<\/li>\n<li>Irritabilidad o cambios de humor.<\/li>\n<\/ul>\n<h2><strong>Infusiones para el dolor menstrual: una alternativa natural<\/strong><\/h2>\n<p>Ante el dolor menstrual, puede resultar tentador recurrir a los analg\u00e9sicos disponibles en las farmacias. Sin embargo, estas soluciones pueden tener a veces efectos secundarios indeseables. Por eso merece la pena buscar alternativas naturales, como las infusiones para el dolor menstrual.<\/p>\n<h3><strong>Las plantas utilizadas en estas tisanas<\/strong><\/h3>\n<p>Varias plantas son conocidas por sus propiedades calmantes y antiinflamatorias, ideales para aliviar el dolor menstrual:<\/p>\n<ul>\n<li><strong>Manzanilla<\/strong>\u00a0Esta planta tiene propiedades antiespasm\u00f3dicas y calmantes que ayudan a reducir los calambres,<\/li>\n<li><a href=\"https:\/\/www.safinel.fr\/es\/product-2\/milenrama\/\"><strong>Milenrama<\/strong><\/a>\u00a0Tiene efectos antiinflamatorios y analg\u00e9sicos que reducen el dolor,<\/li>\n<li><strong>Jengibre<\/strong>\u00a0Gracias a sus propiedades antiinflamatorias, ayuda a calmar el dolor y a reducir las n\u00e1useas,<\/li>\n<li><strong>Verbena<\/strong>\u00a0Se sabe que relaja los m\u00fasculos y alivia los espasmos.<\/li>\n<\/ul>\n<p>Si tomas estas infusiones con regularidad, notar\u00e1s una notable mejor\u00eda de tus dolores menstruales. Adem\u00e1s, estas plantas tienen otros beneficios generales para la salud, lo que hace a\u00fan m\u00e1s atractivo su consumo.<\/p>\n<h2><strong>Compra infusiones para las reglas dolorosas en Safinel.es<\/strong><\/h2>\n<p>Para aprovechar al m\u00e1ximo los beneficios de las tisanas para las reglas dolorosas, es importante elegir productos naturales y de alta calidad. La tienda en l\u00ednea Safinel.fr responde a estos criterios, para que pueda comprar su tisana para las reglas dolorosas con total confianza.<\/p>\n<ul>\n<li><strong>Una amplia selecci\u00f3n de infusiones<\/strong><\/li>\n<\/ul>\n<p>Safinel.es ofrece una amplia gama de tisanas para las reglas dolorosas, para que cada cual encuentre la que m\u00e1s le convenga. Podr\u00e1 descubrir diferentes composiciones, como jengibre, manzanilla y milenrama. Todas estas tisanas est\u00e1n elaboradas con ingredientes naturales, cuidadosamente seleccionados por sus propiedades calmantes.<\/p>\n<ul>\n<li><strong>Calidad garantizada<\/strong><\/li>\n<\/ul>\n<p>Al comprar su tisana para los dolores menstruales en Safinel.fr, tendr\u00e1 la garant\u00eda de un producto de calidad. Las plantas utilizadas en las composiciones son de cultivo biol\u00f3gico y cumplen las normas vigentes. Adem\u00e1s, Safinel.es se compromete a no utilizar sustancias qu\u00edmicas, conservantes ni colorantes artificiales en sus tisanas, para preservar al m\u00e1ximo los beneficios de las plantas.<\/p>\n<ul>\n<li><strong>Entrega r\u00e1pida y segura<\/strong><\/li>\n<\/ul>\n<p>Si encarga su tisana para los periodos dolorosos a Safinel.es, tambi\u00e9n se beneficiar\u00e1 de una entrega r\u00e1pida y segura. El sitio ofrece varios m\u00e9todos de entrega, en funci\u00f3n de sus necesidades y ubicaci\u00f3n. As\u00ed podr\u00e1 recibir su tisana directamente en la puerta de su casa, con total tranquilidad.<\/p>\n<h2><strong>\u00bfC\u00f3mo preparar y consumir una tisana para las reglas dolorosas?<\/strong><\/h2>\n<p>Para aprovechar al m\u00e1ximo los beneficios de la tisana para la menstruaci\u00f3n dolorosa, es esencial prepararla correctamente.<\/p>\n<p><strong>He aqu\u00ed algunos consejos:<\/strong><\/p>\n<ol>\n<li>Hierve una cantidad de agua adecuada al tama\u00f1o de tu taza o tetera,<\/li>\n<li>A continuaci\u00f3n, a\u00f1ada las hierbas secas de su tisana (aproximadamente 1 cucharada por taza),<\/li>\n<li>Dejar en infusi\u00f3n de 5 a 10 minutos, seg\u00fan la intensidad deseada,<\/li>\n<li>Cuela las plantas y disfruta de tu tisana sin a\u00f1adir az\u00facar, para no alterar los beneficios de las plantas.<\/li>\n<\/ol>\n<p>Se recomienda beber de 2 a 3 tazas al d\u00eda desde el inicio de los s\u00edntomas hasta el final del periodo. Tambi\u00e9n puedes tomar estas infusiones como medida preventiva, unos d\u00edas antes del inicio del periodo.<\/p>\n<h3><strong>En conclusi\u00f3n<\/strong><\/h3>\n<p>Las tisanas para el dolor menstrual son una soluci\u00f3n natural y eficaz para aliviar el dolor menstrual. Gracias a Safinel.es, puede comprar tisanas de calidad con total confianza y beneficiarse de un env\u00edo r\u00e1pido y seguro. As\u00ed que no espere m\u00e1s para descubrir los beneficios de estas tisanas y mejorar su bienestar durante este periodo a menudo dif\u00edcil.<\/p>","protected":false},"excerpt":{"rendered":"<p><strong>Usos :<\/strong><\/p>\n<ol>\n<li>Hierve una cantidad de agua adecuada al tama\u00f1o de tu taza o tetera,<\/li>\n<li>A continuaci\u00f3n, a\u00f1ada las hierbas secas de su tisana (aproximadamente 1 cucharada por taza),<\/li>\n<li>Dejar en infusi\u00f3n de 5 a 10 minutos, seg\u00fan la intensidad deseada,<\/li>\n<li>Cuela las plantas y disfruta de tu tisana sin a\u00f1adir az\u00facar, para no alterar los beneficios de las plantas.<\/li>\n<\/ol>\n<p><img decoding=\"async\" class=\"size-full wp-image-5091 aligncenter\" src=\"https:\/\/www.safinel.fr\/wp-content\/uploads\/2021\/06\/BANNIERE-ICONE-SAFINEL.webp\" alt=\"reaseguro de sat\u00e9n\" width=\"800\" height=\"200\" srcset=\"https:\/\/www.safinel.fr\/wp-content\/uploads\/2021\/06\/BANNIERE-ICONE-SAFINEL.webp 800w, https:\/\/www.safinel.fr\/wp-content\/uploads\/2021\/06\/BANNIERE-ICONE-SAFINEL-600x150.webp 600w, https:\/\/www.safinel.fr\/wp-content\/uploads\/2021\/06\/BANNIERE-ICONE-SAFINEL-768x192.webp 768w\" sizes=\"(max-width: 800px) 100vw, 800px\" \/><\/p>","protected":false},"featured_media":6702,"template":"","meta":[],"product_brand":[],"product_cat":[23,19],"product_tag":[],"class_list":{"0":"post-6701","1":"product","2":"type-product","3":"status-publish","4":"has-post-thumbnail","6":"product_cat-hygiene-feminine","7":"product_cat-thes-tisanes","9":"first","10":"instock","11":"shipping-taxable","12":"purchasable","13":"product-type-simple"},"yoast_head":"<!-- This site is optimized with the Yoast SEO plugin v26.6 - https:\/\/yoast.com\/wordpress\/plugins\/seo\/ -->\n<title>Tisane r\u00e8gles douloureuses | Infusion contre les douleurs de r\u00e8gles<\/title>\n<meta name=\"description\" content=\"Les r\u00e8gles douloureuses, \u00e9galement appel\u00e9es dysm\u00e9norrh\u00e9e, sont un probl\u00e8me r\u00e9current chez de nombreuses femmes. D\u00e9couvrez notre tisane r\u00e8gles douloureuses.\" \/>\n<meta name=\"robots\" content=\"index, follow, max-snippet:-1, max-image-preview:large, max-video-preview:-1\" \/>\n<link rel=\"canonical\" href=\"https:\/\/www.safinel.fr\/es\/product-2\/menstruaciones-dolorosas-tisana\/\" \/>\n<meta property=\"og:locale\" content=\"es_ES\" \/>\n<meta property=\"og:type\" content=\"article\" \/>\n<meta property=\"og:title\" content=\"Tisane r\u00e8gles douloureuses | Infusion contre les douleurs de r\u00e8gles\" \/>\n<meta property=\"og:description\" content=\"Les r\u00e8gles douloureuses, \u00e9galement appel\u00e9es dysm\u00e9norrh\u00e9e, sont un probl\u00e8me r\u00e9current chez de nombreuses femmes. D\u00e9couvrez notre tisane r\u00e8gles douloureuses.\" \/>\n<meta property=\"og:url\" content=\"https:\/\/www.safinel.fr\/es\/product-2\/menstruaciones-dolorosas-tisana\/\" \/>\n<meta property=\"og:site_name\" content=\"Safinel\" \/>\n<meta property=\"article:modified_time\" content=\"2023-12-30T11:55:02+00:00\" \/>\n<meta property=\"og:image\" content=\"https:\/\/www.safinel.fr\/wp-content\/uploads\/2023\/06\/tisane-regles-douloureuses.jpg\" \/>\n\t<meta property=\"og:image:width\" content=\"600\" \/>\n\t<meta property=\"og:image:height\" content=\"600\" \/>\n\t<meta property=\"og:image:type\" content=\"image\/jpeg\" \/>\n<meta name=\"twitter:card\" content=\"summary_large_image\" \/>\n<meta name=\"twitter:label1\" content=\"Tiempo de lectura\" \/>\n\t<meta name=\"twitter:data1\" content=\"4 minutos\" \/>\n<script type=\"application\/ld+json\" class=\"yoast-schema-graph\">{\"@context\":\"https:\/\/schema.org\",\"@graph\":[{\"@type\":\"WebPage\",\"@id\":\"https:\/\/www.safinel.fr\/produit\/tisane-regles-douloureuses\/\",\"url\":\"https:\/\/www.safinel.fr\/produit\/tisane-regles-douloureuses\/\",\"name\":\"Tisane r\u00e8gles douloureuses | Infusion contre les douleurs de r\u00e8gles\",\"isPartOf\":{\"@id\":\"https:\/\/www.safinel.fr\/#website\"},\"primaryImageOfPage\":{\"@id\":\"https:\/\/www.safinel.fr\/produit\/tisane-regles-douloureuses\/#primaryimage\"},\"image\":{\"@id\":\"https:\/\/www.safinel.fr\/produit\/tisane-regles-douloureuses\/#primaryimage\"},\"thumbnailUrl\":\"https:\/\/www.safinel.fr\/wp-content\/uploads\/2023\/06\/tisane-regles-douloureuses.jpg\",\"datePublished\":\"2023-06-25T17:53:29+00:00\",\"dateModified\":\"2023-12-30T11:55:02+00:00\",\"description\":\"Les r\u00e8gles douloureuses, \u00e9galement appel\u00e9es dysm\u00e9norrh\u00e9e, sont un probl\u00e8me r\u00e9current chez de nombreuses femmes. D\u00e9couvrez notre tisane r\u00e8gles douloureuses.\",\"breadcrumb\":{\"@id\":\"https:\/\/www.safinel.fr\/produit\/tisane-regles-douloureuses\/#breadcrumb\"},\"inLanguage\":\"es\",\"potentialAction\":[{\"@type\":\"ReadAction\",\"target\":[\"https:\/\/www.safinel.fr\/produit\/tisane-regles-douloureuses\/\"]}]},{\"@type\":\"ImageObject\",\"inLanguage\":\"es\",\"@id\":\"https:\/\/www.safinel.fr\/produit\/tisane-regles-douloureuses\/#primaryimage\",\"url\":\"https:\/\/www.safinel.fr\/wp-content\/uploads\/2023\/06\/tisane-regles-douloureuses.jpg\",\"contentUrl\":\"https:\/\/www.safinel.fr\/wp-content\/uploads\/2023\/06\/tisane-regles-douloureuses.jpg\",\"width\":600,\"height\":600,\"caption\":\"Tisane r\u00e8gles douloureuses 100g\"},{\"@type\":\"BreadcrumbList\",\"@id\":\"https:\/\/www.safinel.fr\/produit\/tisane-regles-douloureuses\/#breadcrumb\",\"itemListElement\":[{\"@type\":\"ListItem\",\"position\":1,\"name\":\"Accueil\",\"item\":\"https:\/\/www.safinel.fr\/\"},{\"@type\":\"ListItem\",\"position\":2,\"name\":\"Boutique\",\"item\":\"https:\/\/www.safinel.fr\/boutique\/\"},{\"@type\":\"ListItem\",\"position\":3,\"name\":\"Tisane r\u00e8gles douloureuses 100g\"}]},{\"@type\":\"WebSite\",\"@id\":\"https:\/\/www.safinel.fr\/#website\",\"url\":\"https:\/\/www.safinel.fr\/\",\"name\":\"Safinel\",\"description\":\"\",\"publisher\":{\"@id\":\"https:\/\/www.safinel.fr\/#organization\"},\"potentialAction\":[{\"@type\":\"SearchAction\",\"target\":{\"@type\":\"EntryPoint\",\"urlTemplate\":\"https:\/\/www.safinel.fr\/?s={search_term_string}\"},\"query-input\":{\"@type\":\"PropertyValueSpecification\",\"valueRequired\":true,\"valueName\":\"search_term_string\"}}],\"inLanguage\":\"es\"},{\"@type\":\"Organization\",\"@id\":\"https:\/\/www.safinel.fr\/#organization\",\"name\":\"Safinel\",\"url\":\"https:\/\/www.safinel.fr\/\",\"logo\":{\"@type\":\"ImageObject\",\"inLanguage\":\"es\",\"@id\":\"https:\/\/www.safinel.fr\/#\/schema\/logo\/image\/\",\"url\":\"https:\/\/www.safinel.fr\/wp-content\/uploads\/2021\/05\/boutique-cosmetique.png\",\"contentUrl\":\"https:\/\/www.safinel.fr\/wp-content\/uploads\/2021\/05\/boutique-cosmetique.png\",\"width\":800,\"height\":200,\"caption\":\"Safinel\"},\"image\":{\"@id\":\"https:\/\/www.safinel.fr\/#\/schema\/logo\/image\/\"}}]}<\/script>\n<!-- \/ Yoast SEO plugin. -->","yoast_head_json":{"title":"Infusi\u00f3n contra el dolor menstrual","description":"Las reglas dolorosas, tambi\u00e9n conocidas como dismenorrea, son un problema recurrente para muchas mujeres. Descubra nuestra tisana para las reglas dolorosas.","robots":{"index":"index","follow":"follow","max-snippet":"max-snippet:-1","max-image-preview":"max-image-preview:large","max-video-preview":"max-video-preview:-1"},"canonical":"https:\/\/www.safinel.fr\/es\/product-2\/menstruaciones-dolorosas-tisana\/","og_locale":"es_ES","og_type":"article","og_title":"Tisane r\u00e8gles douloureuses | Infusion contre les douleurs de r\u00e8gles","og_description":"Les r\u00e8gles douloureuses, \u00e9galement appel\u00e9es dysm\u00e9norrh\u00e9e, sont un probl\u00e8me r\u00e9current chez de nombreuses femmes. D\u00e9couvrez notre tisane r\u00e8gles douloureuses.","og_url":"https:\/\/www.safinel.fr\/es\/product-2\/menstruaciones-dolorosas-tisana\/","og_site_name":"Safinel","article_modified_time":"2023-12-30T11:55:02+00:00","og_image":[{"width":600,"height":600,"url":"https:\/\/www.safinel.fr\/wp-content\/uploads\/2023\/06\/tisane-regles-douloureuses.jpg","type":"image\/jpeg"}],"twitter_card":"summary_large_image","twitter_misc":{"Tiempo de lectura":"4 minutos"},"schema":{"@context":"https:\/\/schema.org","@graph":[{"@type":"WebPage","@id":"https:\/\/www.safinel.fr\/produit\/tisane-regles-douloureuses\/","url":"https:\/\/www.safinel.fr\/produit\/tisane-regles-douloureuses\/","name":"Infusi\u00f3n contra el dolor menstrual","isPartOf":{"@id":"https:\/\/www.safinel.fr\/#website"},"primaryImageOfPage":{"@id":"https:\/\/www.safinel.fr\/produit\/tisane-regles-douloureuses\/#primaryimage"},"image":{"@id":"https:\/\/www.safinel.fr\/produit\/tisane-regles-douloureuses\/#primaryimage"},"thumbnailUrl":"https:\/\/www.safinel.fr\/wp-content\/uploads\/2023\/06\/tisane-regles-douloureuses.jpg","datePublished":"2023-06-25T17:53:29+00:00","dateModified":"2023-12-30T11:55:02+00:00","description":"Las reglas dolorosas, tambi\u00e9n conocidas como dismenorrea, son un problema recurrente para muchas mujeres. Descubra nuestra tisana para las reglas dolorosas.","breadcrumb":{"@id":"https:\/\/www.safinel.fr\/produit\/tisane-regles-douloureuses\/#breadcrumb"},"inLanguage":"es","potentialAction":[{"@type":"ReadAction","target":["https:\/\/www.safinel.fr\/produit\/tisane-regles-douloureuses\/"]}]},{"@type":"ImageObject","inLanguage":"es","@id":"https:\/\/www.safinel.fr\/produit\/tisane-regles-douloureuses\/#primaryimage","url":"https:\/\/www.safinel.fr\/wp-content\/uploads\/2023\/06\/tisane-regles-douloureuses.jpg","contentUrl":"https:\/\/www.safinel.fr\/wp-content\/uploads\/2023\/06\/tisane-regles-douloureuses.jpg","width":600,"height":600,"caption":"Tisane r\u00e8gles douloureuses 100g"},{"@type":"BreadcrumbList","@id":"https:\/\/www.safinel.fr\/produit\/tisane-regles-douloureuses\/#breadcrumb","itemListElement":[{"@type":"ListItem","position":1,"name":"Accueil","item":"https:\/\/www.safinel.fr\/"},{"@type":"ListItem","position":2,"name":"Boutique","item":"https:\/\/www.safinel.fr\/boutique\/"},{"@type":"ListItem","position":3,"name":"Tisane r\u00e8gles douloureuses 100g"}]},{"@type":"WebSite","@id":"https:\/\/www.safinel.fr\/#website","url":"https:\/\/www.safinel.fr\/","name":"Safinel","description":"","publisher":{"@id":"https:\/\/www.safinel.fr\/#organization"},"potentialAction":[{"@type":"SearchAction","target":{"@type":"EntryPoint","urlTemplate":"https:\/\/www.safinel.fr\/?s={search_term_string}"},"query-input":{"@type":"PropertyValueSpecification","valueRequired":true,"valueName":"search_term_string"}}],"inLanguage":"es"},{"@type":"Organization","@id":"https:\/\/www.safinel.fr\/#organization","name":"Safinel","url":"https:\/\/www.safinel.fr\/","logo":{"@type":"ImageObject","inLanguage":"es","@id":"https:\/\/www.safinel.fr\/#\/schema\/logo\/image\/","url":"https:\/\/www.safinel.fr\/wp-content\/uploads\/2021\/05\/boutique-cosmetique.png","contentUrl":"https:\/\/www.safinel.fr\/wp-content\/uploads\/2021\/05\/boutique-cosmetique.png","width":800,"height":200,"caption":"Safinel"},"image":{"@id":"https:\/\/www.safinel.fr\/#\/schema\/logo\/image\/"}}]}},"_links":{"self":[{"href":"https:\/\/www.safinel.fr\/es\/wp-json\/wp\/v2\/product\/6701","targetHints":{"allow":["GET"]}}],"collection":[{"href":"https:\/\/www.safinel.fr\/es\/wp-json\/wp\/v2\/product"}],"about":[{"href":"https:\/\/www.safinel.fr\/es\/wp-json\/wp\/v2\/types\/product"}],"wp:featuredmedia":[{"embeddable":true,"href":"https:\/\/www.safinel.fr\/es\/wp-json\/wp\/v2\/media\/6702"}],"wp:attachment":[{"href":"https:\/\/www.safinel.fr\/es\/wp-json\/wp\/v2\/media?parent=6701"}],"wp:term":[{"taxonomy":"product_brand","embeddable":true,"href":"https:\/\/www.safinel.fr\/es\/wp-json\/wp\/v2\/product_brand?post=6701"},{"taxonomy":"product_cat","embeddable":true,"href":"https:\/\/www.safinel.fr\/es\/wp-json\/wp\/v2\/product_cat?post=6701"},{"taxonomy":"product_tag","embeddable":true,"href":"https:\/\/www.safinel.fr\/es\/wp-json\/wp\/v2\/product_tag?post=6701"}],"curies":[{"name":"wp","href":"https:\/\/api.w.org\/{rel}","templated":true}]}}