{"id":6699,"date":"2023-06-25T17:40:33","date_gmt":"2023-06-25T17:40:33","guid":{"rendered":"https:\/\/www.safinel.fr\/?post_type=product&#038;p=6699"},"modified":"2024-05-03T22:20:37","modified_gmt":"2024-05-03T22:20:37","slug":"tisana-afrodisiaca-para-hombres","status":"publish","type":"product","link":"https:\/\/www.safinel.fr\/es\/product-2\/tisana-afrodisiaca-para-hombres\/","title":{"rendered":"Tisana afrodis\u00edaca para hombres 100g"},"content":{"rendered":"<p>A lo largo de la vida, no es raro que los hombres experimenten dificultades sexuales ocasionales. Afortunadamente\u00a0<strong>infusiones afrodis\u00edacas<\/strong>\u00a0est\u00e1n ah\u00ed para ayudar a las personas que sufren problemas sexuales o que simplemente desean mejorar su rendimiento en la cama. A trav\u00e9s de esta ficha de producto, Safinel explora con usted el mundo de las infusiones afrodis\u00edacas masculinas, sus beneficios y algunas de las mejores opciones disponibles.<\/p>\n<h2><strong>\u00bfQu\u00e9 es una tisana afrodis\u00edaca masculina?<\/strong><\/h2>\n<p>Una tisana afrodis\u00edaca es una infusi\u00f3n a base de plantas dise\u00f1ada para aumentar el deseo sexual y mejorar el rendimiento sexual de los hombres. Estas infusiones pueden consumirse como t\u00e9 caliente o fr\u00edo y suelen consistir en una mezcla de plantas con propiedades que estimulan la libido masculina.<\/p>\n<h2><strong>\u00bfC\u00f3mo act\u00faan las infusiones afrodis\u00edacas masculinas?<\/strong><\/h2>\n<p>Las infusiones afrodis\u00edacas act\u00faan sobre diversos aspectos de la sexualidad masculina, como :<\/p>\n<ul>\n<li><strong>Estimular el deseo sexual :<\/strong>\u00a0Algunas plantas utilizadas en infusiones afrodis\u00edacas tienen la capacidad de aumentar la libido. Esto se consigue estimulando la producci\u00f3n de hormonas sexuales como la testosterona.<\/li>\n<li><strong>Mejora de la circulaci\u00f3n sangu\u00ednea:<\/strong>\u00a0Una buena circulaci\u00f3n sangu\u00ednea es esencial para mantener una erecci\u00f3n de calidad. Ciertas plantas dilatan los vasos sangu\u00edneos, permitiendo que fluya m\u00e1s sangre al pene.<\/li>\n<li><strong>Apoyar la energ\u00eda y la vitalidad :<\/strong>\u00a0Algunas tisanas afrodis\u00edacas contienen plantas adapt\u00f3genas. Ayudan a combatir la fatiga y el estr\u00e9s, dos factores que pueden afectar a la libido y el rendimiento sexual.<\/li>\n<\/ul>\n<h2><strong>Los ingredientes clave de las infusiones afrodis\u00edacas para hombres<\/strong><\/h2>\n<p>Varias plantas son famosas por sus propiedades afrodis\u00edacas y pueden incorporarse a una tisana masculina. He aqu\u00ed algunas de las m\u00e1s populares:<\/p>\n<ul>\n<li><strong>Ginseng<\/strong><\/li>\n<\/ul>\n<p>Esta ra\u00edz asi\u00e1tica es muy utilizada por sus numerosas virtudes, entre ellas sus efectos estimulantes sobre la libido y el rendimiento sexual. El <strong>ginseng<\/strong> tambi\u00e9n es reconocida por su acci\u00f3n tonificante, que ayuda a combatir la fatiga y el estr\u00e9s.<\/p>\n<ul>\n<li><strong>Maca<\/strong><\/li>\n<\/ul>\n<p>Originaria de los Andes peruanos, la maca es un adapt\u00f3geno conocido por aumentar la vitalidad y la libido en los hombres. Tambi\u00e9n ayuda a mejorar la circulaci\u00f3n sangu\u00ednea, lo que puede contribuir a lograr y mantener una erecci\u00f3n satisfactoria.<\/p>\n<ul>\n<li><strong>Tribulus terrestris<\/strong><\/li>\n<\/ul>\n<p>Le <a href=\"https:\/\/www.safinel.fr\/es\/product-2\/tribulus\/\"><strong>Tribulus terrestris<\/strong><\/a> es una planta mediterr\u00e1nea que act\u00faa principalmente estimulando la producci\u00f3n de testosterona, la hormona clave del deseo sexual masculino. Tambi\u00e9n es conocida por sus propiedades tonificantes y energizantes.<\/p>\n<ul>\n<li><strong>Muira puama<\/strong><\/li>\n<\/ul>\n<p>Conocida como \u00abmadera vendada\u00bb, esta planta originaria de la Amazonia se utiliza tradicionalmente para aumentar la libido y mejorar el rendimiento sexual de los hombres. Sus efectos estimulantes sobre el sistema nervioso tambi\u00e9n pueden ayudar a reforzar la erecci\u00f3n.<\/p>\n<h2><strong>Preparaci\u00f3n y uso de infusiones afrodis\u00edacas para hombres<\/strong><\/h2>\n<p>Preparar una tisana afrodis\u00edaca para hombres es f\u00e1cil y r\u00e1pido.<\/p>\n<p><strong>He aqu\u00ed algunos pasos a seguir:<\/strong><\/p>\n<ol>\n<li>Elija las plantas que desea incorporar a su tisana. Puedes elegir un \u00fanico ingrediente o una mezcla de varias plantas con propiedades complementarias.<\/li>\n<li>Hierve un poco de agua y vi\u00e9rtela sobre las plantas secas (aproximadamente una cucharada por taza de agua).<\/li>\n<li>Dejar en infusi\u00f3n de 10 a 15 minutos para que los principios activos de la planta se liberen en el agua.<\/li>\n<li>Cuela y disfruta de tu tisana afrodis\u00edaca caliente o fr\u00eda, como prefieras.<\/li>\n<\/ol>\n<p>Para obtener todos los beneficios de la tisana afrodis\u00edaca, le recomendamos que la beba con regularidad, idealmente una o dos horas antes del coito.<\/p>\n<h3><strong>Advertencias y precauciones que deben tomarse con\u00a0<\/strong><strong>tisana afrodis\u00edaca para hombres<\/strong><\/h3>\n<p>Las infusiones afrodis\u00edacas para hombres suelen tolerarse bien, pero es importante tomar ciertas precauciones:<\/p>\n<ul>\n<li>Compruebe que no es al\u00e9rgico a ninguna de las plantas utilizadas en su tisana.<\/li>\n<li>Consulte a un profesional sanitario si padece alguna enfermedad o est\u00e1 tomando alg\u00fan medicamento. Algunas plantas pueden interactuar con los tratamientos.<\/li>\n<li>Para evitar efectos indeseables y sobredosis, no supere las dosis recomendadas.<\/li>\n<\/ul>\n<p>En resumen, las infusiones afrodis\u00edacas para hombres ofrecen una soluci\u00f3n natural y agradable. Para favorecer la libido masculina y mejorar el rendimiento sexual. Gracias a su acci\u00f3n sobre el deseo, la circulaci\u00f3n sangu\u00ednea y la energ\u00eda, estas infusiones pueden ayudarle a redescubrir una vida sexual plena.<\/p>","protected":false},"excerpt":{"rendered":"<p><img decoding=\"async\" class=\"size-full wp-image-5091 aligncenter\" src=\"https:\/\/www.safinel.fr\/wp-content\/uploads\/2021\/06\/BANNIERE-ICONE-SAFINEL.webp\" alt=\"reaseguro de sat\u00e9n\" width=\"800\" height=\"200\" srcset=\"https:\/\/www.safinel.fr\/wp-content\/uploads\/2021\/06\/BANNIERE-ICONE-SAFINEL.webp 800w, https:\/\/www.safinel.fr\/wp-content\/uploads\/2021\/06\/BANNIERE-ICONE-SAFINEL-600x150.webp 600w, https:\/\/www.safinel.fr\/wp-content\/uploads\/2021\/06\/BANNIERE-ICONE-SAFINEL-768x192.webp 768w\" sizes=\"(max-width: 800px) 100vw, 800px\" \/><\/p>","protected":false},"featured_media":7412,"template":"","meta":[],"product_brand":[],"product_cat":[91,131,19,151],"product_tag":[],"class_list":{"0":"post-6699","1":"product","2":"type-product","3":"status-publish","4":"has-post-thumbnail","6":"product_cat-boisson-aphrodisiaque-africaine","7":"product_cat-intimite-masculine","8":"product_cat-thes-tisanes","9":"product_cat-tisane-aphrodisiaque","11":"first","12":"outofstock","13":"shipping-taxable","14":"purchasable","15":"product-type-simple"},"yoast_head":"<!-- This site is optimized with the Yoast SEO plugin v26.6 - https:\/\/yoast.com\/wordpress\/plugins\/seo\/ -->\n<title>Tisane aphrodisiaque homme | La tisane libido masculine 100g<\/title>\n<meta name=\"description\" content=\"\u00c0 travers cette fiche produit, Safinel explore avec vous le monde de la tisane aphrodisiaque homme. D\u00e9couvrez notre tisane libido 100g !\" \/>\n<meta name=\"robots\" content=\"index, follow, max-snippet:-1, max-image-preview:large, max-video-preview:-1\" \/>\n<link rel=\"canonical\" href=\"https:\/\/www.safinel.fr\/es\/product-2\/tisana-afrodisiaca-para-hombres\/\" \/>\n<meta property=\"og:locale\" content=\"es_ES\" \/>\n<meta property=\"og:type\" content=\"article\" \/>\n<meta property=\"og:title\" content=\"Tisane aphrodisiaque homme | La tisane libido masculine 100g\" \/>\n<meta property=\"og:description\" content=\"\u00c0 travers cette fiche produit, Safinel explore avec vous le monde de la tisane aphrodisiaque homme. D\u00e9couvrez notre tisane libido 100g !\" \/>\n<meta property=\"og:url\" content=\"https:\/\/www.safinel.fr\/es\/product-2\/tisana-afrodisiaca-para-hombres\/\" \/>\n<meta property=\"og:site_name\" content=\"Safinel\" \/>\n<meta property=\"article:modified_time\" content=\"2024-05-03T22:20:37+00:00\" \/>\n<meta property=\"og:image\" content=\"https:\/\/www.safinel.fr\/wp-content\/uploads\/2023\/06\/Tisane-aphrodisiaque-homme-100g.jpg\" \/>\n\t<meta property=\"og:image:width\" content=\"600\" \/>\n\t<meta property=\"og:image:height\" content=\"600\" \/>\n\t<meta property=\"og:image:type\" content=\"image\/jpeg\" \/>\n<meta name=\"twitter:card\" content=\"summary_large_image\" \/>\n<meta name=\"twitter:label1\" content=\"Tiempo de lectura\" \/>\n\t<meta name=\"twitter:data1\" content=\"4 minutos\" \/>\n<script type=\"application\/ld+json\" class=\"yoast-schema-graph\">{\"@context\":\"https:\/\/schema.org\",\"@graph\":[{\"@type\":\"WebPage\",\"@id\":\"https:\/\/www.safinel.fr\/produit\/tisane-aphrodisiaque-homme\/\",\"url\":\"https:\/\/www.safinel.fr\/produit\/tisane-aphrodisiaque-homme\/\",\"name\":\"Tisane aphrodisiaque homme | La tisane libido masculine 100g\",\"isPartOf\":{\"@id\":\"https:\/\/www.safinel.fr\/#website\"},\"primaryImageOfPage\":{\"@id\":\"https:\/\/www.safinel.fr\/produit\/tisane-aphrodisiaque-homme\/#primaryimage\"},\"image\":{\"@id\":\"https:\/\/www.safinel.fr\/produit\/tisane-aphrodisiaque-homme\/#primaryimage\"},\"thumbnailUrl\":\"https:\/\/www.safinel.fr\/wp-content\/uploads\/2023\/06\/Tisane-aphrodisiaque-homme-100g.jpg\",\"datePublished\":\"2023-06-25T17:40:33+00:00\",\"dateModified\":\"2024-05-03T22:20:37+00:00\",\"description\":\"\u00c0 travers cette fiche produit, Safinel explore avec vous le monde de la tisane aphrodisiaque homme. D\u00e9couvrez notre tisane libido 100g !\",\"breadcrumb\":{\"@id\":\"https:\/\/www.safinel.fr\/produit\/tisane-aphrodisiaque-homme\/#breadcrumb\"},\"inLanguage\":\"es\",\"potentialAction\":[{\"@type\":\"ReadAction\",\"target\":[\"https:\/\/www.safinel.fr\/produit\/tisane-aphrodisiaque-homme\/\"]}]},{\"@type\":\"ImageObject\",\"inLanguage\":\"es\",\"@id\":\"https:\/\/www.safinel.fr\/produit\/tisane-aphrodisiaque-homme\/#primaryimage\",\"url\":\"https:\/\/www.safinel.fr\/wp-content\/uploads\/2023\/06\/Tisane-aphrodisiaque-homme-100g.jpg\",\"contentUrl\":\"https:\/\/www.safinel.fr\/wp-content\/uploads\/2023\/06\/Tisane-aphrodisiaque-homme-100g.jpg\",\"width\":600,\"height\":600,\"caption\":\"Tisane aphrodisiaque homme 100g\"},{\"@type\":\"BreadcrumbList\",\"@id\":\"https:\/\/www.safinel.fr\/produit\/tisane-aphrodisiaque-homme\/#breadcrumb\",\"itemListElement\":[{\"@type\":\"ListItem\",\"position\":1,\"name\":\"Accueil\",\"item\":\"https:\/\/www.safinel.fr\/\"},{\"@type\":\"ListItem\",\"position\":2,\"name\":\"Boutique\",\"item\":\"https:\/\/www.safinel.fr\/boutique\/\"},{\"@type\":\"ListItem\",\"position\":3,\"name\":\"Tisane aphrodisiaque homme 100g\"}]},{\"@type\":\"WebSite\",\"@id\":\"https:\/\/www.safinel.fr\/#website\",\"url\":\"https:\/\/www.safinel.fr\/\",\"name\":\"Safinel\",\"description\":\"\",\"publisher\":{\"@id\":\"https:\/\/www.safinel.fr\/#organization\"},\"potentialAction\":[{\"@type\":\"SearchAction\",\"target\":{\"@type\":\"EntryPoint\",\"urlTemplate\":\"https:\/\/www.safinel.fr\/?s={search_term_string}\"},\"query-input\":{\"@type\":\"PropertyValueSpecification\",\"valueRequired\":true,\"valueName\":\"search_term_string\"}}],\"inLanguage\":\"es\"},{\"@type\":\"Organization\",\"@id\":\"https:\/\/www.safinel.fr\/#organization\",\"name\":\"Safinel\",\"url\":\"https:\/\/www.safinel.fr\/\",\"logo\":{\"@type\":\"ImageObject\",\"inLanguage\":\"es\",\"@id\":\"https:\/\/www.safinel.fr\/#\/schema\/logo\/image\/\",\"url\":\"https:\/\/www.safinel.fr\/wp-content\/uploads\/2021\/05\/boutique-cosmetique.png\",\"contentUrl\":\"https:\/\/www.safinel.fr\/wp-content\/uploads\/2021\/05\/boutique-cosmetique.png\",\"width\":800,\"height\":200,\"caption\":\"Safinel\"},\"image\":{\"@id\":\"https:\/\/www.safinel.fr\/#\/schema\/logo\/image\/\"}}]}<\/script>\n<!-- \/ Yoast SEO plugin. -->","yoast_head_json":{"title":"T\u00e9 de hierbas afrodis\u00edacas para hombres | T\u00e9 de hierbas para la libido masculina 100g","description":"En esta ficha de producto, Safinel explora el mundo de las tisanas afrodis\u00edacas para hombres. Descubra nuestra tisana para la libido de 100 g.","robots":{"index":"index","follow":"follow","max-snippet":"max-snippet:-1","max-image-preview":"max-image-preview:large","max-video-preview":"max-video-preview:-1"},"canonical":"https:\/\/www.safinel.fr\/es\/product-2\/tisana-afrodisiaca-para-hombres\/","og_locale":"es_ES","og_type":"article","og_title":"Tisane aphrodisiaque homme | La tisane libido masculine 100g","og_description":"\u00c0 travers cette fiche produit, Safinel explore avec vous le monde de la tisane aphrodisiaque homme. D\u00e9couvrez notre tisane libido 100g !","og_url":"https:\/\/www.safinel.fr\/es\/product-2\/tisana-afrodisiaca-para-hombres\/","og_site_name":"Safinel","article_modified_time":"2024-05-03T22:20:37+00:00","og_image":[{"width":600,"height":600,"url":"https:\/\/www.safinel.fr\/wp-content\/uploads\/2023\/06\/Tisane-aphrodisiaque-homme-100g.jpg","type":"image\/jpeg"}],"twitter_card":"summary_large_image","twitter_misc":{"Tiempo de lectura":"4 minutos"},"schema":{"@context":"https:\/\/schema.org","@graph":[{"@type":"WebPage","@id":"https:\/\/www.safinel.fr\/produit\/tisane-aphrodisiaque-homme\/","url":"https:\/\/www.safinel.fr\/produit\/tisane-aphrodisiaque-homme\/","name":"T\u00e9 de hierbas afrodis\u00edacas para hombres | T\u00e9 de hierbas para la libido masculina 100g","isPartOf":{"@id":"https:\/\/www.safinel.fr\/#website"},"primaryImageOfPage":{"@id":"https:\/\/www.safinel.fr\/produit\/tisane-aphrodisiaque-homme\/#primaryimage"},"image":{"@id":"https:\/\/www.safinel.fr\/produit\/tisane-aphrodisiaque-homme\/#primaryimage"},"thumbnailUrl":"https:\/\/www.safinel.fr\/wp-content\/uploads\/2023\/06\/Tisane-aphrodisiaque-homme-100g.jpg","datePublished":"2023-06-25T17:40:33+00:00","dateModified":"2024-05-03T22:20:37+00:00","description":"En esta ficha de producto, Safinel explora el mundo de las tisanas afrodis\u00edacas para hombres. Descubra nuestra tisana para la libido de 100 g.","breadcrumb":{"@id":"https:\/\/www.safinel.fr\/produit\/tisane-aphrodisiaque-homme\/#breadcrumb"},"inLanguage":"es","potentialAction":[{"@type":"ReadAction","target":["https:\/\/www.safinel.fr\/produit\/tisane-aphrodisiaque-homme\/"]}]},{"@type":"ImageObject","inLanguage":"es","@id":"https:\/\/www.safinel.fr\/produit\/tisane-aphrodisiaque-homme\/#primaryimage","url":"https:\/\/www.safinel.fr\/wp-content\/uploads\/2023\/06\/Tisane-aphrodisiaque-homme-100g.jpg","contentUrl":"https:\/\/www.safinel.fr\/wp-content\/uploads\/2023\/06\/Tisane-aphrodisiaque-homme-100g.jpg","width":600,"height":600,"caption":"Tisane aphrodisiaque homme 100g"},{"@type":"BreadcrumbList","@id":"https:\/\/www.safinel.fr\/produit\/tisane-aphrodisiaque-homme\/#breadcrumb","itemListElement":[{"@type":"ListItem","position":1,"name":"Accueil","item":"https:\/\/www.safinel.fr\/"},{"@type":"ListItem","position":2,"name":"Boutique","item":"https:\/\/www.safinel.fr\/boutique\/"},{"@type":"ListItem","position":3,"name":"Tisane aphrodisiaque homme 100g"}]},{"@type":"WebSite","@id":"https:\/\/www.safinel.fr\/#website","url":"https:\/\/www.safinel.fr\/","name":"Safinel","description":"","publisher":{"@id":"https:\/\/www.safinel.fr\/#organization"},"potentialAction":[{"@type":"SearchAction","target":{"@type":"EntryPoint","urlTemplate":"https:\/\/www.safinel.fr\/?s={search_term_string}"},"query-input":{"@type":"PropertyValueSpecification","valueRequired":true,"valueName":"search_term_string"}}],"inLanguage":"es"},{"@type":"Organization","@id":"https:\/\/www.safinel.fr\/#organization","name":"Safinel","url":"https:\/\/www.safinel.fr\/","logo":{"@type":"ImageObject","inLanguage":"es","@id":"https:\/\/www.safinel.fr\/#\/schema\/logo\/image\/","url":"https:\/\/www.safinel.fr\/wp-content\/uploads\/2021\/05\/boutique-cosmetique.png","contentUrl":"https:\/\/www.safinel.fr\/wp-content\/uploads\/2021\/05\/boutique-cosmetique.png","width":800,"height":200,"caption":"Safinel"},"image":{"@id":"https:\/\/www.safinel.fr\/#\/schema\/logo\/image\/"}}]}},"_links":{"self":[{"href":"https:\/\/www.safinel.fr\/es\/wp-json\/wp\/v2\/product\/6699","targetHints":{"allow":["GET"]}}],"collection":[{"href":"https:\/\/www.safinel.fr\/es\/wp-json\/wp\/v2\/product"}],"about":[{"href":"https:\/\/www.safinel.fr\/es\/wp-json\/wp\/v2\/types\/product"}],"wp:featuredmedia":[{"embeddable":true,"href":"https:\/\/www.safinel.fr\/es\/wp-json\/wp\/v2\/media\/7412"}],"wp:attachment":[{"href":"https:\/\/www.safinel.fr\/es\/wp-json\/wp\/v2\/media?parent=6699"}],"wp:term":[{"taxonomy":"product_brand","embeddable":true,"href":"https:\/\/www.safinel.fr\/es\/wp-json\/wp\/v2\/product_brand?post=6699"},{"taxonomy":"product_cat","embeddable":true,"href":"https:\/\/www.safinel.fr\/es\/wp-json\/wp\/v2\/product_cat?post=6699"},{"taxonomy":"product_tag","embeddable":true,"href":"https:\/\/www.safinel.fr\/es\/wp-json\/wp\/v2\/product_tag?post=6699"}],"curies":[{"name":"wp","href":"https:\/\/api.w.org\/{rel}","templated":true}]}}