{"id":6696,"date":"2023-06-25T17:20:10","date_gmt":"2023-06-25T17:20:10","guid":{"rendered":"https:\/\/www.safinel.fr\/?post_type=product&#038;p=6696"},"modified":"2023-12-28T17:16:05","modified_gmt":"2023-12-28T17:16:05","slug":"tisana-afrodisiaca-para-mujeres","status":"publish","type":"product","link":"https:\/\/www.safinel.fr\/es\/product-2\/tisana-afrodisiaca-para-mujeres\/","title":{"rendered":"Tisana afrodis\u00edaca para mujeres 100g"},"content":{"rendered":"<p>En\u00a0<strong>infusiones afrodis\u00edacas<\/strong>\u00a0son bebidas a base de hierbas que estimulan el deseo sexual en la mujer. Estas infusiones ayudan a mejorar la libido y a potenciar el rendimiento sexual despertando los sentidos, tanto del cuerpo como de la mente.<\/p>\n<h2><strong>Los beneficios de las infusiones afrodis\u00edacas para la mujer<\/strong><\/h2>\n<p>El consumo regular de infusiones afrodis\u00edacas tiene una serie de beneficios:<\/p>\n<ul>\n<li><strong>Mejora de la libido<\/strong>\u00a0Los ingredientes de estas tisanas act\u00faan sobre el sistema nervioso central y ayudan a aumentar el deseo sexual en las mujeres.<\/li>\n<li><strong>Aumento de la energ\u00eda<\/strong>\u00a0Algunas de las plantas utilizadas en estas tisanas tienen propiedades tonificantes y favorecen la resistencia f\u00edsica y mental.<\/li>\n<li><strong>Reducci\u00f3n del estr\u00e9s y la ansiedad<\/strong>\u00a0Las infusiones afrodis\u00edacas pueden ayudar a calmar la mente y relajar el cuerpo, creando un ambiente propicio para los placeres \u00edntimos.<\/li>\n<li><strong>Sensaciones estimulantes<\/strong>\u00a0Las infusiones afrodis\u00edacas pueden mejorar la circulaci\u00f3n sangu\u00ednea y la sensibilidad de las zonas er\u00f3genas, intensificando los orgasmos.<\/li>\n<\/ul>\n<h2><strong>Ingredientes clave de las infusiones afrodis\u00edacas para mujeres<\/strong><\/h2>\n<p>Las tisanas afrodis\u00edacas contienen ingredientes naturales con propiedades estimulantes y energizantes. He aqu\u00ed algunos de sus principales ingredientes:<\/p>\n<ul>\n<li><strong>Jengibre<\/strong><\/li>\n<\/ul>\n<p>Esta ra\u00edz tiene muchas virtudes, entre ellas la de estimular el deseo sexual. Tambi\u00e9n mejora la circulaci\u00f3n sangu\u00ednea y refuerza el sistema inmunitario.<\/p>\n<ul>\n<li><strong>Maca<\/strong><\/li>\n<\/ul>\n<p>Originaria de Per\u00fa, esta planta es conocida por sus efectos sobre la energ\u00eda y la vitalidad. Ayuda a equilibrar las hormonas y a aumentar la libido en las mujeres.<\/p>\n<ul>\n<li><a href=\"https:\/\/www.safinel.fr\/es\/product-2\/hojas-de-damiana\/\"><strong>Damiana<\/strong><\/a><\/li>\n<\/ul>\n<p>Utilizada desde hace siglos por los mayas, esta planta act\u00faa sobre el sistema nervioso central y favorece la relajaci\u00f3n y la liberaci\u00f3n, al tiempo que estimula el deseo sexual.<\/p>\n<ul>\n<li><strong>Ginseng<\/strong><\/li>\n<\/ul>\n<p>El ginseng es un adapt\u00f3geno que ayuda al organismo a adaptarse al estr\u00e9s y la fatiga. Tambi\u00e9n aumenta la energ\u00eda y el rendimiento sexual.<\/p>\n<ul>\n<li><strong>Sabroso<\/strong><\/li>\n<\/ul>\n<p>Rica en antioxidantes, esta planta arom\u00e1tica tiene propiedades afrodis\u00edacas y tonificantes, ayudando a mejorar la libido femenina.<\/p>\n<h2><strong>\u00bfC\u00f3mo preparar y consumir una tisana afrodis\u00edaca para mujeres?<\/strong><\/h2>\n<p>Para preparar un\u00a0<strong>tisana afrodis\u00edaca para mujeres<\/strong>, s\u00f3lo tienes que seguir estos sencillos pasos:<\/p>\n<ol>\n<li>Elige una o varias plantas con propiedades afrodis\u00edacas (jengibre, maca, damiana, ginseng, ajedrea...).<\/li>\n<li>Hierve agua y vi\u00e9rtela sobre las plantas.<\/li>\n<li>Dejar en infusi\u00f3n de 5 a 10 minutos, seg\u00fan la potencia deseada.<\/li>\n<li>Cuela y disfruta de tu tisana caliente o fr\u00eda.<\/li>\n<\/ol>\n<p>Estas infusiones deben consumirse a diario para obtener resultados \u00f3ptimos. No dude en variar los ingredientes para descubrir nuevos sabores y sensaciones.<\/p>\n<h3><strong>Comprar infusi\u00f3n afrodis\u00edaca para la mujer en safinel.es<\/strong><\/h3>\n<p>Para comprar un\u00a0<strong>tisana afrodis\u00edaca para mujeres<\/strong>, Cuando se trata de infusiones, es importante recurrir a un proveedor de confianza que ofrezca productos naturales y de calidad. Safinel.fr es una tienda online especializada en la venta de tisanas e infusiones con propiedades beneficiosas para el cuerpo y la mente. Encontrar\u00e1 una amplia gama de tisanas afrodis\u00edacas especialmente dise\u00f1adas para la mujer.<\/p>\n<ul>\n<li><strong>100 tisanas naturales y ecol\u00f3gicas %<\/strong><\/li>\n<\/ul>\n<p>Safinel.fr se compromete a ofrecer tisanas elaboradas exclusivamente con ingredientes naturales y ecol\u00f3gicos. As\u00ed que puede estar seguro de que est\u00e1 recibiendo un producto saludable, libre de pesticidas y aditivos qu\u00edmicos.<\/p>\n<ul>\n<li><strong>Una amplia gama de mezclas afrodis\u00edacas<\/strong><\/li>\n<\/ul>\n<p>Safinel.es ofrece una variada selecci\u00f3n de tisanas afrodis\u00edacas para mujeres, con mezclas a base de plantas famosas por sus propiedades estimulantes y energizantes. Podr\u00e1s encontrar f\u00e1cilmente la tisana que se adapte a tus gustos y necesidades.<\/p>\n<ul>\n<li><strong>Entrega r\u00e1pida y discreta<\/strong><\/li>\n<\/ul>\n<p>Cuando hace un pedido en safinel.fr, se beneficia de una entrega r\u00e1pida y discreta. Los paquetes se embalan cuidadosamente y se env\u00edan con total confidencialidad. Disfrute de su tisana afrodis\u00edaca para mujeres con total tranquilidad.<\/p>\n<p>En conclusi\u00f3n\u00a0<strong>infusiones afrodis\u00edacas para mujeres<\/strong>\u00a0son una forma natural y eficaz de estimular el deseo sexual y mejorar la intimidad. No esperes m\u00e1s para descubrir los beneficios de estas embriagadoras infusiones comprando tu tisana afrodis\u00edaca para mujeres en safinel.es.<\/p>","protected":false},"excerpt":{"rendered":"<p><img decoding=\"async\" class=\"size-full wp-image-5091 aligncenter\" src=\"https:\/\/www.safinel.fr\/wp-content\/uploads\/2021\/06\/BANNIERE-ICONE-SAFINEL.webp\" alt=\"reaseguro de sat\u00e9n\" width=\"800\" height=\"200\" srcset=\"https:\/\/www.safinel.fr\/wp-content\/uploads\/2021\/06\/BANNIERE-ICONE-SAFINEL.webp 800w, https:\/\/www.safinel.fr\/wp-content\/uploads\/2021\/06\/BANNIERE-ICONE-SAFINEL-600x150.webp 600w, https:\/\/www.safinel.fr\/wp-content\/uploads\/2021\/06\/BANNIERE-ICONE-SAFINEL-768x192.webp 768w\" sizes=\"(max-width: 800px) 100vw, 800px\" \/><\/p>","protected":false},"featured_media":6697,"template":"","meta":[],"product_brand":[],"product_cat":[91,19,151],"product_tag":[],"class_list":{"0":"post-6696","1":"product","2":"type-product","3":"status-publish","4":"has-post-thumbnail","6":"product_cat-boisson-aphrodisiaque-africaine","7":"product_cat-thes-tisanes","8":"product_cat-tisane-aphrodisiaque","10":"first","11":"instock","12":"shipping-taxable","13":"purchasable","14":"product-type-simple"},"yoast_head":"<!-- This site is optimized with the Yoast SEO plugin v26.6 - https:\/\/yoast.com\/wordpress\/plugins\/seo\/ -->\n<title>Tisane aphrodisiaque femme | Booste la libido | Contenance 100g<\/title>\n<meta name=\"description\" content=\"Pour acheter une\u00a0tisane aphrodisiaque femme, il est important de se tourner vers un fournisseur de confiance qui propose des produits qualit\u00e9.\" \/>\n<meta name=\"robots\" content=\"index, follow, max-snippet:-1, max-image-preview:large, max-video-preview:-1\" \/>\n<link rel=\"canonical\" href=\"https:\/\/www.safinel.fr\/es\/product-2\/tisana-afrodisiaca-para-mujeres\/\" \/>\n<meta property=\"og:locale\" content=\"es_ES\" \/>\n<meta property=\"og:type\" content=\"article\" \/>\n<meta property=\"og:title\" content=\"Tisane aphrodisiaque femme | Booste la libido | Contenance 100g\" \/>\n<meta property=\"og:description\" content=\"Pour acheter une\u00a0tisane aphrodisiaque femme, il est important de se tourner vers un fournisseur de confiance qui propose des produits qualit\u00e9.\" \/>\n<meta property=\"og:url\" content=\"https:\/\/www.safinel.fr\/es\/product-2\/tisana-afrodisiaca-para-mujeres\/\" \/>\n<meta property=\"og:site_name\" content=\"Safinel\" \/>\n<meta property=\"article:modified_time\" content=\"2023-12-28T17:16:05+00:00\" \/>\n<meta property=\"og:image\" content=\"https:\/\/www.safinel.fr\/wp-content\/uploads\/2023\/06\/tisane-aphrodisiaque-femme.jpg\" \/>\n\t<meta property=\"og:image:width\" content=\"600\" \/>\n\t<meta property=\"og:image:height\" content=\"600\" \/>\n\t<meta property=\"og:image:type\" content=\"image\/jpeg\" \/>\n<meta name=\"twitter:card\" content=\"summary_large_image\" \/>\n<meta name=\"twitter:label1\" content=\"Tiempo de lectura\" \/>\n\t<meta name=\"twitter:data1\" content=\"3 minutos\" \/>\n<script type=\"application\/ld+json\" class=\"yoast-schema-graph\">{\"@context\":\"https:\/\/schema.org\",\"@graph\":[{\"@type\":\"WebPage\",\"@id\":\"https:\/\/www.safinel.fr\/produit\/tisane-aphrodisiaque-femme\/\",\"url\":\"https:\/\/www.safinel.fr\/produit\/tisane-aphrodisiaque-femme\/\",\"name\":\"Tisane aphrodisiaque femme | Booste la libido | Contenance 100g\",\"isPartOf\":{\"@id\":\"https:\/\/www.safinel.fr\/#website\"},\"primaryImageOfPage\":{\"@id\":\"https:\/\/www.safinel.fr\/produit\/tisane-aphrodisiaque-femme\/#primaryimage\"},\"image\":{\"@id\":\"https:\/\/www.safinel.fr\/produit\/tisane-aphrodisiaque-femme\/#primaryimage\"},\"thumbnailUrl\":\"https:\/\/www.safinel.fr\/wp-content\/uploads\/2023\/06\/tisane-aphrodisiaque-femme.jpg\",\"datePublished\":\"2023-06-25T17:20:10+00:00\",\"dateModified\":\"2023-12-28T17:16:05+00:00\",\"description\":\"Pour acheter une\u00a0tisane aphrodisiaque femme, il est important de se tourner vers un fournisseur de confiance qui propose des produits qualit\u00e9.\",\"breadcrumb\":{\"@id\":\"https:\/\/www.safinel.fr\/produit\/tisane-aphrodisiaque-femme\/#breadcrumb\"},\"inLanguage\":\"es\",\"potentialAction\":[{\"@type\":\"ReadAction\",\"target\":[\"https:\/\/www.safinel.fr\/produit\/tisane-aphrodisiaque-femme\/\"]}]},{\"@type\":\"ImageObject\",\"inLanguage\":\"es\",\"@id\":\"https:\/\/www.safinel.fr\/produit\/tisane-aphrodisiaque-femme\/#primaryimage\",\"url\":\"https:\/\/www.safinel.fr\/wp-content\/uploads\/2023\/06\/tisane-aphrodisiaque-femme.jpg\",\"contentUrl\":\"https:\/\/www.safinel.fr\/wp-content\/uploads\/2023\/06\/tisane-aphrodisiaque-femme.jpg\",\"width\":600,\"height\":600,\"caption\":\"Tisane aphrodisiaque femme 100g\"},{\"@type\":\"BreadcrumbList\",\"@id\":\"https:\/\/www.safinel.fr\/produit\/tisane-aphrodisiaque-femme\/#breadcrumb\",\"itemListElement\":[{\"@type\":\"ListItem\",\"position\":1,\"name\":\"Accueil\",\"item\":\"https:\/\/www.safinel.fr\/\"},{\"@type\":\"ListItem\",\"position\":2,\"name\":\"Boutique\",\"item\":\"https:\/\/www.safinel.fr\/boutique\/\"},{\"@type\":\"ListItem\",\"position\":3,\"name\":\"Tisane aphrodisiaque femme 100g\"}]},{\"@type\":\"WebSite\",\"@id\":\"https:\/\/www.safinel.fr\/#website\",\"url\":\"https:\/\/www.safinel.fr\/\",\"name\":\"Safinel\",\"description\":\"\",\"publisher\":{\"@id\":\"https:\/\/www.safinel.fr\/#organization\"},\"potentialAction\":[{\"@type\":\"SearchAction\",\"target\":{\"@type\":\"EntryPoint\",\"urlTemplate\":\"https:\/\/www.safinel.fr\/?s={search_term_string}\"},\"query-input\":{\"@type\":\"PropertyValueSpecification\",\"valueRequired\":true,\"valueName\":\"search_term_string\"}}],\"inLanguage\":\"es\"},{\"@type\":\"Organization\",\"@id\":\"https:\/\/www.safinel.fr\/#organization\",\"name\":\"Safinel\",\"url\":\"https:\/\/www.safinel.fr\/\",\"logo\":{\"@type\":\"ImageObject\",\"inLanguage\":\"es\",\"@id\":\"https:\/\/www.safinel.fr\/#\/schema\/logo\/image\/\",\"url\":\"https:\/\/www.safinel.fr\/wp-content\/uploads\/2021\/05\/boutique-cosmetique.png\",\"contentUrl\":\"https:\/\/www.safinel.fr\/wp-content\/uploads\/2021\/05\/boutique-cosmetique.png\",\"width\":800,\"height\":200,\"caption\":\"Safinel\"},\"image\":{\"@id\":\"https:\/\/www.safinel.fr\/#\/schema\/logo\/image\/\"}}]}<\/script>\n<!-- \/ Yoast SEO plugin. -->","yoast_head_json":{"title":"Infusi\u00f3n afrodis\u00edaca para mujeres | Aumenta la libido | Capacidad 100g","description":"Para comprar una tisana afrodis\u00edaca para mujeres, es importante acudir a un proveedor de confianza que ofrezca productos de calidad.","robots":{"index":"index","follow":"follow","max-snippet":"max-snippet:-1","max-image-preview":"max-image-preview:large","max-video-preview":"max-video-preview:-1"},"canonical":"https:\/\/www.safinel.fr\/es\/product-2\/tisana-afrodisiaca-para-mujeres\/","og_locale":"es_ES","og_type":"article","og_title":"Tisane aphrodisiaque femme | Booste la libido | Contenance 100g","og_description":"Pour acheter une\u00a0tisane aphrodisiaque femme, il est important de se tourner vers un fournisseur de confiance qui propose des produits qualit\u00e9.","og_url":"https:\/\/www.safinel.fr\/es\/product-2\/tisana-afrodisiaca-para-mujeres\/","og_site_name":"Safinel","article_modified_time":"2023-12-28T17:16:05+00:00","og_image":[{"width":600,"height":600,"url":"https:\/\/www.safinel.fr\/wp-content\/uploads\/2023\/06\/tisane-aphrodisiaque-femme.jpg","type":"image\/jpeg"}],"twitter_card":"summary_large_image","twitter_misc":{"Tiempo de lectura":"3 minutos"},"schema":{"@context":"https:\/\/schema.org","@graph":[{"@type":"WebPage","@id":"https:\/\/www.safinel.fr\/produit\/tisane-aphrodisiaque-femme\/","url":"https:\/\/www.safinel.fr\/produit\/tisane-aphrodisiaque-femme\/","name":"Infusi\u00f3n afrodis\u00edaca para mujeres | Aumenta la libido | Capacidad 100g","isPartOf":{"@id":"https:\/\/www.safinel.fr\/#website"},"primaryImageOfPage":{"@id":"https:\/\/www.safinel.fr\/produit\/tisane-aphrodisiaque-femme\/#primaryimage"},"image":{"@id":"https:\/\/www.safinel.fr\/produit\/tisane-aphrodisiaque-femme\/#primaryimage"},"thumbnailUrl":"https:\/\/www.safinel.fr\/wp-content\/uploads\/2023\/06\/tisane-aphrodisiaque-femme.jpg","datePublished":"2023-06-25T17:20:10+00:00","dateModified":"2023-12-28T17:16:05+00:00","description":"Para comprar una tisana afrodis\u00edaca para mujeres, es importante acudir a un proveedor de confianza que ofrezca productos de calidad.","breadcrumb":{"@id":"https:\/\/www.safinel.fr\/produit\/tisane-aphrodisiaque-femme\/#breadcrumb"},"inLanguage":"es","potentialAction":[{"@type":"ReadAction","target":["https:\/\/www.safinel.fr\/produit\/tisane-aphrodisiaque-femme\/"]}]},{"@type":"ImageObject","inLanguage":"es","@id":"https:\/\/www.safinel.fr\/produit\/tisane-aphrodisiaque-femme\/#primaryimage","url":"https:\/\/www.safinel.fr\/wp-content\/uploads\/2023\/06\/tisane-aphrodisiaque-femme.jpg","contentUrl":"https:\/\/www.safinel.fr\/wp-content\/uploads\/2023\/06\/tisane-aphrodisiaque-femme.jpg","width":600,"height":600,"caption":"Tisane aphrodisiaque femme 100g"},{"@type":"BreadcrumbList","@id":"https:\/\/www.safinel.fr\/produit\/tisane-aphrodisiaque-femme\/#breadcrumb","itemListElement":[{"@type":"ListItem","position":1,"name":"Accueil","item":"https:\/\/www.safinel.fr\/"},{"@type":"ListItem","position":2,"name":"Boutique","item":"https:\/\/www.safinel.fr\/boutique\/"},{"@type":"ListItem","position":3,"name":"Tisane aphrodisiaque femme 100g"}]},{"@type":"WebSite","@id":"https:\/\/www.safinel.fr\/#website","url":"https:\/\/www.safinel.fr\/","name":"Safinel","description":"","publisher":{"@id":"https:\/\/www.safinel.fr\/#organization"},"potentialAction":[{"@type":"SearchAction","target":{"@type":"EntryPoint","urlTemplate":"https:\/\/www.safinel.fr\/?s={search_term_string}"},"query-input":{"@type":"PropertyValueSpecification","valueRequired":true,"valueName":"search_term_string"}}],"inLanguage":"es"},{"@type":"Organization","@id":"https:\/\/www.safinel.fr\/#organization","name":"Safinel","url":"https:\/\/www.safinel.fr\/","logo":{"@type":"ImageObject","inLanguage":"es","@id":"https:\/\/www.safinel.fr\/#\/schema\/logo\/image\/","url":"https:\/\/www.safinel.fr\/wp-content\/uploads\/2021\/05\/boutique-cosmetique.png","contentUrl":"https:\/\/www.safinel.fr\/wp-content\/uploads\/2021\/05\/boutique-cosmetique.png","width":800,"height":200,"caption":"Safinel"},"image":{"@id":"https:\/\/www.safinel.fr\/#\/schema\/logo\/image\/"}}]}},"_links":{"self":[{"href":"https:\/\/www.safinel.fr\/es\/wp-json\/wp\/v2\/product\/6696","targetHints":{"allow":["GET"]}}],"collection":[{"href":"https:\/\/www.safinel.fr\/es\/wp-json\/wp\/v2\/product"}],"about":[{"href":"https:\/\/www.safinel.fr\/es\/wp-json\/wp\/v2\/types\/product"}],"wp:featuredmedia":[{"embeddable":true,"href":"https:\/\/www.safinel.fr\/es\/wp-json\/wp\/v2\/media\/6697"}],"wp:attachment":[{"href":"https:\/\/www.safinel.fr\/es\/wp-json\/wp\/v2\/media?parent=6696"}],"wp:term":[{"taxonomy":"product_brand","embeddable":true,"href":"https:\/\/www.safinel.fr\/es\/wp-json\/wp\/v2\/product_brand?post=6696"},{"taxonomy":"product_cat","embeddable":true,"href":"https:\/\/www.safinel.fr\/es\/wp-json\/wp\/v2\/product_cat?post=6696"},{"taxonomy":"product_tag","embeddable":true,"href":"https:\/\/www.safinel.fr\/es\/wp-json\/wp\/v2\/product_tag?post=6696"}],"curies":[{"name":"wp","href":"https:\/\/api.w.org\/{rel}","templated":true}]}}