{"id":661,"date":"2022-01-08T17:06:19","date_gmt":"2022-01-08T17:06:19","guid":{"rendered":"https:\/\/www.safinel.fr\/?post_type=product&#038;p=661"},"modified":"2023-12-28T17:15:12","modified_gmt":"2023-12-28T17:15:12","slug":"pimienta-africana","status":"publish","type":"product","link":"https:\/\/www.safinel.fr\/es\/product-2\/pimienta-africana\/","title":{"rendered":"Pimienta africana 50g"},"content":{"rendered":"<p>Hoy en d\u00eda, es el famoso <strong>Pimienta africana<\/strong> que est\u00e1 ocupando el centro del escenario. Y con raz\u00f3n.<\/p>\n<p>Gracias a estas m\u00faltiples facetas, que pueden utilizarse tanto en <strong>cocina <\/strong>que <strong>naturopat\u00eda<\/strong>, este <strong>planta medicinal <\/strong>est\u00e1 pasando factura.<\/p>\n<p>As\u00ed que vamos a contarte la historia de c\u00f3mo empez\u00f3 todo, en lo m\u00e1s profundo del calor de \u00c1frica.<\/p>\n<h2><strong>Pimienta africana: \u00a1una fruta con car\u00e1cter picante!<\/strong><\/h2>\n<p>Descubierta por primera vez en Etiop\u00eda, la pimienta africana se dio a conocer con el nombre de \u201cpimiento\".\u201c<strong>Xilop\u00eda eti\u00f3pica<\/strong>\u201d. O \u201c<strong>Pimienta de Guinea<\/strong>\u201dy\u201c<strong>Pimiento Kili<\/strong>\u201d.<\/p>\n<p>En aquella \u00e9poca, era tradicional ir a las zonas m\u00e1s \u00e1ridas del \u00c1frica tropical para recogerla. Para ello, se segu\u00edan los cursos de agua hasta toparse con enormes \u00e1rboles encaramados con largas vainas. Las vainas parec\u00edan<strong> alubias negruzcas<\/strong>.<\/p>\n<p>Siglos despu\u00e9s, es as\u00ed de interesante <strong>fruta desecada<\/strong> que se encuentran en las mesas europeas.<\/p>\n<p>Aqu\u00ed le ofrecemos este <strong>deliciosa especia <\/strong>en<strong> sabor aut\u00e9ntico<\/strong> en su <strong>100% natural<\/strong>. Lo mejor de <strong>ingresos brutos<\/strong> para un <strong>calidad excepcional<\/strong> y a un precio muy asequible.<\/p>\n<p>Unos gramos de estos <strong>semillas poderosas <\/strong>son suficientes para <strong>cuidar nuestro cuerpo y nuestra mente<\/strong>.<\/p>\n<h2><strong>Las m\u00faltiples virtudes de la Xylopia Aethiopica<\/strong><\/h2>\n<p>En el coraz\u00f3n de esta pimienta africana se encuentran<strong> beneficios insospechados<\/strong>. Adem\u00e1s de su<strong> magn\u00edficas propiedades gustativas<\/strong>, Este tipo de pimienta tiene el poder de :<\/p>\n<ul>\n<li>Aumenta significativamente la ovulaci\u00f3n en las mujeres durante un<strong> mejor fertilidad<\/strong> ;<\/li>\n<\/ul>\n<ul>\n<li><strong>Tratamiento de diversas infecciones<\/strong>, especialmente el h\u00edgado; ;<\/li>\n<\/ul>\n<ul>\n<li>Esta pimienta de Kili tambi\u00e9n es <strong>antif\u00fangico <\/strong>y un <strong>antibacteriano <\/strong>muy eficiente; ;<\/li>\n<\/ul>\n<ul>\n<li>Del mismo modo, a menudo se compara con un <strong>antibi\u00f3tico<\/strong>, ayuda a <strong>calmar ciertos dolores<\/strong>. Como la menstruaci\u00f3n o la<strong> dolores de muelas<\/strong>. Y es extremadamente \u00fatil como <strong>preventivo <\/strong>;<\/li>\n<\/ul>\n<ul>\n<li>La pimienta de Guinea es ideal para combatir<strong> para la bronquitis, la gripe y las picaduras de insectos<\/strong> ;<\/li>\n<\/ul>\n<ul>\n<li>Tambi\u00e9n utilizamos estos \u201c<strong>semillas del para\u00edso<\/strong>\u201dpor su<strong> efecto afrodis\u00edaco<\/strong> bastante popular; ;<\/li>\n<\/ul>\n<ul>\n<li><strong>Excelente para<\/strong> <strong>la digesti\u00f3n y el organismo<\/strong> en general, este <strong>fruta medicinal<\/strong> tambi\u00e9n permite seguir una dieta sana; ;<\/li>\n<\/ul>\n<p>De hecho, este tipo de Xylopia Aethiopica es famoso por<strong> dar fuerza y buena salud<\/strong>. Al igual que su primo, el <a href=\"https:\/\/www.safinel.fr\/es\/product-2\/pimienta-de-szechuan-en-grano\/\"><strong>Pimienta de Sichuan en grano<\/strong><\/a>.<\/p>\n<h3><strong>Pimienta africana, una aut\u00e9ntica estrella para nuestras papilas gustativas...<\/strong><\/h3>\n<p>La Xylopia aethiopica no debe subestimarse por su peque\u00f1o tama\u00f1o. De hecho, es muy <strong>rico en sabor <\/strong>y por eso es tan popular.<\/p>\n<p>De hecho, es su<strong> sabor bastante intenso y pronunciado <\/strong>lo que la ha convertido en una aut\u00e9ntica estrella de la cocina.<\/p>\n<p>De hecho, es ligeramente picante y envuelve sutilmente las papilas gustativas.<\/p>\n<p>Algunos incluso dicen que tiene un sabor a lim\u00f3n y menta.... Pero s\u00f3lo quien lo prueba lo sabe.<\/p>\n<p>La mayor\u00eda de los pa\u00edses africanos siempre lo han utilizado en los platos para los m\u00e1s peque\u00f1os. Tambi\u00e9n lo utilizan para aromatizar el caf\u00e9.<\/p>\n<p>La mejor manera es infusionar 5 dientes de esta pimienta africana en 1 litro de agua hirviendo a fuego lento.<\/p>\n<p>Pero tambi\u00e9n se puede triturar o asar a la parrilla para realzar todo su sabor. As\u00ed es f\u00e1cil combinarlo con platos salados.<\/p>","protected":false},"excerpt":{"rendered":"<p>Hoy en d\u00eda, la famosa pimienta africana ocupa un lugar destacado. \u00a1Y con raz\u00f3n! Gracias a sus m\u00faltiples facetas, que pueden explotarse tanto en la cocina como en la naturopat\u00eda, esta planta medicinal est\u00e1 causando furor. As\u00ed pues, vamos a contarles su historia, que comienza en las c\u00e1lidas tierras africanas. La pimienta africana: una [\u2026]","protected":false},"featured_media":662,"template":"","meta":[],"product_brand":[],"product_cat":[44],"product_tag":[],"class_list":{"0":"post-661","1":"product","2":"type-product","3":"status-publish","4":"has-post-thumbnail","6":"product_cat-epices","8":"first","9":"instock","10":"shipping-taxable","11":"purchasable","12":"product-type-simple"},"yoast_head":"<!-- This site is optimized with the Yoast SEO plugin v26.6 - https:\/\/yoast.com\/wordpress\/plugins\/seo\/ -->\n<title>Poivre africain (Xylopia Aethiopica) | Poivre de Guin\u00e9e 50g<\/title>\n<meta name=\"description\" content=\"Aujourd\u2019hui, c\u2019est le fameux poivre africain qui est au-devant de la sc\u00e8ne. Et ce, pour cause ! Gr\u00e2ce \u00e0 ces multiples facettes exploitables.\" \/>\n<meta name=\"robots\" content=\"index, follow, max-snippet:-1, max-image-preview:large, max-video-preview:-1\" \/>\n<link rel=\"canonical\" href=\"https:\/\/www.safinel.fr\/es\/product-2\/pimienta-africana\/\" \/>\n<meta property=\"og:locale\" content=\"es_ES\" \/>\n<meta property=\"og:type\" content=\"article\" \/>\n<meta property=\"og:title\" content=\"Poivre africain (Xylopia Aethiopica) | Poivre de Guin\u00e9e 50g\" \/>\n<meta property=\"og:description\" content=\"Aujourd\u2019hui, c\u2019est le fameux poivre africain qui est au-devant de la sc\u00e8ne. Et ce, pour cause ! Gr\u00e2ce \u00e0 ces multiples facettes exploitables.\" \/>\n<meta property=\"og:url\" content=\"https:\/\/www.safinel.fr\/es\/product-2\/pimienta-africana\/\" \/>\n<meta property=\"og:site_name\" content=\"Safinel\" \/>\n<meta property=\"article:modified_time\" content=\"2023-12-28T17:15:12+00:00\" \/>\n<meta property=\"og:image\" content=\"https:\/\/www.safinel.fr\/wp-content\/uploads\/2022\/01\/poivre-africain.jpg\" \/>\n\t<meta property=\"og:image:width\" content=\"600\" \/>\n\t<meta property=\"og:image:height\" content=\"600\" \/>\n\t<meta property=\"og:image:type\" content=\"image\/jpeg\" \/>\n<meta name=\"twitter:card\" content=\"summary_large_image\" \/>\n<meta name=\"twitter:label1\" content=\"Tiempo de lectura\" \/>\n\t<meta name=\"twitter:data1\" content=\"3 minutos\" \/>\n<script type=\"application\/ld+json\" class=\"yoast-schema-graph\">{\"@context\":\"https:\/\/schema.org\",\"@graph\":[{\"@type\":\"WebPage\",\"@id\":\"https:\/\/www.safinel.fr\/produit\/poivre-africain\/\",\"url\":\"https:\/\/www.safinel.fr\/produit\/poivre-africain\/\",\"name\":\"Poivre africain (Xylopia Aethiopica) | Poivre de Guin\u00e9e 50g\",\"isPartOf\":{\"@id\":\"https:\/\/www.safinel.fr\/#website\"},\"primaryImageOfPage\":{\"@id\":\"https:\/\/www.safinel.fr\/produit\/poivre-africain\/#primaryimage\"},\"image\":{\"@id\":\"https:\/\/www.safinel.fr\/produit\/poivre-africain\/#primaryimage\"},\"thumbnailUrl\":\"https:\/\/www.safinel.fr\/wp-content\/uploads\/2022\/01\/poivre-africain.jpg\",\"datePublished\":\"2022-01-08T17:06:19+00:00\",\"dateModified\":\"2023-12-28T17:15:12+00:00\",\"description\":\"Aujourd\u2019hui, c\u2019est le fameux poivre africain qui est au-devant de la sc\u00e8ne. Et ce, pour cause ! Gr\u00e2ce \u00e0 ces multiples facettes exploitables.\",\"breadcrumb\":{\"@id\":\"https:\/\/www.safinel.fr\/produit\/poivre-africain\/#breadcrumb\"},\"inLanguage\":\"es\",\"potentialAction\":[{\"@type\":\"ReadAction\",\"target\":[\"https:\/\/www.safinel.fr\/produit\/poivre-africain\/\"]}]},{\"@type\":\"ImageObject\",\"inLanguage\":\"es\",\"@id\":\"https:\/\/www.safinel.fr\/produit\/poivre-africain\/#primaryimage\",\"url\":\"https:\/\/www.safinel.fr\/wp-content\/uploads\/2022\/01\/poivre-africain.jpg\",\"contentUrl\":\"https:\/\/www.safinel.fr\/wp-content\/uploads\/2022\/01\/poivre-africain.jpg\",\"width\":600,\"height\":600,\"caption\":\"Poivre africain 50g\"},{\"@type\":\"BreadcrumbList\",\"@id\":\"https:\/\/www.safinel.fr\/produit\/poivre-africain\/#breadcrumb\",\"itemListElement\":[{\"@type\":\"ListItem\",\"position\":1,\"name\":\"Accueil\",\"item\":\"https:\/\/www.safinel.fr\/\"},{\"@type\":\"ListItem\",\"position\":2,\"name\":\"Boutique\",\"item\":\"https:\/\/www.safinel.fr\/boutique\/\"},{\"@type\":\"ListItem\",\"position\":3,\"name\":\"Poivre africain 50g\"}]},{\"@type\":\"WebSite\",\"@id\":\"https:\/\/www.safinel.fr\/#website\",\"url\":\"https:\/\/www.safinel.fr\/\",\"name\":\"Safinel\",\"description\":\"\",\"publisher\":{\"@id\":\"https:\/\/www.safinel.fr\/#organization\"},\"potentialAction\":[{\"@type\":\"SearchAction\",\"target\":{\"@type\":\"EntryPoint\",\"urlTemplate\":\"https:\/\/www.safinel.fr\/?s={search_term_string}\"},\"query-input\":{\"@type\":\"PropertyValueSpecification\",\"valueRequired\":true,\"valueName\":\"search_term_string\"}}],\"inLanguage\":\"es\"},{\"@type\":\"Organization\",\"@id\":\"https:\/\/www.safinel.fr\/#organization\",\"name\":\"Safinel\",\"url\":\"https:\/\/www.safinel.fr\/\",\"logo\":{\"@type\":\"ImageObject\",\"inLanguage\":\"es\",\"@id\":\"https:\/\/www.safinel.fr\/#\/schema\/logo\/image\/\",\"url\":\"https:\/\/www.safinel.fr\/wp-content\/uploads\/2021\/05\/boutique-cosmetique.png\",\"contentUrl\":\"https:\/\/www.safinel.fr\/wp-content\/uploads\/2021\/05\/boutique-cosmetique.png\",\"width\":800,\"height\":200,\"caption\":\"Safinel\"},\"image\":{\"@id\":\"https:\/\/www.safinel.fr\/#\/schema\/logo\/image\/\"}}]}<\/script>\n<!-- \/ Yoast SEO plugin. -->","yoast_head_json":{"title":"Pimienta africana (Xylopia Aethiopica) | Pimienta de Guinea 50g","description":"Hoy es la famosa pimienta africana la que se lleva todo el protagonismo. Y con raz\u00f3n. Gracias a sus m\u00faltiples usos.","robots":{"index":"index","follow":"follow","max-snippet":"max-snippet:-1","max-image-preview":"max-image-preview:large","max-video-preview":"max-video-preview:-1"},"canonical":"https:\/\/www.safinel.fr\/es\/product-2\/pimienta-africana\/","og_locale":"es_ES","og_type":"article","og_title":"Poivre africain (Xylopia Aethiopica) | Poivre de Guin\u00e9e 50g","og_description":"Aujourd\u2019hui, c\u2019est le fameux poivre africain qui est au-devant de la sc\u00e8ne. Et ce, pour cause ! Gr\u00e2ce \u00e0 ces multiples facettes exploitables.","og_url":"https:\/\/www.safinel.fr\/es\/product-2\/pimienta-africana\/","og_site_name":"Safinel","article_modified_time":"2023-12-28T17:15:12+00:00","og_image":[{"width":600,"height":600,"url":"https:\/\/www.safinel.fr\/wp-content\/uploads\/2022\/01\/poivre-africain.jpg","type":"image\/jpeg"}],"twitter_card":"summary_large_image","twitter_misc":{"Tiempo de lectura":"3 minutos"},"schema":{"@context":"https:\/\/schema.org","@graph":[{"@type":"WebPage","@id":"https:\/\/www.safinel.fr\/produit\/poivre-africain\/","url":"https:\/\/www.safinel.fr\/produit\/poivre-africain\/","name":"Pimienta africana (Xylopia Aethiopica) | Pimienta de Guinea 50g","isPartOf":{"@id":"https:\/\/www.safinel.fr\/#website"},"primaryImageOfPage":{"@id":"https:\/\/www.safinel.fr\/produit\/poivre-africain\/#primaryimage"},"image":{"@id":"https:\/\/www.safinel.fr\/produit\/poivre-africain\/#primaryimage"},"thumbnailUrl":"https:\/\/www.safinel.fr\/wp-content\/uploads\/2022\/01\/poivre-africain.jpg","datePublished":"2022-01-08T17:06:19+00:00","dateModified":"2023-12-28T17:15:12+00:00","description":"Hoy es la famosa pimienta africana la que se lleva todo el protagonismo. Y con raz\u00f3n. Gracias a sus m\u00faltiples usos.","breadcrumb":{"@id":"https:\/\/www.safinel.fr\/produit\/poivre-africain\/#breadcrumb"},"inLanguage":"es","potentialAction":[{"@type":"ReadAction","target":["https:\/\/www.safinel.fr\/produit\/poivre-africain\/"]}]},{"@type":"ImageObject","inLanguage":"es","@id":"https:\/\/www.safinel.fr\/produit\/poivre-africain\/#primaryimage","url":"https:\/\/www.safinel.fr\/wp-content\/uploads\/2022\/01\/poivre-africain.jpg","contentUrl":"https:\/\/www.safinel.fr\/wp-content\/uploads\/2022\/01\/poivre-africain.jpg","width":600,"height":600,"caption":"Poivre africain 50g"},{"@type":"BreadcrumbList","@id":"https:\/\/www.safinel.fr\/produit\/poivre-africain\/#breadcrumb","itemListElement":[{"@type":"ListItem","position":1,"name":"Accueil","item":"https:\/\/www.safinel.fr\/"},{"@type":"ListItem","position":2,"name":"Boutique","item":"https:\/\/www.safinel.fr\/boutique\/"},{"@type":"ListItem","position":3,"name":"Poivre africain 50g"}]},{"@type":"WebSite","@id":"https:\/\/www.safinel.fr\/#website","url":"https:\/\/www.safinel.fr\/","name":"Safinel","description":"","publisher":{"@id":"https:\/\/www.safinel.fr\/#organization"},"potentialAction":[{"@type":"SearchAction","target":{"@type":"EntryPoint","urlTemplate":"https:\/\/www.safinel.fr\/?s={search_term_string}"},"query-input":{"@type":"PropertyValueSpecification","valueRequired":true,"valueName":"search_term_string"}}],"inLanguage":"es"},{"@type":"Organization","@id":"https:\/\/www.safinel.fr\/#organization","name":"Safinel","url":"https:\/\/www.safinel.fr\/","logo":{"@type":"ImageObject","inLanguage":"es","@id":"https:\/\/www.safinel.fr\/#\/schema\/logo\/image\/","url":"https:\/\/www.safinel.fr\/wp-content\/uploads\/2021\/05\/boutique-cosmetique.png","contentUrl":"https:\/\/www.safinel.fr\/wp-content\/uploads\/2021\/05\/boutique-cosmetique.png","width":800,"height":200,"caption":"Safinel"},"image":{"@id":"https:\/\/www.safinel.fr\/#\/schema\/logo\/image\/"}}]}},"_links":{"self":[{"href":"https:\/\/www.safinel.fr\/es\/wp-json\/wp\/v2\/product\/661","targetHints":{"allow":["GET"]}}],"collection":[{"href":"https:\/\/www.safinel.fr\/es\/wp-json\/wp\/v2\/product"}],"about":[{"href":"https:\/\/www.safinel.fr\/es\/wp-json\/wp\/v2\/types\/product"}],"wp:featuredmedia":[{"embeddable":true,"href":"https:\/\/www.safinel.fr\/es\/wp-json\/wp\/v2\/media\/662"}],"wp:attachment":[{"href":"https:\/\/www.safinel.fr\/es\/wp-json\/wp\/v2\/media?parent=661"}],"wp:term":[{"taxonomy":"product_brand","embeddable":true,"href":"https:\/\/www.safinel.fr\/es\/wp-json\/wp\/v2\/product_brand?post=661"},{"taxonomy":"product_cat","embeddable":true,"href":"https:\/\/www.safinel.fr\/es\/wp-json\/wp\/v2\/product_cat?post=661"},{"taxonomy":"product_tag","embeddable":true,"href":"https:\/\/www.safinel.fr\/es\/wp-json\/wp\/v2\/product_tag?post=661"}],"curies":[{"name":"wp","href":"https:\/\/api.w.org\/{rel}","templated":true}]}}