{"id":6546,"date":"2023-06-16T18:49:09","date_gmt":"2023-06-16T18:49:09","guid":{"rendered":"https:\/\/www.safinel.fr\/?post_type=product&#038;p=6546"},"modified":"2024-01-04T13:38:18","modified_gmt":"2024-01-04T13:38:18","slug":"epimedium-polvos-y-gelulas","status":"publish","type":"product","link":"https:\/\/www.safinel.fr\/es\/product-2\/epimedium-polvos-y-gelulas\/","title":{"rendered":"Epimedium (Polvos y c\u00e1psulas)"},"content":{"rendered":"<p>En el mundo de la medicina natural, la\u2019<strong>epimedium<\/strong>, tambi\u00e9n conocido como \u00abYin Yang Huo\u00bb en China, es cada vez m\u00e1s popular por sus m\u00faltiples beneficios.\u00a0<strong>beneficios<\/strong>. Esta planta se utiliza desde hace siglos en la medicina tradicional china para tratar diversas dolencias.<\/p>\n<p>Tanto si quieres comprar c\u00e1psulas de epimedium en safinel.es como si simplemente quieres saber m\u00e1s sobre esta incre\u00edble planta, aqu\u00ed tienes un resumen de sus propiedades y beneficios.<\/p>\n<h2><strong>\u00bfQu\u00e9 es el epimedio?<\/strong><\/h2>\n<p>L\u2019<strong>epimedium<\/strong>\u00a0es un g\u00e9nero de plantas perteneciente a la familia de las Berberid\u00e1ceas, que comprende m\u00e1s de 60 especies diferentes. Son originarias de China, Jap\u00f3n, Corea y otras partes de Asia oriental.<\/p>\n<p>Estas plantas perennes se caracterizan por sus hojas en forma de coraz\u00f3n y sus coloridas y delicadas flores.<\/p>\n<p>Las hojas, los tallos y las flores del Epimedium tienen propiedades medicinales y pueden utilizarse para preparar infusiones, tinturas y c\u00e1psulas.<\/p>\n<h2><strong>Los principales beneficios de Yin Yang Huo<\/strong><\/h2>\n<ul>\n<li><strong>Tratamiento de la impotencia y mejora de la libido<\/strong><\/li>\n<\/ul>\n<p>Uno de los principales usos del epimedium en la medicina tradicional es en el tratamiento de\u2019<strong>impotencia<\/strong>, tambi\u00e9n conocida como disfunci\u00f3n er\u00e9ctil. Los compuestos activos presentes en la planta, en particular las icariinas. Act\u00faan inhibiendo la enzima responsable de la degradaci\u00f3n del \u00f3xido n\u00edtrico, un vasodilatador natural.<\/p>\n<p>Al aumentar los niveles de \u00f3xido n\u00edtrico, el epimedium favorece una mejor circulaci\u00f3n sangu\u00ednea y, por tanto, ayuda a mejorar el rendimiento sexual.<\/p>\n<p>Adem\u00e1s, el epimedium es famoso por\u00a0<strong>estimular la libido<\/strong>, tanto para hombres como para mujeres. Suele utilizarse como afrodis\u00edaco natural para potenciar la energ\u00eda sexual y la pasi\u00f3n en las relaciones.<\/p>\n<ul>\n<li><strong>Energ\u00eda y lucha contra la fatiga<\/strong><\/li>\n<\/ul>\n<p>Yin Yang Huo tambi\u00e9n se utiliza para\u00a0<strong>fatiga de combate<\/strong>\u00a0y proporcionar energ\u00eda renovada. Gracias a sus propiedades adapt\u00f3genas, ayuda al organismo a resistir mejor el estr\u00e9s y las situaciones dif\u00edciles. Tambi\u00e9n puede ayudar a aumentar la producci\u00f3n de trifosfato de adenosina (ATP), una mol\u00e9cula que suministra energ\u00eda a las c\u00e9lulas.<\/p>\n<ul>\n<li><strong>Tratamiento de la bronquitis cr\u00f3nica<\/strong><\/li>\n<\/ul>\n<p>En la medicina tradicional china, el epimedium se utiliza com\u00fanmente para tratar\u00a0<strong>bronquitis cr\u00f3nica<\/strong>. Sus propiedades antiinflamatorias y expectorantes ayudan a reducir la inflamaci\u00f3n bronquial y facilitan la expulsi\u00f3n de la mucosidad. Esto ayuda a aliviar los s\u00edntomas de la bronquitis, como la tos, las dificultades respiratorias y la producci\u00f3n excesiva de mucosidad.<\/p>\n<ul>\n<li><strong>Equilibrio hormonal y regulaci\u00f3n de la menstruaci\u00f3n<\/strong><\/li>\n<\/ul>\n<p>En las mujeres, el epimedium tambi\u00e9n puede tener un efecto positivo sobre la\u00a0<strong>irregularidades menstruales<\/strong>. De hecho, algunos estudios sugieren que puede ayudar a equilibrar los niveles hormonales femeninos. En particular, los estr\u00f3genos, y favorecer as\u00ed una mejor regulaci\u00f3n del sistema inmunitario del organismo. <a href=\"https:\/\/www.safinel.fr\/es\/periodos-dolorosos\/\"><strong>ciclo menstrual<\/strong><\/a>.<\/p>\n<p>Se utiliza habitualmente en la medicina tradicional china para tratar trastornos como periodos irregulares, dolores menstruales y problemas asociados a la menopausia.<\/p>\n<h2><strong>Comprar c\u00e1psulas de epimedium en polvo en safinel.es<\/strong><\/h2>\n<p>Si quieres disfrutar de todas estas ventajas, no dudes en comprar\u00a0<strong>epimedium c\u00e1psulas<\/strong>\u00a0en safinel.fr. Se trata de una forma de suplementaci\u00f3n muy pr\u00e1ctica, que permite beneficiarse de las propiedades medicinales de la planta sin tener que preparar infusiones o tinturas.<\/p>\n<p>Se recomienda consultar a un profesional sanitario antes de tomar c\u00e1psulas de epimedium. Especialmente si ya est\u00e1 tomando medicaci\u00f3n o padece ciertas afecciones m\u00e9dicas. Las c\u00e1psulas de epimedio suelen tolerarse bien, pero es importante respetar las dosis indicadas y seguir las instrucciones de uso.<\/p>\n<h3><strong>Utilizaci\u00f3n y posolog\u00eda de las c\u00e1psulas de epimedium<\/strong><\/h3>\n<p>En\u00a0<strong>epimedium c\u00e1psulas<\/strong>\u00a0puede tomarse diariamente, con un vaso de agua, normalmente antes o despu\u00e9s de las comidas. La dosis recomendada var\u00eda seg\u00fan las necesidades individuales y el estado de salud, pero lo habitual es tomar entre 500 y 1.000 mg al d\u00eda, repartidos en dos o tres tomas.<\/p>\n<p>Es importante recordar que los complementos a base de epimedium no deben sustituir al tratamiento m\u00e9dico convencional. Siempre es preferible consultar a un profesional sanitario para un asesoramiento personalizado.<\/p>\n<h3><strong>Advertencias y posibles efectos secundarios<\/strong><\/h3>\n<p>Como ocurre con todos los suplementos diet\u00e9ticos, es importante tener en cuenta ciertas recomendaciones e informarse sobre los posibles efectos secundarios.\u00a0<strong>efectos secundarios<\/strong>.<\/p>\n<p><strong>Aunque el epimedium suele tolerarse bien, se han notificado algunos casos de reacciones adversas, como :<\/strong><\/p>\n<ul>\n<li>N\u00e1useas y trastornos digestivos<\/li>\n<li>Mareos y dolores de cabeza<\/li>\n<li>Irritabilidad y nerviosismo<\/li>\n<\/ul>\n<p>Estos efectos secundarios son poco frecuentes y a menudo leves. No obstante, es importante estar atento al tomar c\u00e1psulas de epimedium y consultar a un profesional sanitario en caso de duda.<\/p>\n<p>En resumen, el epimedio es una planta con muchos usos.\u00a0<strong>beneficios medicinales<\/strong>. Utilizado desde hace siglos en la medicina tradicional china, posee propiedades interesantes para tratar la impotencia, combatir la fatiga, aliviar la bronquitis cr\u00f3nica y regular la menstruaci\u00f3n. Las c\u00e1psulas de epimedium disponibles en safinel.es son una soluci\u00f3n pr\u00e1ctica para beneficiarse de estas virtudes naturales.<\/p>","protected":false},"excerpt":{"rendered":"<p><strong>Utilizaci\u00f3n y posolog\u00eda de las c\u00e1psulas de epimedium<\/strong><\/p>\n<ul>\n<li>En\u00a0<strong>epimedium c\u00e1psulas<\/strong>\u00a0puede tomarse diariamente, con un vaso de agua, normalmente antes o despu\u00e9s de las comidas.<\/li>\n<li>La dosis recomendada var\u00eda seg\u00fan las necesidades individuales y el estado de salud.<\/li>\n<li>Lo habitual es tomar entre 500 y 1000 mg al d\u00eda, repartidos en dos o tres tomas.<\/li>\n<\/ul>\n<p><strong>Es importante recordar que los complementos a base de epimedium no deben sustituir al tratamiento m\u00e9dico convencional. Siempre es preferible consultar a un profesional sanitario para un asesoramiento personalizado.<\/strong><\/p>\n<p><img decoding=\"async\" class=\"size-full wp-image-5091 aligncenter\" src=\"https:\/\/www.safinel.fr\/wp-content\/uploads\/2021\/06\/BANNIERE-ICONE-SAFINEL.webp\" alt=\"reaseguro de sat\u00e9n\" width=\"800\" height=\"200\" srcset=\"https:\/\/www.safinel.fr\/wp-content\/uploads\/2021\/06\/BANNIERE-ICONE-SAFINEL.webp 800w, https:\/\/www.safinel.fr\/wp-content\/uploads\/2021\/06\/BANNIERE-ICONE-SAFINEL-600x150.webp 600w, https:\/\/www.safinel.fr\/wp-content\/uploads\/2021\/06\/BANNIERE-ICONE-SAFINEL-768x192.webp 768w\" sizes=\"(max-width: 800px) 100vw, 800px\" \/><\/p>","protected":false},"featured_media":6547,"template":"","meta":[],"product_brand":[],"product_cat":[20,108],"product_tag":[],"class_list":{"0":"post-6546","1":"product","2":"type-product","3":"status-publish","4":"has-post-thumbnail","6":"product_cat-gelules","7":"product_cat-plantes-asiatiques","9":"first","10":"instock","11":"shipping-taxable","12":"purchasable","13":"product-type-variable","14":"has-default-attributes"},"yoast_head":"<!-- This site is optimized with the Yoast SEO plugin v26.6 - https:\/\/yoast.com\/wordpress\/plugins\/seo\/ -->\n<title>Epimedium (Yin Yang Huo) | Achat en poudres et g\u00e9lules<\/title>\n<meta name=\"description\" content=\"Dans le monde de la m\u00e9decine naturelle, l&#039;epimedium, \u00e9galement connu sous le nom de &quot;Yin Yang Huo&quot; en Chine, est de plus en plus populaire.\" \/>\n<meta name=\"robots\" content=\"index, follow, max-snippet:-1, max-image-preview:large, max-video-preview:-1\" \/>\n<link rel=\"canonical\" href=\"https:\/\/www.safinel.fr\/es\/product-2\/epimedium-polvos-y-gelulas\/\" \/>\n<meta property=\"og:locale\" content=\"es_ES\" \/>\n<meta property=\"og:type\" content=\"article\" \/>\n<meta property=\"og:title\" content=\"Epimedium (Yin Yang Huo) | Achat en poudres et g\u00e9lules\" \/>\n<meta property=\"og:description\" content=\"Dans le monde de la m\u00e9decine naturelle, l&#039;epimedium, \u00e9galement connu sous le nom de &quot;Yin Yang Huo&quot; en Chine, est de plus en plus populaire.\" \/>\n<meta property=\"og:url\" content=\"https:\/\/www.safinel.fr\/es\/product-2\/epimedium-polvos-y-gelulas\/\" \/>\n<meta property=\"og:site_name\" content=\"Safinel\" \/>\n<meta property=\"article:modified_time\" content=\"2024-01-04T13:38:18+00:00\" \/>\n<meta property=\"og:image\" content=\"https:\/\/www.safinel.fr\/wp-content\/uploads\/2023\/06\/epimedium-gelules.jpg\" \/>\n\t<meta property=\"og:image:width\" content=\"600\" \/>\n\t<meta property=\"og:image:height\" content=\"600\" \/>\n\t<meta property=\"og:image:type\" content=\"image\/jpeg\" \/>\n<meta name=\"twitter:card\" content=\"summary_large_image\" \/>\n<meta name=\"twitter:label1\" content=\"Tiempo de lectura\" \/>\n\t<meta name=\"twitter:data1\" content=\"4 minutos\" \/>\n<script type=\"application\/ld+json\" class=\"yoast-schema-graph\">{\"@context\":\"https:\/\/schema.org\",\"@graph\":[{\"@type\":\"WebPage\",\"@id\":\"https:\/\/www.safinel.fr\/produit\/epimedium-poudres-et-gelules\/\",\"url\":\"https:\/\/www.safinel.fr\/produit\/epimedium-poudres-et-gelules\/\",\"name\":\"Epimedium (Yin Yang Huo) | Achat en poudres et g\u00e9lules\",\"isPartOf\":{\"@id\":\"https:\/\/www.safinel.fr\/#website\"},\"primaryImageOfPage\":{\"@id\":\"https:\/\/www.safinel.fr\/produit\/epimedium-poudres-et-gelules\/#primaryimage\"},\"image\":{\"@id\":\"https:\/\/www.safinel.fr\/produit\/epimedium-poudres-et-gelules\/#primaryimage\"},\"thumbnailUrl\":\"https:\/\/www.safinel.fr\/wp-content\/uploads\/2023\/06\/epimedium-gelules.jpg\",\"datePublished\":\"2023-06-16T18:49:09+00:00\",\"dateModified\":\"2024-01-04T13:38:18+00:00\",\"description\":\"Dans le monde de la m\u00e9decine naturelle, l'epimedium, \u00e9galement connu sous le nom de \\\"Yin Yang Huo\\\" en Chine, est de plus en plus populaire.\",\"breadcrumb\":{\"@id\":\"https:\/\/www.safinel.fr\/produit\/epimedium-poudres-et-gelules\/#breadcrumb\"},\"inLanguage\":\"es\",\"potentialAction\":[{\"@type\":\"ReadAction\",\"target\":[\"https:\/\/www.safinel.fr\/produit\/epimedium-poudres-et-gelules\/\"]}]},{\"@type\":\"ImageObject\",\"inLanguage\":\"es\",\"@id\":\"https:\/\/www.safinel.fr\/produit\/epimedium-poudres-et-gelules\/#primaryimage\",\"url\":\"https:\/\/www.safinel.fr\/wp-content\/uploads\/2023\/06\/epimedium-gelules.jpg\",\"contentUrl\":\"https:\/\/www.safinel.fr\/wp-content\/uploads\/2023\/06\/epimedium-gelules.jpg\",\"width\":600,\"height\":600,\"caption\":\"epimedium g\u00e9lules\"},{\"@type\":\"BreadcrumbList\",\"@id\":\"https:\/\/www.safinel.fr\/produit\/epimedium-poudres-et-gelules\/#breadcrumb\",\"itemListElement\":[{\"@type\":\"ListItem\",\"position\":1,\"name\":\"Accueil\",\"item\":\"https:\/\/www.safinel.fr\/\"},{\"@type\":\"ListItem\",\"position\":2,\"name\":\"Boutique\",\"item\":\"https:\/\/www.safinel.fr\/boutique\/\"},{\"@type\":\"ListItem\",\"position\":3,\"name\":\"Epimedium (Poudres et g\u00e9lules)\"}]},{\"@type\":\"WebSite\",\"@id\":\"https:\/\/www.safinel.fr\/#website\",\"url\":\"https:\/\/www.safinel.fr\/\",\"name\":\"Safinel\",\"description\":\"\",\"publisher\":{\"@id\":\"https:\/\/www.safinel.fr\/#organization\"},\"potentialAction\":[{\"@type\":\"SearchAction\",\"target\":{\"@type\":\"EntryPoint\",\"urlTemplate\":\"https:\/\/www.safinel.fr\/?s={search_term_string}\"},\"query-input\":{\"@type\":\"PropertyValueSpecification\",\"valueRequired\":true,\"valueName\":\"search_term_string\"}}],\"inLanguage\":\"es\"},{\"@type\":\"Organization\",\"@id\":\"https:\/\/www.safinel.fr\/#organization\",\"name\":\"Safinel\",\"url\":\"https:\/\/www.safinel.fr\/\",\"logo\":{\"@type\":\"ImageObject\",\"inLanguage\":\"es\",\"@id\":\"https:\/\/www.safinel.fr\/#\/schema\/logo\/image\/\",\"url\":\"https:\/\/www.safinel.fr\/wp-content\/uploads\/2021\/05\/boutique-cosmetique.png\",\"contentUrl\":\"https:\/\/www.safinel.fr\/wp-content\/uploads\/2021\/05\/boutique-cosmetique.png\",\"width\":800,\"height\":200,\"caption\":\"Safinel\"},\"image\":{\"@id\":\"https:\/\/www.safinel.fr\/#\/schema\/logo\/image\/\"}}]}<\/script>\n<!-- \/ Yoast SEO plugin. -->","yoast_head_json":{"title":"Epimedium (Yin Yang Huo) | Comprar polvos y c\u00e1psulas","description":"En el mundo de la medicina natural, el epimedium, tambi\u00e9n conocido como \"Yin Yang Huo\" en China, es cada vez m\u00e1s popular.","robots":{"index":"index","follow":"follow","max-snippet":"max-snippet:-1","max-image-preview":"max-image-preview:large","max-video-preview":"max-video-preview:-1"},"canonical":"https:\/\/www.safinel.fr\/es\/product-2\/epimedium-polvos-y-gelulas\/","og_locale":"es_ES","og_type":"article","og_title":"Epimedium (Yin Yang Huo) | Achat en poudres et g\u00e9lules","og_description":"Dans le monde de la m\u00e9decine naturelle, l'epimedium, \u00e9galement connu sous le nom de \"Yin Yang Huo\" en Chine, est de plus en plus populaire.","og_url":"https:\/\/www.safinel.fr\/es\/product-2\/epimedium-polvos-y-gelulas\/","og_site_name":"Safinel","article_modified_time":"2024-01-04T13:38:18+00:00","og_image":[{"width":600,"height":600,"url":"https:\/\/www.safinel.fr\/wp-content\/uploads\/2023\/06\/epimedium-gelules.jpg","type":"image\/jpeg"}],"twitter_card":"summary_large_image","twitter_misc":{"Tiempo de lectura":"4 minutos"},"schema":{"@context":"https:\/\/schema.org","@graph":[{"@type":"WebPage","@id":"https:\/\/www.safinel.fr\/produit\/epimedium-poudres-et-gelules\/","url":"https:\/\/www.safinel.fr\/produit\/epimedium-poudres-et-gelules\/","name":"Epimedium (Yin Yang Huo) | Comprar polvos y c\u00e1psulas","isPartOf":{"@id":"https:\/\/www.safinel.fr\/#website"},"primaryImageOfPage":{"@id":"https:\/\/www.safinel.fr\/produit\/epimedium-poudres-et-gelules\/#primaryimage"},"image":{"@id":"https:\/\/www.safinel.fr\/produit\/epimedium-poudres-et-gelules\/#primaryimage"},"thumbnailUrl":"https:\/\/www.safinel.fr\/wp-content\/uploads\/2023\/06\/epimedium-gelules.jpg","datePublished":"2023-06-16T18:49:09+00:00","dateModified":"2024-01-04T13:38:18+00:00","description":"En el mundo de la medicina natural, el epimedium, tambi\u00e9n conocido como \"Yin Yang Huo\" en China, es cada vez m\u00e1s popular.","breadcrumb":{"@id":"https:\/\/www.safinel.fr\/produit\/epimedium-poudres-et-gelules\/#breadcrumb"},"inLanguage":"es","potentialAction":[{"@type":"ReadAction","target":["https:\/\/www.safinel.fr\/produit\/epimedium-poudres-et-gelules\/"]}]},{"@type":"ImageObject","inLanguage":"es","@id":"https:\/\/www.safinel.fr\/produit\/epimedium-poudres-et-gelules\/#primaryimage","url":"https:\/\/www.safinel.fr\/wp-content\/uploads\/2023\/06\/epimedium-gelules.jpg","contentUrl":"https:\/\/www.safinel.fr\/wp-content\/uploads\/2023\/06\/epimedium-gelules.jpg","width":600,"height":600,"caption":"epimedium g\u00e9lules"},{"@type":"BreadcrumbList","@id":"https:\/\/www.safinel.fr\/produit\/epimedium-poudres-et-gelules\/#breadcrumb","itemListElement":[{"@type":"ListItem","position":1,"name":"Accueil","item":"https:\/\/www.safinel.fr\/"},{"@type":"ListItem","position":2,"name":"Boutique","item":"https:\/\/www.safinel.fr\/boutique\/"},{"@type":"ListItem","position":3,"name":"Epimedium (Poudres et g\u00e9lules)"}]},{"@type":"WebSite","@id":"https:\/\/www.safinel.fr\/#website","url":"https:\/\/www.safinel.fr\/","name":"Safinel","description":"","publisher":{"@id":"https:\/\/www.safinel.fr\/#organization"},"potentialAction":[{"@type":"SearchAction","target":{"@type":"EntryPoint","urlTemplate":"https:\/\/www.safinel.fr\/?s={search_term_string}"},"query-input":{"@type":"PropertyValueSpecification","valueRequired":true,"valueName":"search_term_string"}}],"inLanguage":"es"},{"@type":"Organization","@id":"https:\/\/www.safinel.fr\/#organization","name":"Safinel","url":"https:\/\/www.safinel.fr\/","logo":{"@type":"ImageObject","inLanguage":"es","@id":"https:\/\/www.safinel.fr\/#\/schema\/logo\/image\/","url":"https:\/\/www.safinel.fr\/wp-content\/uploads\/2021\/05\/boutique-cosmetique.png","contentUrl":"https:\/\/www.safinel.fr\/wp-content\/uploads\/2021\/05\/boutique-cosmetique.png","width":800,"height":200,"caption":"Safinel"},"image":{"@id":"https:\/\/www.safinel.fr\/#\/schema\/logo\/image\/"}}]}},"_links":{"self":[{"href":"https:\/\/www.safinel.fr\/es\/wp-json\/wp\/v2\/product\/6546","targetHints":{"allow":["GET"]}}],"collection":[{"href":"https:\/\/www.safinel.fr\/es\/wp-json\/wp\/v2\/product"}],"about":[{"href":"https:\/\/www.safinel.fr\/es\/wp-json\/wp\/v2\/types\/product"}],"wp:featuredmedia":[{"embeddable":true,"href":"https:\/\/www.safinel.fr\/es\/wp-json\/wp\/v2\/media\/6547"}],"wp:attachment":[{"href":"https:\/\/www.safinel.fr\/es\/wp-json\/wp\/v2\/media?parent=6546"}],"wp:term":[{"taxonomy":"product_brand","embeddable":true,"href":"https:\/\/www.safinel.fr\/es\/wp-json\/wp\/v2\/product_brand?post=6546"},{"taxonomy":"product_cat","embeddable":true,"href":"https:\/\/www.safinel.fr\/es\/wp-json\/wp\/v2\/product_cat?post=6546"},{"taxonomy":"product_tag","embeddable":true,"href":"https:\/\/www.safinel.fr\/es\/wp-json\/wp\/v2\/product_tag?post=6546"}],"curies":[{"name":"wp","href":"https:\/\/api.w.org\/{rel}","templated":true}]}}