{"id":6501,"date":"2023-06-14T16:06:19","date_gmt":"2023-06-14T16:06:19","guid":{"rendered":"https:\/\/www.safinel.fr\/?post_type=product&#038;p=6501"},"modified":"2026-01-13T11:03:45","modified_gmt":"2026-01-13T11:03:45","slug":"crema-de-nila","status":"publish","type":"product","link":"https:\/\/www.safinel.fr\/es\/product-2\/crema-de-nila\/","title":{"rendered":"Crema Nila"},"content":{"rendered":"<p>La\u00a0<strong>Crema Nila<\/strong>\u00a0es un revolucionario producto cosm\u00e9tico especialmente dise\u00f1ado para eliminar las manchas marrones y otras imperfecciones de la piel. Disponible en safinel.es, esta crema ofrece un sinf\u00edn de beneficios para la piel del rostro y del cuerpo. Descubra en este art\u00edculo los beneficios del uso de la crema Nila, as\u00ed como algunos consejos para comprar online este preciado aliado de belleza.<\/p>\n<h2><strong>\u00bfQu\u00e9 es la crema nila?<\/strong><\/h2>\n<p>La crema Nila es un producto para el cuidado de la piel dise\u00f1ado para corregir problemas de pigmentaci\u00f3n como las manchas oscuras.\u00a0<strong>manchas marrones<\/strong>. Gracias a su exclusiva formulaci\u00f3n, ayuda a reducir estas antiest\u00e9ticas marcas y a devolver a la piel su aspecto terso y luminoso. La crema Nila puede utilizarse tanto en el rostro como en el cuello.\u00a0<strong>cara<\/strong>\u00a0que en el\u00a0<strong>cuerpo<\/strong>, incluidas zonas sensibles como\u00a0<strong>rodillas<\/strong>.<\/p>\n<h3><strong>Los principios activos de la crema Nila<\/strong><\/h3>\n<p>Contiene ingredientes naturales eficaces para combatir las manchas pigmentarias:<\/p>\n<ul>\n<li><strong>Vitamina C<\/strong>\u00a0Potente antioxidante, ayuda a reducir y prevenir la aparici\u00f3n de manchas marrones.<\/li>\n<li><strong>Aloe vera<\/strong>\u00a0conocida por sus propiedades hidratantes y calmantes, ayuda a mantener el equilibrio de hidrataci\u00f3n de la piel.<\/li>\n<li><strong>Regaliz<\/strong>\u00a0Este extracto vegetal tiene propiedades aclarantes y antiinflamatorias que favorecen la renovaci\u00f3n de la piel.<\/li>\n<\/ul>\n<p>Estos ingredientes, combinados con otros principios activos, lo convierten en un producto completo para el cuidado de la piel con un aspecto saludable.<\/p>\n<h2><strong>Los beneficios de la crema nila para la piel<\/strong><\/h2>\n<p>La crema Nila ofrece una serie de beneficios para mejorar la calidad y el aspecto de la piel:<\/p>\n<ol>\n<li><strong>Reducci\u00f3n de las manchas marrones<\/strong>\u00a0actuando directamente sobre los melanocitos, las c\u00e9lulas responsables de la producci\u00f3n de melanina. La crema Nila ayuda a reducir la intensidad de las manchas pigmentarias.<\/li>\n<li><strong>Prevenci\u00f3n de nuevas tareas<\/strong>\u00a0Gracias a su alto contenido en antioxidantes. Protege la piel de las agresiones externas y limita la formaci\u00f3n de nuevas manchas oscuras.<\/li>\n<li><strong>Hidrataci\u00f3n y nutrici\u00f3n<\/strong>\u00a0Los ingredientes naturales de esta crema ayudan a nutrir e hidratar la piel en profundidad.<\/li>\n<li><strong>Eficaz en todo tipo de pieles<\/strong>\u00a0Adecuado para todos los tonos y tipos de piel. Ideal para pieles sensibles, grasas o mixtas.<\/li>\n<\/ol>\n<p>En definitiva, la crema Nila es un producto de cuidado de la piel todo en uno que le ayudar\u00e1 a recuperar una piel bella y radiante.<\/p>\n<h2><strong>Comprar en safinel.fr<\/strong><\/h2>\n<p>Para disfrutar de los beneficios de la crema Nila, es esencial elegir un sitio de confianza para realizar su compra. Safinel.fr es el lugar ideal para pedir este producto con total tranquilidad.<\/p>\n<p><strong>He aqu\u00ed algunos consejos para comprar esta crema azul en nuestra tienda:<\/strong><\/p>\n<ul>\n<li><strong>Comprobar la autenticidad del producto<\/strong><\/li>\n<\/ul>\n<p>Es importante comprobar que el producto ofrecido en safinel.fr es el original y no una falsificaci\u00f3n. Para ello, aseg\u00farese de que el sitio menciona claramente los ingredientes y la marca de la crema.<\/p>\n<ul>\n<li><strong>Comparar precios<\/strong><\/li>\n<\/ul>\n<p>Los precios pueden variar de un sitio a otro, por lo que conviene comparar las ofertas antes de hacer el pedido. Sin embargo, tenga cuidado con los precios demasiado bajos, que podr\u00edan ser sin\u00f3nimo de menor calidad.<\/p>\n<ul>\n<li><strong>Tener en cuenta los gastos de env\u00edo<\/strong><\/li>\n<\/ul>\n<p>No olvide tener en cuenta los gastos de env\u00edo al hacer su compra. Algunos sitios ofrecen regularmente ofertas promocionales o c\u00f3digos de descuento para reducir estos costes.<\/p>\n<h3><strong>Consultar las opiniones de los clientes<\/strong><\/h3>\n<p>Por \u00faltimo, no dudes en leer las opiniones de las personas que ya han comprado esta crema en safinel.fr. Te dar\u00e1n una mejor idea de la calidad del producto y de la fiabilidad del sitio.<\/p>\n<p>Siguiendo estos pocos consejos, podr\u00e1 comprar crema Nila con confianza y aprovechar al m\u00e1ximo sus beneficios para la piel.<\/p>","protected":false},"excerpt":{"rendered":"<p><strong>Sus principios activos<\/strong><\/p>\n<p>Contiene ingredientes naturales eficaces para combatir las manchas pigmentarias:<\/p>\n<ul>\n<li><strong>Vitamina C<\/strong>\u00a0Potente antioxidante, ayuda a reducir y prevenir la aparici\u00f3n de manchas marrones.<\/li>\n<li><strong>Aloe vera<\/strong>\u00a0conocida por sus propiedades hidratantes y calmantes, ayuda a mantener el equilibrio de hidrataci\u00f3n de la piel.<\/li>\n<li><strong>Regaliz<\/strong>\u00a0Este extracto vegetal tiene propiedades aclarantes y antiinflamatorias que favorecen la renovaci\u00f3n de la piel.<\/li>\n<\/ul>\n<p><img decoding=\"async\" class=\"size-full wp-image-5091 aligncenter\" src=\"https:\/\/www.safinel.fr\/wp-content\/uploads\/2021\/06\/BANNIERE-ICONE-SAFINEL.webp\" alt=\"reaseguro de sat\u00e9n\" width=\"800\" height=\"200\" srcset=\"https:\/\/www.safinel.fr\/wp-content\/uploads\/2021\/06\/BANNIERE-ICONE-SAFINEL.webp 800w, https:\/\/www.safinel.fr\/wp-content\/uploads\/2021\/06\/BANNIERE-ICONE-SAFINEL-600x150.webp 600w, https:\/\/www.safinel.fr\/wp-content\/uploads\/2021\/06\/BANNIERE-ICONE-SAFINEL-768x192.webp 768w\" sizes=\"(max-width: 800px) 100vw, 800px\" \/><\/p>","protected":false},"featured_media":6504,"template":"","meta":[],"product_brand":[],"product_cat":[39,192,164],"product_tag":[],"class_list":{"0":"post-6501","1":"product","2":"type-product","3":"status-publish","4":"has-post-thumbnail","6":"product_cat-creme-deodorante","7":"product_cat-cremes-eclaircissantes","8":"product_cat-nila","10":"first","11":"outofstock","12":"shipping-taxable","13":"purchasable","14":"product-type-variable"},"yoast_head":"<!-- This site is optimized with the Yoast SEO plugin v26.6 - https:\/\/yoast.com\/wordpress\/plugins\/seo\/ -->\n<title>Cr\u00e8me de nila | Aide \u00e0 lutter contre les t\u00e2ches brunes<\/title>\n<meta name=\"description\" content=\"La\u00a0cr\u00e8me de Nila\u00a0est un produit cosm\u00e9tique r\u00e9volutionnaire, sp\u00e9cialement con\u00e7u pour \u00e9liminer les t\u00e2ches brunes et autres imperfections cutan\u00e9es.\" \/>\n<meta name=\"robots\" content=\"index, follow, max-snippet:-1, max-image-preview:large, max-video-preview:-1\" \/>\n<link rel=\"canonical\" href=\"https:\/\/www.safinel.fr\/es\/product-2\/crema-de-nila\/\" \/>\n<meta property=\"og:locale\" content=\"es_ES\" \/>\n<meta property=\"og:type\" content=\"article\" \/>\n<meta property=\"og:title\" content=\"Cr\u00e8me de nila | Aide \u00e0 lutter contre les t\u00e2ches brunes\" \/>\n<meta property=\"og:description\" content=\"La\u00a0cr\u00e8me de Nila\u00a0est un produit cosm\u00e9tique r\u00e9volutionnaire, sp\u00e9cialement con\u00e7u pour \u00e9liminer les t\u00e2ches brunes et autres imperfections cutan\u00e9es.\" \/>\n<meta property=\"og:url\" content=\"https:\/\/www.safinel.fr\/es\/product-2\/crema-de-nila\/\" \/>\n<meta property=\"og:site_name\" content=\"Safinel\" \/>\n<meta property=\"article:modified_time\" content=\"2026-01-13T11:03:45+00:00\" \/>\n<meta property=\"og:image\" content=\"https:\/\/www.safinel.fr\/wp-content\/uploads\/2023\/06\/creme-nila.jpg\" \/>\n\t<meta property=\"og:image:width\" content=\"600\" \/>\n\t<meta property=\"og:image:height\" content=\"600\" \/>\n\t<meta property=\"og:image:type\" content=\"image\/jpeg\" \/>\n<meta name=\"twitter:card\" content=\"summary_large_image\" \/>\n<meta name=\"twitter:label1\" content=\"Tiempo de lectura\" \/>\n\t<meta name=\"twitter:data1\" content=\"3 minutos\" \/>\n<script type=\"application\/ld+json\" class=\"yoast-schema-graph\">{\"@context\":\"https:\/\/schema.org\",\"@graph\":[{\"@type\":\"WebPage\",\"@id\":\"https:\/\/www.safinel.fr\/produit\/creme-de-nila\/\",\"url\":\"https:\/\/www.safinel.fr\/produit\/creme-de-nila\/\",\"name\":\"Cr\u00e8me de nila | Aide \u00e0 lutter contre les t\u00e2ches brunes\",\"isPartOf\":{\"@id\":\"https:\/\/www.safinel.fr\/#website\"},\"primaryImageOfPage\":{\"@id\":\"https:\/\/www.safinel.fr\/produit\/creme-de-nila\/#primaryimage\"},\"image\":{\"@id\":\"https:\/\/www.safinel.fr\/produit\/creme-de-nila\/#primaryimage\"},\"thumbnailUrl\":\"https:\/\/www.safinel.fr\/wp-content\/uploads\/2023\/06\/creme-nila.jpg\",\"datePublished\":\"2023-06-14T16:06:19+00:00\",\"dateModified\":\"2026-01-13T11:03:45+00:00\",\"description\":\"La\u00a0cr\u00e8me de Nila\u00a0est un produit cosm\u00e9tique r\u00e9volutionnaire, sp\u00e9cialement con\u00e7u pour \u00e9liminer les t\u00e2ches brunes et autres imperfections cutan\u00e9es.\",\"breadcrumb\":{\"@id\":\"https:\/\/www.safinel.fr\/produit\/creme-de-nila\/#breadcrumb\"},\"inLanguage\":\"es\",\"potentialAction\":[{\"@type\":\"ReadAction\",\"target\":[\"https:\/\/www.safinel.fr\/produit\/creme-de-nila\/\"]}]},{\"@type\":\"ImageObject\",\"inLanguage\":\"es\",\"@id\":\"https:\/\/www.safinel.fr\/produit\/creme-de-nila\/#primaryimage\",\"url\":\"https:\/\/www.safinel.fr\/wp-content\/uploads\/2023\/06\/creme-nila.jpg\",\"contentUrl\":\"https:\/\/www.safinel.fr\/wp-content\/uploads\/2023\/06\/creme-nila.jpg\",\"width\":600,\"height\":600,\"caption\":\"cr\u00e8me de nila\"},{\"@type\":\"BreadcrumbList\",\"@id\":\"https:\/\/www.safinel.fr\/produit\/creme-de-nila\/#breadcrumb\",\"itemListElement\":[{\"@type\":\"ListItem\",\"position\":1,\"name\":\"Accueil\",\"item\":\"https:\/\/www.safinel.fr\/\"},{\"@type\":\"ListItem\",\"position\":2,\"name\":\"Boutique\",\"item\":\"https:\/\/www.safinel.fr\/boutique\/\"},{\"@type\":\"ListItem\",\"position\":3,\"name\":\"Cr\u00e8me de nila\"}]},{\"@type\":\"WebSite\",\"@id\":\"https:\/\/www.safinel.fr\/#website\",\"url\":\"https:\/\/www.safinel.fr\/\",\"name\":\"Safinel\",\"description\":\"\",\"publisher\":{\"@id\":\"https:\/\/www.safinel.fr\/#organization\"},\"potentialAction\":[{\"@type\":\"SearchAction\",\"target\":{\"@type\":\"EntryPoint\",\"urlTemplate\":\"https:\/\/www.safinel.fr\/?s={search_term_string}\"},\"query-input\":{\"@type\":\"PropertyValueSpecification\",\"valueRequired\":true,\"valueName\":\"search_term_string\"}}],\"inLanguage\":\"es\"},{\"@type\":\"Organization\",\"@id\":\"https:\/\/www.safinel.fr\/#organization\",\"name\":\"Safinel\",\"url\":\"https:\/\/www.safinel.fr\/\",\"logo\":{\"@type\":\"ImageObject\",\"inLanguage\":\"es\",\"@id\":\"https:\/\/www.safinel.fr\/#\/schema\/logo\/image\/\",\"url\":\"https:\/\/www.safinel.fr\/wp-content\/uploads\/2021\/05\/boutique-cosmetique.png\",\"contentUrl\":\"https:\/\/www.safinel.fr\/wp-content\/uploads\/2021\/05\/boutique-cosmetique.png\",\"width\":800,\"height\":200,\"caption\":\"Safinel\"},\"image\":{\"@id\":\"https:\/\/www.safinel.fr\/#\/schema\/logo\/image\/\"}}]}<\/script>\n<!-- \/ Yoast SEO plugin. -->","yoast_head_json":{"title":"Crema Nila | Ayuda a combatir las manchas marrones","description":"La crema Nila es un revolucionario producto cosm\u00e9tico especialmente dise\u00f1ado para eliminar las manchas marrones y otras imperfecciones de la piel.","robots":{"index":"index","follow":"follow","max-snippet":"max-snippet:-1","max-image-preview":"max-image-preview:large","max-video-preview":"max-video-preview:-1"},"canonical":"https:\/\/www.safinel.fr\/es\/product-2\/crema-de-nila\/","og_locale":"es_ES","og_type":"article","og_title":"Cr\u00e8me de nila | Aide \u00e0 lutter contre les t\u00e2ches brunes","og_description":"La\u00a0cr\u00e8me de Nila\u00a0est un produit cosm\u00e9tique r\u00e9volutionnaire, sp\u00e9cialement con\u00e7u pour \u00e9liminer les t\u00e2ches brunes et autres imperfections cutan\u00e9es.","og_url":"https:\/\/www.safinel.fr\/es\/product-2\/crema-de-nila\/","og_site_name":"Safinel","article_modified_time":"2026-01-13T11:03:45+00:00","og_image":[{"width":600,"height":600,"url":"https:\/\/www.safinel.fr\/wp-content\/uploads\/2023\/06\/creme-nila.jpg","type":"image\/jpeg"}],"twitter_card":"summary_large_image","twitter_misc":{"Tiempo de lectura":"3 minutos"},"schema":{"@context":"https:\/\/schema.org","@graph":[{"@type":"WebPage","@id":"https:\/\/www.safinel.fr\/produit\/creme-de-nila\/","url":"https:\/\/www.safinel.fr\/produit\/creme-de-nila\/","name":"Crema Nila | Ayuda a combatir las manchas marrones","isPartOf":{"@id":"https:\/\/www.safinel.fr\/#website"},"primaryImageOfPage":{"@id":"https:\/\/www.safinel.fr\/produit\/creme-de-nila\/#primaryimage"},"image":{"@id":"https:\/\/www.safinel.fr\/produit\/creme-de-nila\/#primaryimage"},"thumbnailUrl":"https:\/\/www.safinel.fr\/wp-content\/uploads\/2023\/06\/creme-nila.jpg","datePublished":"2023-06-14T16:06:19+00:00","dateModified":"2026-01-13T11:03:45+00:00","description":"La crema Nila es un revolucionario producto cosm\u00e9tico especialmente dise\u00f1ado para eliminar las manchas marrones y otras imperfecciones de la piel.","breadcrumb":{"@id":"https:\/\/www.safinel.fr\/produit\/creme-de-nila\/#breadcrumb"},"inLanguage":"es","potentialAction":[{"@type":"ReadAction","target":["https:\/\/www.safinel.fr\/produit\/creme-de-nila\/"]}]},{"@type":"ImageObject","inLanguage":"es","@id":"https:\/\/www.safinel.fr\/produit\/creme-de-nila\/#primaryimage","url":"https:\/\/www.safinel.fr\/wp-content\/uploads\/2023\/06\/creme-nila.jpg","contentUrl":"https:\/\/www.safinel.fr\/wp-content\/uploads\/2023\/06\/creme-nila.jpg","width":600,"height":600,"caption":"cr\u00e8me de nila"},{"@type":"BreadcrumbList","@id":"https:\/\/www.safinel.fr\/produit\/creme-de-nila\/#breadcrumb","itemListElement":[{"@type":"ListItem","position":1,"name":"Accueil","item":"https:\/\/www.safinel.fr\/"},{"@type":"ListItem","position":2,"name":"Boutique","item":"https:\/\/www.safinel.fr\/boutique\/"},{"@type":"ListItem","position":3,"name":"Cr\u00e8me de nila"}]},{"@type":"WebSite","@id":"https:\/\/www.safinel.fr\/#website","url":"https:\/\/www.safinel.fr\/","name":"Safinel","description":"","publisher":{"@id":"https:\/\/www.safinel.fr\/#organization"},"potentialAction":[{"@type":"SearchAction","target":{"@type":"EntryPoint","urlTemplate":"https:\/\/www.safinel.fr\/?s={search_term_string}"},"query-input":{"@type":"PropertyValueSpecification","valueRequired":true,"valueName":"search_term_string"}}],"inLanguage":"es"},{"@type":"Organization","@id":"https:\/\/www.safinel.fr\/#organization","name":"Safinel","url":"https:\/\/www.safinel.fr\/","logo":{"@type":"ImageObject","inLanguage":"es","@id":"https:\/\/www.safinel.fr\/#\/schema\/logo\/image\/","url":"https:\/\/www.safinel.fr\/wp-content\/uploads\/2021\/05\/boutique-cosmetique.png","contentUrl":"https:\/\/www.safinel.fr\/wp-content\/uploads\/2021\/05\/boutique-cosmetique.png","width":800,"height":200,"caption":"Safinel"},"image":{"@id":"https:\/\/www.safinel.fr\/#\/schema\/logo\/image\/"}}]}},"_links":{"self":[{"href":"https:\/\/www.safinel.fr\/es\/wp-json\/wp\/v2\/product\/6501","targetHints":{"allow":["GET"]}}],"collection":[{"href":"https:\/\/www.safinel.fr\/es\/wp-json\/wp\/v2\/product"}],"about":[{"href":"https:\/\/www.safinel.fr\/es\/wp-json\/wp\/v2\/types\/product"}],"wp:featuredmedia":[{"embeddable":true,"href":"https:\/\/www.safinel.fr\/es\/wp-json\/wp\/v2\/media\/6504"}],"wp:attachment":[{"href":"https:\/\/www.safinel.fr\/es\/wp-json\/wp\/v2\/media?parent=6501"}],"wp:term":[{"taxonomy":"product_brand","embeddable":true,"href":"https:\/\/www.safinel.fr\/es\/wp-json\/wp\/v2\/product_brand?post=6501"},{"taxonomy":"product_cat","embeddable":true,"href":"https:\/\/www.safinel.fr\/es\/wp-json\/wp\/v2\/product_cat?post=6501"},{"taxonomy":"product_tag","embeddable":true,"href":"https:\/\/www.safinel.fr\/es\/wp-json\/wp\/v2\/product_tag?post=6501"}],"curies":[{"name":"wp","href":"https:\/\/api.w.org\/{rel}","templated":true}]}}