{"id":645,"date":"2021-12-31T12:24:57","date_gmt":"2021-12-31T12:24:57","guid":{"rendered":"https:\/\/www.safinel.fr\/?post_type=product&#038;p=645"},"modified":"2023-12-30T13:29:34","modified_gmt":"2023-12-30T13:29:34","slug":"el-arroz-se-rompe-2-veces","status":"publish","type":"product","link":"https:\/\/www.safinel.fr\/es\/product-2\/el-arroz-se-rompe-2-veces\/","title":{"rendered":"Arroz partido 2 veces 1kg"},"content":{"rendered":"<p>Hoy hablamos de un\u00a0<strong>cereales<\/strong>\u00a0que ha recorrido campos y \u00e9pocas para difundir su sabor y sus beneficios nutricionales. Presente en 5 de los 6 continentes, est\u00e1 en boca de todos no s\u00f3lo por su historia, sino tambi\u00e9n por su alto valor nutritivo. Si a\u00fan no lo ha adivinado, sigamos... Considerado hoy en d\u00eda uno de los cultivos m\u00e1s cosechados despu\u00e9s del ma\u00edz, veamos m\u00e1s de cerca el\u00a0<strong>arroz roto dos veces\u00a0<\/strong><\/p>\n<h2><strong>El arroz dos veces partido y su origen\u00a0<\/strong><\/h2>\n<p><strong>Arroz<\/strong>, como todos los cereales, tiene un origen ambiguo dif\u00edcil de precisar para los investigadores. El aspecto cronol\u00f3gico, en particular, es complicado de precisar. Sin embargo, hay unanimidad en que se utiliz\u00f3 por primera vez hace m\u00e1s de 5.000 a\u00f1os.<\/p>\n<p>Pero, \u00bfpor qu\u00e9 este nombre?<\/p>\n<p><strong>Arroz roto dos veces<\/strong>, tambi\u00e9n conocido como\u00a0<strong>arroz partido 2 veces<\/strong>, es un\u00a0<strong>grano partido<\/strong>\u00a0durante la recolecci\u00f3n y el lavado. Conocida sobre todo entre las poblaciones asi\u00e1ticas, pero tambi\u00e9n en \u00c1frica, esta\u00a0<strong>rotura nutricional<\/strong>\u00a0es un bien cotidiano para las comunidades. Su atractivo precio y su valor nutritivo son un verdadero intercambio de buenas pr\u00e1cticas que puede alimentar a pueblos enteros.<\/p>\n<h2><strong>\u00bfC\u00f3mo se cuece dos veces el arroz partido?<\/strong><\/h2>\n<ol>\n<li>Para una buena comida y<strong>\u00a0hacer de su arroz un \u00e9xito<\/strong>, Para empezar, toma las raciones en funci\u00f3n de las necesidades y del n\u00famero de personas.<\/li>\n<li>Poner el arroz en un cuenco y aclararlo bien con agua limpia.<\/li>\n<li>A continuaci\u00f3n, p\u00e1salo a un cazo lleno de agua fr\u00eda, ponlo al fuego y \u00a1no te olvides de taparlo!<\/li>\n<li>Despu\u00e9s de cocer unos 10-14 minutos, sazonar al gusto y dejar reposar unos 5 minutos.<\/li>\n<\/ol>\n<p>Ahora que el arroz est\u00e1 listo, puede servirlo con una salsa de<strong>\u00a0<a href=\"https:\/\/www.safinel.fr\/es\/product-2\/azufaifas-secas-100-g\/\">azufaifas secas<\/a>,<\/strong>\u00a0para darle ese sabor dulce y salado. \u00a1Tus invitados pedir\u00e1n m\u00e1s!<\/p>\n<p>Acompa\u00f1a esta comida con una bebida casera o una tisana natural. Por ejemplo, puede elegir entre\u00a0<a href=\"https:\/\/www.safinel.fr\/es\/product-2\/kacip-fatimah\/\"><strong>Kacip fatimah<\/strong><\/a>\u00a0que facilita la digesti\u00f3n y ayuda a combatir el estr\u00e9s.<\/p>\n<h2><strong>Los beneficios del arroz partido 2 veces\u00a0<\/strong><\/h2>\n<p>Este cereal se considera\u00a0<strong>un tesoro natural con m\u00faltiples virtudes<\/strong>. Rica en hidratos de carbono, a veces se utiliza para regular el tr\u00e1nsito digestivo.<\/p>\n<p>Tambi\u00e9n se sabe que ayuda a combatir las enfermedades cardiovasculares y a reducir los niveles de colesterol. Tambi\u00e9n rico en vitaminas y minerales, el arroz partido 2 veces <a href=\"https:\/\/www.miel-imperial.com\/huiles-naturelles-et-bio\/30-huile-de-haba-saouda-habachia-.html\" target=\"_blank\" rel=\"noopener\"><strong>puede ayudar a reforzar el sistema inmunitario<\/strong><\/a>.<\/p>\n<p>Como puede ver, puede que sea peque\u00f1o en tama\u00f1o, \u00a1pero es grande en nutrientes!<\/p>\n<p>D\u00e9jese seducir por esta fruta rota y disfrute de su delicioso sabor en el paladar. \u00bfQu\u00e9 m\u00e1s se puede pedir que un buen sabor que aporte placer y bondad?<\/p>\n<h3><strong>Descubra nuestros productos naturales<\/strong><\/h3>\n<p>Adem\u00e1s, su tienda de cosm\u00e9tica natural africana 100% desea, como siempre, ofrecerle productos que combinen calidad y bienestar. En particular, nos gustar\u00eda que descubriera nuestras plantas, as\u00ed como nuestros<strong>\u00a0<a href=\"https:\/\/www.safinel.fr\/es\/product-2\/manteca-de-cacao-cruda-ecologica-certificada-100ml\/\">mantecas vegetales de cacao crudo<\/a><\/strong>, nuestras brasas y\u00a0<strong>dent\u00edfricos naturales<\/strong>\u00a0!<\/p>\n<p>Una multitud de opciones para satisfacer las necesidades de nuestros clientes que desean confiar en los beneficios de la naturaleza.<\/p>","protected":false},"excerpt":{"rendered":"<p>Hoy vamos a hablar de un cereal que ha recorrido campos y \u00e9pocas para difundir su sabor y sus beneficios nutricionales. Presente en 5 de los 6 continentes, se habla de \u00e9l no s\u00f3lo por su historia, sino tambi\u00e9n por su alto contenido nutricional. Si a\u00fan no lo ha adivinado, sigamos con ello... Considerado hoy en d\u00eda como una de las variedades m\u00e1s cosechadas despu\u00e9s [...].","protected":false},"featured_media":646,"template":"","meta":[],"product_brand":[],"product_cat":[28],"product_tag":[],"class_list":{"0":"post-645","1":"product","2":"type-product","3":"status-publish","4":"has-post-thumbnail","6":"product_cat-divers","8":"first","9":"outofstock","10":"shipping-taxable","11":"purchasable","12":"product-type-simple"},"yoast_head":"<!-- This site is optimized with the Yoast SEO plugin v26.6 - https:\/\/yoast.com\/wordpress\/plugins\/seo\/ -->\n<title>Riz cass\u00e9 2 fois | Ses bienfaits | Achat en ligne s\u00e9curis\u00e9<\/title>\n<meta name=\"description\" content=\"Consid\u00e9r\u00e9e aujourd\u2019hui comme l\u2019une des plus r\u00e9colt\u00e9es apr\u00e8s le ma\u00efs, faisons alors un zoom sur le\u00a0riz cass\u00e9 2 fois !\u00a0\" \/>\n<meta name=\"robots\" content=\"index, follow, max-snippet:-1, max-image-preview:large, max-video-preview:-1\" \/>\n<link rel=\"canonical\" href=\"https:\/\/www.safinel.fr\/es\/product-2\/el-arroz-se-rompe-2-veces\/\" \/>\n<meta property=\"og:locale\" content=\"es_ES\" \/>\n<meta property=\"og:type\" content=\"article\" \/>\n<meta property=\"og:title\" content=\"Riz cass\u00e9 2 fois | Ses bienfaits | Achat en ligne s\u00e9curis\u00e9\" \/>\n<meta property=\"og:description\" content=\"Consid\u00e9r\u00e9e aujourd\u2019hui comme l\u2019une des plus r\u00e9colt\u00e9es apr\u00e8s le ma\u00efs, faisons alors un zoom sur le\u00a0riz cass\u00e9 2 fois !\u00a0\" \/>\n<meta property=\"og:url\" content=\"https:\/\/www.safinel.fr\/es\/product-2\/el-arroz-se-rompe-2-veces\/\" \/>\n<meta property=\"og:site_name\" content=\"Safinel\" \/>\n<meta property=\"article:modified_time\" content=\"2023-12-30T13:29:34+00:00\" \/>\n<meta property=\"og:image\" content=\"https:\/\/www.safinel.fr\/wp-content\/uploads\/2021\/12\/Riz-casse-2-fois.jpg\" \/>\n\t<meta property=\"og:image:width\" content=\"600\" \/>\n\t<meta property=\"og:image:height\" content=\"600\" \/>\n\t<meta property=\"og:image:type\" content=\"image\/jpeg\" \/>\n<meta name=\"twitter:card\" content=\"summary_large_image\" \/>\n<meta name=\"twitter:label1\" content=\"Tiempo de lectura\" \/>\n\t<meta name=\"twitter:data1\" content=\"3 minutos\" \/>\n<script type=\"application\/ld+json\" class=\"yoast-schema-graph\">{\"@context\":\"https:\/\/schema.org\",\"@graph\":[{\"@type\":\"WebPage\",\"@id\":\"https:\/\/www.safinel.fr\/produit\/riz-casse-2-fois\/\",\"url\":\"https:\/\/www.safinel.fr\/produit\/riz-casse-2-fois\/\",\"name\":\"Riz cass\u00e9 2 fois | Ses bienfaits | Achat en ligne s\u00e9curis\u00e9\",\"isPartOf\":{\"@id\":\"https:\/\/www.safinel.fr\/#website\"},\"primaryImageOfPage\":{\"@id\":\"https:\/\/www.safinel.fr\/produit\/riz-casse-2-fois\/#primaryimage\"},\"image\":{\"@id\":\"https:\/\/www.safinel.fr\/produit\/riz-casse-2-fois\/#primaryimage\"},\"thumbnailUrl\":\"https:\/\/www.safinel.fr\/wp-content\/uploads\/2021\/12\/Riz-casse-2-fois.jpg\",\"datePublished\":\"2021-12-31T12:24:57+00:00\",\"dateModified\":\"2023-12-30T13:29:34+00:00\",\"description\":\"Consid\u00e9r\u00e9e aujourd\u2019hui comme l\u2019une des plus r\u00e9colt\u00e9es apr\u00e8s le ma\u00efs, faisons alors un zoom sur le\u00a0riz cass\u00e9 2 fois !\u00a0\",\"breadcrumb\":{\"@id\":\"https:\/\/www.safinel.fr\/produit\/riz-casse-2-fois\/#breadcrumb\"},\"inLanguage\":\"es\",\"potentialAction\":[{\"@type\":\"ReadAction\",\"target\":[\"https:\/\/www.safinel.fr\/produit\/riz-casse-2-fois\/\"]}]},{\"@type\":\"ImageObject\",\"inLanguage\":\"es\",\"@id\":\"https:\/\/www.safinel.fr\/produit\/riz-casse-2-fois\/#primaryimage\",\"url\":\"https:\/\/www.safinel.fr\/wp-content\/uploads\/2021\/12\/Riz-casse-2-fois.jpg\",\"contentUrl\":\"https:\/\/www.safinel.fr\/wp-content\/uploads\/2021\/12\/Riz-casse-2-fois.jpg\",\"width\":600,\"height\":600,\"caption\":\"Riz cass\u00e9 2 fois 1kg\"},{\"@type\":\"BreadcrumbList\",\"@id\":\"https:\/\/www.safinel.fr\/produit\/riz-casse-2-fois\/#breadcrumb\",\"itemListElement\":[{\"@type\":\"ListItem\",\"position\":1,\"name\":\"Accueil\",\"item\":\"https:\/\/www.safinel.fr\/\"},{\"@type\":\"ListItem\",\"position\":2,\"name\":\"Boutique\",\"item\":\"https:\/\/www.safinel.fr\/boutique\/\"},{\"@type\":\"ListItem\",\"position\":3,\"name\":\"Riz cass\u00e9 2 fois 1kg\"}]},{\"@type\":\"WebSite\",\"@id\":\"https:\/\/www.safinel.fr\/#website\",\"url\":\"https:\/\/www.safinel.fr\/\",\"name\":\"Safinel\",\"description\":\"\",\"publisher\":{\"@id\":\"https:\/\/www.safinel.fr\/#organization\"},\"potentialAction\":[{\"@type\":\"SearchAction\",\"target\":{\"@type\":\"EntryPoint\",\"urlTemplate\":\"https:\/\/www.safinel.fr\/?s={search_term_string}\"},\"query-input\":{\"@type\":\"PropertyValueSpecification\",\"valueRequired\":true,\"valueName\":\"search_term_string\"}}],\"inLanguage\":\"es\"},{\"@type\":\"Organization\",\"@id\":\"https:\/\/www.safinel.fr\/#organization\",\"name\":\"Safinel\",\"url\":\"https:\/\/www.safinel.fr\/\",\"logo\":{\"@type\":\"ImageObject\",\"inLanguage\":\"es\",\"@id\":\"https:\/\/www.safinel.fr\/#\/schema\/logo\/image\/\",\"url\":\"https:\/\/www.safinel.fr\/wp-content\/uploads\/2021\/05\/boutique-cosmetique.png\",\"contentUrl\":\"https:\/\/www.safinel.fr\/wp-content\/uploads\/2021\/05\/boutique-cosmetique.png\",\"width\":800,\"height\":200,\"caption\":\"Safinel\"},\"image\":{\"@id\":\"https:\/\/www.safinel.fr\/#\/schema\/logo\/image\/\"}}]}<\/script>\n<!-- \/ Yoast SEO plugin. -->","yoast_head_json":{"title":"Arroz partido 2 veces | Sus beneficios | Compra segura en l\u00ednea","description":"Considerado en la actualidad como uno de los cultivos m\u00e1s cosechados despu\u00e9s del ma\u00edz, \u00a1vamos a echar un vistazo m\u00e1s de cerca al arroz dos veces quebrado!\u00a0","robots":{"index":"index","follow":"follow","max-snippet":"max-snippet:-1","max-image-preview":"max-image-preview:large","max-video-preview":"max-video-preview:-1"},"canonical":"https:\/\/www.safinel.fr\/es\/product-2\/el-arroz-se-rompe-2-veces\/","og_locale":"es_ES","og_type":"article","og_title":"Riz cass\u00e9 2 fois | Ses bienfaits | Achat en ligne s\u00e9curis\u00e9","og_description":"Consid\u00e9r\u00e9e aujourd\u2019hui comme l\u2019une des plus r\u00e9colt\u00e9es apr\u00e8s le ma\u00efs, faisons alors un zoom sur le\u00a0riz cass\u00e9 2 fois !\u00a0","og_url":"https:\/\/www.safinel.fr\/es\/product-2\/el-arroz-se-rompe-2-veces\/","og_site_name":"Safinel","article_modified_time":"2023-12-30T13:29:34+00:00","og_image":[{"width":600,"height":600,"url":"https:\/\/www.safinel.fr\/wp-content\/uploads\/2021\/12\/Riz-casse-2-fois.jpg","type":"image\/jpeg"}],"twitter_card":"summary_large_image","twitter_misc":{"Tiempo de lectura":"3 minutos"},"schema":{"@context":"https:\/\/schema.org","@graph":[{"@type":"WebPage","@id":"https:\/\/www.safinel.fr\/produit\/riz-casse-2-fois\/","url":"https:\/\/www.safinel.fr\/produit\/riz-casse-2-fois\/","name":"Arroz partido 2 veces | Sus beneficios | Compra segura en l\u00ednea","isPartOf":{"@id":"https:\/\/www.safinel.fr\/#website"},"primaryImageOfPage":{"@id":"https:\/\/www.safinel.fr\/produit\/riz-casse-2-fois\/#primaryimage"},"image":{"@id":"https:\/\/www.safinel.fr\/produit\/riz-casse-2-fois\/#primaryimage"},"thumbnailUrl":"https:\/\/www.safinel.fr\/wp-content\/uploads\/2021\/12\/Riz-casse-2-fois.jpg","datePublished":"2021-12-31T12:24:57+00:00","dateModified":"2023-12-30T13:29:34+00:00","description":"Considerado en la actualidad como uno de los cultivos m\u00e1s cosechados despu\u00e9s del ma\u00edz, \u00a1vamos a echar un vistazo m\u00e1s de cerca al arroz dos veces quebrado!\u00a0","breadcrumb":{"@id":"https:\/\/www.safinel.fr\/produit\/riz-casse-2-fois\/#breadcrumb"},"inLanguage":"es","potentialAction":[{"@type":"ReadAction","target":["https:\/\/www.safinel.fr\/produit\/riz-casse-2-fois\/"]}]},{"@type":"ImageObject","inLanguage":"es","@id":"https:\/\/www.safinel.fr\/produit\/riz-casse-2-fois\/#primaryimage","url":"https:\/\/www.safinel.fr\/wp-content\/uploads\/2021\/12\/Riz-casse-2-fois.jpg","contentUrl":"https:\/\/www.safinel.fr\/wp-content\/uploads\/2021\/12\/Riz-casse-2-fois.jpg","width":600,"height":600,"caption":"Riz cass\u00e9 2 fois 1kg"},{"@type":"BreadcrumbList","@id":"https:\/\/www.safinel.fr\/produit\/riz-casse-2-fois\/#breadcrumb","itemListElement":[{"@type":"ListItem","position":1,"name":"Accueil","item":"https:\/\/www.safinel.fr\/"},{"@type":"ListItem","position":2,"name":"Boutique","item":"https:\/\/www.safinel.fr\/boutique\/"},{"@type":"ListItem","position":3,"name":"Riz cass\u00e9 2 fois 1kg"}]},{"@type":"WebSite","@id":"https:\/\/www.safinel.fr\/#website","url":"https:\/\/www.safinel.fr\/","name":"Safinel","description":"","publisher":{"@id":"https:\/\/www.safinel.fr\/#organization"},"potentialAction":[{"@type":"SearchAction","target":{"@type":"EntryPoint","urlTemplate":"https:\/\/www.safinel.fr\/?s={search_term_string}"},"query-input":{"@type":"PropertyValueSpecification","valueRequired":true,"valueName":"search_term_string"}}],"inLanguage":"es"},{"@type":"Organization","@id":"https:\/\/www.safinel.fr\/#organization","name":"Safinel","url":"https:\/\/www.safinel.fr\/","logo":{"@type":"ImageObject","inLanguage":"es","@id":"https:\/\/www.safinel.fr\/#\/schema\/logo\/image\/","url":"https:\/\/www.safinel.fr\/wp-content\/uploads\/2021\/05\/boutique-cosmetique.png","contentUrl":"https:\/\/www.safinel.fr\/wp-content\/uploads\/2021\/05\/boutique-cosmetique.png","width":800,"height":200,"caption":"Safinel"},"image":{"@id":"https:\/\/www.safinel.fr\/#\/schema\/logo\/image\/"}}]}},"_links":{"self":[{"href":"https:\/\/www.safinel.fr\/es\/wp-json\/wp\/v2\/product\/645","targetHints":{"allow":["GET"]}}],"collection":[{"href":"https:\/\/www.safinel.fr\/es\/wp-json\/wp\/v2\/product"}],"about":[{"href":"https:\/\/www.safinel.fr\/es\/wp-json\/wp\/v2\/types\/product"}],"wp:featuredmedia":[{"embeddable":true,"href":"https:\/\/www.safinel.fr\/es\/wp-json\/wp\/v2\/media\/646"}],"wp:attachment":[{"href":"https:\/\/www.safinel.fr\/es\/wp-json\/wp\/v2\/media?parent=645"}],"wp:term":[{"taxonomy":"product_brand","embeddable":true,"href":"https:\/\/www.safinel.fr\/es\/wp-json\/wp\/v2\/product_brand?post=645"},{"taxonomy":"product_cat","embeddable":true,"href":"https:\/\/www.safinel.fr\/es\/wp-json\/wp\/v2\/product_cat?post=645"},{"taxonomy":"product_tag","embeddable":true,"href":"https:\/\/www.safinel.fr\/es\/wp-json\/wp\/v2\/product_tag?post=645"}],"curies":[{"name":"wp","href":"https:\/\/api.w.org\/{rel}","templated":true}]}}