{"id":637,"date":"2021-07-26T14:17:26","date_gmt":"2021-07-26T14:17:26","guid":{"rendered":"https:\/\/www.safinel.fr\/?post_type=product&#038;p=637"},"modified":"2023-12-30T13:30:46","modified_gmt":"2023-12-30T13:30:46","slug":"chili-vegetariano","status":"publish","type":"product","link":"https:\/\/www.safinel.fr\/es\/product-2\/chili-vegetariano\/","title":{"rendered":"Guindilla vegetariana 100 g"},"content":{"rendered":"<p>\u00bfLe apetece un viaje a las Antillas? Venga con nosotros y descubra una pimienta sin igual.\u00a0<strong>Guindilla vegetariana<\/strong>, el colorido oro del archipi\u00e9lago antillano, deleita el paladar de grandes y peque\u00f1os. Aut\u00e9ntica estrella en su pa\u00eds, se ha convertido en un elemento b\u00e1sico de la cocina criolla.<br \/>\nExplicamos esta historia de\u00a0<strong>pruebe<\/strong>\u00a0y fragancia. \u00a1Ag\u00e1rrate fuerte!<\/p>\n<h2><strong>Guindilla vegetariana: \u00bfqu\u00e9 es?<\/strong><\/h2>\n<p>Guindilla vegetariana - tambi\u00e9n conocida como \u00ab\u00a0<strong>planta<\/strong>\u00a0\u00bb es una variedad de guindilla de las Indias Occidentales. Pero \u00a1cuidado! No cualquier guindilla, porque es la m\u00e1s\u00a0<strong>suave<\/strong>\u00a0y el m\u00e1s\u00a0<strong>perfumado<\/strong>\u00a0de todo. Tiene un sabor \u00fanico. Es conocido por su\u00a0<strong>pruebe<\/strong>\u00a0verduras y es mucho m\u00e1s f\u00e1cil de digerir que el chile picante. Como puede ver, este condimento tan especial\u00a0<strong>no pica en absoluto<\/strong>, aunque es muy arom\u00e1tico. \u00a1As\u00ed que puedes morderlo sin miedo al horno!<\/p>\n<p>A menudo se compara con la pimienta bonda man jak, que se caracteriza por un picante muy (muy) fuerte. Incluso volc\u00e1nico. De hecho, ambas se utilizan a menudo juntas en la cocina.<br \/>\nProbablemente se pregunte por qu\u00e9 este chile se llama \u00abvegetariano\u00bb. Las respuestas var\u00edan. Algunos creen que debe su nombre a la suavidad de su sabor. Otros afirman que las razones son hist\u00f3ricas. Continuar\u00e1...<\/p>\n<h2><strong>Los beneficios del chile vegetariano<\/strong><\/h2>\n<p>Adem\u00e1s de sus sabrosas cualidades, tiene propiedades beneficiosas para la salud. Adem\u00e1s de satisfacer nuestros est\u00f3magos, este alimento es\u00a0<strong>rica en vitaminas y\u00a0<\/strong><strong>oligo<\/strong><strong>\u00a0elementos<\/strong>.<br \/>\nEste condimento de f\u00e1cil digesti\u00f3n es fuente de hierro, cobre y manganeso. Contiene vitaminas C, B6 y K. Tambi\u00e9n es bajo en sodio, lo que lo convierte en una alternativa a la sal.<\/p>\n<h2><strong>\u00bfQu\u00e9 aspecto tiene?<\/strong><\/h2>\n<p>Cualquiera que lo vea puede dudar de que no sea picante, porque se parece mucho a... una guindilla. En\u00a0<strong>verde, amarillo o rojo<\/strong>, Este colorido espect\u00e1culo es una fiesta para los ojos.<\/p>\n<p>En\u00a0<strong>peque\u00f1o<\/strong>\u00a0<strong>talla<\/strong>, Se presenta en dos formas:<\/p>\n<p>- La forma alargada (la m\u00e1s com\u00fan) mide entre 4 y 7 cent\u00edmetros. Es la forma m\u00e1s conocida; ;<br \/>\n- M\u00e1s raramente, puede ser redonda y medir unos 3 cent\u00edmetros de di\u00e1metro. Esta es tambi\u00e9n la gama m\u00e1s dulce.<\/p>\n<h3><strong>\u00bfC\u00f3mo se come?<\/strong><\/h3>\n<p>Es el ingrediente perfecto para paladares sensibles y ni\u00f1os. Se puede comer literalmente \u00abcon todas las salsas\u00bb. Se puede utilizar para\u00a0<strong>subir<\/strong>, sino tambi\u00e9n a\u00a0<a href=\"https:\/\/www.safinel.fr\/es\/product-2\/pimienta-timut-50g\/\"><strong>platos con sabor<\/strong><\/a>. Algunas recetas sugieren cocinarlo en\u00a0<strong>pur\u00e9<\/strong>\u00a0o en\u00a0<strong>pegar<\/strong>\u00a0para adornar platos. Se puede\u00a0<strong>confit<\/strong>\u00a0o\u00a0<strong>relleno<\/strong>.<\/p>\n<p>Tambi\u00e9n puede colocarse en tiras finas en el\u00a0<strong>platos con salsa<\/strong>.<br \/>\nSe pueden conservar en el frigor\u00edfico durante unos d\u00edas. Otros prefieren congelarlas para tenerlas frescas a mano. Pero recuerda lavarlas y secarlas bien antes.<\/p>\n<p>\u00bfTe apetece un poco de chili vegetariano? \u00a1No esperes m\u00e1s! \u00a1Desc\u00fabrelo en nuestra tienda!<\/p>","protected":false},"excerpt":{"rendered":"<p>Un voyage aux Antilles, \u00e7a vous tente ? Venez avec nous \u00e0 la d\u00e9couverte d\u2019un piment pas comme les autres !\u00a0Le piment v\u00e9g\u00e9tarien, cet or color\u00e9 de l\u2019archipel antillais, ravit les papilles des grands et des petits.\u00a0Une vraie star dans son pays, il est devenu un incontournable de la cuisine cr\u00e9ole. On vous explique cette [&#8230;]","protected":false},"featured_media":0,"template":"","meta":[],"product_brand":[],"product_cat":[44],"product_tag":[],"class_list":{"0":"post-637","1":"product","2":"type-product","3":"status-publish","5":"product_cat-epices","7":"first","8":"outofstock","9":"shipping-taxable","10":"purchasable","11":"product-type-simple"},"yoast_head":"<!-- This site is optimized with the Yoast SEO plugin v26.6 - https:\/\/yoast.com\/wordpress\/plugins\/seo\/ -->\n<title>Piment v\u00e9g\u00e9tarien | Achat en ligne s\u00e9curis\u00e9 en quelques clics<\/title>\n<meta name=\"description\" content=\"Le piment v\u00e9g\u00e9tarien, cet or color\u00e9 de l\u2019archipel antillais, ravit les papilles des grands et des petits.\u00a0Adoptez-le !\" \/>\n<meta name=\"robots\" content=\"index, follow, max-snippet:-1, max-image-preview:large, max-video-preview:-1\" \/>\n<link rel=\"canonical\" href=\"https:\/\/www.safinel.fr\/es\/product-2\/chili-vegetariano\/\" \/>\n<meta property=\"og:locale\" content=\"es_ES\" \/>\n<meta property=\"og:type\" content=\"article\" \/>\n<meta property=\"og:title\" content=\"Piment v\u00e9g\u00e9tarien | Achat en ligne s\u00e9curis\u00e9 en quelques clics\" \/>\n<meta property=\"og:description\" content=\"Le piment v\u00e9g\u00e9tarien, cet or color\u00e9 de l\u2019archipel antillais, ravit les papilles des grands et des petits.\u00a0Adoptez-le !\" \/>\n<meta property=\"og:url\" content=\"https:\/\/www.safinel.fr\/es\/product-2\/chili-vegetariano\/\" \/>\n<meta property=\"og:site_name\" content=\"Safinel\" \/>\n<meta property=\"article:modified_time\" content=\"2023-12-30T13:30:46+00:00\" \/>\n<meta name=\"twitter:card\" content=\"summary_large_image\" \/>\n<meta name=\"twitter:label1\" content=\"Tiempo de lectura\" \/>\n\t<meta name=\"twitter:data1\" content=\"3 minutos\" \/>\n<script type=\"application\/ld+json\" class=\"yoast-schema-graph\">{\"@context\":\"https:\/\/schema.org\",\"@graph\":[{\"@type\":\"WebPage\",\"@id\":\"https:\/\/www.safinel.fr\/produit\/piment-vegetarien\/\",\"url\":\"https:\/\/www.safinel.fr\/produit\/piment-vegetarien\/\",\"name\":\"Piment v\u00e9g\u00e9tarien | Achat en ligne s\u00e9curis\u00e9 en quelques clics\",\"isPartOf\":{\"@id\":\"https:\/\/www.safinel.fr\/#website\"},\"datePublished\":\"2021-07-26T14:17:26+00:00\",\"dateModified\":\"2023-12-30T13:30:46+00:00\",\"description\":\"Le piment v\u00e9g\u00e9tarien, cet or color\u00e9 de l\u2019archipel antillais, ravit les papilles des grands et des petits.\u00a0Adoptez-le !\",\"breadcrumb\":{\"@id\":\"https:\/\/www.safinel.fr\/produit\/piment-vegetarien\/#breadcrumb\"},\"inLanguage\":\"es\",\"potentialAction\":[{\"@type\":\"ReadAction\",\"target\":[\"https:\/\/www.safinel.fr\/produit\/piment-vegetarien\/\"]}]},{\"@type\":\"BreadcrumbList\",\"@id\":\"https:\/\/www.safinel.fr\/produit\/piment-vegetarien\/#breadcrumb\",\"itemListElement\":[{\"@type\":\"ListItem\",\"position\":1,\"name\":\"Accueil\",\"item\":\"https:\/\/www.safinel.fr\/\"},{\"@type\":\"ListItem\",\"position\":2,\"name\":\"Boutique\",\"item\":\"https:\/\/www.safinel.fr\/boutique\/\"},{\"@type\":\"ListItem\",\"position\":3,\"name\":\"Piment v\u00e9g\u00e9tarien 100g\"}]},{\"@type\":\"WebSite\",\"@id\":\"https:\/\/www.safinel.fr\/#website\",\"url\":\"https:\/\/www.safinel.fr\/\",\"name\":\"Safinel\",\"description\":\"\",\"publisher\":{\"@id\":\"https:\/\/www.safinel.fr\/#organization\"},\"potentialAction\":[{\"@type\":\"SearchAction\",\"target\":{\"@type\":\"EntryPoint\",\"urlTemplate\":\"https:\/\/www.safinel.fr\/?s={search_term_string}\"},\"query-input\":{\"@type\":\"PropertyValueSpecification\",\"valueRequired\":true,\"valueName\":\"search_term_string\"}}],\"inLanguage\":\"es\"},{\"@type\":\"Organization\",\"@id\":\"https:\/\/www.safinel.fr\/#organization\",\"name\":\"Safinel\",\"url\":\"https:\/\/www.safinel.fr\/\",\"logo\":{\"@type\":\"ImageObject\",\"inLanguage\":\"es\",\"@id\":\"https:\/\/www.safinel.fr\/#\/schema\/logo\/image\/\",\"url\":\"https:\/\/www.safinel.fr\/wp-content\/uploads\/2021\/05\/boutique-cosmetique.png\",\"contentUrl\":\"https:\/\/www.safinel.fr\/wp-content\/uploads\/2021\/05\/boutique-cosmetique.png\",\"width\":800,\"height\":200,\"caption\":\"Safinel\"},\"image\":{\"@id\":\"https:\/\/www.safinel.fr\/#\/schema\/logo\/image\/\"}}]}<\/script>\n<!-- \/ Yoast SEO plugin. -->","yoast_head_json":{"title":"Guindilla vegetariana | Compra segura en l\u00ednea con s\u00f3lo unos clics","description":"El chile vegetariano, el colorido oro de las Antillas, deleita el paladar de grandes y peque\u00f1os. \u00a1Ad\u00f3ptelo!","robots":{"index":"index","follow":"follow","max-snippet":"max-snippet:-1","max-image-preview":"max-image-preview:large","max-video-preview":"max-video-preview:-1"},"canonical":"https:\/\/www.safinel.fr\/es\/product-2\/chili-vegetariano\/","og_locale":"es_ES","og_type":"article","og_title":"Piment v\u00e9g\u00e9tarien | Achat en ligne s\u00e9curis\u00e9 en quelques clics","og_description":"Le piment v\u00e9g\u00e9tarien, cet or color\u00e9 de l\u2019archipel antillais, ravit les papilles des grands et des petits.\u00a0Adoptez-le !","og_url":"https:\/\/www.safinel.fr\/es\/product-2\/chili-vegetariano\/","og_site_name":"Safinel","article_modified_time":"2023-12-30T13:30:46+00:00","twitter_card":"summary_large_image","twitter_misc":{"Tiempo de lectura":"3 minutos"},"schema":{"@context":"https:\/\/schema.org","@graph":[{"@type":"WebPage","@id":"https:\/\/www.safinel.fr\/produit\/piment-vegetarien\/","url":"https:\/\/www.safinel.fr\/produit\/piment-vegetarien\/","name":"Guindilla vegetariana | Compra segura en l\u00ednea con s\u00f3lo unos clics","isPartOf":{"@id":"https:\/\/www.safinel.fr\/#website"},"datePublished":"2021-07-26T14:17:26+00:00","dateModified":"2023-12-30T13:30:46+00:00","description":"El chile vegetariano, el colorido oro de las Antillas, deleita el paladar de grandes y peque\u00f1os. \u00a1Ad\u00f3ptelo!","breadcrumb":{"@id":"https:\/\/www.safinel.fr\/produit\/piment-vegetarien\/#breadcrumb"},"inLanguage":"es","potentialAction":[{"@type":"ReadAction","target":["https:\/\/www.safinel.fr\/produit\/piment-vegetarien\/"]}]},{"@type":"BreadcrumbList","@id":"https:\/\/www.safinel.fr\/produit\/piment-vegetarien\/#breadcrumb","itemListElement":[{"@type":"ListItem","position":1,"name":"Accueil","item":"https:\/\/www.safinel.fr\/"},{"@type":"ListItem","position":2,"name":"Boutique","item":"https:\/\/www.safinel.fr\/boutique\/"},{"@type":"ListItem","position":3,"name":"Piment v\u00e9g\u00e9tarien 100g"}]},{"@type":"WebSite","@id":"https:\/\/www.safinel.fr\/#website","url":"https:\/\/www.safinel.fr\/","name":"Safinel","description":"","publisher":{"@id":"https:\/\/www.safinel.fr\/#organization"},"potentialAction":[{"@type":"SearchAction","target":{"@type":"EntryPoint","urlTemplate":"https:\/\/www.safinel.fr\/?s={search_term_string}"},"query-input":{"@type":"PropertyValueSpecification","valueRequired":true,"valueName":"search_term_string"}}],"inLanguage":"es"},{"@type":"Organization","@id":"https:\/\/www.safinel.fr\/#organization","name":"Safinel","url":"https:\/\/www.safinel.fr\/","logo":{"@type":"ImageObject","inLanguage":"es","@id":"https:\/\/www.safinel.fr\/#\/schema\/logo\/image\/","url":"https:\/\/www.safinel.fr\/wp-content\/uploads\/2021\/05\/boutique-cosmetique.png","contentUrl":"https:\/\/www.safinel.fr\/wp-content\/uploads\/2021\/05\/boutique-cosmetique.png","width":800,"height":200,"caption":"Safinel"},"image":{"@id":"https:\/\/www.safinel.fr\/#\/schema\/logo\/image\/"}}]}},"_links":{"self":[{"href":"https:\/\/www.safinel.fr\/es\/wp-json\/wp\/v2\/product\/637","targetHints":{"allow":["GET"]}}],"collection":[{"href":"https:\/\/www.safinel.fr\/es\/wp-json\/wp\/v2\/product"}],"about":[{"href":"https:\/\/www.safinel.fr\/es\/wp-json\/wp\/v2\/types\/product"}],"wp:attachment":[{"href":"https:\/\/www.safinel.fr\/es\/wp-json\/wp\/v2\/media?parent=637"}],"wp:term":[{"taxonomy":"product_brand","embeddable":true,"href":"https:\/\/www.safinel.fr\/es\/wp-json\/wp\/v2\/product_brand?post=637"},{"taxonomy":"product_cat","embeddable":true,"href":"https:\/\/www.safinel.fr\/es\/wp-json\/wp\/v2\/product_cat?post=637"},{"taxonomy":"product_tag","embeddable":true,"href":"https:\/\/www.safinel.fr\/es\/wp-json\/wp\/v2\/product_tag?post=637"}],"curies":[{"name":"wp","href":"https:\/\/api.w.org\/{rel}","templated":true}]}}