{"id":6313,"date":"2023-06-01T10:56:28","date_gmt":"2023-06-01T10:56:28","guid":{"rendered":"https:\/\/www.safinel.fr\/?post_type=product&#038;p=6313"},"modified":"2023-12-28T17:16:03","modified_gmt":"2023-12-28T17:16:03","slug":"incienso-boswellia-serrata","status":"publish","type":"product","link":"https:\/\/www.safinel.fr\/es\/product-2\/incienso-boswellia-serrata\/","title":{"rendered":"Boswellia Serrata (Incienso)"},"content":{"rendered":"<p>Le\u00a0<strong>Boswellia serrata<\/strong>, El incienso Serrata es una planta originaria de la India y el norte de \u00c1frica. Utilizada desde hace miles de a\u00f1os por sus propiedades medicinales, actualmente est\u00e1 ganando popularidad en todo el mundo. Descubra en este art\u00edculo las virtudes del polvo de boswelia serrata y el origen de esta planta excepcional.<\/p>\n<h2><strong>Carnet de Boswellia serrata<\/strong><\/h2>\n<p>Le\u00a0<strong>Boswellia serrata<\/strong>\u00a0Pertenece a la familia de las burser\u00e1ceas y crece principalmente en las regiones monta\u00f1osas y secas de la India, as\u00ed como en el norte de \u00c1frica. A menudo se compara con <a href=\"https:\/\/www.safinel.fr\/es\/product-2\/oliban-louban-dakar\/\"><strong>Ol\u00edbano<\/strong><\/a> o incienso, que procede del \u00e1rbol Boswellia sacra. Tienen muchas similitudes, pero difieren en su composici\u00f3n qu\u00edmica y usos tradicionales.<\/p>\n<p>La parte m\u00e1s interesante de la Boswellia serrata es su resina. Recolectada desde la antig\u00fcedad, posee virtudes excepcionales reconocidas por diversas medicinas tradicionales. Hoy en d\u00eda, esta preciosa sustancia puede encontrarse en forma de complementos alimenticios, extractos o polvo.<\/p>\n<h2><strong>Investigaci\u00f3n sobre los beneficios de la Boswellia serrata<\/strong><\/h2>\n<ul>\n<li><strong>Antiinflamatorio natural<\/strong><\/li>\n<\/ul>\n<p>Numerosos estudios cient\u00edficos han demostrado los efectos antiinflamatorios del\u00a0<strong>Boswellia serrata<\/strong>. Contiene \u00e1cidos bosw\u00e9licos, entre ellos el 3-O-acetil-11-ceto-beta-\u00e1cido bosw\u00e9lico (AKBA), que inhiben la producci\u00f3n de ciertas mol\u00e9culas proinflamatorias.<\/p>\n<p>Esto convierte a la resina de Boswellia serrata en un aliado inestimable para aliviar los dolores articulares y musculares, as\u00ed como ciertos trastornos inflamatorios cr\u00f3nicos.<\/p>\n<ul>\n<li><strong>Apoyo al sistema respiratorio<\/strong><\/li>\n<\/ul>\n<p>La medicina ayurv\u00e9dica india tiene una larga historia de uso de\u00a0<strong>Boswellia serrata<\/strong>\u00a0para tratar problemas respiratorios como el asma, la bronquitis y la tos.<\/p>\n<p>Estudios recientes respaldan este uso tradicional al demostrar que los extractos de Boswellia serrata pueden tener un efecto relajante sobre las v\u00edas respiratorias y reducir la frecuencia de los ataques de asma.<\/p>\n<ul>\n<li><strong>Mejorar la salud digestiva<\/strong><\/li>\n<\/ul>\n<p>Las propiedades antiinflamatorias de la resina de Boswellia serrata tambi\u00e9n se extienden al sistema digestivo.<\/p>\n<p>De hecho, algunos estudios han demostrado una mejora de la funci\u00f3n intestinal y una reducci\u00f3n de los s\u00edntomas en personas que padecen enfermedades intestinales inflamatorias cr\u00f3nicas, como la enfermedad de Crohn o la colitis ulcerosa.<\/p>\n<h2><strong>Utilizaci\u00f3n del polvo de Boswellia serrata<\/strong><\/h2>\n<p>La\u00a0<strong>boswelia serrata polvo<\/strong>\u00a0se obtiene a partir de resina dura y seca. Esta forma es pr\u00e1ctica porque permite ajustar f\u00e1cilmente la cantidad consumida en funci\u00f3n de las necesidades individuales.<\/p>\n<p><strong>He aqu\u00ed algunos consejos para utilizar el polvo de boswelia serrata a diario:<\/strong><\/p>\n<ul>\n<li>Mezclar media cucharadita de polvo en un vaso de agua, dos veces al d\u00eda antes de las comidas. Esta dosis puede ajustarse seg\u00fan las recomendaciones de un profesional sanitario.<\/li>\n<li>Incorpore el polvo a preparaciones culinarias como batidos, zumos de fruta, sopas o salsas.<\/li>\n<li>El polvo de Boswellia serrata tambi\u00e9n puede utilizarse para hacer infusiones, poniendo en infusi\u00f3n una cucharadita de polvo en una taza de agua caliente durante 10 minutos.<\/li>\n<\/ul>\n<p><strong>Tenga en cuenta lo siguiente:<\/strong>\u00a0Los complementos alimenticios a base de Boswellia serrata deben tomarse siempre bajo la supervisi\u00f3n de un profesional de la salud. Pueden existir ciertas contraindicaciones.<\/p>\n<h3><strong>Almacenamiento y compra de polvo de boswelia serrata<\/strong><\/h3>\n<p>Para disfrutar de todas las ventajas de\u00a0<strong>boswelia serrata polvo<\/strong>, Es importante guardarlo en un lugar fresco y seco, alejado de la luz. Adem\u00e1s, aseg\u00farate de elegir un polvo producido de forma responsable y respetuosa con el medio ambiente y las poblaciones locales.<\/p>\n<p>Al comprar boswelia serrata en polvo, preste especial atenci\u00f3n a la calidad del producto. Aseg\u00farese de que el polvo sea 100% puro, sin excipientes ni conservantes a\u00f1adidos, y que se haya extra\u00eddo mediante procesos suaves que preserven los principios activos de la resina. Si es posible, opte por un producto ecol\u00f3gico certificado.<\/p>\n<p>La Boswellia serrata, con su preciosa resina y sus numerosas virtudes, merece ser reconocida como un verdadero tesoro vegetal. El uso de\u00a0<strong>boswelia serrata polvo<\/strong>\u00a0puede proporcionar una ayuda natural eficaz en el tratamiento de diversos problemas de salud, como inflamaciones y trastornos respiratorios y digestivos. No dude en consultar a un profesional de la salud para que le ayude a incorporar esta planta milenaria a su rutina de bienestar.<\/p>","protected":false},"excerpt":{"rendered":"<p><strong>Modo de empleo :\u00a0<\/strong><\/p>\n<ul>\n<li>Mezclar media cucharadita de polvo en un vaso de agua, dos veces al d\u00eda antes de las comidas. Esta dosis puede ajustarse seg\u00fan las recomendaciones de un profesional sanitario.<\/li>\n<li>Incorpore el polvo a preparaciones culinarias como batidos, zumos de fruta, sopas o salsas.<\/li>\n<li>El polvo de Boswellia serrata tambi\u00e9n puede utilizarse para hacer infusiones, poniendo en infusi\u00f3n una cucharadita de polvo en una taza de agua caliente durante 10 minutos.<\/li>\n<\/ul>\n<p><strong>Tenga en cuenta lo siguiente:<\/strong>\u00a0Los complementos alimenticios a base de Boswellia serrata deben tomarse siempre bajo la supervisi\u00f3n de un profesional de la salud, ya que pueden existir ciertas contraindicaciones.<\/p>\n<p><img decoding=\"async\" class=\"size-full wp-image-5091 aligncenter\" src=\"https:\/\/www.safinel.fr\/wp-content\/uploads\/2021\/06\/BANNIERE-ICONE-SAFINEL.webp\" alt=\"reaseguro de sat\u00e9n\" width=\"800\" height=\"200\" srcset=\"https:\/\/www.safinel.fr\/wp-content\/uploads\/2021\/06\/BANNIERE-ICONE-SAFINEL.webp 800w, https:\/\/www.safinel.fr\/wp-content\/uploads\/2021\/06\/BANNIERE-ICONE-SAFINEL-600x150.webp 600w, https:\/\/www.safinel.fr\/wp-content\/uploads\/2021\/06\/BANNIERE-ICONE-SAFINEL-768x192.webp 768w\" sizes=\"(max-width: 800px) 100vw, 800px\" \/><\/p>\n<p>&nbsp;<\/p>","protected":false},"featured_media":6314,"template":"","meta":[],"product_brand":[],"product_cat":[20],"product_tag":[],"class_list":{"0":"post-6313","1":"product","2":"type-product","3":"status-publish","4":"has-post-thumbnail","6":"product_cat-gelules","8":"first","9":"outofstock","10":"shipping-taxable","11":"purchasable","12":"product-type-variable"},"yoast_head":"<!-- This site is optimized with the Yoast SEO plugin v26.6 - https:\/\/yoast.com\/wordpress\/plugins\/seo\/ -->\n<title>Boswellia Serrata I Poudres &amp; g\u00e9lules I Bienfaits et utilisations<\/title>\n<meta name=\"description\" content=\"Le Boswellia Serrata, connu aussi comme l&#039;encens indien, offre de nombreux bienfaits pour la sant\u00e9. Achetez le rapidement sur Safinel.fr !\" \/>\n<meta name=\"robots\" content=\"index, follow, max-snippet:-1, max-image-preview:large, max-video-preview:-1\" \/>\n<link rel=\"canonical\" href=\"https:\/\/www.safinel.fr\/es\/product-2\/incienso-boswellia-serrata\/\" \/>\n<meta property=\"og:locale\" content=\"es_ES\" \/>\n<meta property=\"og:type\" content=\"article\" \/>\n<meta property=\"og:title\" content=\"Boswellia Serrata I Poudres &amp; g\u00e9lules I Bienfaits et utilisations\" \/>\n<meta property=\"og:description\" content=\"Le Boswellia Serrata, connu aussi comme l&#039;encens indien, offre de nombreux bienfaits pour la sant\u00e9. Achetez le rapidement sur Safinel.fr !\" \/>\n<meta property=\"og:url\" content=\"https:\/\/www.safinel.fr\/es\/product-2\/incienso-boswellia-serrata\/\" \/>\n<meta property=\"og:site_name\" content=\"Safinel\" \/>\n<meta property=\"article:modified_time\" content=\"2023-12-28T17:16:03+00:00\" \/>\n<meta property=\"og:image\" content=\"https:\/\/www.safinel.fr\/wp-content\/uploads\/2023\/06\/gelules-de-boswelia-serrata.jpg\" \/>\n\t<meta property=\"og:image:width\" content=\"600\" \/>\n\t<meta property=\"og:image:height\" content=\"600\" \/>\n\t<meta property=\"og:image:type\" content=\"image\/jpeg\" \/>\n<meta name=\"twitter:card\" content=\"summary_large_image\" \/>\n<meta name=\"twitter:label1\" content=\"Tiempo de lectura\" \/>\n\t<meta name=\"twitter:data1\" content=\"4 minutos\" \/>\n<script type=\"application\/ld+json\" class=\"yoast-schema-graph\">{\"@context\":\"https:\/\/schema.org\",\"@graph\":[{\"@type\":\"WebPage\",\"@id\":\"https:\/\/www.safinel.fr\/produit\/boswellia-serrata-encens\/\",\"url\":\"https:\/\/www.safinel.fr\/produit\/boswellia-serrata-encens\/\",\"name\":\"Boswellia Serrata I Poudres & g\u00e9lules I Bienfaits et utilisations\",\"isPartOf\":{\"@id\":\"https:\/\/www.safinel.fr\/#website\"},\"primaryImageOfPage\":{\"@id\":\"https:\/\/www.safinel.fr\/produit\/boswellia-serrata-encens\/#primaryimage\"},\"image\":{\"@id\":\"https:\/\/www.safinel.fr\/produit\/boswellia-serrata-encens\/#primaryimage\"},\"thumbnailUrl\":\"https:\/\/www.safinel.fr\/wp-content\/uploads\/2023\/06\/gelules-de-boswelia-serrata.jpg\",\"datePublished\":\"2023-06-01T10:56:28+00:00\",\"dateModified\":\"2023-12-28T17:16:03+00:00\",\"description\":\"Le Boswellia Serrata, connu aussi comme l'encens indien, offre de nombreux bienfaits pour la sant\u00e9. Achetez le rapidement sur Safinel.fr !\",\"breadcrumb\":{\"@id\":\"https:\/\/www.safinel.fr\/produit\/boswellia-serrata-encens\/#breadcrumb\"},\"inLanguage\":\"es\",\"potentialAction\":[{\"@type\":\"ReadAction\",\"target\":[\"https:\/\/www.safinel.fr\/produit\/boswellia-serrata-encens\/\"]}]},{\"@type\":\"ImageObject\",\"inLanguage\":\"es\",\"@id\":\"https:\/\/www.safinel.fr\/produit\/boswellia-serrata-encens\/#primaryimage\",\"url\":\"https:\/\/www.safinel.fr\/wp-content\/uploads\/2023\/06\/gelules-de-boswelia-serrata.jpg\",\"contentUrl\":\"https:\/\/www.safinel.fr\/wp-content\/uploads\/2023\/06\/gelules-de-boswelia-serrata.jpg\",\"width\":600,\"height\":600,\"caption\":\"g\u00e9lules de boswelia serrata\"},{\"@type\":\"BreadcrumbList\",\"@id\":\"https:\/\/www.safinel.fr\/produit\/boswellia-serrata-encens\/#breadcrumb\",\"itemListElement\":[{\"@type\":\"ListItem\",\"position\":1,\"name\":\"Accueil\",\"item\":\"https:\/\/www.safinel.fr\/\"},{\"@type\":\"ListItem\",\"position\":2,\"name\":\"Boutique\",\"item\":\"https:\/\/www.safinel.fr\/boutique\/\"},{\"@type\":\"ListItem\",\"position\":3,\"name\":\"Boswellia Serrata (Encens)\"}]},{\"@type\":\"WebSite\",\"@id\":\"https:\/\/www.safinel.fr\/#website\",\"url\":\"https:\/\/www.safinel.fr\/\",\"name\":\"Safinel\",\"description\":\"\",\"publisher\":{\"@id\":\"https:\/\/www.safinel.fr\/#organization\"},\"potentialAction\":[{\"@type\":\"SearchAction\",\"target\":{\"@type\":\"EntryPoint\",\"urlTemplate\":\"https:\/\/www.safinel.fr\/?s={search_term_string}\"},\"query-input\":{\"@type\":\"PropertyValueSpecification\",\"valueRequired\":true,\"valueName\":\"search_term_string\"}}],\"inLanguage\":\"es\"},{\"@type\":\"Organization\",\"@id\":\"https:\/\/www.safinel.fr\/#organization\",\"name\":\"Safinel\",\"url\":\"https:\/\/www.safinel.fr\/\",\"logo\":{\"@type\":\"ImageObject\",\"inLanguage\":\"es\",\"@id\":\"https:\/\/www.safinel.fr\/#\/schema\/logo\/image\/\",\"url\":\"https:\/\/www.safinel.fr\/wp-content\/uploads\/2021\/05\/boutique-cosmetique.png\",\"contentUrl\":\"https:\/\/www.safinel.fr\/wp-content\/uploads\/2021\/05\/boutique-cosmetique.png\",\"width\":800,\"height\":200,\"caption\":\"Safinel\"},\"image\":{\"@id\":\"https:\/\/www.safinel.fr\/#\/schema\/logo\/image\/\"}}]}<\/script>\n<!-- \/ Yoast SEO plugin. -->","yoast_head_json":{"title":"Boswellia Serrata I Polvos y c\u00e1psulas I Beneficios y usos","description":"La Boswellia Serrata, tambi\u00e9n conocida como incienso indio, tiene muchos beneficios para la salud. \u00a1C\u00f3mprelo r\u00e1pidamente en Safinel.es!","robots":{"index":"index","follow":"follow","max-snippet":"max-snippet:-1","max-image-preview":"max-image-preview:large","max-video-preview":"max-video-preview:-1"},"canonical":"https:\/\/www.safinel.fr\/es\/product-2\/incienso-boswellia-serrata\/","og_locale":"es_ES","og_type":"article","og_title":"Boswellia Serrata I Poudres & g\u00e9lules I Bienfaits et utilisations","og_description":"Le Boswellia Serrata, connu aussi comme l'encens indien, offre de nombreux bienfaits pour la sant\u00e9. Achetez le rapidement sur Safinel.fr !","og_url":"https:\/\/www.safinel.fr\/es\/product-2\/incienso-boswellia-serrata\/","og_site_name":"Safinel","article_modified_time":"2023-12-28T17:16:03+00:00","og_image":[{"width":600,"height":600,"url":"https:\/\/www.safinel.fr\/wp-content\/uploads\/2023\/06\/gelules-de-boswelia-serrata.jpg","type":"image\/jpeg"}],"twitter_card":"summary_large_image","twitter_misc":{"Tiempo de lectura":"4 minutos"},"schema":{"@context":"https:\/\/schema.org","@graph":[{"@type":"WebPage","@id":"https:\/\/www.safinel.fr\/produit\/boswellia-serrata-encens\/","url":"https:\/\/www.safinel.fr\/produit\/boswellia-serrata-encens\/","name":"Boswellia Serrata I Polvos y c\u00e1psulas I Beneficios y usos","isPartOf":{"@id":"https:\/\/www.safinel.fr\/#website"},"primaryImageOfPage":{"@id":"https:\/\/www.safinel.fr\/produit\/boswellia-serrata-encens\/#primaryimage"},"image":{"@id":"https:\/\/www.safinel.fr\/produit\/boswellia-serrata-encens\/#primaryimage"},"thumbnailUrl":"https:\/\/www.safinel.fr\/wp-content\/uploads\/2023\/06\/gelules-de-boswelia-serrata.jpg","datePublished":"2023-06-01T10:56:28+00:00","dateModified":"2023-12-28T17:16:03+00:00","description":"La Boswellia Serrata, tambi\u00e9n conocida como incienso indio, tiene muchos beneficios para la salud. \u00a1C\u00f3mprelo r\u00e1pidamente en Safinel.es!","breadcrumb":{"@id":"https:\/\/www.safinel.fr\/produit\/boswellia-serrata-encens\/#breadcrumb"},"inLanguage":"es","potentialAction":[{"@type":"ReadAction","target":["https:\/\/www.safinel.fr\/produit\/boswellia-serrata-encens\/"]}]},{"@type":"ImageObject","inLanguage":"es","@id":"https:\/\/www.safinel.fr\/produit\/boswellia-serrata-encens\/#primaryimage","url":"https:\/\/www.safinel.fr\/wp-content\/uploads\/2023\/06\/gelules-de-boswelia-serrata.jpg","contentUrl":"https:\/\/www.safinel.fr\/wp-content\/uploads\/2023\/06\/gelules-de-boswelia-serrata.jpg","width":600,"height":600,"caption":"g\u00e9lules de boswelia serrata"},{"@type":"BreadcrumbList","@id":"https:\/\/www.safinel.fr\/produit\/boswellia-serrata-encens\/#breadcrumb","itemListElement":[{"@type":"ListItem","position":1,"name":"Accueil","item":"https:\/\/www.safinel.fr\/"},{"@type":"ListItem","position":2,"name":"Boutique","item":"https:\/\/www.safinel.fr\/boutique\/"},{"@type":"ListItem","position":3,"name":"Boswellia Serrata (Encens)"}]},{"@type":"WebSite","@id":"https:\/\/www.safinel.fr\/#website","url":"https:\/\/www.safinel.fr\/","name":"Safinel","description":"","publisher":{"@id":"https:\/\/www.safinel.fr\/#organization"},"potentialAction":[{"@type":"SearchAction","target":{"@type":"EntryPoint","urlTemplate":"https:\/\/www.safinel.fr\/?s={search_term_string}"},"query-input":{"@type":"PropertyValueSpecification","valueRequired":true,"valueName":"search_term_string"}}],"inLanguage":"es"},{"@type":"Organization","@id":"https:\/\/www.safinel.fr\/#organization","name":"Safinel","url":"https:\/\/www.safinel.fr\/","logo":{"@type":"ImageObject","inLanguage":"es","@id":"https:\/\/www.safinel.fr\/#\/schema\/logo\/image\/","url":"https:\/\/www.safinel.fr\/wp-content\/uploads\/2021\/05\/boutique-cosmetique.png","contentUrl":"https:\/\/www.safinel.fr\/wp-content\/uploads\/2021\/05\/boutique-cosmetique.png","width":800,"height":200,"caption":"Safinel"},"image":{"@id":"https:\/\/www.safinel.fr\/#\/schema\/logo\/image\/"}}]}},"_links":{"self":[{"href":"https:\/\/www.safinel.fr\/es\/wp-json\/wp\/v2\/product\/6313","targetHints":{"allow":["GET"]}}],"collection":[{"href":"https:\/\/www.safinel.fr\/es\/wp-json\/wp\/v2\/product"}],"about":[{"href":"https:\/\/www.safinel.fr\/es\/wp-json\/wp\/v2\/types\/product"}],"wp:featuredmedia":[{"embeddable":true,"href":"https:\/\/www.safinel.fr\/es\/wp-json\/wp\/v2\/media\/6314"}],"wp:attachment":[{"href":"https:\/\/www.safinel.fr\/es\/wp-json\/wp\/v2\/media?parent=6313"}],"wp:term":[{"taxonomy":"product_brand","embeddable":true,"href":"https:\/\/www.safinel.fr\/es\/wp-json\/wp\/v2\/product_brand?post=6313"},{"taxonomy":"product_cat","embeddable":true,"href":"https:\/\/www.safinel.fr\/es\/wp-json\/wp\/v2\/product_cat?post=6313"},{"taxonomy":"product_tag","embeddable":true,"href":"https:\/\/www.safinel.fr\/es\/wp-json\/wp\/v2\/product_tag?post=6313"}],"curies":[{"name":"wp","href":"https:\/\/api.w.org\/{rel}","templated":true}]}}