{"id":6251,"date":"2023-05-28T21:02:33","date_gmt":"2023-05-28T21:02:33","guid":{"rendered":"https:\/\/www.safinel.fr\/?post_type=product&#038;p=6251"},"modified":"2025-10-14T13:56:38","modified_gmt":"2025-10-14T13:56:38","slug":"hojas-de-boniato","status":"publish","type":"product","link":"https:\/\/www.safinel.fr\/es\/product-2\/hojas-de-boniato\/","title":{"rendered":"Hojas de boniato"},"content":{"rendered":"<p>Todos estamos familiarizados con el boniato en la cocina, pero \u00bfsab\u00edas que sus hojas tambi\u00e9n son comestibles y est\u00e1n llenas de virtudes? \u00a1Atentos! Ahora mismo te lo contamos todo sobre ellas.\u00a0<strong>hojas de boniato,<\/strong>\u00a0sus ventajas y usos<\/p>\n<h2><strong>Te presentamos las hojas de boniato.<\/strong><\/h2>\n<p>En primer lugar, es bueno saber que, a diferencia de las hojas de patata tradicionales, que son t\u00f3xicas para el organismo, las hojas de las plantas de boniato y sus tallos son completamente comestibles.<\/p>\n<p>De hecho, las hojas de boniato se consideran\u00a0<strong>verduras de hoja<\/strong>\u00a0y se consumen mucho en los tr\u00f3picos.<\/p>\n<p>Se encuentran en la cocina en\u00a0<strong>regi\u00f3n subsahariana<\/strong>\u00a0(Guinea, Congo, Mal\u00ed, Madagascar...). Pero tambi\u00e9n en el\u00a0<strong>Cocina asi\u00e1tica<\/strong>\u00a0(China, Corea, Filipinas...) en diversos platos.<\/p>\n<p>En el Congo, por ejemplo, se preparan en forma de una salsa de hojas llamada \u00ab\u00a0<strong>matembel\u00e9<\/strong>\u00a0\u00bben Lingala.<\/p>\n<p>Por \u00faltimo, en cuanto a la consistencia de estas hojas, son\u00a0<strong>ligeramente gelatinoso todo<\/strong>\u00a0permaneciendo\u00a0<strong>fusi\u00f3n<\/strong>\u00a0y\u00a0<strong>ligeramente crujiente<\/strong>. Sabrosas, son muy f\u00e1ciles de cocinar, como las hojas de espinaca.<\/p>\n<p>Su color var\u00eda del verde oscuro al p\u00farpura y el violeta.<\/p>\n<h2><strong>Beneficios para la salud<\/strong><\/h2>\n<p>Las hojas de boniato est\u00e1n llenas de recursos para el organismo.<\/p>\n<p>Son m\u00e1s ricos en\u00a0<strong>beta-caroteno<\/strong>,\u00a0<strong>prote\u00ednas<\/strong>,\u00a0<strong>f\u00f3sforo<\/strong>,\u00a0<strong>hierro\u00a0<\/strong>y\u00a0<strong>vitamina C<\/strong>\u00a0que las hojas de espinaca y son\u00a0<strong>muy bajo en calor\u00edas<\/strong>.<\/p>\n<p>Tambi\u00e9n son\u00a0<strong>alto contenido en fibra<\/strong>\u00a0y en\u00a0<strong>compuestos fen\u00f3licos<\/strong>\u00a0y tambi\u00e9n contienen\u00a0<strong>antocianinas<\/strong>.<\/p>\n<p>Adem\u00e1s, esta verdura de hoja verde es un excelente\u00a0<strong>una enorme fuente de vitamina A.\u00a0<\/strong>Cuanto m\u00e1s oscuro es el color de las hojas, m\u00e1s ricas son en vitamina A. Su composici\u00f3n la convierte en una de las hortalizas m\u00e1s nutritivas.\u00a0<strong>rico en antioxidantes<\/strong>\u00a0presente en Asia (seg\u00fan la FAO).<\/p>\n<p>Por \u00faltimo, esta planta es una gran fuente de\u00a0<strong>vitamina B2<\/strong>,\u00a0<strong>vitamina C\u00a0<\/strong>y\u00a0<strong>sales minerales<\/strong>.<\/p>\n<h2><strong>Entre las propiedades de las hojas de boniato:<\/strong><\/h2>\n<ul>\n<li>Ayudan a\u00a0<strong>prevenir las enfermedades cardiovasculares<\/strong>.<\/li>\n<\/ul>\n<ul>\n<li>Pero tambi\u00e9n a\u00a0<strong>prevenir las mutaciones celulares<\/strong>\u00a0y el\u00a0<strong>crecimiento de c\u00e9lulas cancerosas<\/strong>\u00a0impidi\u00e9ndolas.<\/li>\n<\/ul>\n<ul>\n<li>Las hojas de boniato tambi\u00e9n se utilizan en\u00a0<strong>medicina tradicional<\/strong>. En Ghana, por ejemplo, las tribus akan utilizaban esta planta para combatir\u00a0<strong>diabetes tipo 2<\/strong>. En Brasil, se utilizaban para tratar\u00a0<strong>afecciones infecciosas o inflamatorias de la boca y la garganta<\/strong>.<\/li>\n<\/ul>\n<ul>\n<li>En\u00a0<strong>principios activos<\/strong>\u00a0hojas se obtienen de forma concentrada mediante\u00a0<strong>decocci\u00f3n<\/strong>. Este proceso, que extrae los principios activos de la planta, produce una mezcla activa. Esta mezcla se\u00a0<strong><a href=\"https:\/\/www.safinel.fr\/es\/product-2\/crema-bazooka\/\">afrodis\u00edaco<\/a>, energizante, laxante, astringente, suavizante, bactericida y fungicida.<\/strong><\/li>\n<\/ul>\n<h3><strong>\u00bfC\u00f3mo se pueden utilizar las hojas de boniato en la cocina?<\/strong><\/h3>\n<p>Estas hojas pueden comerse tanto crudas como cocidas, por lo que hay muchas formas de prepararlas.<\/p>\n<p>En primer lugar, puede\u00a0<strong>cocinarlas como espinacas<\/strong>\u00a0como acompa\u00f1amiento de arroz y carne o pescado, o en tortilla o quiche, o en guisos y sopas. Tambi\u00e9n puede cocinarlas siguiendo una receta de\u00a0<strong>matembel\u00e9<\/strong>\u00a0o fre\u00edrlos en la sart\u00e9n, a\u00f1adirlos a un relleno, etc.<\/p>\n<p>Por \u00faltimo, puede a\u00f1adir las hojas a su\u00a0<strong>ensaladas\u00a0<\/strong>o integrarlos en su\u00a0<strong>zumos y batidos<\/strong>. Las hojas de boniato son un\u00a0<strong>muy buen alimento para las mujeres embarazadas y lactantes, as\u00ed como para los beb\u00e9s<\/strong>\u00a0!<\/p>\n<p>Por \u00faltimo, ricas en componentes beneficiosos y antioxidantes, las hojas son tambi\u00e9n muy interesantes para la\u00a0<strong>belleza y salud para la piel y el cabello<\/strong>\u00a0!<\/p>","protected":false},"excerpt":{"rendered":"<p><strong>Algunas ventajas:\u00a0<\/strong><\/p>\n<ul>\n<li>Ayudan a\u00a0<strong>prevenir las enfermedades cardiovasculares<\/strong>.<\/li>\n<li>Pero tambi\u00e9n a\u00a0<strong>prevenir las mutaciones celulares<\/strong>\u00a0y el\u00a0<strong>crecimiento de c\u00e9lulas cancerosas<\/strong>\u00a0impidi\u00e9ndolas.<\/li>\n<li>Las hojas de boniato tambi\u00e9n se utilizan en\u00a0<strong>medicina tradicional<\/strong>. En Ghana, por ejemplo, las tribus akan utilizaban esta planta para combatir\u00a0<strong>diabetes tipo 2<\/strong>. En Brasil, se utilizaban para tratar\u00a0<strong>afecciones infecciosas o inflamatorias de la boca y la garganta<\/strong>.<\/li>\n<\/ul>\n<p><img decoding=\"async\" class=\"size-full wp-image-5091 aligncenter\" src=\"https:\/\/www.safinel.fr\/wp-content\/uploads\/2021\/06\/BANNIERE-ICONE-SAFINEL.webp\" alt=\"reaseguro de sat\u00e9n\" width=\"800\" height=\"200\" srcset=\"https:\/\/www.safinel.fr\/wp-content\/uploads\/2021\/06\/BANNIERE-ICONE-SAFINEL.webp 800w, https:\/\/www.safinel.fr\/wp-content\/uploads\/2021\/06\/BANNIERE-ICONE-SAFINEL-600x150.webp 600w, https:\/\/www.safinel.fr\/wp-content\/uploads\/2021\/06\/BANNIERE-ICONE-SAFINEL-768x192.webp 768w\" sizes=\"(max-width: 800px) 100vw, 800px\" \/><\/p>","protected":false},"featured_media":6252,"template":"","meta":[],"product_brand":[],"product_cat":[150],"product_tag":[],"class_list":{"0":"post-6251","1":"product","2":"type-product","3":"status-publish","4":"has-post-thumbnail","6":"product_cat-legume-africain","8":"first","9":"instock","10":"shipping-taxable","11":"purchasable","12":"product-type-variable"},"yoast_head":"<!-- This site is optimized with the Yoast SEO plugin v26.6 - https:\/\/yoast.com\/wordpress\/plugins\/seo\/ -->\n<title>Feuilles de patate douce I Achat, Utilisation et bienfaits<\/title>\n<meta name=\"description\" content=\"Ici, notre \u00e9quipe vous en dit tout de suite plus sur les\u00a0feuilles de patate douce,\u00a0leurs bienfaits et leurs utilisations !\" \/>\n<meta name=\"robots\" content=\"index, follow, max-snippet:-1, max-image-preview:large, max-video-preview:-1\" \/>\n<link rel=\"canonical\" href=\"https:\/\/www.safinel.fr\/es\/product-2\/hojas-de-boniato\/\" \/>\n<meta property=\"og:locale\" content=\"es_ES\" \/>\n<meta property=\"og:type\" content=\"article\" \/>\n<meta property=\"og:title\" content=\"Feuilles de patate douce I Achat, Utilisation et bienfaits\" \/>\n<meta property=\"og:description\" content=\"Ici, notre \u00e9quipe vous en dit tout de suite plus sur les\u00a0feuilles de patate douce,\u00a0leurs bienfaits et leurs utilisations !\" \/>\n<meta property=\"og:url\" content=\"https:\/\/www.safinel.fr\/es\/product-2\/hojas-de-boniato\/\" \/>\n<meta property=\"og:site_name\" content=\"Safinel\" \/>\n<meta property=\"article:modified_time\" content=\"2025-10-14T13:56:38+00:00\" \/>\n<meta property=\"og:image\" content=\"https:\/\/www.safinel.fr\/wp-content\/uploads\/2023\/05\/patate-douce-site.jpg\" \/>\n\t<meta property=\"og:image:width\" content=\"600\" \/>\n\t<meta property=\"og:image:height\" content=\"600\" \/>\n\t<meta property=\"og:image:type\" content=\"image\/jpeg\" \/>\n<meta name=\"twitter:card\" content=\"summary_large_image\" \/>\n<meta name=\"twitter:label1\" content=\"Tiempo de lectura\" \/>\n\t<meta name=\"twitter:data1\" content=\"3 minutos\" \/>\n<script type=\"application\/ld+json\" class=\"yoast-schema-graph\">{\"@context\":\"https:\/\/schema.org\",\"@graph\":[{\"@type\":\"WebPage\",\"@id\":\"https:\/\/www.safinel.fr\/produit\/feuilles-de-patate-douce\/\",\"url\":\"https:\/\/www.safinel.fr\/produit\/feuilles-de-patate-douce\/\",\"name\":\"Feuilles de patate douce I Achat, Utilisation et bienfaits\",\"isPartOf\":{\"@id\":\"https:\/\/www.safinel.fr\/#website\"},\"primaryImageOfPage\":{\"@id\":\"https:\/\/www.safinel.fr\/produit\/feuilles-de-patate-douce\/#primaryimage\"},\"image\":{\"@id\":\"https:\/\/www.safinel.fr\/produit\/feuilles-de-patate-douce\/#primaryimage\"},\"thumbnailUrl\":\"https:\/\/www.safinel.fr\/wp-content\/uploads\/2023\/05\/patate-douce-site.jpg\",\"datePublished\":\"2023-05-28T21:02:33+00:00\",\"dateModified\":\"2025-10-14T13:56:38+00:00\",\"description\":\"Ici, notre \u00e9quipe vous en dit tout de suite plus sur les\u00a0feuilles de patate douce,\u00a0leurs bienfaits et leurs utilisations !\",\"breadcrumb\":{\"@id\":\"https:\/\/www.safinel.fr\/produit\/feuilles-de-patate-douce\/#breadcrumb\"},\"inLanguage\":\"es\",\"potentialAction\":[{\"@type\":\"ReadAction\",\"target\":[\"https:\/\/www.safinel.fr\/produit\/feuilles-de-patate-douce\/\"]}]},{\"@type\":\"ImageObject\",\"inLanguage\":\"es\",\"@id\":\"https:\/\/www.safinel.fr\/produit\/feuilles-de-patate-douce\/#primaryimage\",\"url\":\"https:\/\/www.safinel.fr\/wp-content\/uploads\/2023\/05\/patate-douce-site.jpg\",\"contentUrl\":\"https:\/\/www.safinel.fr\/wp-content\/uploads\/2023\/05\/patate-douce-site.jpg\",\"width\":600,\"height\":600,\"caption\":\"Feuilles de patate douce\"},{\"@type\":\"BreadcrumbList\",\"@id\":\"https:\/\/www.safinel.fr\/produit\/feuilles-de-patate-douce\/#breadcrumb\",\"itemListElement\":[{\"@type\":\"ListItem\",\"position\":1,\"name\":\"Accueil\",\"item\":\"https:\/\/www.safinel.fr\/\"},{\"@type\":\"ListItem\",\"position\":2,\"name\":\"Boutique\",\"item\":\"https:\/\/www.safinel.fr\/boutique\/\"},{\"@type\":\"ListItem\",\"position\":3,\"name\":\"Feuilles de patate douce\"}]},{\"@type\":\"WebSite\",\"@id\":\"https:\/\/www.safinel.fr\/#website\",\"url\":\"https:\/\/www.safinel.fr\/\",\"name\":\"Safinel\",\"description\":\"\",\"publisher\":{\"@id\":\"https:\/\/www.safinel.fr\/#organization\"},\"potentialAction\":[{\"@type\":\"SearchAction\",\"target\":{\"@type\":\"EntryPoint\",\"urlTemplate\":\"https:\/\/www.safinel.fr\/?s={search_term_string}\"},\"query-input\":{\"@type\":\"PropertyValueSpecification\",\"valueRequired\":true,\"valueName\":\"search_term_string\"}}],\"inLanguage\":\"es\"},{\"@type\":\"Organization\",\"@id\":\"https:\/\/www.safinel.fr\/#organization\",\"name\":\"Safinel\",\"url\":\"https:\/\/www.safinel.fr\/\",\"logo\":{\"@type\":\"ImageObject\",\"inLanguage\":\"es\",\"@id\":\"https:\/\/www.safinel.fr\/#\/schema\/logo\/image\/\",\"url\":\"https:\/\/www.safinel.fr\/wp-content\/uploads\/2021\/05\/boutique-cosmetique.png\",\"contentUrl\":\"https:\/\/www.safinel.fr\/wp-content\/uploads\/2021\/05\/boutique-cosmetique.png\",\"width\":800,\"height\":200,\"caption\":\"Safinel\"},\"image\":{\"@id\":\"https:\/\/www.safinel.fr\/#\/schema\/logo\/image\/\"}}]}<\/script>\n<!-- \/ Yoast SEO plugin. -->","yoast_head_json":{"title":"Hojas de boniato I C\u00f3mo comprar, uso y beneficios","description":"Aqu\u00ed, nuestro equipo le cuenta todo sobre las hojas de boniato, sus beneficios y sus usos.","robots":{"index":"index","follow":"follow","max-snippet":"max-snippet:-1","max-image-preview":"max-image-preview:large","max-video-preview":"max-video-preview:-1"},"canonical":"https:\/\/www.safinel.fr\/es\/product-2\/hojas-de-boniato\/","og_locale":"es_ES","og_type":"article","og_title":"Feuilles de patate douce I Achat, Utilisation et bienfaits","og_description":"Ici, notre \u00e9quipe vous en dit tout de suite plus sur les\u00a0feuilles de patate douce,\u00a0leurs bienfaits et leurs utilisations !","og_url":"https:\/\/www.safinel.fr\/es\/product-2\/hojas-de-boniato\/","og_site_name":"Safinel","article_modified_time":"2025-10-14T13:56:38+00:00","og_image":[{"width":600,"height":600,"url":"https:\/\/www.safinel.fr\/wp-content\/uploads\/2023\/05\/patate-douce-site.jpg","type":"image\/jpeg"}],"twitter_card":"summary_large_image","twitter_misc":{"Tiempo de lectura":"3 minutos"},"schema":{"@context":"https:\/\/schema.org","@graph":[{"@type":"WebPage","@id":"https:\/\/www.safinel.fr\/produit\/feuilles-de-patate-douce\/","url":"https:\/\/www.safinel.fr\/produit\/feuilles-de-patate-douce\/","name":"Hojas de boniato I C\u00f3mo comprar, uso y beneficios","isPartOf":{"@id":"https:\/\/www.safinel.fr\/#website"},"primaryImageOfPage":{"@id":"https:\/\/www.safinel.fr\/produit\/feuilles-de-patate-douce\/#primaryimage"},"image":{"@id":"https:\/\/www.safinel.fr\/produit\/feuilles-de-patate-douce\/#primaryimage"},"thumbnailUrl":"https:\/\/www.safinel.fr\/wp-content\/uploads\/2023\/05\/patate-douce-site.jpg","datePublished":"2023-05-28T21:02:33+00:00","dateModified":"2025-10-14T13:56:38+00:00","description":"Aqu\u00ed, nuestro equipo le cuenta todo sobre las hojas de boniato, sus beneficios y sus usos.","breadcrumb":{"@id":"https:\/\/www.safinel.fr\/produit\/feuilles-de-patate-douce\/#breadcrumb"},"inLanguage":"es","potentialAction":[{"@type":"ReadAction","target":["https:\/\/www.safinel.fr\/produit\/feuilles-de-patate-douce\/"]}]},{"@type":"ImageObject","inLanguage":"es","@id":"https:\/\/www.safinel.fr\/produit\/feuilles-de-patate-douce\/#primaryimage","url":"https:\/\/www.safinel.fr\/wp-content\/uploads\/2023\/05\/patate-douce-site.jpg","contentUrl":"https:\/\/www.safinel.fr\/wp-content\/uploads\/2023\/05\/patate-douce-site.jpg","width":600,"height":600,"caption":"Feuilles de patate douce"},{"@type":"BreadcrumbList","@id":"https:\/\/www.safinel.fr\/produit\/feuilles-de-patate-douce\/#breadcrumb","itemListElement":[{"@type":"ListItem","position":1,"name":"Accueil","item":"https:\/\/www.safinel.fr\/"},{"@type":"ListItem","position":2,"name":"Boutique","item":"https:\/\/www.safinel.fr\/boutique\/"},{"@type":"ListItem","position":3,"name":"Feuilles de patate douce"}]},{"@type":"WebSite","@id":"https:\/\/www.safinel.fr\/#website","url":"https:\/\/www.safinel.fr\/","name":"Safinel","description":"","publisher":{"@id":"https:\/\/www.safinel.fr\/#organization"},"potentialAction":[{"@type":"SearchAction","target":{"@type":"EntryPoint","urlTemplate":"https:\/\/www.safinel.fr\/?s={search_term_string}"},"query-input":{"@type":"PropertyValueSpecification","valueRequired":true,"valueName":"search_term_string"}}],"inLanguage":"es"},{"@type":"Organization","@id":"https:\/\/www.safinel.fr\/#organization","name":"Safinel","url":"https:\/\/www.safinel.fr\/","logo":{"@type":"ImageObject","inLanguage":"es","@id":"https:\/\/www.safinel.fr\/#\/schema\/logo\/image\/","url":"https:\/\/www.safinel.fr\/wp-content\/uploads\/2021\/05\/boutique-cosmetique.png","contentUrl":"https:\/\/www.safinel.fr\/wp-content\/uploads\/2021\/05\/boutique-cosmetique.png","width":800,"height":200,"caption":"Safinel"},"image":{"@id":"https:\/\/www.safinel.fr\/#\/schema\/logo\/image\/"}}]}},"_links":{"self":[{"href":"https:\/\/www.safinel.fr\/es\/wp-json\/wp\/v2\/product\/6251","targetHints":{"allow":["GET"]}}],"collection":[{"href":"https:\/\/www.safinel.fr\/es\/wp-json\/wp\/v2\/product"}],"about":[{"href":"https:\/\/www.safinel.fr\/es\/wp-json\/wp\/v2\/types\/product"}],"wp:featuredmedia":[{"embeddable":true,"href":"https:\/\/www.safinel.fr\/es\/wp-json\/wp\/v2\/media\/6252"}],"wp:attachment":[{"href":"https:\/\/www.safinel.fr\/es\/wp-json\/wp\/v2\/media?parent=6251"}],"wp:term":[{"taxonomy":"product_brand","embeddable":true,"href":"https:\/\/www.safinel.fr\/es\/wp-json\/wp\/v2\/product_brand?post=6251"},{"taxonomy":"product_cat","embeddable":true,"href":"https:\/\/www.safinel.fr\/es\/wp-json\/wp\/v2\/product_cat?post=6251"},{"taxonomy":"product_tag","embeddable":true,"href":"https:\/\/www.safinel.fr\/es\/wp-json\/wp\/v2\/product_tag?post=6251"}],"curies":[{"name":"wp","href":"https:\/\/api.w.org\/{rel}","templated":true}]}}