{"id":621,"date":"2021-12-19T14:10:58","date_gmt":"2021-12-19T14:10:58","guid":{"rendered":"https:\/\/www.safinel.fr\/?post_type=product&#038;p=621"},"modified":"2024-03-30T18:16:50","modified_gmt":"2024-03-30T18:16:50","slug":"bolas-de-soumbala","status":"publish","type":"product","link":"https:\/\/www.safinel.fr\/es\/product-2\/bolas-de-soumbala\/","title":{"rendered":"Soumbala (Soumara)"},"content":{"rendered":"<p>En\u00a0<strong>bolas de soumbala<\/strong>, \u00bfO le suena el netetou? Se elaboran tradicionalmente con las semillas del \u00e1rbol N\u00e9r\u00e9. Muy utilizado en \u00c1frica Occidental, el <strong>semillas de soumbala<\/strong>\u00a0son muy ricos en prote\u00ednas.<\/p>\n<p>S\u00edganos mientras salimos a descubrirlos.<\/p>\n<h2><strong>\u00bfQu\u00e9 son las bolas soumbala?\u00a0<\/strong><\/h2>\n<p>Tambi\u00e9n conocido como<strong>\u00a0Mostaza africana<\/strong>, El soumbala goza de muy buena reputaci\u00f3n en las comunidades tradicionales de \u00c1frica Occidental. De hecho, es una parte esencial del\u00a0<strong>Cocina mandinga,<\/strong>\u00a0donde se utiliza para dar un excelente sabor a las comidas.<\/p>\n<p>Sin embargo, si crees que soumbala es un simple\u00a0<strong>especias<\/strong>, Pi\u00e9nsalo otra vez. Tambi\u00e9n tiene muchas propiedades y usos diferentes. As\u00ed que esta hierba arom\u00e1tica es mucho m\u00e1s de lo que parece.<\/p>\n<p>Vendidas en los mercados locales en forma de bolas, ahora las ofrecemos en nuestro sitio web Safinel. As\u00ed que no espere m\u00e1s y desc\u00fabralas por s\u00ed mismo.<\/p>\n<h3><strong>Las bolas Soumbala tienen un talento incre\u00edble\u00a0<\/strong><\/h3>\n<p>Nunca lo repetiremos lo suficiente: \u00a1lo natural es bueno para la salud! Visite\u00a0<strong>bolas de soumbala\u00a0<\/strong>est\u00e1n llenos de virtudes beneficiosas para nuestra salud. Esto se debe a que..,<\/p>\n<ul>\n<li>Su contenido en yodo ayuda a combatir la aparici\u00f3n del bocio; ;<\/li>\n<li>Favorecen la actividad cardiaca y la funci\u00f3n cerebral; ;<\/li>\n<li>Ayuda a combatir la hipertensi\u00f3n arterial; ;<\/li>\n<li>Prevenir y reducir ciertas formas de anemia; ;<\/li>\n<li>Refuerza el sistema inmunitario; ;<\/li>\n<li>Alivia picaduras y quemaduras; ;<\/li>\n<li>Ayuda a combatir la fatiga gracias a su alto contenido en vitaminas A y C; ;<\/li>\n<li>Por \u00faltimo, pero no por ello menos importante, estas bolas son una fuente de nutrici\u00f3n asequible para todos.<\/li>\n<\/ul>\n<h3><strong>Bolas de soumbala en la cocina<\/strong><\/h3>\n<p>Como ya hemos dicho, la soumabala, tambi\u00e9n llamada netetou en Costa de Marfil, es una especia natural que constituye un ingrediente esencial en la cocina. Y ello gracias a su fuerte fragancia y a su incomparable sabor. Hace unos a\u00f1os, esta <strong>potenciador natural del sabor\u00a0<\/strong>se utilizaba a menudo como sustituto de la carne, gracias a su contenido en prote\u00ednas.<\/p>\n<p>Para darle un nuevo sabor, puede utilizarlo en sus parrilladas, \u00a1pero tambi\u00e9n en sus caldos! \u00a1Reinventa tus recetas y dales sabor!<\/p>\n<p>Y aqu\u00ed est\u00e1 nuestro secreto para \u201catenuar\u201d el fuerte olor que desprenden:<\/p>\n<ol>\n<li>Tostar unos minutos a fuego medio en una cacerola vac\u00eda.<\/li>\n<li>A continuaci\u00f3n, a\u00f1ada una cucharada de sus preparados al principio o a mitad de la cocci\u00f3n.<\/li>\n<li>Consejo: mezclar con un poco de jengibre.<\/li>\n<\/ol>\n<h3><strong>Almacenamiento y precauciones<\/strong><\/h3>\n<p>Para una buena y duradera conservaci\u00f3n, el<strong>\u00a0bolas de soumbala<\/strong>\u00a0deben estar bien envasados. As\u00ed se reducir\u00e1 el riesgo de contaminaci\u00f3n. Por eso es importante guardarlos en una caja herm\u00e9ticamente cerrada.<\/p>\n<p>No hay que tomar precauciones especiales al consumirlos. No obstante, debe consultar a su m\u00e9dico si tiene alguna duda m\u00e9dica.<\/p>\n<h2><strong>Conoce algunos productos de higiene femenina<\/strong><\/h2>\n<ul>\n<li>Como nuestro sitio es una aut\u00e9ntica cueva de ali baba en lo que se refiere a bienestar y productos naturales, descubra nuestra secci\u00f3n de intimidad.<\/li>\n<li>Se\u00f1oras, dejen de descuidar su higiene femenina y opten por nuestros productos.<\/li>\n<li>En particular, puede encontrar\u00a0<a href=\"https:\/\/www.safinel.fr\/es\/product-2\/nep-polvo-nep\/\"><strong>Nep Nep en polvo<\/strong><\/a>. Le\u00a0<a href=\"https:\/\/www.safinel.fr\/es\/product-2\/fruta-4-lados-3-piezas\/\"><strong>Fruta de 4 caras<\/strong><\/a>, o\u00a0<a href=\"https:\/\/www.safinel.fr\/es\/product-2\/raices-de-vetiver\/\"><strong>ra\u00edz de vetiver<\/strong><\/a>.<\/li>\n<li>Y mucho, mucho m\u00e1s...<\/li>\n<\/ul>","protected":false},"excerpt":{"rendered":"<p><img decoding=\"async\" class=\"size-full wp-image-5091 aligncenter\" src=\"https:\/\/www.safinel.fr\/wp-content\/uploads\/2021\/06\/BANNIERE-ICONE-SAFINEL.webp\" alt=\"reaseguro de sat\u00e9n\" width=\"800\" height=\"200\" srcset=\"https:\/\/www.safinel.fr\/wp-content\/uploads\/2021\/06\/BANNIERE-ICONE-SAFINEL.webp 800w, https:\/\/www.safinel.fr\/wp-content\/uploads\/2021\/06\/BANNIERE-ICONE-SAFINEL-600x150.webp 600w, https:\/\/www.safinel.fr\/wp-content\/uploads\/2021\/06\/BANNIERE-ICONE-SAFINEL-768x192.webp 768w\" sizes=\"(max-width: 800px) 100vw, 800px\" \/><\/p>","protected":false},"featured_media":4196,"template":"","meta":[],"product_brand":[],"product_cat":[44],"product_tag":[],"class_list":{"0":"post-621","1":"product","2":"type-product","3":"status-publish","4":"has-post-thumbnail","6":"product_cat-epices","8":"first","9":"instock","10":"shipping-taxable","11":"purchasable","12":"product-type-variable","13":"has-default-attributes"},"yoast_head":"<!-- This site is optimized with the Yoast SEO plugin v26.6 - https:\/\/yoast.com\/wordpress\/plugins\/seo\/ -->\n<title>Boules de soumbala 200g | Achat en ligne | Condiment africain<\/title>\n<meta name=\"description\" content=\"Les\u00a0boules de soumbala, \u00e7a vous dit quelque chose ? Ces derni\u00e8res sont fabriqu\u00e9es traditionnellement avec les graines de l\u2019arbre N\u00e9r\u00e9.\" \/>\n<meta name=\"robots\" content=\"index, follow, max-snippet:-1, max-image-preview:large, max-video-preview:-1\" \/>\n<link rel=\"canonical\" href=\"https:\/\/www.safinel.fr\/es\/product-2\/bolas-de-soumbala\/\" \/>\n<meta property=\"og:locale\" content=\"es_ES\" \/>\n<meta property=\"og:type\" content=\"article\" \/>\n<meta property=\"og:title\" content=\"Boules de soumbala 200g | Achat en ligne | Condiment africain\" \/>\n<meta property=\"og:description\" content=\"Les\u00a0boules de soumbala, \u00e7a vous dit quelque chose ? Ces derni\u00e8res sont fabriqu\u00e9es traditionnellement avec les graines de l\u2019arbre N\u00e9r\u00e9.\" \/>\n<meta property=\"og:url\" content=\"https:\/\/www.safinel.fr\/es\/product-2\/bolas-de-soumbala\/\" \/>\n<meta property=\"og:site_name\" content=\"Safinel\" \/>\n<meta property=\"article:modified_time\" content=\"2024-03-30T18:16:50+00:00\" \/>\n<meta property=\"og:image\" content=\"https:\/\/www.safinel.fr\/wp-content\/uploads\/2021\/12\/boules-de-soumbala-soumara.jpg\" \/>\n\t<meta property=\"og:image:width\" content=\"600\" \/>\n\t<meta property=\"og:image:height\" content=\"600\" \/>\n\t<meta property=\"og:image:type\" content=\"image\/jpeg\" \/>\n<meta name=\"twitter:card\" content=\"summary_large_image\" \/>\n<meta name=\"twitter:label1\" content=\"Tiempo de lectura\" \/>\n\t<meta name=\"twitter:data1\" content=\"3 minutos\" \/>\n<script type=\"application\/ld+json\" class=\"yoast-schema-graph\">{\"@context\":\"https:\/\/schema.org\",\"@graph\":[{\"@type\":\"WebPage\",\"@id\":\"https:\/\/www.safinel.fr\/produit\/boules-de-soumbala\/\",\"url\":\"https:\/\/www.safinel.fr\/produit\/boules-de-soumbala\/\",\"name\":\"Boules de soumbala 200g | Achat en ligne | Condiment africain\",\"isPartOf\":{\"@id\":\"https:\/\/www.safinel.fr\/#website\"},\"primaryImageOfPage\":{\"@id\":\"https:\/\/www.safinel.fr\/produit\/boules-de-soumbala\/#primaryimage\"},\"image\":{\"@id\":\"https:\/\/www.safinel.fr\/produit\/boules-de-soumbala\/#primaryimage\"},\"thumbnailUrl\":\"https:\/\/www.safinel.fr\/wp-content\/uploads\/2021\/12\/boules-de-soumbala-soumara.jpg\",\"datePublished\":\"2021-12-19T14:10:58+00:00\",\"dateModified\":\"2024-03-30T18:16:50+00:00\",\"description\":\"Les\u00a0boules de soumbala, \u00e7a vous dit quelque chose ? Ces derni\u00e8res sont fabriqu\u00e9es traditionnellement avec les graines de l\u2019arbre N\u00e9r\u00e9.\",\"breadcrumb\":{\"@id\":\"https:\/\/www.safinel.fr\/produit\/boules-de-soumbala\/#breadcrumb\"},\"inLanguage\":\"es\",\"potentialAction\":[{\"@type\":\"ReadAction\",\"target\":[\"https:\/\/www.safinel.fr\/produit\/boules-de-soumbala\/\"]}]},{\"@type\":\"ImageObject\",\"inLanguage\":\"es\",\"@id\":\"https:\/\/www.safinel.fr\/produit\/boules-de-soumbala\/#primaryimage\",\"url\":\"https:\/\/www.safinel.fr\/wp-content\/uploads\/2021\/12\/boules-de-soumbala-soumara.jpg\",\"contentUrl\":\"https:\/\/www.safinel.fr\/wp-content\/uploads\/2021\/12\/boules-de-soumbala-soumara.jpg\",\"width\":600,\"height\":600,\"caption\":\"boules de soumbala soumara\"},{\"@type\":\"BreadcrumbList\",\"@id\":\"https:\/\/www.safinel.fr\/produit\/boules-de-soumbala\/#breadcrumb\",\"itemListElement\":[{\"@type\":\"ListItem\",\"position\":1,\"name\":\"Accueil\",\"item\":\"https:\/\/www.safinel.fr\/\"},{\"@type\":\"ListItem\",\"position\":2,\"name\":\"Boutique\",\"item\":\"https:\/\/www.safinel.fr\/boutique\/\"},{\"@type\":\"ListItem\",\"position\":3,\"name\":\"Soumbala (Soumara)\"}]},{\"@type\":\"WebSite\",\"@id\":\"https:\/\/www.safinel.fr\/#website\",\"url\":\"https:\/\/www.safinel.fr\/\",\"name\":\"Safinel\",\"description\":\"\",\"publisher\":{\"@id\":\"https:\/\/www.safinel.fr\/#organization\"},\"potentialAction\":[{\"@type\":\"SearchAction\",\"target\":{\"@type\":\"EntryPoint\",\"urlTemplate\":\"https:\/\/www.safinel.fr\/?s={search_term_string}\"},\"query-input\":{\"@type\":\"PropertyValueSpecification\",\"valueRequired\":true,\"valueName\":\"search_term_string\"}}],\"inLanguage\":\"es\"},{\"@type\":\"Organization\",\"@id\":\"https:\/\/www.safinel.fr\/#organization\",\"name\":\"Safinel\",\"url\":\"https:\/\/www.safinel.fr\/\",\"logo\":{\"@type\":\"ImageObject\",\"inLanguage\":\"es\",\"@id\":\"https:\/\/www.safinel.fr\/#\/schema\/logo\/image\/\",\"url\":\"https:\/\/www.safinel.fr\/wp-content\/uploads\/2021\/05\/boutique-cosmetique.png\",\"contentUrl\":\"https:\/\/www.safinel.fr\/wp-content\/uploads\/2021\/05\/boutique-cosmetique.png\",\"width\":800,\"height\":200,\"caption\":\"Safinel\"},\"image\":{\"@id\":\"https:\/\/www.safinel.fr\/#\/schema\/logo\/image\/\"}}]}<\/script>\n<!-- \/ Yoast SEO plugin. -->","yoast_head_json":{"title":"Soumbala bolas 200g | Comprar en l\u00ednea | Condimento africano","description":"\u00bfSabe lo que son las bolas de soumbala? Se elaboran tradicionalmente con las semillas del \u00e1rbol N\u00e9r\u00e9.","robots":{"index":"index","follow":"follow","max-snippet":"max-snippet:-1","max-image-preview":"max-image-preview:large","max-video-preview":"max-video-preview:-1"},"canonical":"https:\/\/www.safinel.fr\/es\/product-2\/bolas-de-soumbala\/","og_locale":"es_ES","og_type":"article","og_title":"Boules de soumbala 200g | Achat en ligne | Condiment africain","og_description":"Les\u00a0boules de soumbala, \u00e7a vous dit quelque chose ? Ces derni\u00e8res sont fabriqu\u00e9es traditionnellement avec les graines de l\u2019arbre N\u00e9r\u00e9.","og_url":"https:\/\/www.safinel.fr\/es\/product-2\/bolas-de-soumbala\/","og_site_name":"Safinel","article_modified_time":"2024-03-30T18:16:50+00:00","og_image":[{"width":600,"height":600,"url":"https:\/\/www.safinel.fr\/wp-content\/uploads\/2021\/12\/boules-de-soumbala-soumara.jpg","type":"image\/jpeg"}],"twitter_card":"summary_large_image","twitter_misc":{"Tiempo de lectura":"3 minutos"},"schema":{"@context":"https:\/\/schema.org","@graph":[{"@type":"WebPage","@id":"https:\/\/www.safinel.fr\/produit\/boules-de-soumbala\/","url":"https:\/\/www.safinel.fr\/produit\/boules-de-soumbala\/","name":"Soumbala bolas 200g | Comprar en l\u00ednea | Condimento africano","isPartOf":{"@id":"https:\/\/www.safinel.fr\/#website"},"primaryImageOfPage":{"@id":"https:\/\/www.safinel.fr\/produit\/boules-de-soumbala\/#primaryimage"},"image":{"@id":"https:\/\/www.safinel.fr\/produit\/boules-de-soumbala\/#primaryimage"},"thumbnailUrl":"https:\/\/www.safinel.fr\/wp-content\/uploads\/2021\/12\/boules-de-soumbala-soumara.jpg","datePublished":"2021-12-19T14:10:58+00:00","dateModified":"2024-03-30T18:16:50+00:00","description":"\u00bfSabe lo que son las bolas de soumbala? Se elaboran tradicionalmente con las semillas del \u00e1rbol N\u00e9r\u00e9.","breadcrumb":{"@id":"https:\/\/www.safinel.fr\/produit\/boules-de-soumbala\/#breadcrumb"},"inLanguage":"es","potentialAction":[{"@type":"ReadAction","target":["https:\/\/www.safinel.fr\/produit\/boules-de-soumbala\/"]}]},{"@type":"ImageObject","inLanguage":"es","@id":"https:\/\/www.safinel.fr\/produit\/boules-de-soumbala\/#primaryimage","url":"https:\/\/www.safinel.fr\/wp-content\/uploads\/2021\/12\/boules-de-soumbala-soumara.jpg","contentUrl":"https:\/\/www.safinel.fr\/wp-content\/uploads\/2021\/12\/boules-de-soumbala-soumara.jpg","width":600,"height":600,"caption":"boules de soumbala soumara"},{"@type":"BreadcrumbList","@id":"https:\/\/www.safinel.fr\/produit\/boules-de-soumbala\/#breadcrumb","itemListElement":[{"@type":"ListItem","position":1,"name":"Accueil","item":"https:\/\/www.safinel.fr\/"},{"@type":"ListItem","position":2,"name":"Boutique","item":"https:\/\/www.safinel.fr\/boutique\/"},{"@type":"ListItem","position":3,"name":"Soumbala (Soumara)"}]},{"@type":"WebSite","@id":"https:\/\/www.safinel.fr\/#website","url":"https:\/\/www.safinel.fr\/","name":"Safinel","description":"","publisher":{"@id":"https:\/\/www.safinel.fr\/#organization"},"potentialAction":[{"@type":"SearchAction","target":{"@type":"EntryPoint","urlTemplate":"https:\/\/www.safinel.fr\/?s={search_term_string}"},"query-input":{"@type":"PropertyValueSpecification","valueRequired":true,"valueName":"search_term_string"}}],"inLanguage":"es"},{"@type":"Organization","@id":"https:\/\/www.safinel.fr\/#organization","name":"Safinel","url":"https:\/\/www.safinel.fr\/","logo":{"@type":"ImageObject","inLanguage":"es","@id":"https:\/\/www.safinel.fr\/#\/schema\/logo\/image\/","url":"https:\/\/www.safinel.fr\/wp-content\/uploads\/2021\/05\/boutique-cosmetique.png","contentUrl":"https:\/\/www.safinel.fr\/wp-content\/uploads\/2021\/05\/boutique-cosmetique.png","width":800,"height":200,"caption":"Safinel"},"image":{"@id":"https:\/\/www.safinel.fr\/#\/schema\/logo\/image\/"}}]}},"_links":{"self":[{"href":"https:\/\/www.safinel.fr\/es\/wp-json\/wp\/v2\/product\/621","targetHints":{"allow":["GET"]}}],"collection":[{"href":"https:\/\/www.safinel.fr\/es\/wp-json\/wp\/v2\/product"}],"about":[{"href":"https:\/\/www.safinel.fr\/es\/wp-json\/wp\/v2\/types\/product"}],"wp:featuredmedia":[{"embeddable":true,"href":"https:\/\/www.safinel.fr\/es\/wp-json\/wp\/v2\/media\/4196"}],"wp:attachment":[{"href":"https:\/\/www.safinel.fr\/es\/wp-json\/wp\/v2\/media?parent=621"}],"wp:term":[{"taxonomy":"product_brand","embeddable":true,"href":"https:\/\/www.safinel.fr\/es\/wp-json\/wp\/v2\/product_brand?post=621"},{"taxonomy":"product_cat","embeddable":true,"href":"https:\/\/www.safinel.fr\/es\/wp-json\/wp\/v2\/product_cat?post=621"},{"taxonomy":"product_tag","embeddable":true,"href":"https:\/\/www.safinel.fr\/es\/wp-json\/wp\/v2\/product_tag?post=621"}],"curies":[{"name":"wp","href":"https:\/\/api.w.org\/{rel}","templated":true}]}}