{"id":619,"date":"2021-12-19T13:55:08","date_gmt":"2021-12-19T13:55:08","guid":{"rendered":"https:\/\/www.safinel.fr\/?post_type=product&#038;p=619"},"modified":"2023-12-28T17:15:09","modified_gmt":"2023-12-28T17:15:09","slug":"pasta-dentifrica-solida-siwak-menta","status":"publish","type":"product","link":"https:\/\/www.safinel.fr\/es\/product-2\/pasta-dentifrica-solida-siwak-menta\/","title":{"rendered":"Siwak pasta dent\u00edfrica s\u00f3lida menta 35g"},"content":{"rendered":"<p>Descubre la\u00a0<strong>siwak \/ pasta dent\u00edfrica s\u00f3lida de menta<\/strong>. Esta alternativa\u00a0<strong>natural<\/strong>\u00a0al uso de dent\u00edfricos industriales y qu\u00edmicos es una revoluci\u00f3n. En concreto, le permitir\u00e1 perfeccionar su\u00a0<strong>higiene bucal<\/strong>\u00a0sin comprometer su\u00a0<strong>salud<\/strong>. Compre de forma m\u00e1s inteligente y adquiera productos de calidad sin arruinarse.<\/p>\n<h2><strong>El Siwak, un peque\u00f1o bast\u00f3n con muchas virtudes<\/strong><\/h2>\n<p>Este dent\u00edfrico a base de siwak y menta te conquistar\u00e1. La combinaci\u00f3n del siwak y el frescor de la menta hacen de este dent\u00edfrico un aut\u00e9ntico ganador.\u00a0<strong>pasta de dientes<\/strong>\u00a0impresionante. El siwak, tambi\u00e9n conocido como\u00a0<strong>Araq madera<\/strong>, Se trata de un trozo de palo natural utilizado como<strong>\u00a0cepillo de dientes<\/strong>. Sus ventajas son m\u00faltiples. En particular, limpia los dientes al tiempo que los protege. Previene la aparici\u00f3n de\u00a0<strong>cavidades<\/strong>. Su acci\u00f3n tambi\u00e9n ayuda a fortalecer las enc\u00edas y las ra\u00edces, y\u00a0<strong>refresca el aliento<\/strong>.<\/p>\n<h3><strong>Pasta dent\u00edfrica s\u00f3lida de menta Siwak para un frescor extra<\/strong><\/h3>\n<p>Adem\u00e1s de siwak, este dent\u00edfrico contiene\u00a0<strong>menta<\/strong>. Esto multiplica por diez la acci\u00f3n refrescante de este dent\u00edfrico. Al fin y al cabo, todos sabemos que la menta aporta frescor y un agradable sabor fresco al dent\u00edfrico.\u00a0<strong>agradable aroma<\/strong>. Como ya hemos mencionado, el siwak tambi\u00e9n tiene una acci\u00f3n refrescante. As\u00ed que, al cepillarte los dientes con esta pasta, podr\u00e1s disfrutar de su torrente de frescor. Disponemos de una amplia gama de\u00a0<strong>cosm\u00e9ticos naturales.<\/strong>\u00a0Descubre la<a href=\"https:\/\/www.safinel.fr\/es\/product-2\/carbon-activado-30g\/\">\u00a0<strong>carb\u00f3n vegetal activado<\/strong><\/a>\u00a0c\u00e9lebre por sus propiedades purificadoras y absorbentes.<\/p>\n<h3><strong>Safinel, tienda especializada en cosm\u00e9tica natural<\/strong><\/h3>\n<p>Los productos que vendemos se seleccionan con cuidado y criterio. Nuestro enfoque permite que todo el mundo tenga acceso a\u00a0<strong>productos naturales<\/strong>, Incluso a los que tienen presupuestos bastante modestos. Nuestra fuerza reside en la capacidad de promover productos sanos y de calidad a precios imbatibles. As\u00ed que no espere m\u00e1s y ofrezca su\u00a0<strong>cuerpo<\/strong>\u00a0lo que necesita.<\/p>","protected":false},"excerpt":{"rendered":"<p>D\u00e9couvrez le\u00a0dentifrice solide au siwak \/ menthe. Cette alternative\u00a0naturelle\u00a0\u00e0 l&rsquo;utilisation du dentifrice industriel et chimique constitue une r\u00e9volution. Elle vous permettra notamment de parfaire votre\u00a0hygi\u00e8ne bucco-dentaire\u00a0sans compromettre votre\u00a0sant\u00e9. Consommez plus malin et procurez-vous des produits de qualit\u00e9 sans vous ruiner. Le Siwak, un petit b\u00e2ton aux nombreuses vertus Ce dentifrice con\u00e7u \u00e0 partir de siwak [&#8230;]","protected":false},"featured_media":620,"template":"","meta":[],"product_brand":[],"product_cat":[34],"product_tag":[],"class_list":{"0":"post-619","1":"product","2":"type-product","3":"status-publish","4":"has-post-thumbnail","6":"product_cat-hygiene","8":"first","9":"instock","10":"shipping-taxable","11":"purchasable","12":"product-type-simple"},"yoast_head":"<!-- This site is optimized with the Yoast SEO plugin v26.6 - https:\/\/yoast.com\/wordpress\/plugins\/seo\/ -->\n<title>Dentifrice solide siwak menthe | Une hygi\u00e8ne bucco-dentaire saine<\/title>\n<meta name=\"description\" content=\"D\u00e9couvrez le\u00a0dentifrice solide siwak menthe. Cette alternative\u00a0naturelle\u00a0\u00e0 l&#039;utilisation du dentifrice industriel constitue une r\u00e9volution.\" \/>\n<meta name=\"robots\" content=\"index, follow, max-snippet:-1, max-image-preview:large, max-video-preview:-1\" \/>\n<link rel=\"canonical\" href=\"https:\/\/www.safinel.fr\/es\/product-2\/pasta-dentifrica-solida-siwak-menta\/\" \/>\n<meta property=\"og:locale\" content=\"es_ES\" \/>\n<meta property=\"og:type\" content=\"article\" \/>\n<meta property=\"og:title\" content=\"Dentifrice solide siwak menthe | Une hygi\u00e8ne bucco-dentaire saine\" \/>\n<meta property=\"og:description\" content=\"D\u00e9couvrez le\u00a0dentifrice solide siwak menthe. Cette alternative\u00a0naturelle\u00a0\u00e0 l&#039;utilisation du dentifrice industriel constitue une r\u00e9volution.\" \/>\n<meta property=\"og:url\" content=\"https:\/\/www.safinel.fr\/es\/product-2\/pasta-dentifrica-solida-siwak-menta\/\" \/>\n<meta property=\"og:site_name\" content=\"Safinel\" \/>\n<meta property=\"article:modified_time\" content=\"2023-12-28T17:15:09+00:00\" \/>\n<meta property=\"og:image\" content=\"https:\/\/www.safinel.fr\/wp-content\/uploads\/2021\/12\/dentifrice-solide-siwak.jpg\" \/>\n\t<meta property=\"og:image:width\" content=\"600\" \/>\n\t<meta property=\"og:image:height\" content=\"600\" \/>\n\t<meta property=\"og:image:type\" content=\"image\/jpeg\" \/>\n<meta name=\"twitter:card\" content=\"summary_large_image\" \/>\n<meta name=\"twitter:label1\" content=\"Tiempo de lectura\" \/>\n\t<meta name=\"twitter:data1\" content=\"2 minutos\" \/>\n<script type=\"application\/ld+json\" class=\"yoast-schema-graph\">{\"@context\":\"https:\/\/schema.org\",\"@graph\":[{\"@type\":\"WebPage\",\"@id\":\"https:\/\/www.safinel.fr\/produit\/dentifrice-solide-siwak-menthe\/\",\"url\":\"https:\/\/www.safinel.fr\/produit\/dentifrice-solide-siwak-menthe\/\",\"name\":\"Dentifrice solide siwak menthe | Une hygi\u00e8ne bucco-dentaire saine\",\"isPartOf\":{\"@id\":\"https:\/\/www.safinel.fr\/#website\"},\"primaryImageOfPage\":{\"@id\":\"https:\/\/www.safinel.fr\/produit\/dentifrice-solide-siwak-menthe\/#primaryimage\"},\"image\":{\"@id\":\"https:\/\/www.safinel.fr\/produit\/dentifrice-solide-siwak-menthe\/#primaryimage\"},\"thumbnailUrl\":\"https:\/\/www.safinel.fr\/wp-content\/uploads\/2021\/12\/dentifrice-solide-siwak.jpg\",\"datePublished\":\"2021-12-19T13:55:08+00:00\",\"dateModified\":\"2023-12-28T17:15:09+00:00\",\"description\":\"D\u00e9couvrez le\u00a0dentifrice solide siwak menthe. Cette alternative\u00a0naturelle\u00a0\u00e0 l'utilisation du dentifrice industriel constitue une r\u00e9volution.\",\"breadcrumb\":{\"@id\":\"https:\/\/www.safinel.fr\/produit\/dentifrice-solide-siwak-menthe\/#breadcrumb\"},\"inLanguage\":\"es\",\"potentialAction\":[{\"@type\":\"ReadAction\",\"target\":[\"https:\/\/www.safinel.fr\/produit\/dentifrice-solide-siwak-menthe\/\"]}]},{\"@type\":\"ImageObject\",\"inLanguage\":\"es\",\"@id\":\"https:\/\/www.safinel.fr\/produit\/dentifrice-solide-siwak-menthe\/#primaryimage\",\"url\":\"https:\/\/www.safinel.fr\/wp-content\/uploads\/2021\/12\/dentifrice-solide-siwak.jpg\",\"contentUrl\":\"https:\/\/www.safinel.fr\/wp-content\/uploads\/2021\/12\/dentifrice-solide-siwak.jpg\",\"width\":600,\"height\":600,\"caption\":\"Dentifrice solide siwak menthe 35g\"},{\"@type\":\"BreadcrumbList\",\"@id\":\"https:\/\/www.safinel.fr\/produit\/dentifrice-solide-siwak-menthe\/#breadcrumb\",\"itemListElement\":[{\"@type\":\"ListItem\",\"position\":1,\"name\":\"Accueil\",\"item\":\"https:\/\/www.safinel.fr\/\"},{\"@type\":\"ListItem\",\"position\":2,\"name\":\"Boutique\",\"item\":\"https:\/\/www.safinel.fr\/boutique\/\"},{\"@type\":\"ListItem\",\"position\":3,\"name\":\"Dentifrice solide siwak menthe 35g\"}]},{\"@type\":\"WebSite\",\"@id\":\"https:\/\/www.safinel.fr\/#website\",\"url\":\"https:\/\/www.safinel.fr\/\",\"name\":\"Safinel\",\"description\":\"\",\"publisher\":{\"@id\":\"https:\/\/www.safinel.fr\/#organization\"},\"potentialAction\":[{\"@type\":\"SearchAction\",\"target\":{\"@type\":\"EntryPoint\",\"urlTemplate\":\"https:\/\/www.safinel.fr\/?s={search_term_string}\"},\"query-input\":{\"@type\":\"PropertyValueSpecification\",\"valueRequired\":true,\"valueName\":\"search_term_string\"}}],\"inLanguage\":\"es\"},{\"@type\":\"Organization\",\"@id\":\"https:\/\/www.safinel.fr\/#organization\",\"name\":\"Safinel\",\"url\":\"https:\/\/www.safinel.fr\/\",\"logo\":{\"@type\":\"ImageObject\",\"inLanguage\":\"es\",\"@id\":\"https:\/\/www.safinel.fr\/#\/schema\/logo\/image\/\",\"url\":\"https:\/\/www.safinel.fr\/wp-content\/uploads\/2021\/05\/boutique-cosmetique.png\",\"contentUrl\":\"https:\/\/www.safinel.fr\/wp-content\/uploads\/2021\/05\/boutique-cosmetique.png\",\"width\":800,\"height\":200,\"caption\":\"Safinel\"},\"image\":{\"@id\":\"https:\/\/www.safinel.fr\/#\/schema\/logo\/image\/\"}}]}<\/script>\n<!-- \/ Yoast SEO plugin. -->","yoast_head_json":{"title":"Siwak pasta dent\u00edfrica s\u00f3lida menta | Higiene bucal saludable","description":"Descubre el dent\u00edfrico s\u00f3lido de menta siwak. Esta alternativa natural a los dent\u00edfricos industriales es toda una revoluci\u00f3n.","robots":{"index":"index","follow":"follow","max-snippet":"max-snippet:-1","max-image-preview":"max-image-preview:large","max-video-preview":"max-video-preview:-1"},"canonical":"https:\/\/www.safinel.fr\/es\/product-2\/pasta-dentifrica-solida-siwak-menta\/","og_locale":"es_ES","og_type":"article","og_title":"Dentifrice solide siwak menthe | Une hygi\u00e8ne bucco-dentaire saine","og_description":"D\u00e9couvrez le\u00a0dentifrice solide siwak menthe. Cette alternative\u00a0naturelle\u00a0\u00e0 l'utilisation du dentifrice industriel constitue une r\u00e9volution.","og_url":"https:\/\/www.safinel.fr\/es\/product-2\/pasta-dentifrica-solida-siwak-menta\/","og_site_name":"Safinel","article_modified_time":"2023-12-28T17:15:09+00:00","og_image":[{"width":600,"height":600,"url":"https:\/\/www.safinel.fr\/wp-content\/uploads\/2021\/12\/dentifrice-solide-siwak.jpg","type":"image\/jpeg"}],"twitter_card":"summary_large_image","twitter_misc":{"Tiempo de lectura":"2 minutos"},"schema":{"@context":"https:\/\/schema.org","@graph":[{"@type":"WebPage","@id":"https:\/\/www.safinel.fr\/produit\/dentifrice-solide-siwak-menthe\/","url":"https:\/\/www.safinel.fr\/produit\/dentifrice-solide-siwak-menthe\/","name":"Siwak pasta dent\u00edfrica s\u00f3lida menta | Higiene bucal saludable","isPartOf":{"@id":"https:\/\/www.safinel.fr\/#website"},"primaryImageOfPage":{"@id":"https:\/\/www.safinel.fr\/produit\/dentifrice-solide-siwak-menthe\/#primaryimage"},"image":{"@id":"https:\/\/www.safinel.fr\/produit\/dentifrice-solide-siwak-menthe\/#primaryimage"},"thumbnailUrl":"https:\/\/www.safinel.fr\/wp-content\/uploads\/2021\/12\/dentifrice-solide-siwak.jpg","datePublished":"2021-12-19T13:55:08+00:00","dateModified":"2023-12-28T17:15:09+00:00","description":"Descubre el dent\u00edfrico s\u00f3lido de menta siwak. Esta alternativa natural a los dent\u00edfricos industriales es toda una revoluci\u00f3n.","breadcrumb":{"@id":"https:\/\/www.safinel.fr\/produit\/dentifrice-solide-siwak-menthe\/#breadcrumb"},"inLanguage":"es","potentialAction":[{"@type":"ReadAction","target":["https:\/\/www.safinel.fr\/produit\/dentifrice-solide-siwak-menthe\/"]}]},{"@type":"ImageObject","inLanguage":"es","@id":"https:\/\/www.safinel.fr\/produit\/dentifrice-solide-siwak-menthe\/#primaryimage","url":"https:\/\/www.safinel.fr\/wp-content\/uploads\/2021\/12\/dentifrice-solide-siwak.jpg","contentUrl":"https:\/\/www.safinel.fr\/wp-content\/uploads\/2021\/12\/dentifrice-solide-siwak.jpg","width":600,"height":600,"caption":"Dentifrice solide siwak menthe 35g"},{"@type":"BreadcrumbList","@id":"https:\/\/www.safinel.fr\/produit\/dentifrice-solide-siwak-menthe\/#breadcrumb","itemListElement":[{"@type":"ListItem","position":1,"name":"Accueil","item":"https:\/\/www.safinel.fr\/"},{"@type":"ListItem","position":2,"name":"Boutique","item":"https:\/\/www.safinel.fr\/boutique\/"},{"@type":"ListItem","position":3,"name":"Dentifrice solide siwak menthe 35g"}]},{"@type":"WebSite","@id":"https:\/\/www.safinel.fr\/#website","url":"https:\/\/www.safinel.fr\/","name":"Safinel","description":"","publisher":{"@id":"https:\/\/www.safinel.fr\/#organization"},"potentialAction":[{"@type":"SearchAction","target":{"@type":"EntryPoint","urlTemplate":"https:\/\/www.safinel.fr\/?s={search_term_string}"},"query-input":{"@type":"PropertyValueSpecification","valueRequired":true,"valueName":"search_term_string"}}],"inLanguage":"es"},{"@type":"Organization","@id":"https:\/\/www.safinel.fr\/#organization","name":"Safinel","url":"https:\/\/www.safinel.fr\/","logo":{"@type":"ImageObject","inLanguage":"es","@id":"https:\/\/www.safinel.fr\/#\/schema\/logo\/image\/","url":"https:\/\/www.safinel.fr\/wp-content\/uploads\/2021\/05\/boutique-cosmetique.png","contentUrl":"https:\/\/www.safinel.fr\/wp-content\/uploads\/2021\/05\/boutique-cosmetique.png","width":800,"height":200,"caption":"Safinel"},"image":{"@id":"https:\/\/www.safinel.fr\/#\/schema\/logo\/image\/"}}]}},"_links":{"self":[{"href":"https:\/\/www.safinel.fr\/es\/wp-json\/wp\/v2\/product\/619","targetHints":{"allow":["GET"]}}],"collection":[{"href":"https:\/\/www.safinel.fr\/es\/wp-json\/wp\/v2\/product"}],"about":[{"href":"https:\/\/www.safinel.fr\/es\/wp-json\/wp\/v2\/types\/product"}],"wp:featuredmedia":[{"embeddable":true,"href":"https:\/\/www.safinel.fr\/es\/wp-json\/wp\/v2\/media\/620"}],"wp:attachment":[{"href":"https:\/\/www.safinel.fr\/es\/wp-json\/wp\/v2\/media?parent=619"}],"wp:term":[{"taxonomy":"product_brand","embeddable":true,"href":"https:\/\/www.safinel.fr\/es\/wp-json\/wp\/v2\/product_brand?post=619"},{"taxonomy":"product_cat","embeddable":true,"href":"https:\/\/www.safinel.fr\/es\/wp-json\/wp\/v2\/product_cat?post=619"},{"taxonomy":"product_tag","embeddable":true,"href":"https:\/\/www.safinel.fr\/es\/wp-json\/wp\/v2\/product_tag?post=619"}],"curies":[{"name":"wp","href":"https:\/\/api.w.org\/{rel}","templated":true}]}}