{"id":6122,"date":"2023-05-21T10:54:04","date_gmt":"2023-05-21T10:54:04","guid":{"rendered":"https:\/\/www.safinel.fr\/?post_type=product&#038;p=6122"},"modified":"2023-12-28T17:15:58","modified_gmt":"2023-12-28T17:15:58","slug":"gelatina-maravillosa-de-ralladura-de-lima","status":"publish","type":"product","link":"https:\/\/www.safinel.fr\/es\/product-2\/gelatina-maravillosa-de-ralladura-de-lima\/","title":{"rendered":"Jalea Maravilla Ralladura de Lima 250ml - Tropikal Bliss"},"content":{"rendered":"<p>La \u00faltima innovaci\u00f3n en el mundo del cuidado capilar viene de la mano de la marca Tropical Bliss con su producto estrella: Lime Zest Wonder Jelly, una gomina c\u00edtrica de 250 ml. En este art\u00edculo te contamos todos los beneficios de este revolucionario producto para tu cabello. As\u00ed que sum\u00e9rgete en este mundo afrutado y d\u00e9jate tentar por esta gelatina con mil virtudes.<\/p>\n<h2><strong>Una composici\u00f3n rica en ingredientes naturales<\/strong><\/h2>\n<p>Lo que diferencia a la Jalea Maravilla Ralladura de Lima de otros productos del mercado es su composici\u00f3n a base de elementos naturales. Los ingredientes principales proceden de los c\u00edtricos, en particular de la lima, de la que se extrae la esencia para crear una ralladura rica en nutrientes.<\/p>\n<ul>\n<li><a href=\"https:\/\/www.safinel.fr\/es\/vitamina-c-piel-negra\/\"><strong>Vitamina C<\/strong><\/a> Un potente antioxidante que protege el cabello de los da\u00f1os medioambientales y favorece su crecimiento.<\/li>\n<li><strong>Amino\u00e1cidos<\/strong> esencial para fortalecer la fibra capilar y reparar los da\u00f1os causados por tratamientos qu\u00edmicos o t\u00e9rmicos.<\/li>\n<li><strong>Aceites esenciales<\/strong> Aportan brillo y suavidad sin apelmazar ni engrasar el cabello.<\/li>\n<\/ul>\n<p>Gracias a estos ingredientes naturales y eficaces, Lime Zest Wonder Jelly dejar\u00e1 su cabello sano y radiante de belleza.<\/p>\n<h2><strong>Beneficios probados para el cabello<\/strong><\/h2>\n<p>Los numerosos beneficios de la Jalea Maravilla de C\u00e1scara de Lima le conquistar\u00e1n:<\/p>\n<ul>\n<li><strong>Hidrataci\u00f3n intensa<\/strong><\/li>\n<\/ul>\n<p>Gracias a sus ingredientes naturales, Citrus Hair Jelly hidrata el cabello en profundidad, sin apelmazarlo ni engrasarlo. Sus rizos estar\u00e1n m\u00e1s suaves, ser\u00e1n m\u00e1s f\u00e1ciles de peinar y tendr\u00e1n un brillo incomparable.<\/p>\n<ul>\n<li><strong>Nutre y fortalece la fibra capilar<\/strong><\/li>\n<\/ul>\n<p>Lime Zest Wonder Jelly nutre el cabello gracias a los amino\u00e1cidos y la vitamina C que contiene. Estos elementos reparan y fortalecen la fibra capilar, haciendo que tu cabello sea m\u00e1s resistente a los da\u00f1os externos.<\/p>\n<ul>\n<li><strong>Protecci\u00f3n contra agresiones externas<\/strong><\/li>\n<\/ul>\n<p>La gomina de c\u00edtricos forma una pel\u00edcula protectora sobre el cabello, protegi\u00e9ndolo de la contaminaci\u00f3n, el sol e incluso los aparatos de calefacci\u00f3n. Tu pelo se mantendr\u00e1 sano y radiante, incluso en entornos urbanos.<\/p>\n<h2><strong>Lime Zest Wonder Jelly: f\u00e1cil de usar y apta para todo tipo de cabellos<\/strong><\/h2>\n<p>Lime Zest Wonder Jelly es adecuado para todo tipo de cabello, ya sea fino o grueso, liso o rizado.<\/p>\n<p><strong>Es muy f\u00e1cil de usar:<\/strong><\/p>\n<ol>\n<li>Despu\u00e9s de lavar el cabello con un champ\u00fa adecuado, esc\u00farrelo ligeramente.<\/li>\n<li>Coge una peque\u00f1a cantidad de Citrus Hair Gel y apl\u00edcala en los largos y las puntas, evitando las ra\u00edces.<\/li>\n<li>Desenreda suavemente el cabello con un peine de p\u00faas anchas.<\/li>\n<li>Seca tu cabello como de costumbre, al natural o con un difusor para cabellos rizados.<\/li>\n<\/ol>\n<p>Tambi\u00e9n puedes utilizar gomina de c\u00edtricos como producto de peinado, aplicando una peque\u00f1a cantidad sobre el cabello seco para definir los rizos y a\u00f1adir brillo.<\/p>\n<h3><strong>Opiniones de usuarios de Lime Zest Wonder Jelly<\/strong><\/h3>\n<p>Las personas que han probado Lime Zest Wonder Jelly han quedado convencidas por sus numerosos beneficios. Estos son s\u00f3lo algunos de los testimonios:<\/p>\n<ul>\n<li>\u00abDescubr\u00ed el gel capilar Tropical Bliss Citrus hace unos meses y \u00a1ahora no puedo vivir sin \u00e9l! Mi pelo est\u00e1 m\u00e1s suave y brillante, y mis rizos realmente se mantienen mejor.\u00bb<\/li>\n<li>\u00abBuscaba un producto natural para cuidar mi cabello sin apelmazarlo y encontr\u00e9 lo que buscaba en Citrus Hair Jelly. Se la recomiendo a todas mis amigas\u00bb.\u00bb<\/li>\n<li>\u00abEstoy gratamente sorprendida por esta gomina c\u00edtrica. F\u00e1cil de aplicar, realmente aporta brillo y flexibilidad a mi cabello fino y fr\u00e1gil.\u00bb<\/li>\n<\/ul>\n<p>En definitiva, Tropical Bliss Lime Zest Wonder Jelly Citrus Hair Gel 250ml parece ser el producto ideal para quienes desean cuidar su cabello respetando la naturaleza. No dudes en probar este revolucionario producto y comparte tu experiencia con tus amigos y familiares.<\/p>","protected":false},"excerpt":{"rendered":"<p>La \u00faltima innovaci\u00f3n en el mundo del cuidado del cabello llega de la mano de Tropical Bliss con su producto estrella: <strong>Lime Zest Wonder Jelly, una gomina c\u00edtrica 250ml<\/strong>.<\/p>\n<p><img decoding=\"async\" class=\"size-full wp-image-5091 aligncenter\" src=\"https:\/\/www.safinel.fr\/wp-content\/uploads\/2021\/06\/BANNIERE-ICONE-SAFINEL.webp\" alt=\"reaseguro de sat\u00e9n\" width=\"800\" height=\"200\" srcset=\"https:\/\/www.safinel.fr\/wp-content\/uploads\/2021\/06\/BANNIERE-ICONE-SAFINEL.webp 800w, https:\/\/www.safinel.fr\/wp-content\/uploads\/2021\/06\/BANNIERE-ICONE-SAFINEL-600x150.webp 600w, https:\/\/www.safinel.fr\/wp-content\/uploads\/2021\/06\/BANNIERE-ICONE-SAFINEL-768x192.webp 768w\" sizes=\"(max-width: 800px) 100vw, 800px\" \/><\/p>\n<p>&nbsp;<\/p>","protected":false},"featured_media":6123,"template":"","meta":[],"product_brand":[],"product_cat":[146,154,153],"product_tag":[],"class_list":{"0":"post-6122","1":"product","2":"type-product","3":"status-publish","4":"has-post-thumbnail","6":"product_cat-produit-cheveux","7":"product_cat-produits-cheveux-boucles","8":"product_cat-tropikal-bliss","10":"first","11":"outofstock","12":"shipping-taxable","13":"purchasable","14":"product-type-simple"},"yoast_head":"<!-- This site is optimized with the Yoast SEO plugin v26.6 - https:\/\/yoast.com\/wordpress\/plugins\/seo\/ -->\n<title>Lime Zest Wonder Jelly I Gel\u00e9e capillaire aux agrumes I 250ml<\/title>\n<meta name=\"description\" content=\"La derni\u00e8re innovation dans le monde des soins capillaires nous vient de la marque Tropical Bliss avec leur produit phare : le\u00a0Lime Zest Wonder Jelly.\" \/>\n<meta name=\"robots\" content=\"index, follow, max-snippet:-1, max-image-preview:large, max-video-preview:-1\" \/>\n<link rel=\"canonical\" href=\"https:\/\/www.safinel.fr\/es\/product-2\/gelatina-maravillosa-de-ralladura-de-lima\/\" \/>\n<meta property=\"og:locale\" content=\"es_ES\" \/>\n<meta property=\"og:type\" content=\"article\" \/>\n<meta property=\"og:title\" content=\"Lime Zest Wonder Jelly I Gel\u00e9e capillaire aux agrumes I 250ml\" \/>\n<meta property=\"og:description\" content=\"La derni\u00e8re innovation dans le monde des soins capillaires nous vient de la marque Tropical Bliss avec leur produit phare : le\u00a0Lime Zest Wonder Jelly.\" \/>\n<meta property=\"og:url\" content=\"https:\/\/www.safinel.fr\/es\/product-2\/gelatina-maravillosa-de-ralladura-de-lima\/\" \/>\n<meta property=\"og:site_name\" content=\"Safinel\" \/>\n<meta property=\"article:modified_time\" content=\"2023-12-28T17:15:58+00:00\" \/>\n<meta property=\"og:image\" content=\"https:\/\/www.safinel.fr\/wp-content\/uploads\/2023\/05\/Lime-Zest-Wonder-Jelly-la-gelee-capillaire-aux-agrumes-de-Tropical-Bliss.jpg\" \/>\n\t<meta property=\"og:image:width\" content=\"600\" \/>\n\t<meta property=\"og:image:height\" content=\"600\" \/>\n\t<meta property=\"og:image:type\" content=\"image\/jpeg\" \/>\n<meta name=\"twitter:card\" content=\"summary_large_image\" \/>\n<meta name=\"twitter:label1\" content=\"Tiempo de lectura\" \/>\n\t<meta name=\"twitter:data1\" content=\"3 minutos\" \/>\n<script type=\"application\/ld+json\" class=\"yoast-schema-graph\">{\"@context\":\"https:\/\/schema.org\",\"@graph\":[{\"@type\":\"WebPage\",\"@id\":\"https:\/\/www.safinel.fr\/produit\/lime-zest-wonder-jelly\/\",\"url\":\"https:\/\/www.safinel.fr\/produit\/lime-zest-wonder-jelly\/\",\"name\":\"Lime Zest Wonder Jelly I Gel\u00e9e capillaire aux agrumes I 250ml\",\"isPartOf\":{\"@id\":\"https:\/\/www.safinel.fr\/#website\"},\"primaryImageOfPage\":{\"@id\":\"https:\/\/www.safinel.fr\/produit\/lime-zest-wonder-jelly\/#primaryimage\"},\"image\":{\"@id\":\"https:\/\/www.safinel.fr\/produit\/lime-zest-wonder-jelly\/#primaryimage\"},\"thumbnailUrl\":\"https:\/\/www.safinel.fr\/wp-content\/uploads\/2023\/05\/Lime-Zest-Wonder-Jelly-la-gelee-capillaire-aux-agrumes-de-Tropical-Bliss.jpg\",\"datePublished\":\"2023-05-21T10:54:04+00:00\",\"dateModified\":\"2023-12-28T17:15:58+00:00\",\"description\":\"La derni\u00e8re innovation dans le monde des soins capillaires nous vient de la marque Tropical Bliss avec leur produit phare : le\u00a0Lime Zest Wonder Jelly.\",\"breadcrumb\":{\"@id\":\"https:\/\/www.safinel.fr\/produit\/lime-zest-wonder-jelly\/#breadcrumb\"},\"inLanguage\":\"es\",\"potentialAction\":[{\"@type\":\"ReadAction\",\"target\":[\"https:\/\/www.safinel.fr\/produit\/lime-zest-wonder-jelly\/\"]}]},{\"@type\":\"ImageObject\",\"inLanguage\":\"es\",\"@id\":\"https:\/\/www.safinel.fr\/produit\/lime-zest-wonder-jelly\/#primaryimage\",\"url\":\"https:\/\/www.safinel.fr\/wp-content\/uploads\/2023\/05\/Lime-Zest-Wonder-Jelly-la-gelee-capillaire-aux-agrumes-de-Tropical-Bliss.jpg\",\"contentUrl\":\"https:\/\/www.safinel.fr\/wp-content\/uploads\/2023\/05\/Lime-Zest-Wonder-Jelly-la-gelee-capillaire-aux-agrumes-de-Tropical-Bliss.jpg\",\"width\":600,\"height\":600,\"caption\":\"Lime Zest Wonder Jelly 250ml - Tropikal Bliss\"},{\"@type\":\"BreadcrumbList\",\"@id\":\"https:\/\/www.safinel.fr\/produit\/lime-zest-wonder-jelly\/#breadcrumb\",\"itemListElement\":[{\"@type\":\"ListItem\",\"position\":1,\"name\":\"Accueil\",\"item\":\"https:\/\/www.safinel.fr\/\"},{\"@type\":\"ListItem\",\"position\":2,\"name\":\"Boutique\",\"item\":\"https:\/\/www.safinel.fr\/boutique\/\"},{\"@type\":\"ListItem\",\"position\":3,\"name\":\"Lime Zest Wonder Jelly 250ml &#8211; Tropikal Bliss\"}]},{\"@type\":\"WebSite\",\"@id\":\"https:\/\/www.safinel.fr\/#website\",\"url\":\"https:\/\/www.safinel.fr\/\",\"name\":\"Safinel\",\"description\":\"\",\"publisher\":{\"@id\":\"https:\/\/www.safinel.fr\/#organization\"},\"potentialAction\":[{\"@type\":\"SearchAction\",\"target\":{\"@type\":\"EntryPoint\",\"urlTemplate\":\"https:\/\/www.safinel.fr\/?s={search_term_string}\"},\"query-input\":{\"@type\":\"PropertyValueSpecification\",\"valueRequired\":true,\"valueName\":\"search_term_string\"}}],\"inLanguage\":\"es\"},{\"@type\":\"Organization\",\"@id\":\"https:\/\/www.safinel.fr\/#organization\",\"name\":\"Safinel\",\"url\":\"https:\/\/www.safinel.fr\/\",\"logo\":{\"@type\":\"ImageObject\",\"inLanguage\":\"es\",\"@id\":\"https:\/\/www.safinel.fr\/#\/schema\/logo\/image\/\",\"url\":\"https:\/\/www.safinel.fr\/wp-content\/uploads\/2021\/05\/boutique-cosmetique.png\",\"contentUrl\":\"https:\/\/www.safinel.fr\/wp-content\/uploads\/2021\/05\/boutique-cosmetique.png\",\"width\":800,\"height\":200,\"caption\":\"Safinel\"},\"image\":{\"@id\":\"https:\/\/www.safinel.fr\/#\/schema\/logo\/image\/\"}}]}<\/script>\n<!-- \/ Yoast SEO plugin. -->","yoast_head_json":{"title":"Lime Zest Wonder Jelly I Gel capilar c\u00edtrico I 250ml","description":"La \u00faltima innovaci\u00f3n en el mundo del cuidado capilar viene de la mano de la marca Tropical Bliss con su producto estrella: Lime Zest Wonder Jelly.","robots":{"index":"index","follow":"follow","max-snippet":"max-snippet:-1","max-image-preview":"max-image-preview:large","max-video-preview":"max-video-preview:-1"},"canonical":"https:\/\/www.safinel.fr\/es\/product-2\/gelatina-maravillosa-de-ralladura-de-lima\/","og_locale":"es_ES","og_type":"article","og_title":"Lime Zest Wonder Jelly I Gel\u00e9e capillaire aux agrumes I 250ml","og_description":"La derni\u00e8re innovation dans le monde des soins capillaires nous vient de la marque Tropical Bliss avec leur produit phare : le\u00a0Lime Zest Wonder Jelly.","og_url":"https:\/\/www.safinel.fr\/es\/product-2\/gelatina-maravillosa-de-ralladura-de-lima\/","og_site_name":"Safinel","article_modified_time":"2023-12-28T17:15:58+00:00","og_image":[{"width":600,"height":600,"url":"https:\/\/www.safinel.fr\/wp-content\/uploads\/2023\/05\/Lime-Zest-Wonder-Jelly-la-gelee-capillaire-aux-agrumes-de-Tropical-Bliss.jpg","type":"image\/jpeg"}],"twitter_card":"summary_large_image","twitter_misc":{"Tiempo de lectura":"3 minutos"},"schema":{"@context":"https:\/\/schema.org","@graph":[{"@type":"WebPage","@id":"https:\/\/www.safinel.fr\/produit\/lime-zest-wonder-jelly\/","url":"https:\/\/www.safinel.fr\/produit\/lime-zest-wonder-jelly\/","name":"Lime Zest Wonder Jelly I Gel capilar c\u00edtrico I 250ml","isPartOf":{"@id":"https:\/\/www.safinel.fr\/#website"},"primaryImageOfPage":{"@id":"https:\/\/www.safinel.fr\/produit\/lime-zest-wonder-jelly\/#primaryimage"},"image":{"@id":"https:\/\/www.safinel.fr\/produit\/lime-zest-wonder-jelly\/#primaryimage"},"thumbnailUrl":"https:\/\/www.safinel.fr\/wp-content\/uploads\/2023\/05\/Lime-Zest-Wonder-Jelly-la-gelee-capillaire-aux-agrumes-de-Tropical-Bliss.jpg","datePublished":"2023-05-21T10:54:04+00:00","dateModified":"2023-12-28T17:15:58+00:00","description":"La \u00faltima innovaci\u00f3n en el mundo del cuidado capilar viene de la mano de la marca Tropical Bliss con su producto estrella: Lime Zest Wonder Jelly.","breadcrumb":{"@id":"https:\/\/www.safinel.fr\/produit\/lime-zest-wonder-jelly\/#breadcrumb"},"inLanguage":"es","potentialAction":[{"@type":"ReadAction","target":["https:\/\/www.safinel.fr\/produit\/lime-zest-wonder-jelly\/"]}]},{"@type":"ImageObject","inLanguage":"es","@id":"https:\/\/www.safinel.fr\/produit\/lime-zest-wonder-jelly\/#primaryimage","url":"https:\/\/www.safinel.fr\/wp-content\/uploads\/2023\/05\/Lime-Zest-Wonder-Jelly-la-gelee-capillaire-aux-agrumes-de-Tropical-Bliss.jpg","contentUrl":"https:\/\/www.safinel.fr\/wp-content\/uploads\/2023\/05\/Lime-Zest-Wonder-Jelly-la-gelee-capillaire-aux-agrumes-de-Tropical-Bliss.jpg","width":600,"height":600,"caption":"Lime Zest Wonder Jelly 250ml - Tropikal Bliss"},{"@type":"BreadcrumbList","@id":"https:\/\/www.safinel.fr\/produit\/lime-zest-wonder-jelly\/#breadcrumb","itemListElement":[{"@type":"ListItem","position":1,"name":"Accueil","item":"https:\/\/www.safinel.fr\/"},{"@type":"ListItem","position":2,"name":"Boutique","item":"https:\/\/www.safinel.fr\/boutique\/"},{"@type":"ListItem","position":3,"name":"Lime Zest Wonder Jelly 250ml &#8211; Tropikal Bliss"}]},{"@type":"WebSite","@id":"https:\/\/www.safinel.fr\/#website","url":"https:\/\/www.safinel.fr\/","name":"Safinel","description":"","publisher":{"@id":"https:\/\/www.safinel.fr\/#organization"},"potentialAction":[{"@type":"SearchAction","target":{"@type":"EntryPoint","urlTemplate":"https:\/\/www.safinel.fr\/?s={search_term_string}"},"query-input":{"@type":"PropertyValueSpecification","valueRequired":true,"valueName":"search_term_string"}}],"inLanguage":"es"},{"@type":"Organization","@id":"https:\/\/www.safinel.fr\/#organization","name":"Safinel","url":"https:\/\/www.safinel.fr\/","logo":{"@type":"ImageObject","inLanguage":"es","@id":"https:\/\/www.safinel.fr\/#\/schema\/logo\/image\/","url":"https:\/\/www.safinel.fr\/wp-content\/uploads\/2021\/05\/boutique-cosmetique.png","contentUrl":"https:\/\/www.safinel.fr\/wp-content\/uploads\/2021\/05\/boutique-cosmetique.png","width":800,"height":200,"caption":"Safinel"},"image":{"@id":"https:\/\/www.safinel.fr\/#\/schema\/logo\/image\/"}}]}},"_links":{"self":[{"href":"https:\/\/www.safinel.fr\/es\/wp-json\/wp\/v2\/product\/6122","targetHints":{"allow":["GET"]}}],"collection":[{"href":"https:\/\/www.safinel.fr\/es\/wp-json\/wp\/v2\/product"}],"about":[{"href":"https:\/\/www.safinel.fr\/es\/wp-json\/wp\/v2\/types\/product"}],"wp:featuredmedia":[{"embeddable":true,"href":"https:\/\/www.safinel.fr\/es\/wp-json\/wp\/v2\/media\/6123"}],"wp:attachment":[{"href":"https:\/\/www.safinel.fr\/es\/wp-json\/wp\/v2\/media?parent=6122"}],"wp:term":[{"taxonomy":"product_brand","embeddable":true,"href":"https:\/\/www.safinel.fr\/es\/wp-json\/wp\/v2\/product_brand?post=6122"},{"taxonomy":"product_cat","embeddable":true,"href":"https:\/\/www.safinel.fr\/es\/wp-json\/wp\/v2\/product_cat?post=6122"},{"taxonomy":"product_tag","embeddable":true,"href":"https:\/\/www.safinel.fr\/es\/wp-json\/wp\/v2\/product_tag?post=6122"}],"curies":[{"name":"wp","href":"https:\/\/api.w.org\/{rel}","templated":true}]}}