{"id":6115,"date":"2023-05-21T10:41:21","date_gmt":"2023-05-21T10:41:21","guid":{"rendered":"https:\/\/www.safinel.fr\/?post_type=product&#038;p=6115"},"modified":"2024-03-12T13:19:33","modified_gmt":"2024-03-12T13:19:33","slug":"batido-de-granada","status":"publish","type":"product","link":"https:\/\/www.safinel.fr\/es\/product-2\/batido-de-granada\/","title":{"rendered":"Batido de Granada 250ml - Tropikal Bliss"},"content":{"rendered":"<p>Una vez m\u00e1s, tu tienda Safinel favorita ha desenterrado una aut\u00e9ntica pepita de oro s\u00f3lo para ti. Se trata del\u00a0<strong>Batido de Granada<\/strong>, a\u00a0<strong>leche capilar sin aclarado\u00a0<\/strong>que sin duda se convertir\u00e1 en un aliado del\u00a0<strong>\u00a1pelo rizado!\u00a0<\/strong><\/p>\n<h2><strong>\u00bfQu\u00e9 es el batido de rizos de granada?\u00a0<\/strong><\/h2>\n<p>Pomegranate Curl Smoothie es un producto de\u00a0<strong>cuidado del cabello\u00a0<\/strong>de la marca francesa\u00a0<strong>TropikalBliss<\/strong>. Est\u00e1 especialmente dise\u00f1ado para cabellos rizados, encrespados y encrespados.<\/p>\n<p>Adem\u00e1s, este cosm\u00e9tico est\u00e1 formulado a partir de ingredientes naturales y ecol\u00f3gicos, sin parabenos, sulfatos, siliconas ni aceites minerales. Este\u00a0<strong>leche capilar\u00a0<\/strong>es tambi\u00e9n un producto vegano y sin crueldad.<\/p>\n<p>Tambi\u00e9n merece la pena probar: la bruma sin aclarado para el cuidado de la piel\u00a0<strong><a href=\"https:\/\/www.safinel.fr\/es\/product-2\/niebla-hidratante-de-pina\/\">Bruma hidratante de pi\u00f1a<\/a>. \u00a0<\/strong><\/p>\n<h2><strong>Una fragancia dulce y unas propiedades para morirse.\u00a0<\/strong><\/h2>\n<p>Este\u00a0<strong>tratamiento<\/strong>\u00a0es un producto hidratante y nutritivo para\u00a0<strong>pelo con textura.<\/strong>\u00a0Contiene\u2019<strong>aceite de granada<\/strong>, rico en antioxidantes. Este activo protege esencialmente el cabello de las agresiones externas y previene los da\u00f1os causados por los radicales libres.<\/p>\n<p>Este\u00a0<strong>cosm\u00e9ticos<\/strong>\u00a0tambi\u00e9n contiene<strong>\u00a0Aceite de frambuesa,<\/strong>\u00a0que hidrata y protege el cabello. Adem\u00e1s de<strong>\u00a0aceite de hibisco<\/strong>, que revitaliza y aporta brillo.<\/p>\n<p>Por \u00faltimo, nuestra leche capilar ayuda a definir los rizos y a reducir el encrespamiento. Es la forma ideal de conseguir resultados \u00f3ptimos, con un cabello m\u00e1s suave, fuerte y brillante.<\/p>\n<h3><strong>\u00bfC\u00f3mo se utiliza el Batido de Granada?\u00a0<\/strong><\/h3>\n<p>Su nuevo\u00a0<strong>cosm\u00e9ticos<\/strong>\u00a0Utilizar sobre el cabello limpio y h\u00famedo. Despu\u00e9s de lavar con un champ\u00fa suave, aplicar una peque\u00f1a cantidad de producto, concentr\u00e1ndose en las puntas y los largos.<\/p>\n<p>Evita tambi\u00e9n las ra\u00edces para no lastrar la fibra.<\/p>\n<p>Reparte el producto uniformemente con un peine de p\u00faas anchas o con los dedos. Puedes dejar secar el pelo al aire o utilizar un difusor para un secado m\u00e1s r\u00e1pido. Por \u00faltimo\u00a0<strong>crema nutritiva para rizos<\/strong>\u00a0puede utilizarse a diario para hidratar y nutrir el cabello en profundidad.<\/p>\n<p>En resumen, es un producto natural y eficaz para el cuidado del cabello rizado, encrespado y encrespado. Su f\u00f3rmula limpia y sus ingredientes ecol\u00f3gicos lo convierten en un producto respetuoso con el medio ambiente \u00a1y con tu salud!<\/p>","protected":false},"excerpt":{"rendered":"<p>Una vez m\u00e1s, tu boutique Safinel favorita ha desenterrado una aut\u00e9ntica pepita de oro s\u00f3lo para ti.<\/p>\n<p>Esta es la\u00a0<strong>Batido de Granada<\/strong>, a\u00a0<strong>leche capilar sin aclarado\u00a0<\/strong>que sin duda se convertir\u00e1 en un aliado del\u00a0<strong>\u00a1pelo rizado!\u00a0<\/strong><\/p>\n<p><img decoding=\"async\" class=\"size-full wp-image-5091 aligncenter\" src=\"https:\/\/www.safinel.fr\/wp-content\/uploads\/2021\/06\/BANNIERE-ICONE-SAFINEL.webp\" alt=\"reaseguro de sat\u00e9n\" width=\"800\" height=\"200\" srcset=\"https:\/\/www.safinel.fr\/wp-content\/uploads\/2021\/06\/BANNIERE-ICONE-SAFINEL.webp 800w, https:\/\/www.safinel.fr\/wp-content\/uploads\/2021\/06\/BANNIERE-ICONE-SAFINEL-600x150.webp 600w, https:\/\/www.safinel.fr\/wp-content\/uploads\/2021\/06\/BANNIERE-ICONE-SAFINEL-768x192.webp 768w\" sizes=\"(max-width: 800px) 100vw, 800px\" \/><\/p>","protected":false},"featured_media":6116,"template":"","meta":[],"product_brand":[],"product_cat":[146,154,153],"product_tag":[],"class_list":{"0":"post-6115","1":"product","2":"type-product","3":"status-publish","4":"has-post-thumbnail","6":"product_cat-produit-cheveux","7":"product_cat-produits-cheveux-boucles","8":"product_cat-tropikal-bliss","10":"first","11":"outofstock","12":"shipping-taxable","13":"purchasable","14":"product-type-simple"},"yoast_head":"<!-- This site is optimized with the Yoast SEO plugin v26.6 - https:\/\/yoast.com\/wordpress\/plugins\/seo\/ -->\n<title>Pomegranate Curl Smoothie I Cr\u00e8me nourrissante cheveux boucl\u00e9s<\/title>\n<meta name=\"description\" content=\"D\u00e9couvrez Pomegranate Curl Smoothie, un\u00a0lait capillaire sans rin\u00e7age\u00a0qui deviendra sans aucun doute l\u2019alli\u00e9 des\u00a0curly hair !\" \/>\n<meta name=\"robots\" content=\"index, follow, max-snippet:-1, max-image-preview:large, max-video-preview:-1\" \/>\n<link rel=\"canonical\" href=\"https:\/\/www.safinel.fr\/es\/product-2\/batido-de-granada\/\" \/>\n<meta property=\"og:locale\" content=\"es_ES\" \/>\n<meta property=\"og:type\" content=\"article\" \/>\n<meta property=\"og:title\" content=\"Pomegranate Curl Smoothie I Cr\u00e8me nourrissante cheveux boucl\u00e9s\" \/>\n<meta property=\"og:description\" content=\"D\u00e9couvrez Pomegranate Curl Smoothie, un\u00a0lait capillaire sans rin\u00e7age\u00a0qui deviendra sans aucun doute l\u2019alli\u00e9 des\u00a0curly hair !\" \/>\n<meta property=\"og:url\" content=\"https:\/\/www.safinel.fr\/es\/product-2\/batido-de-granada\/\" \/>\n<meta property=\"og:site_name\" content=\"Safinel\" \/>\n<meta property=\"article:modified_time\" content=\"2024-03-12T13:19:33+00:00\" \/>\n<meta property=\"og:image\" content=\"https:\/\/www.safinel.fr\/wp-content\/uploads\/2023\/05\/Pomegranate-Curl-Smoothie.jpg\" \/>\n\t<meta property=\"og:image:width\" content=\"600\" \/>\n\t<meta property=\"og:image:height\" content=\"600\" \/>\n\t<meta property=\"og:image:type\" content=\"image\/jpeg\" \/>\n<meta name=\"twitter:card\" content=\"summary_large_image\" \/>\n<meta name=\"twitter:label1\" content=\"Tiempo de lectura\" \/>\n\t<meta name=\"twitter:data1\" content=\"2 minutos\" \/>\n<script type=\"application\/ld+json\" class=\"yoast-schema-graph\">{\"@context\":\"https:\/\/schema.org\",\"@graph\":[{\"@type\":\"WebPage\",\"@id\":\"https:\/\/www.safinel.fr\/produit\/pomegranate-curl-smoothie\/\",\"url\":\"https:\/\/www.safinel.fr\/produit\/pomegranate-curl-smoothie\/\",\"name\":\"Pomegranate Curl Smoothie I Cr\u00e8me nourrissante cheveux boucl\u00e9s\",\"isPartOf\":{\"@id\":\"https:\/\/www.safinel.fr\/#website\"},\"primaryImageOfPage\":{\"@id\":\"https:\/\/www.safinel.fr\/produit\/pomegranate-curl-smoothie\/#primaryimage\"},\"image\":{\"@id\":\"https:\/\/www.safinel.fr\/produit\/pomegranate-curl-smoothie\/#primaryimage\"},\"thumbnailUrl\":\"https:\/\/www.safinel.fr\/wp-content\/uploads\/2023\/05\/Pomegranate-Curl-Smoothie.jpg\",\"datePublished\":\"2023-05-21T10:41:21+00:00\",\"dateModified\":\"2024-03-12T13:19:33+00:00\",\"description\":\"D\u00e9couvrez Pomegranate Curl Smoothie, un\u00a0lait capillaire sans rin\u00e7age\u00a0qui deviendra sans aucun doute l\u2019alli\u00e9 des\u00a0curly hair !\",\"breadcrumb\":{\"@id\":\"https:\/\/www.safinel.fr\/produit\/pomegranate-curl-smoothie\/#breadcrumb\"},\"inLanguage\":\"es\",\"potentialAction\":[{\"@type\":\"ReadAction\",\"target\":[\"https:\/\/www.safinel.fr\/produit\/pomegranate-curl-smoothie\/\"]}]},{\"@type\":\"ImageObject\",\"inLanguage\":\"es\",\"@id\":\"https:\/\/www.safinel.fr\/produit\/pomegranate-curl-smoothie\/#primaryimage\",\"url\":\"https:\/\/www.safinel.fr\/wp-content\/uploads\/2023\/05\/Pomegranate-Curl-Smoothie.jpg\",\"contentUrl\":\"https:\/\/www.safinel.fr\/wp-content\/uploads\/2023\/05\/Pomegranate-Curl-Smoothie.jpg\",\"width\":600,\"height\":600,\"caption\":\"Pomegranate Curl Smoothie\"},{\"@type\":\"BreadcrumbList\",\"@id\":\"https:\/\/www.safinel.fr\/produit\/pomegranate-curl-smoothie\/#breadcrumb\",\"itemListElement\":[{\"@type\":\"ListItem\",\"position\":1,\"name\":\"Accueil\",\"item\":\"https:\/\/www.safinel.fr\/\"},{\"@type\":\"ListItem\",\"position\":2,\"name\":\"Boutique\",\"item\":\"https:\/\/www.safinel.fr\/boutique\/\"},{\"@type\":\"ListItem\",\"position\":3,\"name\":\"Pomegranate Curl Smoothie 250ml &#8211; Tropikal Bliss\"}]},{\"@type\":\"WebSite\",\"@id\":\"https:\/\/www.safinel.fr\/#website\",\"url\":\"https:\/\/www.safinel.fr\/\",\"name\":\"Safinel\",\"description\":\"\",\"publisher\":{\"@id\":\"https:\/\/www.safinel.fr\/#organization\"},\"potentialAction\":[{\"@type\":\"SearchAction\",\"target\":{\"@type\":\"EntryPoint\",\"urlTemplate\":\"https:\/\/www.safinel.fr\/?s={search_term_string}\"},\"query-input\":{\"@type\":\"PropertyValueSpecification\",\"valueRequired\":true,\"valueName\":\"search_term_string\"}}],\"inLanguage\":\"es\"},{\"@type\":\"Organization\",\"@id\":\"https:\/\/www.safinel.fr\/#organization\",\"name\":\"Safinel\",\"url\":\"https:\/\/www.safinel.fr\/\",\"logo\":{\"@type\":\"ImageObject\",\"inLanguage\":\"es\",\"@id\":\"https:\/\/www.safinel.fr\/#\/schema\/logo\/image\/\",\"url\":\"https:\/\/www.safinel.fr\/wp-content\/uploads\/2021\/05\/boutique-cosmetique.png\",\"contentUrl\":\"https:\/\/www.safinel.fr\/wp-content\/uploads\/2021\/05\/boutique-cosmetique.png\",\"width\":800,\"height\":200,\"caption\":\"Safinel\"},\"image\":{\"@id\":\"https:\/\/www.safinel.fr\/#\/schema\/logo\/image\/\"}}]}<\/script>\n<!-- \/ Yoast SEO plugin. -->","yoast_head_json":{"title":"Pomegranate Curl Smoothie I Crema nutritiva para cabello rizado","description":"Descubre Pomegranate Curl Smoothie, una leche capilar sin aclarado que se convertir\u00e1 en tu aliada para el cabello rizado.","robots":{"index":"index","follow":"follow","max-snippet":"max-snippet:-1","max-image-preview":"max-image-preview:large","max-video-preview":"max-video-preview:-1"},"canonical":"https:\/\/www.safinel.fr\/es\/product-2\/batido-de-granada\/","og_locale":"es_ES","og_type":"article","og_title":"Pomegranate Curl Smoothie I Cr\u00e8me nourrissante cheveux boucl\u00e9s","og_description":"D\u00e9couvrez Pomegranate Curl Smoothie, un\u00a0lait capillaire sans rin\u00e7age\u00a0qui deviendra sans aucun doute l\u2019alli\u00e9 des\u00a0curly hair !","og_url":"https:\/\/www.safinel.fr\/es\/product-2\/batido-de-granada\/","og_site_name":"Safinel","article_modified_time":"2024-03-12T13:19:33+00:00","og_image":[{"width":600,"height":600,"url":"https:\/\/www.safinel.fr\/wp-content\/uploads\/2023\/05\/Pomegranate-Curl-Smoothie.jpg","type":"image\/jpeg"}],"twitter_card":"summary_large_image","twitter_misc":{"Tiempo de lectura":"2 minutos"},"schema":{"@context":"https:\/\/schema.org","@graph":[{"@type":"WebPage","@id":"https:\/\/www.safinel.fr\/produit\/pomegranate-curl-smoothie\/","url":"https:\/\/www.safinel.fr\/produit\/pomegranate-curl-smoothie\/","name":"Pomegranate Curl Smoothie I Crema nutritiva para cabello rizado","isPartOf":{"@id":"https:\/\/www.safinel.fr\/#website"},"primaryImageOfPage":{"@id":"https:\/\/www.safinel.fr\/produit\/pomegranate-curl-smoothie\/#primaryimage"},"image":{"@id":"https:\/\/www.safinel.fr\/produit\/pomegranate-curl-smoothie\/#primaryimage"},"thumbnailUrl":"https:\/\/www.safinel.fr\/wp-content\/uploads\/2023\/05\/Pomegranate-Curl-Smoothie.jpg","datePublished":"2023-05-21T10:41:21+00:00","dateModified":"2024-03-12T13:19:33+00:00","description":"Descubre Pomegranate Curl Smoothie, una leche capilar sin aclarado que se convertir\u00e1 en tu aliada para el cabello rizado.","breadcrumb":{"@id":"https:\/\/www.safinel.fr\/produit\/pomegranate-curl-smoothie\/#breadcrumb"},"inLanguage":"es","potentialAction":[{"@type":"ReadAction","target":["https:\/\/www.safinel.fr\/produit\/pomegranate-curl-smoothie\/"]}]},{"@type":"ImageObject","inLanguage":"es","@id":"https:\/\/www.safinel.fr\/produit\/pomegranate-curl-smoothie\/#primaryimage","url":"https:\/\/www.safinel.fr\/wp-content\/uploads\/2023\/05\/Pomegranate-Curl-Smoothie.jpg","contentUrl":"https:\/\/www.safinel.fr\/wp-content\/uploads\/2023\/05\/Pomegranate-Curl-Smoothie.jpg","width":600,"height":600,"caption":"Pomegranate Curl Smoothie"},{"@type":"BreadcrumbList","@id":"https:\/\/www.safinel.fr\/produit\/pomegranate-curl-smoothie\/#breadcrumb","itemListElement":[{"@type":"ListItem","position":1,"name":"Accueil","item":"https:\/\/www.safinel.fr\/"},{"@type":"ListItem","position":2,"name":"Boutique","item":"https:\/\/www.safinel.fr\/boutique\/"},{"@type":"ListItem","position":3,"name":"Pomegranate Curl Smoothie 250ml &#8211; Tropikal Bliss"}]},{"@type":"WebSite","@id":"https:\/\/www.safinel.fr\/#website","url":"https:\/\/www.safinel.fr\/","name":"Safinel","description":"","publisher":{"@id":"https:\/\/www.safinel.fr\/#organization"},"potentialAction":[{"@type":"SearchAction","target":{"@type":"EntryPoint","urlTemplate":"https:\/\/www.safinel.fr\/?s={search_term_string}"},"query-input":{"@type":"PropertyValueSpecification","valueRequired":true,"valueName":"search_term_string"}}],"inLanguage":"es"},{"@type":"Organization","@id":"https:\/\/www.safinel.fr\/#organization","name":"Safinel","url":"https:\/\/www.safinel.fr\/","logo":{"@type":"ImageObject","inLanguage":"es","@id":"https:\/\/www.safinel.fr\/#\/schema\/logo\/image\/","url":"https:\/\/www.safinel.fr\/wp-content\/uploads\/2021\/05\/boutique-cosmetique.png","contentUrl":"https:\/\/www.safinel.fr\/wp-content\/uploads\/2021\/05\/boutique-cosmetique.png","width":800,"height":200,"caption":"Safinel"},"image":{"@id":"https:\/\/www.safinel.fr\/#\/schema\/logo\/image\/"}}]}},"_links":{"self":[{"href":"https:\/\/www.safinel.fr\/es\/wp-json\/wp\/v2\/product\/6115","targetHints":{"allow":["GET"]}}],"collection":[{"href":"https:\/\/www.safinel.fr\/es\/wp-json\/wp\/v2\/product"}],"about":[{"href":"https:\/\/www.safinel.fr\/es\/wp-json\/wp\/v2\/types\/product"}],"wp:featuredmedia":[{"embeddable":true,"href":"https:\/\/www.safinel.fr\/es\/wp-json\/wp\/v2\/media\/6116"}],"wp:attachment":[{"href":"https:\/\/www.safinel.fr\/es\/wp-json\/wp\/v2\/media?parent=6115"}],"wp:term":[{"taxonomy":"product_brand","embeddable":true,"href":"https:\/\/www.safinel.fr\/es\/wp-json\/wp\/v2\/product_brand?post=6115"},{"taxonomy":"product_cat","embeddable":true,"href":"https:\/\/www.safinel.fr\/es\/wp-json\/wp\/v2\/product_cat?post=6115"},{"taxonomy":"product_tag","embeddable":true,"href":"https:\/\/www.safinel.fr\/es\/wp-json\/wp\/v2\/product_tag?post=6115"}],"curies":[{"name":"wp","href":"https:\/\/api.w.org\/{rel}","templated":true}]}}