{"id":6113,"date":"2023-05-21T10:27:49","date_gmt":"2023-05-21T10:27:49","guid":{"rendered":"https:\/\/www.safinel.fr\/?post_type=product&#038;p=6113"},"modified":"2025-03-10T10:04:25","modified_gmt":"2025-03-10T10:04:25","slug":"niebla-hidratante-de-pina","status":"publish","type":"product","link":"https:\/\/www.safinel.fr\/es\/product-2\/niebla-hidratante-de-pina\/","title":{"rendered":"Bruma hidratante de pi\u00f1a 250ml - Tropikal Bliss"},"content":{"rendered":"<p>Descubre la <b>Spray hidratante de pi\u00f1a<\/b>, a <b>bruma capilar <\/b>con un delicioso aroma afrutado a pi\u00f1a. Un cosm\u00e9tico dise\u00f1ado para cabellos rizados, encrespados y encrespados.<span class=\"Apple-converted-space\">\u00a0<\/span><\/p>\n<h2><b>Dale un empuj\u00f3n a tu rutina con el Spray Hidratante de Pi\u00f1a<\/b><\/h2>\n<p>Este producto de <b>cuidado del cabello <\/b>de Tropikal Bliss es un spray ligero y afrutado incre\u00edblemente agradable de aplicar. Esta bruma est\u00e1 especialmente dise\u00f1ada para<b> pelo con textura, <\/b>cabello rizado, encrespado y encrespado. Est\u00e1 formulado con ingredientes naturales y nutritivos para hidratar y acondicionar el cabello en profundidad.<span class=\"Apple-converted-space\">\u00a0<\/span><\/p>\n<p>El aroma fresco y afrutado de la pi\u00f1a a\u00f1ade un toque tropical a tu rutina capilar.<\/p>\n<h2><b>Los beneficios del Spray Hidratante de Pi\u00f1a<\/b><\/h2>\n<p>El spray hidratante de pi\u00f1a es un producto vers\u00e1til que ofrece numerosos beneficios para el cabello:<span class=\"Apple-converted-space\">\u00a0<\/span><\/p>\n<p>En primer lugar, hidrata en profundidad, aportando una dosis de hidrataci\u00f3n esencial para prevenir la sequedad y el encrespamiento.<span class=\"Apple-converted-space\">\u00a0<\/span><\/p>\n<p>A continuaci\u00f3n, revitaliza los rizos, d\u00e1ndoles un aspecto m\u00e1s voluminoso y definido. El spray tambi\u00e9n ayuda a desenredar el cabello, facilitando el peinado y reduciendo los enredos.<span class=\"Apple-converted-space\">\u00a0<\/span><\/p>\n<p>Por \u00faltimo, protege el cabello de las agresiones externas. Como la contaminaci\u00f3n y los rayos UV, gracias a su f\u00f3rmula rica en antioxidantes.<\/p>\n<h3><b>Nuestros consejos de uso<span class=\"Apple-converted-space\">\u00a0<\/span><\/b><\/h3>\n<p>Este<b> bruma hidratante de pi\u00f1a y aceite de marula<\/b> es f\u00e1cil de usar. Basta con pulverizar el producto sobre el cabello, insistiendo en las zonas m\u00e1s secas y da\u00f1adas. Puede utilizarse sobre el cabello seco o h\u00famedo, como prefiera.<span class=\"Apple-converted-space\">\u00a0<\/span><\/p>\n<p>Sin embargo, para un efecto \u00f3ptimo, recomendamos utilizar el spray en combinaci\u00f3n con otros productos de la gama Tropikal Bliss. Por ejemplo, el <b><a href=\"https:\/\/www.safinel.fr\/es\/product-2\/mascarilla-fundente-de-malvavisco\/\">Mascarilla fundente de malvavisco<\/a>\u00a0<\/b>o el <a href=\"https:\/\/www.safinel.fr\/es\/product-2\/batido-de-granada\/\"><b>Batido de Granada<\/b><\/a>.<span class=\"Apple-converted-space\">\u00a0<\/span><\/p>\n<p>Este spray para rizos es adecuado para todo tipo de cabellos, ya sean rizados, encrespados u ondulados. Tambi\u00e9n es seguro para el uso diario, ya que no contiene productos qu\u00edmicos agresivos ni parabenos.<\/p>","protected":false},"excerpt":{"rendered":"<p>Descubre la <b>Spray hidratante de pi\u00f1a<\/b>, a <b>bruma capilar <\/b>con un delicioso aroma afrutado a pi\u00f1a. Un cosm\u00e9tico dise\u00f1ado para cabellos rizados, encrespados y encrespados.<\/p>\n<p><img decoding=\"async\" class=\"size-full wp-image-5091 aligncenter\" src=\"https:\/\/www.safinel.fr\/wp-content\/uploads\/2021\/06\/BANNIERE-ICONE-SAFINEL.webp\" alt=\"reaseguro de sat\u00e9n\" width=\"800\" height=\"200\" srcset=\"https:\/\/www.safinel.fr\/wp-content\/uploads\/2021\/06\/BANNIERE-ICONE-SAFINEL.webp 800w, https:\/\/www.safinel.fr\/wp-content\/uploads\/2021\/06\/BANNIERE-ICONE-SAFINEL-600x150.webp 600w, https:\/\/www.safinel.fr\/wp-content\/uploads\/2021\/06\/BANNIERE-ICONE-SAFINEL-768x192.webp 768w\" sizes=\"(max-width: 800px) 100vw, 800px\" \/><\/p>","protected":false},"featured_media":6114,"template":"","meta":[],"product_brand":[],"product_cat":[146,154,153],"product_tag":[],"class_list":{"0":"post-6113","1":"product","2":"type-product","3":"status-publish","4":"has-post-thumbnail","6":"product_cat-produit-cheveux","7":"product_cat-produits-cheveux-boucles","8":"product_cat-tropikal-bliss","10":"first","11":"outofstock","12":"shipping-taxable","13":"purchasable","14":"product-type-simple"},"yoast_head":"<!-- This site is optimized with the Yoast SEO plugin v26.6 - https:\/\/yoast.com\/wordpress\/plugins\/seo\/ -->\n<title>Pineapple Moisture Mist I Spray au jus d&#039;ananas &amp; huile de marula<\/title>\n<meta name=\"description\" content=\"Pineapple Moisture Mist est une brume capillaire \u00e0 la d\u00e9licieuse et fruit\u00e9e senteur d\u2019ananas. Cosm\u00e9tique pens\u00e9 pour les cheveux boucl\u00e9s, cr\u00e9pus et fris\u00e9s.\" \/>\n<meta name=\"robots\" content=\"index, follow, max-snippet:-1, max-image-preview:large, max-video-preview:-1\" \/>\n<link rel=\"canonical\" href=\"https:\/\/www.safinel.fr\/es\/product-2\/niebla-hidratante-de-pina\/\" \/>\n<meta property=\"og:locale\" content=\"es_ES\" \/>\n<meta property=\"og:type\" content=\"article\" \/>\n<meta property=\"og:title\" content=\"Pineapple Moisture Mist I Spray au jus d&#039;ananas &amp; huile de marula\" \/>\n<meta property=\"og:description\" content=\"Pineapple Moisture Mist est une brume capillaire \u00e0 la d\u00e9licieuse et fruit\u00e9e senteur d\u2019ananas. Cosm\u00e9tique pens\u00e9 pour les cheveux boucl\u00e9s, cr\u00e9pus et fris\u00e9s.\" \/>\n<meta property=\"og:url\" content=\"https:\/\/www.safinel.fr\/es\/product-2\/niebla-hidratante-de-pina\/\" \/>\n<meta property=\"og:site_name\" content=\"Safinel\" \/>\n<meta property=\"article:modified_time\" content=\"2025-03-10T10:04:25+00:00\" \/>\n<meta property=\"og:image\" content=\"https:\/\/www.safinel.fr\/wp-content\/uploads\/2023\/05\/Pineapple-Moisture-Mist-Spray.jpg\" \/>\n\t<meta property=\"og:image:width\" content=\"600\" \/>\n\t<meta property=\"og:image:height\" content=\"600\" \/>\n\t<meta property=\"og:image:type\" content=\"image\/jpeg\" \/>\n<meta name=\"twitter:card\" content=\"summary_large_image\" \/>\n<meta name=\"twitter:label1\" content=\"Tiempo de lectura\" \/>\n\t<meta name=\"twitter:data1\" content=\"2 minutos\" \/>\n<script type=\"application\/ld+json\" class=\"yoast-schema-graph\">{\"@context\":\"https:\/\/schema.org\",\"@graph\":[{\"@type\":\"WebPage\",\"@id\":\"https:\/\/www.safinel.fr\/produit\/pineapple-moisture-mist\/\",\"url\":\"https:\/\/www.safinel.fr\/produit\/pineapple-moisture-mist\/\",\"name\":\"Pineapple Moisture Mist I Spray au jus d'ananas & huile de marula\",\"isPartOf\":{\"@id\":\"https:\/\/www.safinel.fr\/#website\"},\"primaryImageOfPage\":{\"@id\":\"https:\/\/www.safinel.fr\/produit\/pineapple-moisture-mist\/#primaryimage\"},\"image\":{\"@id\":\"https:\/\/www.safinel.fr\/produit\/pineapple-moisture-mist\/#primaryimage\"},\"thumbnailUrl\":\"https:\/\/www.safinel.fr\/wp-content\/uploads\/2023\/05\/Pineapple-Moisture-Mist-Spray.jpg\",\"datePublished\":\"2023-05-21T10:27:49+00:00\",\"dateModified\":\"2025-03-10T10:04:25+00:00\",\"description\":\"Pineapple Moisture Mist est une brume capillaire \u00e0 la d\u00e9licieuse et fruit\u00e9e senteur d\u2019ananas. Cosm\u00e9tique pens\u00e9 pour les cheveux boucl\u00e9s, cr\u00e9pus et fris\u00e9s.\",\"breadcrumb\":{\"@id\":\"https:\/\/www.safinel.fr\/produit\/pineapple-moisture-mist\/#breadcrumb\"},\"inLanguage\":\"es\",\"potentialAction\":[{\"@type\":\"ReadAction\",\"target\":[\"https:\/\/www.safinel.fr\/produit\/pineapple-moisture-mist\/\"]}]},{\"@type\":\"ImageObject\",\"inLanguage\":\"es\",\"@id\":\"https:\/\/www.safinel.fr\/produit\/pineapple-moisture-mist\/#primaryimage\",\"url\":\"https:\/\/www.safinel.fr\/wp-content\/uploads\/2023\/05\/Pineapple-Moisture-Mist-Spray.jpg\",\"contentUrl\":\"https:\/\/www.safinel.fr\/wp-content\/uploads\/2023\/05\/Pineapple-Moisture-Mist-Spray.jpg\",\"width\":600,\"height\":600,\"caption\":\"Brume Pineapple Moisture Mist 250ml - Tropikal Bliss\"},{\"@type\":\"BreadcrumbList\",\"@id\":\"https:\/\/www.safinel.fr\/produit\/pineapple-moisture-mist\/#breadcrumb\",\"itemListElement\":[{\"@type\":\"ListItem\",\"position\":1,\"name\":\"Accueil\",\"item\":\"https:\/\/www.safinel.fr\/\"},{\"@type\":\"ListItem\",\"position\":2,\"name\":\"Boutique\",\"item\":\"https:\/\/www.safinel.fr\/boutique\/\"},{\"@type\":\"ListItem\",\"position\":3,\"name\":\"Brume Pineapple Moisture Mist 250ml &#8211; Tropikal Bliss\"}]},{\"@type\":\"WebSite\",\"@id\":\"https:\/\/www.safinel.fr\/#website\",\"url\":\"https:\/\/www.safinel.fr\/\",\"name\":\"Safinel\",\"description\":\"\",\"publisher\":{\"@id\":\"https:\/\/www.safinel.fr\/#organization\"},\"potentialAction\":[{\"@type\":\"SearchAction\",\"target\":{\"@type\":\"EntryPoint\",\"urlTemplate\":\"https:\/\/www.safinel.fr\/?s={search_term_string}\"},\"query-input\":{\"@type\":\"PropertyValueSpecification\",\"valueRequired\":true,\"valueName\":\"search_term_string\"}}],\"inLanguage\":\"es\"},{\"@type\":\"Organization\",\"@id\":\"https:\/\/www.safinel.fr\/#organization\",\"name\":\"Safinel\",\"url\":\"https:\/\/www.safinel.fr\/\",\"logo\":{\"@type\":\"ImageObject\",\"inLanguage\":\"es\",\"@id\":\"https:\/\/www.safinel.fr\/#\/schema\/logo\/image\/\",\"url\":\"https:\/\/www.safinel.fr\/wp-content\/uploads\/2021\/05\/boutique-cosmetique.png\",\"contentUrl\":\"https:\/\/www.safinel.fr\/wp-content\/uploads\/2021\/05\/boutique-cosmetique.png\",\"width\":800,\"height\":200,\"caption\":\"Safinel\"},\"image\":{\"@id\":\"https:\/\/www.safinel.fr\/#\/schema\/logo\/image\/\"}}]}<\/script>\n<!-- \/ Yoast SEO plugin. -->","yoast_head_json":{"title":"Pineapple Moisture Mist I Spray de zumo de pi\u00f1a y aceite de marula","description":"Pineapple Moisture Mist es una bruma capilar con un delicioso aroma afrutado a pi\u00f1a. Un cosm\u00e9tico dise\u00f1ado para cabellos rizados, encrespados y encrespados.","robots":{"index":"index","follow":"follow","max-snippet":"max-snippet:-1","max-image-preview":"max-image-preview:large","max-video-preview":"max-video-preview:-1"},"canonical":"https:\/\/www.safinel.fr\/es\/product-2\/niebla-hidratante-de-pina\/","og_locale":"es_ES","og_type":"article","og_title":"Pineapple Moisture Mist I Spray au jus d'ananas & huile de marula","og_description":"Pineapple Moisture Mist est une brume capillaire \u00e0 la d\u00e9licieuse et fruit\u00e9e senteur d\u2019ananas. Cosm\u00e9tique pens\u00e9 pour les cheveux boucl\u00e9s, cr\u00e9pus et fris\u00e9s.","og_url":"https:\/\/www.safinel.fr\/es\/product-2\/niebla-hidratante-de-pina\/","og_site_name":"Safinel","article_modified_time":"2025-03-10T10:04:25+00:00","og_image":[{"width":600,"height":600,"url":"https:\/\/www.safinel.fr\/wp-content\/uploads\/2023\/05\/Pineapple-Moisture-Mist-Spray.jpg","type":"image\/jpeg"}],"twitter_card":"summary_large_image","twitter_misc":{"Tiempo de lectura":"2 minutos"},"schema":{"@context":"https:\/\/schema.org","@graph":[{"@type":"WebPage","@id":"https:\/\/www.safinel.fr\/produit\/pineapple-moisture-mist\/","url":"https:\/\/www.safinel.fr\/produit\/pineapple-moisture-mist\/","name":"Pineapple Moisture Mist I Spray de zumo de pi\u00f1a y aceite de marula","isPartOf":{"@id":"https:\/\/www.safinel.fr\/#website"},"primaryImageOfPage":{"@id":"https:\/\/www.safinel.fr\/produit\/pineapple-moisture-mist\/#primaryimage"},"image":{"@id":"https:\/\/www.safinel.fr\/produit\/pineapple-moisture-mist\/#primaryimage"},"thumbnailUrl":"https:\/\/www.safinel.fr\/wp-content\/uploads\/2023\/05\/Pineapple-Moisture-Mist-Spray.jpg","datePublished":"2023-05-21T10:27:49+00:00","dateModified":"2025-03-10T10:04:25+00:00","description":"Pineapple Moisture Mist es una bruma capilar con un delicioso aroma afrutado a pi\u00f1a. Un cosm\u00e9tico dise\u00f1ado para cabellos rizados, encrespados y encrespados.","breadcrumb":{"@id":"https:\/\/www.safinel.fr\/produit\/pineapple-moisture-mist\/#breadcrumb"},"inLanguage":"es","potentialAction":[{"@type":"ReadAction","target":["https:\/\/www.safinel.fr\/produit\/pineapple-moisture-mist\/"]}]},{"@type":"ImageObject","inLanguage":"es","@id":"https:\/\/www.safinel.fr\/produit\/pineapple-moisture-mist\/#primaryimage","url":"https:\/\/www.safinel.fr\/wp-content\/uploads\/2023\/05\/Pineapple-Moisture-Mist-Spray.jpg","contentUrl":"https:\/\/www.safinel.fr\/wp-content\/uploads\/2023\/05\/Pineapple-Moisture-Mist-Spray.jpg","width":600,"height":600,"caption":"Brume Pineapple Moisture Mist 250ml - Tropikal Bliss"},{"@type":"BreadcrumbList","@id":"https:\/\/www.safinel.fr\/produit\/pineapple-moisture-mist\/#breadcrumb","itemListElement":[{"@type":"ListItem","position":1,"name":"Accueil","item":"https:\/\/www.safinel.fr\/"},{"@type":"ListItem","position":2,"name":"Boutique","item":"https:\/\/www.safinel.fr\/boutique\/"},{"@type":"ListItem","position":3,"name":"Brume Pineapple Moisture Mist 250ml &#8211; Tropikal Bliss"}]},{"@type":"WebSite","@id":"https:\/\/www.safinel.fr\/#website","url":"https:\/\/www.safinel.fr\/","name":"Safinel","description":"","publisher":{"@id":"https:\/\/www.safinel.fr\/#organization"},"potentialAction":[{"@type":"SearchAction","target":{"@type":"EntryPoint","urlTemplate":"https:\/\/www.safinel.fr\/?s={search_term_string}"},"query-input":{"@type":"PropertyValueSpecification","valueRequired":true,"valueName":"search_term_string"}}],"inLanguage":"es"},{"@type":"Organization","@id":"https:\/\/www.safinel.fr\/#organization","name":"Safinel","url":"https:\/\/www.safinel.fr\/","logo":{"@type":"ImageObject","inLanguage":"es","@id":"https:\/\/www.safinel.fr\/#\/schema\/logo\/image\/","url":"https:\/\/www.safinel.fr\/wp-content\/uploads\/2021\/05\/boutique-cosmetique.png","contentUrl":"https:\/\/www.safinel.fr\/wp-content\/uploads\/2021\/05\/boutique-cosmetique.png","width":800,"height":200,"caption":"Safinel"},"image":{"@id":"https:\/\/www.safinel.fr\/#\/schema\/logo\/image\/"}}]}},"_links":{"self":[{"href":"https:\/\/www.safinel.fr\/es\/wp-json\/wp\/v2\/product\/6113","targetHints":{"allow":["GET"]}}],"collection":[{"href":"https:\/\/www.safinel.fr\/es\/wp-json\/wp\/v2\/product"}],"about":[{"href":"https:\/\/www.safinel.fr\/es\/wp-json\/wp\/v2\/types\/product"}],"wp:featuredmedia":[{"embeddable":true,"href":"https:\/\/www.safinel.fr\/es\/wp-json\/wp\/v2\/media\/6114"}],"wp:attachment":[{"href":"https:\/\/www.safinel.fr\/es\/wp-json\/wp\/v2\/media?parent=6113"}],"wp:term":[{"taxonomy":"product_brand","embeddable":true,"href":"https:\/\/www.safinel.fr\/es\/wp-json\/wp\/v2\/product_brand?post=6113"},{"taxonomy":"product_cat","embeddable":true,"href":"https:\/\/www.safinel.fr\/es\/wp-json\/wp\/v2\/product_cat?post=6113"},{"taxonomy":"product_tag","embeddable":true,"href":"https:\/\/www.safinel.fr\/es\/wp-json\/wp\/v2\/product_tag?post=6113"}],"curies":[{"name":"wp","href":"https:\/\/api.w.org\/{rel}","templated":true}]}}