{"id":5928,"date":"2023-05-11T20:44:52","date_gmt":"2023-05-11T20:44:52","guid":{"rendered":"https:\/\/www.safinel.fr\/?post_type=product&#038;p=5928"},"modified":"2023-12-28T17:15:58","modified_gmt":"2023-12-28T17:15:58","slug":"aceite-de-mostaza","status":"publish","type":"product","link":"https:\/\/www.safinel.fr\/es\/product-2\/aceite-de-mostaza\/","title":{"rendered":"Aceite de mostaza 50 ml"},"content":{"rendered":"<p>\u00bfUna ensalada? \u00bfUna vinagreta? Seguramente te estar\u00e1s preguntando qu\u00e9 receta de la abuela te hemos preparado. Pues nada de eso. O al menos, \u00a1no de la forma que te imaginas! Pues s\u00ed,\u00a0<strong>aceite de mostaza\u00a0<\/strong>es super interesante... pero como\u00a0<strong>cosm\u00e9ticos<\/strong>\u00a0aqu\u00ed. Y sobre todo por la belleza de nuestro cabello.<\/p>\n<h2><strong>Aceite de mostaza cosm\u00e9tico: \u00a1nos interesa!\u00a0<\/strong><\/h2>\n<p><strong>Aceite de mostaza cosm\u00e9tico\u00a0<\/strong>se obtiene de las semillas de la planta de mostaza, miembro de la familia Brassicaceae. Procede principalmente de Alemania, Austria y Francia continental. La destilaci\u00f3n de las semillas es el proceso de producci\u00f3n m\u00e1s utilizado.<\/p>\n<p>Este remedio tiene siglos de antig\u00fcedad. Este\u00a0<strong>aceite vegetal\u00a0<\/strong>es muy popular en la India y el norte de \u00c1frica por sus efectos beneficiosos para el cuidado del cabello. Pero tambi\u00e9n por su acci\u00f3n antienvejecimiento debida a sus componentes isotiocianatos.<\/p>\n<p>As\u00ed que es cierto que, cuando la conoces por primera vez, puede que no aprecies su olor un tanto... pronunciado. Por supuesto, es mostaza, as\u00ed que es de esperar que tenga un olor muy caracter\u00edstico. Pero una vez mezclado con otros aceites, no te preocupes, \u00a1desaparece!<\/p>\n<h2><strong>Aceite de mostaza para el cabello: \u00a1tu nuevo secreto de belleza!\u00a0<\/strong><\/h2>\n<p>Rico en \u00e1cidos grasos esenciales,\u00a0<strong>aceite vegetal de mostaza<\/strong>\u00a0nutre la fibra capilar para aportar al cabello seco la hidrataci\u00f3n que necesita. Adem\u00e1s, tiene muchas otras propiedades, \u00a1que te vamos a contar ahora mismo!<\/p>\n<ul>\n<li>Gracias al \u00e1cido er\u00facico y al isotiocianato de alilo que contiene, estimula la circulaci\u00f3n sangu\u00ednea en el cuero cabelludo. Como resultado, tiene el poder de acelerar el crecimiento del cabello; ;<\/li>\n<li>Especialmente recomendado para cabellos finos, fr\u00e1giles y secos, ejerce una acci\u00f3n envolvente y fortalecedora de los largos. .<\/li>\n<li>Tambi\u00e9n es\u00a0<strong>anticaspa<\/strong>\u00a0y puede utilizarse para masajes o fricciones, o como parte de un r\u00e9gimen capilar habitual; ;<\/li>\n<li>Sin embargo, se recomienda mezclar\u00a0<strong>aceite de mostaza<\/strong>\u00a0con otros aceites antes de aplicarlo en el cuero cabelludo y utilizarlo con moderaci\u00f3n. Por ejemplo\u00a0<strong>aceite de br\u00f3coli<\/strong>, de\u00a0<a href=\"https:\/\/www.safinel.fr\/es\/product-2\/aceite-de-carapato\/\"><strong>carapate<\/strong><\/a>\u00a0o incluso\u00a0<a href=\"https:\/\/www.safinel.fr\/es\/product-2\/aceite-de-linaza-cabello\/\"><strong>lino<\/strong><\/a>.<\/li>\n<\/ul>\n<h3><strong>\u00bfC\u00f3mo puedo beneficiarme de las propiedades del aceite de mostaza? \u00a0<\/strong><\/h3>\n<p>Para aprovechar al m\u00e1ximo todas sus ventajas, \u00a1nada m\u00e1s sencillo!<\/p>\n<p>Nuestro precioso\u00a0<strong>elixir<\/strong>\u00a0La mostaza contiene betacarotenos, zinc, \u00e1cidos grasos omega-3, vitaminas A y E y acidez. Por qu\u00e9 es un producto eficaz<strong>\u00a0para el crecimiento del cabello.\u00a0<\/strong>Sus beneficios incluyen la prevenci\u00f3n de la ca\u00edda del cabello y la estimulaci\u00f3n de su crecimiento.<\/p>\n<p>Algunas sinergias incluyen el uso de aceites de cedro, lavanda, pomelo, palmarosa y pachul\u00ed para el crecimiento del cabello.<\/p>\n<p>De hecho, para beneficiarse de un tratamiento para el crecimiento del cabello, necesita :<\/p>\n<h3><strong>Ingredientes:<\/strong><\/h3>\n<ul>\n<li>2 cucharaditas de aceite de mostaza puro,<\/li>\n<li>1 cucharadita\u00a0<strong>jojoba<\/strong>,<\/li>\n<li>1 cucharadita de aceite de aguacate,<\/li>\n<li>5 gotas de aceite esencial de pomelo y otras tantas de aceite esencial de cedro del L\u00edbano.<\/li>\n<\/ul>\n<p>A continuaci\u00f3n, aplicar la mezcla sobre el cabello y el cuero cabelludo y dejar actuar durante veinte minutos antes de lavar con champ\u00fa.<\/p>","protected":false},"excerpt":{"rendered":"<p><img decoding=\"async\" class=\"size-full wp-image-5091 aligncenter\" src=\"https:\/\/www.safinel.fr\/wp-content\/uploads\/2021\/06\/BANNIERE-ICONE-SAFINEL.webp\" alt=\"reaseguro de sat\u00e9n\" width=\"800\" height=\"200\" srcset=\"https:\/\/www.safinel.fr\/wp-content\/uploads\/2021\/06\/BANNIERE-ICONE-SAFINEL.webp 800w, https:\/\/www.safinel.fr\/wp-content\/uploads\/2021\/06\/BANNIERE-ICONE-SAFINEL-600x150.webp 600w, https:\/\/www.safinel.fr\/wp-content\/uploads\/2021\/06\/BANNIERE-ICONE-SAFINEL-768x192.webp 768w\" sizes=\"(max-width: 800px) 100vw, 800px\" \/><\/p>","protected":false},"featured_media":5929,"template":"","meta":[],"product_brand":[],"product_cat":[122],"product_tag":[],"class_list":{"0":"post-5928","1":"product","2":"type-product","3":"status-publish","4":"has-post-thumbnail","6":"product_cat-huile-vegetale","8":"first","9":"instock","10":"shipping-taxable","11":"purchasable","12":"product-type-simple"},"yoast_head":"<!-- This site is optimized with the Yoast SEO plugin v26.6 - https:\/\/yoast.com\/wordpress\/plugins\/seo\/ -->\n<title>Huile de moutarde I Huile naturelle aux bienfaits nombreux<\/title>\n<meta name=\"description\" content=\"L&#039;huile de moutarde offre de nombreux avantages pour la sant\u00e9 et la beaut\u00e9. D\u00e9couvrez comment l&#039;incorporer dans votre routine quotidienne.\" \/>\n<meta name=\"robots\" content=\"index, follow, max-snippet:-1, max-image-preview:large, max-video-preview:-1\" \/>\n<link rel=\"canonical\" href=\"https:\/\/www.safinel.fr\/es\/product-2\/aceite-de-mostaza\/\" \/>\n<meta property=\"og:locale\" content=\"es_ES\" \/>\n<meta property=\"og:type\" content=\"article\" \/>\n<meta property=\"og:title\" content=\"Huile de moutarde I Huile naturelle aux bienfaits nombreux\" \/>\n<meta property=\"og:description\" content=\"L&#039;huile de moutarde offre de nombreux avantages pour la sant\u00e9 et la beaut\u00e9. D\u00e9couvrez comment l&#039;incorporer dans votre routine quotidienne.\" \/>\n<meta property=\"og:url\" content=\"https:\/\/www.safinel.fr\/es\/product-2\/aceite-de-mostaza\/\" \/>\n<meta property=\"og:site_name\" content=\"Safinel\" \/>\n<meta property=\"article:modified_time\" content=\"2023-12-28T17:15:58+00:00\" \/>\n<meta property=\"og:image\" content=\"https:\/\/www.safinel.fr\/wp-content\/uploads\/2023\/05\/huile-de-moutarde-1.jpg.webp\" \/>\n\t<meta property=\"og:image:width\" content=\"600\" \/>\n\t<meta property=\"og:image:height\" content=\"600\" \/>\n\t<meta property=\"og:image:type\" content=\"image\/webp\" \/>\n<meta name=\"twitter:card\" content=\"summary_large_image\" \/>\n<meta name=\"twitter:label1\" content=\"Tiempo de lectura\" \/>\n\t<meta name=\"twitter:data1\" content=\"3 minutos\" \/>\n<script type=\"application\/ld+json\" class=\"yoast-schema-graph\">{\"@context\":\"https:\/\/schema.org\",\"@graph\":[{\"@type\":\"WebPage\",\"@id\":\"https:\/\/www.safinel.fr\/produit\/huile-de-moutarde\/\",\"url\":\"https:\/\/www.safinel.fr\/produit\/huile-de-moutarde\/\",\"name\":\"Huile de moutarde I Huile naturelle aux bienfaits nombreux\",\"isPartOf\":{\"@id\":\"https:\/\/www.safinel.fr\/#website\"},\"primaryImageOfPage\":{\"@id\":\"https:\/\/www.safinel.fr\/produit\/huile-de-moutarde\/#primaryimage\"},\"image\":{\"@id\":\"https:\/\/www.safinel.fr\/produit\/huile-de-moutarde\/#primaryimage\"},\"thumbnailUrl\":\"https:\/\/www.safinel.fr\/wp-content\/uploads\/2023\/05\/huile-de-moutarde-1.jpg.webp\",\"datePublished\":\"2023-05-11T20:44:52+00:00\",\"dateModified\":\"2023-12-28T17:15:58+00:00\",\"description\":\"L'huile de moutarde offre de nombreux avantages pour la sant\u00e9 et la beaut\u00e9. D\u00e9couvrez comment l'incorporer dans votre routine quotidienne.\",\"breadcrumb\":{\"@id\":\"https:\/\/www.safinel.fr\/produit\/huile-de-moutarde\/#breadcrumb\"},\"inLanguage\":\"es\",\"potentialAction\":[{\"@type\":\"ReadAction\",\"target\":[\"https:\/\/www.safinel.fr\/produit\/huile-de-moutarde\/\"]}]},{\"@type\":\"ImageObject\",\"inLanguage\":\"es\",\"@id\":\"https:\/\/www.safinel.fr\/produit\/huile-de-moutarde\/#primaryimage\",\"url\":\"https:\/\/www.safinel.fr\/wp-content\/uploads\/2023\/05\/huile-de-moutarde-1.jpg.webp\",\"contentUrl\":\"https:\/\/www.safinel.fr\/wp-content\/uploads\/2023\/05\/huile-de-moutarde-1.jpg.webp\",\"width\":600,\"height\":600,\"caption\":\"Huile de moutarde 50ml\"},{\"@type\":\"BreadcrumbList\",\"@id\":\"https:\/\/www.safinel.fr\/produit\/huile-de-moutarde\/#breadcrumb\",\"itemListElement\":[{\"@type\":\"ListItem\",\"position\":1,\"name\":\"Accueil\",\"item\":\"https:\/\/www.safinel.fr\/\"},{\"@type\":\"ListItem\",\"position\":2,\"name\":\"Boutique\",\"item\":\"https:\/\/www.safinel.fr\/boutique\/\"},{\"@type\":\"ListItem\",\"position\":3,\"name\":\"Huile de moutarde 50ml\"}]},{\"@type\":\"WebSite\",\"@id\":\"https:\/\/www.safinel.fr\/#website\",\"url\":\"https:\/\/www.safinel.fr\/\",\"name\":\"Safinel\",\"description\":\"\",\"publisher\":{\"@id\":\"https:\/\/www.safinel.fr\/#organization\"},\"potentialAction\":[{\"@type\":\"SearchAction\",\"target\":{\"@type\":\"EntryPoint\",\"urlTemplate\":\"https:\/\/www.safinel.fr\/?s={search_term_string}\"},\"query-input\":{\"@type\":\"PropertyValueSpecification\",\"valueRequired\":true,\"valueName\":\"search_term_string\"}}],\"inLanguage\":\"es\"},{\"@type\":\"Organization\",\"@id\":\"https:\/\/www.safinel.fr\/#organization\",\"name\":\"Safinel\",\"url\":\"https:\/\/www.safinel.fr\/\",\"logo\":{\"@type\":\"ImageObject\",\"inLanguage\":\"es\",\"@id\":\"https:\/\/www.safinel.fr\/#\/schema\/logo\/image\/\",\"url\":\"https:\/\/www.safinel.fr\/wp-content\/uploads\/2021\/05\/boutique-cosmetique.png\",\"contentUrl\":\"https:\/\/www.safinel.fr\/wp-content\/uploads\/2021\/05\/boutique-cosmetique.png\",\"width\":800,\"height\":200,\"caption\":\"Safinel\"},\"image\":{\"@id\":\"https:\/\/www.safinel.fr\/#\/schema\/logo\/image\/\"}}]}<\/script>\n<!-- \/ Yoast SEO plugin. -->","yoast_head_json":{"title":"Aceite de mostaza I Aceite natural con numerosos beneficios","description":"El aceite de mostaza ofrece numerosos beneficios para la salud y la belleza. Descubre c\u00f3mo incorporarlo a tu rutina diaria.","robots":{"index":"index","follow":"follow","max-snippet":"max-snippet:-1","max-image-preview":"max-image-preview:large","max-video-preview":"max-video-preview:-1"},"canonical":"https:\/\/www.safinel.fr\/es\/product-2\/aceite-de-mostaza\/","og_locale":"es_ES","og_type":"article","og_title":"Huile de moutarde I Huile naturelle aux bienfaits nombreux","og_description":"L'huile de moutarde offre de nombreux avantages pour la sant\u00e9 et la beaut\u00e9. D\u00e9couvrez comment l'incorporer dans votre routine quotidienne.","og_url":"https:\/\/www.safinel.fr\/es\/product-2\/aceite-de-mostaza\/","og_site_name":"Safinel","article_modified_time":"2023-12-28T17:15:58+00:00","og_image":[{"width":600,"height":600,"url":"https:\/\/www.safinel.fr\/wp-content\/uploads\/2023\/05\/huile-de-moutarde-1.jpg.webp","type":"image\/webp"}],"twitter_card":"summary_large_image","twitter_misc":{"Tiempo de lectura":"3 minutos"},"schema":{"@context":"https:\/\/schema.org","@graph":[{"@type":"WebPage","@id":"https:\/\/www.safinel.fr\/produit\/huile-de-moutarde\/","url":"https:\/\/www.safinel.fr\/produit\/huile-de-moutarde\/","name":"Aceite de mostaza I Aceite natural con numerosos beneficios","isPartOf":{"@id":"https:\/\/www.safinel.fr\/#website"},"primaryImageOfPage":{"@id":"https:\/\/www.safinel.fr\/produit\/huile-de-moutarde\/#primaryimage"},"image":{"@id":"https:\/\/www.safinel.fr\/produit\/huile-de-moutarde\/#primaryimage"},"thumbnailUrl":"https:\/\/www.safinel.fr\/wp-content\/uploads\/2023\/05\/huile-de-moutarde-1.jpg.webp","datePublished":"2023-05-11T20:44:52+00:00","dateModified":"2023-12-28T17:15:58+00:00","description":"El aceite de mostaza ofrece numerosos beneficios para la salud y la belleza. Descubre c\u00f3mo incorporarlo a tu rutina diaria.","breadcrumb":{"@id":"https:\/\/www.safinel.fr\/produit\/huile-de-moutarde\/#breadcrumb"},"inLanguage":"es","potentialAction":[{"@type":"ReadAction","target":["https:\/\/www.safinel.fr\/produit\/huile-de-moutarde\/"]}]},{"@type":"ImageObject","inLanguage":"es","@id":"https:\/\/www.safinel.fr\/produit\/huile-de-moutarde\/#primaryimage","url":"https:\/\/www.safinel.fr\/wp-content\/uploads\/2023\/05\/huile-de-moutarde-1.jpg.webp","contentUrl":"https:\/\/www.safinel.fr\/wp-content\/uploads\/2023\/05\/huile-de-moutarde-1.jpg.webp","width":600,"height":600,"caption":"Huile de moutarde 50ml"},{"@type":"BreadcrumbList","@id":"https:\/\/www.safinel.fr\/produit\/huile-de-moutarde\/#breadcrumb","itemListElement":[{"@type":"ListItem","position":1,"name":"Accueil","item":"https:\/\/www.safinel.fr\/"},{"@type":"ListItem","position":2,"name":"Boutique","item":"https:\/\/www.safinel.fr\/boutique\/"},{"@type":"ListItem","position":3,"name":"Huile de moutarde 50ml"}]},{"@type":"WebSite","@id":"https:\/\/www.safinel.fr\/#website","url":"https:\/\/www.safinel.fr\/","name":"Safinel","description":"","publisher":{"@id":"https:\/\/www.safinel.fr\/#organization"},"potentialAction":[{"@type":"SearchAction","target":{"@type":"EntryPoint","urlTemplate":"https:\/\/www.safinel.fr\/?s={search_term_string}"},"query-input":{"@type":"PropertyValueSpecification","valueRequired":true,"valueName":"search_term_string"}}],"inLanguage":"es"},{"@type":"Organization","@id":"https:\/\/www.safinel.fr\/#organization","name":"Safinel","url":"https:\/\/www.safinel.fr\/","logo":{"@type":"ImageObject","inLanguage":"es","@id":"https:\/\/www.safinel.fr\/#\/schema\/logo\/image\/","url":"https:\/\/www.safinel.fr\/wp-content\/uploads\/2021\/05\/boutique-cosmetique.png","contentUrl":"https:\/\/www.safinel.fr\/wp-content\/uploads\/2021\/05\/boutique-cosmetique.png","width":800,"height":200,"caption":"Safinel"},"image":{"@id":"https:\/\/www.safinel.fr\/#\/schema\/logo\/image\/"}}]}},"_links":{"self":[{"href":"https:\/\/www.safinel.fr\/es\/wp-json\/wp\/v2\/product\/5928","targetHints":{"allow":["GET"]}}],"collection":[{"href":"https:\/\/www.safinel.fr\/es\/wp-json\/wp\/v2\/product"}],"about":[{"href":"https:\/\/www.safinel.fr\/es\/wp-json\/wp\/v2\/types\/product"}],"wp:featuredmedia":[{"embeddable":true,"href":"https:\/\/www.safinel.fr\/es\/wp-json\/wp\/v2\/media\/5929"}],"wp:attachment":[{"href":"https:\/\/www.safinel.fr\/es\/wp-json\/wp\/v2\/media?parent=5928"}],"wp:term":[{"taxonomy":"product_brand","embeddable":true,"href":"https:\/\/www.safinel.fr\/es\/wp-json\/wp\/v2\/product_brand?post=5928"},{"taxonomy":"product_cat","embeddable":true,"href":"https:\/\/www.safinel.fr\/es\/wp-json\/wp\/v2\/product_cat?post=5928"},{"taxonomy":"product_tag","embeddable":true,"href":"https:\/\/www.safinel.fr\/es\/wp-json\/wp\/v2\/product_tag?post=5928"}],"curies":[{"name":"wp","href":"https:\/\/api.w.org\/{rel}","templated":true}]}}